{"id":7672,"date":"2019-07-16T19:06:36","date_gmt":"2019-07-16T19:06:36","guid":{"rendered":"https:\/\/www.chandlerrosslaw.com\/?page_id=7672"},"modified":"2026-02-04T19:51:51","modified_gmt":"2026-02-04T19:51:51","slug":"lesion-laboral","status":"publish","type":"page","link":"https:\/\/www.chandlerrosslaw.com\/es\/workplace-injury\/","title":{"rendered":"Lesiones laborales"},"content":{"rendered":"<h1 class=\"wp-block-heading\">Denton, Texas Abogados de accidentes laborales no abonados<\/h1>\n\n\n\n<div style=\"height:20px\" aria-hidden=\"true\" class=\"wp-block-spacer\"><\/div>\n\n\n\n<h4 class=\"wp-block-heading\"><strong>Lesiones en el lugar de trabajo<\/strong><\/h4>\n\n\n\n<p>Seg\u00fan el Consejo Nacional de Seguridad, cada 7 segundos, un <a href=\"https:\/\/www.chandlerrosslaw.com\/es\/condado-de-denton\/abogados-especializados-en-lesiones-laborales\/\">un trabajador sufre un accidente laboral<\/a>, y casi 13 000 trabajadores estadounidenses sufren lesiones cada d\u00eda.<\/p>\n\n\n\n<figure class=\"wp-block-image\"><a href=\"https:\/\/www.chandlerrosslaw.com\/wp-content\/uploads\/2019\/07\/wk1.png\"><img loading=\"lazy\" decoding=\"async\" width=\"897\" height=\"902\" src=\"https:\/\/www.chandlerrosslaw.com\/wp-content\/uploads\/2019\/07\/wk1.png\" alt=\"Lesiones laborales Dallas\" class=\"wp-image-7673\" srcset=\"https:\/\/www.chandlerrosslaw.com\/wp-content\/uploads\/2019\/07\/wk1.png 897w, https:\/\/www.chandlerrosslaw.com\/wp-content\/uploads\/2019\/07\/wk1-150x150.png 150w, https:\/\/www.chandlerrosslaw.com\/wp-content\/uploads\/2019\/07\/wk1-298x300.png 298w, https:\/\/www.chandlerrosslaw.com\/wp-content\/uploads\/2019\/07\/wk1-768x772.png 768w\" sizes=\"auto, (max-width: 897px) 100vw, 897px\" \/><\/a><\/figure>\n\n\n\n<p>De hecho, los empleados pueden sufrir lesiones laborales en cualquier entorno, pero los trabajos en almacenes, plantas de fabricaci\u00f3n, obras de construcci\u00f3n, f\u00e1bricas, restaurantes, bares, tiendas de comestibles, minoristas y otros entornos industriales con equipos pesados (es decir, carretillas elevadoras, excavadoras y volquetes), mercanc\u00edas pesadas y\/o locales con un mantenimiento inadecuado, tienen m\u00e1s peligros inherentes que otras l\u00edneas de trabajo debido a los equipos extremadamente pesados, los materiales peligrosos, las condiciones peligrosas de los locales y otros aspectos potencialmente peligrosos de los trabajos.<\/p>\n\n\n\n<figure class=\"wp-block-image\"><a href=\"https:\/\/www.chandlerrosslaw.com\/wp-content\/uploads\/2019\/07\/wk2.png\"><img loading=\"lazy\" decoding=\"async\" width=\"880\" height=\"405\" src=\"https:\/\/www.chandlerrosslaw.com\/wp-content\/uploads\/2019\/07\/wk2.png\" alt=\"Lesiones laborales Dallas Fort Worth\" class=\"wp-image-7674\" srcset=\"https:\/\/www.chandlerrosslaw.com\/wp-content\/uploads\/2019\/07\/wk2.png 880w, https:\/\/www.chandlerrosslaw.com\/wp-content\/uploads\/2019\/07\/wk2-300x138.png 300w, https:\/\/www.chandlerrosslaw.com\/wp-content\/uploads\/2019\/07\/wk2-768x353.png 768w\" sizes=\"auto, (max-width: 880px) 100vw, 880px\" \/><\/a><\/figure>\n\n\n\n<h4 class=\"wp-block-heading\"><strong>No abonados e indemnizaci\u00f3n laboral<\/strong><\/h4>\n\n\n\n<p>Cuando un <a href=\"https:\/\/www.chandlerrosslaw.com\/es\/dallas\/abogados-especializados-en-lesiones-laborales\/\">Un empleado se lesiona en el trabajo.<\/a>, las opciones legales var\u00edan seg\u00fan las circunstancias y si el empleador cuenta con un seguro de compensaci\u00f3n laboral. En Texas, muchas empresas cuentan con cobertura de compensaci\u00f3n laboral, y si su empleador la tiene, usted puede <strong><em>no<\/em><\/strong> puede presentar una demanda por lesiones personales contra ellos si resulta herido. Sin embargo, hay numerosas circunstancias en las que se pueden emprender acciones legales ante los tribunales. Por ejemplo, puede presentar una reclamaci\u00f3n por accidente laboral si su empleador no cuenta con un seguro de compensaci\u00f3n laboral o si su lesi\u00f3n fue causada por un tercero, como un conductor comercial, un equipo defectuoso, un contratista, un subcontratista o un fabricante de equipos.<\/p>\n\n\n\n<p>Seg\u00fan la ley Texas, los empresarios <strong><u>no<\/u><\/strong> obligados a proporcionar prestaciones de compensaci\u00f3n a los trabajadores a sus empleados.  Los empresarios que eligen participar en la Ley de Indemnizaci\u00f3n por Accidentes Laborales Texas reciben protecci\u00f3n frente a las reclamaciones de los empleados lesionados.  Esto se conoce como la disposici\u00f3n de recurso exclusivo de la Ley de Compensaci\u00f3n de los Trabajadores Texas.  Esencialmente, un empleado lesionado al que se le garantice la cobertura del seguro de compensaci\u00f3n de los trabajadores ser\u00e1 <strong><em>barrado<\/em><\/strong> de interponer una demanda (por negligencia) contra su empleador. En teor\u00eda, la compensaci\u00f3n de los trabajadores existe para proporcionar a los empleados el apoyo financiero y laboral necesario para recuperarse de sus lesiones. Las prestaciones de compensaci\u00f3n a los trabajadores son <strong><em>exclusivo<\/em><\/strong> recurso contra los empleadores que participan en el sistema. La ventaja para los trabajadores es que no tienen que demostrar la culpabilidad del empresario para recuperar las prestaciones, pero la desventaja es que el empleado lesionado no puede presentar una demanda o solicitar una indemnizaci\u00f3n directamente a su empresario por negligencia.<\/p>\n\n\n\n<p>Sin embargo, si su empleador no est\u00e1 suscrito a la compensaci\u00f3n de los trabajadores, se le considera un \"no suscriptor\".  Muchos de los mayores empleadores de Texas, como Academy Sports and Outdoors, Best Buy, Big Lots, HEB, Wal-Mart, Kroger, Petsmart, Home Depot, Sears, Target y Whole Foods, no tienen seguro de indemnizaci\u00f3n por accidentes de trabajo. Estas empresas se conocen como no suscriptores, y los casos en los que los trabajadores se lesionan mientras trabajan para no suscriptores se conocen como casos de no suscriptores.&nbsp;<\/p>\n\n\n\n<p>De hecho, los no abonados pierden importantes protecciones legales (conocidas como defensas de derecho com\u00fan), incluida la negligencia contributiva, frente a la mayor\u00eda de las demandas de los empleados lesionados. Tambi\u00e9n podr\u00edan verse obligados a pagar elevadas indemnizaciones por da\u00f1os y perjuicios si un empleado lesionado puede demostrar ante un tribunal que el empresario fue negligente al <strong><em>cualquier<\/em><\/strong> manera. Esto significa que, como empleado, no se le proporciona un m\u00e9todo \u00e1gil para solicitar una indemnizaci\u00f3n por sus lesiones, pero tambi\u00e9n significa que su empleador no est\u00e1 protegido frente a las demandas. <strong>De hecho, si se determina que el empresario s\u00f3lo tiene 1% de culpa en la causa de la lesi\u00f3n, el empresario no suscriptor puede ser considerado responsable de 100% de los da\u00f1os.<\/strong> Por lo tanto, si su empresario no est\u00e1 suscrito, puede presentar una demanda contra \u00e9l para recibir una indemnizaci\u00f3n completa de su empleador a trav\u00e9s de los tribunales por sus lesiones laborales.<\/p>\n\n\n\n<p>Si usted se ha lesionado en el trabajo y su empleador es considerado no suscriptor, Chandler | Ross, PLLC y nuestros abogados especializados en lesiones laborales no suscriptoras pueden ayudarle a buscar una indemnizaci\u00f3n mediante <a href=\"https:\/\/www.chandlerrosslaw.com\/es\/danos-personales\/\">presentar una demanda por lesiones personales<\/a> contra el empresario.<\/p>\n\n\n\n<h4 class=\"wp-block-heading\"><strong>Lesiones y riesgos laborales comunes<\/strong><\/h4>\n\n\n\n<p>Los accidentes laborales pueden afectar a un empleado o a un gran grupo de personas, dependiendo de la naturaleza del accidente. Las v\u00edctimas pueden sufrir diversas lesiones, entre ellas:<\/p>\n\n\n\n<ul class=\"wp-block-list\">\n<li>Lesiones medulares<\/li>\n\n\n\n<li>Huesos rotos o fracturados<\/li>\n\n\n\n<li>Quemaduras<\/li>\n\n\n\n<li>Electrocuci\u00f3n<\/li>\n\n\n\n<li>Miembros amputados<\/li>\n\n\n\n<li>Lesiones cerebrales<\/li>\n\n\n\n<li>Muerte<\/li>\n<\/ul>\n\n\n\n<p>Los accidentes laborales suelen ser consecuencia de peligros comunes como:<\/p>\n\n\n\n<ul class=\"wp-block-list\">\n<li>Sobreesfuerzo<\/li>\n\n\n\n<li>Contacto con objetos y equipos<\/li>\n\n\n\n<li>Resbalones, tropiezos y ca\u00eddas<\/li>\n\n\n\n<li>Condiciones defectuosas y\/o inseguras en los locales<\/li>\n\n\n\n<li>Suelos y\/o terrenos resbaladizos<\/li>\n\n\n\n<li>Contrataci\u00f3n, formaci\u00f3n y\/o supervisi\u00f3n inadecuadas<\/li>\n\n\n\n<li>Maquinaria y equipos pesados<\/li>\n\n\n\n<li>Uso inadecuado de maquinaria y\/o equipos<\/li>\n\n\n\n<li>Maquinaria y\/o equipos defectuosos<\/li>\n\n\n\n<li>No inspeccionar la maquinaria y\/o el equipo<\/li>\n\n\n\n<li>Falta de mantenimiento de la maquinaria y\/o equipos<\/li>\n\n\n\n<li>No proporcionar los instrumentos adecuados para el trabajo<\/li>\n\n\n\n<li>Vertidos<\/li>\n\n\n\n<li>Explosiones en plantas<\/li>\n\n\n\n<li>Incendios<\/li>\n\n\n\n<li>Descarga el\u00e9ctrica<\/li>\n\n\n\n<li>Ca\u00edda de mercanc\u00edas, objetos y escombros<\/li>\n\n\n\n<li>Derrumbe de andamios<\/li>\n\n\n\n<li>Resbalones y ca\u00eddas<\/li>\n\n\n\n<li>Infracciones de la OSHA<\/li>\n\n\n\n<li>Equipo de seguridad inadecuado o defectuoso<\/li>\n\n\n\n<li>Formaci\u00f3n insuficiente de los empleados en materia de seguridad<\/li>\n\n\n\n<li>No seguir los procedimientos de seguridad<\/li>\n\n\n\n<li>No disponer y\/o no exigir formaci\u00f3n especializada y licencias<\/li>\n<\/ul>\n\n\n\n<figure class=\"wp-block-image\"><a href=\"https:\/\/www.chandlerrosslaw.com\/wp-content\/uploads\/2019\/07\/wk3.png\"><img loading=\"lazy\" decoding=\"async\" width=\"906\" height=\"623\" src=\"https:\/\/www.chandlerrosslaw.com\/wp-content\/uploads\/2019\/07\/wk3.png\" alt=\"Dallas Abogado de lesiones laborales\" class=\"wp-image-7675\" srcset=\"https:\/\/www.chandlerrosslaw.com\/wp-content\/uploads\/2019\/07\/wk3.png 906w, https:\/\/www.chandlerrosslaw.com\/wp-content\/uploads\/2019\/07\/wk3-300x206.png 300w, https:\/\/www.chandlerrosslaw.com\/wp-content\/uploads\/2019\/07\/wk3-768x528.png 768w\" sizes=\"auto, (max-width: 906px) 100vw, 906px\" \/><\/a><\/figure>\n\n\n\n<p>Lamentablemente, muchos de estos accidentes provocan lesiones catastr\u00f3ficas, dejando a los trabajadores con costosas facturas m\u00e9dicas y tiempo de trabajo perdido, y por desgracia, la negligencia del empleador es la culpable de muchas lesiones en el lugar de trabajo; cuando este es el caso, usted puede ser elegible para presentar una demanda contra la parte negligente. Tras un accidente laboral, es vital contar con una representaci\u00f3n legal fuerte y eficaz que proteja sus derechos y le ayude a obtener una indemnizaci\u00f3n por sus lesiones y p\u00e9rdidas.<\/p>\n\n\n\n<p><strong>P\u00f3ngase en contacto con nuestro N<\/strong><strong>on-Suscriptor Lugar de trabajo <\/strong><strong>Abogados de lesiones en Chandler | Ross PLLC. Con oficinas en Denton, Dallas, y Fort Worth, estamos bien posicionados para proporcionar la representaci\u00f3n m\u00e1s eficaz y altamente cualificada posible.  No espere, y no se comprometa - p\u00f3ngase en contacto con nosotros hoy para una Evaluaci\u00f3n Gratuita de su Caso y vea c\u00f3mo podemos ayudarle.  En la mayor\u00eda de los casos, usted no paga nada a menos que resolvamos su caso o ganemos un veredicto.&nbsp;&nbsp;<\/strong><a href=\"https:\/\/www.chandlerrosslaw.com\/es\/pongase-en-contacto-con\/\"><strong>Contacte con nosotros<\/strong><\/a><strong>&nbsp;ahora en el (940)-800-2500 o <\/strong><a href=\"mailto:support@chandlerrosslaw.com\"><strong>support@chandlerrosslaw.com<\/strong><\/a><strong> para programar la evaluaci\u00f3n y consulta gratuita de su caso de lesiones personales.<\/strong><\/p>","protected":false},"excerpt":{"rendered":"<p>Denton, Texas Abogados no suscriptores de lesiones laborales Lesiones en el lugar de trabajo Seg\u00fan el Consejo Nacional de Seguridad, cada 7 segundos se lesiona un trabajador en el trabajo, y casi 13.000 trabajadores estadounidenses sufren lesiones cada d\u00eda. De hecho, los empleados pueden sufrir lesiones laborales en cualquier entorno, pero los trabajos en almacenes, plantas de fabricaci\u00f3n, obras de construcci\u00f3n, f\u00e1bricas...<\/p>","protected":false},"author":1,"featured_media":17448,"parent":0,"menu_order":0,"comment_status":"closed","ping_status":"closed","template":"","meta":{"_acf_changed":false,"footnotes":""},"class_list":["post-7672","page","type-page","status-publish","has-post-thumbnail","hentry"],"acf":[],"_links":{"self":[{"href":"https:\/\/www.chandlerrosslaw.com\/es\/wp-json\/wp\/v2\/pages\/7672","targetHints":{"allow":["GET"]}}],"collection":[{"href":"https:\/\/www.chandlerrosslaw.com\/es\/wp-json\/wp\/v2\/pages"}],"about":[{"href":"https:\/\/www.chandlerrosslaw.com\/es\/wp-json\/wp\/v2\/types\/page"}],"author":[{"embeddable":true,"href":"https:\/\/www.chandlerrosslaw.com\/es\/wp-json\/wp\/v2\/users\/1"}],"replies":[{"embeddable":true,"href":"https:\/\/www.chandlerrosslaw.com\/es\/wp-json\/wp\/v2\/comments?post=7672"}],"version-history":[{"count":5,"href":"https:\/\/www.chandlerrosslaw.com\/es\/wp-json\/wp\/v2\/pages\/7672\/revisions"}],"predecessor-version":[{"id":19114,"href":"https:\/\/www.chandlerrosslaw.com\/es\/wp-json\/wp\/v2\/pages\/7672\/revisions\/19114"}],"wp:featuredmedia":[{"embeddable":true,"href":"https:\/\/www.chandlerrosslaw.com\/es\/wp-json\/wp\/v2\/media\/17448"}],"wp:attachment":[{"href":"https:\/\/www.chandlerrosslaw.com\/es\/wp-json\/wp\/v2\/media?parent=7672"}],"curies":[{"name":"wp","href":"https:\/\/api.w.org\/{rel}","templated":true}]}}