{"id":7114,"date":"2019-05-06T07:22:09","date_gmt":"2019-05-06T07:22:09","guid":{"rendered":"https:\/\/www.chandlerrosslaw.com\/?page_id=7114"},"modified":"2025-06-30T23:35:27","modified_gmt":"2025-06-30T23:35:27","slug":"accidente-por-conducir-ebrio","status":"publish","type":"page","link":"https:\/\/www.chandlerrosslaw.com\/es\/accidente-por-conducir-ebrio\/","title":{"rendered":"Accidente por conducir ebrio"},"content":{"rendered":"<h1 class=\"wp-block-heading\">Denton Abogados de conductores ebrios<\/h1>\n\n\n\n<h2 class=\"wp-block-heading\"><em>Texas Abogados de accidentes por conducir ebrio al servicio de Denton, Texas<\/em><\/h2>\n\n\n\n<p>La conducci\u00f3n bajo los efectos del alcohol sigue siendo un problema importante en las carreteras de Texas. Seg\u00fan el Departamento de Transporte de Texas (TXDOT), en 2023 murieron 1.090 personas en accidentes en los que estaba implicado al menos un conductor ebrio.<\/p>\n\n\n\n<p>Todos los conductores que circulen por las carreteras Texas tienen el deber legal de conducir de forma que se proteja contra <a href=\"https:\/\/www.chandlerrosslaw.com\/es\/accidentes-de-trafico\/\">accidentes evitables<\/a>. La conducci\u00f3n bajo los efectos del alcohol merma la capacidad del conductor para conducir con seguridad. Beber reduce la capacidad del conductor para detectar peligros en la calzada o para reaccionar a tiempo para evitar un accidente. La capacidad para juzgar la velocidad y la distancia se ve mermada. Los conductores pueden no comprender lo cerca que est\u00e1 de su veh\u00edculo otro coche, un ciclista o un peat\u00f3n. Beber tambi\u00e9n ralentiza la velocidad de reacci\u00f3n. Incluso si un conductor ebrio detecta un peligro, puede no reaccionar a tiempo para evitarlo.&nbsp;<\/p>\n\n\n\n<p>Beber y conducir son una combinaci\u00f3n mortal. Si usted o un ser querido ha resultado herido o muerto por culpa de un conductor ebrio, p\u00f3ngase en contacto con un <a href=\"https:\/\/www.chandlerrosslaw.com\/es\/\">abogado experto en accidentes por conducir ebrio Denton<\/a> hoy.&nbsp;<\/p>\n\n\n\n<h2 class=\"wp-block-heading\">Estad\u00edsticas de lesiones y accidentes por DUI<\/h2>\n\n\n\n<p>La Administraci\u00f3n Nacional de Seguridad del Tr\u00e1fico en Carretera (NHTSA) calcula que 12.429 residentes en EE.UU. murieron en accidentes por conducir ebrios en 2023. De media, 34 personas en todo el pa\u00eds pierden la vida en estos accidentes cada d\u00eda, aproximadamente una cada 42 minutos.&nbsp;<\/p>\n\n\n\n<p>La embriaguez de un conductor se mide por la concentraci\u00f3n de alcohol en sangre, o BAC. En Texas y otros estados, el l\u00edmite legal de alcoholemia para conducir un veh\u00edculo a motor es de 0,08 por ciento.&nbsp;<\/p>\n\n\n\n<p>Sin embargo, las investigaciones de la NHTSA se\u00f1alan que los conductores pueden perder el control de los m\u00fasculos peque\u00f1os, mostrar alteraciones del juicio, perder cierta capacidad para seguir objetivos en movimiento y experimentar una capacidad reducida para hacer dos cosas a la vez -como conducir un coche y mirar la carretera- con una tasa de alcoholemia tan baja como 0,02%.&nbsp;<\/p>\n\n\n\n<p>Por encima del 0,08 por ciento, casi todos los conductores muestran signos visibles de deficiencia lo suficientemente importantes como para impedirles conducir un veh\u00edculo de forma segura. Sin embargo, seg\u00fan el Consejo Nacional de Seguridad (NSC, por sus siglas en ingl\u00e9s), en la mayor\u00eda de los accidentes por conducir ebrio est\u00e1n implicados conductores con una tasa de alcoholemia superior al 0,08 por ciento. En 2022, por ejemplo, el 31,9% de todas las muertes en accidentes de tr\u00e1fico fueron causadas por un conductor con una tasa de alcoholemia igual o superior al 0,08%. Alrededor del 5,5 por ciento de las muertes fueron causadas por un conductor con una tasa de alcoholemia entre 0,01 y 0,07 por ciento. (En el resto de muertes en accidente no estaba implicado el alcohol).<\/p>\n\n\n\n<p>Estas cifras sugieren que el \"l\u00edmite legal\" de consumo de alcohol para los conductores no es el \"l\u00edmite seguro\". Un conductor con una tasa de alcoholemia inferior al l\u00edmite legal puede, aun as\u00ed, provocar un accidente mortal o lesiones graves. Los conductores con una tasa de alcoholemia superior al l\u00edmite legal suelen estar visiblemente alterados, pero deciden ponerse al volante de todos modos. Cuando provocan un accidente, otros pagan el precio.&nbsp;<\/p>\n\n\n\n<h2 class=\"wp-block-heading\">Texas Estad\u00edsticas de conducci\u00f3n bajo los efectos del alcohol<\/h2>\n\n\n\n<p>Las 1.090 personas muertas en accidentes por conducci\u00f3n bajo los efectos del alcohol en 2023 representan el 25,45% de todos los fallecidos en las carreteras ese a\u00f1o, seg\u00fan el TXDOT. Por lo tanto, la conducci\u00f3n bajo los efectos del alcohol tiene un impacto desproporcionado en las estad\u00edsticas de muertes en carretera, ya que menos de uno de cada cuatro conductores est\u00e1 ebrio en un momento dado.<\/p>\n\n\n\n<p>En 2020 se produjo un brusco cambio de tendencia en la conducci\u00f3n bajo los efectos del alcohol en Texas. Entre 2014 y 2019, el estado hizo un progreso lento pero constante en la disminuci\u00f3n del n\u00famero de muertes y lesiones graves por conducir ebrio. En 2020, sin embargo, las tasas de mortalidad se dispararon. Volvieron a subir en 2021 y 2022. Aunque en 2023 se produjo un descenso en el total de muertes, su recuento total sigui\u00f3 siendo superior al de cualquier a\u00f1o entre 2014 y 2019.<\/p>\n\n\n\n<p>Seg\u00fan el TXDOT, los accidentes por conducci\u00f3n bajo los efectos del alcohol fueron los m\u00e1s comunes en 2023:<\/p>\n\n\n\n<ul class=\"wp-block-list\">\n<li><strong>Por la ma\u00f1ana temprano. <\/strong>Las colisiones relacionadas con el alcohol fueron m\u00e1s frecuentes entre las 2:00 y las 3:00 de la madrugada que a cualquier otra hora.<\/li>\n\n\n\n<li><strong>Los domingos. <\/strong>El mayor n\u00famero de colisiones por conducci\u00f3n bajo los efectos del alcohol en Texas se produjo los domingos de 2023.&nbsp;<\/li>\n<\/ul>\n\n\n\n<p>Sin embargo, las colisiones por conducir ebrio pueden ocurrir y ocurren a cualquier hora del d\u00eda y cualquier d\u00eda de la semana. Cuando ocurren, es importante recurrir a un abogado experto en accidentes por conducci\u00f3n bajo los efectos del alcohol Denton para que le ayude a proteger sus derechos legales.&nbsp;<\/p>\n\n\n\n<h2 class=\"wp-block-heading\">Estad\u00edsticas de conducci\u00f3n bajo los efectos del alcohol en los condados de Denton y Denton<\/h2>\n\n\n\n<p>Todos los pueblos, ciudades y condados Texas se ven afectados por los accidentes, lesiones y muertes provocadas por la conducci\u00f3n bajo los efectos del alcohol. Denton no es una excepci\u00f3n.&nbsp;<\/p>\n\n\n\n<p>En 2023, el Departamento de Transporte de Texas registr\u00f3 cuatro colisiones mortales por conducir ebrio en Denton, que se cobraron un total de cuatro vidas. En Denton tambi\u00e9n se produjeron siete colisiones por conducir ebrio que causaron heridas graves a diez personas. Otras 27 colisiones por conducir ebrio causaron 37 heridos leves o moderados. En total, en Denton se produjeron 151 colisiones relacionadas con la conducci\u00f3n bajo los efectos del alcohol en 2023.&nbsp;<\/p>\n\n\n\n<p>En la vecina <a href=\"https:\/\/www.chandlerrosslaw.com\/es\/dallas\/abogado-de-accidentes-de-coche-2\/#:~:text=Drunk%20and%20Distracted%20Driving\">Dallas, Texas<\/a> registraron cifras a\u00fan m\u00e1s elevadas: 72 muertos y 93 heridos graves en 986 colisiones totales relacionadas con la conducci\u00f3n bajo los efectos del alcohol. <a href=\"https:\/\/www.chandlerrosslaw.com\/es\/fort-worth\/abogado-de-accidentes-de-coche-2\/#:~:text=Fort%20Worth%20Drunk%20and%20Drugged%20Driving%20Accidents\">Fort Worth<\/a>Las cifras del Dallas cayeron entre las del Denton, con 23 muertos y 26 heridos graves en 469 colisiones totales.<\/p>\n\n\n\n<p>Nadie en el Texas est\u00e1 aislado del impacto de la conducci\u00f3n bajo los efectos del alcohol. Incluso los conductores, pasajeros, ciclistas o <a href=\"https:\/\/www.chandlerrosslaw.com\/es\/accidente-de-peaton\/\">los peatones pueden morir o resultar gravemente heridos<\/a> por la decisi\u00f3n de otra persona de beber y conducir. Si ha resultado herido o ha perdido a un ser querido, <a href=\"https:\/\/www.chandlerrosslaw.com\/es\/pongase-en-contacto-con\/\">hable con un abogado especializado en lesiones por DUI Denton<\/a> hoy.&nbsp;<\/p>\n\n\n\n<h2 class=\"wp-block-heading\">Indemnizaci\u00f3n por accidentes causados por conductores ebrios<\/h2>\n\n\n\n<p>Aunque los fiscales pueden decidir castigar penalmente a un conductor ebrio negligente, no compensan a la v\u00edctima del conductor ebrio. Ah\u00ed es donde intervienen nuestros experimentados abogados especializados en accidentes por conducci\u00f3n bajo los efectos del alcohol Denton y trabajan agresivamente en su nombre.  Recopilaremos informes policiales, fotos, declaraciones de testigos, realizaremos inspecciones del veh\u00edculo, recogeremos otras pruebas y presentaremos reclamaciones a las compa\u00f1\u00edas de seguros correspondientes. Nuestros abogados de accidentes por conducci\u00f3n bajo los efectos del alcohol tambi\u00e9n pueden presentar demandas contra las partes negligentes para garantizar que usted y su familia obtengan la indemnizaci\u00f3n que usted y\/o su familia tienen derecho a recibir.<\/p>\n\n\n\n<p>Aunque lo primero en lo que podr\u00eda pensar en relaci\u00f3n con la indemnizaci\u00f3n potencial por accidentes causados por conductores ebrios es el coste de reparar o sustituir su veh\u00edculo da\u00f1ado, la indemnizaci\u00f3n por sus lesiones personales puede ser mucho mayor. La compensaci\u00f3n financiera potencial incluye facturas m\u00e9dicas pasadas y futuras, salarios perdidos, p\u00e9rdida de ingresos futuros, dolor y sufrimiento, angustia mental y, potencialmente, desfiguraci\u00f3n e incluso da\u00f1os punitivos. Esta indemnizaci\u00f3n tambi\u00e9n puede estar disponible para cualquier familiar o pasajero herido en el veh\u00edculo.&nbsp;<\/p>\n\n\n\n<h2 class=\"wp-block-heading\">Lesiones causadas por accidentes de tr\u00e1fico en estado de embriaguez<\/h2>\n\n\n\n<p>Los accidentes por conducir ebrio causan lesiones notoriamente horribles que pueden provocar discapacidades de por vida. Algunas de las lesiones causadas por conductores ebrios incluyen:<\/p>\n\n\n\n<ul class=\"wp-block-list\">\n<li><a href=\"https:\/\/www.chandlerrosslaw.com\/es\/muerte-por-negligencia\/\">Muerte por negligencia<\/a><\/li>\n\n\n\n<li><a href=\"https:\/\/www.chandlerrosslaw.com\/es\/lesion-cerebral-traumatica\/\">Lesiones cerebrales traum\u00e1ticas<\/a><\/li>\n\n\n\n<li>Lesiones medulares<\/li>\n\n\n\n<li><a href=\"https:\/\/www.chandlerrosslaw.com\/es\/lesion-de-espalda-cuello\/\">Lesiones de espalda y\/o cuello<\/a><\/li>\n\n\n\n<li>Conmociones cerebrales<\/li>\n\n\n\n<li>Desfiguraci\u00f3n<\/li>\n\n\n\n<li>Huesos rotos<\/li>\n\n\n\n<li><a href=\"https:\/\/www.chandlerrosslaw.com\/es\/fracturas-lesiones-de-tejidos-blandos\/\">Fracturas y luxaciones graves<\/a><\/li>\n\n\n\n<li>Quemaduras<\/li>\n\n\n\n<li>Hemorragia interna<\/li>\n\n\n\n<li>Da\u00f1os en los \u00f3rganos<\/li>\n\n\n\n<li>Amputaci\u00f3n<\/li>\n<\/ul>\n\n\n\n<h2 class=\"wp-block-heading\">Perseguir la justicia tras un accidente por conducir ebrio - Texas Ley Dram Shop<\/h2>\n\n\n\n<p>Los casos de accidentes por conducci\u00f3n bajo los efectos del alcohol no siempre son sencillos, y la cobertura del seguro del conductor puede no ser lo suficientemente amplia como para cubrir todos los da\u00f1os que usted puede tener derecho a recibir. Sus opciones para un recurso legal no terminan con la negligencia de la persona intoxicada y la cobertura disponible. De hecho, puede haber muchas partes responsables del accidente, incluido el bar que sirvi\u00f3 al conductor ebrio. No s\u00f3lo se responsabiliza a un conductor intoxicado por ponerse al volante, sino que el negocio o la persona que permiti\u00f3 conducir a un cliente visiblemente intoxicado tambi\u00e9n podr\u00eda ser considerado legalmente responsable del accidente. Esto se conoce como el \"<a href=\"https:\/\/statutes.capitol.texas.gov\/docs\/al\/htm\/al.2.htm\" target=\"_blank\" rel=\"noreferrer noopener\">Texas Ley Dram Shop.<\/a>\"<\/p>\n\n\n\n<p>Texas' dram shop act est\u00e1 contenida en el C\u00f3digo de Bebidas Alcoh\u00f3licas y responsabiliza a los establecimientos por vender alcohol a personas evidentemente intoxicadas. Texas El C\u00f3digo de Bebidas Alcoh\u00f3licas contiene las leyes estatales relativas tanto a la <a href=\"https:\/\/www.chandlerrosslaw.com\/es\/responsabilidad-por-bebidas-alcoholicas\/\"><em>tienda de refrescos<\/em> y <em>responsabilidad del anfitri\u00f3n social<\/em><\/a><em>.<\/em> Las personas, empresas y organizaciones que venden alcohol pueden ser consideradas responsables de una lesi\u00f3n causada por un cliente si:<\/p>\n\n\n\n<ul class=\"wp-block-list\">\n<li>El alcohol fue vendido o entregado a un menor de 18 a\u00f1os, <strong>o<\/strong><\/li>\n\n\n\n<li>Cuando se vendi\u00f3 el alcohol, era evidente para el proveedor que el individuo al que se le vend\u00eda, serv\u00eda o proporcionaba una bebida alcoh\u00f3lica era <em>obviamente intoxicado<\/em> en la medida en que present\u00f3 una <em>claro peligro para s\u00ed mismo y para los dem\u00e1s<\/em>, <strong>y<\/strong><\/li>\n\n\n\n<li>La intoxicaci\u00f3n fue una causa previsible de las lesiones sufridas en la colisi\u00f3n.<\/li>\n<\/ul>\n\n\n\n<p>Por ello, en el Texas, un bar, una tienda de conveniencia, un restaurante u otro establecimiento que sirva alcohol a un conductor ebrio tambi\u00e9n puede ser considerado responsable de los da\u00f1os que se produzcan como consecuencia de un accidente. La persona que demanda al bar debe demostrar que estaba manifiestamente intoxicada hasta el punto de constituir un peligro para s\u00ed misma o para los dem\u00e1s cuando se le vendi\u00f3 alcohol.<\/p>\n\n\n\n<p>Nuestra <a href=\"https:\/\/www.chandlerrosslaw.com\/es\/sobre-nosotros\/\">abogados en Chandler | Ross, PLLC<\/a> investigar\u00e1 su caso a fondo para determinar qui\u00e9n es el responsable \u00faltimo de su accidente y de las lesiones que sufri\u00f3. Es posible que nuestros abogados necesiten entrevistar a los camareros, hablar con otros clientes del bar y reunirse con agentes de polic\u00eda para construir su caso.<\/p>\n\n\n\n<p><strong>Con oficinas en <a href=\"https:\/\/maps.app.goo.gl\/2KwnXzL8zacLurdn6\" target=\"_blank\" rel=\"noreferrer noopener\">Denton<\/a>, Dallas, y Fort Worth, Texas, <a href=\"https:\/\/www.chandlerrosslaw.com\/es\/\">Chandler | Ross, PLLC<\/a> est\u00e1 bien posicionada para proporcionar los abogados de accidentes por conducci\u00f3n bajo los efectos del alcohol m\u00e1s eficaces y altamente cualificados posibles. No espere, y no se comprometa - <a href=\"https:\/\/www.chandlerrosslaw.com\/es\/pongase-en-contacto-con\/\">p\u00f3ngase en contacto con nosotros hoy mismo para una evaluaci\u00f3n gratuita de su caso<\/a> y vea c\u00f3mo podemos ayudarle. En la mayor\u00eda de los casos, usted no paga nada a menos que consigamos resolver su caso o ganar un veredicto.&nbsp; <a href=\"https:\/\/www.chandlerrosslaw.com\/es\/pongase-en-contacto-con\/\">Contacte con nosotros<\/a> ahora en <a href=\"tel:1-940-800-2500\">(940) 800-2500<\/a> o <a href=\"mailto:support@chandlerrosslaw.com\">support@chandlerrosslaw.com<\/a> para programar su <a href=\"https:\/\/www.chandlerrosslaw.com\/es\/danos-personales\/\">caso de lesiones personales<\/a> evaluaci\u00f3n y consulta.<\/strong><\/p>","protected":false},"excerpt":{"rendered":"<p>Denton Abogados de accidentes por conducir ebrio Texas Abogados de accidentes por conducir ebrio al servicio de Denton, Texas Conducir ebrio sigue siendo un problema importante en las carreteras de Texas. En 2023, 1.090 personas murieron en accidentes en Texas en los que estuvo implicado al menos un conductor ebrio, seg\u00fan el Departamento de Transporte de Texas (TXDOT). Todos los conductores que circulan por las carreteras de Texas tienen el deber legal de conducir en...<\/p>","protected":false},"author":1,"featured_media":17476,"parent":0,"menu_order":0,"comment_status":"closed","ping_status":"closed","template":"","meta":{"_acf_changed":false,"footnotes":""},"class_list":["post-7114","page","type-page","status-publish","has-post-thumbnail","hentry"],"acf":[],"_links":{"self":[{"href":"https:\/\/www.chandlerrosslaw.com\/es\/wp-json\/wp\/v2\/pages\/7114","targetHints":{"allow":["GET"]}}],"collection":[{"href":"https:\/\/www.chandlerrosslaw.com\/es\/wp-json\/wp\/v2\/pages"}],"about":[{"href":"https:\/\/www.chandlerrosslaw.com\/es\/wp-json\/wp\/v2\/types\/page"}],"author":[{"embeddable":true,"href":"https:\/\/www.chandlerrosslaw.com\/es\/wp-json\/wp\/v2\/users\/1"}],"replies":[{"embeddable":true,"href":"https:\/\/www.chandlerrosslaw.com\/es\/wp-json\/wp\/v2\/comments?post=7114"}],"version-history":[{"count":8,"href":"https:\/\/www.chandlerrosslaw.com\/es\/wp-json\/wp\/v2\/pages\/7114\/revisions"}],"predecessor-version":[{"id":18528,"href":"https:\/\/www.chandlerrosslaw.com\/es\/wp-json\/wp\/v2\/pages\/7114\/revisions\/18528"}],"wp:featuredmedia":[{"embeddable":true,"href":"https:\/\/www.chandlerrosslaw.com\/es\/wp-json\/wp\/v2\/media\/17476"}],"wp:attachment":[{"href":"https:\/\/www.chandlerrosslaw.com\/es\/wp-json\/wp\/v2\/media?parent=7114"}],"curies":[{"name":"wp","href":"https:\/\/api.w.org\/{rel}","templated":true}]}}