{"id":7093,"date":"2019-05-06T08:05:11","date_gmt":"2019-05-06T08:05:11","guid":{"rendered":"https:\/\/www.chandlerrosslaw.com\/?page_id=7093"},"modified":"2025-02-04T05:09:33","modified_gmt":"2025-02-04T05:09:33","slug":"victima-del-delito","status":"publish","type":"page","link":"https:\/\/www.chandlerrosslaw.com\/es\/crime-victim\/","title":{"rendered":"V\u00edctimas de delitos"},"content":{"rendered":"<h1 class=\"wp-block-heading\">Denton Abogados especializados en lesiones a v\u00edctimas de delitos<\/h1>\n\n\n\n<div style=\"height:20px\" aria-hidden=\"true\" class=\"wp-block-spacer\"><\/div>\n\n\n\n<h3 class=\"wp-block-heading\">Texas Abogados de Lesiones de V\u00edctimas de Cr\u00edmenes Sirviendo Denton, Dallas, Fort Worth y \u00c1reas Alrededor del Norte Texas<\/h3>\n\n\n\n<p>Ser v\u00edctima de un delito es una de las cosas m\u00e1s aterradoras que puede experimentar una persona. Los sentimientos de violaci\u00f3n, ira, tristeza, depresi\u00f3n y verg\u00fcenza son demasiado comunes. En el caso de que un delincuente le lesione de alg\u00fan modo, ya sea f\u00edsica o psicol\u00f3gicamente, las secuelas resultantes pueden ser devastadoras.<\/p>\n\n\n\n<p>Generalmente, cuando una persona comete un delito contra otra, el Estado presentar\u00e1 cargos penales contra esa persona. En este caso, el Estado es la entidad que \"presenta cargos\" y usted, la persona perjudicada, es considerada la \"v\u00edctima\" o \"denunciante\". El Estado tratar\u00e1 de responsabilizar penalmente a la persona, pero no tiene encomendada la responsabilidad de indemnizar a la persona que ha resultado herida. Para preservar eficazmente su derecho a solicitar alg\u00fan tipo de indemnizaci\u00f3n o compensaci\u00f3n por las lesiones sufridas como consecuencia de acciones delictivas, es extremadamente importante que la v\u00edctima de un delito se ponga en contacto con un abogado cualificado lo antes posible tras el incidente. Seguir un calendario estricto e inmediato despu\u00e9s de que se haya cometido un delito contra usted es mucho m\u00e1s importante a la hora de hablar de da\u00f1os y perjuicios por lesiones personales. El Estado, o el Fiscal del Distrito generalmente tarda meses e incluso a\u00f1os en presentar cargos, pero una reclamaci\u00f3n civil debe buscarse inmediatamente.<\/p>\n\n\n\n<p>Las personas lesionadas como consecuencia de actos delictivos ajenos suelen sufrir m\u00e1s que cualquier otro tipo de v\u00edctima de lesiones personales. S\u00f3lo el impacto psicol\u00f3gico puede ser suficiente para afectar gravemente a una persona durante el resto de su vida. Si una persona resulta herida f\u00edsicamente como consecuencia de un comportamiento delictivo, estas heridas suelen ser graves y pueden debilitar a una persona para siempre. Para asegurarse de que el agresor se enfrenta a las consecuencias, tanto penales como civiles, es importante ponerse en contacto inmediatamente con un abogado especializado en lesiones personales.<\/p>\n\n\n\n<h4 class=\"wp-block-heading\">Ejemplos de v\u00edctimas de delitos<\/h4>\n\n\n\n<p>Una v\u00edctima de un delito se define generalmente como una persona que ha resultado herida o afectada por las acciones ilegales de otra. Estas acciones pueden ser desde infracciones menores de clase c, hasta delitos muy graves. Cualquier persona que resulte herida, f\u00edsica o psicol\u00f3gicamente, merece una indemnizaci\u00f3n. Entre las infracciones m\u00e1s comunes que pueden provocar lesiones mentales y f\u00edsicas a una persona y\/o a su familia se incluyen:<\/p>\n\n\n\n<ul class=\"wp-block-list\">\n<li>Asalto<\/li>\n\n\n\n<li>Robo<\/li>\n\n\n\n<li>Secuestro<\/li>\n\n\n\n<li>Conducci\u00f3n temeraria<\/li>\n\n\n\n<li>DWI<\/li>\n\n\n\n<li>Agresi\u00f3n sexual y violaci\u00f3n<\/li>\n\n\n\n<li>Violencia familiar<\/li>\n\n\n\n<li>Acoso<\/li>\n\n\n\n<li>Al acecho<\/li>\n\n\n\n<li>Homicidio involuntario y asesinato<\/li>\n<\/ul>\n\n\n\n<p>Recuerde que una \"lesi\u00f3n\" no se limita \u00fanicamente a da\u00f1os f\u00edsicos. Las v\u00edctimas de delitos y sus familias a menudo experimentan una ansiedad horrenda, depresi\u00f3n, TEPT y otras consecuencias psicol\u00f3gicas despu\u00e9s del incidente. Este tipo de lesiones son reales, y una persona puede absolutamente buscar compensaci\u00f3n por ellas. En Chandler | Ross, comprendemos la gravedad de estas lesiones, y trabajaremos sin descanso para garantizar que nuestros clientes sean indemnizados. No se equivoque. En casi todos los casos, ninguna cantidad de dinero puede compensar las lesiones o la p\u00e9rdida que experimenta una v\u00edctima de un delito o su familia, pero sin duda es un comienzo. Estamos aqu\u00ed para luchar por usted y asegurarnos de que recibe todo aquello a lo que tiene derecho.<\/p>\n\n\n\n<h4 class=\"wp-block-heading\">OTRAS V\u00cdAS DE RECUPERACI\u00d3N<\/h4>\n\n\n\n<p><strong>Fondo de indemnizaci\u00f3n a las v\u00edctimas de delitos<\/strong><\/p>\n\n\n\n<p>Se trata de un programa en el que el Departamento de Seguridad P\u00fablica Texas puede emitir indemnizaciones parciales o totales por los da\u00f1os sufridos por las v\u00edctimas de delitos a trav\u00e9s de la <a href=\"https:\/\/www.texasattorneygeneral.gov\/crime-victims\/crime-victims-compensation-program\" target=\"_blank\" rel=\"noreferrer noopener\">Fondo de indemnizaci\u00f3n a las v\u00edctimas de delitos<\/a>. Algunos ejemplos comunes de da\u00f1os que pueden solicitarse incluyen:<\/p>\n\n\n\n<ul class=\"wp-block-list\">\n<li>Facturas m\u00e9dicas<\/li>\n\n\n\n<li>Reparaci\u00f3n o sustituci\u00f3n de los bienes da\u00f1ados<\/li>\n\n\n\n<li>Salarios perdidos<\/li>\n\n\n\n<li>Asistencia sanitaria a domicilio y costes asociados<\/li>\n\n\n\n<li>Gastos de traslado<\/li>\n\n\n\n<li>Gastos funerarios<\/li>\n<\/ul>\n\n\n\n<p>El <a href=\"https:\/\/www.dps.texas.gov\/\" target=\"_blank\" rel=\"noreferrer noopener\">Texas Departamento de Servicios P\u00fablicos<\/a> puede pagar estos costes, independientemente de si alguien es realmente condenado por el delito. Obviamente, esto es s\u00f3lo un peque\u00f1o paso para compensar a una v\u00edctima de delito o a su familia, y raramente compensar\u00e1 lo que una v\u00edctima de delito ha perdido realmente. Esta es una de las razones por las que es importante encontrar un abogado que luche por TODO lo que usted o su familia merecen. En Chandler | Ross, tenemos la intenci\u00f3n de hacer precisamente eso.<\/p>\n\n\n\n<h4 class=\"wp-block-heading\">Restituci\u00f3n<\/h4>\n\n\n\n<p>Generalmente, cuando una persona entra en un \"acuerdo de culpabilidad\" o es condenada por un delito, la Restituci\u00f3n ser\u00e1 ordenada por el Tribunal. La restituci\u00f3n puede incluir gastos tales como:<\/p>\n\n\n\n<ul class=\"wp-block-list\">\n<li>Facturas m\u00e9dicas<\/li>\n\n\n\n<li>Faltas al trabajo<\/li>\n\n\n\n<li>Bienes da\u00f1ados o destruidos<\/li>\n\n\n\n<li>Asesoramiento y terapia<\/li>\n\n\n\n<li>Costes de los medicamentos recetados<\/li>\n\n\n\n<li>Gastos de viaje<\/li>\n\n\n\n<li>Deducibles del seguro<\/li>\n<\/ul>\n\n\n\n<p><strong>** Es importante tener en cuenta que este programa no compensa a una persona o a su familia por angustia mental, dolor y sufrimiento, o da\u00f1os punitivos (aquellos que se buscan como forma de castigo). Para recuperar este tipo de da\u00f1os (que a menudo pueden ser sustanciales), es importante ponerse en contacto con un abogado personal cualificado.<\/strong><\/p>\n\n\n\n<p>abogado de lesiones. En Chandler | Ross, nuestros abogados especializados en lesiones personales a v\u00edctimas de delitos pueden garantizar que trataremos de recuperar todas las indemnizaciones a las que usted pueda tener derecho, incluidas las no cubiertas por el programa de indemnizaci\u00f3n a las v\u00edctimas de delitos.<\/p>\n\n\n\n<h4 class=\"wp-block-heading\">\u00bfQu\u00e9 pueden hacer por usted los abogados especializados en lesiones de v\u00edctimas de delitos del Norte Texas de Chandler | Ross, PLLC?<\/h4>\n\n\n\n<p>Dado que las v\u00edctimas de delitos pueden sufrir algunos de los peores tipos de lesiones, con ramificaciones tanto f\u00edsicas como psicol\u00f3gicas, es extremadamente importante contar con abogados de su lado que comprendan por lo que est\u00e1 pasando. En Chandler | Ross, usted no es un caso m\u00e1s, ni un n\u00famero m\u00e1s. Conoceremos su caso personalmente, nos comunicaremos con usted directamente, nos tomaremos el tiempo necesario para investigar a fondo su caso y representaremos sus intereses con la mayor integridad. En pocas palabras, no nos proponemos buscar un \"acuerdo r\u00e1pido\". Planificamos y nos preparamos para luchar para conseguirle todo lo que se merece.<\/p>\n\n\n\n<p><strong>Con oficinas en los condados de Denton, Tarrant y Dallas, estamos posicionados para proporcionar la representaci\u00f3n m\u00e1s eficaz y altamente cualificada posible. No espere y no se comprometa: p\u00f3ngase en contacto con nosotros hoy mismo para ver c\u00f3mo podemos ayudarle. En la mayor\u00eda de los casos, usted no paga nada a menos que gane. <a href=\"https:\/\/www.chandlerrosslaw.com\/es\/pongase-en-contacto-con\/\">Contacte con nosotros<\/a> ahora al (940) 800-2500 para programar la evaluaci\u00f3n y consulta gratuita de su caso de lesiones personales<\/strong>.<\/p>","protected":false},"excerpt":{"rendered":"<p>Denton Abogados de Lesiones de V\u00edctimas de Crimen Texas Abogados de Lesiones de V\u00edctimas de Crimen Sirviendo Denton, Dallas, Fort Worth y \u00c1reas Alrededor del Norte Texas Ser v\u00edctima de un crimen es una de las cosas m\u00e1s aterradoras que una persona puede experimentar. Los sentimientos de violaci\u00f3n, ira, tristeza, depresi\u00f3n y verg\u00fcenza son demasiado comunes. En el caso de que un agresor...<\/p>","protected":false},"author":1,"featured_media":17465,"parent":0,"menu_order":0,"comment_status":"closed","ping_status":"closed","template":"","meta":{"_acf_changed":false,"footnotes":""},"class_list":["post-7093","page","type-page","status-publish","has-post-thumbnail","hentry"],"acf":[],"_links":{"self":[{"href":"https:\/\/www.chandlerrosslaw.com\/es\/wp-json\/wp\/v2\/pages\/7093","targetHints":{"allow":["GET"]}}],"collection":[{"href":"https:\/\/www.chandlerrosslaw.com\/es\/wp-json\/wp\/v2\/pages"}],"about":[{"href":"https:\/\/www.chandlerrosslaw.com\/es\/wp-json\/wp\/v2\/types\/page"}],"author":[{"embeddable":true,"href":"https:\/\/www.chandlerrosslaw.com\/es\/wp-json\/wp\/v2\/users\/1"}],"replies":[{"embeddable":true,"href":"https:\/\/www.chandlerrosslaw.com\/es\/wp-json\/wp\/v2\/comments?post=7093"}],"version-history":[{"count":4,"href":"https:\/\/www.chandlerrosslaw.com\/es\/wp-json\/wp\/v2\/pages\/7093\/revisions"}],"predecessor-version":[{"id":18105,"href":"https:\/\/www.chandlerrosslaw.com\/es\/wp-json\/wp\/v2\/pages\/7093\/revisions\/18105"}],"wp:featuredmedia":[{"embeddable":true,"href":"https:\/\/www.chandlerrosslaw.com\/es\/wp-json\/wp\/v2\/media\/17465"}],"wp:attachment":[{"href":"https:\/\/www.chandlerrosslaw.com\/es\/wp-json\/wp\/v2\/media?parent=7093"}],"curies":[{"name":"wp","href":"https:\/\/api.w.org\/{rel}","templated":true}]}}