{"id":7027,"date":"2019-05-06T08:13:41","date_gmt":"2019-05-06T08:13:41","guid":{"rendered":"https:\/\/www.chandlerrosslaw.com\/?page_id=7027"},"modified":"2025-02-24T22:23:45","modified_gmt":"2025-02-24T22:23:45","slug":"accidente-de-navegacion","status":"publish","type":"page","link":"https:\/\/www.chandlerrosslaw.com\/es\/boating-accident\/","title":{"rendered":"Accidentes de navegaci\u00f3n"},"content":{"rendered":"<h1 class=\"wp-block-heading\">Denton Abogados de accidentes n\u00e1uticos<\/h1>\n\n\n\n<div style=\"height:20px\" aria-hidden=\"true\" class=\"wp-block-spacer\"><\/div>\n\n\n\n<p>Con una abundancia de lagos y costas en Texas, la navegaci\u00f3n en y alrededor del Estado Lonestar es abundante. Salir al agua puede ser una forma estupenda de relajarse y divertirse. Pero la navegaci\u00f3n tambi\u00e9n puede ser peligrosa, sobre todo si no se toman las precauciones adecuadas. <a href=\"https:\/\/tpwd.texas.gov\/education\/boater-education\/additional-resources\/boating-facts\" target=\"_blank\" rel=\"noreferrer noopener\">Texas Parques y Vida Silvestre informa de entre 250 y 400 accidentes de navegaci\u00f3n al a\u00f1o<\/a>con aproximadamente \u00bc de ellas con resultado de muerte.<\/p>\n\n\n\n<p>Si usted o un ser querido sufre lesiones en una embarcaci\u00f3n ajena, puede presentar una reclamaci\u00f3n contra la parte negligente. Los accidentes y lesiones de navegaci\u00f3n pueden provocar desde peque\u00f1os cortes y abrasiones hasta lesiones graves, que requieren a\u00f1os de rehabilitaci\u00f3n y cuidados a largo plazo.<\/p>\n\n\n\n<h4 class=\"wp-block-heading\">Causas comunes de los accidentes de navegaci\u00f3n<\/h4>\n\n\n\n<p>Las lesiones m\u00e1s comunes de los accidentes de navegaci\u00f3n suelen afectar a embarcaciones de recreo, como lanchas motoras, embarcaciones de esqu\u00ed y wakeboard y motos acu\u00e1ticas. Los equipos recreativos, como los esqu\u00eds y los tubos, tambi\u00e9n contribuyen en gran medida a que los accidentes de navegaci\u00f3n provoquen lesiones de todo tipo. Esto puede deberse a los riesgos inherentes a estas actividades, pero tambi\u00e9n a que no se toman las precauciones y medidas de seguridad adecuadas para evitar estos riesgos. No aplicar y seguir los protocolos de seguridad adecuados puede equivaler a una forma de clara negligencia. Las causas comunes de las lesiones durante la navegaci\u00f3n suelen estar provocadas por una de las siguientes causas:<\/p>\n\n\n\n<ul class=\"wp-block-list\">\n<li>Pasajeros sin chalecos salvavidas<\/li>\n\n\n\n<li>No se toman las debidas precauciones con los ni\u00f1os pasajeros<\/li>\n\n\n\n<li>Colisiones con otras embarcaciones o estructuras<\/li>\n\n\n\n<li>Barcos que se inundan o se hunden<\/li>\n\n\n\n<li>Incendios y explosiones a bordo del buque<\/li>\n<\/ul>\n\n\n\n<p>Los accidentes de navegaci\u00f3n pueden ocurrir incluso al m\u00e1s cuidadoso de los operadores, pero los estudios demuestran que una gran mayor\u00eda de accidentes y lesiones son el resultado directo de errores y omisiones del operador, y de la navegaci\u00f3n bajo los efectos del alcohol y\/o las drogas. Ejemplos comunes de negligencia por parte del operador de una embarcaci\u00f3n incluyen el manejo imprudente, operar a velocidades inseguras y una falta general de experiencia y conocimientos para navegar en condiciones menos que \u00f3ptimas.<\/p>\n\n\n\n<p>P\u00f3ngase en contacto con nuestro equipo de abogados especializados en accidentes de navegaci\u00f3n del Norte Texas en Chandler Ross Law. Con oficinas en los condados de Denton, Tarrant y Dallas, estamos posicionados para proporcionar la representaci\u00f3n m\u00e1s eficaz y altamente cualificada posible. No espere y no se comprometa: p\u00f3ngase en contacto con nosotros hoy mismo para ver c\u00f3mo podemos ayudarle. En la mayor\u00eda de los casos, usted no paga nada a menos que gane. <a href=\"https:\/\/www.chandlerrosslaw.com\/es\/pongase-en-contacto-con\/\">Contacte con nosotros<\/a> \u00a1ahora al (940) 800-2500 para programar la evaluaci\u00f3n y consulta gratuita de su caso de lesiones personales!<\/p>","protected":false},"excerpt":{"rendered":"<p>Denton Abogados de accidentes de navegaci\u00f3n Con una abundancia de lagos y costas en Texas, la navegaci\u00f3n en y alrededor del Estado Lonestar es abundante. Salir al agua puede ser una forma estupenda de relajarse y divertirse. Pero la navegaci\u00f3n tambi\u00e9n puede ser peligrosa, sobre todo si no se toman las precauciones adecuadas. Texas Parques y Vida Silvestre informa...<\/p>","protected":false},"author":1,"featured_media":17427,"parent":0,"menu_order":0,"comment_status":"closed","ping_status":"closed","template":"","meta":{"_acf_changed":false,"footnotes":""},"class_list":["post-7027","page","type-page","status-publish","has-post-thumbnail","hentry"],"acf":[],"_links":{"self":[{"href":"https:\/\/www.chandlerrosslaw.com\/es\/wp-json\/wp\/v2\/pages\/7027","targetHints":{"allow":["GET"]}}],"collection":[{"href":"https:\/\/www.chandlerrosslaw.com\/es\/wp-json\/wp\/v2\/pages"}],"about":[{"href":"https:\/\/www.chandlerrosslaw.com\/es\/wp-json\/wp\/v2\/types\/page"}],"author":[{"embeddable":true,"href":"https:\/\/www.chandlerrosslaw.com\/es\/wp-json\/wp\/v2\/users\/1"}],"replies":[{"embeddable":true,"href":"https:\/\/www.chandlerrosslaw.com\/es\/wp-json\/wp\/v2\/comments?post=7027"}],"version-history":[{"count":5,"href":"https:\/\/www.chandlerrosslaw.com\/es\/wp-json\/wp\/v2\/pages\/7027\/revisions"}],"predecessor-version":[{"id":18099,"href":"https:\/\/www.chandlerrosslaw.com\/es\/wp-json\/wp\/v2\/pages\/7027\/revisions\/18099"}],"wp:featuredmedia":[{"embeddable":true,"href":"https:\/\/www.chandlerrosslaw.com\/es\/wp-json\/wp\/v2\/media\/17427"}],"wp:attachment":[{"href":"https:\/\/www.chandlerrosslaw.com\/es\/wp-json\/wp\/v2\/media?parent=7027"}],"curies":[{"name":"wp","href":"https:\/\/api.w.org\/{rel}","templated":true}]}}