{"id":22244,"date":"2026-05-12T20:53:13","date_gmt":"2026-05-12T20:53:13","guid":{"rendered":"https:\/\/www.chandlerrosslaw.com\/?page_id=22244"},"modified":"2026-05-12T20:53:16","modified_gmt":"2026-05-12T20:53:16","slug":"la-carretera-mas-peligrosa-del-condado-de-denton-la-us-380-a-su-paso-por-cross-roads","status":"publish","type":"page","link":"https:\/\/www.chandlerrosslaw.com\/es\/car-accidents\/most-dangerous-road-in-denton-county-u-s-380-through-cross-roads\/","title":{"rendered":"\u00bfLa carretera m\u00e1s peligrosa del condado de Denton? La U.S. 380 a su paso por Cross Roads"},"content":{"rendered":"<p>Hay muchas razones por las que una carretera puede ser peligrosa, y esos riesgos pueden variar seg\u00fan el d\u00eda, la hora y la estaci\u00f3n del a\u00f1o. Por ejemplo, los atascos matutinos, la visibilidad nocturna, el tr\u00e1fico durante las vacaciones, las obras y el r\u00e1pido crecimiento pueden influir en el grado de peligrosidad de una carretera.&nbsp;<\/p>\n\n\n\n<p>En el primer trimestre de 2014, la carretera U.S. 380 a su paso por Cross Roads destaca por una combinaci\u00f3n de tr\u00e1fico intenso, cruces importantes, zonas comerciales y obras en curso. El Departamento de Transporte de Texas (TxDOT) y las autoridades locales de seguridad vial explican que la U.S. 380 se encuentra sometida a una enorme presi\u00f3n debido al crecimiento y la movilidad, lo cual es una de las razones por las que la v\u00eda registra <a href=\"https:\/\/www.chandlerrosslaw.com\/es\/accidentes-de-trafico\/\">fallos graves recurrentes<\/a>.\u00a0<\/p>\n\n\n\n<p>Si ha sufrido lesiones o ha perdido a un ser querido en un accidente en el condado de Denton, el <a href=\"https:\/\/www.chandlerrosslaw.com\/es\/\">Abogados con amplia experiencia en lesiones personales en Chandler Ross<\/a> estamos aqu\u00ed para ayudarle a conocer sus opciones legales. Abogados <a href=\"https:\/\/www.chandlerrosslaw.com\/es\/personal\/john-ross-jr\/\">John \u201cTony\u201d Ross<\/a> y <a href=\"https:\/\/www.chandlerrosslaw.com\/es\/personal\/brent-chandler\/\">Brent Chandler<\/a> Contamos con a\u00f1os de experiencia en la defensa de v\u00edctimas de lesiones en todo el norte de Texas.\u00a0<\/p>\n\n\n\n<p><em>*Aviso legal: Si bien los resultados anteriores no garantizan resultados futuros, nuestros abogados est\u00e1n a su disposici\u00f3n para analizar su caso y determinar el mejor curso de acci\u00f3n. Cada caso individual depende de sus detalles espec\u00edficos, y los resultados legales pueden variar. Para obtener m\u00e1s informaci\u00f3n sobre sus opciones, <a href=\"https:\/\/www.chandlerrosslaw.com\/es\/pongase-en-contacto-con\/\">p\u00f3ngase en contacto con nosotros<\/a> hoy.\u00a0<\/em><\/p>\n\n\n\n<h2 class=\"wp-block-heading\">\u00bfPor qu\u00e9 es tan peligrosa la US-380 en Cross Roads?<\/h2>\n\n\n\n<p>La carretera US 380 se considera peligrosa debido a su intenso y constante volumen de tr\u00e1fico, su dise\u00f1o y sus puntos conflictivos.&nbsp;<\/p>\n\n\n\n<p>Seg\u00fan los recuentos de tr\u00e1fico m\u00e1s recientes, se registraron m\u00e1s de 42 000 veh\u00edculos al d\u00eda en la carretera U.S. 380 al oeste de Oak Grove Lane. Las carreteras con este volumen de tr\u00e1fico diario tienden, naturalmente, a presentar un mayor riesgo de accidentes al cambiar de carril, colisiones al girar a la izquierda, accidentes en cadena y choques por alcance.&nbsp;<\/p>\n\n\n\n<h2 class=\"wp-block-heading\">\u00bfEn qu\u00e9 se diferencia Cross Roads de otras carreteras comarcales Denton?<\/h2>\n\n\n\n<p>Cross Roads no es peligrosa \u00fanicamente por el volumen de tr\u00e1fico que soporta. La zona se encuentra adem\u00e1s en la intersecci\u00f3n de varias rutas importantes, lo que significa que esta peque\u00f1a comunidad soporta la presi\u00f3n del tr\u00e1fico procedente de un \u00e1rea mucho m\u00e1s extensa.<\/p>\n\n\n\n<p>El perfil del Censo de los Estados Unidos para Cross Roads indica que hay 2.035 residentes repartidos en unas 6,8 millas cuadradas. A pesar de que la poblaci\u00f3n local es reducida, la red de carreteras da servicio a muchos m\u00e1s usuarios que los propios residentes de la localidad. Las carreteras U.S. 380, U.S. 377 y FM 424 canalizan el tr\u00e1fico a trav\u00e9s de la misma zona, lo que crea un entorno en el que el flujo regional supera con creces la escala de la comunidad.<\/p>\n\n\n\n<h2 class=\"wp-block-heading\">C\u00f3mo han transformado el corredor las obras actuales de la carretera US 380<\/h2>\n\n\n\n<p>Las obras pueden mejorar muchos aspectos del viaje con el tiempo; sin embargo, pueden <a href=\"https:\/\/www.chandlerrosslaw.com\/es\/accidentes-de-trafico\/abogado-especializado-en-accidentes-en-zonas-de-obras\/\">suponen graves peligros en la actualidad<\/a>, tal como lo demuestra Cross Roads. El municipio de Cross Roads afirma que hay dos proyectos principales relacionados con la U.S. 380 en curso o en fase de estudio a trav\u00e9s del TxDOT, entre los que se incluyen el proyecto de construcci\u00f3n de un paso a distinto nivel provisional y el estudio de viabilidad m\u00e1s amplio del condado Denton, desde la I-35 hasta el l\u00edmite con el condado de Collin.\u00a0<\/p>\n\n\n\n<p>Seg\u00fan la hoja informativa del TxDOT, un importante proyecto de la carretera US 380 en el condado de Denton tiene un costo estimado de $140 millones e incluye la ampliaci\u00f3n de cuatro a seis carriles con cinco pasos a distinto nivel. Un paso a distinto nivel es un elemento de dise\u00f1o que hace que una v\u00eda pase por encima o por debajo de otra, de modo que el tr\u00e1fico que se cruza no se encuentre al mismo nivel.<\/p>\n\n\n\n<p>Durante las obras, los conductores pueden encontrarse con carriles reducidos, cambios en la circulaci\u00f3n, tiempos de reacci\u00f3n m\u00e1s cortos y confusi\u00f3n en torno a los trazados temporales. Estos riesgos a corto plazo pueden contribuir a que se produzcan accidentes con heridos, especialmente cuando la visibilidad, la se\u00f1alizaci\u00f3n o las reducciones repentinas de la velocidad forman parte de la secuencia del accidente.<\/p>\n\n\n\n<h2 class=\"wp-block-heading\">\u00bfQu\u00e9 cruces y puntos de acceso plantean mayor peligro?\u00a0<\/h2>\n\n\n\n<p>El peligro en la carretera US 380 no proviene de un punto aislado. Por el contrario, se concentra en zonas conflictivas recurrentes donde el tr\u00e1fico se incorpora, gira, forma colas o cruza a gran velocidad.&nbsp;<\/p>\n\n\n\n<p>Entre las zonas peligrosas de la carretera US 380 se encuentran las siguientes:&nbsp;<\/p>\n\n\n\n<ul class=\"wp-block-list\">\n<li>Cerca de la carretera US 377<\/li>\n\n\n\n<li>Cerca de la FM 424<\/li>\n\n\n\n<li>Zonas de acceso a Oak Grove Lane<\/li>\n\n\n\n<li>Entradas a los comercios<\/li>\n\n\n\n<li>Carriles de giro<\/li>\n<\/ul>\n\n\n\n<p>Los materiales del TxDOT explican que los carriles de giro, las zonas de mejora de corredores y los pasos a distinto nivel aumentan la probabilidad de que se produzca un accidente.&nbsp;<\/p>\n\n\n\n<h2 class=\"wp-block-heading\">\u00bfCu\u00e1ntos accidentes se producen en Cross Roads y en el condado Denton?<\/h2>\n\n\n\n<p>Las cifras locales de accidentes ilustran por qu\u00e9 la carretera US 380 sigue despertando el inter\u00e9s y la preocupaci\u00f3n de las autoridades de seguridad. Por ejemplo, los informes de accidentes m\u00e1s recientes del Departamento de Transporte de Texas (TxDOT) muestran que se han producido casi 140 accidentes en Cross Roads, incluyendo 2 v\u00edctimas mortales. Adem\u00e1s, los datos del condado Denton indican que se han producido m\u00e1s de 12 300 accidentes, incluyendo <a href=\"https:\/\/www.chandlerrosslaw.com\/es\/accidentes-de-trafico\/abogado-especializado-en-accidentes-automovilisticos-mortales-en-denton\/\">50 v\u00edctimas mortales<\/a>.\u00a0<\/p>\n\n\n\n<h2 class=\"wp-block-heading\">Por qu\u00e9 el crecimiento ha aumentado la presi\u00f3n sobre la U.S. 380<\/h2>\n\n\n\n<p>El peligro en las carreteras suele agravarse cuando el desarrollo urbano avanza m\u00e1s r\u00e1pido que la infraestructura. Este es un tema que se destaca claramente en los documentos del proyecto de la US 380.<\/p>\n\n\n\n<p>El Departamento de Transporte de Texas (TxDOT) afirma que el Proyecto de Mejora de la U.S. 380 tiene como objetivo mejorar la movilidad, aumentar la capacidad y reducir la congesti\u00f3n en una zona que ha experimentado un importante crecimiento durante la \u00faltima d\u00e9cada. Los recuentos de tr\u00e1fico locales lo confirman. En 2021, la ciudad registr\u00f3 38 944 veh\u00edculos al d\u00eda en la U.S. 380 al oeste de Rock Hill Road. Ese volumen de tr\u00e1fico no es propio de una carretera local tranquila.<\/p>\n\n\n\n<p>A medida que los sectores de la vivienda, el comercio minorista y el tr\u00e1nsito de paso se expanden por todo el condado de Denton, un n\u00famero cada vez mayor de conductores utiliza el mismo corredor con fines distintos. Uno puede estar yendo al trabajo, otro puede estar girando hacia un negocio y un tercero puede intentar adelantarse a un sem\u00e1foro y cruzar un cruce antes de que la congesti\u00f3n bloquee el carril m\u00e1s adelante. Esa combinaci\u00f3n crea un entorno inestable en el que los accidentes con heridos se vuelven habituales.<\/p>\n\n\n\n<h2 class=\"wp-block-heading\">\u00bfPor qu\u00e9 sigue viendo vallas publicitarias a lo largo de la U.S. 380?<\/h2>\n\n\n\n<p>Si ha notado <a href=\"https:\/\/www.chandlerrosslaw.com\/es\/blog\/nuevas-vallas-publicitarias-de-los-abogados-especializados-en-lesiones-de-chandler-ross-a-lo-largo-de-las-principales-autopistas\/\">Vallas publicitarias sobre derecho de lesiones a lo largo de la carretera U.S. 380<\/a>, hay una raz\u00f3n. Los abogados se anuncian en los lugares donde la gente conduce, se queda atrapada en el tr\u00e1fico y donde los accidentes ocurren con la suficiente frecuencia como para llamar la atenci\u00f3n del p\u00fablico.<\/p>\n\n\n\n<p>Los recuentos de Cross Roads de 2021 revelaron un tr\u00e1fico de 18 801 veh\u00edculos al d\u00eda en la autopista 377 al norte de la FM 424 y de 12 299 veh\u00edculos al d\u00eda en la FM 424 al norte de la U.S. 380. Estas cifras ayudan a demostrar que el conjunto de Cross Roads no es solo una autopista muy transitada, sino una red de gran visibilidad formada por v\u00edas interconectadas por las que circulan miles de conductores cada d\u00eda. Las vallas publicitarias se ubican en zonas de alta visibilidad donde los conductores locales ya saben que la carretera puede ser implacable.<\/p>\n\n\n\n<p>Esa visibilidad tambi\u00e9n pone de manifiesto algo m\u00e1s. A quienes utilizan la carretera US 380 con frecuencia no hace falta decirles que este tramo puede ser peligroso. Ya lo saben por experiencia propia.<\/p>\n\n\n\n<h2 class=\"wp-block-heading\">\u00bfQu\u00e9 tipos de accidentes ocurren con mayor frecuencia en la carretera US 380?<\/h2>\n\n\n\n<p>La configuraci\u00f3n del corredor influye en los tipos de colisiones que se producen en \u00e9l. Una colisi\u00f3n por alcance se produce cuando un veh\u00edculo choca contra la parte trasera de otro, a menudo durante una desaceleraci\u00f3n repentina. Una colisi\u00f3n en \u00e1ngulo suele ocurrir cuando dos veh\u00edculos que circulan en sentido transversal o giran se encuentran en un punto de impacto lateral.<\/p>\n\n\n\n<p>En la carretera US 380 a su paso por Cross Roads, los tipos de accidentes m\u00e1s comunes pueden incluir:<\/p>\n\n\n\n<ul class=\"wp-block-list\">\n<li><a href=\"https:\/\/www.chandlerrosslaw.com\/es\/accidentes-de-trafico\/abogado-especializado-en-accidentes-de-trafico-por-alcance-en-denton\/\">Colisiones por alcance<\/a> en un atasco;<\/li>\n\n\n\n<li>Accidentes al girar a la izquierda cerca de cruces importantes;<\/li>\n\n\n\n<li><a href=\"https:\/\/www.chandlerrosslaw.com\/es\/accidentes-de-trafico\/abogado-especializado-en-accidentes-por-choque-lateral-en-denton\/\">Choques laterales<\/a> durante las incorporaciones o los cambios de carril;<\/li>\n\n\n\n<li><a href=\"https:\/\/www.chandlerrosslaw.com\/es\/accidentes-de-trafico\/abogado-especializado-en-responsabilidad-civil-por-accidentes-con-multiples-vehiculos-en-denton\/\">Accidentes con varios veh\u00edculos implicados<\/a> cuando un conductor no puede frenar a tiempo; y<\/li>\n\n\n\n<li>Los puntos de acceso se encuentran cerca de los comercios y las v\u00edas de servicio.<\/li>\n<\/ul>\n\n\n\n<p>Cada tipo de accidente puede causar da\u00f1os graves, incluso cuando los da\u00f1os materiales no parecen graves a primera vista. El tr\u00e1fico en las carreteras no necesita alcanzar velocidades propias de autopistas para provocar lesiones graves cuando los veh\u00edculos chocan en \u00e1ngulos de intersecci\u00f3n o en atascos.<\/p>\n\n\n\n<p>Estos patrones tambi\u00e9n ayudan a explicar por qu\u00e9 las investigaciones de accidentes en esta carretera deben prestar especial atenci\u00f3n a la posici\u00f3n en el carril, la se\u00f1alizaci\u00f3n y las condiciones de la calzada.<\/p>\n\n\n\n<h2 class=\"wp-block-heading\">Lesiones comunes tras un accidente en la carretera US 380<\/h2>\n\n\n\n<p>Los impactos en accidentes automovil\u00edsticos tambi\u00e9n pueden provocar lesiones internas o traumatismos craneales que no se aprecian en el lugar del accidente. Por eso es importante someterse a una evaluaci\u00f3n m\u00e9dica inmediata tras una colisi\u00f3n grave. Las lesiones m\u00e1s comunes tras un accidente en la U.S. 380 pueden incluir:&nbsp;<\/p>\n\n\n\n<ul class=\"wp-block-list\">\n<li><a href=\"https:\/\/www.chandlerrosslaw.com\/es\/accidente-de-un-camion-de-18-ruedas\/lesiones-cervicales-por-latigazo-cervical-en-accidentes-de-camion-en-denton-norte-de-texas\/\">Traumatismo cervical<\/a><\/li>\n\n\n\n<li><a href=\"https:\/\/www.chandlerrosslaw.com\/es\/accidente-de-un-camion-de-18-ruedas\/hernias-discales-y-lesiones-graves-de-espalda-por-accidentes-de-camion-en-denton-norte-de-texas\/\">Lesiones de espalda<\/a><\/li>\n\n\n\n<li><a href=\"https:\/\/www.chandlerrosslaw.com\/es\/accidentes-de-trafico\/abogado-especializado-en-lesiones-por-conmocion-cerebral-tras-un-accidente-en-denton\/\">Conmociones cerebrales<\/a><\/li>\n\n\n\n<li><a href=\"https:\/\/www.chandlerrosslaw.com\/es\/accidentes-de-trafico\/abogado-especializado-en-lesiones-por-fracturas-oseas-en-accidentes-automovilisticos-en-denton\/\">Fracturas \u00f3seas<\/a><\/li>\n\n\n\n<li><a href=\"https:\/\/www.chandlerrosslaw.com\/es\/accidentes-de-trafico\/abogado-especializado-en-lesiones-de-rodilla-tras-un-accidente-automovilistico\/\">Lesiones de rodilla<\/a><\/li>\n\n\n\n<li><a href=\"https:\/\/www.chandlerrosslaw.com\/es\/accidentes-de-trafico\/abogado-especializado-en-lesiones-de-tejidos-blandos-en-denton\/\">Lesiones de tejidos blandos<\/a><\/li>\n<\/ul>\n\n\n\n<p>Una persona que sale ilesa de un accidente de tr\u00e1fico puede tener que someterse a semanas o meses de tratamiento. Las compa\u00f1\u00edas de seguros suelen utilizar posteriormente los s\u00edntomas tard\u00edos en contra de las personas lesionadas, por lo que es importante documentar los hechos desde el principio.<\/p>\n\n\n\n<h2 class=\"wp-block-heading\">\u00bfQu\u00e9 debe hacer tras un accidente en la carretera U.S. 380 en Cross Roads?<\/h2>\n\n\n\n<p>La prioridad principal es la seguridad. Llame al 911, acuda a una evaluaci\u00f3n de emergencia cuando sea necesario y trasl\u00e1dese a un lugar m\u00e1s seguro solo si puede hacerlo sin aumentar el riesgo de sufrir m\u00e1s da\u00f1os. Una vez que haya pasado el peligro inmediato, intente documentar la escena.<\/p>\n\n\n\n<ul class=\"wp-block-list\">\n<li>Tome fotograf\u00edas de los veh\u00edculos, la disposici\u00f3n de los carriles, las marcas de derrape, las se\u00f1ales de tr\u00e1nsito, los escombros y las se\u00f1ales cercanas.\u00a0<\/li>\n\n\n\n<li>Si es posible, anote los nombres y la informaci\u00f3n de contacto de los testigos.\u00a0<\/li>\n\n\n\n<li>Busque atenci\u00f3n m\u00e9dica de inmediato, aunque los s\u00edntomas parezcan leves al principio.\u00a0<\/li>\n\n\n\n<li>Evite prestar declaraci\u00f3n grabada ante la aseguradora del otro conductor antes de conocer la naturaleza de sus lesiones y los aspectos que influyen en la determinaci\u00f3n de la culpa.<\/li>\n<\/ul>\n\n\n\n<p>Las pruebas desaparecen casi de inmediato tras un accidente en la carretera. Se retiran los veh\u00edculos, los testigos se marchan y los recuerdos se desvanecen. Una actuaci\u00f3n cuidadosa durante las primeras horas tras la colisi\u00f3n puede ayudar a respaldar una demanda por lesiones m\u00e1s adelante.<\/p>\n\n\n\n<h2 class=\"wp-block-heading\">\u00bfQui\u00e9n puede ser responsable de un accidente en la carretera US 380?<\/h2>\n\n\n\n<p>La culpa no siempre recae \u00fanicamente en un conductor. En algunos casos, varias personas o entidades pueden compartir la responsabilidad, dependiendo de lo que haya ocurrido y del lugar donde se haya producido el impacto.<\/p>\n\n\n\n<p>Entre las partes potencialmente responsables pueden figurar el otro conductor, un empleador en caso de que se trate de un veh\u00edculo de trabajo, un operador comercial o el propietario de un veh\u00edculo conducido de forma negligente por otra persona.&nbsp;<\/p>\n\n\n\n<p>Adem\u00e1s, un abogado puede ayudarle a resolver dudas relacionadas con los contratistas, el control del tr\u00e1fico o las condiciones temporales de las v\u00edas. En algunos casos de accidentes, puede ser aplicable la responsabilidad de las autoridades p\u00fablicas. Estas situaciones requieren un conocimiento exhaustivo de las deficiencias en las v\u00edas y de las normas espec\u00edficas que rigen el control y la responsabilidad de las autoridades p\u00fablicas.&nbsp;<\/p>\n\n\n\n<h2 class=\"wp-block-heading\">C\u00f3mo pueden afectar las leyes sobre lesiones personales Texas a una reclamaci\u00f3n por accidente automovil\u00edstico<\/h2>\n\n\n\n<p>Texas utiliza un <a href=\"https:\/\/statutes.capitol.texas.gov\/?tab=1&amp;code=CP&amp;chapter=CP.33&amp;artSec=33.001\" target=\"_blank\" rel=\"noreferrer noopener\">regla de la culpa comparativa modificada<\/a>. En pocas palabras, esto significa que su indemnizaci\u00f3n puede reducirse en funci\u00f3n de su porcentaje de culpa, y podr\u00eda quedar totalmente excluida si se determina que su responsabilidad supera el 50%.<\/p>\n\n\n\n<p>Una demanda puede incluir gastos m\u00e9dicos, salarios perdidos, dolor f\u00edsico, angustia emocional, discapacidad y otras p\u00e9rdidas respaldadas por los hechos. Las compa\u00f1\u00edas de seguros suelen intentar eludir la responsabilidad en los accidentes ocurridos en la carretera US 380, alegando atascos, obras o un error compartido de los conductores. Esa es una de las razones por las que el aspecto legal de un accidente grave suele resultar m\u00e1s complicado de lo que parece a primera vista.<\/p>\n\n\n\n<p>Una revisi\u00f3n jur\u00eddica temprana puede ayudar a preservar las pruebas y evitar que la aseguradora controle la versi\u00f3n de los hechos antes de que se conozca el panorama completo.<\/p>\n\n\n\n<h2 class=\"wp-block-heading\">\u00bfCu\u00e1ndo es el momento de ponerse en contacto con un abogado tras un accidente en la carretera US 380?<\/h2>\n\n\n\n<p>El informe sobre accidentes en zonas de obras del condado de Denton correspondiente a 2024 revel\u00f3 un total de 774 accidentes en zonas de obras, entre los que se incluyen 4 accidentes mortales y 19 accidentes en los que se sospecha que hubo lesiones graves. Este tipo de accidentes plantean cuestiones jur\u00eddicas espec\u00edficas.<br><br>Algunas colisiones solo provocan da\u00f1os materiales leves y no causan lesiones f\u00edsicas graves. Sin embargo, muchas personas no se dan cuenta de inmediato de la gravedad de sus lesiones, ya que s\u00edntomas como el dolor de cuello, el dolor de espalda, los dolores de cabeza, los mareos o el entumecimiento suelen hacerse m\u00e1s evidentes una vez que pasa el impacto inicial.<\/p>\n\n\n\n<p>Un abogado especializado en casos de carreteras peligrosas del condado de Denton resulta fundamental en muchas situaciones, incluidas aquellas relacionadas con <a href=\"https:\/\/www.chandlerrosslaw.com\/es\/accidentes-de-trafico\/abogado-especializado-en-accidentes-con-multiples-vehiculos-en-denton\/\">varios veh\u00edculos<\/a> o <a href=\"https:\/\/www.chandlerrosslaw.com\/es\/accidente-de-un-camion-de-18-ruedas\/380-accidentes-de-camiones-en-el-condado-de-denton\/\">camiones comerciales<\/a>. Un abogado puede ayudarle cuando la compa\u00f1\u00eda de seguros o el abogado defensor de la parte culpable empiecen a cuestionar la responsabilidad o los da\u00f1os. Tambi\u00e9n es importante tener en cuenta que los accidentes en zonas de obras requieren una atenci\u00f3n especial.\u00a0<\/p>\n\n\n\n<h2 class=\"wp-block-heading\">P\u00f3ngase en contacto hoy mismo con los abogados especializados en lesiones de Chandler y Ross<\/h2>\n\n\n\n<p>Los conductores que circulan por la carretera U.S. 380 a su paso por Cross Roads han podido constatar tanto las necesidades de este corredor como las vallas publicitarias que lo bordean. Estas vallas se encuentran a lo largo de una red de carreteras con un tr\u00e1fico intenso, que sufre atascos frecuentes y en la que se registran un n\u00famero significativo de colisiones con heridos.<\/p>\n\n\n\n<p>Un accidente en la carretera U.S. 380 a su paso por Cross Roads puede dejarle enfrent\u00e1ndose a dolor, gastos m\u00e9dicos, bajas laborales y una dura batalla con la compa\u00f1\u00eda de seguros. P\u00f3ngase en contacto con Chandler Ross, Abogados especializados en lesiones en <a href=\"tel:1-940-800-2500\">(940) 800-2500<\/a> si ha sufrido una lesi\u00f3n en este pasillo y necesita ayuda para conocer sus opciones.<\/p>\n\n\n\n<h2 class=\"wp-block-heading\">Preguntas frecuentes sobre los accidentes en el cruce de la U.S. 380<\/h2>\n\n\n<div id=\"rank-math-faq\" class=\"rank-math-block\">\n<div class=\"rank-math-list\">\n<div id=\"faq-question-1778617682174\" class=\"rank-math-list-item\">\n<h3 class=\"rank-math-question\">\u00bfPuedo presentar una reclamaci\u00f3n aunque ya hubiera un atasco?<\/h3>\n<div class=\"rank-math-answer\">\n\n<p>A\u00fan puede presentar una reclamaci\u00f3n si <a href=\"https:\/\/www.chandlerrosslaw.com\/es\/blog\/un-estudio-revela-una-congestion-de-trafico-record-en-dallas-fort-worth-como-aumenta-su-riesgo-de-accidente\/\">Su accidente provoc\u00f3 atascos de tr\u00e1fico<\/a>. No hay excusa para una conducci\u00f3n imprudente o descuidada que provoque un accidente. Los conductores tienen la obligaci\u00f3n de mantener una distancia de seguridad adecuada, adaptar su conducci\u00f3n a las condiciones del tr\u00e1fico y conducir su veh\u00edculo de manera prudente.<\/p>\n\n<\/div>\n<\/div>\n<div id=\"faq-question-1778617683178\" class=\"rank-math-list-item\">\n<h3 class=\"rank-math-question\">\u00bfPerjudica a mi caso que el otro conductor culpe a las obras?<\/h3>\n<div class=\"rank-math-answer\">\n\n<p><a href=\"https:\/\/www.chandlerrosslaw.com\/es\/accidentes-de-trafico\/abogado-especializado-en-accidentes-en-zonas-de-obras\/\">Construcci\u00f3n<\/a> puede ser un factor que contribuya a ello, pero eso no exime de responsabilidad al conductor negligente.\u00a0<\/p>\n\n<\/div>\n<\/div>\n<div id=\"faq-question-1778617684090\" class=\"rank-math-list-item\">\n<h3 class=\"rank-math-question\">\u00bfPuedo reclamar una indemnizaci\u00f3n por da\u00f1os y perjuicios si no acud\u00ed a la sala de emergencias desde el lugar del accidente?<\/h3>\n<div class=\"rank-math-answer\">\n\n<p>Aunque retrase el tratamiento, a\u00fan puede reclamar una indemnizaci\u00f3n por da\u00f1os y perjuicios; sin embargo, esto puede dar m\u00e1s argumentos a los abogados defensores y a las compa\u00f1\u00edas de seguros.\u00a0<\/p>\n\n<\/div>\n<\/div>\n<div id=\"faq-question-1778617684706\" class=\"rank-math-list-item\">\n<h3 class=\"rank-math-question\">\u00bfY si el choque hubiera ocurrido cerca de la entrada de un negocio en lugar de en el cruce principal?<\/h3>\n<div class=\"rank-math-answer\">\n\n<p>Los accidentes pueden ocurrir en muchos lugares diferentes, como entradas de veh\u00edculos, v\u00edas de servicio y, sobre todo, zonas de acceso a comercios. Un abogado puede ayudarle a determinar qui\u00e9n es la parte responsable.<\/p>\n\n<\/div>\n<\/div>\n<\/div>\n<\/div>","protected":false},"excerpt":{"rendered":"<p>Existen muchas razones por las que una carretera puede ser peligrosa, y esos riesgos pueden variar seg\u00fan el d\u00eda, la hora y la estaci\u00f3n del a\u00f1o. Por ejemplo, los atascos matutinos, la visibilidad nocturna, el tr\u00e1fico durante las vacaciones, las obras y el r\u00e1pido crecimiento pueden influir en el grado de peligrosidad de una carretera. En Denton, la U.S. 380 a su paso por Cross Roads destaca por una combinaci\u00f3n de tr\u00e1fico intenso, importantes\u2026<\/p>","protected":false},"author":2,"featured_media":22248,"parent":7489,"menu_order":0,"comment_status":"closed","ping_status":"closed","template":"","meta":{"_acf_changed":false,"footnotes":""},"class_list":["post-22244","page","type-page","status-publish","has-post-thumbnail","hentry"],"acf":[],"_links":{"self":[{"href":"https:\/\/www.chandlerrosslaw.com\/es\/wp-json\/wp\/v2\/pages\/22244","targetHints":{"allow":["GET"]}}],"collection":[{"href":"https:\/\/www.chandlerrosslaw.com\/es\/wp-json\/wp\/v2\/pages"}],"about":[{"href":"https:\/\/www.chandlerrosslaw.com\/es\/wp-json\/wp\/v2\/types\/page"}],"author":[{"embeddable":true,"href":"https:\/\/www.chandlerrosslaw.com\/es\/wp-json\/wp\/v2\/users\/2"}],"replies":[{"embeddable":true,"href":"https:\/\/www.chandlerrosslaw.com\/es\/wp-json\/wp\/v2\/comments?post=22244"}],"version-history":[{"count":3,"href":"https:\/\/www.chandlerrosslaw.com\/es\/wp-json\/wp\/v2\/pages\/22244\/revisions"}],"predecessor-version":[{"id":22247,"href":"https:\/\/www.chandlerrosslaw.com\/es\/wp-json\/wp\/v2\/pages\/22244\/revisions\/22247"}],"up":[{"embeddable":true,"href":"https:\/\/www.chandlerrosslaw.com\/es\/wp-json\/wp\/v2\/pages\/7489"}],"wp:featuredmedia":[{"embeddable":true,"href":"https:\/\/www.chandlerrosslaw.com\/es\/wp-json\/wp\/v2\/media\/22248"}],"wp:attachment":[{"href":"https:\/\/www.chandlerrosslaw.com\/es\/wp-json\/wp\/v2\/media?parent=22244"}],"curies":[{"name":"wp","href":"https:\/\/api.w.org\/{rel}","templated":true}]}}