{"id":21093,"date":"2026-04-24T20:33:28","date_gmt":"2026-04-24T20:33:28","guid":{"rendered":"https:\/\/www.chandlerrosslaw.com\/?page_id=21093"},"modified":"2026-04-24T20:33:30","modified_gmt":"2026-04-24T20:33:30","slug":"abogados-especializados-en-accidentes-laborales-en-el-sector-de-la-construccion","status":"publish","type":"page","link":"https:\/\/www.chandlerrosslaw.com\/es\/dallas\/workplace-injury-attorneys\/construction-injury-attorneys\/","title":{"rendered":"Dallas: Abogados especializados en accidentes laborales en el sector de la construcci\u00f3n"},"content":{"rendered":"<p>Dallas: Fort Worth y los suburbios circundantes est\u00e1n en pleno auge. La cercana Princeton es la ciudad de m\u00e1s r\u00e1pido crecimiento en los Estados Unidos. Las localidades vecinas de Celina, Melissa, Anna y Fate tambi\u00e9n est\u00e1n experimentando un crecimiento significativo. <a href=\"https:\/\/www.chandlerrosslaw.com\/es\/dallas\/abogados-especializados-en-lesiones-laborales\/\">Dallas<\/a> la propia econom\u00eda tambi\u00e9n sigue creciendo. El crecimiento econ\u00f3mico implica m\u00e1s construcci\u00f3n, y <a href=\"https:\/\/www.chandlerrosslaw.com\/es\/lesiones-en-obras-de-construccion\/\">Un aumento de las obras conlleva un mayor riesgo de lesiones<\/a>.\u00a0<\/p>\n\n\n\n<p>Si usted o un ser querido sufre una lesi\u00f3n en una obra de construcci\u00f3n, consulte hoy mismo a un abogado con experiencia. El equipo de <a href=\"https:\/\/www.chandlerrosslaw.com\/es\/\">Chandler Ross PLLC<\/a> puede ayudar.\u00a0<\/p>\n\n\n\n<h2 class=\"wp-block-heading\">La construcci\u00f3n: un sector en auge en Dallas<\/h2>\n\n\n\n<p>Las obras de construcci\u00f3n son algo habitual en Dallas. Muchas empresas ampl\u00edan sus operaciones en Dallas o construyen nuevas instalaciones cada a\u00f1o. El <a href=\"https:\/\/gov.texas.gov\/business\/page\/recent-project-announcements\" target=\"_blank\" rel=\"noreferrer noopener\">Texas Oficina de Desarrollo Econ\u00f3mico y Turismo<\/a> promueve Texas como un destino empresarial de primer orden y anuncia importantes traslados y expansiones de empresas en el estado.<\/p>\n\n\n\n<p>Entre los principales proyectos de construcci\u00f3n anunciados para Dallas en los pr\u00f3ximos a\u00f1os se encuentra una importante oficina regional de Scotiabank. Scotiabank prev\u00e9 que esta oficina genere m\u00e1s de 1,000 puestos de trabajo. John Paul Mitchell Systems (JPMS) tambi\u00e9n tiene previsto ampliar su sede corporativa en el condado de Dallas, a\u00f1adiendo m\u00e1s espacio. En Fort Worth, tanto Embraer como MTU Aero Engines AG tienen previsto realizar ampliaciones y construir nuevas instalaciones.&nbsp;<\/p>\n\n\n\n<p>Las obras viales tambi\u00e9n son habituales en la Dallas. El Departamento de Transporte de Texas (TxDOT) se encarga del mantenimiento de una <a href=\"https:\/\/www.txdot.gov\/projects\/project-tracker.html\" target=\"_blank\" rel=\"noreferrer noopener\">lista de proyectos de construcci\u00f3n de carreteras en curso<\/a>. El TxDOT actualiza esta lista semanalmente. La lista tambi\u00e9n incluye los proyectos previstos para los pr\u00f3ximos a\u00f1os. Entre los proyectos previstos y en curso en la zona Dallas se encuentran, por ejemplo:\u00a0<\/p>\n\n\n\n<ul class=\"wp-block-list\">\n<li>Instalaci\u00f3n de sistemas de gesti\u00f3n del tr\u00e1fico en la I-345 entre la I-30 y la SS 336,<\/li>\n\n\n\n<li>Mantenimiento del puente de la I-45 cerca del r\u00edo Trinity,<\/li>\n\n\n\n<li>Se ha instalado alumbrado en la SL-12, entre la US-175 y la John Oeste.<\/li>\n<\/ul>\n\n\n\n<p>Tambi\u00e9n hay decenas de proyectos previstos para Dallas, entre los que se incluyen nuevos barrios e infraestructuras urbanas, como puentes y carriles para bicicletas. Estos proyectos de construcci\u00f3n transforman Dallas, pero tambi\u00e9n suponen un riesgo para los trabajadores.&nbsp;<\/p>\n\n\n\n<h2 class=\"wp-block-heading\">Estad\u00edsticas sobre accidentes laborales en el sector de la construcci\u00f3n en Texas<\/h2>\n\n\n\n<p>En 2024, Texas registr\u00f3 172 800 <a href=\"https:\/\/www.chandlerrosslaw.com\/es\/lesion-laboral\/\">lesiones no mortales entre todos los trabajadores<\/a>. Entre ellos se encontraban cientos de trabajadores de la construcci\u00f3n.\u00a0<\/p>\n\n\n\n<p>La mayor\u00eda de los estados registraron tasas de lesiones superiores a las de Texas en 2024. Ese a\u00f1o, Texas registr\u00f3 1,7 lesiones por cada 100 trabajadores en todos los sectores. La tasa nacional en 2024 fue de 2,3 lesiones por cada 100 trabajadores.&nbsp;<\/p>\n\n\n\n<p>Los trabajadores de la construcci\u00f3n se encuentran entre las personas que sufren lesiones en Texas cada a\u00f1o. En 2024, la tasa de lesiones en la construcci\u00f3n de Texas fue de 0,9 lesiones por cada 100 trabajadores de la construcci\u00f3n. Estos casos incluyeron lesiones tan graves que los trabajadores tuvieron que ausentarse del trabajo para recuperarse. Tambi\u00e9n incluyeron casos en los que un trabajador tuvo que cambiar a un trabajo menos pesado o aceptar un horario m\u00e1s corto. Cuando los trabajadores de la construcci\u00f3n tienen que ausentarse del trabajo o limitar sus esfuerzos, tambi\u00e9n pueden enfrentar una reducci\u00f3n salarial y las dificultades econ\u00f3micas que ello conlleva para sus hogares.<\/p>\n\n\n\n<p>En 2024, los trabajadores de la construcci\u00f3n registraron una tasa de lesiones no mortales inferior a la media de Texas. Sin embargo, la construcci\u00f3n sigue siendo una de las profesiones m\u00e1s peligrosas. Cuando se producen lesiones, es m\u00e1s probable que sean mortales. En 2024, 125 trabajadores de la construcci\u00f3n fallecieron a causa de lesiones relacionadas con el trabajo en Texas. Los trabajadores que realizaban tareas de construcci\u00f3n en las industrias del petr\u00f3leo, el gas, la miner\u00eda y la madera registraron otras 130 muertes.<\/p>\n\n\n\n<h2 class=\"wp-block-heading\">Lesiones habituales en las obras de construcci\u00f3n y sus causas<\/h2>\n\n\n\n<p>Las obras de construcci\u00f3n pueden ser lugares peligrosos para trabajar. La Administraci\u00f3n de Seguridad y Salud Ocupacional (OSHA) enumera cuatro de las \u201cprincipales causas\u201d de accidentes. Entre ellas se incluyen las ca\u00eddas, la electrocuci\u00f3n, los golpes por impacto con objetos y el quedar atrapado en o entre equipos u objetos.<\/p>\n\n\n\n<p>En 2024, la Oficina de Estad\u00edsticas Laborales (BLS) determin\u00f3 que entre las principales causas de muerte en las obras de construcci\u00f3n se encontraban:&nbsp;<\/p>\n\n\n\n<ul class=\"wp-block-list\">\n<li><strong>Incidentes de transporte. <\/strong>Seis trabajadores de la construcci\u00f3n Texas <a href=\"https:\/\/www.chandlerrosslaw.com\/es\/muerte-por-negligencia\/\">fallecieron en accidentes de tr\u00e1fico<\/a> y situaciones similares en 2024.<\/li>\n\n\n\n<li><strong><a href=\"https:\/\/www.chandlerrosslaw.com\/es\/lesion-por-quemadura\/\">Explosiones e incendios<\/a>. <\/strong>53 trabajadores de la construcci\u00f3n sufrieron lesiones mortales en incendios.<\/li>\n\n\n\n<li><a href=\"https:\/\/www.chandlerrosslaw.com\/es\/resbalones-caidas\/\"><strong>Ca\u00eddas, resbalones y tropiezos<\/strong><\/a><strong>. <\/strong>En 2024, cuatro trabajadores de la construcci\u00f3n fallecieron tras sufrir una ca\u00edda en el trabajo.<\/li>\n\n\n\n<li><strong>Exposici\u00f3n a sustancias y entornos nocivos. <\/strong>48 trabajadores de la construcci\u00f3n Texas sufrieron lesiones mortales a causa de temperaturas extremas, sustancias qu\u00edmicas t\u00f3xicas y exposiciones similares.<\/li>\n\n\n\n<li><strong>Incidentes de contacto. <\/strong>En 2024, 56 trabajadores de la construcci\u00f3n fallecieron al quedar atrapados o aplastados por materiales, equipos o escombros.<\/li>\n<\/ul>\n\n\n\n<p>Los trabajadores de la construcci\u00f3n tambi\u00e9n pueden enfrentarse a otros riesgos. Un abogado puede ayudarle si usted o un ser querido ha sufrido una lesi\u00f3n en una obra.&nbsp;&nbsp;<\/p>\n\n\n\n<h2 class=\"wp-block-heading\">Indemnizaci\u00f3n por accidentes laborales y lesiones en la construcci\u00f3n en Dallas<\/h2>\n\n\n\n<p>Cuando se sufre una lesi\u00f3n grave, las facturas se acumulan r\u00e1pidamente. La atenci\u00f3n m\u00e9dica es costosa. Es a\u00fan m\u00e1s dif\u00edcil pagarla cuando no se tiene trabajo y no se pueden obtener ingresos. Cubrir los gastos de alimentaci\u00f3n, servicios p\u00fablicos y otros gastos tambi\u00e9n puede resultar complicado.<\/p>\n\n\n\n<p>El seguro de accidentes de trabajo tiene por objeto ayudar a los trabajadores lesionados y a sus familias tras sufrir una lesi\u00f3n relacionada con el trabajo. El seguro de accidentes de trabajo se aplica a los empleados si su empleador paga un seguro o est\u00e1 autoasegurado. En Texas, el seguro de accidentes de trabajo ofrece cuatro tipos de prestaciones.<\/p>\n\n\n\n<p><strong>Beneficios m\u00e9dicos <\/strong>cubren la atenci\u00f3n m\u00e9dica por sus lesiones. Estas prestaciones cubren la atenci\u00f3n m\u00e9dica \u201crazonable y necesaria\u201d.&nbsp;<\/p>\n\n\n\n<p><strong>Beneficios por ingresos <\/strong>le ayudan a compensar los ingresos que ha perdido si su lesi\u00f3n le impide trabajar. Existen diferentes tipos de prestaciones por ingresos, dependiendo del tiempo que lleve sin trabajar. Tambi\u00e9n hay prestaciones que se aplican si su lesi\u00f3n le impide volver a trabajar o le ha causado ciertos tipos de da\u00f1os permanentes.<\/p>\n\n\n\n<p><strong>Prestaciones por fallecimiento y entierro <\/strong>Ambas opciones son aplicables si un accidente laboral en la construcci\u00f3n provoca la muerte. Si ha perdido a un ser querido, puede solicitar ayuda para sufragar los gastos del funeral mediante las prestaciones por entierro. Tambi\u00e9n puede solicitar prestaciones que le ayuden a reemplazar los ingresos de su ser querido, de modo que pueda seguir manteniendo a su familia.<\/p>\n\n\n\n<p>Tras una lesi\u00f3n grave o la muerte de un ser querido, es dif\u00edcil saber a qui\u00e9n acudir. Es posible que tenga derecho a prestaciones por accidente laboral, pero puede resultar complicado obtenerlas. Cuando se est\u00e1 lidiando con lesiones, lidiar con el papeleo y las llamadas telef\u00f3nicas puede parecer una carga demasiado pesada.&nbsp;<\/p>\n\n\n\n<h2 class=\"wp-block-heading\">Reclamaciones por lesiones en obras de construcci\u00f3n presentadas por terceros<\/h2>\n\n\n\n<p>El seguro de accidentes de trabajo facilita la obtenci\u00f3n de prestaciones si usted est\u00e1 cubierto. Pero, \u00bfqu\u00e9 ocurre si sus lesiones fueron causadas por un tercero, que no sea su jefe ni sus compa\u00f1eros de trabajo? \u00bfY si no cuenta con cobertura del seguro de accidentes de trabajo?&nbsp;<\/p>\n\n\n\n<p>En estas situaciones, es posible que tenga derecho a presentar una demanda contra un tercero. Este tipo de demanda puede ayudarle a obtener la cobertura que necesita.&nbsp;<\/p>\n\n\n\n<p>Muchos trabajadores de la construcci\u00f3n de Texas sufren lesiones causadas por terceros. Un trabajador de la construcci\u00f3n puede sufrir <a href=\"https:\/\/www.chandlerrosslaw.com\/es\/dallas\/abogado-de-accidentes-de-coche-2\/\">atropellado por un autom\u00f3vil en una zona de obras<\/a>. Si esto ocurre, el trabajador podr\u00eda tener motivos para demandar al conductor negligente. Los defectos ocultos en las herramientas o el equipo pueden provocar lesiones, y el dise\u00f1ador o fabricante de las herramientas podr\u00eda ser responsable. Si una empresa externa deja caer materiales sobre un trabajador de la construcci\u00f3n durante la descarga, dicha empresa podr\u00eda ser responsable.\u00a0<\/p>\n\n\n\n<p>\u00bfPor qu\u00e9 deber\u00eda considerar una reclamaci\u00f3n de terceros? Hay tres ventajas:&nbsp;<\/p>\n\n\n\n<p><strong>Una reclamaci\u00f3n por responsabilidad civil puede cubrir sus p\u00e9rdidas incluso si no cuenta con un seguro de accidentes de trabajo. <\/strong>Es posible que su empleador no cuente con cobertura de seguro de accidentes laborales. O tal vez usted sea un contratista que no tiene acceso a dicho seguro. Sea cual sea el motivo, si no puede obtener prestaciones, una demanda contra un tercero puede serle de ayuda. La indemnizaci\u00f3n puede cubrir los gastos m\u00e9dicos y los salarios perdidos, es decir, los gastos que el seguro de accidentes laborales habr\u00eda cubierto si usted estuviera amparado por \u00e9l.<\/p>\n\n\n\n<p><strong>Una demanda contra terceros puede permitir obtener prestaciones que el seguro de accidentes de trabajo no cubre. <\/strong>Independientemente de si cuenta con prestaciones por accidente laboral o no, estas prestaciones no cubrir\u00e1n todos los gastos. Por ejemplo, el seguro de accidentes laborales no cubre <a href=\"https:\/\/www.chandlerrosslaw.com\/es\/accidentes-de-trafico\/abogado-especializado-en-danos-y-perjuicios-en-denton\/\">dolor f\u00edsico y sufrimiento<\/a>, el impacto emocional de la desfiguraci\u00f3n o la imposibilidad de realizar las actividades que antes le encantaban. Una demanda contra terceros puede garantizarle una indemnizaci\u00f3n por estas p\u00e9rdidas.\u00a0<\/p>\n\n\n\n<p><strong>Una demanda contra terceros exige responsabilidades a las partes negligentes. <\/strong><a href=\"https:\/\/www.chandlerrosslaw.com\/es\/accidentes-de-trafico\/abogado-especializado-en-accidentes-en-zonas-de-obras\/\">Conductores que exceden la velocidad en zonas de obras<\/a> pone a todos en peligro. Un defecto oculto en una herramienta podr\u00eda causar lesiones a cientos de trabajadores de la construcci\u00f3n en todo el pa\u00eds. Las empresas que no velan por la seguridad de los trabajadores al realizar entregas en las obras no deber\u00edan estar presentes en ellas. Su caso puede hacer que las partes negligentes como estas rindan cuentas, y evitar que causen da\u00f1o a otras personas.\u00a0<\/p>\n\n\n\n<p>Puede presentar una demanda contra terceros independientemente de si cuenta o no con cobertura de seguro de accidentes laborales. Los casos de seguro de accidentes laborales y los casos contra terceros pueden influir mutuamente. Consulte con un abogado para conocer sus opciones.&nbsp;<\/p>\n\n\n\n<h2 class=\"wp-block-heading\">\u00bfDe cu\u00e1nto tiempo dispongo para presentar una reclamaci\u00f3n?\u00a0<\/h2>\n\n\n\n<p>Tiene treinta d\u00edas para presentar una reclamaci\u00f3n de indemnizaci\u00f3n laboral, a partir de la fecha en que se produjo la lesi\u00f3n. Puede notificarlo a cualquier persona que ejerza funciones de supervisi\u00f3n o direcci\u00f3n en su lugar de trabajo.&nbsp;<\/p>\n\n\n\n<p>En el caso de una demanda contra un tercero, dispone de dos a\u00f1os a partir de la fecha en que se produjo la lesi\u00f3n para presentar la demanda. Si no la presenta en el plazo de dos a\u00f1os, perder\u00e1 el derecho a hacerlo.&nbsp;<\/p>\n\n\n\n<p>Cumplir con estos plazos puede resultar dif\u00edcil. Es a\u00fan m\u00e1s complicado cuando se sufre una lesi\u00f3n grave o se est\u00e1 pasando por el duelo por la p\u00e9rdida de un ser querido. Consulte a un abogado especializado en lesiones de construcci\u00f3n de Dallas para obtener m\u00e1s informaci\u00f3n.&nbsp;<\/p>\n\n\n\n<h2 class=\"wp-block-heading\">P\u00f3ngase en contacto con el equipo de Chandler y Ross hoy mismo<\/h2>\n\n\n\n<p>El sector de la construcci\u00f3n desempe\u00f1a un papel fundamental en la econom\u00eda y la vida cotidiana de Dallas. Sin los trabajadores de la construcci\u00f3n, los residentes y visitantes de Dallas no dispondr\u00edan de los edificios, las carreteras, las aceras y otros lugares de los que dependen a diario.&nbsp;<\/p>\n\n\n\n<p>Una lesi\u00f3n pone fin a todo su esfuerzo. Un abogado puede ayudarle a retomar el rumbo de su vida de las siguientes maneras:<\/p>\n\n\n\n<ul class=\"wp-block-list\">\n<li>Analizar sus lesiones e identificar qui\u00e9n es el responsable,\u00a0<\/li>\n\n\n\n<li>Gesti\u00f3n de reclamaciones de indemnizaci\u00f3n laboral retrasadas o denegadas,<\/li>\n\n\n\n<li>Luchamos para que usted obtenga el m\u00e1ximo de sus prestaciones,<\/li>\n\n\n\n<li>Asegurarse de cumplir con los plazos necesarios,<\/li>\n\n\n\n<li>Defendemos sus intereses legales tanto en materia de indemnizaci\u00f3n laboral como en cualquier otro asunto jur\u00eddico relacionado,\u00a0<\/li>\n\n\n\n<li>Responder a sus preguntas y asegurarnos de que su opini\u00f3n sea tenida en cuenta durante todo el proceso.\u00a0<\/li>\n<\/ul>\n\n\n\n<p>Si ha sufrido una lesi\u00f3n en el sector de la construcci\u00f3n, no espere. <a href=\"https:\/\/www.chandlerrosslaw.com\/es\/pongase-en-contacto-con\/\">Consulte a un abogado experto en lesiones laborales en el sector de la construcci\u00f3n<\/a> hoy mismo. El equipo de Chandler Ross PLLC est\u00e1 a su disposici\u00f3n para ayudarle.<\/p>","protected":false},"excerpt":{"rendered":"<p>Dallas: Fort Worth y los suburbios circundantes est\u00e1n en pleno auge. La cercana Princeton es la ciudad de m\u00e1s r\u00e1pido crecimiento en los Estados Unidos. Las localidades vecinas de Celina, Melissa, Anna y Fate tambi\u00e9n est\u00e1n experimentando un crecimiento significativo. La propia Dallas tambi\u00e9n sigue expandi\u00e9ndose. El crecimiento econ\u00f3mico implica m\u00e1s obras de construcci\u00f3n, y m\u00e1s obras de construcci\u00f3n implican un mayor riesgo de lesiones. Si usted o un ser querido\u2026<\/p>","protected":false},"author":2,"featured_media":19096,"parent":19090,"menu_order":0,"comment_status":"closed","ping_status":"closed","template":"","meta":{"_acf_changed":false,"footnotes":""},"class_list":["post-21093","page","type-page","status-publish","has-post-thumbnail","hentry"],"acf":[],"_links":{"self":[{"href":"https:\/\/www.chandlerrosslaw.com\/es\/wp-json\/wp\/v2\/pages\/21093","targetHints":{"allow":["GET"]}}],"collection":[{"href":"https:\/\/www.chandlerrosslaw.com\/es\/wp-json\/wp\/v2\/pages"}],"about":[{"href":"https:\/\/www.chandlerrosslaw.com\/es\/wp-json\/wp\/v2\/types\/page"}],"author":[{"embeddable":true,"href":"https:\/\/www.chandlerrosslaw.com\/es\/wp-json\/wp\/v2\/users\/2"}],"replies":[{"embeddable":true,"href":"https:\/\/www.chandlerrosslaw.com\/es\/wp-json\/wp\/v2\/comments?post=21093"}],"version-history":[{"count":1,"href":"https:\/\/www.chandlerrosslaw.com\/es\/wp-json\/wp\/v2\/pages\/21093\/revisions"}],"predecessor-version":[{"id":21094,"href":"https:\/\/www.chandlerrosslaw.com\/es\/wp-json\/wp\/v2\/pages\/21093\/revisions\/21094"}],"up":[{"embeddable":true,"href":"https:\/\/www.chandlerrosslaw.com\/es\/wp-json\/wp\/v2\/pages\/19090"}],"wp:featuredmedia":[{"embeddable":true,"href":"https:\/\/www.chandlerrosslaw.com\/es\/wp-json\/wp\/v2\/media\/19096"}],"wp:attachment":[{"href":"https:\/\/www.chandlerrosslaw.com\/es\/wp-json\/wp\/v2\/media?parent=21093"}],"curies":[{"name":"wp","href":"https:\/\/api.w.org\/{rel}","templated":true}]}}