{"id":21084,"date":"2026-04-23T23:46:02","date_gmt":"2026-04-23T23:46:02","guid":{"rendered":"https:\/\/www.chandlerrosslaw.com\/?page_id=21084"},"modified":"2026-04-23T23:46:04","modified_gmt":"2026-04-23T23:46:04","slug":"abogado-especializado-en-accidentes-laborales-en-el-sector-de-la-construccion","status":"publish","type":"page","link":"https:\/\/www.chandlerrosslaw.com\/es\/denton-county\/construction-injury-attorney\/","title":{"rendered":"Denton: Abogado especializado en accidentes laborales en el sector de la construcci\u00f3n en el condado"},"content":{"rendered":"<p>Las obras de construcci\u00f3n son una parte fundamental del crecimiento comunitario y econ\u00f3mico del condado de Denton. Gracias a la labor de los trabajadores de la construcci\u00f3n, la ampliaci\u00f3n de las carreteras, el crecimiento del sector inmobiliario, el desarrollo de espacios comerciales y los proyectos p\u00fablicos contribuyen al progreso del condado de Denton. Esta labor es crucial, pero tambi\u00e9n expone a los trabajadores de la construcci\u00f3n y a los transe\u00fantes a graves riesgos. La maquinaria pesada, las plataformas de trabajo elevadas, los materiales en movimiento y las obras abarrotadas pueden generar peligros que ponen en riesgo la vida y el sustento de quienes se encuentran en la zona.&nbsp;<\/p>\n\n\n\n<p>Los pasos a seguir tras sufrir un accidente laboral en la construcci\u00f3n no siempre est\u00e1n claros, y las medidas que se deben tomar pueden variar en funci\u00f3n de la causa del accidente. A <a href=\"https:\/\/www.chandlerrosslaw.com\/es\/lesiones-en-obras-de-construccion\/\">Denton Abogado especializado en accidentes laborales en el sector de la construcci\u00f3n en el condado de Chandler Ross<\/a> puede ayudarle a superar estas situaciones dif\u00edciles y a exigir responsabilidades a las partes culpables por los da\u00f1os sufridos. P\u00f3ngase en contacto con Chandler Ross en <a href=\"tel:1-940-800-2500\">(940) 800-2500<\/a> para hablar sobre su caso de accidente laboral Denton con un miembro de nuestro <a href=\"https:\/\/www.chandlerrosslaw.com\/es\/condado-de-denton\/abogados-de-lesiones-personales\/\">equipo de lesiones personales<\/a>.\u00a0<\/p>\n\n\n\n<h2 class=\"wp-block-heading\">\u00bfQu\u00e9 debe hacer inmediatamente despu\u00e9s de un accidente de construcci\u00f3n?<\/h2>\n\n\n\n<p>Si ha sufrido lesiones o ha perdido a un ser querido en un accidente de construcci\u00f3n, es posible que tenga derecho a una indemnizaci\u00f3n. El tipo de reclamaci\u00f3n y la indemnizaci\u00f3n dependen de diversos factores, como el motivo por el que se encontraba en la obra y qu\u00e9 incidente evitable le caus\u00f3 las lesiones. Esa es una de las muchas razones por las que este tipo de reclamaciones y demandas pueden resultar complejas.&nbsp;<\/p>\n\n\n\n<p>Aunque los pasos concretos pueden variar en funci\u00f3n de su situaci\u00f3n espec\u00edfica, en general, entre las medidas que se deben tomar se incluyen las siguientes:<\/p>\n\n\n\n<ul class=\"wp-block-list\">\n<li>P\u00f3ngase en contacto con el supervisor o el gerente para informar de lo sucedido;\u00a0<\/li>\n\n\n\n<li>Busque atenci\u00f3n m\u00e9dica de urgencia y tratamiento de seguimiento;<\/li>\n\n\n\n<li>Documente todo lo que pueda, incluyendo se\u00f1ales, peligros y equipos defectuosos;<\/li>\n\n\n\n<li>Recopile los nombres y la informaci\u00f3n de contacto de los testigos; y\u00a0<\/li>\n\n\n\n<li><a href=\"https:\/\/www.chandlerrosslaw.com\/es\/pongase-en-contacto-con\/\">P\u00f3ngase en contacto con un abogado con experiencia en lesiones en obras de construcci\u00f3n Texas<\/a>.\u00a0<\/li>\n<\/ul>\n\n\n\n<p>Estas medidas pueden ayudar a preservar las pruebas y aumentar las posibilidades de obtener la m\u00e1xima indemnizaci\u00f3n.&nbsp;<\/p>\n\n\n\n<h2 class=\"wp-block-heading\">Informaci\u00f3n sobre las reclamaciones por accidentes laborales en el sector de la construcci\u00f3n en Texas<\/h2>\n\n\n\n<p>El proceso que sigue una demanda por lesiones en una obra de construcci\u00f3n Texas depende de qui\u00e9n caus\u00f3 el accidente, d\u00f3nde ocurri\u00f3 y qu\u00e9 tipo de da\u00f1os y perjuicios se pretenden recuperar.&nbsp;<\/p>\n\n\n\n<h3 class=\"wp-block-heading\">\u00bfC\u00f3mo funcionan las reclamaciones de indemnizaci\u00f3n laboral en Denton?\u00a0<\/h3>\n\n\n\n<p>El programa de indemnizaci\u00f3n laboral es un programa sin culpa que ofrece a los trabajadores determinadas prestaciones cuando cumplen los requisitos <a href=\"https:\/\/www.chandlerrosslaw.com\/es\/lesion-laboral\/\">lesiones laborales<\/a>. Si bien el seguro de accidentes de trabajo no exige a los empleados que demuestren la culpa, tambi\u00e9n limita la indemnizaci\u00f3n que se puede obtener.<\/p>\n\n\n\n<p>La indemnizaci\u00f3n por accidentes de trabajo suele cubrir:<\/p>\n\n\n\n<ul class=\"wp-block-list\">\n<li>\u200bTratamiento m\u00e9dico relacionado con la lesi\u00f3n;<\/li>\n\n\n\n<li>una parte de los salarios perdidos; y<\/li>\n\n\n\n<li>Prestaciones por discapacidad en determinados casos.<\/li>\n<\/ul>\n\n\n\n<p>Este sistema ofrece una protecci\u00f3n b\u00e1sica, pero no proporciona una indemnizaci\u00f3n completa a muchos trabajadores lesionados.<\/p>\n\n\n\n<h3 class=\"wp-block-heading\">Reclamaciones por lesiones en la construcci\u00f3n presentadas por terceros<\/h3>\n\n\n\n<p>Una reclamaci\u00f3n contra terceros le permite solicitar una indemnizaci\u00f3n a alguien distinto de su empleador que haya contribuido al accidente. Estas reclamaciones suelen surgir en obras de construcci\u00f3n en las que operan varias empresas al mismo tiempo.<\/p>\n\n\n\n<p>Es posible que tenga una reclamaci\u00f3n contra un tercero:<\/p>\n\n\n\n<ul class=\"wp-block-list\">\n<li>Subcontratistas que realizan trabajos peligrosos;<\/li>\n\n\n\n<li>Los propietarios que no mantuvieron condiciones seguras;<\/li>\n\n\n\n<li>Los fabricantes de equipos son responsables de las herramientas defectuosas; y<\/li>\n\n\n\n<li>Conductores implicados en accidentes de tr\u00e1fico relacionados con el trabajo.<\/li>\n<\/ul>\n\n\n\n<p>Estas reclamaciones pueden incluir indemnizaciones m\u00e1s amplias, como la indemnizaci\u00f3n por da\u00f1os morales, que no est\u00e1n contempladas \u00fanicamente en el marco del seguro de accidentes de trabajo.<\/p>\n\n\n\n<h3 class=\"wp-block-heading\">Reclamaciones de empleadores no afiliados<\/h3>\n\n\n\n<p>Seg\u00fan <a href=\"https:\/\/statutes.capitol.texas.gov\/?tab=1&amp;code=LA&amp;chapter=LA.406&amp;artSec=406.033\" target=\"_blank\" rel=\"noreferrer noopener\">Art\u00edculo 406.033<\/a>, la norma Texas permite a los empleadores optar por no participar en la cobertura de indemnizaci\u00f3n laboral. A estos empleadores se les conoce como \u2019no suscriptores\u00bb. Lo m\u00e1s recomendable es que analice su situaci\u00f3n particular con un abogado con experiencia en lesiones laborales en el sector de la construcci\u00f3n del condado Denton para conocer sus opciones legales.<\/p>\n\n\n\n<h2 class=\"wp-block-heading\">Causas comunes de los accidentes de construcci\u00f3n en el condado de Denton<\/h2>\n\n\n\n<p>Las compa\u00f1\u00edas de seguros y las partes responsables pueden alegar que la causa del accidente no es m\u00e1s que un riesgo inherente y aceptado o un verdadero accidente. Sin embargo, en realidad, muchos accidentes en obras de construcci\u00f3n se deben a fallos de seguridad que se podr\u00edan haber evitado.&nbsp;<\/p>\n\n\n\n<p>Entre las causas m\u00e1s frecuentes se encuentran:<\/p>\n\n\n\n<ul class=\"wp-block-list\">\n<li><a href=\"https:\/\/www.chandlerrosslaw.com\/es\/resbalones-caidas\/\">Cataratas<\/a> desde andamios, escaleras o tejados;<\/li>\n\n\n\n<li>Accidentes por golpe con herramientas o materiales;<\/li>\n\n\n\n<li>Fallos en los equipos o falta de mantenimiento;<\/li>\n\n\n\n<li>Electrocuci\u00f3n causada por cables expuestos o instalaciones inseguras; y<\/li>\n\n\n\n<li>Accidentes por atrapamiento o por quedar atrapado entre piezas de maquinaria.<\/li>\n<\/ul>\n\n\n\n<p>Cada caso requiere una investigaci\u00f3n detallada para determinar qui\u00e9n es el responsable.<\/p>\n\n\n\n<h2 class=\"wp-block-heading\">Tipos de lesiones que se observan en las obras de construcci\u00f3n<\/h2>\n\n\n\n<p>Las lesiones sufridas en la construcci\u00f3n suelen implicar un trauma f\u00edsico considerable, y la gravedad de estas lesiones puede afectar todos los aspectos de su vida. El tipo de lesi\u00f3n tambi\u00e9n influye a la hora de determinar la indemnizaci\u00f3n.<\/p>\n\n\n\n<p>Las lesiones m\u00e1s comunes incluyen:<\/p>\n\n\n\n<ul class=\"wp-block-list\">\n<li><a href=\"https:\/\/www.chandlerrosslaw.com\/es\/lesion-cerebral-traumatica\/\">Lesiones cerebrales traum\u00e1ticas<\/a> y conmociones cerebrales;<\/li>\n\n\n\n<li>Lesiones de la m\u00e9dula espinal y da\u00f1os en la espalda;<\/li>\n\n\n\n<li><a href=\"https:\/\/www.chandlerrosslaw.com\/es\/fracturas-lesiones-de-tejidos-blandos\/\">Huesos rotos y fracturas<\/a>;\u00a0<\/li>\n\n\n\n<li>Laceraciones graves y amputaciones; y<\/li>\n\n\n\n<li><a href=\"https:\/\/www.chandlerrosslaw.com\/es\/lesion-por-quemadura\/\">Quemaduras causadas por exposici\u00f3n a la electricidad o a sustancias qu\u00edmicas<\/a>.<\/li>\n<\/ul>\n\n\n\n<p>Estas lesiones suelen requerir un tratamiento prolongado, rehabilitaci\u00f3n y atenci\u00f3n m\u00e9dica continua.<\/p>\n\n\n\n<h2 class=\"wp-block-heading\">\u00bfCu\u00e1nto vale un caso de lesiones en la construcci\u00f3n?<\/h2>\n\n\n\n<p>Es posible que desee una estimaci\u00f3n clara del valor de su caso, y dicho valor depende de varios factores. Una evaluaci\u00f3n exhaustiva tiene en cuenta tanto las p\u00e9rdidas econ\u00f3micas como el impacto personal.<\/p>\n\n\n\n<p>Los da\u00f1os econ\u00f3micos se refieren a p\u00e9rdidas financieras cuantificables, como gastos m\u00e9dicos y salarios perdidos. Los da\u00f1os no econ\u00f3micos se refieren a p\u00e9rdidas personales, entre las que se incluyen el dolor y la disminuci\u00f3n de la calidad de vida.<\/p>\n\n\n\n<p>La remuneraci\u00f3n puede incluir:<\/p>\n\n\n\n<ul class=\"wp-block-list\">\n<li>Gastos m\u00e9dicos actuales y futuros;<\/li>\n\n\n\n<li>P\u00e9rdida de ingresos y disminuci\u00f3n de la capacidad de generar ingresos;<\/li>\n\n\n\n<li>Dolor f\u00edsico y angustia emocional; y<\/li>\n\n\n\n<li>Discapacidad o deficiencia permanente.<\/li>\n<\/ul>\n\n\n\n<p>Una revisi\u00f3n detallada ayuda a garantizar que no se pase por alto ninguna categor\u00eda de p\u00e9rdidas.<\/p>\n\n\n\n<h2 class=\"wp-block-heading\">Riesgos del sector de la construcci\u00f3n en los condados Texas y Denton<\/h2>\n\n\n\n<p>Los datos recientes muestran que la construcci\u00f3n sigue siendo uno de los sectores m\u00e1s peligrosos en Texas, y estos riesgos afectan a los trabajadores de todo el condado de Denton. Estas estad\u00edsticas ayudan a explicar la frecuencia con la que se producen lesiones graves.<\/p>\n\n\n\n<p>La Oficina de Estad\u00edsticas Laborales de EE. UU. inform\u00f3 que el sector de la construcci\u00f3n se sit\u00faa sistem\u00e1ticamente entre las industrias con mayor n\u00famero de accidentes mortales en el lugar de trabajo a nivel nacional. Texas sigue registrando uno de los \u00edndices m\u00e1s altos de <a href=\"https:\/\/www.chandlerrosslaw.com\/es\/muerte-por-negligencia\/\">accidentes laborales mortales<\/a> cada a\u00f1o, debido a su numerosa poblaci\u00f3n activa y a su din\u00e1mico sector de la construcci\u00f3n.<\/p>\n\n\n\n<p>Las ca\u00eddas siguen siendo la principal causa de muerte en el sector de la construcci\u00f3n y representan un porcentaje significativo de los accidentes mortales cada a\u00f1o, seg\u00fan datos federales sobre seguridad. Los accidentes por golpes, las electrocuciones y los accidentes por atrapamiento tambi\u00e9n contribuyen a las tasas de lesiones graves.<\/p>\n\n\n\n<p>El Consejo Nacional de Seguridad estima que los accidentes laborales costaron $176.5 mil millones en 2023, incluyendo $53.1 mil millones en salarios y productividad perdidos y $36.8 mil millones en gastos m\u00e9dicos. Estas cifras ponen de relieve el impacto financiero de los accidentes laborales en todo el pa\u00eds.<\/p>\n\n\n\n<p>Datos federales adicionales confirman que miles de trabajadores de la construcci\u00f3n sufren cada a\u00f1o lesiones no mortales que les obligan a ausentarse del trabajo, muchas de las cuales les dejan con limitaciones a largo plazo.<\/p>\n\n\n\n<p>Estas cifras demuestran que los accidentes laborales en el sector de la construcci\u00f3n no son casos aislados y que, a menudo, tienen graves consecuencias.<\/p>\n\n\n\n<h2 class=\"wp-block-heading\">Actividad de la construcci\u00f3n local y riesgos de lesiones en el condado Denton<\/h2>\n\n\n\n<p>El condado de Denton sigue experimentando un r\u00e1pido crecimiento, lo que impulsa la construcci\u00f3n continua de proyectos residenciales, comerciales y de infraestructura. El aumento de la actividad suele conllevar una mayor exposici\u00f3n a los riesgos en las obras.<\/p>\n\n\n\n<p>Las principales autopistas, como la Interestatal 35 y la Ruta 380 de los Estados Unidos, son escenario de constantes proyectos de desarrollo, entre los que se incluyen ampliaciones de la red viaria, la construcci\u00f3n de comercios minoristas y urbanizaciones. Ciudades como Denton, <a href=\"https:\/\/www.chandlerrosslaw.com\/es\/lewisville\/abogado-especializado-en-lesiones-laborales\/\">Lewisville<\/a>y <a href=\"https:\/\/www.chandlerrosslaw.com\/es\/monticulo-de-flores\/abogados-especializados-en-lesiones-laborales-2\/\">Flower Mound<\/a> seguimos viendo nuevas obras de construcci\u00f3n que requieren equipos numerosos y una coordinaci\u00f3n compleja.<\/p>\n\n\n\n<p>En las obras locales suelen trabajar varios contratistas al mismo tiempo, lo que aumenta el riesgo de fallos de comunicaci\u00f3n y de que se den condiciones inseguras. La maquinaria pesada, las zonas de trabajo en altura y los plazos ajustados pueden contribuir a que se produzcan accidentes.<\/p>\n\n\n\n<p>Comprender estas circunstancias locales puede ayudar a identificar a los responsables y a reforzar una reclamaci\u00f3n tras una lesi\u00f3n.<\/p>\n\n\n\n<h2 class=\"wp-block-heading\">C\u00f3mo responden las compa\u00f1\u00edas de seguros a las reclamaciones por accidentes laborales en la construcci\u00f3n<\/h2>\n\n\n\n<p>Es posible que encuentre resistencia al solicitar una indemnizaci\u00f3n, y las compa\u00f1\u00edas de seguros suelen tomar medidas para limitar los pagos. Reconocer estas t\u00e1cticas puede ayudarle a proteger su reclamaci\u00f3n.<\/p>\n\n\n\n<p>Entre las estrategias m\u00e1s comunes se incluyen:<\/p>\n\n\n\n<ul class=\"wp-block-list\">\n<li>Discutiendo sobre c\u00f3mo ocurri\u00f3 el accidente;<\/li>\n\n\n\n<li>Cuestionar la gravedad de las lesiones;<\/li>\n\n\n\n<li>Retrasos en la tramitaci\u00f3n de reclamaciones;<\/li>\n\n\n\n<li>Ofrecer acuerdos anticipados antes de que se conozca el alcance total de la indemnizaci\u00f3n; y<\/li>\n\n\n\n<li>Intentar culpar al trabajador lesionado.<\/li>\n<\/ul>\n\n\n\n<p>Conocer estos enfoques le ayuda a tomar decisiones informadas a lo largo de todo el proceso.<\/p>\n\n\n\n<h2 class=\"wp-block-heading\">\u00bfCu\u00e1l es el plazo para presentar una reclamaci\u00f3n por lesiones en la construcci\u00f3n?<\/h2>\n\n\n\n<p>Debe actuar dentro de determinados plazos para proteger su derecho a una indemnizaci\u00f3n, y el incumplimiento de dichos plazos puede impedir por completo que obtenga una indemnizaci\u00f3n. Actuar con prontitud le permite conservar las pruebas y presentar una reclamaci\u00f3n s\u00f3lida.<\/p>\n\n\n\n<p><strong>Reclamaciones de indemnizaci\u00f3n laboral<\/strong> exigen que se informe de inmediato a su empleador, con plazos que var\u00edan seg\u00fan el estado. En muchas jurisdicciones, los empleados deben notificar a su empleador lo antes posible tras sufrir una lesi\u00f3n, y las reclamaciones formales deben presentarse dentro de un plazo legal que var\u00eda seg\u00fan el estado, y que suele oscilar entre 30 d\u00edas y un a\u00f1o o m\u00e1s. Consulte las leyes de indemnizaci\u00f3n laboral de su estado para conocer los plazos aplicables.&nbsp;<\/p>\n\n\n\n<p><strong>Reclamaciones por da\u00f1os personales <\/strong>Las reclamaciones en Texas suelen estar sujetas a un plazo de prescripci\u00f3n de dos a\u00f1os, de conformidad con el art\u00edculo 16.003 del C\u00f3digo de Pr\u00e1ctica Civil y Recursos de Texas, aunque pueden aplicarse excepciones dependiendo del tipo de reclamaci\u00f3n o del demandado en cuesti\u00f3n (por ejemplo, entidades gubernamentales).<\/p>\n\n\n\n<h2 class=\"wp-block-heading\">P\u00f3ngase en contacto con un abogado especializado en accidentes laborales de la construcci\u00f3n del condado de Denton en Chandler Ross Abogados de Accidentes<\/h2>\n\n\n\n<p>No tiene por qu\u00e9 gestionar una reclamaci\u00f3n por lesiones en la construcci\u00f3n por su cuenta. <a href=\"https:\/\/www.chandlerrosslaw.com\/es\/\">Chandler Ross Abogados de lesiones<\/a> colabora con los trabajadores lesionados de todo el condado de Denton para evaluar las reclamaciones, identificar a las partes responsables y reclamar una indemnizaci\u00f3n completa conforme a la legislaci\u00f3n de Texas.<\/p>\n\n\n\n<p>Si ha sufrido una lesi\u00f3n en una obra de construcci\u00f3n, puede ponerse en contacto con los abogados especializados en lesiones de Chandler Ross en <a href=\"tel:1-940-800-2500\">(940) 800-2500<\/a> para analizar su situaci\u00f3n y evaluar sus opciones legales.<\/p>\n\n\n\n<h2 class=\"wp-block-heading\">Preguntas frecuentes sobre las lesiones laborales en el condado de Denton<\/h2>\n\n\n<div id=\"rank-math-faq\" class=\"rank-math-block\">\n<div class=\"rank-math-list\">\n<div id=\"faq-question-1776987257549\" class=\"rank-math-list-item\">\n<h3 class=\"rank-math-question\">\u00bfPuedo presentar una demanda si recibo prestaciones por accidente laboral?<\/h3>\n<div class=\"rank-math-answer\">\n\n<p>Aun as\u00ed, puede presentar una demanda contra terceros responsables, incluso si recibe prestaciones por accidente laboral.<\/p>\n\n<\/div>\n<\/div>\n<div id=\"faq-question-1776987258872\" class=\"rank-math-list-item\">\n<h3 class=\"rank-math-question\">\u00bfQu\u00e9 pasar\u00eda si varias empresas estuvieran trabajando en la misma obra?<\/h3>\n<div class=\"rank-math-answer\">\n\n<p>La responsabilidad puede recaer en varias partes, y una investigaci\u00f3n puede identificar a cada entidad que haya contribuido al accidente.<\/p>\n\n<\/div>\n<\/div>\n<div id=\"faq-question-1776987260070\" class=\"rank-math-list-item\">\n<h3 class=\"rank-math-question\">\u00bfEs necesario demostrar la culpa en un caso de lesiones en la construcci\u00f3n?<\/h3>\n<div class=\"rank-math-answer\">\n\n<p>Es posible que tenga que demostrar la culpa en determinados tipos de casos. Los casos contra terceros suelen requerir la prueba de negligencia.<\/p>\n\n<\/div>\n<\/div>\n<div id=\"faq-question-1776987260754\" class=\"rank-math-list-item\">\n<h3 class=\"rank-math-question\">\u00bfCu\u00e1nto tiempo tarda en resolverse un caso de lesiones en la construcci\u00f3n?<\/h3>\n<div class=\"rank-math-answer\">\n\n<p>Los casos de lesiones en la construcci\u00f3n dependen de la gravedad de las lesiones, del n\u00famero de partes responsables y de si el caso requiere un proceso judicial.\u00a0<\/p>\n\n<\/div>\n<\/div>\n<div id=\"faq-question-1776987261405\" class=\"rank-math-list-item\">\n<h3 class=\"rank-math-question\">\u00bfPuedo obtener una indemnizaci\u00f3n por lesiones de larga duraci\u00f3n?<\/h3>\n<div class=\"rank-math-answer\">\n\n<p>Si cuenta con pruebas m\u00e9dicas, es posible que pueda obtener una indemnizaci\u00f3n por da\u00f1os y perjuicios por lesiones de larga duraci\u00f3n o permanentes.<\/p>\n\n<\/div>\n<\/div>\n<\/div>\n<\/div>","protected":false},"excerpt":{"rendered":"<p>Las obras de construcci\u00f3n son una parte fundamental del crecimiento comunitario y econ\u00f3mico del condado de Denton. Gracias a la labor de los trabajadores de la construcci\u00f3n, la ampliaci\u00f3n de las carreteras, el crecimiento del sector inmobiliario, el desarrollo de espacios comerciales y los proyectos p\u00fablicos contribuyen al progreso del condado de Denton. Esta labor es crucial, pero tambi\u00e9n expone a los trabajadores de la construcci\u00f3n y a los transe\u00fantes a graves riesgos. La maquinaria pesada, el trabajo en altura\u2026<\/p>","protected":false},"author":2,"featured_media":19096,"parent":18369,"menu_order":0,"comment_status":"closed","ping_status":"closed","template":"","meta":{"_acf_changed":false,"footnotes":""},"class_list":["post-21084","page","type-page","status-publish","has-post-thumbnail","hentry"],"acf":[],"_links":{"self":[{"href":"https:\/\/www.chandlerrosslaw.com\/es\/wp-json\/wp\/v2\/pages\/21084","targetHints":{"allow":["GET"]}}],"collection":[{"href":"https:\/\/www.chandlerrosslaw.com\/es\/wp-json\/wp\/v2\/pages"}],"about":[{"href":"https:\/\/www.chandlerrosslaw.com\/es\/wp-json\/wp\/v2\/types\/page"}],"author":[{"embeddable":true,"href":"https:\/\/www.chandlerrosslaw.com\/es\/wp-json\/wp\/v2\/users\/2"}],"replies":[{"embeddable":true,"href":"https:\/\/www.chandlerrosslaw.com\/es\/wp-json\/wp\/v2\/comments?post=21084"}],"version-history":[{"count":1,"href":"https:\/\/www.chandlerrosslaw.com\/es\/wp-json\/wp\/v2\/pages\/21084\/revisions"}],"predecessor-version":[{"id":21085,"href":"https:\/\/www.chandlerrosslaw.com\/es\/wp-json\/wp\/v2\/pages\/21084\/revisions\/21085"}],"up":[{"embeddable":true,"href":"https:\/\/www.chandlerrosslaw.com\/es\/wp-json\/wp\/v2\/pages\/18369"}],"wp:featuredmedia":[{"embeddable":true,"href":"https:\/\/www.chandlerrosslaw.com\/es\/wp-json\/wp\/v2\/media\/19096"}],"wp:attachment":[{"href":"https:\/\/www.chandlerrosslaw.com\/es\/wp-json\/wp\/v2\/media?parent=21084"}],"curies":[{"name":"wp","href":"https:\/\/api.w.org\/{rel}","templated":true}]}}