{"id":21081,"date":"2026-04-23T23:30:53","date_gmt":"2026-04-23T23:30:53","guid":{"rendered":"https:\/\/www.chandlerrosslaw.com\/?page_id=21081"},"modified":"2026-04-23T23:30:55","modified_gmt":"2026-04-23T23:30:55","slug":"abogado-especializado-en-accidentes-laborales","status":"publish","type":"page","link":"https:\/\/www.chandlerrosslaw.com\/es\/arlington\/workplace-injury-attorney\/","title":{"rendered":"Arlington Abogado especializado en accidentes laborales"},"content":{"rendered":"<p>Ir al trabajo no deber\u00eda poner en riesgo su salud ni su estabilidad financiera. Sin embargo, los empleados de Arlington y Texas suelen sufrir lesiones en situaciones que comenzaron como tareas rutinarias. Una ca\u00edda en un estacionamiento, un equipo que funciona mal o un movimiento repetitivo que, con el tiempo, provoca una sobrecarga gradual, pueden dar lugar a lesiones que alteran la vida cotidiana. En muchos casos, la lesi\u00f3n inmediata es solo el comienzo. Las citas m\u00e9dicas, el tiempo de baja laboral y la incertidumbre sobre c\u00f3mo seguir adelante se convierten r\u00e1pidamente en parte de la experiencia.<\/p>\n\n\n\n<p>Para los trabajadores lesionados en Arlington, el camino hacia la recuperaci\u00f3n no siempre es sencillo. A diferencia de muchos estados, Texas no exige a la mayor\u00eda de los empleadores privados que cuenten con un seguro de compensaci\u00f3n laboral. Algunos empleadores deciden participar en el sistema estatal, mientras que otros optan por no hacerlo y operan como no suscriptores. Esta distinci\u00f3n desempe\u00f1a un papel fundamental a la hora de determinar qu\u00e9 opciones pueden estar disponibles tras una lesi\u00f3n laboral.<\/p>\n\n\n\n<p>El Arlington <a href=\"https:\/\/www.chandlerrosslaw.com\/es\/lesion-laboral\/\">Abogados especializados en accidentes laborales en Chandler Ross<\/a> Ayudamos a los trabajadores lesionados a comprender sus derechos en virtud de la ley Texas. Evaluamos las circunstancias que rodean la lesi\u00f3n laboral y le indicamos la v\u00eda m\u00e1s adecuada para obtener una indemnizaci\u00f3n.<\/p>\n\n\n\n<h2 class=\"wp-block-heading\">\u00bfD\u00f3nde se producen los accidentes laborales?<\/h2>\n\n\n\n<p><a href=\"https:\/\/www.chandlerrosslaw.com\/es\/arlington\/\">Arlington<\/a> es un importante centro de empleo dentro de la <a href=\"https:\/\/www.chandlerrosslaw.com\/es\/dallas\/\">Dallas<\/a>\u2013<a href=\"https:\/\/www.chandlerrosslaw.com\/es\/fort-worth\/\">Fort Worth<\/a> \u00e1rea metropolitana. Su econom\u00eda abarca una amplia gama de sectores. El comercio minorista representa el segmento m\u00e1s importante de la fuerza laboral, con alrededor de 23 785 empleados, mientras que el sector de la atenci\u00f3n m\u00e9dica y la asistencia social cuenta con 22 170 trabajadores. Hay 16 819 residentes de Arlington que trabajan en la construcci\u00f3n, mientras que 20 942 est\u00e1n empleados en la industria manufacturera.<\/p>\n\n\n\n<p>Las grandes empresas y los concurridos distritos comerciales contribuyen a que cada d\u00eda haya un flujo constante de trabajadores por toda la ciudad. Las principales empresas, como el Distrito Escolar Independiente de Arlington, General Motors, Texas Health Resources, la Universidad de Texas en Arlington y Six Flags Over Texas, dan empleo a miles de trabajadores en puestos que var\u00edan ampliamente en cuanto a responsabilidad y riesgo.<\/p>\n\n\n\n<p>Adem\u00e1s, recintos como el AT&amp;T Stadium y el Globe Life Field crean entornos de trabajo \u00fanicos en los que los empleados deben gestionar grandes multitudes, manejar equipos y coordinar la log\u00edstica en condiciones exigentes. Los trabajadores del sector minorista y de la hosteler\u00eda en zonas como el Distrito de Entretenimiento Arlington tambi\u00e9n trabajan en entornos de ritmo acelerado en los que pueden surgir riesgos con rapidez. Los pisos mojados y el intenso tr\u00e1fico peatonal pueden contribuir a que se produzcan incidentes laborales si no se gestionan adecuadamente las condiciones.<\/p>\n\n\n\n<p>Dado que la plantilla de Arlington abarca tantos sectores, pueden producirse lesiones laborales tanto en puestos que exigen un gran esfuerzo f\u00edsico como en puestos de oficina. El tipo de trabajo suele influir en el tipo de lesi\u00f3n, pero no en la probabilidad de sufrir una lesi\u00f3n.<\/p>\n\n\n\n<h2 class=\"wp-block-heading\">\u00bfC\u00f3mo se producen los accidentes laborales?<\/h2>\n\n\n\n<p>Cada a\u00f1o, la Administraci\u00f3n de Seguridad y Salud Ocupacional (OSHA) publica una lista de las 10 infracciones de seguridad laboral m\u00e1s comunes. En el a\u00f1o fiscal 2025, la protecci\u00f3n contra ca\u00eddas encabez\u00f3 la lista de la OSHA por decimoquinto a\u00f1o consecutivo, con 5.914 infracciones en todo el pa\u00eds. Completan los cinco primeros puestos la comunicaci\u00f3n de riesgos, las escaleras, el bloqueo y etiquetado, y la protecci\u00f3n respiratoria.<\/p>\n\n\n\n<p>Las lesiones laborales suelen deberse a una combinaci\u00f3n de condiciones ambientales, exigencias del trabajo y pr\u00e1cticas de seguridad. En algunos casos, un solo incidente provoca un da\u00f1o inmediato. En otros, las lesiones se desarrollan gradualmente con el tiempo debido a esfuerzos repetitivos o a la exposici\u00f3n continua a estr\u00e9s f\u00edsico.<\/p>\n\n\n\n<p>Por ejemplo, un trabajador de almac\u00e9n puede sufrir una lesi\u00f3n al levantar materiales pesados sin la ayuda o el equipo adecuados. En el \u00e1mbito de la atenci\u00f3n m\u00e9dica, un trabajador puede sufrir una distensi\u00f3n al asistir a un paciente. En un entorno de oficina, el uso repetitivo del teclado o el trabajo prolongado frente al escritorio pueden provocar problemas cr\u00f3nicos en las mu\u00f1ecas, el cuello o los hombros.<\/p>\n\n\n\n<p>Entre los factores que suelen contribuir a ello se encuentran las superficies de tr\u00e1nsito inseguras, la capacitaci\u00f3n inadecuada, la supervisi\u00f3n insuficiente y la falta de mantenimiento del equipo o las instalaciones. En los lugares de trabajo con mucha actividad, especialmente aquellos en los que hay varios empleados o contratistas presentes, las fallas en la comunicaci\u00f3n tambi\u00e9n pueden contribuir a que los riesgos no se aborden a tiempo.<\/p>\n\n\n\n<p><a href=\"https:\/\/www.chandlerrosslaw.com\/es\/arlington\/abogados-de-accidentes-de-coche\/\">Accidentes laborales<\/a> constituyen otra fuente de lesiones, especialmente para los empleados que se desplazan entre distintos lugares de trabajo o que conducen veh\u00edculos de la empresa como parte de sus funciones. En estos casos, las lesiones pueden verse influidas por las condiciones del tr\u00e1fico, as\u00ed como por las pol\u00edticas de la empresa y las exigencias de los horarios.<\/p>\n\n\n\n<h2 class=\"wp-block-heading\">\u00bfCu\u00e1les son algunos de los tipos m\u00e1s comunes de lesiones laborales en Arlington?<\/h2>\n\n\n\n<p>El Texas registr\u00f3 261 900 accidentes y enfermedades laborales en 2024. Los trabajadores tuvieron que ausentarse del trabajo a causa de 64 300 de esos incidentes. Por su parte, las empresas privadas del estado notificaron 172 800 accidentes y enfermedades laborales no mortales ese a\u00f1o.<\/p>\n\n\n\n<p>Las lesiones laborales pueden variar desde leves hasta graves. En algunos casos, pueden requerir un tratamiento prolongado o provocar limitaciones duraderas. Aunque cada caso es diferente, hay ciertas categor\u00edas de lesiones que se dan con frecuencia en todos los sectores.<\/p>\n\n\n\n<ul class=\"wp-block-list\">\n<li>Lesiones de espalda y columna vertebral provocadas por levantar peso o realizar movimientos bruscos<\/li>\n\n\n\n<li><a href=\"https:\/\/www.chandlerrosslaw.com\/es\/resbalones-caidas\/\">Lesiones por resbalones y ca\u00eddas<\/a> lo que provoca fracturas, esguinces o traumatismos craneales<\/li>\n\n\n\n<li>Lesiones por esfuerzo repetitivo que afectan a las articulaciones, las manos y los hombros<\/li>\n\n\n\n<li>Lesiones causadas por la ca\u00edda de objetos o equipos<\/li>\n\n\n\n<li>Quemaduras, cortes o laceraciones en entornos laborales o industriales<\/li>\n\n\n\n<li>Lesiones relacionadas con la conducci\u00f3n o el transporte en el \u00e1mbito laboral<\/li>\n<\/ul>\n\n\n\n<p>Algunas lesiones pueden parecer manejables al principio, pero empeoran con el tiempo. Otras pueden requerir cirug\u00eda, fisioterapia o atenci\u00f3n m\u00e9dica continua. El impacto de una lesi\u00f3n no siempre se limita al dolor f\u00edsico, ya que tambi\u00e9n puede afectar la capacidad de una persona para obtener ingresos y realizar sus actividades cotidianas.<\/p>\n\n\n\n<h2 class=\"wp-block-heading\">Comprensi\u00f3n del sistema de indemnizaci\u00f3n laboral Texas<\/h2>\n\n\n\n<p>En Texas se aplica un enfoque diferente al de muchos otros estados en lo que respecta a las reclamaciones por accidentes laborales. Los empleadores no est\u00e1n obligados a contratar un seguro de compensaci\u00f3n laboral, lo que da lugar a dos categor\u00edas generales de casos en funci\u00f3n de la cobertura del empleador.<\/p>\n\n\n\n<p>Cuando un empleador cuenta con un seguro de accidentes de trabajo, los empleados lesionados suelen recibir cobertura m\u00e9dica y una indemnizaci\u00f3n parcial por la p\u00e9rdida de salario a trav\u00e9s de ese sistema. No es necesario demostrar la culpa para recibir esas prestaciones. A cambio, los empleados no suelen poder demandar a su empleador por negligencia.<\/p>\n\n\n\n<p>Cuando un empleador no cuenta con un seguro de accidentes de trabajo, la situaci\u00f3n cambia. Los trabajadores lesionados pueden presentar una demanda por da\u00f1os personales contra el empleador si <a href=\"https:\/\/www.chandlerrosslaw.com\/es\/negligencia\/\">la negligencia contribuy\u00f3 a la lesi\u00f3n<\/a>. Para que estas reclamaciones prosperen, es necesario demostrar que el empleador no proporcion\u00f3 un lugar de trabajo razonablemente seguro y que este incumplimiento contribuy\u00f3 a la lesi\u00f3n.<\/p>\n\n\n\n<p>En los casos de trabajadores no afiliados, los trabajadores lesionados pueden reclamar una indemnizaci\u00f3n tanto por da\u00f1os econ\u00f3micos como por da\u00f1os no econ\u00f3micos. Los da\u00f1os econ\u00f3micos pueden incluir los gastos m\u00e9dicos y la p\u00e9rdida de ingresos, mientras que los da\u00f1os no econ\u00f3micos pueden incluir el dolor y el sufrimiento, as\u00ed como la p\u00e9rdida de disfrute de la vida.<\/p>\n\n\n\n<h2 class=\"wp-block-heading\">Reclamaciones contra terceros en casos de accidentes laborales<\/h2>\n\n\n\n<p>Los empleadores no siempre son los \u00fanicos responsables de todas las lesiones laborales. En Arlington, en muchas obras hay varias empresas trabajando en el mismo espacio. Los contratistas, los proveedores, los administradores de propiedades y los proveedores de equipos desempe\u00f1an un papel importante en las operaciones diarias. En ocasiones, la causa de una lesi\u00f3n proviene de una de estas partes externas.<\/p>\n\n\n\n<p>Por ejemplo, un contratista podr\u00eda no haber solucionado un problema de seguridad relacionado con un andamio en una obra, o un equipo podr\u00eda presentar un defecto de fabricaci\u00f3n. En otras situaciones, otro conductor podr\u00eda ser el responsable de un accidente en el que resulte lesionado un empleado que conduc\u00eda en el marco de una tarea laboral. Los propietarios de los inmuebles pueden ser responsables si las condiciones inseguras contribuyen al incidente.<\/p>\n\n\n\n<p>Cuando interviene un tercero, el caso puede incluir una reclamaci\u00f3n independiente, adem\u00e1s de la reclamaci\u00f3n habitual por accidente laboral. Aunque el empleador cuente con un seguro de compensaci\u00f3n laboral, el trabajador lesionado podr\u00eda tener derecho a presentar una reclamaci\u00f3n contra el tercero que caus\u00f3 o contribuy\u00f3 a la lesi\u00f3n. En los casos en los que intervienen empleadores no asegurados, la responsabilidad civil de terceros tambi\u00e9n puede formar parte de un <a href=\"https:\/\/www.chandlerrosslaw.com\/es\/danos-personales\/\">reclamaci\u00f3n por da\u00f1os personales de mayor alcance<\/a>.<\/p>\n\n\n\n<p>A menudo, no resulta evidente a primera vista qui\u00e9n es el responsable. Un abogado especializado en accidentes laborales de Arlington puede analizar todos los detalles de su accidente laboral para determinar c\u00f3mo puede obtener la indemnizaci\u00f3n que le corresponde.<\/p>\n\n\n\n<h2 class=\"wp-block-heading\">Medidas fundamentales que debe tomar tras sufrir un accidente laboral<\/h2>\n\n\n\n<p>Si ha sufrido una lesi\u00f3n mientras trabajaba en Arlington, siga estos pasos:<\/p>\n\n\n\n<ol class=\"wp-block-list\">\n<li>Notifique la lesi\u00f3n a su empleador lo antes posible.\u00a0<\/li>\n\n\n\n<li>Si es seguro hacerlo, recopile informaci\u00f3n sobre el lugar del incidente. Esto puede incluir fotograf\u00edas, nombres de testigos o notas sobre lo ocurrido.<\/li>\n\n\n\n<li>Busque atenci\u00f3n m\u00e9dica de inmediato. Aunque los s\u00edntomas parezcan leves, una evaluaci\u00f3n m\u00e9dica puede ayudar a identificar lesiones subyacentes y a documentar el incidente.<\/li>\n\n\n\n<li>Lleve un registro de las consultas m\u00e9dicas, los diagn\u00f3sticos y las recomendaciones de tratamiento.<\/li>\n\n\n\n<li>Tenga cuidado al comunicarse con los representantes de las aseguradoras o al proporcionar declaraciones grabadas sin haber comprendido primero cu\u00e1les son sus derechos.<\/li>\n\n\n\n<li><a href=\"https:\/\/www.chandlerrosslaw.com\/es\/pongase-en-contacto-con\/\">Consulte a un abogado especializado en accidentes laborales de Arlington<\/a> quien pueda aconsejarle sobre qu\u00e9 hacer a continuaci\u00f3n.<\/li>\n<\/ol>\n\n\n\n<h2 class=\"wp-block-heading\">Plazos para presentar reclamaciones por accidentes laborales en Texas<\/h2>\n\n\n\n<p>Los plazos para las reclamaciones por lesiones laborales en el marco del programa Arlington dependen del tipo de reclamaci\u00f3n que se presente. En los casos de indemnizaci\u00f3n laboral, por lo general, la lesi\u00f3n debe notificarse al empleador en un plazo de 30 d\u00edas, y la reclamaci\u00f3n debe presentarse en el plazo de un a\u00f1o para conservar el derecho a las prestaciones.<\/p>\n\n\n\n<p>Cuando las demandas por lesiones personales involucran a empleadores no afiliados o a terceros, la ley Texas establece, por lo general, un plazo de dos a\u00f1os a partir de la fecha de la lesi\u00f3n para presentar una demanda. El plazo aplicable depende de la situaci\u00f3n del empleador en materia de seguros y de los hechos concretos del caso.<\/p>\n\n\n\n<h2 class=\"wp-block-heading\">P\u00f3ngase en contacto con Chandler y Ross para un caso de accidente laboral Arlington<\/h2>\n\n\n\n<p>Una lesi\u00f3n laboral puede generar dificultades que van mucho m\u00e1s all\u00e1 del incidente inicial. Los costosos tratamientos m\u00e9dicos, la imposibilidad de trabajar y la incertidumbre sobre las opciones disponibles pueden hacer que el proceso resulte abrumador si no se cuenta con una orientaci\u00f3n clara. Debido a los estrictos plazos para presentar una reclamaci\u00f3n, es fundamental evaluar la situaci\u00f3n lo antes posible para comprender qu\u00e9 requisitos se aplican.<\/p>\n\n\n\n<p><a href=\"https:\/\/www.chandlerrosslaw.com\/es\/\">Chandler Ross<\/a> representa a los trabajadores lesionados en toda la regi\u00f3n Arlington y en <a href=\"https:\/\/www.chandlerrosslaw.com\/es\/#:~:text=Chandler%20Ross%20Injury%20Attorneys%20Proudly%20Serving%20North%20Texas\">en los alrededores de la regi\u00f3n North Texas<\/a>. Nuestro equipo colabora con los clientes para determinar si les corresponden prestaciones por accidente laboral, una reclamaci\u00f3n por no estar afiliado o una reclamaci\u00f3n contra terceros. Los abogados especializados en lesiones laborales de Arlington en Chandler Ross tambi\u00e9n le ayudar\u00e1n a reclamar una indemnizaci\u00f3n cuando haya negligencia de por medio. Si ha sufrido una lesi\u00f3n en el trabajo en Arlington, p\u00f3ngase en contacto con nosotros hoy mismo para programar una evaluaci\u00f3n y consulta gratuita de su caso.<\/p>\n\n\n\n<h2 class=\"wp-block-heading\">Preguntas frecuentes<\/h2>\n\n\n<div id=\"rank-math-faq\" class=\"rank-math-block\">\n<div class=\"rank-math-list\">\n<div id=\"faq-question-1776986595664\" class=\"rank-math-list-item\">\n<h3 class=\"rank-math-question\">\u00bfQu\u00e9 debo hacer inmediatamente despu\u00e9s de sufrir un accidente laboral en Arlington?<\/h3>\n<div class=\"rank-math-answer\">\n\n<p>Acuda al m\u00e9dico lo antes posible, aunque la lesi\u00f3n parezca leve en un principio. Informe del incidente a su empleador y aseg\u00farese de que quede documentado. Si puede, recopile datos b\u00e1sicos como la hora, el lugar y los nombres de los testigos. Mantener un registro de su tratamiento m\u00e9dico y de las comunicaciones tambi\u00e9n puede resultar \u00fatil si m\u00e1s adelante se presenta una reclamaci\u00f3n.<\/p>\n\n<\/div>\n<\/div>\n<div id=\"faq-question-1776986596759\" class=\"rank-math-list-item\">\n<h3 class=\"rank-math-question\">\u00bfC\u00f3mo puedo saber si mi empleador cuenta con un seguro de accidentes de trabajo en Texas?<\/h3>\n<div class=\"rank-math-answer\">\n\n<p>En Texas, los empleadores no est\u00e1n obligados a contratar un seguro de compensaci\u00f3n laboral, por lo que la cobertura var\u00eda. Por lo general, puede preguntar directamente a su empleador o consultar los manuales para empleados o los materiales de incorporaci\u00f3n. Si su empleador no est\u00e1 suscrito a dicho seguro, es posible que existan diferentes opciones legales, incluida una posible demanda por da\u00f1os personales si la negligencia fue un factor determinante en su lesi\u00f3n.<\/p>\n\n<\/div>\n<\/div>\n<div id=\"faq-question-1776986597452\" class=\"rank-math-list-item\">\n<h3 class=\"rank-math-question\">\u00bfPuedo presentar una demanda contra mi empleador por una lesi\u00f3n laboral?<\/h3>\n<div class=\"rank-math-answer\">\n\n<p>Depende de si su empleador est\u00e1 afiliado al sistema de indemnizaci\u00f3n laboral Texas. Si lo est\u00e1, la indemnizaci\u00f3n laboral suele ser la \u00fanica v\u00eda de recurso. Si no lo est\u00e1, es posible que pueda presentar una demanda por negligencia contra el empleador. En algunas situaciones, tambi\u00e9n es posible presentar demandas contra terceros, incluso cuando se aplica la indemnizaci\u00f3n laboral.<\/p>\n\n<\/div>\n<\/div>\n<div id=\"faq-question-1776986598203\" class=\"rank-math-list-item\">\n<h3 class=\"rank-math-question\">\u00bfDe cu\u00e1nto tiempo dispongo para emprender acciones legales tras sufrir un accidente laboral en Texas?<\/h3>\n<div class=\"rank-math-answer\">\n\n<p>Los plazos dependen del tipo de reclamaci\u00f3n. Las reclamaciones por accidentes de trabajo suelen exigir que se notifique la lesi\u00f3n en un plazo de 30 d\u00edas y que se presente la reclamaci\u00f3n en el plazo de un a\u00f1o. En el caso de las reclamaciones por da\u00f1os personales, incluidas aquellas en las que est\u00e1n involucrados empleadores no afiliados o terceros, el plazo de prescripci\u00f3n general en Texas es de dos a\u00f1os a partir de la fecha de la lesi\u00f3n.<\/p>\n\n<\/div>\n<\/div>\n<\/div>\n<\/div>","protected":false},"excerpt":{"rendered":"<p>Ir al trabajo no deber\u00eda poner en riesgo su salud ni su estabilidad financiera. Sin embargo, los empleados de Arlington y Texas suelen sufrir lesiones en situaciones que comenzaron como tareas rutinarias. Una ca\u00edda en un estacionamiento, un equipo que funciona mal o un movimiento repetitivo que, con el tiempo, provoca tensi\u00f3n muscular, pueden dar lugar a lesiones que\u2026<\/p>","protected":false},"author":2,"featured_media":19096,"parent":18021,"menu_order":0,"comment_status":"closed","ping_status":"closed","template":"","meta":{"_acf_changed":false,"footnotes":""},"class_list":["post-21081","page","type-page","status-publish","has-post-thumbnail","hentry"],"acf":[],"_links":{"self":[{"href":"https:\/\/www.chandlerrosslaw.com\/es\/wp-json\/wp\/v2\/pages\/21081","targetHints":{"allow":["GET"]}}],"collection":[{"href":"https:\/\/www.chandlerrosslaw.com\/es\/wp-json\/wp\/v2\/pages"}],"about":[{"href":"https:\/\/www.chandlerrosslaw.com\/es\/wp-json\/wp\/v2\/types\/page"}],"author":[{"embeddable":true,"href":"https:\/\/www.chandlerrosslaw.com\/es\/wp-json\/wp\/v2\/users\/2"}],"replies":[{"embeddable":true,"href":"https:\/\/www.chandlerrosslaw.com\/es\/wp-json\/wp\/v2\/comments?post=21081"}],"version-history":[{"count":2,"href":"https:\/\/www.chandlerrosslaw.com\/es\/wp-json\/wp\/v2\/pages\/21081\/revisions"}],"predecessor-version":[{"id":21083,"href":"https:\/\/www.chandlerrosslaw.com\/es\/wp-json\/wp\/v2\/pages\/21081\/revisions\/21083"}],"up":[{"embeddable":true,"href":"https:\/\/www.chandlerrosslaw.com\/es\/wp-json\/wp\/v2\/pages\/18021"}],"wp:featuredmedia":[{"embeddable":true,"href":"https:\/\/www.chandlerrosslaw.com\/es\/wp-json\/wp\/v2\/media\/19096"}],"wp:attachment":[{"href":"https:\/\/www.chandlerrosslaw.com\/es\/wp-json\/wp\/v2\/media?parent=21081"}],"curies":[{"name":"wp","href":"https:\/\/api.w.org\/{rel}","templated":true}]}}