{"id":21068,"date":"2026-04-23T20:41:34","date_gmt":"2026-04-23T20:41:34","guid":{"rendered":"https:\/\/www.chandlerrosslaw.com\/?page_id=21068"},"modified":"2026-04-23T20:41:37","modified_gmt":"2026-04-23T20:41:37","slug":"abogados-especializados-en-lesiones-laborales-2","status":"publish","type":"page","link":"https:\/\/www.chandlerrosslaw.com\/es\/irving\/workplace-injury-lawyers\/","title":{"rendered":"Irving Abogados especializados en accidentes laborales"},"content":{"rendered":"<h2 class=\"wp-block-heading\"><em>Abogados expertos en lesiones laborales en Irving ayudan a quienes sufren accidentes de trabajo<\/em><\/h2>\n\n\n\n<p>En 2020, la poblaci\u00f3n de Irving era de casi 257 000 habitantes. Ese a\u00f1o, Irving ocupaba el puesto 12 en poblaci\u00f3n entre las ciudades de Texas y el 90 en los Estados Unidos, y desde entonces la ciudad no ha dejado de crecer.<\/p>\n\n\n\n<p>Desde su fundaci\u00f3n en 1903, Irving ha sido un centro neur\u00e1lgico de la actividad empresarial y manufacturera. Entre los primeros negocios de Irving se encontraban dos desmotadoras de algod\u00f3n, una herrer\u00eda y una tienda de abarrotes. A principios de la d\u00e9cada de 1960, la poblaci\u00f3n activa de la ciudad inclu\u00eda a empleados de m\u00faltiples plantas manufactureras, as\u00ed como a trabajadores de los sectores del transporte, el comercio minorista, las finanzas, la educaci\u00f3n y la atenci\u00f3n m\u00e9dica.&nbsp;<\/p>\n\n\n\n<p>Hoy, <a href=\"https:\/\/www.chandlerrosslaw.com\/es\/irving\/\">Irving<\/a> sigue siendo un lugar popular y en crecimiento para vivir y trabajar. Sin embargo, ning\u00fan trabajo est\u00e1 exento del riesgo de sufrir lesiones. Si usted es <a href=\"https:\/\/www.chandlerrosslaw.com\/es\/lesion-laboral\/\">lesionado en el trabajo<\/a> Si se trata de un caso de Irving, consulte hoy mismo a un abogado con experiencia en indemnizaciones laborales por Irving.\u00a0<\/p>\n\n\n\n<h2 class=\"wp-block-heading\">Los principales empleadores y sectores de Irving<\/h2>\n\n\n\n<p>Irving alberga m\u00e1s de 10 000 empresas \u00fanicas, desde corporaciones multinacionales hasta pr\u00f3speras peque\u00f1as empresas. Entre los principales empleadores de Irving se encuentran:<\/p>\n\n\n\n<ul class=\"wp-block-list\">\n<li>Citigroup<\/li>\n\n\n\n<li>Vistra Energy<\/li>\n\n\n\n<li>Allstate Seguros<\/li>\n\n\n\n<li>Verizon Communications<\/li>\n\n\n\n<li>Microsoft<\/li>\n\n\n\n<li>Centro comercial Irving<\/li>\n\n\n\n<li>YRC Freight<\/li>\n\n\n\n<li>Baylor Scott &amp; White Health<\/li>\n\n\n\n<li>Aeropuerto Internacional de Dallas-Fort Worth<\/li>\n\n\n\n<li>Accenture<\/li>\n<\/ul>\n\n\n\n<p>Irving tambi\u00e9n es conocida por ser la sede de numerosas empresas de renombre en los Estados Unidos, entre las que se incluyen Envoy Air (antes American Eagle), Kimberly-Clark, La Quinta Inns, Michaels Stores, 7-Eleven, McKesson Corporation, Nexstar Media Group, Caterpillar y Chuck E. Cheese.<\/p>\n\n\n\n<p>Entre los sectores clave de Irving se encuentran los servicios financieros, las telecomunicaciones, los bienes de consumo y la energ\u00eda. Varias empresas de log\u00edstica y transporte, as\u00ed como fabricantes, tambi\u00e9n tienen su sede en Irving.<\/p>\n\n\n\n<h2 class=\"wp-block-heading\">Los sectores y puestos de trabajo m\u00e1s peligrosos en Texas<\/h2>\n\n\n\n<p>En 2023, 564 trabajadores de Texas sufrieron accidentes laborales mortales, seg\u00fan el Departamento de Seguros de Texas (TDI). A la cabeza de la lista de los sectores m\u00e1s peligrosos en Texas se encontraban:<\/p>\n\n\n\n<ul class=\"wp-block-list\">\n<li><strong>Construcci\u00f3n: <\/strong>124 heridos mortales<\/li>\n\n\n\n<li><strong>Transporte y almacenamiento: <\/strong>119 heridos mortales<\/li>\n\n\n\n<li><strong>Fabricaci\u00f3n: <\/strong>32 v\u00edctimas mortales<\/li>\n<\/ul>\n\n\n\n<p>Tres personas fallecieron en <a href=\"https:\/\/www.chandlerrosslaw.com\/es\/lesiones-en-plataformas-petroliferas-en-alta-mar\/\">lesiones laborales en la extracci\u00f3n de petr\u00f3leo y gas<\/a> en el primer trimestre de 2017, en 2023. Once trabajadores sufrieron lesiones mortales en empleos relacionados con la salud y la educaci\u00f3n.\u00a0<\/p>\n\n\n\n<p>Irving crece gracias al esfuerzo de los trabajadores de la construcci\u00f3n. Las viviendas, los comercios, las carreteras y otros elementos del paisaje de Irving son construidos por quienes forman parte del sector de la construcci\u00f3n. Estos trabajadores se enfrentan a un <a href=\"https:\/\/www.chandlerrosslaw.com\/es\/lesiones-en-obras-de-construccion\/\">riesgo de sufrir lesiones graves en el trabajo superior al promedio<\/a>.<\/p>\n\n\n\n<p>El transporte y el almacenamiento tambi\u00e9n desempe\u00f1an un papel fundamental en la econom\u00eda de Irving. Los trabajadores de estos sectores, entre los que se incluyen los del Aeropuerto Internacional DFW y los almacenes cercanos, se han enfrentado en los \u00faltimos a\u00f1os a un riesgo significativo de sufrir la muerte o lesiones graves en el trabajo.&nbsp;<\/p>\n\n\n\n<p>El sector manufacturero sigue desempe\u00f1ando un papel importante en la econom\u00eda de Irving. En 2023, 32 trabajadores del sector manufacturero perdieron la vida en el trabajo en Irving.&nbsp;<\/p>\n\n\n\n<h2 class=\"wp-block-heading\">Causas comunes de lesiones en el lugar de trabajo<\/h2>\n\n\n\n<p>La Administraci\u00f3n de Seguridad y Salud Ocupacional de los Estados Unidos (OSHA), la Oficina de Estad\u00edsticas Laborales (BLS) y el Departamento de Seguros de Texas (TDI) realizan un seguimiento de las causas de las lesiones graves y las muertes en el lugar de trabajo en Texas. Estas agencias constatan sistem\u00e1ticamente que algunas situaciones provocan lesiones m\u00e1s graves y muertes con mayor frecuencia que otras.&nbsp;<\/p>\n\n\n\n<p>Entre las principales causas de lesiones laborales se incluyen:<\/p>\n\n\n\n<ul class=\"wp-block-list\">\n<li><strong>Incidentes de transporte. <\/strong><a href=\"https:\/\/www.chandlerrosslaw.com\/es\/irving\/abogado-de-accidentes-de-coche-2\/\">Accidentes de tr\u00e1fico<\/a>, los trabajadores atrapados entre un veh\u00edculo y otro objeto, as\u00ed como otros incidentes relacionados con el transporte, provocaron 246 muertes en el lugar de trabajo en Texas en 2023, m\u00e1s que cualquier otra categor\u00eda por s\u00ed sola.\u00a0<\/li>\n\n\n\n<li><strong>Resbalones, tropiezos y ca\u00eddas. <\/strong>Las ca\u00eddas son una de las causas m\u00e1s frecuentes de muerte en las obras de construcci\u00f3n, seg\u00fan la OSHA. <a href=\"https:\/\/www.chandlerrosslaw.com\/es\/resbalones-caidas\/\">Cataratas<\/a> tambi\u00e9n son una causa frecuente de lesiones en otros lugares de trabajo. En 2023, 92 personas sufrieron lesiones mortales a causa de una ca\u00edda relacionada con su trabajo. Las ca\u00eddas desde altura pueden ser especialmente peligrosas.\u00a0<\/li>\n\n\n\n<li><strong>Incidentes de contacto. <\/strong>\u201cLos \u201dincidentes por contacto\u00bb abarcan cualquier situaci\u00f3n en la que el cuerpo de una persona entre en contacto con algo que le cause da\u00f1o. Entre ellos se incluyen las lesiones provocadas por maquinaria y herramientas, la ca\u00edda de objetos sobre un trabajador y otras situaciones similares. En 2023, 86 incidentes por contacto causaron lesiones mortales en los lugares de trabajo de Texas.<\/li>\n\n\n\n<li><strong>Exposici\u00f3n a sustancias y entornos nocivos. <\/strong>La exposici\u00f3n a temperaturas extremas, sustancias qu\u00edmicas t\u00f3xicas y peligros similares puede provocar, y de hecho provoca, lesiones graves a los trabajadores de Texas. En 2023, 57 trabajadores sufrieron lesiones mortales a causa de dicha exposici\u00f3n.\u00a0<\/li>\n<\/ul>\n\n\n\n<p>El Departamento de Seguros Texas public\u00f3 en 2023 las cifras correspondientes a otras dos categor\u00edas de lesiones comunes: explosiones e incendios, y actos violentos. Las explosiones y los incendios, una causa frecuente de <a href=\"https:\/\/www.chandlerrosslaw.com\/es\/lesion-por-quemadura\/\">lesiones por quemaduras<\/a>, se cobr\u00f3 once vidas en 2023. Los actos violentos en los lugares de trabajo de Texas causaron 71 muertes ese a\u00f1o.\u00a0<\/p>\n\n\n\n<h2 class=\"wp-block-heading\">Lo que debe saber sobre la indemnizaci\u00f3n por accidentes de trabajo en Texas<\/h2>\n\n\n\n<p>El seguro de accidentes de trabajo ofrece prestaciones a los empleados de Texas que sufren lesiones relacionadas con el trabajo. <a href=\"https:\/\/www.chandlerrosslaw.com\/es\/muerte-por-negligencia\/\">Prestaciones por fallecimiento<\/a> Tambi\u00e9n se ofrecen prestaciones a la familia cuando las lesiones de un empleado resultan mortales.\u00a0<\/p>\n\n\n\n<p>Por lo general, los empleadores del Texas deben contar con un seguro de compensaci\u00f3n laboral o autoasegurarse. El Departamento de Seguros del Texas supervisa los casos de compensaci\u00f3n laboral.<\/p>\n\n\n\n<h3 class=\"wp-block-heading\">Primeros pasos tras sufrir una lesi\u00f3n laboral<\/h3>\n\n\n\n<p>En primer lugar, busque asistencia m\u00e9dica lo antes posible. Llame al 911 o pida a alguien que llame por usted si se trata de una emergencia.&nbsp;<\/p>\n\n\n\n<p>Informe a su empleador sobre su lesi\u00f3n lo antes posible. Es posible que su empleador cuente con una lista de m\u00e9dicos autorizados para brindar atenci\u00f3n m\u00e9dica en virtud de su p\u00f3liza de seguro de accidentes de trabajo. Acuda a un m\u00e9dico de esta lista tan pronto como pueda.&nbsp;<\/p>\n\n\n\n<p>Aseg\u00farese de informar a su empleador sobre su lesi\u00f3n en un plazo de 30 d\u00edas. Si espera m\u00e1s tiempo, podr\u00eda perder el derecho a recibir las prestaciones de indemnizaci\u00f3n laboral. Tambi\u00e9n deber\u00e1 enviar un formulario debidamente completado <a href=\"https:\/\/www.tdi.texas.gov\/forms\/dwc\/dwc041firstrpt.pdf\" target=\"_blank\" rel=\"noreferrer noopener\">Formulario DWC-041<\/a> al estado en el plazo de un a\u00f1o a partir de la fecha en que sufri\u00f3 las lesiones. Un abogado puede ayudarle a completar y presentar este formulario si a\u00fan no lo ha hecho.\u00a0<\/p>\n\n\n\n<h3 class=\"wp-block-heading\">Texas Prestaciones por accidente laboral<\/h3>\n\n\n\n<p>El seguro de accidentes de trabajo ofrece cuatro tipos diferentes de prestaciones. Cada tipo de prestaci\u00f3n se centra en las distintas necesidades que pueda tener un empleado lesionado o su familia. Las prestaciones del seguro de accidentes de trabajo en Texas incluyen prestaciones m\u00e9dicas, de ingresos, por fallecimiento y de sepelio.&nbsp;<\/p>\n\n\n\n<ul class=\"wp-block-list\">\n<li><strong>Beneficios m\u00e9dicos <\/strong>cubrir los gastos del tratamiento m\u00e9dico por una lesi\u00f3n o enfermedad relacionada con el trabajo. Acuda al m\u00e9dico lo antes posible, para que su historial m\u00e9dico pueda aclarar cu\u00e1les de sus lesiones est\u00e1n relacionadas con el trabajo y cu\u00e1les no. La indemnizaci\u00f3n por accidente laboral solo cubrir\u00e1 las lesiones relacionadas con el trabajo.&nbsp;<\/li>\n\n\n\n<li><strong>Beneficios por ingresos <\/strong>cubrir una parte de los ingresos que pierda si sus lesiones le impiden trabajar, ya sea a corto plazo o de forma permanente. Se aplican diferentes tipos de prestaciones por ingresos, dependiendo del tiempo que est\u00e9 sin trabajar y de en qu\u00e9 medida las lesiones permanentes limiten su capacidad para trabajar. Estas prestaciones pueden resultar complejas, por lo que le recomendamos que consulte a un abogado con experiencia en lesiones laborales Irving si tiene alguna duda.&nbsp;<\/li>\n\n\n\n<li><strong>Prestaciones por fallecimiento y entierro<\/strong> Ambas prestaciones ayudan a las familias a hacer frente a los gastos derivados de la p\u00e9rdida de un ser querido a causa de un accidente laboral mortal. Las prestaciones por fallecimiento ayudan a compensar parte de los ingresos perdidos cuando fallece el sost\u00e9n de la familia. Las prestaciones para gastos funerarios ayudan a cubrir los costos de la cremaci\u00f3n, el entierro y\/o el funeral.<\/li>\n<\/ul>\n\n\n\n<p>Navegar por el sistema de indemnizaci\u00f3n laboral en Texas puede resultar confuso. Es especialmente dif\u00edcil si est\u00e1 lidiando con una lesi\u00f3n grave o pasando por el duelo por la p\u00e9rdida repentina de un ser querido. Un abogado especializado en indemnizaci\u00f3n laboral en Irving puede ayudarle.&nbsp;<\/p>\n\n\n\n<h3 class=\"wp-block-heading\">Las cuatro razones principales por las que se rechazan las reclamaciones de indemnizaci\u00f3n laboral Texas<\/h3>\n\n\n\n<p>La indemnizaci\u00f3n por accidente laboral es un tipo de seguro. Cuando presenta una reclamaci\u00f3n, es una compa\u00f1\u00eda de seguros la que se encarga de tramitarla.&nbsp;<\/p>\n\n\n\n<p>Las compa\u00f1\u00edas de seguros establecen normas para las reclamaciones que tramitan. Estas normas pueden resultar complejas y confusas. Si se le pasa por alto un detalle, la compa\u00f1\u00eda de seguros podr\u00eda retrasar, infravalorar o rechazar su reclamaci\u00f3n. De este modo, usted se queda sin una ayuda esencial justo cuando m\u00e1s la necesita.&nbsp;<\/p>\n\n\n\n<p>\u00bfPor qu\u00e9 las aseguradoras de indemnizaci\u00f3n laboral Texas rechazan las reclamaciones? Existen cuatro motivos habituales.&nbsp;<\/p>\n\n\n\n<ol class=\"wp-block-list\">\n<li><strong>Usted no es un empleado. <\/strong>El seguro de accidentes de trabajo solo cubre a los empleados, no a los contratistas independientes. Si su jefe lo clasifica como contratista cuando en realidad deber\u00eda ser empleado, es posible que se le nieguen prestaciones a las que tendr\u00eda derecho.<\/li>\n\n\n\n<li><strong>Se le ha pasado un paso. <\/strong>Si no avisa a su empleador o no presenta la documentaci\u00f3n necesaria, es posible que se rechace su solicitud.\u00a0<\/li>\n\n\n\n<li><strong>Recibi\u00f3 atenci\u00f3n m\u00e9dica de un m\u00e9dico que no forma parte de la red. <\/strong>Algunas aseguradoras de indemnizaci\u00f3n laboral exigen que acuda a un m\u00e9dico autorizado por ellas para recibir atenci\u00f3n m\u00e9dica. Si acude a un m\u00e9dico que no figura en su lista, la aseguradora podr\u00eda negarse a pagar los gastos de esa consulta, lo que har\u00eda que usted y su familia tuvieran que asumir los costos.\u00a0<\/li>\n\n\n\n<li><strong>Su grado de discapacidad es demasiado bajo. <\/strong>Algunas prestaciones solo se aplican si usted <a href=\"https:\/\/www.chandlerrosslaw.com\/es\/blog\/que-es-la-mejoria-medica-maxima-y-la-valoracion-del-deterioro\/#:~:text=have%20any%20questions.-,Impairment%20Rating,-An%20impairment%20rating\">\u00edndice de discapacidad<\/a> es del 15 % o superior. Es fundamental obtener el grado de discapacidad adecuado. Es posible que necesite ayuda para encontrar un m\u00e9dico que pueda evaluar sus necesidades de manera imparcial.\u00a0<\/li>\n<\/ol>\n\n\n\n<p>Las compa\u00f1\u00edas de seguros pueden alegar otros motivos para rechazar o retrasar su reclamaci\u00f3n. Un abogado con experiencia puede actuar en su nombre para garantizar que reciba una indemnizaci\u00f3n completa y justa lo antes posible.<\/p>\n\n\n\n<h2 class=\"wp-block-heading\">P\u00f3ngase en contacto hoy mismo con un abogado con experiencia en indemnizaciones por accidentes laborales en el caso Irving<\/h2>\n\n\n\n<p>Usted puede gestionar su propia reclamaci\u00f3n de indemnizaci\u00f3n laboral, pero no deber\u00eda tener que hacerlo. Hacer frente a una lesi\u00f3n grave es un trabajo a tiempo completo. Merece toda su atenci\u00f3n. Ayudar a su familia a superar el dolor de perder a un ser querido tambi\u00e9n merece toda su atenci\u00f3n.<\/p>\n\n\n\n<p>Si una lesi\u00f3n o enfermedad relacionada con el trabajo le ha trastornado la vida, consulte hoy mismo a un abogado con experiencia en indemnizaciones laborales de Irving. Su abogado puede:<\/p>\n\n\n\n<ul class=\"wp-block-list\">\n<li>Investigue su caso y determine qui\u00e9n es el responsable de las lesiones.<\/li>\n\n\n\n<li>Conserve las pruebas importantes de su caso.<\/li>\n\n\n\n<li>No se deje intimidar por las t\u00e1cticas de las compa\u00f1\u00edas de seguros para retrasar, subestimar o rechazar su reclamaci\u00f3n.<\/li>\n\n\n\n<li>Nosotros nos encargamos de los tr\u00e1mites y los plazos para que usted pueda centrarse en su recuperaci\u00f3n.<\/li>\n\n\n\n<li>Lucha por la indemnizaci\u00f3n completa y justa que te mereces.\u00a0<\/li>\n<\/ul>\n\n\n\n<p>P\u00f3ngase en contacto con el equipo de <a href=\"https:\/\/www.chandlerrosslaw.com\/es\/\">Chandler Ross PLLC<\/a> para obtener m\u00e1s informaci\u00f3n. Estamos a su disposici\u00f3n para responder a sus preguntas. <a href=\"https:\/\/www.chandlerrosslaw.com\/es\/pongase-en-contacto-con\/\">Contacte con nosotros<\/a> para concertar hoy mismo una consulta gratuita y confidencial con un abogado especializado.\u00a0<\/p>","protected":false},"excerpt":{"rendered":"<p>Los abogados expertos en accidentes laborales de Irving ayudan a quienes sufren lesiones en el trabajo. En 2020, la poblaci\u00f3n de Irving era de casi 257 000 habitantes. Ese a\u00f1o, Irving ocup\u00f3 el puesto 12 en poblaci\u00f3n entre las ciudades de Texas y el 90 en los Estados Unidos, y la ciudad no ha dejado de crecer desde entonces. Desde su fundaci\u00f3n en 1903, Irving ha sido un centro de negocios\u2026<\/p>","protected":false},"author":2,"featured_media":19096,"parent":18019,"menu_order":0,"comment_status":"closed","ping_status":"closed","template":"","meta":{"_acf_changed":false,"footnotes":""},"class_list":["post-21068","page","type-page","status-publish","has-post-thumbnail","hentry"],"acf":[],"_links":{"self":[{"href":"https:\/\/www.chandlerrosslaw.com\/es\/wp-json\/wp\/v2\/pages\/21068","targetHints":{"allow":["GET"]}}],"collection":[{"href":"https:\/\/www.chandlerrosslaw.com\/es\/wp-json\/wp\/v2\/pages"}],"about":[{"href":"https:\/\/www.chandlerrosslaw.com\/es\/wp-json\/wp\/v2\/types\/page"}],"author":[{"embeddable":true,"href":"https:\/\/www.chandlerrosslaw.com\/es\/wp-json\/wp\/v2\/users\/2"}],"replies":[{"embeddable":true,"href":"https:\/\/www.chandlerrosslaw.com\/es\/wp-json\/wp\/v2\/comments?post=21068"}],"version-history":[{"count":1,"href":"https:\/\/www.chandlerrosslaw.com\/es\/wp-json\/wp\/v2\/pages\/21068\/revisions"}],"predecessor-version":[{"id":21069,"href":"https:\/\/www.chandlerrosslaw.com\/es\/wp-json\/wp\/v2\/pages\/21068\/revisions\/21069"}],"up":[{"embeddable":true,"href":"https:\/\/www.chandlerrosslaw.com\/es\/wp-json\/wp\/v2\/pages\/18019"}],"wp:featuredmedia":[{"embeddable":true,"href":"https:\/\/www.chandlerrosslaw.com\/es\/wp-json\/wp\/v2\/media\/19096"}],"wp:attachment":[{"href":"https:\/\/www.chandlerrosslaw.com\/es\/wp-json\/wp\/v2\/media?parent=21068"}],"curies":[{"name":"wp","href":"https:\/\/api.w.org\/{rel}","templated":true}]}}