{"id":21058,"date":"2026-04-23T20:16:34","date_gmt":"2026-04-23T20:16:34","guid":{"rendered":"https:\/\/www.chandlerrosslaw.com\/?page_id=21058"},"modified":"2026-04-23T20:16:37","modified_gmt":"2026-04-23T20:16:37","slug":"abogado-especializado-en-accidentes-laborales","status":"publish","type":"page","link":"https:\/\/www.chandlerrosslaw.com\/es\/little-elm\/workplace-injury-attorney\/","title":{"rendered":"Little Elm: Abogado especializado en accidentes laborales"},"content":{"rendered":"<p><a href=\"https:\/\/www.chandlerrosslaw.com\/es\/lesion-laboral\/\">Lesiones laborales<\/a> puede cambiar dr\u00e1sticamente su vida, especialmente cuando se enfrenta a empleadores reacios a respaldar su reclamo. En Texas, los reclamos m\u00e1s s\u00f3lidos suelen comenzar con una atenci\u00f3n m\u00e9dica inmediata, asegur\u00e1ndose de que la lesi\u00f3n quede documentada en el expediente m\u00e9dico y relatando lo sucedido de manera que coincida con la cronolog\u00eda de los hechos. El siguiente paso es determinar qui\u00e9n controlaba realmente el trabajo, qui\u00e9n suministraba o manten\u00eda el equipo y qu\u00e9 procedimientos de seguridad deb\u00edan estar en vigor. Una vez identificados estos elementos, puede solicitar una indemnizaci\u00f3n por la v\u00eda que mejor se adapte a su situaci\u00f3n laboral y a los hechos del incidente, ya sea a trav\u00e9s de la indemnizaci\u00f3n laboral, una reclamaci\u00f3n de no suscriptor o un caso contra terceros. <a href=\"https:\/\/www.chandlerrosslaw.com\/es\/\">Abogados especializados en lesiones de Chandler y Ross<\/a> Contamos con una larga trayectoria en la representaci\u00f3n exitosa de trabajadores lesionados de Little Elm tras sufrir accidentes laborales.\u00a0<\/p>\n\n\n\n<h2 class=\"wp-block-heading\">Cobertura tras un accidente laboral Little Elm&nbsp;<\/h2>\n\n\n\n<p>A diferencia de <a href=\"https:\/\/www.chandlerrosslaw.com\/es\/olmo-pequeno\/abogados-de-lesiones-personales\/\">casos t\u00edpicos de lesiones personales<\/a>, las reclamaciones por accidentes laborales suelen comenzar con cuestiones relacionadas con la cobertura, m\u00e1s que con la determinaci\u00f3n de la culpa. Estos casos pueden resultar complejos debido a la diversidad de estructuras laborales existentes en Texas. Por ejemplo, la cobertura podr\u00eda depender de si intervino una agencia de empleo, si exist\u00eda un contrato de subcontrataci\u00f3n o si el trabajador era un empleado temporal. En esencia, los trabajadores deben saber si la entidad correspondiente cuenta con un seguro de indemnizaci\u00f3n laboral.\u00a0<\/p>\n\n\n\n<p>La siguiente parte del an\u00e1lisis consiste en determinar qui\u00e9n ten\u00eda el control sobre el empleo de los trabajadores lesionados. Por ejemplo, qui\u00e9n dirig\u00eda el trabajo el d\u00eda del incidente, qui\u00e9n supervisaba la tarea, qui\u00e9n proporcionaba el equipo y qu\u00e9 normas de seguridad estaban vigentes. Un abogado puede ayudarle a identificar a las partes responsables, incluidas las entidades de terceros.&nbsp;<\/p>\n\n\n\n<h2 class=\"wp-block-heading\">Little Elm: Los riesgos de accidentes laborales suelen ir de la mano del crecimiento local<\/h2>\n\n\n\n<p>Little Elm ha crecido r\u00e1pidamente, y las comunidades en r\u00e1pido crecimiento suelen experimentar cambios constantes en los lugares de trabajo, los equipos y la dotaci\u00f3n de personal. Estos cambios pueden aumentar la presi\u00f3n en materia de seguridad cuando llegan nuevas personas a la obra, las tareas cambian sin una formaci\u00f3n clara y varias empresas comparten la responsabilidad de una misma zona de trabajo.<\/p>\n\n\n\n<p>Las cifras de empleo locales respaldan ese panorama general. Seg\u00fan Data USA, el empleo en Little Elm pas\u00f3 de 25 500 a 26 600 entre 2022 y 2023, lo que supone un aumento del 4,24 %.<\/p>\n\n\n\n<p>El crecimiento no es solo una tendencia local. La Oficina de Estad\u00edsticas Laborales de EE. UU. inform\u00f3 que el empleo total no agr\u00edcola en el \u00e1rea metropolitana de Fort Worth aument\u00f3 en 46 800 puestos de trabajo en mayo de 2025, en comparaci\u00f3n con el a\u00f1o anterior. Un mayor n\u00famero de empleos y una mayor actividad tambi\u00e9n pueden suponer un mayor riesgo de lesiones cuando las medidas de seguridad no logran seguir el ritmo de la contrataci\u00f3n.<\/p>\n\n\n\n<h2 class=\"wp-block-heading\">Lesiones laborales comunes entre los trabajadores de Little Elm<\/h2>\n\n\n\n<p>Los accidentes laborales en la zona de Little Elm y sus alrededores suelen reflejar el tipo de trabajo que se realiza en la zona, incluyendo operaciones de almac\u00e9n, construcci\u00f3n y desarrollo, trabajos de servicio y reparaci\u00f3n, y conducci\u00f3n por motivos laborales. Estos incidentes pueden ir desde lesiones leves de corta duraci\u00f3n hasta da\u00f1os que alteran la vida de las personas.<\/p>\n\n\n\n<h3 class=\"wp-block-heading\">Ca\u00eddas desde alturas y ca\u00eddas en el mismo nivel<\/h3>\n\n\n\n<p><a href=\"https:\/\/www.chandlerrosslaw.com\/es\/resbalones-caidas\/\">Ca\u00eddas<\/a> a menudo implican el uso de escaleras, andamios, elevadores, trabajos en tejados y bordes abiertos. Las ca\u00eddas en el mismo nivel pueden producirse en pisos resbaladizos, en pasillos abarrotados, con mala iluminaci\u00f3n, falta de se\u00f1alizaci\u00f3n o durante una limpieza apresurada en instalaciones en funcionamiento.<\/p>\n\n\n\n<p>En los casos de ca\u00eddas, las circunstancias del lugar en el momento exacto del incidente suelen ser determinantes. Entre las pruebas relevantes en estos casos se incluyen las siguientes:<\/p>\n\n\n\n<ul class=\"wp-block-list\">\n<li>Colocaci\u00f3n de la escalera,<\/li>\n\n\n\n<li>El estado de la superficie peatonal, y<\/li>\n\n\n\n<li>Presencia de barandillas.<\/li>\n<\/ul>\n\n\n\n<p>Adem\u00e1s de las pruebas tangibles, una investigaci\u00f3n m\u00e1s exhaustiva podr\u00eda revelar otras presiones que podr\u00edan haber contribuido al incidente. Por ejemplo, es posible que a un trabajador se le haya asignado una tarea sin que se le hayan mostrado los pasos para una configuraci\u00f3n segura, o que un supervisor haya omitido una evaluaci\u00f3n b\u00e1sica de riesgos que podr\u00eda haber evitado la lesi\u00f3n.<\/p>\n\n\n\n<h3 class=\"wp-block-heading\">Lesiones relacionadas con montacargas, cintas transportadoras y muelles de carga<\/h3>\n\n\n\n<p>Los almacenes y centros de distribuci\u00f3n implican el uso de maquinaria en movimiento, la manipulaci\u00f3n de cargas pesadas y el trabajo con plazos ajustados. Las carretillas elevadoras, las transpaletas, las cintas transportadoras, las rampas de carga y los remolques pueden provocar lesiones por aplastamiento, fracturas, lesiones graves de espalda y hombros, y da\u00f1os traum\u00e1ticos cuando fallan las medidas de seguridad. Muchos casos se reducen a la circulaci\u00f3n y el control del tr\u00e1fico. Las v\u00edas peatonales, las pr\u00e1cticas de se\u00f1alizaci\u00f3n, los sistemas de advertencia sonora y las normas claras sobre velocidad y visibilidad pueden prevenir incidentes graves. Las rutinas de mantenimiento tambi\u00e9n pueden desempe\u00f1ar un papel importante cuando los frenos, las luces, las alarmas o las protecciones no funcionan como se espera.<\/p>\n\n\n\n<p>Estos casos tambi\u00e9n pueden afectar a m\u00e1s de una empresa. La titularidad de los equipos, los contratos de mantenimiento y los acuerdos de dotaci\u00f3n de personal pueden determinar qui\u00e9n debe subsanar el peligro antes de que alguien resulte lesionado.<\/p>\n\n\n\n<h3 class=\"wp-block-heading\">Lesiones por esfuerzo repetitivo y por sobreesfuerzo<\/h3>\n\n\n\n<p>No todas las lesiones laborales se producen en un \u00fanico momento dram\u00e1tico. Levantar peso, agacharse, girar el tronco y estirarse de forma repetitiva puede provocar lesiones cr\u00f3nicas de espalda, desgarros en los hombros, problemas en los tendones y trastornos nerviosos que empeoran con el tiempo.<\/p>\n\n\n\n<p>En estos casos, suele producirse un retraso en la notificaci\u00f3n, ya que el dolor comienza de forma leve y va aumentando. Esta situaci\u00f3n es habitual en entornos laborales de gran volumen de trabajo, donde los trabajadores se sienten presionados a seguir adelante, especialmente cuando las normas de asistencia y productividad son estrictas.<\/p>\n\n\n\n<p>La documentaci\u00f3n m\u00e9dica es especialmente importante en los casos de sobrecarga. Un registro claro de los s\u00edntomas, las limitaciones y las tareas laborales puede ayudar a establecer una relaci\u00f3n entre la lesi\u00f3n y las condiciones de trabajo sin tener que basarse en suposiciones.<\/p>\n\n\n\n<h3 class=\"wp-block-heading\">Accidentes laborales y accidentes de tr\u00e1fico<\/h3>\n\n\n\n<p>Muchos trabajadores de North Texas conducen como parte de su trabajo, se desplazan entre las distintas obras, entregan materiales o trabajan cerca del tr\u00e1fico. Las lesiones laborales pueden estar relacionadas con los veh\u00edculos de la empresa, los veh\u00edculos personales utilizados para realizar recados de trabajo, las llamadas de servicio en carretera y la exposici\u00f3n en las zonas de trabajo.<\/p>\n\n\n\n<p><a href=\"https:\/\/www.chandlerrosslaw.com\/es\/olmo-pequeno\/abogado-de-accidentes-de-coche-2\/\">Datos locales sobre accidentes<\/a> muestra que los riesgos viales afectan a la comunidad de Little Elm. El resumen municipal del Departamento de Transporte de Texas correspondiente a 2024 registra en Little Elm un accidente mortal, 21 accidentes presuntamente graves y un total de 609 accidentes.<\/p>\n\n\n\n<p><a href=\"https:\/\/www.chandlerrosslaw.com\/es\/accidentes-de-trafico\/abogado-especializado-en-accidentes-de-repartidores-de-amazon-doordash-y-uber-eats\/\">Casos de veh\u00edculos de trabajo<\/a> a menudo requieren una r\u00e1pida conservaci\u00f3n de las pruebas. Los datos del veh\u00edculo, las grabaciones de las c\u00e1maras de salpicadero, los registros de despacho y el historial de rutas pueden sobrescribirse o perderse, y tomar medidas tempranas puede ayudar a proteger esos registros antes de que la versi\u00f3n de los hechos de la aseguradora d\u00e9 forma a la historia.<\/p>\n\n\n\n<h2 class=\"wp-block-heading\">\u00bfQui\u00e9n puede ser responsable de un accidente laboral Little Elm?<\/h2>\n\n\n\n<p>La responsabilidad en un caso de accidente laboral suele depender del control sobre el trabajo y el riesgo. Los salarios y los cargos pueden ser factores a tener en cuenta, pero el control sobre la tarea, el equipo y las normas de seguridad suele ser el elemento clave. Sin embargo, los casos Texas pueden resultar m\u00e1s complicados, ya que no todos los empleadores cuentan con un seguro de compensaci\u00f3n laboral.&nbsp;<\/p>\n\n\n\n<h3 class=\"wp-block-heading\">La cobertura del empleador puede modificar el procedimiento legal<\/h3>\n\n\n\n<p>El seguro de accidentes de trabajo puede ofrecer una estructura de prestaciones que cubre la atenci\u00f3n m\u00e9dica y la sustituci\u00f3n del salario cuando procede. Algunos empleadores est\u00e1n afiliados a este seguro y otros no, lo que puede influir en la posibilidad de presentar una demanda por negligencia contra el empleador.<\/p>\n\n\n\n<p>Una revisi\u00f3n de la cobertura tambi\u00e9n ayuda a aclarar d\u00f3nde se debe notificar la lesi\u00f3n y qu\u00e9 perito o aseguradora est\u00e1 involucrada. Esto puede reducir los retrasos y la confusi\u00f3n cuando intervienen varias entidades, como agencias de trabajo temporal y empresas de acogida.<\/p>\n\n\n\n<p>Los detalles de la cobertura tambi\u00e9n pueden influir en los plazos y los requisitos de documentaci\u00f3n. Una revisi\u00f3n legal minuciosa puede ayudarle a evitar los errores que se producen cuando los trabajadores se sienten presionados a firmar formularios o a prestar declaraciones grabadas sin conocer el contexto.<\/p>\n\n\n\n<h3 class=\"wp-block-heading\">\u200bA menudo intervienen terceros en las reclamaciones por accidentes laborales<\/h3>\n\n\n\n<p>Muchas lesiones se producen en lugares de trabajo compartidos, en las instalaciones de los clientes, en estacionamientos, en muelles de carga o en las v\u00edas p\u00fablicas. En esos entornos, es posible que un tercero haya creado el peligro o no lo haya subsanado.<\/p>\n\n\n\n<p>Entre los casos habituales relacionados con terceros se incluyen: un subcontratista que genera una situaci\u00f3n de inseguridad, un propietario que no subsana un peligro conocido, un proveedor de mantenimiento que deja el equipo en condiciones inseguras, un fabricante que suministra maquinaria defectuosa o un conductor negligente que lesiona a un trabajador en una zona de obras.<\/p>\n\n\n\n<p>El riesgo de sufrir lesiones en la v\u00eda p\u00fablica es elevado en todo el estado de Texas. El informe \u00abDatos sobre accidentes de tr\u00e1fico de veh\u00edculos motorizados en Texas\u00bb correspondiente al a\u00f1o calendario 2024 recoge 4.150 v\u00edctimas mortales en accidentes de tr\u00e1fico en todo el estado y 14.905 accidentes con lesiones graves. Estas cifras ayudan a explicar por qu\u00e9 la conducci\u00f3n por motivos laborales y la exposici\u00f3n en la v\u00eda p\u00fablica se mencionan con frecuencia en las reclamaciones por lesiones, especialmente en regiones donde los trabajadores se desplazan entre distintos lugares de trabajo.<\/p>\n\n\n\n<p>Los casos de responsabilidad civil frente a terceros suelen decidirse en funci\u00f3n de los registros iniciales que identifican qui\u00e9n era el propietario del equipo, qui\u00e9n controlaba la zona y qu\u00e9 obligaciones de seguridad exist\u00edan en virtud de los contratos y las pol\u00edticas.<\/p>\n\n\n\n<h2 class=\"wp-block-heading\">Los trabajadores temporales y el problema de los dos empleadores<\/h2>\n\n\n\n<p><a href=\"https:\/\/www.chandlerrosslaw.com\/es\/blog\/lesiones-de-los-trabajadores-temporales-y-el-problema-de-seguridad-de-los-dos-jefes-quien-es-responsable-cuando-los-trabajadores-de-una-agencia-de-empleo-temporal-sufren-lesiones-en-texas\/\">Las disposiciones relativas al personal pueden generar confusi\u00f3n<\/a> tras una lesi\u00f3n. La agencia de empleo puede encargarse de la asignaci\u00f3n de puestos y la incorporaci\u00f3n, mientras que la empresa de acogida se encarga de las instalaciones, el equipo y la supervisi\u00f3n diaria.<\/p>\n\n\n\n<p>Tras una lesi\u00f3n sufrida por un trabajador temporal, una de las partes puede alegar que la otra era responsable de la capacitaci\u00f3n, el equipo de protecci\u00f3n o el cumplimiento de las normas de seguridad. Una reclamaci\u00f3n s\u00f3lida se basa en hechos concretos, entre los que se incluyen qui\u00e9n asign\u00f3 la tarea, qui\u00e9n capacit\u00f3 al trabajador para esa tarea espec\u00edfica, qui\u00e9n supervis\u00f3 el turno y qui\u00e9n controlaba el equipo involucrado.<\/p>\n\n\n\n<p>Las reclamaciones de los trabajadores temporales tambi\u00e9n requieren una documentaci\u00f3n minuciosa de los detalles de la asignaci\u00f3n. Los mensajes de texto, las confirmaciones de asignaci\u00f3n de personal, los horarios y los registros de tarjetas de identificaci\u00f3n pueden ayudar a demostrar d\u00f3nde se encontraba el trabajador y qu\u00e9 tarea se le hab\u00eda asignado en el momento de la lesi\u00f3n.<\/p>\n\n\n\n<h2 class=\"wp-block-heading\">Medidas que debe tomar tras sufrir una lesi\u00f3n laboral en Little Elm<\/h2>\n\n\n\n<p>Tras sufrir un accidente laboral, lo m\u00e1s importante es velar por su salud y conservar un registro claro de lo ocurrido. Un registro claro puede evitar que se culpe a otros y reducir el riesgo de retrasos cuando hay varias entidades involucradas.<\/p>\n\n\n\n<p>Los siguientes pasos pueden ayudarle a agilizar su reclamaci\u00f3n por accidente laboral:&nbsp;<\/p>\n\n\n\n<ul class=\"wp-block-list\">\n<li>Notifique la lesi\u00f3n al supervisor del lugar y solicite un informe escrito del incidente.<\/li>\n\n\n\n<li>Notifique por escrito a la agencia de empleo si el puesto de trabajo se obtuvo a trav\u00e9s de una colocaci\u00f3n.<\/li>\n\n\n\n<li>Busque atenci\u00f3n m\u00e9dica de inmediato y siga las indicaciones para el seguimiento.<\/li>\n\n\n\n<li>Guarde los horarios, los mensajes de texto y las instrucciones escritas relacionadas con el turno y la tarea.<\/li>\n\n\n\n<li>Documente la informaci\u00f3n de los testigos y los cargos pertinentes,<\/li>\n\n\n\n<li>Tome fotograf\u00edas de la zona y del equipo, siempre que sea seguro y est\u00e9 permitido.<\/li>\n<\/ul>\n\n\n\n<p>Estos pasos pueden servir para establecer un v\u00ednculo entre el incidente y sus lesiones y s\u00edntomas.<\/p>\n\n\n\n<p>La participaci\u00f3n de la poblaci\u00f3n activa en la comunidad tambi\u00e9n ayuda a explicar por qu\u00e9 los accidentes laborales suponen una presi\u00f3n inmediata para muchas familias. El perfil \u00abQuickFacts\u00bb de la Oficina del Censo de los Estados Unidos para Little Elm indica una tasa de participaci\u00f3n de la poblaci\u00f3n activa civil del 72,9 % para el per\u00edodo 2020-2024.<\/p>\n\n\n\n<h2 class=\"wp-block-heading\">P\u00f3ngase en contacto con un abogado especializado en accidentes laborales de Little Elm<\/h2>\n\n\n\n<p>Los accidentes laborales pueden generarles a usted y a su familia una gran cantidad de preocupaciones sobre su estabilidad f\u00edsica, emocional y financiera. Un abogado con experiencia en accidentes laborales de Little Elm en Chandler Ross puede ayudarle a afrontar estos retos con un plan claro. Nuestros abogados pueden analizar su lesi\u00f3n, sus s\u00edntomas y su pron\u00f3stico para preparar un caso s\u00f3lido en busca de una indemnizaci\u00f3n. P\u00f3ngase en contacto con nuestro bufete en <a href=\"tel:1-940-800-2500\">(940) 800-2500<\/a> para concertar una consulta gratuita con un abogado de nuestro equipo.<\/p>\n\n\n\n<h2 class=\"wp-block-heading\">Preguntas frecuentes sobre el bufete de abogados Little Elm especializado en accidentes laborales<\/h2>\n\n\n<div id=\"rank-math-faq\" class=\"rank-math-block\">\n<div class=\"rank-math-list\">\n<div id=\"faq-question-1776971303756\" class=\"rank-math-list-item\">\n<h3 class=\"rank-math-question\">\u00bfC\u00f3mo puede seguir adelante una reclamaci\u00f3n si el empleador afirma que la lesi\u00f3n ocurri\u00f3 fuera del horario laboral?<\/h3>\n<div class=\"rank-math-answer\">\n\n<p>Los registros de horas, los horarios, las \u00f3rdenes de trabajo, los registros de despacho y la presentaci\u00f3n sistem\u00e1tica de informes pueden ayudar a demostrar d\u00f3nde se encontraba y qu\u00e9 tarea se le hab\u00eda asignado cuando se produjo la lesi\u00f3n.<\/p>\n\n<\/div>\n<\/div>\n<div id=\"faq-question-1776971308020\" class=\"rank-math-list-item\">\n<h3 class=\"rank-math-question\">\u00bfC\u00f3mo se tramita un caso cuando otras partes son responsables de la lesi\u00f3n?\u00a0<\/h3>\n<div class=\"rank-math-answer\">\n\n<p>La responsabilidad de terceros suele depender del control de la zona, de la propiedad y el mantenimiento del equipo, y de la conducta que origin\u00f3 el peligro. Los contratos, los registros y las grabaciones de video suelen desempe\u00f1ar un papel fundamental.<\/p>\n\n<\/div>\n<\/div>\n<div id=\"faq-question-1776971314921\" class=\"rank-math-list-item\">\n<h3 class=\"rank-math-question\">\u00bfQu\u00e9 opciones existen cuando alguien se lesiona poco despu\u00e9s de comenzar un trabajo temporal?<\/h3>\n<div class=\"rank-math-answer\">\n\n<p>Si sufre una lesi\u00f3n justo despu\u00e9s de comenzar un trabajo temporal, la cuesti\u00f3n principal es qui\u00e9n ten\u00eda la cobertura y qui\u00e9n controlaba el trabajo. Sus registros de asignaci\u00f3n y de incorporaci\u00f3n indican qui\u00e9n lo contrat\u00f3, y los registros de capacitaci\u00f3n o de supervisi\u00f3n muestran qui\u00e9n dirig\u00eda la tarea. Esos detalles suelen determinar si tiene derecho a una reclamaci\u00f3n por accidente laboral, una reclamaci\u00f3n por no afiliado o un caso contra un tercero.<\/p>\n\n<\/div>\n<\/div>\n<\/div>\n<\/div>","protected":false},"excerpt":{"rendered":"<p>Las lesiones laborales pueden cambiar dr\u00e1sticamente su vida, especialmente cuando se enfrenta a empleadores reacios a respaldar su reclamaci\u00f3n. En Texas, las reclamaciones m\u00e1s s\u00f3lidas suelen comenzar con una atenci\u00f3n m\u00e9dica inmediata, asegur\u00e1ndose de que la lesi\u00f3n quede documentada en el expediente m\u00e9dico y relatando lo sucedido de manera que coincida con la cronolog\u00eda de los hechos. El siguiente paso es\u2026<\/p>","protected":false},"author":2,"featured_media":19096,"parent":18015,"menu_order":0,"comment_status":"closed","ping_status":"closed","template":"","meta":{"_acf_changed":false,"footnotes":""},"class_list":["post-21058","page","type-page","status-publish","has-post-thumbnail","hentry"],"acf":[],"_links":{"self":[{"href":"https:\/\/www.chandlerrosslaw.com\/es\/wp-json\/wp\/v2\/pages\/21058","targetHints":{"allow":["GET"]}}],"collection":[{"href":"https:\/\/www.chandlerrosslaw.com\/es\/wp-json\/wp\/v2\/pages"}],"about":[{"href":"https:\/\/www.chandlerrosslaw.com\/es\/wp-json\/wp\/v2\/types\/page"}],"author":[{"embeddable":true,"href":"https:\/\/www.chandlerrosslaw.com\/es\/wp-json\/wp\/v2\/users\/2"}],"replies":[{"embeddable":true,"href":"https:\/\/www.chandlerrosslaw.com\/es\/wp-json\/wp\/v2\/comments?post=21058"}],"version-history":[{"count":4,"href":"https:\/\/www.chandlerrosslaw.com\/es\/wp-json\/wp\/v2\/pages\/21058\/revisions"}],"predecessor-version":[{"id":21065,"href":"https:\/\/www.chandlerrosslaw.com\/es\/wp-json\/wp\/v2\/pages\/21058\/revisions\/21065"}],"up":[{"embeddable":true,"href":"https:\/\/www.chandlerrosslaw.com\/es\/wp-json\/wp\/v2\/pages\/18015"}],"wp:featuredmedia":[{"embeddable":true,"href":"https:\/\/www.chandlerrosslaw.com\/es\/wp-json\/wp\/v2\/media\/19096"}],"wp:attachment":[{"href":"https:\/\/www.chandlerrosslaw.com\/es\/wp-json\/wp\/v2\/media?parent=21058"}],"curies":[{"name":"wp","href":"https:\/\/api.w.org\/{rel}","templated":true}]}}