{"id":19532,"date":"2026-04-09T23:41:46","date_gmt":"2026-04-09T23:41:46","guid":{"rendered":"https:\/\/www.chandlerrosslaw.com\/gainesville-tx-personal-injury-lawyer\/"},"modified":"2026-04-10T05:00:43","modified_gmt":"2026-04-10T05:00:43","slug":"abogado-especializado-en-lesiones-personales-en-gainesville-texas","status":"publish","type":"page","link":"https:\/\/www.chandlerrosslaw.com\/es\/abogado-especializado-en-lesiones-personales-en-gainesville-texas\/","title":{"rendered":"Abogado especializado en lesiones personales en Gainesville, Texas"},"content":{"rendered":"<h2 id=\"gainesville-tx-personal-injury-lawyers-you-can-count-on\" class=\"wp-block-heading\">Abogados especializados en lesiones personales en Gainesville, Texas, en los que puede confiar<\/h2>\n\n\n\n<p>Cuando un accidente pone su vida patas arriba, necesita un equipo legal que conozca la legislaci\u00f3n de Florida y se preocupe de verdad por su caso. Chandler Ross Injury Attorneys tiene su sede en Denton y Texas, y se enorgullece de prestar sus servicios a personas lesionadas en toda la regi\u00f3n, incluyendo Gainesville y todo el condado de Cooke. Nos ocupamos de accidentes automovil\u00edsticos, choques de camiones, lesiones laborales, reclamaciones por responsabilidad civil de propietarios y mucho m\u00e1s. Nuestro objetivo es sencillo: hacer que la parte responsable rinda cuentas y ayudarle a recuperar cada centavo que se merece.<\/p>\n\n\n\n<h2 class=\"wp-block-heading\">\u00cdndice<\/h2>\n\n\n\n<ul class=\"wp-block-list\">\n<li><a href=\"#gainesville-tx-personal-injury-lawyers-you-can-count-on\">Abogados especializados en lesiones personales en Gainesville, Texas, en los que puede confiar<\/a><\/li>\n<li><a href=\"#vehicle-accident-claims-in-gainesville-tx\">Reclamaciones por accidentes de tr\u00e1fico en Gainesville, Texas<\/a><\/li>\n<li><a href=\"#workplace-injuries-in-gainesville-tx\">Accidentes laborales en Gainesville, Texas<\/a><\/li>\n<li><a href=\"#premises-liability-and-property-injuries-in-gainesville-tx\">Responsabilidad civil por las instalaciones y lesiones en propiedades en Gainesville, Texas<\/a><\/li>\n<li><a href=\"#medical-negligence-and-nursing-home-abuse-in-gainesville-tx\">Negligencia m\u00e9dica y maltrato en residencias de ancianos en Gainesville, Texas<\/a><\/li>\n<li><a href=\"#catastrophic-injuries-and-wrongful-death-in-gainesville-tx\">Lesiones graves y muerte por negligencia en Gainesville, Texas<\/a><\/li>\n<\/ul>\n\n\n\n<p>Gainesville se encuentra justo junto a la Interestatal 35, uno de los corredores m\u00e1s transitados y peligrosos del pa\u00eds. Esa ubicaci\u00f3n supone un riesgo real a diario para conductores, pasajeros, ciclistas y peatones. Cuando se producen accidentes en la I-35 o en las carreteras locales de los alrededores de Gainesville, las lesiones pueden ser graves y el proceso legal puede resultar abrumador. Ah\u00ed es donde entramos nosotros.<\/p>\n\n\n\n<p>De conformidad con el art\u00edculo 16.003 del C\u00f3digo de Pr\u00e1ctica Civil y Recursos de Texas, las demandas por lesiones personales en Texas tienen un plazo de prescripci\u00f3n de dos a\u00f1os. Esto significa que el plazo comienza a correr el d\u00eda en que usted sufre la lesi\u00f3n. Si no cumple con ese plazo, perder\u00e1 su derecho a una indemnizaci\u00f3n, sin importar cu\u00e1n s\u00f3lido sea su caso. Recomendamos a cualquier persona que haya sufrido lesiones en Gainesville o sus alrededores que se ponga en contacto con Chandler Ross Injury Attorneys lo antes posible. Actuar con prontitud protege las pruebas, preserva los testimonios de los testigos y le coloca en la posici\u00f3n m\u00e1s s\u00f3lida posible. Ll\u00e1menos hoy mismo para una consulta gratuita y d\u00e9jenos encargarnos de la batalla legal mientras usted se concentra en su recuperaci\u00f3n.<\/p>\n\n\n\n<h2 id=\"vehicle-accident-claims-in-gainesville-tx\" class=\"wp-block-heading\">Reclamaciones por accidentes de tr\u00e1fico en Gainesville, Texas<\/h2>\n\n\n\n<p>Los accidentes de tr\u00e1fico son el motivo m\u00e1s com\u00fan por el que las personas acuden a un abogado especializado en lesiones personales en Gainesville. Las cifras revelan una realidad preocupante. En 2024 no pas\u00f3 ni un solo d\u00eda en Texas sin que se produjera una muerte por accidente de tr\u00e1fico. La principal causa de los accidentes automovil\u00edsticos en Texas es el exceso de velocidad, que provoc\u00f3 131 978 choques en 2024, mientras que la conducci\u00f3n distra\u00edda caus\u00f3 otros 81 101 choques ese mismo a\u00f1o. Dado que la I-35 atraviesa directamente Gainesville, los conductores locales se enfrentan a estos mismos peligros cada vez que se ponen al volante.<\/p>\n\n\n\n<p>Si ha resultado lesionado en un accidente causado por la negligencia de otra persona, es posible que tenga derecho a una indemnizaci\u00f3n por gastos m\u00e9dicos, salarios perdidos, da\u00f1os y perjuicios, y otros conceptos. Nuestro <a href=\"https:\/\/www.chandlerrosslaw.com\/es\/abogado-especializado-en-lesiones-personales-en-gainesville-texas\/abogado-especializado-en-accidentes-de-trafico-en-gainesville\/\">Abogado especializado en accidentes de tr\u00e1fico en Gainesville<\/a> Nuestro equipo se encarga de todo tipo de colisiones, desde choques por alcance en los sem\u00e1foros hasta accidentes a alta velocidad en autopistas. Investigamos cada detalle de su accidente, recopilamos el informe policial y los registros m\u00e9dicos, y armamos un caso que le brinde las mejores posibilidades de obtener una indemnizaci\u00f3n completa.<\/p>\n\n\n\n<p>Los camiones comerciales constituyen otro riesgo importante en las carreteras de Gainesville. Los accidentes relacionados con camiones aumentaron casi un 191 % entre 2015 y 2024. Si ha sufrido un atropello por parte de un cami\u00f3n de 18 ruedas u otro veh\u00edculo comercial de gran tama\u00f1o, nuestro <a href=\"https:\/\/www.chandlerrosslaw.com\/es\/abogado-especializado-en-lesiones-personales-en-gainesville-texas\/abogado-especializado-en-accidentes-de-camiones-en-gainesville\/\">Abogado especializado en accidentes de camiones en Gainesville<\/a> sabe c\u00f3mo enfrentarse a las grandes empresas de transporte y a sus aseguradoras. Los accidentes de camiones de reparto tambi\u00e9n est\u00e1n aumentando a medida que crece el comercio electr\u00f3nico. Nos ocupamos de reclamaciones que involucran a las principales empresas de transporte, incluidos los casos gestionados por nuestro <a href=\"https:\/\/www.chandlerrosslaw.com\/es\/abogado-especializado-en-lesiones-personales-en-gainesville-texas\/abogado-especializado-en-accidentes-de-camiones-de-amazon-en-gainesville\/\">Abogado especializado en accidentes de camiones de Amazon en Gainesville<\/a>, nuestro <a href=\"https:\/\/www.chandlerrosslaw.com\/es\/abogado-especializado-en-lesiones-personales-en-gainesville-texas\/abogado-especializado-en-accidentes-de-camiones-de-fedex-en-gainesville\/\">Abogado especializado en accidentes de camiones de FedEx en Gainesville<\/a>, y nuestro <a href=\"https:\/\/www.chandlerrosslaw.com\/es\/abogado-especializado-en-lesiones-personales-en-gainesville-texas\/abogado-especializado-en-accidentes-de-camiones-ups-en-gainesville\/\">Abogado especializado en accidentes de camiones de UPS en Gainesville<\/a>. Los accidentes de camiones de mudanzas tambi\u00e9n son frecuentes, y nuestro <a href=\"https:\/\/www.chandlerrosslaw.com\/es\/abogado-especializado-en-lesiones-personales-en-gainesville-texas\/abogado-especializado-en-accidentes-de-camiones-u-haul-en-gainesville\/\">Abogado especializado en accidentes de camiones U-Haul en Gainesville<\/a> tambi\u00e9n se encarga de esos casos.<\/p>\n\n\n\n<p>Los motociclistas se enfrentan a peligros espec\u00edficos en las carreteras. En 2024, el n\u00famero total de muertes de motociclistas ascendi\u00f3 a 585, y 371 de las v\u00edctimas no llevaban casco en el momento del accidente. Si usted conduce una motocicleta y ha sido atropellado por un conductor imprudente, nuestro <a href=\"https:\/\/www.chandlerrosslaw.com\/es\/abogado-especializado-en-lesiones-personales-en-gainesville-texas\/abogado-especializado-en-accidentes-de-motocicleta-en-gainesville\/\">Abogado especializado en accidentes de motocicleta en Gainesville<\/a> luchar\u00e1 para que usted obtenga la indemnizaci\u00f3n completa que necesita. Los accidentes de veh\u00edculos de transporte compartido a\u00f1aden un grado adicional de complejidad, ya que pueden intervenir varias p\u00f3lizas de seguro. Nuestro <a href=\"https:\/\/www.chandlerrosslaw.com\/es\/abogado-especializado-en-lesiones-personales-en-gainesville-texas\/abogado-especializado-en-accidentes-de-uber-en-gainesville\/\">Abogado especializado en accidentes de Uber en Gainesville<\/a> y <a href=\"https:\/\/www.chandlerrosslaw.com\/es\/abogado-especializado-en-lesiones-personales-en-gainesville-texas\/abogado-especializado-en-accidentes-de-lyft-en-gainesville\/\">Abogado especializado en accidentes de Lyft en Gainesville<\/a> saber exactamente c\u00f3mo gestionar esas demandas con m\u00faltiples partes.<\/p>\n\n\n\n<p>Los peatones y los ciclistas se encuentran entre las personas m\u00e1s vulnerables en la v\u00eda p\u00fablica. Las muertes de peatones disminuyeron en un 5,191 % entre 2017 y 2025, hasta alcanzar las 768 v\u00edctimas mortales en 2024, mientras que las muertes de ciclistas registraron una disminuci\u00f3n del 26,421 % en el mismo periodo, hasta las 78 v\u00edctimas mortales. A pesar de estos descensos, sigue habiendo demasiadas personas que sufren lesiones graves. Nuestro <a href=\"https:\/\/www.chandlerrosslaw.com\/es\/abogado-especializado-en-lesiones-personales-en-gainesville-texas\/abogado-especializado-en-accidentes-de-peatones-en-gainesville\/\">Abogado especializado en accidentes de peatones en Gainesville<\/a> y <a href=\"https:\/\/www.chandlerrosslaw.com\/es\/abogado-especializado-en-lesiones-personales-en-gainesville-texas\/abogado-especializado-en-accidentes-de-bicicleta-en-gainesville\/\">Abogado especializado en accidentes de bicicleta en Gainesville<\/a> representamos a peatones y ciclistas lesionados que merecen que los conductores negligentes rindan cuentas por sus actos. La conducci\u00f3n bajo los efectos del alcohol sigue siendo, asimismo, un problema persistente. En 2024, 1.053 personas perdieron la vida en accidentes en los que estaban implicados conductores bajo los efectos del alcohol, lo que representa el 25,371 % del total de muertes por accidentes de tr\u00e1nsito. Nuestro <a href=\"https:\/\/www.chandlerrosslaw.com\/es\/abogado-especializado-en-lesiones-personales-en-gainesville-texas\/abogado-especializado-en-accidentes-por-conducir-bajo-los-efectos-del-alcohol-en-gainesville\/\">Abogado especializado en accidentes por conducir en estado de ebriedad en Gainesville<\/a> busca obtener la m\u00e1xima indemnizaci\u00f3n en estos casos que se podr\u00edan haber evitado por completo.<\/p>\n\n\n\n<h2 id=\"workplace-injuries-in-gainesville-tx\" class=\"wp-block-heading\">Accidentes laborales en Gainesville, Texas<\/h2>\n\n\n\n<p>Texas cuenta con uno de los sistemas de indemnizaci\u00f3n laboral m\u00e1s singulares del pa\u00eds. Los empleadores privados de Texas no est\u00e1n obligados a contratar un seguro de indemnizaci\u00f3n laboral. Esto significa que muchos trabajadores de Gainesville pueden estar empleados por una empresa que ha optado por excluirse por completo del sistema estatal. El hecho de no estar afiliado expone al empleador a demandas por lesiones personales presentadas por empleados que se lesionan en el trabajo, y ciertas defensas disponibles en la mayor\u00eda de las demandas por lesiones personales, como la asunci\u00f3n del riesgo y la negligencia contributiva, no est\u00e1n a disposici\u00f3n de un empleador no afiliado en un caso de lesi\u00f3n laboral. De hecho, esto puede jugar a su favor si su empleador no est\u00e1 afiliado.<\/p>\n\n\n\n<p>En el caso de aquellos cuyos empleadores cuentan con un seguro de accidentes de trabajo, deben informar de su lesi\u00f3n a su empleador en un plazo de 30 d\u00edas a partir de la fecha en que se lesion\u00f3; si no le comunica su lesi\u00f3n a su empleador en ese plazo, es posible que no reciba prestaciones. Es fundamental actuar con rapidez. Nuestro <a href=\"https:\/\/www.chandlerrosslaw.com\/es\/abogado-especializado-en-lesiones-personales-en-gainesville-texas\/abogado-especializado-en-accidentes-laborales-en-gainesville\/\">Abogado especializado en accidentes laborales en Gainesville<\/a> ayuda a los trabajadores lesionados a comprender sus derechos y a agotar todas las v\u00edas disponibles para obtener una indemnizaci\u00f3n.<\/p>\n\n\n\n<p>El condado de Cooke cuenta con sectores agr\u00edcolas, industriales y energ\u00e9ticos muy activos. El trabajo en los yacimientos petrol\u00edferos conlleva riesgos graves, y nuestro <a href=\"https:\/\/www.chandlerrosslaw.com\/es\/abogado-especializado-en-lesiones-personales-en-gainesville-texas\/abogado-especializado-en-lesiones-en-plataformas-petroleras-en-gainesville\/\">Abogado especializado en lesiones en plataformas petroleras en Gainesville<\/a> se encarga de las complejas regulaciones federales y estatales que se aplican a dichas reclamaciones, incluida la posible cobertura en virtud de la Ley de Indemnizaci\u00f3n Laboral para Trabajadores Portuarios y de muelles o la Ley Jones, cuando corresponda. Las obras de construcci\u00f3n son otro punto cr\u00edtico en el que se producen lesiones graves. Las ca\u00eddas, las fallas en los equipos y la negligencia de contratistas externos dan lugar a reclamaciones legales v\u00e1lidas. Nuestro <a href=\"https:\/\/www.chandlerrosslaw.com\/es\/abogado-especializado-en-lesiones-personales-en-gainesville-texas\/abogado-especializado-en-accidentes-de-construccion-en-gainesville\/\">Abogado especializado en accidentes de construcci\u00f3n en Gainesville<\/a> investiga todos los aspectos para identificar a todas las partes responsables y maximizar su indemnizaci\u00f3n. Ya sea que se trate de un empleador no afiliado, un contratista externo o un equipo defectuoso, sabemos c\u00f3mo construir un caso ganador.<\/p>\n\n\n\n<h2 id=\"premises-liability-and-property-injuries-in-gainesville-tx\" class=\"wp-block-heading\">Responsabilidad civil por las instalaciones y lesiones en propiedades en Gainesville, Texas<\/h2>\n\n\n\n<p>Los propietarios de inmuebles en Texas tienen la obligaci\u00f3n legal de mantener sus instalaciones en condiciones razonablemente seguras para los visitantes. Cuando no lo hacen, las personas sufren lesiones y dichos propietarios pueden ser considerados responsables. La ley de responsabilidad civil por las instalaciones de Texas establece diferentes obligaciones seg\u00fan si usted es un invitado, un licenciatario o un intruso. Los invitados, como los clientes de una tienda o un restaurante, reciben el mayor nivel de protecci\u00f3n. Si el propietario de un negocio ten\u00eda conocimiento de una situaci\u00f3n peligrosa y no hizo nada para solucionarla o advertirle, eso constituye negligencia.<\/p>\n\n\n\n<p>Los accidentes por resbalones y ca\u00eddas son uno de los tipos m\u00e1s comunes de reclamaciones por responsabilidad civil de los propietarios de inmuebles. Los pisos mojados, el pavimento irregular, las escaleras en mal estado y la iluminaci\u00f3n deficiente crean peligros que provocan lesiones graves. Nuestro <a href=\"https:\/\/www.chandlerrosslaw.com\/es\/abogado-especializado-en-lesiones-personales-en-gainesville-texas\/abogado-especializado-en-resbalones-y-caidas-en-gainesville\/\">Abogado especializado en resbalones y ca\u00eddas en Gainesville<\/a> sabe c\u00f3mo documentar estas situaciones con rapidez, antes de que los propietarios reparen el da\u00f1o y destruyan las pruebas. Para reclamaciones m\u00e1s amplias relacionadas con la propiedad, nuestro <a href=\"https:\/\/www.chandlerrosslaw.com\/es\/abogado-especializado-en-lesiones-personales-en-gainesville-texas\/abogado-especializado-en-responsabilidad-civil-por-las-instalaciones-en-gainesville\/\">Abogado especializado en responsabilidad civil por las instalaciones en Gainesville<\/a> se encarga de todo, desde accidentes en estacionamientos hasta lesiones en complejos de apartamentos y tiendas minoristas.<\/p>\n\n\n\n<p>Las deficiencias en materia de seguridad constituyen otro problema grave. Si usted sufri\u00f3 una agresi\u00f3n o un robo en un establecimiento que no contaba con las medidas de seguridad adecuadas \u2014como iluminaci\u00f3n en funcionamiento, c\u00e1maras de seguridad o personal de seguridad\u2014, el propietario del local podr\u00eda ser considerado corresponsable de sus lesiones. Nuestro <a href=\"https:\/\/www.chandlerrosslaw.com\/es\/abogado-especializado-en-lesiones-personales-en-gainesville-texas\/abogado-especializado-en-casos-de-seguridad-negligente-en-gainesville\/\">Abogado especializado en casos de seguridad negligente en Gainesville<\/a> defiende estas reclamaciones con firmeza. Las mordeduras de perro tambi\u00e9n entran dentro del \u00e1mbito de la responsabilidad civil por las instalaciones en muchos casos. Texas aplica la \u201cregla de la primera mordedura\u201d combinada con los principios de negligencia, lo que significa que los propietarios pueden ser responsables cuando sab\u00edan o deber\u00edan haber sabido que su perro representaba un peligro. Nuestro <a href=\"https:\/\/www.chandlerrosslaw.com\/es\/abogado-especializado-en-lesiones-personales-en-gainesville-texas\/abogado-especializado-en-casos-de-mordeduras-de-perro-en-gainesville\/\">Abogado especializado en casos de mordeduras de perro en Gainesville<\/a> se encarga de estos casos y reclama una indemnizaci\u00f3n por los gastos m\u00e9dicos, las secuelas f\u00edsicas y el da\u00f1o emocional. Si ha sufrido lesiones en la propiedad de otra persona, no d\u00e9 por sentado que no tiene derecho a reclamar. P\u00f3ngase en contacto con Chandler Ross Injury Attorneys y perm\u00edtanos evaluar su reclamaci\u00f3n de forma gratuita.<\/p>\n\n\n\n<h2 id=\"medical-negligence-and-nursing-home-abuse-in-gainesville-tx\" class=\"wp-block-heading\">Negligencia m\u00e9dica y maltrato en residencias de ancianos en Gainesville, Texas<\/h2>\n\n\n\n<p>Los profesionales m\u00e9dicos en Texas est\u00e1n sujetos a un est\u00e1ndar espec\u00edfico de atenci\u00f3n. Cuando un m\u00e9dico, una enfermera, un hospital u otro proveedor de servicios de salud incumple ese est\u00e1ndar y un paciente sufre da\u00f1os, esto puede constituir una negligencia m\u00e9dica. La secci\u00f3n 74.251 del C\u00f3digo de Pr\u00e1ctica Civil y Recursos de Texas regula las demandas por responsabilidad m\u00e9dica, y las normas son estrictas. El plazo comienza a contar a partir de la fecha de la lesi\u00f3n o de cuando se descubri\u00f3, y existe un plazo de prescripci\u00f3n estricto de 10 a\u00f1os, lo que significa que, incluso si no descubre la lesi\u00f3n hasta m\u00e1s tarde, las reclamaciones deben presentarse dentro de los 10 a\u00f1os siguientes al hecho de negligencia. Estos plazos hacen que sea esencial consultar con un abogado tan pronto como sospeche de negligencia m\u00e9dica.<\/p>\n\n\n\n<p>El maltrato en los hogares de ancianos es una forma de negligencia profundamente preocupante que afecta a algunos de los miembros m\u00e1s vulnerables de la comunidad de Gainesville. El maltrato y la negligencia en los centros de cuidados a largo plazo pueden adoptar muchas formas, entre ellas el maltrato f\u00edsico, el maltrato emocional, la gesti\u00f3n inadecuada de los medicamentos, la desnutrici\u00f3n y la falta de medidas para prevenir las ca\u00eddas. El cap\u00edtulo 242 del C\u00f3digo de Salud y Seguridad establece los derechos de los residentes de los hogares de ancianos y las obligaciones de los centros. Cuando se ignoran esas obligaciones, las familias tienen derecho a buscar justicia. Nuestro <a href=\"https:\/\/www.chandlerrosslaw.com\/es\/abogado-especializado-en-lesiones-personales-en-gainesville-texas\/abogado-especializado-en-casos-de-maltrato-en-residencias-de-ancianos-en-gainesville\/\">Abogado especializado en casos de maltrato en residencias de ancianos en Gainesville<\/a> investiga estos casos a fondo y lucha para que los centros negligentes rindan cuentas. Si cree que un ser querido ha sufrido da\u00f1os en un centro de cuidados de la zona de Gainesville, ll\u00e1menos de inmediato. El tiempo es importante, al igual que la dignidad de su familiar.<\/p>\n\n\n\n<h2 id=\"catastrophic-injuries-and-wrongful-death-in-gainesville-tx\" class=\"wp-block-heading\">Lesiones graves y muerte por negligencia en Gainesville, Texas<\/h2>\n\n\n\n<p>Algunos accidentes provocan lesiones tan graves que lo cambian todo para siempre. Las lesiones cerebrales traum\u00e1ticas, las quemaduras graves, las lesiones de la m\u00e9dula espinal y las amputaciones son sucesos que alteran la vida y requieren atenci\u00f3n m\u00e9dica a largo plazo, rehabilitaci\u00f3n y apoyo continuo. El impacto econ\u00f3mico y emocional para las v\u00edctimas y sus familias puede ser abrumador. No se trata de casos en los que un acuerdo r\u00e1pido con la aseguradora pueda siquiera acercarse a cubrir lo que ha perdido. Usted necesita un equipo legal que comprenda el alcance total de sus da\u00f1os y est\u00e9 preparado para luchar por cada centavo.<\/p>\n\n\n\n<p>Nuestra <a href=\"https:\/\/www.chandlerrosslaw.com\/es\/abogado-especializado-en-lesiones-personales-en-gainesville-texas\/abogado-especializado-en-lesiones-catastroficas-en-gainesville\/\">Abogado especializado en lesiones catastr\u00f3ficas en Gainesville<\/a> se encarga de los casos de lesiones personales m\u00e1s graves con la atenci\u00f3n y los recursos que estos requieren. Si usted o un ser querido ha sufrido una lesi\u00f3n cerebral en un accidente, nuestro <a href=\"https:\/\/www.chandlerrosslaw.com\/es\/abogado-especializado-en-lesiones-personales-en-gainesville-texas\/abogado-especializado-en-lesiones-cerebrales-traumaticas-en-gainesville\/\">Abogado especializado en lesiones cerebrales traum\u00e1ticas en Gainesville<\/a> colabora con expertos m\u00e9dicos para documentar el impacto total de la lesi\u00f3n en su vida y en su capacidad futura para obtener ingresos. Las lesiones por quemaduras graves requieren tratamiento m\u00e9dico especializado y, a menudo, provocan cicatrices permanentes y discapacidad. Nuestro <a href=\"https:\/\/www.chandlerrosslaw.com\/es\/abogado-especializado-en-lesiones-personales-en-gainesville-texas\/abogado-especializado-en-lesiones-por-quemaduras-en-gainesville\/\">Abogado especializado en lesiones por quemaduras en Gainesville<\/a> solicita una indemnizaci\u00f3n que cubra los cuidados continuos, las cirug\u00edas reconstructivas y el sufrimiento emocional derivado de estas lesiones.<\/p>\n\n\n\n<p>Cuando un ser querido fallece a causa de la negligencia de otra persona, el dolor se ve agravado por la presi\u00f3n econ\u00f3mica y las preguntas sin respuesta. La ley de homicidio culposo de Texas, recogida en el art\u00edculo 71.001 del C\u00f3digo de Pr\u00e1ctica Civil y Recursos de Texas, permite a los c\u00f3nyuges, hijos y padres sobrevivientes reclamar una indemnizaci\u00f3n por su p\u00e9rdida. En los casos de muerte por negligencia, el plazo de prescripci\u00f3n en Texas tambi\u00e9n es de dos a\u00f1os, pero el conteo comienza a partir de la fecha del fallecimiento, no del accidente. Nuestro <a href=\"https:\/\/www.chandlerrosslaw.com\/es\/abogado-especializado-en-lesiones-personales-en-gainesville-texas\/abogado-especializado-en-casos-de-homicidio-culposo-en-gainesville\/\">Abogado especializado en casos de homicidio culposo en Gainesville<\/a> aborda estos casos tan personales con compasi\u00f3n y determinaci\u00f3n. Si su familia ha sufrido una muerte por negligencia, p\u00f3ngase en contacto hoy mismo con Chandler Ross Injury Attorneys. Estaremos a su lado en cada paso del camino y lucharemos para que se haga justicia.<\/p>","protected":false},"excerpt":{"rendered":"<p>Abogados especializados en lesiones personales en Gainesville, Texas, en los que puede confiar: cuando un accidente pone su vida patas arriba, necesita un equipo legal que conozca la legislaci\u00f3n de Texas y se preocupe de verdad por su caso. Chandler Ross Injury Attorneys tiene su sede en Denton y Texas, y se enorgullece de prestar sus servicios a personas lesionadas en toda la regi\u00f3n, incluyendo Gainesville y todo el condado de Cooke\u2026<\/p>","protected":false},"author":6,"featured_media":0,"parent":0,"menu_order":0,"comment_status":"closed","ping_status":"closed","template":"","meta":{"_acf_changed":false,"footnotes":""},"class_list":["post-19532","page","type-page","status-publish","hentry"],"acf":[],"_links":{"self":[{"href":"https:\/\/www.chandlerrosslaw.com\/es\/wp-json\/wp\/v2\/pages\/19532","targetHints":{"allow":["GET"]}}],"collection":[{"href":"https:\/\/www.chandlerrosslaw.com\/es\/wp-json\/wp\/v2\/pages"}],"about":[{"href":"https:\/\/www.chandlerrosslaw.com\/es\/wp-json\/wp\/v2\/types\/page"}],"author":[{"embeddable":true,"href":"https:\/\/www.chandlerrosslaw.com\/es\/wp-json\/wp\/v2\/users\/6"}],"replies":[{"embeddable":true,"href":"https:\/\/www.chandlerrosslaw.com\/es\/wp-json\/wp\/v2\/comments?post=19532"}],"version-history":[{"count":1,"href":"https:\/\/www.chandlerrosslaw.com\/es\/wp-json\/wp\/v2\/pages\/19532\/revisions"}],"predecessor-version":[{"id":19636,"href":"https:\/\/www.chandlerrosslaw.com\/es\/wp-json\/wp\/v2\/pages\/19532\/revisions\/19636"}],"wp:attachment":[{"href":"https:\/\/www.chandlerrosslaw.com\/es\/wp-json\/wp\/v2\/media?parent=19532"}],"curies":[{"name":"wp","href":"https:\/\/api.w.org\/{rel}","templated":true}]}}