{"id":19122,"date":"2026-02-18T23:21:35","date_gmt":"2026-02-18T23:21:35","guid":{"rendered":"https:\/\/www.chandlerrosslaw.com\/?page_id=19122"},"modified":"2026-04-24T20:53:20","modified_gmt":"2026-04-24T20:53:20","slug":"abogado-especializado-en-lesiones-laborales","status":"publish","type":"page","link":"https:\/\/www.chandlerrosslaw.com\/es\/lewisville\/workplace-injury-lawyer\/","title":{"rendered":"Abogado especializado en lesiones laborales Lewisville"},"content":{"rendered":"<h1 class=\"wp-block-heading\">Abogado especializado en lesiones laborales Lewisville<\/h1>\n\n\n\n<p><a href=\"https:\/\/www.chandlerrosslaw.com\/es\/lesion-laboral\/\">Lesiones laborales<\/a> puede dejarle con un dolor intenso, p\u00e9rdida de ingresos y un entorno laboral inc\u00f3modo. Aunque Texas cuenta con leyes para proteger a determinados trabajadores, estas reclamaciones rara vez son sencillas. Un abogado especializado en indemnizaciones laborales de Lewisville puede trabajar con usted para determinar sus derechos y las indemnizaciones a las que tiene derecho tras sufrir una lesi\u00f3n en el lugar de trabajo.&nbsp;<\/p>\n\n\n\n<p><a href=\"https:\/\/www.chandlerrosslaw.com\/es\/\">Chandler Ross Abogados de lesiones<\/a> tiene una larga trayectoria representando con \u00e9xito a v\u00edctimas de accidentes laborales en Texas. Nuestros abogados entienden que los casos de accidentes laborales requieren un enfoque personalizado, especialmente porque muchos empleadores privados de Texas optan por no contratar un seguro de compensaci\u00f3n laboral. P\u00f3ngase en contacto con un abogado con experiencia en compensaci\u00f3n laboral de nuestro equipo llamando al&nbsp;<a href=\"tel:1-940-800-2500\">(940) 800-2500<\/a>.<\/p>\n\n\n\n<h2 class=\"wp-block-heading\">Las reclamaciones por lesiones laborales en Texas comienzan con una pregunta clave<\/h2>\n\n\n\n<p>Si bien cada estado tiene normas \u00fanicas en materia de indemnizaci\u00f3n por accidentes laborales, el Texas presenta varias diferencias clave. Cuando el empleador cuenta con el seguro de indemnizaci\u00f3n por accidentes laborales Texas, normalmente se solicitan las prestaciones a trav\u00e9s de ese sistema en lugar de presentar una demanda por negligencia contra la empresa. Si un empleador no est\u00e1 suscrito, los trabajadores pueden <a href=\"https:\/\/www.chandlerrosslaw.com\/es\/negligencia\/\">presentar una demanda por negligencia<\/a> contra el empleador. Sin embargo, las demandas por negligencia exigen que el trabajador lesionado cumpla con unos requisitos de prueba m\u00e1s estrictos. Un abogado puede trabajar con usted para determinar su cobertura y los pasos a seguir. Hay varias indemnizaciones a su disposici\u00f3n.&nbsp;<\/p>\n\n\n\n<h2 class=\"wp-block-heading\">Lewisville Lugares de trabajo donde se producen m\u00e1s lesiones<\/h2>\n\n\n\n<p><a href=\"https:\/\/www.chandlerrosslaw.com\/es\/lewisville\/abogados-de-accidentes-con-lesiones-personales\/\">Lewisville<\/a> Se encuentra en la intersecci\u00f3n de carreteras principales y en una zona de crecimiento comercial constante, por lo que el trabajo suele realizarse r\u00e1pidamente y en espacios reducidos. Esa combinaci\u00f3n tiende a generar los mismos tipos de problemas en la obra una y otra vez.<\/p>\n\n\n\n<p>Los almacenes, los centros de distribuci\u00f3n y las operaciones de entrega funcionan con muelles de carga, pilas de pal\u00e9s y carretillas industriales motorizadas, y un peque\u00f1o fallo en el espacio, la capacitaci\u00f3n o el control del tr\u00e1fico puede provocar lesiones graves.<\/p>\n\n\n\n<p><a href=\"https:\/\/www.chandlerrosslaw.com\/es\/lewisville\/abogado-especializado-en-lesiones-laborales\/abogado-especializado-en-accidentes-laborales-en-el-sector-de-la-construccion-2\/\">Construcci\u00f3n<\/a> y los trabajos de mantenimiento conllevan una serie de riesgos y retos diferentes. Estas reclamaciones suelen involucrar a m\u00faltiples partes y entidades responsables. En estas situaciones, los hechos relevantes son a\u00fan m\u00e1s cruciales. Un abogado puede ayudarle a determinar qui\u00e9n es responsable de las lesiones y qu\u00e9 tipos de reclamaciones puede presentar.\u00a0<\/p>\n\n\n\n<p>Adem\u00e1s, muchas reclamaciones de indemnizaci\u00f3n laboral est\u00e1n relacionadas con accidentes de tr\u00e1fico. Por ejemplo, <a href=\"https:\/\/www.chandlerrosslaw.com\/es\/condado-de-denton\/abogados-de-lesiones-personales\/\">Condado de Denton<\/a>\u2019El resumen de tr\u00e1fico de 2024 de Su Se\u00f1or\u00eda recoge 50 v\u00edctimas mortales y 301 accidentes con lesiones graves presuntas.<\/p>\n\n\n\n<h2 class=\"wp-block-heading\">Lesiones laborales que suelen respaldar una reclamaci\u00f3n de indemnizaci\u00f3n laboral Texas<\/h2>\n\n\n\n<p>Las lesiones laborales pueden variar en gravedad, mientras que algunas aparecen r\u00e1pidamente, otras pueden ser el resultado de estr\u00e9s repetitivo o exposici\u00f3n. Si bien ambos tipos de lesiones est\u00e1n cubiertos por la ley de compensaci\u00f3n laboral, las pruebas requeridas pueden diferir. Sin embargo, algunas situaciones laborales comunes que podr\u00edan estar cubiertas incluyen lesiones derivadas de lo siguiente:&nbsp;<\/p>\n\n\n\n<ul class=\"wp-block-list\">\n<li>Ca\u00eddas desde alturas, como plataformas, escaleras y andamios.;<\/li>\n\n\n\n<li><a href=\"https:\/\/www.chandlerrosslaw.com\/es\/resbalones-caidas\/\">Accidentes por resbalones y ca\u00eddas <\/a>relacionados con superficies irregulares, suelos mojados o caminos despejados;<\/li>\n\n\n\n<li>Accidentes por golpes causados por la ca\u00edda de equipos o cargas;&nbsp;<\/li>\n\n\n\n<li>Atrapado dentro o entre la maquinaria;&nbsp;<\/li>\n\n\n\n<li>Esguinces por levantar peso, torceduras y esfuerzo excesivo.;<\/li>\n\n\n\n<li>Colisiones entre montacargas y veh\u00edculos de almac\u00e9n.;&nbsp;<\/li>\n\n\n\n<li><a href=\"https:\/\/www.chandlerrosslaw.com\/es\/lewisville\/abogados-de-accidentes-de-coche\/\">Accidentes laborales<\/a>; y<\/li>\n\n\n\n<li><a href=\"https:\/\/www.chandlerrosslaw.com\/es\/lesion-por-quemadura\/\">Quemaduras, exposici\u00f3n a sustancias qu\u00edmicas y lesiones el\u00e9ctricas.<\/a>.<\/li>\n<\/ul>\n\n\n\n<p>Uno de los aspectos m\u00e1s s\u00f3lidos de una reclamaci\u00f3n es si existe coherencia con las pruebas. Por ejemplo, si el informe del incidente, las declaraciones de los testigos y la documentaci\u00f3n m\u00e9dica apuntan todos a la misma causa.&nbsp;<\/p>\n\n\n\n<h2 class=\"wp-block-heading\">Pasos a seguir tras un accidente laboral en Lewisville&nbsp;<\/h2>\n\n\n\n<p>Los primeros pasos despu\u00e9s de una lesi\u00f3n en el lugar de trabajo pueden determinar el resultado de la reclamaci\u00f3n, incluso cuando la lesi\u00f3n parece sencilla.<\/p>\n\n\n\n<ul class=\"wp-block-list\">\n<li>La atenci\u00f3n m\u00e9dica es lo primero, y el historial m\u00e9dico debe describir claramente c\u00f3mo se produjo la lesi\u00f3n en el trabajo, ya que esa relaci\u00f3n sirve de base para el resto del caso.<\/li>\n\n\n\n<li>Un informe de lesiones debe ser preciso y conciso, y debe evitar especulaciones sobre culpas u opiniones m\u00e9dicas que pertenecen al historial cl\u00ednico.<\/li>\n\n\n\n<li>Las fotos de la zona, el equipo utilizado, el calzado, el equipo de seguridad y cualquier peligro visible pueden ser \u00fatiles m\u00e1s adelante, cuando la escena f\u00edsica cambia r\u00e1pidamente en los lugares de trabajo activos.<\/li>\n<\/ul>\n\n\n\n<p>Una cronolog\u00eda constante y documentada suele proteger m\u00e1s una reclamaci\u00f3n que cualquier hecho dram\u00e1tico aislado.<\/p>\n\n\n\n<h2 class=\"wp-block-heading\">Indemnizaci\u00f3n por accidente laboral en Texas: cuando el empleador est\u00e1 afiliado<\/h2>\n\n\n\n<p>Cuando un empleador cuenta con un seguro de compensaci\u00f3n laboral, la reclamaci\u00f3n suele seguir un proceso estructurado que se centra en la atenci\u00f3n m\u00e9dica aprobada, las prestaciones y los tr\u00e1mites administrativos.<\/p>\n\n\n\n<p>Este sistema puede proporcionar cobertura m\u00e9dica y cierta compensaci\u00f3n salarial, y puede limitar la capacidad de demandar al empleador suscriptor, incluso cuando el incidente haya estado relacionado con condiciones inseguras.<\/p>\n\n\n\n<p>Los datos sobre lesiones y enfermedades de Texas tambi\u00e9n muestran c\u00f3mo las tasas estatales pueden diferir de la realidad vivida en entornos de alto riesgo. Texas inform\u00f3 de una tasa de incidencia registrable total en 2023 de 1,8 casos por cada 100 trabajadores equivalentes a tiempo completo, mientras que la tasa nacional registrada ese a\u00f1o fue de 2,4, y esa comparaci\u00f3n es importante porque los promedios estatales m\u00e1s bajos pueden ocultar la intensidad del riesgo en determinadas industrias y lugares de trabajo.<\/p>\n\n\n\n<p>Una reclamaci\u00f3n de indemnizaci\u00f3n laboral suscrita sigue benefici\u00e1ndose de una documentaci\u00f3n s\u00f3lida y pruebas m\u00e9dicas cuidadosas, ya que las disputas suelen girar en torno al alcance de la lesi\u00f3n, la necesidad de tratamiento y la capacidad para reincorporarse al trabajo.<\/p>\n\n\n\n<h2 class=\"wp-block-heading\">Reclamaciones cuando el empleador no cuenta con seguro de compensaci\u00f3n laboral<\/h2>\n\n\n\n<p>Cuando un empleador privado decide no participar en el programa de indemnizaci\u00f3n laboral, el caso suele parecerse m\u00e1s a un <a href=\"https:\/\/www.chandlerrosslaw.com\/es\/danos-personales\/\">reclamaci\u00f3n por da\u00f1os personales<\/a> basado en negligencia y en la evidencia de condiciones inseguras.<\/p>\n\n\n\n<p>Este no es un caso poco com\u00fan en Texas, ya que las estimaciones reportadas muestran que alrededor de 25% de empleadores privados no est\u00e1n suscritos y que alrededor de 19% de empleados trabajan para esos empleadores. Estos casos a menudo se centran en la capacitaci\u00f3n, la supervisi\u00f3n, la dotaci\u00f3n de personal, el estado de los equipos, las normas del lugar de trabajo y la forma en que el empleador respondi\u00f3 a los riesgos conocidos. Un enfoque s\u00f3lido trata el caso como un proyecto de pruebas desde el principio, ya que la reclamaci\u00f3n depende de lo que se pueda demostrar mediante registros, testigos y documentaci\u00f3n m\u00e9dica coherente.<\/p>\n\n\n\n<h2 class=\"wp-block-heading\">Reclamaciones de terceros tras un accidente laboral<\/h2>\n\n\n\n<p>Una lesi\u00f3n laboral puede involucrar a otra empresa o persona, incluso cuando la lesi\u00f3n se produjo durante la jornada laboral, lo que puede dar lugar a una reclamaci\u00f3n independiente con da\u00f1os y perjuicios m\u00e1s amplios.<\/p>\n\n\n\n<p>Los casos de terceros suelen involucrar a subcontratistas, propietarios, proveedores, fabricantes de equipos o conductores negligentes que crearon el peligro o causaron el impacto.<\/p>\n\n\n\n<p>Los riesgos en las zonas de trabajo y en las carreteras son un factor real en Texas, donde los informes estatales de 2024 muestran casi 28 000 accidentes en zonas de trabajo y 215 muertes, lo que pone de relieve el peligro al que se enfrentan los trabajadores cerca del tr\u00e1fico, as\u00ed como los trabajadores que conducen como parte de su trabajo.<\/p>\n\n\n\n<p>Los casos con terceros suelen depender de la r\u00e1pida conservaci\u00f3n de v\u00eddeos, datos del veh\u00edculo, registros de mantenimiento y declaraciones de testigos, ya que estos elementos pueden desaparecer incluso cuando todos act\u00faan de buena fe.<\/p>\n\n\n\n<h2 class=\"wp-block-heading\">C\u00f3mo las normas de seguridad suelen estar relacionadas con las lesiones en el mundo real<\/h2>\n\n\n\n<p>Las reclamaciones por lesiones laborales no requieren una citaci\u00f3n de la agencia para prosperar, pero las normas de seguridad y las categor\u00edas de riesgos recurrentes ayudan a explicar c\u00f3mo se producen incidentes que se podr\u00edan haber evitado.<\/p>\n\n\n\n<p>Las ca\u00eddas, las escaleras, los andamios, los problemas relacionados con la protecci\u00f3n de las m\u00e1quinas y los riesgos derivados de los camiones industriales tienden a repetirse en todos los sectores, ya que dependen de decisiones cotidianas como la formaci\u00f3n, la inspecci\u00f3n y la supervisi\u00f3n.<\/p>\n\n\n\n<p>Una estrategia legal pr\u00e1ctica se centra menos en las etiquetas y m\u00e1s en demostrar tres cosas: que exist\u00eda el peligro, que la parte responsable ten\u00eda control o influencia, y que el peligro caus\u00f3 la lesi\u00f3n que requiri\u00f3 tratamiento. Ese enfoque mantiene la demanda basada en los hechos que determinan la responsabilidad y los da\u00f1os.<\/p>\n\n\n\n<h2 class=\"wp-block-heading\">Cifras que ponen en contexto los riesgos en el lugar de trabajo<\/h2>\n\n\n\n<p>Las estad\u00edsticas no prueban ning\u00fan caso en particular, pero pueden explicar por qu\u00e9 ciertas lesiones merecen una atenci\u00f3n especial y por qu\u00e9 los empleadores y las aseguradoras suelen tratar estos casos como de alto riesgo desde el principio.<\/p>\n\n\n\n<p>Texas registrado<a href=\"https:\/\/www.chandlerrosslaw.com\/es\/muerte-por-negligencia\/\"> 564 accidentes laborales mortales<\/a> En 2023, Texas inform\u00f3 una tasa de mortalidad de 4,1 por cada 100 000 trabajadores equivalentes a tiempo completo, lo que demuestra la frecuencia con la que el trabajo puede resultar mortal, incluso fuera de los empleos obviamente peligrosos.<\/p>\n\n\n\n<p>Los datos del sector tambi\u00e9n ponen de relieve c\u00f3mo determinados sectores soportan una mayor carga de lesiones, entre ellos el transporte y el almacenamiento, con una tasa de incidencia registrable total de alrededor de 4,5 seg\u00fan las \u00faltimas tablas sectoriales de la Oficina de Estad\u00edsticas Laborales (BLS), lo que coincide con la realidad de las ajetreadas operaciones de distribuci\u00f3n y entrega en el norte de Texas.<\/p>\n\n\n\n<p>Los riesgos en las carreteras locales est\u00e1n relacionados con muchos accidentes laborales, y el resumen de tr\u00e1fico del condado de Denton para 2024 recoge 50 muertes y 301 accidentes con lesiones graves sospechosas, lo que es importante para los trabajadores que conducen, realizan entregas o trabajan cerca del tr\u00e1fico.<\/p>\n\n\n\n<p>Estas cifras proporcionan contexto, pero el caso en s\u00ed mismo sigue dependiendo de las pruebas, los informes m\u00e9dicos y qui\u00e9n ten\u00eda el control sobre la situaci\u00f3n de inseguridad.<\/p>\n\n\n\n<h2 class=\"wp-block-heading\">Qu\u00e9 puede incluir la indemnizaci\u00f3n<\/h2>\n\n\n\n<p>Las prestaciones por accidente laboral dependen del tipo de reclamaci\u00f3n, la gravedad de la lesi\u00f3n y la solidez de las pruebas. Sin embargo, por lo general, los empleados lesionados pueden recuperar ciertas prestaciones m\u00e9dicas y salariales.&nbsp;<\/p>\n\n\n\n<p>Las reclamaciones de terceros y de personas que no son suscriptoras pueden incluir un conjunto m\u00e1s amplio de da\u00f1os y perjuicios, que a menudo ponen de relieve los gastos m\u00e9dicos, la p\u00e9rdida de ingresos, el impacto en los ingresos futuros y las p\u00e9rdidas humanas relacionadas con el dolor y la discapacidad.<\/p>\n\n\n\n<p>Un plan de da\u00f1os bien elaborado vincula cada categor\u00eda con los registros y evita reclamaciones infladas que las aseguradoras pueden rebatir f\u00e1cilmente.<\/p>\n\n\n\n<h2 class=\"wp-block-heading\">C\u00f3mo Chandler Ross construye un caso de accidente laboral<\/h2>\n\n\n\n<p>Los casos s\u00f3lidos de lesiones laborales suelen derivarse de una actuaci\u00f3n temprana, una documentaci\u00f3n coherente y una teor\u00eda clara de la responsabilidad.<\/p>\n\n\n\n<p>Chandler Ross Injury Attorneys se centra en preservar la historia en tiempo real a trav\u00e9s de registros, testimonios de testigos y documentaci\u00f3n m\u00e9dica que reflejan el mecanismo real de la lesi\u00f3n y las limitaciones funcionales que se derivan de ella.<\/p>\n\n\n\n<p>Ese trabajo suele incluir la recopilaci\u00f3n de informes de incidentes, materiales de capacitaci\u00f3n, notas de reuniones de seguridad, registros de inspecci\u00f3n y mantenimiento de equipos, quejas previas y cualquier video disponible, adem\u00e1s de documentar la distribuci\u00f3n del lugar de trabajo y la tarea espec\u00edfica que provoc\u00f3 la lesi\u00f3n.<\/p>\n\n\n\n<p>Un enfoque disciplinado basado en las pruebas puede favorecer una resoluci\u00f3n temprana cuando el caso est\u00e1 listo, y la preparaci\u00f3n para el juicio cuando la otra parte se niega a tratar la lesi\u00f3n de manera justa.<\/p>\n\n\n\n<h2 class=\"wp-block-heading\">P\u00f3ngase en contacto con nuestros abogados especializados en lesiones laborales de Lewisville en Chandler Ross Injury Attorneys hoy mismo.<\/h2>\n\n\n\n<p>Un abogado especializado en indemnizaciones laborales de Chandler Ross puede ayudarle a determinar la cobertura, identificar a todas las partes responsables y establecer un camino claro para obtener la indemnizaci\u00f3n. Ofrecemos a nuestros clientes planes personalizados y completos para que puedan centrarse en su recuperaci\u00f3n f\u00edsica, emocional y psicol\u00f3gica. Comun\u00edquese con nuestra oficina al <a href=\"tel:1-940-800-2500\">(940) 800-2500<\/a> para programar una consulta con un abogado especializado en compensaci\u00f3n laboral de nuestro equipo.&nbsp;<\/p>\n\n\n\n<h2 class=\"wp-block-heading\">Preguntas frecuentes sobre el abogado especializado en lesiones laborales Lewisville<\/h2>\n\n\n\n<h3 class=\"wp-block-heading\">\u00bfQu\u00e9 sucede si su empleador no cuenta con un seguro de compensaci\u00f3n laboral?&nbsp;<\/h3>\n\n\n\n<p>En determinadas situaciones, es posible que pueda presentar una demanda por da\u00f1os personales contra el empleador responsable.<\/p>\n\n\n<div id=\"rank-math-faq\" class=\"rank-math-block\">\n<div class=\"rank-math-list\">\n<div id=\"faq-question-1771456428866\" class=\"rank-math-list-item\">\n<h3 class=\"rank-math-question\">\u00bfPuedo presentar una demanda contra alguien que no sea mi empleador?<\/h3>\n<div class=\"rank-math-answer\">\n\n<p>Puede existir una reclamaci\u00f3n de terceros cuando otra empresa o persona haya contribuido al peligro, como un subcontratista, el propietario de un inmueble, el fabricante de un equipo o un conductor negligente.<\/p>\n\n<\/div>\n<\/div>\n<\/div>\n<\/div>\n\n\n<h3 class=\"wp-block-heading\">\u00bfQu\u00e9 debe documentar inmediatamente despu\u00e9s de sufrir un accidente laboral?&nbsp;<\/h3>\n\n\n\n<p>Los expedientes m\u00e9dicos que relacionan claramente la lesi\u00f3n con el accidente laboral, un informe conciso de la lesi\u00f3n y las pruebas conservadas, como fotos, nombres de testigos y detalles del equipo, suelen reducir las disputas posteriores.<\/p>\n\n\n\n<h3 class=\"wp-block-heading\">\u00bfC\u00f3mo afectan los riesgos relacionados con la conducci\u00f3n en el trabajo a las reclamaciones por lesiones laborales?&nbsp;<\/h3>\n\n\n\n<p><a href=\"https:\/\/www.chandlerrosslaw.com\/es\/accidentes-de-trafico\/\">Conducci\u00f3n relacionada con el trabajo<\/a> Puede crear un caso de terceros y, a menudo, se beneficia de la r\u00e1pida conservaci\u00f3n de las pruebas del accidente, como v\u00eddeos, datos del veh\u00edculo y testimonios de testigos.<\/p>","protected":false},"excerpt":{"rendered":"<p>Lewisville Abogado especializado en lesiones laborales Las lesiones laborales pueden provocarle dolor intenso, p\u00e9rdida de ingresos y un entorno de trabajo inc\u00f3modo. Aunque Texas cuenta con leyes para proteger a determinados trabajadores, estos casos rara vez son sencillos. Un abogado especializado en indemnizaci\u00f3n laboral de Lewisville puede trabajar con usted para determinar sus derechos y las medidas que puede tomar tras sufrir una lesi\u00f3n laboral. Chandler Ross\u2026<\/p>","protected":false},"author":2,"featured_media":19096,"parent":17964,"menu_order":0,"comment_status":"closed","ping_status":"closed","template":"","meta":{"_acf_changed":false,"footnotes":""},"class_list":["post-19122","page","type-page","status-publish","has-post-thumbnail","hentry"],"acf":[],"_links":{"self":[{"href":"https:\/\/www.chandlerrosslaw.com\/es\/wp-json\/wp\/v2\/pages\/19122","targetHints":{"allow":["GET"]}}],"collection":[{"href":"https:\/\/www.chandlerrosslaw.com\/es\/wp-json\/wp\/v2\/pages"}],"about":[{"href":"https:\/\/www.chandlerrosslaw.com\/es\/wp-json\/wp\/v2\/types\/page"}],"author":[{"embeddable":true,"href":"https:\/\/www.chandlerrosslaw.com\/es\/wp-json\/wp\/v2\/users\/2"}],"replies":[{"embeddable":true,"href":"https:\/\/www.chandlerrosslaw.com\/es\/wp-json\/wp\/v2\/comments?post=19122"}],"version-history":[{"count":4,"href":"https:\/\/www.chandlerrosslaw.com\/es\/wp-json\/wp\/v2\/pages\/19122\/revisions"}],"predecessor-version":[{"id":21106,"href":"https:\/\/www.chandlerrosslaw.com\/es\/wp-json\/wp\/v2\/pages\/19122\/revisions\/21106"}],"up":[{"embeddable":true,"href":"https:\/\/www.chandlerrosslaw.com\/es\/wp-json\/wp\/v2\/pages\/17964"}],"wp:featuredmedia":[{"embeddable":true,"href":"https:\/\/www.chandlerrosslaw.com\/es\/wp-json\/wp\/v2\/media\/19096"}],"wp:attachment":[{"href":"https:\/\/www.chandlerrosslaw.com\/es\/wp-json\/wp\/v2\/media?parent=19122"}],"curies":[{"name":"wp","href":"https:\/\/api.w.org\/{rel}","templated":true}]}}