{"id":19095,"date":"2026-02-04T00:31:44","date_gmt":"2026-02-04T00:31:44","guid":{"rendered":"https:\/\/www.chandlerrosslaw.com\/?page_id=19095"},"modified":"2026-04-23T23:50:16","modified_gmt":"2026-04-23T23:50:16","slug":"abogados-especializados-en-lesiones-laborales","status":"publish","type":"page","link":"https:\/\/www.chandlerrosslaw.com\/es\/denton-county\/workplace-injury-attorneys\/","title":{"rendered":"Abogados especializados en lesiones laborales del condado de Denton"},"content":{"rendered":"<h1 class=\"wp-block-heading\">Abogados especializados en lesiones laborales del condado de Denton<\/h1>\n\n\n\n<h2 class=\"wp-block-heading\"><em>\u00bfHa sufrido una lesi\u00f3n en el trabajo? Hable hoy mismo con un abogado con experiencia en lesiones laborales en el condado de Denton.<\/em><\/h2>\n\n\n\n<p><a href=\"https:\/\/www.chandlerrosslaw.com\/es\/condado-de-denton\/\">Condado Denton, Texas<\/a>, est\u00e1 creciendo r\u00e1pidamente. A principios de 2023, la poblaci\u00f3n del condado de Denton super\u00f3 el mill\u00f3n de habitantes. El condado incluye cuatro de las ciudades de m\u00e1s r\u00e1pido crecimiento de Texas: Celina, Haslet, Argyle y Northlake.<\/p>\n\n\n\n<p>Las estad\u00edsticas federales estiman que m\u00e1s de medio mill\u00f3n de personas en el condado de Denton tienen empleos a tiempo completo o parcial. Esta cifra representa el 72 % de la poblaci\u00f3n entre 16 y 65 a\u00f1os.<\/p>\n\n\n\n<p>La vida en el condado de Denton es muy ajetreada. A medida que las empresas asumen m\u00e1s trabajo, tambi\u00e9n aumenta el riesgo de lesiones. Si ha sufrido una lesi\u00f3n en el trabajo en el condado de Denton, hable con un <a href=\"https:\/\/www.chandlerrosslaw.com\/es\/lesion-laboral\/\">Abogado con experiencia que sabe c\u00f3mo manejar las reclamaciones por lesiones laborales.<\/a>. El equipo de <a href=\"https:\/\/www.chandlerrosslaw.com\/es\/\">Chandler Ross<\/a> puede ayudar.&nbsp;<\/p>\n\n\n\n<h2 class=\"wp-block-heading\">Los principales empleadores e industrias del condado Denton<\/h2>\n\n\n\n<p>M\u00e1s de 6300 empresas tienen su sede en Denton, seg\u00fan la Asociaci\u00f3n para el Desarrollo Econ\u00f3mico de Denton. M\u00e1s de 40 000 trabajadores viven en la ciudad de Denton, mientras que miles m\u00e1s viven en otras zonas del condado de Denton en r\u00e1pido crecimiento.&nbsp;<\/p>\n\n\n\n<p>Los principales empleadores e industrias del condado de Denton incluyen:<\/p>\n\n\n\n<ul class=\"wp-block-list\">\n<li>Peterbilt Motors Company<\/li>\n\n\n\n<li>Jostens<\/li>\n\n\n\n<li>Southwire\/United Copper Industries<\/li>\n\n\n\n<li>Ladrillo Acme<\/li>\n\n\n\n<li>ESAB\/Victor Technologies<\/li>\n\n\n\n<li>Sally Beauty<\/li>\n\n\n\n<li>Universidad del Norte Texas<\/li>\n<\/ul>\n\n\n\n<p>Estas empresas tienen su sede en Denton, dependen de Denton como principal centro de fabricaci\u00f3n, o ambas cosas.&nbsp;<\/p>\n\n\n\n<p>La intersecci\u00f3n de las autopistas interestatales 35E y 35W, as\u00ed como su proximidad al Aeropuerto Internacional DFW, atrae a empleadores y tr\u00e1fico comercial. Cuanto m\u00e1s concurrido se vuelve el condado Denton, m\u00e1s probable es que <a href=\"https:\/\/www.chandlerrosslaw.com\/es\/negligencia\/\">La negligencia provocar\u00e1 lesiones graves.<\/a>.&nbsp;<\/p>\n\n\n\n<h2 class=\"wp-block-heading\">Los trabajos y las industrias m\u00e1s peligrosos en Texas<\/h2>\n\n\n\n<p>La industria manufacturera y la log\u00edstica tambi\u00e9n se encuentran entre las industrias m\u00e1s peligrosas en Texas y Estados Unidos. En 2023, 32 personas sufrieron lesiones mortales mientras trabajaban en la industria manufacturera de Texas. La log\u00edstica, incluyendo el transporte y el almacenamiento, registr\u00f3 119 lesiones mortales en el trabajo en Texas en 2023.<\/p>\n\n\n\n<p>La fabricaci\u00f3n y la log\u00edstica son los dos sectores industriales m\u00e1s importantes del condado de Denton. Entre los principales fabricantes se incluyen:<\/p>\n\n\n\n<ul class=\"wp-block-list\">\n<li>Peterbilt<\/li>\n\n\n\n<li>Safran Electricidad y Energ\u00eda<\/li>\n\n\n\n<li>Tetra Pak<\/li>\n\n\n\n<li>Soldadura y corte ESAB<\/li>\n\n\n\n<li>Empresa de reposter\u00eda Flowers<\/li>\n\n\n\n<li>Mayday Manufacturing<\/li>\n\n\n\n<li>Morrison Milling Company<\/li>\n\n\n\n<li>Jostens<\/li>\n<\/ul>\n\n\n\n<p>Entre las principales empresas de log\u00edstica se encuentran Aldi Distribution Center, Fastenal y Target Food Distribution Center. Sin embargo, cualquier lugar de trabajo puede ser fuente de muerte o lesiones graves. Por ejemplo, Texas registr\u00f3 tres muertes en el lugar de trabajo entre empleados de \u201ccolegios, universidades y escuelas profesionales\u201d en 2023. Todos los trabajos tienen riesgos y todos los trabajadores lesionados y sus familias merecen asistencia legal personalizada.&nbsp;<\/p>\n\n\n\n<h2 class=\"wp-block-heading\">Causas comunes de lesiones en el lugar de trabajo<\/h2>\n\n\n\n<p>Las organizaciones federales y estatales, entre ellas la Administraci\u00f3n de Seguridad y Salud Ocupacional (OSHA), la Oficina de Estad\u00edsticas Laborales (BLS) y el Departamento de Seguros (TDI) de Texas, realizan un seguimiento de las causas de las lesiones y muertes en el lugar de trabajo. En 2023, el TDI identific\u00f3 varias causas comunes de lesiones en el lugar de trabajo, entre ellas:<\/p>\n\n\n\n<ul class=\"wp-block-list\">\n<li><strong>Incidentes de transporte. <\/strong><a href=\"https:\/\/www.chandlerrosslaw.com\/es\/accidentes-de-trafico\/\">Accidentes de tr\u00e1fico<\/a> y <a href=\"https:\/\/www.chandlerrosslaw.com\/es\/accidente-de-un-camion-de-18-ruedas\/\">incidentes similares<\/a> caus\u00f3 246 muertes en el lugar de trabajo y cientos de lesiones en 2023.<\/li>\n\n\n\n<li><strong>Resbalones, tropiezos y ca\u00eddas. <\/strong><a href=\"https:\/\/www.chandlerrosslaw.com\/es\/resbalones-caidas\/\">Cataratas<\/a> caus\u00f3 92 muertes en el trabajo en Texas en 2023. Las ca\u00eddas desde altura pueden ser especialmente peligrosas, pero cualquier ca\u00edda puede provocar lesiones graves.<\/li>\n\n\n\n<li><strong>Exposici\u00f3n a sustancias y entornos nocivos <\/strong>fue la causa de muerte en 57 accidentes laborales en Texas en 2023. La exposici\u00f3n puede incluir sustancias qu\u00edmicas t\u00f3xicas, calor o fr\u00edo extremos u otros da\u00f1os.&nbsp;<\/li>\n\n\n\n<li><strong>Incidentes de contacto. <\/strong>Estos incidentes suelen implicar que un trabajador resulte golpeado o atrapado por objetos o entre ellos. La ca\u00edda de cargas, puertas o equipos en movimiento y otros riesgos similares pueden provocar incidentes de contacto peligroso. Estos incidentes causaron 86 muertes en el lugar de trabajo en 2023.&nbsp;<\/li>\n<\/ul>\n\n\n\n<p><a href=\"https:\/\/www.chandlerrosslaw.com\/es\/lesion-por-quemadura\/\">Explosiones e incendios (11 muertos)<\/a> y los actos violentos (71 muertes) tambi\u00e9n figuraron en la lista de la TDI de causas comunes de muerte y lesiones en el lugar de trabajo en 2023.&nbsp;<\/p>\n\n\n\n<h2 class=\"wp-block-heading\">Conceptos b\u00e1sicos sobre la indemnizaci\u00f3n por accidentes laborales en Texas<\/h2>\n\n\n\n<p>La indemnizaci\u00f3n por accidente laboral cubre a los empleados que sufren lesiones en el trabajo. La indemnizaci\u00f3n por accidente laboral es un tipo de seguro. Los empleadores est\u00e1n obligados a contratar este seguro, o a autoasegurarse, para proteger a sus empleados en caso de que se produzca una lesi\u00f3n relacionada con el trabajo. El Departamento de Seguros tambi\u00e9n ofrece cursos gratuitos de formaci\u00f3n en materia de seguridad y otros materiales para empleadores y trabajadores.<\/p>\n\n\n\n<h3 class=\"wp-block-heading\">Primeros pasos<\/h3>\n\n\n\n<p>Busque ayuda m\u00e9dica lo antes posible. En caso de emergencia, llame al 911 o pida a alguien que lo haga por usted. Es posible que su empleador tenga una lista de m\u00e9dicos que tratan lesiones cubiertas por el seguro de accidentes laborales.&nbsp;<\/p>\n\n\n\n<p>Informe de su lesi\u00f3n a su empleador lo antes posible. Debe informar de su lesi\u00f3n en un plazo de 30 d\u00edas para proteger su derecho a las prestaciones de indemnizaci\u00f3n laboral. Tambi\u00e9n deber\u00e1 enviar un formulario cumplimentado. <a href=\"https:\/\/www.tdi.texas.gov\/forms\/dwc\/dwc041firstrpt.pdf\" target=\"_blank\" rel=\"noreferrer noopener\">Formulario DWC-041<\/a> al departamento estatal de compensaci\u00f3n laboral en el plazo de un a\u00f1o. Si no ha enviado este formulario, hable con un abogado que pueda ayudarle.&nbsp;&nbsp;<\/p>\n\n\n\n<h3 class=\"wp-block-heading\">\u00bfQu\u00e9 cubre la indemnizaci\u00f3n por accidente laboral?<\/h3>\n\n\n\n<p>La indemnizaci\u00f3n por accidente laboral en Texas ofrece cuatro tipos de prestaciones: m\u00e9dicas, por ingresos, por fallecimiento y por sepelio.<\/p>\n\n\n\n<ul class=\"wp-block-list\">\n<li><strong>Beneficios m\u00e9dicos <\/strong>cubrir los gastos de los tratamientos m\u00e9dicos por una lesi\u00f3n relacionada con el trabajo o una enfermedad profesional. Sin embargo, la indemnizaci\u00f3n por accidente laboral no cubre las lesiones no relacionadas con el trabajo. Acuda al m\u00e9dico lo antes posible, para que quede claro en su historial m\u00e9dico que su lesi\u00f3n est\u00e1 relacionada con el trabajo.<\/li>\n\n\n\n<li><strong>Beneficios por ingresos <\/strong>cubren varios tipos de p\u00e9rdida de ingresos. Las prestaciones por ingresos temporales (TIB) comienzan una vez que se pierden m\u00e1s de siete d\u00edas de trabajo. Las prestaciones por ingresos por discapacidad (IIB) se aplican si su lesi\u00f3n o enfermedad afecta a su cuerpo en su conjunto. Las prestaciones por ingresos complementarios (SIB) pueden aplicarse si su grado de discapacidad es del 15 % o superior y sus ingresos no alcanzan determinados umbrales. Las prestaciones por ingresos vitalicios (LIB) se aplican en casos de lesiones graves en los que es posible que no pueda trabajar en absoluto.<\/li>\n<\/ul>\n\n\n\n<p><a href=\"https:\/\/www.chandlerrosslaw.com\/es\/muerte-por-negligencia\/\">Prestaciones por fallecimiento y entierro<\/a> ayudar a las familias a hacer frente a los gastos que conlleva la p\u00e9rdida de un ser querido. Las prestaciones por fallecimiento sustituyen parte del salario perdido cuando fallece un familiar, mientras que las prestaciones por entierro ayudan a cubrir los gastos del funeral, la cremaci\u00f3n y\/o el entierro. Las prestaciones por accidente laboral pueden ser complicadas de calcular. Si necesita ayuda, hable hoy mismo con un abogado con experiencia.&nbsp;<\/p>\n\n\n\n<h3 class=\"wp-block-heading\">Razones comunes por las que se rechaza una reclamaci\u00f3n de indemnizaci\u00f3n laboral<\/h3>\n\n\n\n<p>Las indemnizaciones por accidentes laborales son gestionadas por las compa\u00f1\u00edas de seguros. Las normas para reclamarlas pueden ser complejas. Si se omite alguno de estos detalles, su reclamaci\u00f3n podr\u00eda retrasarse, infravalorarse o denegarse, lo que podr\u00eda costarle una ayuda esencial cuando m\u00e1s la necesita.<\/p>\n\n\n\n<p>Las razones m\u00e1s comunes por las que se rechazan las reclamaciones de indemnizaci\u00f3n laboral Texas incluyen:<\/p>\n\n\n\n<ul class=\"wp-block-list\">\n<li><strong>Usted no es un empleado. <\/strong>La indemnizaci\u00f3n por accidente laboral solo cubre a los empleados, no a los contratistas independientes. Aseg\u00farese de estar clasificado correctamente. Si cree que su empleador lo ha identificado incorrectamente como contratista, hable con un abogado.&nbsp;<\/li>\n\n\n\n<li><strong>No notific\u00f3 a su empleador ni entreg\u00f3 la documentaci\u00f3n necesaria. <\/strong>La ley Texas exige que los trabajadores lesionados notifiquen a su empleador en un plazo de 30 d\u00edas y presenten la documentaci\u00f3n necesaria en el plazo de un a\u00f1o. Si no cumple alguno de estos plazos, se le pueden denegar las prestaciones de indemnizaci\u00f3n por accidente laboral.<\/li>\n\n\n\n<li><strong>Podr\u00eda haber acudido a un m\u00e9dico de la red, pero no lo hizo. <\/strong>Algunos seguros de compensaci\u00f3n laboral exigen que acuda a un m\u00e9dico de su lista de m\u00e9dicos autorizados. Si acudi\u00f3 a un m\u00e9dico no autorizado cuando podr\u00eda haber acudido a uno autorizado, la aseguradora puede negarse a pagar los gastos m\u00e9dicos resultantes.&nbsp;<\/li>\n\n\n\n<li><strong>Su grado de discapacidad es demasiado bajo. <\/strong>Ciertos beneficios solo se aplican cuando su calificaci\u00f3n de discapacidad es del 15 % o superior. Si un m\u00e9dico le asigna una calificaci\u00f3n que no se corresponde con el impacto de sus lesiones en su capacidad para trabajar, es posible que pierda el acceso a los beneficios que necesita.&nbsp;<\/li>\n<\/ul>\n\n\n\n<p>Al igual que otras aseguradoras, las aseguradoras de compensaci\u00f3n laboral intentan proteger sus ganancias. Pueden retrasar su reclamaci\u00f3n, rechazarla o intentar otras t\u00e1cticas para evitar pagar el monto total que se le debe, o para evitar pagarle por completo. Contar con un abogado con experiencia de su lado puede equilibrar el terreno de juego, proporcion\u00e1ndole un defensor que pueda luchar por usted.&nbsp;&nbsp;<\/p>\n\n\n\n<h2 class=\"wp-block-heading\">\u00bfQu\u00e9 pasa si un tercero caus\u00f3 sus lesiones?<\/h2>\n\n\n\n<p>La indemnizaci\u00f3n por accidente laboral se aplica incluso si su empleador fue responsable de su lesi\u00f3n. A cambio de estas prestaciones, usted renuncia al derecho de demandar a su empleador por negligencia.<\/p>\n\n\n\n<p>Sin embargo, usted conserva el derecho de demandar a otras partes por negligencia si ellas causaron sus lesiones. Por ejemplo:<\/p>\n\n\n\n<ul class=\"wp-block-list\">\n<li>A <a href=\"https:\/\/www.chandlerrosslaw.com\/es\/accidentes-de-camiones-fedex-ups\/\">El repartidor se lesiona durante su ruta.<\/a> cuando otro coche se salta un sem\u00e1foro en rojo y choca contra el veh\u00edculo de reparto.<\/li>\n\n\n\n<li>Un trabajador de servicios p\u00fablicos est\u00e1 <a href=\"https:\/\/www.chandlerrosslaw.com\/es\/mordeduras-de-perro\/\">atacado por el perro de una casa<\/a> mientras intentaban reparar una l\u00ednea de servicios p\u00fablicos.<\/li>\n\n\n\n<li>A <a href=\"https:\/\/www.chandlerrosslaw.com\/es\/condado-de-denton\/abogado-especializado-en-accidentes-laborales-en-el-sector-de-la-construccion\/\">Un trabajador de la construcci\u00f3n resulta herido.<\/a> cuando un defecto oculto hace que una herramienta explote en las manos del trabajador.<\/li>\n\n\n\n<li>Un vendedor resbala y se cae sobre un charco que se ha derramado en el piso de un cliente mientras visita su negocio.<\/li>\n\n\n\n<li>Una enfermera es agredida por un paciente al que no le gustan las noticias que acaba de recibir.&nbsp;<\/li>\n<\/ul>\n\n\n\n<p>En casos como estos, es posible que tenga derecho tanto a una indemnizaci\u00f3n por accidente laboral como a una <a href=\"https:\/\/www.chandlerrosslaw.com\/es\/danos-personales\/\">reclamaci\u00f3n por da\u00f1os personales<\/a>. Hable con un <a href=\"https:\/\/www.chandlerrosslaw.com\/es\/sobre-nosotros\/\">abogado con experiencia en ambos tipos de casos<\/a>.<\/p>\n\n\n\n<h2 class=\"wp-block-heading\">Por qu\u00e9 merece contar con representaci\u00f3n legal con experiencia despu\u00e9s de sufrir una lesi\u00f3n en el lugar de trabajo en North Texas<\/h2>\n\n\n\n<p>La ley Texas permite a los empleados lesionados presentar sus propias reclamaciones por indemnizaci\u00f3n laboral y da\u00f1os personales. Sin embargo, cuando se est\u00e1 lidiando con una lesi\u00f3n grave, a\u00f1adir un caso m\u00e1s a la carga de trabajo puede resultar demasiado.&nbsp;<\/p>\n\n\n\n<p>Un abogado experto en lesiones laborales del condado de Denton puede:<\/p>\n\n\n\n<ul class=\"wp-block-list\">\n<li>Investigue su caso y trate de que las partes responsables rindan cuentas.<\/li>\n\n\n\n<li>Conserve las pruebas importantes que respalden su caso para obtener una indemnizaci\u00f3n completa y justa.<\/li>\n\n\n\n<li>Detecte y evite las t\u00e1cticas de las compa\u00f1\u00edas de seguros para rechazar o retrasar su reclamaci\u00f3n, asegur\u00e1ndose de que estas empresas cumplan las normas.<\/li>\n\n\n\n<li>Nos encargamos del papeleo, los plazos y otros asuntos para que su caso se desarrolle sin problemas y usted no tenga que preocuparse por estos detalles.&nbsp;<\/li>\n\n\n\n<li>Luchen por obtener la m\u00e1xima indemnizaci\u00f3n en el menor tiempo posible.<\/li>\n<\/ul>\n\n\n\n<p>Para saber m\u00e1s, <a href=\"https:\/\/www.chandlerrosslaw.com\/es\/pongase-en-contacto-con\/\">P\u00f3ngase en contacto con el equipo de Chandler Ross<\/a> hoy. Nuestro <a href=\"https:\/\/www.chandlerrosslaw.com\/es\/condado-de-denton\/abogados-de-lesiones-personales\/\">Abogados con experiencia en lesiones laborales en el condado de Denton<\/a> estamos aqu\u00ed para responder a sus preguntas. P\u00f3ngase en contacto con nosotros para programar una consulta gratuita y sin compromiso con uno de nuestros abogados especializados.<\/p>","protected":false},"excerpt":{"rendered":"<p>Abogados especializados en lesiones laborales en el condado Denton \u00bfHa sufrido una lesi\u00f3n en el trabajo? Hable hoy mismo con un abogado con experiencia en lesiones laborales en el condado Denton El condado Denton, Texas, est\u00e1 creciendo r\u00e1pidamente. A principios de 2023, la poblaci\u00f3n del condado Denton super\u00f3 el mill\u00f3n de habitantes. El condado incluye cuatro de las ciudades de m\u00e1s r\u00e1pido crecimiento de Texas: Celina, Haslet, Argyle y Northlake. Las estad\u00edsticas federales estiman que m\u00e1s de medio mill\u00f3n de personas...<\/p>","protected":false},"author":2,"featured_media":19096,"parent":18369,"menu_order":0,"comment_status":"closed","ping_status":"closed","template":"","meta":{"_acf_changed":false,"footnotes":""},"class_list":["post-19095","page","type-page","status-publish","has-post-thumbnail","hentry"],"acf":[],"_links":{"self":[{"href":"https:\/\/www.chandlerrosslaw.com\/es\/wp-json\/wp\/v2\/pages\/19095","targetHints":{"allow":["GET"]}}],"collection":[{"href":"https:\/\/www.chandlerrosslaw.com\/es\/wp-json\/wp\/v2\/pages"}],"about":[{"href":"https:\/\/www.chandlerrosslaw.com\/es\/wp-json\/wp\/v2\/types\/page"}],"author":[{"embeddable":true,"href":"https:\/\/www.chandlerrosslaw.com\/es\/wp-json\/wp\/v2\/users\/2"}],"replies":[{"embeddable":true,"href":"https:\/\/www.chandlerrosslaw.com\/es\/wp-json\/wp\/v2\/comments?post=19095"}],"version-history":[{"count":2,"href":"https:\/\/www.chandlerrosslaw.com\/es\/wp-json\/wp\/v2\/pages\/19095\/revisions"}],"predecessor-version":[{"id":21090,"href":"https:\/\/www.chandlerrosslaw.com\/es\/wp-json\/wp\/v2\/pages\/19095\/revisions\/21090"}],"up":[{"embeddable":true,"href":"https:\/\/www.chandlerrosslaw.com\/es\/wp-json\/wp\/v2\/pages\/18369"}],"wp:featuredmedia":[{"embeddable":true,"href":"https:\/\/www.chandlerrosslaw.com\/es\/wp-json\/wp\/v2\/media\/19096"}],"wp:attachment":[{"href":"https:\/\/www.chandlerrosslaw.com\/es\/wp-json\/wp\/v2\/media?parent=19095"}],"curies":[{"name":"wp","href":"https:\/\/api.w.org\/{rel}","templated":true}]}}