{"id":19071,"date":"2025-12-31T22:24:02","date_gmt":"2025-12-31T22:24:02","guid":{"rendered":"https:\/\/www.chandlerrosslaw.com\/?page_id=19071"},"modified":"2026-02-04T00:39:59","modified_gmt":"2026-02-04T00:39:59","slug":"abogados-de-accidentes-de-lyft","status":"publish","type":"page","link":"https:\/\/www.chandlerrosslaw.com\/es\/dallas\/lyft-accident-injury-attorneys\/","title":{"rendered":"Dallas Abogados de lesiones por accidente de Lyft"},"content":{"rendered":"<h1 class=\"wp-block-heading\">Dallas Abogados de lesiones por accidente de Lyft<\/h1>\n\n\n\n<h2 class=\"wp-block-heading\"><em>\u00bfHerido en un Lyft? Conozca sus derechos tras un accidente de transporte compartido en Dallas<\/em><\/h2>\n\n\n\n<p>Los servicios de transporte compartido como Lyft han transformado la forma en que las personas se desplazan Dallas. Tanto si usted es <a href=\"https:\/\/www.chandlerrosslaw.com\/es\/dallas\/abogados-especializados-en-lesiones-laborales\/\">dirigi\u00e9ndose al trabajo en el centro<\/a>, Ya sea para volver a casa desde Deep Ellum o para ir al aeropuerto DFW, Lyft ofrece una alternativa c\u00f3moda a conducir usted mismo. Con tantos veh\u00edculos en las carreteras Dallas, los accidentes pueden ocurrir y, de hecho, ocurren.<\/p>\n\n\n\n<p>Cuando se lesiona en un accidente de Lyft, averiguar qui\u00e9n es el responsable y c\u00f3mo obtener una indemnizaci\u00f3n puede resultar abrumador. La situaci\u00f3n de los seguros con las compa\u00f1\u00edas de viajes compartidos es complicada. Puede que se pregunte si el seguro de Lyft es aplicable o qu\u00e9 ocurre si otro conductor caus\u00f3 el accidente. En <a href=\"https:\/\/www.chandlerrosslaw.com\/es\/uber-lyft-viajes-compartidos-accidentes\/\">Dallas Abogados de accidentes de Lyft en Chandler Ross Abogados de lesiones<\/a> saben c\u00f3mo navegar por las complejidades de los casos de accidentes de transporte compartido. Lucharemos para conseguirle la indemnizaci\u00f3n que se merece.<\/p>\n\n\n\n<h2 class=\"wp-block-heading\">Causas comunes de accidentes de Lyft en Dallas<\/h2>\n\n\n\n<p>Aunque no se dispone de datos espec\u00edficos sobre los accidentes de Lyft en el Dallas, los veh\u00edculos de transporte compartido forman parte de este panorama m\u00e1s amplio del tr\u00e1fico. <a href=\"https:\/\/www.chandlerrosslaw.com\/es\/negligencia\/\">Negligencia<\/a> a menudo desempe\u00f1a un papel en los accidentes de Lyft, por ejemplo por conducir distra\u00eddo mientras se utiliza la aplicaci\u00f3n, por exceso de velocidad para completar el mayor n\u00famero posible de trayectos o por saltarse una se\u00f1al de stop de camino a recoger a un cliente.<\/p>\n\n\n\n<ul class=\"wp-block-list\">\n<li><strong>En 2024, la ciudad registr\u00f3 un total de 26.109 accidentes de veh\u00edculos<\/strong>, con el resultado de 227 v\u00edctimas mortales y 1.081 presuntos heridos graves.<\/li>\n\n\n\n<li><strong>Tambi\u00e9n hubo 5.466 presuntos heridos leves<\/strong> de esas colisiones, seg\u00fan el Departamento de Transporte de Texas.<\/li>\n<\/ul>\n\n\n\n<p>Entre las causas habituales de los accidentes Dallas se incluye el exceso de velocidad, <a href=\"https:\/\/www.chandlerrosslaw.com\/es\/blog\/leyes-de-texas-sobre-conduccion-distraida\/\">conducci\u00f3n distra\u00edda<\/a>, <a href=\"https:\/\/www.chandlerrosslaw.com\/es\/accidente-por-conducir-ebrio\/\">conducir ebrio<\/a>, y no ceder el paso.&nbsp;<\/p>\n\n\n\n<ul class=\"wp-block-list\">\n<li><strong>En 2024, el exceso de velocidad fue un factor en 11.539 colisiones<\/strong> en el condado de Dallas.<\/li>\n\n\n\n<li><strong>Conducci\u00f3n distra\u00edda, en particular el uso de tel\u00e9fonos inteligentes,<\/strong> crea graves peligros. Fue responsable de 3.275 muertes en todo el pa\u00eds en 2023.<\/li>\n\n\n\n<li><strong>Alrededor del 36% de los conductores declararon sostener y hablar por tel\u00e9fono<\/strong> mientras conduce.<\/li>\n\n\n\n<li><strong>Adem\u00e1s, el 27% admiti\u00f3 haber enviado mensajes de texto al volante, <\/strong>seg\u00fan una encuesta de la Fundaci\u00f3n AAA para la Seguridad en el Tr\u00e1fico.<\/li>\n<\/ul>\n\n\n\n<p>Cuando se producen accidentes, pueden <a href=\"https:\/\/www.chandlerrosslaw.com\/es\/accidentes-de-trafico\/\">lesionar a los pasajeros, a otros conductores<\/a>, <a href=\"https:\/\/www.chandlerrosslaw.com\/es\/accidente-de-peaton\/\">peatones<\/a>, <a href=\"https:\/\/www.chandlerrosslaw.com\/es\/accidente-de-bicicleta\/\">ciclistas<\/a>o <a href=\"https:\/\/www.chandlerrosslaw.com\/es\/lesiones-en-motocicleta\/\">motociclistas<\/a>. No importa qui\u00e9n sea usted, si la negligencia de un conductor de Lyft caus\u00f3 sus lesiones, usted tiene derechos legales.<\/p>\n\n\n\n<h2 class=\"wp-block-heading\">\u00bfCu\u00e1nto tiempo tengo para presentar una reclamaci\u00f3n a Lyft?<\/h2>\n\n\n\n<p>Texas ley establece los plazos para presentar demandas por lesiones personales, conocido como el estatuto de limitaciones. Por lo general, usted tiene <strong>dos a\u00f1os a partir de la fecha del accidente de Lyft <\/strong>presentar una demanda ante los tribunales.<\/p>\n\n\n\n<p>Existen algunas excepciones a esta regla de los dos a\u00f1os, pero se aplican en circunstancias limitadas. Esperar demasiado puede perjudicar su caso aunque a\u00fan est\u00e9 dentro del plazo de prescripci\u00f3n.&nbsp;<\/p>\n\n\n\n<p>Las pruebas pueden desaparecer, los recuerdos de los testigos desvanecerse y construir un caso s\u00f3lido se convierte en todo un reto. <a href=\"https:\/\/www.chandlerrosslaw.com\/es\/pongase-en-contacto-con\/\">Contacte con nuestra oficina<\/a> hoy mismo para discutir los detalles de su accidente, y le proporcionaremos un an\u00e1lisis exhaustivo de su caso y le recomendaremos el mejor curso de acci\u00f3n a seguir.<\/p>\n\n\n\n<h2 class=\"wp-block-heading\">Visitas m\u00e9dicas y pasos cr\u00edticos a seguir tras un accidente de Lyft<\/h2>\n\n\n\n<p>Si se ve involucrado en un accidente de Lyft, tomar las medidas adecuadas puede proteger su salud y sus derechos legales:<\/p>\n\n\n\n<ul class=\"wp-block-list\">\n<li><strong>Busque atenci\u00f3n m\u00e9dica: <\/strong>Su salud es su m\u00e1xima prioridad. Aunque crea que no est\u00e1 malherido, h\u00e1gase evaluar por un m\u00e9dico. Algunas lesiones no muestran s\u00edntomas inmediatamente. Los historiales m\u00e9dicos tambi\u00e9n documentan sus lesiones para su reclamaci\u00f3n.<\/li>\n\n\n\n<li><strong>Informe del accidente: <\/strong>Llame al 911 para que la polic\u00eda pueda responder y crear un informe del accidente. Tambi\u00e9n debe informar del accidente a trav\u00e9s de la aplicaci\u00f3n de Lyft.<\/li>\n\n\n\n<li><strong>Docum\u00e9ntelo todo: <\/strong>Si puede, haga fotos del lugar del accidente, de los da\u00f1os sufridos por los veh\u00edculos, de sus lesiones, del estado de la carretera y de cualquier otro detalle relevante. Obtenga informaci\u00f3n de contacto de los testigos. Anote la hora, el lugar y los detalles sobre lo ocurrido.<\/li>\n\n\n\n<li><strong>No haga declaraciones grabadas:<\/strong> Los peritos del seguro pueden ponerse en contacto con usted para pedirle una declaraci\u00f3n grabada. No est\u00e1 obligado a proporcionar una, y lo que diga puede ser utilizado posteriormente en su contra. Rechace amablemente y rem\u00edtalos a su abogado.<\/li>\n\n\n\n<li><strong>Lleve un registro:<\/strong> Guarde todas las facturas m\u00e9dicas, los recibos de los gastos relacionados con el accidente, la documentaci\u00f3n de las bajas laborales y cualquier otra cosa relacionada con sus lesiones y p\u00e9rdidas.<br><strong>P\u00f3ngase en contacto con un abogado:<\/strong> Hable con un abogado experto en accidentes de Lyft Dallas antes de tratar con las compa\u00f1\u00edas de seguros o aceptar cualquier oferta de acuerdo.<\/li>\n<\/ul>\n\n\n\n<p>Recomendamos visitar la sala de emergencias (ER), atenci\u00f3n de urgencia, y consultar con un m\u00e9dico de cabecera y otros especialistas para iniciar el proceso de reclamaci\u00f3n por lesiones personales. Si se ha visto implicado recientemente en un accidente con un conductor de Lyft, lo mejor ser\u00eda que se pusiera en contacto con nuestro despacho hoy mismo. Podemos evaluar los detalles y sugerirle los siguientes pasos a seguir.&nbsp;<\/p>\n\n\n\n<h2 class=\"wp-block-heading\">Por qu\u00e9 pueden ser complicados los casos de accidentes de tr\u00e1fico en los que est\u00e1 implicado un conductor de Lyft<\/h2>\n\n\n\n<p>Las reclamaciones por accidentes de transporte compartido suelen entra\u00f1ar m\u00e1s complejidad que <a href=\"https:\/\/www.chandlerrosslaw.com\/es\/dallas\/abogado-de-accidentes-de-coche-2\/\">casos est\u00e1ndar de accidentes de tr\u00e1fico<\/a> debido a que entran en juego m\u00faltiples p\u00f3lizas de seguro. Determinar qu\u00e9 cobertura se aplica requiere comprender qu\u00e9 estaba haciendo exactamente el conductor de Lyft en el momento del accidente:<\/p>\n\n\n\n<ul class=\"wp-block-list\">\n<li>\u00bfEstaba activada la aplicaci\u00f3n de Lyft?&nbsp;<\/li>\n\n\n\n<li>\u00bfAceptaron la solicitud de viaje de un usuario de Lyft?&nbsp;<\/li>\n\n\n\n<li>\u00bfHab\u00eda ya un usuario de Lyft dentro del veh\u00edculo como pasajero?&nbsp;<\/li>\n\n\n\n<li>\u00bfAtropell\u00f3 el conductor a un peat\u00f3n o ciclista en alg\u00fan momento del trayecto en Lyft?&nbsp;<\/li>\n<\/ul>\n\n\n\n<p>Cada escenario desencadena un enfoque diferente a la hora de gestionar una reclamaci\u00f3n por lesiones personales. A pesar de tener una cobertura de seguro sustancial, Lyft y sus aseguradoras a menudo luchan contra las reclamaciones por lesiones. Pueden discutir sobre qu\u00e9 periodo se aplica, disputar la responsabilidad o intentar minimizar el valor de sus lesiones. Las compa\u00f1\u00edas de seguros a menudo se ponen en contacto con las v\u00edctimas de lesiones por accidente de Lyft r\u00e1pidamente despu\u00e9s de un accidente de coche y presionan para llegar a un acuerdo r\u00e1pido. Estas ofertas tempranas son casi siempre muy inferiores a lo que realmente vale su reclamaci\u00f3n.<\/p>\n\n\n\n<p>Adem\u00e1s, Lyft mantiene que sus conductores son contratistas independientes, no empleados. Esto puede crear argumentos sobre la responsabilidad, aunque la ley Texas todav\u00eda requiere Lyft para mantener la cobertura de seguro. Tener un abogado con experiencia en accidentes de Lyft Dallas de su lado ayuda a nivelar el campo de juego contra las grandes compa\u00f1\u00edas de seguros y sus equipos legales.<\/p>\n\n\n\n<h2 class=\"wp-block-heading\">Comprender la cobertura del seguro de Lyft en Texas<\/h2>\n\n\n\n<p>Uno de los aspectos m\u00e1s confusos de los accidentes de Lyft es averiguar qu\u00e9 seguro se aplica. Texas ley exige a las empresas de viajes compartidos que lleven cantidades espec\u00edficas de seguro, pero la cobertura depende de la situaci\u00f3n del conductor cuando ocurri\u00f3 el accidente:<\/p>\n\n\n\n<ul class=\"wp-block-list\">\n<li><strong>El conductor est\u00e1 en l\u00ednea, esperando una solicitud de viaje.<\/strong> Durante este periodo, Lyft proporciona una cobertura de responsabilidad civil contingente de $50.000 por persona por lesiones corporales, $100.000 por accidente por lesiones corporales y $25.000 por accidente por da\u00f1os materiales. Esta cobertura s\u00f3lo entra en vigor si el seguro de autom\u00f3vil personal del conductor no se aplica o deniega la reclamaci\u00f3n.<\/li>\n\n\n\n<li><strong>El conductor est\u00e1 emparejado y en ruta para recoger a un usuario de Lyft. <\/strong>Una vez que un conductor de Lyft acepta su solicitud de viaje y se dirige a recogerle, se activa la p\u00f3liza de seguro comercial completa de Lyft.<strong> <\/strong>Esto incluye $1 millones en cobertura de responsabilidad civil y<strong> <\/strong>cobertura de motorista sin seguro\/sin seguro.<\/li>\n\n\n\n<li><strong>El conductor de Lyft tiene un pasajero dentro de su veh\u00edculo. <\/strong>Desde el momento en que sube al Lyft hasta que le dejan en su destino, se aplica la misma p\u00f3liza de $1 millones cuando se producen accidentes durante los trayectos activos.<\/li>\n\n\n\n<li><strong>La aplicaci\u00f3n Lyft est\u00e1 apagada: <\/strong>Si un conductor de Lyft causa un accidente mientras no est\u00e1 conectado a la aplicaci\u00f3n, solo se aplica su seguro personal, como en un accidente normal. La cobertura de Lyft no entra en juego.<\/li>\n<\/ul>\n\n\n\n<p>Si no est\u00e1 seguro de en qu\u00e9 periodo ocurri\u00f3 su accidente, ll\u00e1menos o inicie una charla en l\u00ednea hoy mismo. Nuestros abogados tienen a\u00f1os de experiencia manejando casos de viajes compartidos para <a href=\"https:\/\/www.chandlerrosslaw.com\/es\/dallas\/abogados-de-lesiones-por-accidente-de-uber\/\">Uber<\/a> y accidentes de Lyft. Ning\u00fan caso es igual, y comprendemos la necesidad de recuperarse y volver a ponerse en pie.&nbsp;<\/p>\n\n\n\n<h2 class=\"wp-block-heading\">\u00bfQui\u00e9n es considerado culpable en un accidente de Lyft?<\/h2>\n\n\n\n<p>Determinar la responsabilidad en un accidente de Lyft Dallas depende de la causa del choque. En algunos casos, varias partes podr\u00edan ser responsables.&nbsp;<\/p>\n\n\n\n<ul class=\"wp-block-list\">\n<li><strong>Si su conductor de Lyft iba a exceso de velocidad, distra\u00eddo, conduc\u00eda imprudentemente o violaba las leyes de tr\u00e1fico,<\/strong> pueden ser responsables de sus lesiones. Los conductores de Lyft deben a los pasajeros y a otros usuarios de la carretera el deber de conducir con seguridad.<\/li>\n\n\n\n<li><strong>Muchos accidentes de Lyft tambi\u00e9n son causados por un conductor ajeno que se salt\u00f3 un sem\u00e1foro en rojo, no cedi\u00f3 el paso, conduc\u00eda ebrio<\/strong>, o caus\u00f3 de alguna otra forma la colisi\u00f3n. En estos casos, el seguro del conductor debe indemnizarle por sus lesiones.<br><strong>Aunque Lyft clasifica a sus conductores como contratistas independientes, la empresa a\u00fan puede ser considerada responsable en determinadas situaciones<\/strong>. Texas ley requiere Lyft para mantener la cobertura del seguro durante los diferentes per\u00edodos de actividad rideshare.<br><strong>A veces, m\u00e1s de una parte comparte la culpa de un accidente.<\/strong> El Texas sigue una regla de negligencia comparativa modificada. Usted puede seguir cobrando una indemnizaci\u00f3n siempre que no tenga m\u00e1s del 50% de culpa, pero sus da\u00f1os se ver\u00e1n reducidos por su porcentaje de culpa.<\/li>\n<\/ul>\n\n\n\n<p>Un abogado especializado en accidentes de Lyft de Dallas puede investigar su accidente y determinar qui\u00e9n tuvo la culpa. En Chandler Ross, trabajamos diligentemente para identificar todas las fuentes de compensaci\u00f3n disponibles para usted. Somos <a href=\"https:\/\/maps.app.goo.gl\/AXUqEQTUSSAHWPXr5\" target=\"_blank\" rel=\"noreferrer noopener\">orgulloso de servir a Dallas, Denton Condado, y las \u00e1reas circundantes de Norte Texas<\/a>.&nbsp;<\/p>\n\n\n\n<h2 class=\"wp-block-heading\">\u00bfQu\u00e9 indemnizaci\u00f3n puedo obtener por mi accidente?<\/h2>\n\n\n\n<p>Si ha resultado herido en un accidente de Lyft en Dallas y Texas Norte, puede tener derecho a varios tipos de indemnizaci\u00f3n. El valor total de su reclamaci\u00f3n depende de la gravedad de sus lesiones, la forma en que han afectado a su vida, los costes de su tratamiento m\u00e9dico y otros factores espec\u00edficos de su caso.<\/p>\n\n\n\n<ul class=\"wp-block-list\">\n<li>Gastos m\u00e9dicos<\/li>\n\n\n\n<li>Salarios perdidos<\/li>\n\n\n\n<li>Da\u00f1os materiales<\/li>\n\n\n\n<li>Cicatrices y desfiguraci\u00f3n<\/li>\n\n\n\n<li>P\u00e9rdida de consorcio<\/li>\n\n\n\n<li>Dolor y sufrimiento<\/li>\n<\/ul>\n\n\n\n<p>Cada accidente de coche de Lyft es singularmente diferente de otro. Si usted fue gravemente herido y sufri\u00f3 varias lesiones como pasajero en un viaje de Lyft, un peat\u00f3n que fue atropellado por un coche de transporte compartido, o un ciclista que circulaba por la calle y fue atropellado por un conductor de Lyft, usted tiene derechos legales para presentar una demanda por lesiones personales. P\u00f3ngase en contacto con nuestro <a href=\"https:\/\/www.chandlerrosslaw.com\/es\/sobre-nosotros\/\">los mejores abogados en Chandler Ross Abogados de lesiones<\/a> hoy mismo para iniciar el proceso.&nbsp;<\/p>\n\n\n\n<h2 class=\"wp-block-heading\">Tipos de lesiones que pueden producirse tras un accidente de Lyft Dallas<\/h2>\n\n\n\n<p>Los accidentes de Lyft en Dallas pueden causar las mismas lesiones graves que cualquier choque de veh\u00edculos. Las lesiones pueden requerir un tratamiento m\u00e9dico extenso, tiempo fuera del trabajo y cuidados continuos. Los costes se acumulan r\u00e1pidamente. Las lesiones comunes incluyen:<\/p>\n\n\n\n<ul class=\"wp-block-list\">\n<li><strong>Lesiones en la cabeza:<\/strong> <a href=\"https:\/\/www.chandlerrosslaw.com\/es\/accidentes-de-trafico\/sindrome-postconmocional-por-accidente-de-trafico\/\">Conmociones cerebrales<\/a>, <a href=\"https:\/\/www.chandlerrosslaw.com\/es\/lesion-cerebral-traumatica\/\">lesiones cerebrales traum\u00e1ticas<\/a>, y las fracturas de cr\u00e1neo pueden producirse cuando su cabeza golpea algo durante el impacto o por el movimiento violento de un choque.<\/li>\n\n\n\n<li><strong><a href=\"https:\/\/www.chandlerrosslaw.com\/es\/lesion-de-espalda-cuello\/\">Lesiones de cuello y espalda:<\/a> <\/strong>El latigazo cervical, las hernias discales, los da\u00f1os en la m\u00e9dula espinal y las fracturas vertebrales son frecuentes en los accidentes de tr\u00e1fico. Cuando las lesiones medulares provocan una par\u00e1lisis parcial o total, pueden requerir cuidados de por vida.<\/li>\n\n\n\n<li><strong><a href=\"https:\/\/www.chandlerrosslaw.com\/es\/fracturas-lesiones-de-tejidos-blandos\/#:~:text=time%20off%20work.-,Fractures,-%3A%20Fractures%2C%20commonly%20known\">Huesos rotos<\/a>: <\/strong>Brazos, piernas, costillas, caderas y otros huesos pueden romperse por la fuerza de una colisi\u00f3n. Algunas fracturas se curan con el tiempo, mientras que otras requieren cirug\u00eda y una larga rehabilitaci\u00f3n.<\/li>\n\n\n\n<li><strong>Lesiones internas:<\/strong> Los da\u00f1os en los \u00f3rganos y las hemorragias internas pueden poner en peligro la vida. La fuerza del impacto puede causar da\u00f1os en el h\u00edgado, el bazo, los ri\u00f1ones u otros \u00f3rganos. Estas lesiones no siempre son evidentes de inmediato, pero requieren atenci\u00f3n m\u00e9dica urgente.<\/li>\n\n\n\n<li><strong><a href=\"https:\/\/www.chandlerrosslaw.com\/es\/fracturas-lesiones-de-tejidos-blandos\/#:~:text=high%2Dimpact%20activities.-,Soft%20Tissue%20Injuries,-%3A%20Soft%20tissue%20injuries\">Lesiones de tejidos blandos<\/a>:<\/strong> Los m\u00fasculos, ligamentos y tendones desgarrados provocan un dolor importante y limitan su capacidad para trabajar o realizar actividades cotidianas. Estas lesiones pueden tardar meses en curarse correctamente.<\/li>\n\n\n\n<li><strong>Cortes y laceraciones:<\/strong> Los cristales rotos, el metal y otros restos en un choque pueden causar cortes profundos que requieran puntos de sutura o cirug\u00eda. Las laceraciones graves pueden provocar cicatrices permanentes.<\/li>\n\n\n\n<li><strong>Trauma psicol\u00f3gico:<\/strong> El impacto emocional de un accidente grave no debe pasarse por alto. Muchas v\u00edctimas de accidentes desarrollan ansiedad, depresi\u00f3n o trastorno de estr\u00e9s postraum\u00e1tico despu\u00e9s de un choque.<\/li>\n<\/ul>\n\n\n\n<h2 class=\"wp-block-heading\">\u00bfPor qu\u00e9 elegir Chandler Ross para su caso de accidente de Lyft?<\/h2>\n\n\n\n<p>El <a href=\"https:\/\/www.chandlerrosslaw.com\/es\/danos-personales\/\">abogados de lesiones personales en Chandler Ross<\/a> tienen una amplia experiencia en la tramitaci\u00f3n de demandas por accidentes de Lyft en todo el Dallas y el norte del Texas. Entendemos los desaf\u00edos \u00fanicos que presentan los casos de uso compartido de veh\u00edculos y sabemos c\u00f3mo luchar para obtener la m\u00e1xima indemnizaci\u00f3n.<\/p>\n\n\n\n<p>Investigamos a fondo su accidente, determinamos todas las fuentes de cobertura de seguro disponibles y hacemos que las partes responsables rindan cuentas. Tanto si su caso implica negociar con la compa\u00f1\u00eda de seguros de Lyft como si requiere presentar una demanda, estamos preparados para dar todos los pasos que sean necesarios para proteger sus derechos.<\/p>\n\n\n\n<h2 class=\"wp-block-heading\">Contacte hoy mismo con nuestros abogados especializados en accidentes de Lyft Dallas Ross<\/h2>\n\n\n\n<p>No deje que un accidente de Lyft descarrile su vida. Obtenga la ayuda legal que necesita para seguir adelante. Si ha resultado herido en un accidente de Lyft en Dallas o en cualquier lugar del norte de Texas, no se enfrente solo a las compa\u00f1\u00edas de seguros. En <a href=\"https:\/\/www.chandlerrosslaw.com\/es\/\">abogados expertos en lesiones personales en Chandler Ross<\/a> puede ayudarle a comprender sus derechos y a luchar por la indemnizaci\u00f3n que merece.<\/p>\n\n\n\n<p>P\u00f3ngase en contacto con nosotros hoy mismo en <a href=\"tel:1-940-800-2500\">(940) 800-2500<\/a> o <a href=\"mailto:support@chandlerrosslaw.com\">support@chandlerrosslaw.com<\/a> para programar su consulta gratuita. Revisaremos su caso, responderemos a sus preguntas y le explicaremos sus opciones legales. En la mayor\u00eda de los casos, usted no paga nada a menos que lleguemos a un acuerdo o ganemos su caso. Eso significa que puede centrarse en curarse mientras nosotros nos encargamos de todos los aspectos de su reclamaci\u00f3n.<\/p>","protected":false},"excerpt":{"rendered":"<p>Dallas Abogados de accidentes de Lyft \u00bfLesionado en un Lyft? Comprender sus derechos despu\u00e9s de un accidente de transporte compartido en Dallas Los servicios de transporte compartido como Lyft han transformado la forma en que la gente se desplaza en Dallas. Tanto si se dirige al trabajo en el centro de la ciudad, coger un paseo a casa desde Deep Ellum, o viajar al aeropuerto de DFW, Lyft ofrece una alternativa conveniente a la conducci\u00f3n...<\/p>","protected":false},"author":5,"featured_media":17532,"parent":17930,"menu_order":0,"comment_status":"closed","ping_status":"closed","template":"","meta":{"_acf_changed":false,"footnotes":""},"class_list":["post-19071","page","type-page","status-publish","has-post-thumbnail","hentry"],"acf":[],"_links":{"self":[{"href":"https:\/\/www.chandlerrosslaw.com\/es\/wp-json\/wp\/v2\/pages\/19071","targetHints":{"allow":["GET"]}}],"collection":[{"href":"https:\/\/www.chandlerrosslaw.com\/es\/wp-json\/wp\/v2\/pages"}],"about":[{"href":"https:\/\/www.chandlerrosslaw.com\/es\/wp-json\/wp\/v2\/types\/page"}],"author":[{"embeddable":true,"href":"https:\/\/www.chandlerrosslaw.com\/es\/wp-json\/wp\/v2\/users\/5"}],"replies":[{"embeddable":true,"href":"https:\/\/www.chandlerrosslaw.com\/es\/wp-json\/wp\/v2\/comments?post=19071"}],"version-history":[{"count":3,"href":"https:\/\/www.chandlerrosslaw.com\/es\/wp-json\/wp\/v2\/pages\/19071\/revisions"}],"predecessor-version":[{"id":19104,"href":"https:\/\/www.chandlerrosslaw.com\/es\/wp-json\/wp\/v2\/pages\/19071\/revisions\/19104"}],"up":[{"embeddable":true,"href":"https:\/\/www.chandlerrosslaw.com\/es\/wp-json\/wp\/v2\/pages\/17930"}],"wp:featuredmedia":[{"embeddable":true,"href":"https:\/\/www.chandlerrosslaw.com\/es\/wp-json\/wp\/v2\/media\/17532"}],"wp:attachment":[{"href":"https:\/\/www.chandlerrosslaw.com\/es\/wp-json\/wp\/v2\/media?parent=19071"}],"curies":[{"name":"wp","href":"https:\/\/api.w.org\/{rel}","templated":true}]}}