{"id":19063,"date":"2025-12-31T20:57:09","date_gmt":"2025-12-31T20:57:09","guid":{"rendered":"https:\/\/www.chandlerrosslaw.com\/?page_id=19063"},"modified":"2026-02-04T00:39:24","modified_gmt":"2026-02-04T00:39:24","slug":"abogados-de-lesiones-en-camiones-comerciales-u-haul","status":"publish","type":"page","link":"https:\/\/www.chandlerrosslaw.com\/es\/dallas\/abogados-de-accidentes-de-camion\/abogados-de-lesiones-en-camiones-comerciales-u-haul\/","title":{"rendered":"Dallas Abogados de lesiones en camiones comerciales - U-Haul"},"content":{"rendered":"<h1 class=\"wp-block-heading\">Dallas Abogados de lesiones en camiones comerciales - U-Haul<\/h1>\n\n\n\n<p>El \u00e1rea metropolitana Dallas-Fort Worth ocupa el primer lugar en el \u00cdndice de Crecimiento 2024 de U-Haul. U-Haul clasifica las ciudades cada a\u00f1o bas\u00e1ndose en el n\u00famero de veh\u00edculos U-Haul, remolques y contenedores port\u00e1tiles de mudanzas alquilados para mudanzas de ida. En 2024, las personas que utilizaron los servicios de U-Haul para trasladar sus hogares al \u00e1rea de DFW superaron en n\u00famero a las que se trasladaron a cualquier otra ciudad.&nbsp;<\/p>\n\n\n\n<p>Con 192.000 camiones y m\u00e1s de 138.000 remolques disponibles para alquilar, U-Haul sigue siendo una de las principales fuentes de veh\u00edculos de alquiler diario del condado. Los camiones U-Haul pueden verse en las carreteras de todo el Dallas.&nbsp;<\/p>\n\n\n\n<p>Como cualquier accidente de cami\u00f3n comercial, un accidente en el que est\u00e9 implicado un cami\u00f3n U-Haul puede ser un asunto complejo. Un <a href=\"https:\/\/www.chandlerrosslaw.com\/es\/dallas\/abogados-de-accidentes-de-camion\/\">abogado experto en accidentes de camiones U-Haul Dallas<\/a> puede ayudarle. Hable con el equipo de <a href=\"https:\/\/www.chandlerrosslaw.com\/es\/\">Chandler Ross PLLC<\/a> hoy mismo para saber m\u00e1s.<\/p>\n\n\n\n<h2 class=\"wp-block-heading\">Estad\u00edsticas de lesiones en camiones comerciales en Dallas<\/h2>\n\n\n\n<p>Como uno de los principales destinos para las mudanzas U-Haul y el hogar de m\u00e1s de 30 puntos de alquiler y entrega de camiones U-Haul, el Dallas y sus carreteras est\u00e1n llenas de veh\u00edculos U-Haul. Aunque es dif\u00edcil encontrar estad\u00edsticas de accidentes espec\u00edficas de U-Haul, una visi\u00f3n general de las estad\u00edsticas estatales y federales de accidentes de camiones grandes proporciona un contexto para entender las colisiones de U-Haul.<\/p>\n\n\n\n<p>En 2023, <a href=\"https:\/\/www.chandlerrosslaw.com\/es\/muerte-por-negligencia\/\">4.354 personas murieron en accidentes de camiones grandes<\/a> en todo el pa\u00eds. La mayor\u00eda de estas muertes -alrededor del 65%- afectaron a <a href=\"https:\/\/www.chandlerrosslaw.com\/es\/accidentes-de-trafico\/\">personas en autom\u00f3viles y otros veh\u00edculos de pasajeros<\/a>. El diecisiete por ciento eran <a href=\"https:\/\/www.chandlerrosslaw.com\/es\/accidente-de-peaton\/\">peatones<\/a>, <a href=\"https:\/\/www.chandlerrosslaw.com\/es\/accidente-de-bicicleta\/\">ciclistas<\/a>y <a href=\"https:\/\/www.chandlerrosslaw.com\/es\/lesiones-en-motocicleta\/\">motociclistas<\/a>, mientras que el 16 por ciento eran <a href=\"https:\/\/www.chandlerrosslaw.com\/es\/accidente-de-un-camion-de-18-ruedas\/\">conductores de camiones y pasajeros<\/a>. La mayor\u00eda de las colisiones (51%) se produjeron en carreteras principales, excluyendo las autopistas interestatales.&nbsp;<\/p>\n\n\n\n<p>En 2024, el condado de Dallas registr\u00f3 29 muertos y 124 heridos graves en colisiones de camiones comerciales, seg\u00fan el Departamento de Transporte de Texas. TxDOT no especific\u00f3 en cu\u00e1ntos de estos choques estuvieron implicados camiones de alquiler diario.&nbsp;<\/p>\n\n\n\n<h2 class=\"wp-block-heading\">\u00bfC\u00f3mo se producen los accidentes en los camiones U-Haul?<\/h2>\n\n\n\n<p>Los camiones U-Haul se enfrentan a varios riesgos en la carretera que son exclusivos de los veh\u00edculos de alquiler diario. Los conductores se encuentran en veh\u00edculos desconocidos, a menudo visitando zonas desconocidas. Los problemas con el mantenimiento del cami\u00f3n, la sujeci\u00f3n de la carga y el comportamiento de otros conductores en la carretera pueden causar o contribuir a un accidente.<\/p>\n\n\n\n<h3 class=\"wp-block-heading\">Veh\u00edculos y zonas desconocidas<\/h3>\n\n\n\n<p>\u201cLa mayor\u00eda de la gente no est\u00e1 familiarizada con la conducci\u00f3n de un cami\u00f3n de mudanzas hasta el d\u00eda en que tiene que mudarse\u201d, se\u00f1ala U-Haul en su p\u00e1gina web corporativa. La empresa ofrece consejos a los conductores que tienen que aprender a conducir un veh\u00edculo de mudanzas de gran tama\u00f1o en un entorno desconocido, e incluso ha realizado un sondeo entre los residentes de Dallas para obtener consejos sobre c\u00f3mo llevar a cabo una mudanza a Dallas con \u00e9xito.<\/p>\n\n\n\n<p>Todo veh\u00edculo nuevo conlleva una curva de aprendizaje. Los conductores que a\u00fan se encuentran en esta curva de aprendizaje pueden carecer de la comodidad y familiaridad necesarias para responder de forma \u00f3ptima en una situaci\u00f3n de emergencia repentina.&nbsp;<\/p>\n\n\n\n<p>Un estudio de la Administraci\u00f3n Federal de Seguridad de Autotransportes (FMCSA) descubri\u00f3 que en el 56% de todos los choques diarios de camiones de alquiler, la \u201craz\u00f3n cr\u00edtica\u201d de la colisi\u00f3n proven\u00eda de otro veh\u00edculo, de un conductor o del entorno de la carretera, no del conductor del veh\u00edculo U-Haul. No obstante, la falta de familiaridad con el veh\u00edculo de alquiler U-Haul o con la zona puede impedir que un conductor d\u00e9 una respuesta matizada en caso de emergencia que pueda evitar una colisi\u00f3n.&nbsp;<\/p>\n\n\n\n<h3 class=\"wp-block-heading\">Problemas de carga<\/h3>\n\n\n\n<p>Cargar todas sus pertenencias en un cami\u00f3n de mudanzas puede ser una experiencia angustiosa. Cuando la carga se desplaza o se mueve durante el transporte, puede causar problemas a\u00fan mayores, como un cambio repentino en el peso o el equilibrio de un veh\u00edculo U-Haul, que puede desencadenar un accidente.&nbsp;<\/p>\n\n\n\n<p>U-Haul proporciona consejos sobre c\u00f3mo cargar sus camiones de mudanzas. Aunque estos consejos pueden ayudar a mejorar la seguridad de la carga, no pueden garantizar que los art\u00edculos no se desplacen en tr\u00e1nsito, especialmente durante una maniobra de emergencia, como un volantazo para evitar un obst\u00e1culo en la carretera.&nbsp;<\/p>\n\n\n\n<h3 class=\"wp-block-heading\">Mantenimiento de camiones<\/h3>\n\n\n\n<p>En un estudio de la FMCSA, los investigadores examinaron cu\u00e1ntos camiones de alquiler diario recibieron inspecciones federales en un periodo de siete a\u00f1os - y cu\u00e1ntos fueron puestos \u201cfuera de servicio\u201d hasta que se pudo reparar un defecto peligroso. Con una tasa de veh\u00edculos fuera de servicio del 8,7%, U-Haul ten\u00eda la segunda tasa m\u00e1s alta de veh\u00edculos fuera de servicio entre las cinco empresas estudiadas.<\/p>\n\n\n\n<p>El mantenimiento de los camiones y las reparaciones a tiempo son imprescindibles para mantener la seguridad de los veh\u00edculos en la carretera. Quienes alquilan veh\u00edculos U-Haul no tienen experiencia con el historial de servicio del veh\u00edculo. Conf\u00edan en U-Haul para realizar el mantenimiento y las reparaciones que necesitan sus camiones de alquiler.&nbsp;<\/p>\n\n\n\n<p>Cuando U-Haul o sus equipos de mantenimiento no cumplen con esta responsabilidad, pueden producirse lesiones graves. Una pieza cr\u00edtica o el sistema puede fallar mientras el cami\u00f3n est\u00e1 en la carretera. El conductor puede no saber que hay un problema hasta que sea demasiado tarde.&nbsp;<\/p>\n\n\n\n<h3 class=\"wp-block-heading\">Otras causas comunes de colisiones de camiones en Dallas<\/h3>\n\n\n\n<p>Los veh\u00edculos U-Haul nunca salen solos a las calles de Dallas. Est\u00e1n constantemente rodeados de tr\u00e1fico adicional. El hecho de que otros conductores no tengan un cuidado razonable puede desencadenar un choque con un U-Haul u otro veh\u00edculo.&nbsp;<\/p>\n\n\n\n<p>En 2023, TxDOT registr\u00f3 los siguientes factores comunes que contribuyen a las colisiones mortales y con heridos graves:&nbsp;<\/p>\n\n\n\n<ul class=\"wp-block-list\">\n<li>Cambios de carril inseguros<\/li>\n\n\n\n<li>Saltarse las se\u00f1ales de stop y los sem\u00e1foros<\/li>\n\n\n\n<li><a href=\"https:\/\/www.chandlerrosslaw.com\/es\/blog\/leyes-de-texas-sobre-conduccion-distraida\/\">Conducci\u00f3n distra\u00edda<\/a><\/li>\n\n\n\n<li><a href=\"https:\/\/www.chandlerrosslaw.com\/es\/accidente-por-conducir-ebrio\/\">Conducci\u00f3n en estado de embriaguez o intoxicaci\u00f3n<\/a><\/li>\n\n\n\n<li>Exceso de velocidad<\/li>\n\n\n\n<li>Zigzaguear o atravesar varios carriles<\/li>\n\n\n\n<li>No ceder el paso en intersecciones y pasos de peatones<\/li>\n<\/ul>\n\n\n\n<p>Los conductores que no tienen un cuidado razonable pueden provocar un choque con un U-Haul u otro veh\u00edculo. Los conductores de U-Haul pueden ser incapaces de evitar la colisi\u00f3n, aunque conduzcan con cuidado.&nbsp;<\/p>\n\n\n\n<h2 class=\"wp-block-heading\">Lesiones de los trabajadores de U-Haul<\/h2>\n\n\n\n<p>Trabajar para U-Haul puede ser gratificante, pero tambi\u00e9n puede conllevar riesgos. Los empleados de U-Haul pueden lesionarse mientras trasladan veh\u00edculos, realizan tareas en el patio de camiones o de almacenamiento, o llevan a cabo tareas de mantenimiento o reparaciones.<\/p>\n\n\n\n<p>En Texas, los empleados lesionados pueden buscar ayuda a trav\u00e9s de <a href=\"https:\/\/www.chandlerrosslaw.com\/es\/lesion-laboral\/\">seguro de indemnizaci\u00f3n de los trabajadores<\/a>. La indemnizaci\u00f3n laboral cubre las facturas m\u00e9dicas, complementa los salarios perdidos y puede proporcionar otras prestaciones a los empleados con lesiones graves.&nbsp;<\/p>\n\n\n\n<p>Un trabajador lesionado por un tercero puede presentar una reclamaci\u00f3n contra dicha parte, as\u00ed como acceder a las prestaciones de indemnizaci\u00f3n laboral. Por ejemplo, un trabajador de U-Haul atropellado por un conductor que acaba de alquilar un veh\u00edculo puede presentar una reclamaci\u00f3n contra dicho conductor. Hable con un <a href=\"https:\/\/www.chandlerrosslaw.com\/es\/dallas\/abogados-especializados-en-lesiones-laborales\/\">Abogado con experiencia en indemnizaciones laborales Dallas<\/a>Pida ayuda para navegar por las prestaciones y las reclamaciones.\u00a0<\/p>\n\n\n\n<h2 class=\"wp-block-heading\">Retos para obtener una indemnizaci\u00f3n tras una lesi\u00f3n en un cami\u00f3n U-Haul<\/h2>\n\n\n\n<p>La lesi\u00f3n de un cami\u00f3n U-Haul puede ser dura. A diferencia de un <a href=\"https:\/\/www.chandlerrosslaw.com\/es\/dallas\/abogado-de-accidentes-de-coche-2\/\">accidente de coche regular<\/a>t, cada accidente de U-Haul implica al menos a tres partes: los implicados en la colisi\u00f3n y la propia U-Haul. Cumplir los plazos, demostrar la culpabilidad, tratar con el seguro y obtener una indemnizaci\u00f3n completa y justa pueden suponer todo un reto, especialmente cuando ya est\u00e1 lidiando con lesiones graves.&nbsp;<\/p>\n\n\n\n<h3 class=\"wp-block-heading\">L\u00edmites temporales<\/h3>\n\n\n\n<p>Despu\u00e9s de un accidente con un cami\u00f3n U-Haul, tiene un tiempo limitado para presentar las reclamaciones al seguro y otras reclamaciones para proteger su derecho a una indemnizaci\u00f3n. Los plazos de las compa\u00f1\u00edas de seguros var\u00edan, pero algunos son tan cortos como unos pocos meses.&nbsp;<\/p>\n\n\n\n<p>Texas los tribunales establecen un plazo de dos a\u00f1os para presentar una demanda despu\u00e9s de que se produzca una lesi\u00f3n grave. Si su caso no se presenta ante los tribunales en este plazo, el tribunal se negar\u00e1 a atenderlo. Un abogado puede ayudarle a asegurarse de que cumple estos plazos vitales.&nbsp;<\/p>\n\n\n\n<h3 class=\"wp-block-heading\">Probar el fallo<\/h3>\n\n\n\n<p>La mayor\u00eda de las reclamaciones por accidentes de camiones U-Haul se centran en <a href=\"https:\/\/www.chandlerrosslaw.com\/es\/negligencia\/\">negligencia<\/a>. Para ganar una indemnizaci\u00f3n, una persona lesionada tiene que demostrar que:<\/p>\n\n\n\n<ul class=\"wp-block-list\">\n<li>La parte que caus\u00f3 la lesi\u00f3n ten\u00eda el deber de emplear un cuidado razonable para evitar el da\u00f1o.<\/li>\n\n\n\n<li>La otra parte no cumpli\u00f3 con su deber (o \u201cincumpli\u00f3\u201d su deber).<\/li>\n\n\n\n<li>Ese fallo fue la causa real y previsible de sus lesiones.<\/li>\n\n\n\n<li>Sus lesiones dieron lugar a da\u00f1os reales, que pueden ser indemnizados.&nbsp;<\/li>\n<\/ul>\n\n\n\n<p>Probar la culpa puede ser todo un reto. Es habitual que la otra parte argumente que usted fue parcial o totalmente responsable de sus propias lesiones, por ejemplo. Un abogado con experiencia en proteger los derechos de las personas lesionadas puede rebatir estos argumentos, construyendo un caso para la indemnizaci\u00f3n que usted merece.<\/p>\n\n\n\n<h3 class=\"wp-block-heading\">Navegar por las reclamaciones de seguros<\/h3>\n\n\n\n<p>En una colisi\u00f3n con U-Haul, pueden ser aplicables varias p\u00f3lizas de seguro. U-Haul suele tener seguros para los accidentes que ocurren en sus veh\u00edculos. Quienes alquilan un U-Haul pueden pagar m\u00faltiples tipos y niveles de cobertura adicional. Los conductores implicados en un accidente tambi\u00e9n pueden tener sus propias p\u00f3lizas de seguro de autom\u00f3vil.&nbsp;<\/p>\n\n\n\n<p>Es f\u00e1cil pensar que m\u00e1s seguro significa m\u00e1s cobertura. Sin embargo, en la pr\u00e1ctica, m\u00e1s seguros suelen significar m\u00e1s retrasos, denegaciones y discusiones. Cada aseguradora intenta responsabilizar a otra del pago de las facturas, dej\u00e1ndole sin la indemnizaci\u00f3n que necesita.&nbsp;<\/p>\n\n\n\n<p>Contratar a un abogado experto en accidentes de camiones de alquiler Dallas nivela el campo de juego. Su abogado se anticipa y se enfrenta a los intentos de retrasar o denegar su reclamaci\u00f3n - agilizando el proceso, negociando cuando sea necesario y trabajando para conseguir un acuerdo completo y justo para usted.&nbsp;<\/p>\n\n\n\n<h3 class=\"wp-block-heading\">Compensaci\u00f3n<\/h3>\n\n\n\n<p>Un accidente de U-Haul puede provocar varios tipos de p\u00e9rdidas. Las p\u00e9rdidas comunes compensadas en una demanda por lesiones incluyen facturas m\u00e9dicas, salarios perdidos, propiedad da\u00f1ada, dolor f\u00edsico y sufrimiento, y angustia mental y emocional.&nbsp;<\/p>\n\n\n\n<p>El valor de su caso depende de las p\u00e9rdidas concretas que haya sufrido. Un abogado puede ayudarle a calcular el valor de su caso y a luchar por un acuerdo o una sentencia judicial que refleje el alcance total de sus p\u00e9rdidas.&nbsp;<\/p>\n\n\n\n<h2 class=\"wp-block-heading\">C\u00f3mo puede ayudar un abogado con experiencia en lesiones en camiones comerciales Dallas tras un accidente con un U-Haul<\/h2>\n\n\n\n<p>Tanto si ha alquilado un cami\u00f3n U-Haul como si ha resultado herido por uno de ellos, es posible que se encuentre en apuros. Las lesiones causadas por camiones grandes pueden ser catastr\u00f3ficas.&nbsp;<\/p>\n\n\n\n<p>No tiene por qu\u00e9 afrontar la situaci\u00f3n solo. Hable hoy mismo con un abogado experto en accidentes de camiones U-Haul Dallas. El equipo de Chandler Ross PLLC tiene experiencia ayudando a clientes a conseguir una indemnizaci\u00f3n completa y justa tras accidentes de camiones grandes. Para saber m\u00e1s, <a href=\"https:\/\/www.chandlerrosslaw.com\/es\/pongase-en-contacto-con\/\">p\u00f3ngase en contacto con nosotros<\/a> hoy mismo para programar una evaluaci\u00f3n gratuita y confidencial de su caso con uno de nuestros <a href=\"https:\/\/www.chandlerrosslaw.com\/es\/sobre-nosotros\/\">abogados dedicados y compasivos<\/a>.<\/p>","protected":false},"excerpt":{"rendered":"<p>Dallas Abogados de lesiones en camiones comerciales - U-Haul El \u00e1rea metropolitana Dallas-Fort Worth ocupa el primer lugar en el \u00cdndice de Crecimiento 2024 de U-Haul. U-Haul clasifica las ciudades cada a\u00f1o bas\u00e1ndose en el n\u00famero de veh\u00edculos U-Haul, remolques y contenedores port\u00e1tiles de mudanzas alquilados para mudanzas de ida. En 2024, las personas que utilizaron los servicios de U-Haul para trasladar sus hogares al \u00e1rea de DFW superaron en n\u00famero a...<\/p>","protected":false},"author":5,"featured_media":19064,"parent":18808,"menu_order":0,"comment_status":"closed","ping_status":"closed","template":"","meta":{"_acf_changed":false,"footnotes":""},"class_list":["post-19063","page","type-page","status-publish","has-post-thumbnail","hentry"],"acf":[],"_links":{"self":[{"href":"https:\/\/www.chandlerrosslaw.com\/es\/wp-json\/wp\/v2\/pages\/19063","targetHints":{"allow":["GET"]}}],"collection":[{"href":"https:\/\/www.chandlerrosslaw.com\/es\/wp-json\/wp\/v2\/pages"}],"about":[{"href":"https:\/\/www.chandlerrosslaw.com\/es\/wp-json\/wp\/v2\/types\/page"}],"author":[{"embeddable":true,"href":"https:\/\/www.chandlerrosslaw.com\/es\/wp-json\/wp\/v2\/users\/5"}],"replies":[{"embeddable":true,"href":"https:\/\/www.chandlerrosslaw.com\/es\/wp-json\/wp\/v2\/comments?post=19063"}],"version-history":[{"count":2,"href":"https:\/\/www.chandlerrosslaw.com\/es\/wp-json\/wp\/v2\/pages\/19063\/revisions"}],"predecessor-version":[{"id":19103,"href":"https:\/\/www.chandlerrosslaw.com\/es\/wp-json\/wp\/v2\/pages\/19063\/revisions\/19103"}],"up":[{"embeddable":true,"href":"https:\/\/www.chandlerrosslaw.com\/es\/wp-json\/wp\/v2\/pages\/18808"}],"wp:featuredmedia":[{"embeddable":true,"href":"https:\/\/www.chandlerrosslaw.com\/es\/wp-json\/wp\/v2\/media\/19064"}],"wp:attachment":[{"href":"https:\/\/www.chandlerrosslaw.com\/es\/wp-json\/wp\/v2\/media?parent=19063"}],"curies":[{"name":"wp","href":"https:\/\/api.w.org\/{rel}","templated":true}]}}