{"id":19052,"date":"2025-12-31T19:57:24","date_gmt":"2025-12-31T19:57:24","guid":{"rendered":"https:\/\/www.chandlerrosslaw.com\/?page_id=19052"},"modified":"2026-02-04T00:39:04","modified_gmt":"2026-02-04T00:39:04","slug":"abogados-de-lesiones-en-camiones-comerciales-de-fedex","status":"publish","type":"page","link":"https:\/\/www.chandlerrosslaw.com\/es\/dallas\/abogados-de-accidentes-de-camion\/abogados-de-lesiones-en-camiones-comerciales-de-fedex\/","title":{"rendered":"Dallas Abogados de lesiones en camiones comerciales - FedEx"},"content":{"rendered":"<h1 class=\"wp-block-heading\">Dallas Abogados de lesiones en camiones comerciales - FedEx<\/h1>\n\n\n\n<p>FedEx manipula diariamente unos 16 millones de paquetes y 20 millones de libras de carga en todo el mundo. Con tanta carga en movimiento, un <a href=\"https:\/\/www.chandlerrosslaw.com\/es\/accidentes-de-camiones-fedex-ups\/\">Colisi\u00f3n de un cami\u00f3n de FedEx<\/a> puede causar lesiones catastr\u00f3ficas, p\u00e9rdida de salarios o algo peor.&nbsp;<\/p>\n\n\n\n<p>Si ha resultado herido en una colisi\u00f3n con un cami\u00f3n de FedEx en Dallas, no espere. Hable con un abogado con experiencia. En <a href=\"https:\/\/www.chandlerrosslaw.com\/es\/\">Chandler Ross PLLC<\/a>, sabemos c\u00f3mo responsabilizar a FedEx y a sus conductores de los da\u00f1os que causa su negligencia. Estamos dedicados a la investigaci\u00f3n exhaustiva, el esfuerzo r\u00e1pido y la negociaci\u00f3n dura para la compensaci\u00f3n completa y justa que nuestros clientes merecen.<\/p>\n\n\n\n<h2 class=\"wp-block-heading\">Qu\u00e9 hace que las colisiones de camiones FedEx en Dallas sean tan peligrosas<\/h2>\n\n\n\n<p>FedEx opera una de las mayores flotas de veh\u00edculos comerciales de Estados Unidos. En 2024, FedEx ten\u00eda m\u00e1s de 138.000 veh\u00edculos y m\u00e1s de 129.000 conductores registrados en la Administraci\u00f3n Federal de Seguridad de Autotransportes (FMCSA) con el n\u00famero USDOT de la empresa. La FMCSA afirma que FedEx registr\u00f3 m\u00e1s de 4.300 millones de millas comerciales recorridas en 2024.&nbsp;<\/p>\n\n\n\n<p>Entre noviembre de 2023 y noviembre de 2025, los veh\u00edculos de FedEx estuvieron implicados en 53 colisiones mortales y 793 colisiones con heridos en todo el pa\u00eds.<\/p>\n\n\n\n<p>Los camiones de FedEx recorren miles de kil\u00f3metros en Texas cada d\u00eda. Estos veh\u00edculos prestan servicio a hogares y empresas de toda el \u00e1rea metropolitana de Dallas. Dallas es tambi\u00e9n un importante centro de reparto para FedEx, con centros de servicio situados en <a href=\"https:\/\/www.chandlerrosslaw.com\/es\/irving\/abogado-de-accidentes-de-camion\/\">Irving<\/a>, Sunnyvale, y <a href=\"https:\/\/www.chandlerrosslaw.com\/es\/lewisville\/abogados-de-accidentes-de-camion-2\/\">Lewisville<\/a>. Estos centros de servicio est\u00e1n conectados con la zona Dallas y otras partes de Texas y EE.UU. a trav\u00e9s de las carreteras I-30, I-35E, I-20, US 175, US 80W y carreteras como la autopista President George Bush Turnpike, Waters Ridge Drive, TX 352\/Collins Road y Beltline Road.&nbsp;<\/p>\n\n\n\n<h2 class=\"wp-block-heading\">Tipos comunes de veh\u00edculos FedEx implicados en colisiones<\/h2>\n\n\n\n<p>FedEx utiliza diversos tipos de veh\u00edculos para entregar los paquetes en sus destinos. Cada tipo de veh\u00edculo plantea riesgos de seguridad \u00fanicos en las carreteras Dallas. El equipo de Chandler Ross, PLLC, se mueve con rapidez para identificar el tipo espec\u00edfico de veh\u00edculo implicado en su accidente, de modo que podamos precisar los detalles clave que afectan a su caso.&nbsp;&nbsp;<\/p>\n\n\n\n<h3 class=\"wp-block-heading\">Camiones caja<\/h3>\n\n\n\n<p>Los camiones caja de FedEx combinan el espacio de carga con un tama\u00f1o suficiente para caber por la mayor\u00eda de las calles urbanas y residenciales. La combinaci\u00f3n de estas caracter\u00edsticas, sin embargo, obliga a los camiones caja a sacrificar otros detalles. Los camiones caja suelen tener una visibilidad trasera limitada. Tienden a hacer giros amplios y paradas frecuentes. En espacios reducidos, pueden solapar los carriles bici, las aceras, los extremos de los accesos, las plazas de aparcamiento para discapacitados y las zonas de bajada de los colegios. Las colisiones con camiones caja suelen implicar a peatones, coches aparcados y ciclistas.&nbsp;<\/p>\n\n\n\n<h3 class=\"wp-block-heading\">Furgonetas Sprinter<\/h3>\n\n\n\n<p>Las furgonetas Sprinter est\u00e1n sustituyendo al omnipresente cami\u00f3n caja de FedEx en muchas zonas de Dallas. Estos veh\u00edculos sacrifican algo de espacio de carga por una mayor maniobrabilidad, especialmente en zonas residenciales. Sin embargo, a menudo comparten la falta de visibilidad trasera de un cami\u00f3n de caja. Dado que las furgonetas sprinter s\u00f3lo requieren un permiso de conducir normal para conducirlas, muchos conductores carecen de formaci\u00f3n adicional. Asumen que la furgoneta se maneja como un veh\u00edculo de pasajeros, pero las furgonetas sprinter suelen hacer giros m\u00e1s amplios y necesitan una distancia de frenado mayor que un turismo o un todoterreno. Los conductores bajo presi\u00f3n para hacer las entregas en una furgoneta sprinter pueden pasarse de frenada, apurar los giros sin mirar los retrovisores o hacer giros ilegales en U, lo que puede provocar colisiones.&nbsp;<\/p>\n\n\n\n<h3 class=\"wp-block-heading\">FedEx Freight Semirremolques<\/h3>\n\n\n\n<p>FedEx mueve gran parte de su carga terrestre de larga distancia en semirremolques. Algunos camiones tiran de varios remolques de carga, especialmente en las autopistas Texas. Estos camiones requieren una formaci\u00f3n especializada y experiencia para manejarlos con seguridad, especialmente en tr\u00e1fico denso. Pueden necesitar m\u00e1s de 500 pies para detenerse por completo cuando circulan a velocidades de autopista. Es m\u00e1s probable que se produzcan colisiones donde los camiones de FedEx entran o salen con frecuencia de las autopistas, como en la I-35E, la I-30 y la I-20, cerca de los centros de servicio Dallas de FedEx.&nbsp;<\/p>\n\n\n\n<h3 class=\"wp-block-heading\">Veh\u00edculos de reparto alquilados o arrendados<\/h3>\n\n\n\n<p>Las temporadas de gran volumen de env\u00edos, como las vacaciones de invierno, llevan al l\u00edmite la flota de FedEx. Para satisfacer la demanda, FedEx puede alquilar o arrendar veh\u00edculos de reparto a empresas externas. Estos veh\u00edculos pueden ser conducidos por <a href=\"https:\/\/www.chandlerrosslaw.com\/es\/dallas\/abogados-especializados-en-lesiones-laborales\/\">trabajadores temporales<\/a> o por conductores contratados por empresas externas. Es posible que no cuenten con las herramientas de seguridad y rastreo instaladas en los veh\u00edculos de FedEx. Identificar estos veh\u00edculos y a sus propietarios se convierte en una parte esencial para obtener una compensaci\u00f3n.\u00a0<\/p>\n\n\n\n<h2 class=\"wp-block-heading\">C\u00f3mo Chandler Ross, PLLC, lleva los casos de lesiones por choque de camiones de FedEx<\/h2>\n\n\n\n<p>Cada <a href=\"https:\/\/www.chandlerrosslaw.com\/es\/accidente-de-un-camion-de-18-ruedas\/\">accidente de cami\u00f3n<\/a> tiene caracter\u00edsticas \u00fanicas: el lugar, la hora, los hechos del choque, las lesiones causadas y su impacto en un individuo y su familia. No obstante, cada caso de lesiones por accidente de cami\u00f3n debe seguir las normas establecidas en la ley Texas y los procedimientos judiciales.&nbsp;<\/p>\n\n\n\n<p>Las reglas son coherentes, pero la forma en que se aplican a cada conjunto de hechos es \u00fanica. <a href=\"https:\/\/www.chandlerrosslaw.com\/es\/sobre-nosotros\/\">Chandler Ross, PLLC, abogados<\/a> proporcionamos una representaci\u00f3n personalizada para ayudar a nuestros clientes a entender estos resultados \u00fanicos - y para que podamos luchar por una compensaci\u00f3n completa y justa en cada caso.&nbsp;<\/p>\n\n\n\n<h3 class=\"wp-block-heading\">\u00bfDe cu\u00e1nto tiempo dispone para presentar una demanda por lesiones personales Texas?<\/h3>\n\n\n\n<p>En el Texas, una persona lesionada dispone de dos a\u00f1os a partir de la fecha de la lesi\u00f3n para presentar una <a href=\"https:\/\/www.chandlerrosslaw.com\/es\/danos-personales\/\">demanda por lesiones personales<\/a>. Sin embargo, algunos factores pueden limitar el tiempo de que dispone para presentar la demanda. Por ejemplo, si el accidente implic\u00f3 un defecto en una v\u00eda p\u00fablica o el veh\u00edculo que le golpe\u00f3 operaba bajo un contrato gubernamental, el <a href=\"https:\/\/tcss.legis.texas.gov\/resources\/CP\/pdf\/CP.101.pdf#101\" target=\"_blank\" rel=\"noreferrer noopener\">Texas Ley de Reclamaciones por Agravios<\/a> le da s\u00f3lo seis meses para presentar una notificaci\u00f3n formal de reclamaci\u00f3n.&nbsp;<\/p>\n\n\n\n<p><a href=\"https:\/\/www.chandlerrosslaw.com\/es\/pongase-en-contacto-con\/\">Contactar con un abogado<\/a> lo antes posible tras un accidente hace algo m\u00e1s que proteger su derecho a presentar una demanda. Tambi\u00e9n mejora sus posibilidades de conservar pruebas clave, como grabaciones de v\u00eddeo y registros del veh\u00edculo.&nbsp;<\/p>\n\n\n\n<h3 class=\"wp-block-heading\"><strong>Probar la culpa en un accidente de cami\u00f3n de FedEx<\/strong><\/h3>\n\n\n\n<p>Nuestro equipo comienza por obtener el informe del accidente, las grabaciones de las c\u00e1maras y las declaraciones de los testigos del accidente. Solicitamos los registros de los conductores de FedEx, los registros de despacho, los informes de mantenimiento y la informaci\u00f3n telem\u00e1tica de a bordo. Estos registros proporcionan una comprensi\u00f3n m\u00e1s clara de lo que ocurri\u00f3 en un accidente. Tambi\u00e9n pueden revelar negligencias del conductor o de la empresa en forma de descansos omitidos, reparaciones retrasadas o carga sobrecargada.<\/p>\n\n\n\n<p>En algunos casos, los conductores trabajan para subcontratistas y no directamente para FedEx. Rastreamos la relaci\u00f3n laboral de estos conductores e identificamos a todas las empresas implicadas. Muchas rutas de FedEx de \u00faltima milla en y cerca de Dallas son gestionadas por proveedores externos que buscan cumplir plazos de entrega ajustados. Esta presi\u00f3n crea incentivos para acelerar, saltarse los controles de carga o ignorar los \u00e1ngulos muertos de los veh\u00edculos.&nbsp;<\/p>\n\n\n\n<p>Nuestro equipo tambi\u00e9n documenta la escena, utilizando mediciones, diagramas y modelado digital para ayudarnos a reconstruir la escena del accidente. Los expertos en factores humanos analizan lo que hizo el conductor y lo que har\u00eda un conductor razonable en la misma situaci\u00f3n.&nbsp;<\/p>\n\n\n\n<p>Combinamos la perspicacia jur\u00eddica, la investigaci\u00f3n t\u00e9cnica y una presentaci\u00f3n clara. Armados con estos conocimientos y an\u00e1lisis, podemos demostrar lo que ocurri\u00f3 y por qu\u00e9 usted merece una indemnizaci\u00f3n completa y justa.&nbsp;<\/p>\n\n\n\n<h3 class=\"wp-block-heading\">Indemnizaci\u00f3n tras lesiones causadas por un cami\u00f3n de FedEx<\/h3>\n\n\n\n<p>Despu\u00e9s de cualquier <a href=\"https:\/\/www.chandlerrosslaw.com\/es\/dallas\/abogado-de-accidentes-de-coche-2\/\">accidente de tr\u00e1fico<\/a>, una compa\u00f1\u00eda de seguros podr\u00eda ofrecerle una cantidad de liquidaci\u00f3n. Esta cantidad suele centrarse en sus facturas m\u00e9dicas hasta la fecha - pero es probable que pase por alto otras p\u00e9rdidas que pueden y deben ser compensadas en un caso de lesiones personales.&nbsp;<\/p>\n\n\n\n<p>La indemnizaci\u00f3n que puede solicitar puede incluir p\u00e9rdidas como:<\/p>\n\n\n\n<ul class=\"wp-block-list\">\n<li>Tanto las facturas m\u00e9dicas pasadas como las previstas para el futuro,<\/li>\n\n\n\n<li>Salarios perdidos, incluida la p\u00e9rdida de capacidad de ganancia si sus lesiones reducen o eliminan su capacidad para trabajar,<\/li>\n\n\n\n<li>Veh\u00edculos y bienes personales da\u00f1ados y destruidos,<\/li>\n\n\n\n<li>Dolor f\u00edsico, mental y emocional, sufrimiento y angustia.&nbsp;<\/li>\n<\/ul>\n\n\n\n<p>La documentaci\u00f3n y la narrativa ayudan a respaldar su reclamaci\u00f3n por da\u00f1os en cada \u00e1rea. El papel de su abogado es conectar estos registros con la realidad de su vida cotidiana.&nbsp;<\/p>\n\n\n\n<h3 class=\"wp-block-heading\">Qu\u00e9 esperar al tratar con FedEx y sus aseguradoras<\/h3>\n\n\n\n<p>FedEx es una enorme corporaci\u00f3n multinacional con m\u00e1s de 138.000 veh\u00edculos registrados s\u00f3lo en Estados Unidos. Los equipos jur\u00eddicos y las aseguradoras de la empresa se centran en proteger el balance final de FedEx resolviendo las reclamaciones por el menor dinero posible. A menudo, esto significa disputar la culpa, restar importancia a las lesiones y retrasar los pagos.&nbsp;<\/p>\n\n\n\n<p>Estas compa\u00f1\u00edas de seguros y equipos legales son expertos en hacer que un accidente parezca culpa suya - incluso cuando no lo es. En Chandler Ross, PLLC, sabemos c\u00f3mo juegan. Rechazamos las solicitudes improcedentes, protegemos el valor de su reclamaci\u00f3n y preparamos cada caso como si tuvi\u00e9ramos que luchar por usted en los tribunales. Nuestros esfuerzos nivelan el campo de juego, lo que a menudo conduce a una oferta m\u00e1s justa que la que la compa\u00f1\u00eda le dar\u00eda de otro modo. Y si la empresa se niega a jugar limpio, estamos dispuestos a llevar el caso ante un juez y un jurado.&nbsp;<\/p>\n\n\n\n<h2 class=\"wp-block-heading\">Hable hoy mismo con un abogado especializado en accidentes de camiones FedEx Dallas<\/h2>\n\n\n\n<p>La entrega de paquetes es un servicio vital - pero FedEx no hace negocio a su costa. En Chandler Ross, PLLC, sabemos lo mucho que puede cambiar su vida despu\u00e9s de un accidente. Estamos aqu\u00ed para ayudarle a luchar por la indemnizaci\u00f3n que se merece.&nbsp;<\/p>\n\n\n\n<p>Llame a <a href=\"tel:1-940-800-2500\">(940) 800-2500<\/a> ahora para una consulta gratuita con un <a href=\"https:\/\/www.chandlerrosslaw.com\/es\/dallas\/abogados-de-accidentes-de-camion\/\">Dallas abogado de lesiones en camiones comerciales<\/a> que entienda c\u00f3mo funcionan FedEx y sus aseguradoras.<\/p>\n\n\n\n<h2 class=\"wp-block-heading\">Preguntas frecuentes sobre lesiones en camiones de FedEx en Dallas<\/h2>\n\n\n\n<h3 class=\"wp-block-heading\">\u00bfCu\u00e1ndo debo llamar a un abogado tras una colisi\u00f3n con un cami\u00f3n de FedEx?<\/h3>\n\n\n\n<p>Lo antes posible. Aunque los camiones de FedEx llevan a bordo colectores de datos de colisiones y c\u00e1maras en el salpicadero, los datos suelen borrarse o sobrescribirse poco tiempo despu\u00e9s de un suceso. Cuanto m\u00e1s r\u00e1pido se mueva, m\u00e1s f\u00e1cil ser\u00e1 proteger la informaci\u00f3n sobre la colisi\u00f3n - y sus derechos legales.&nbsp;<\/p>\n\n\n\n<h3 class=\"wp-block-heading\">\u00bfPuedo demandar a FedEx directamente o s\u00f3lo al conductor?<\/h3>\n\n\n\n<p>Usted puede tener un caso contra ambos. Si el conductor es un empleado de FedEx, FedEx puede ser considerada responsable de la negligencia del conductor. Si el conductor es un contratista, el empleador contratante puede ser parcial o totalmente responsable de cualquier negligencia del conductor que cause un choque.&nbsp;<\/p>\n\n\n\n<h3 class=\"wp-block-heading\">\u00bfY si tuve parte de culpa en el accidente?<\/h3>\n\n\n\n<p>Conducir es una actividad compleja, y a veces los conductores comparten la culpa de una colisi\u00f3n. El Texas utiliza una regla de culpa comparativa modificada para estos casos. Si usted tiene un 50 por ciento o menos de culpa, su indemnizaci\u00f3n se reduce en el porcentaje de su culpa. Si usted tiene el 51 por ciento o m\u00e1s de culpa, no puede recuperar los da\u00f1os. Un abogado puede ayudarle a determinar y argumentar el porcentaje correcto de culpa.&nbsp;<\/p>\n\n\n\n<h3 class=\"wp-block-heading\">\u00bfCu\u00e1nto tarda en resolverse un caso de accidente de cami\u00f3n?<\/h3>\n\n\n\n<p>Cada caso es \u00fanico, y tambi\u00e9n lo es su calendario. Algunos casos pueden resolverse en s\u00f3lo unos meses. Sin embargo, si su caso implica lesiones graves o una responsabilidad controvertida, puede tardar un a\u00f1o o m\u00e1s en resolverse.<\/p>","protected":false},"excerpt":{"rendered":"<p>Abogados especializados en lesiones causadas por camiones comerciales Dallas \u2013 FedEx FedEx maneja alrededor de 16 millones de paquetes y 20 millones de libras de carga diariamente en todo el mundo. Con tanto volumen de carga en movimiento, una colisi\u00f3n con un cami\u00f3n de FedEx puede causar lesiones catastr\u00f3ficas, p\u00e9rdida de salarios o incluso algo peor. Si usted sufre lesiones en una colisi\u00f3n con un cami\u00f3n de FedEx en Dallas, no espere m\u00e1s. Hable con un abogado con experiencia...<\/p>","protected":false},"author":5,"featured_media":19055,"parent":18808,"menu_order":0,"comment_status":"closed","ping_status":"closed","template":"","meta":{"_acf_changed":false,"footnotes":""},"class_list":["post-19052","page","type-page","status-publish","has-post-thumbnail","hentry"],"acf":[],"_links":{"self":[{"href":"https:\/\/www.chandlerrosslaw.com\/es\/wp-json\/wp\/v2\/pages\/19052","targetHints":{"allow":["GET"]}}],"collection":[{"href":"https:\/\/www.chandlerrosslaw.com\/es\/wp-json\/wp\/v2\/pages"}],"about":[{"href":"https:\/\/www.chandlerrosslaw.com\/es\/wp-json\/wp\/v2\/types\/page"}],"author":[{"embeddable":true,"href":"https:\/\/www.chandlerrosslaw.com\/es\/wp-json\/wp\/v2\/users\/5"}],"replies":[{"embeddable":true,"href":"https:\/\/www.chandlerrosslaw.com\/es\/wp-json\/wp\/v2\/comments?post=19052"}],"version-history":[{"count":3,"href":"https:\/\/www.chandlerrosslaw.com\/es\/wp-json\/wp\/v2\/pages\/19052\/revisions"}],"predecessor-version":[{"id":19102,"href":"https:\/\/www.chandlerrosslaw.com\/es\/wp-json\/wp\/v2\/pages\/19052\/revisions\/19102"}],"up":[{"embeddable":true,"href":"https:\/\/www.chandlerrosslaw.com\/es\/wp-json\/wp\/v2\/pages\/18808"}],"wp:featuredmedia":[{"embeddable":true,"href":"https:\/\/www.chandlerrosslaw.com\/es\/wp-json\/wp\/v2\/media\/19055"}],"wp:attachment":[{"href":"https:\/\/www.chandlerrosslaw.com\/es\/wp-json\/wp\/v2\/media?parent=19052"}],"curies":[{"name":"wp","href":"https:\/\/api.w.org\/{rel}","templated":true}]}}