{"id":18893,"date":"2025-08-28T23:32:56","date_gmt":"2025-08-28T23:32:56","guid":{"rendered":"https:\/\/www.chandlerrosslaw.com\/?page_id=18893"},"modified":"2026-05-07T22:52:41","modified_gmt":"2026-05-07T22:52:41","slug":"abogado-de-accidentes-de-camion-2","status":"publish","type":"page","link":"https:\/\/www.chandlerrosslaw.com\/es\/garland\/truck-accident-attorney\/","title":{"rendered":"Garland Abogado de accidentes de cami\u00f3n"},"content":{"rendered":"<h1 class=\"wp-block-heading\">Garland Abogado de accidentes de cami\u00f3n<\/h1>\n\n\n\n<h2 class=\"wp-block-heading\"><em>Respetados abogados de accidentes de cami\u00f3n en Garland, Texas responsabilizan a las empresas de transporte negligentes<\/em><\/h2>\n\n\n\n<p>A <a href=\"https:\/\/www.chandlerrosslaw.com\/es\/accidente-de-un-camion-de-18-ruedas\/\">grave accidente de cami\u00f3n<\/a> puede trastocar todos los aspectos de su vida. Si result\u00f3 herido en una colisi\u00f3n con un veh\u00edculo comercial en Garland, Texas, es posible que tenga que enfrentarse a un tratamiento m\u00e9dico importante, tiempo de baja laboral y gastos crecientes. Los camiones de dieciocho ruedas, los camiones de obras y los veh\u00edculos de reparto suelen pesar varias toneladas m\u00e1s que los turismos, lo que significa que estas colisiones suelen tener resultados devastadores.<\/p>\n\n\n\n<p>En <a href=\"https:\/\/www.chandlerrosslaw.com\/es\/\">Chandler | Ross Abogados de lesiones<\/a>, representamos a personas que han resultado perjudicadas en accidentes de cami\u00f3n en todo el Garland. Nuestros abogados son expertos en la investigaci\u00f3n de estas colisiones, la identificaci\u00f3n de todas las partes responsables y la b\u00fasqueda de una indemnizaci\u00f3n completa de las compa\u00f1\u00edas de camiones y sus aseguradoras. Estamos familiarizados con las carreteras m\u00e1s transitadas de Garland y entendemos c\u00f3mo los patrones de tr\u00e1fico locales contribuyen a los peligrosos choques. Si est\u00e1 dispuesto a exigir responsabilidades a los culpables, estamos aqu\u00ed para luchar por usted.<\/p>\n\n\n\n<h2 class=\"wp-block-heading\">\u00bfC\u00f3mo contribuyen las carreteras del Garland a las colisiones graves de camiones?<\/h2>\n\n\n\n<p>Los accidentes de cami\u00f3n en Garland no ocurren al azar. Tienden a producirse en tipos espec\u00edficos de entornos de tr\u00e1fico en los que <a href=\"https:\/\/www.chandlerrosslaw.com\/es\/blog\/que-es-un-vehiculo-de-motor-comercial\/\">grandes veh\u00edculos comerciales<\/a> est\u00e1n sometidos a una mayor presi\u00f3n para detenerse, girar o incorporarse r\u00e1pidamente. Estas zonas de alto riesgo combinan velocidad, congesti\u00f3n y factores de flujo de tr\u00e1fico complicados que aumentan las probabilidades de sufrir un accidente grave. Entre las formas en que las carreteras locales pueden contribuir a las colisiones se incluyen:&nbsp;<\/p>\n\n\n\n<h3 class=\"wp-block-heading\">Autopistas de circulaci\u00f3n r\u00e1pida con gran volumen de mercanc\u00edas<\/h3>\n\n\n\n<p>Garland se sit\u00faa a lo largo de los principales corredores de mercanc\u00edas que dan servicio a todo el <a href=\"https:\/\/www.chandlerrosslaw.com\/es\/dallas\/abogados-de-accidentes-de-camion\/\">Dallas<\/a>-<a href=\"https:\/\/www.chandlerrosslaw.com\/es\/fort-worth\/abogado-de-accidentes-de-camion-2\/\">Fort Worth<\/a> metroplex. Carreteras como la interestatal 30, la interestatal 635 y la autopista President George Bush Turnpike transportan miles de camiones de 18 ruedas cada d\u00eda. Estas carreteras est\u00e1n dise\u00f1adas para la velocidad, pero no todos los camiones pueden frenar o maniobrar con la rapidez necesaria. Una desaceleraci\u00f3n repentina, <a href=\"https:\/\/www.chandlerrosslaw.com\/es\/blog\/evitar-accidentes-de-trafico-en-zonas-en-obras\/\">zona de construcci\u00f3n<\/a>o la distracci\u00f3n del conductor pueden provocar colisiones traseras o de varios veh\u00edculos.<\/p>\n\n\n\n<h3 class=\"wp-block-heading\">Autopistas de peaje y sistemas de bucle con cruces frecuentes<\/h3>\n\n\n\n<p>La autopista President George Bush Turnpike es una de las rutas de camiones m\u00e1s transitadas de la regi\u00f3n. Los conductores comerciales la utilizan para evitar el centro de la Dallas, lo que se suma a la congesti\u00f3n en torno a los intercambiadores de la Garland. Las frecuentes salidas, las bruscas rampas de entrada y las impredecibles incorporaciones hacen que esta zona sea especialmente peligrosa para los veh\u00edculos m\u00e1s peque\u00f1os que circulan cerca de camiones con remolque.<\/p>\n\n\n\n<h3 class=\"wp-block-heading\">Carreteras de uso mixto con tr\u00e1fico local y comercial<\/h3>\n\n\n\n<p>Calles como la avenida Garland, el bulevar Broadway y la carretera Jupiter soportan el tr\u00e1fico local junto a furgonetas de reparto, camiones caja y veh\u00edculos de construcci\u00f3n. Estas carreteras suelen atravesar centros comerciales, zonas escolares y barrios residenciales. Las paradas repentinas, los giros ilegales y los camiones que salen marcha atr\u00e1s de los accesos o los solares aumentan el riesgo de colisiones, especialmente durante las horas punta de la ma\u00f1ana y la tarde.<\/p>\n\n\n\n<p>Los accidentes de cami\u00f3n en el Garland no se deben s\u00f3lo a una mala conducci\u00f3n. A menudo son el resultado de las condiciones de la carretera que empujan a los veh\u00edculos de gran tama\u00f1o a situaciones en las que una decisi\u00f3n tomada en una fracci\u00f3n de segundo puede cambiar la vida de alguien. Nuestro equipo comprende las causas y circunstancias de estos siniestros. Utilizamos ese conocimiento para construir casos m\u00e1s s\u00f3lidos para las personas heridas en ellos.<\/p>\n\n\n\n<h2 class=\"wp-block-heading\">\u00bfQu\u00e9 ocurre cuando se produce un accidente de cami\u00f3n en Garland?<\/h2>\n\n\n\n<p>Las colisiones de camiones en Garland rara vez son sencillas. El tipo de choque determina a menudo la gravedad de las lesiones y la estrategia legal a seguir. A continuaci\u00f3n se indican las categor\u00edas m\u00e1s comunes de choques de camiones que vemos en las carreteras locales y en las calles de los barrios.<\/p>\n\n\n\n<h3 class=\"wp-block-heading\">Accidentes de cami\u00f3n por giro incorrecto<\/h3>\n\n\n\n<p>Los camiones grandes no toman las curvas tan bien como los veh\u00edculos normales. Los giros a la derecha requieren m\u00e1s espacio y los giros a la izquierda a menudo exigen atravesar varios carriles. En zonas muy transitadas como el bulevar Broadway o la avenida Garland, el mal juicio o la conducci\u00f3n apresurada pueden atrapar a los coches m\u00e1s peque\u00f1os junto a los remolques, aplast\u00e1ndolos contra los bordillos o las medianas.<\/p>\n\n\n\n<h3 class=\"wp-block-heading\">Impactos traseros de camiones pesados<\/h3>\n\n\n\n<p>Si un <a href=\"https:\/\/www.chandlerrosslaw.com\/es\/colision-trasera\/\">un semirremolque embiste por detr\u00e1s a su veh\u00edculo<\/a>el resultado rara vez es menor. Los camiones comerciales necesitan cientos de metros para detenerse. Cuando los conductores aceleran, siguen demasiado de cerca o se distraen, no pueden evitar chocar con el veh\u00edculo que tienen delante. Estos choques son frecuentes cerca de las salidas de la autopista y en los sem\u00e1foros en rojo de la I-635 y la Turnpike.<\/p>\n\n\n\n<h3 class=\"wp-block-heading\">Accidentes de camiones por empotramiento que pueden atrapar a coches m\u00e1s peque\u00f1os<\/h3>\n\n\n\n<p>Algunos de los accidentes de cami\u00f3n m\u00e1s peligrosos implican a coches que se deslizan bajo los remolques. Si un cami\u00f3n frena repentinamente o gira cruzando el tr\u00e1fico, el veh\u00edculo que le sigue puede quedar atrapado debajo. Este escenario suele provocar desenlaces mortales o lesiones permanentes debido al impacto por aplastamiento y al derrumbe del techo.<\/p>\n\n\n\n<h3 class=\"wp-block-heading\">Vuelco de camiones en varios carriles<\/h3>\n\n\n\n<p>Seg\u00fan la FMCSA, cada a\u00f1o se producen en EE.UU. unos 9.000 accidentes graves por plegamiento, incluidos m\u00e1s de 175 siniestros mortales. Estos accidentes se producen cuando un remolque gira hacia fuera en \u00e1ngulo, creando peligros en varios carriles. Las carreteras mojadas, la conducci\u00f3n distra\u00edda o los frenazos bruscos suelen desencadenar estos peligrosos sucesos.<\/p>\n\n\n\n<h3 class=\"wp-block-heading\">Reventones de neum\u00e1ticos de camiones, vuelcos y derrames de carga<\/h3>\n\n\n\n<p>Reci\u00e9n publicado <a href=\"https:\/\/www.chandlerrosslaw.com\/es\/estudio-sobre-accidentes-de-camiones-en-el-norte-de-texas\/\">Datos de la FMCSA<\/a> revelan que los reventones de llantas provocan entre 8,000 y 11,000 accidentes de camiones al a\u00f1o, lo que representa aproximadamente el seis por ciento del total de accidentes de camiones. Cuando se suman a los vuelcos o al desplazamiento de la carga, las consecuencias pueden ser la dispersi\u00f3n de escombros por la carretera, lo que pone en peligro a m\u00faltiples veh\u00edculos y provoca cierres prolongados.<\/p>\n\n\n\n<p>Comprender la mec\u00e1nica de un accidente no es s\u00f3lo cosa de ingenieros. Ayuda a determinar qui\u00e9n es responsable y c\u00f3mo debe ser indemnizado. Cada accidente tiene una historia. Nuestro equipo descubre los detalles y pone esa historia al servicio de su caso.<\/p>\n\n\n\n<h2 class=\"wp-block-heading\">\u00bfPara qu\u00e9 puedo obtener ayuda tras un accidente de cami\u00f3n?<\/h2>\n\n\n\n<p>Los accidentes de cami\u00f3n son caros. Desde el momento en que se produce un accidente de cami\u00f3n Garland, comienza la presi\u00f3n financiera. Las v\u00edctimas de accidentes de cami\u00f3n suelen enfrentarse a una larga lista de <strong>econ\u00f3mico <\/strong>y <strong>p\u00e9rdidas no econ\u00f3micas<\/strong>. Si un camionero, una empresa o un tercero negligente causaron sus lesiones, puede exigirles responsabilidades legales y econ\u00f3micas.<\/p>\n\n\n\n<p>Las formas m\u00e1s comunes de indemnizaci\u00f3n en los casos de accidentes de cami\u00f3n Garland incluyen:<\/p>\n\n\n\n<ul class=\"wp-block-list\">\n<li><strong><a href=\"https:\/\/www.chandlerrosslaw.com\/es\/blog\/quien-es-responsable-de-los-gastos-medicos-tras-un-accidente-de-camion\/\">Gastos m\u00e9dicos<\/a>.<\/strong> Puede recuperar el coste total de sus cuidados, incluidas las estancias en el hospital, las intervenciones quir\u00fargicas, los medicamentos, la rehabilitaci\u00f3n y el tratamiento continuo relacionado con la lesi\u00f3n.<\/li>\n\n\n\n<li><strong>P\u00e9rdida de ingresos.<\/strong> Si falt\u00f3 al trabajo debido al accidente o no puede volver a su empleo anterior, puede tener derecho a los salarios que perdi\u00f3 y a la reducci\u00f3n de su potencial de ingresos en el futuro.<\/li>\n\n\n\n<li><strong>Dolor y sufrimiento.<\/strong> Estos da\u00f1os cubren el dolor f\u00edsico, la angustia emocional y la reducci\u00f3n de la calidad de vida. La ley Texas permite a los jurados tener en cuenta el coste a largo plazo de sus lesiones a la hora de conceder este tipo de indemnizaci\u00f3n.<\/li>\n\n\n\n<li><strong>Da\u00f1os materiales.<\/strong> El coste de reparar o sustituir su veh\u00edculo, as\u00ed como cualquier objeto personal destruido en el accidente, tambi\u00e9n puede recuperarse.<\/li>\n\n\n\n<li><strong>Da\u00f1os punitivos.<\/strong> En algunos casos, si la empresa de transporte actu\u00f3 con grave negligencia o imprudencia temeraria hacia la seguridad, usted podr\u00e1 reclamar da\u00f1os punitivos para castigar al malhechor.<\/li>\n<\/ul>\n\n\n\n<p>Recuperar estos da\u00f1os requiere algo m\u00e1s que rellenar un formulario de reclamaci\u00f3n. La compa\u00f1\u00eda de camiones y su aseguradora pueden intentar desviar la culpa, cuestionar sus lesiones u ofrecer mucho menos de lo que usted se merece. Un abogado experto puede construir su caso y abogar por la cantidad total que se le debe.<\/p>\n\n\n\n<h2 class=\"wp-block-heading\">C\u00f3mo su abogado y usted pueden construir un caso s\u00f3lido contra una compa\u00f1\u00eda de camiones<\/h2>\n\n\n\n<p>Usted necesita algo m\u00e1s que fotos de las lesiones o un informe policial para ganar un caso de accidente de cami\u00f3n en Garland, TX. Para <a href=\"https:\/\/www.chandlerrosslaw.com\/es\/blog\/como-puede-ayudarle-en-su-caso-un-abogado-especializado-en-accidentes-de-camion\/\">responsabilizar a las partes adecuadas<\/a>, su abogado debe reunir tipos espec\u00edficos de pruebas, analizarlas r\u00e1pidamente y demostrar c\u00f3mo apoyan una teor\u00eda legal clara de la culpa.<\/p>\n\n\n\n<p>La mayor\u00eda de las demandas exitosas por accidentes de cami\u00f3n se basan en demostrar <a href=\"https:\/\/www.chandlerrosslaw.com\/es\/negligencia\/\">negligencia<\/a>. Eso significa demostrar que el camionero o la empresa de transporte no tuvo un cuidado razonable y es responsable de sus graves lesiones. Sin embargo, como el transporte comercial por cami\u00f3n est\u00e1 regulado tanto a nivel federal como estatal, su abogado puede utilizar a menudo las infracciones de la ley para ayudar a probar su caso.<\/p>\n\n\n\n<p>Algunos de los tipos de pruebas m\u00e1s \u00fatiles son:<\/p>\n\n\n\n<ul class=\"wp-block-list\">\n<li><strong>Registros de conductores de camiones<\/strong> y<strong> registros de horas de servicio<\/strong> para determinar si la fatiga desempe\u00f1\u00f3 un papel en el accidente.<\/li>\n\n\n\n<li><strong>Registros de mantenimiento<\/strong> para comprobar si el cami\u00f3n fue debidamente inspeccionado, mantenido y reparado.<\/li>\n\n\n\n<li><strong>Registradores de datos de sucesos (cajas negras) <\/strong>suelen revelar la velocidad, el frenado y la direcci\u00f3n en el momento del impacto.<\/li>\n\n\n\n<li><strong>Expedientes de empleo y formaci\u00f3n <\/strong>para evaluar si la empresa investig\u00f3 o form\u00f3 adecuadamente al conductor.<\/li>\n\n\n\n<li><strong>Im\u00e1genes de la dashcam<\/strong> o <strong>v\u00eddeos de vigilancia<\/strong> de los comercios cercanos o de las c\u00e1maras de tr\u00e1fico tambi\u00e9n pueden ayudar a su abogado a elaborar un caso convincente de lesiones personales.<\/li>\n<\/ul>\n\n\n\n<p>En muchos casos, puede presentar reclamaciones contra varias partes, incluido el conductor, la empresa de transporte, un cargador o incluso el fabricante del cami\u00f3n. Identificar a todos los que contribuyeron a sus lesiones le da la mejor oportunidad de recuperar una indemnizaci\u00f3n completa.<\/p>\n\n\n\n<p>Texas ley le permite presentar una <a href=\"https:\/\/www.chandlerrosslaw.com\/es\/danos-personales\/\">reclamaci\u00f3n por da\u00f1os personales<\/a> hasta dos a\u00f1os despu\u00e9s de un accidente. Sin embargo, las compa\u00f1\u00edas de camiones suelen destruir las pruebas despu\u00e9s de un corto periodo de retenci\u00f3n. Actuar con rapidez da tiempo a su equipo legal para asegurar los registros antes de que se pierdan o destruyan.&nbsp;<\/p>\n\n\n\n<h2 class=\"wp-block-heading\">\u00bfSon complicados los accidentes de coche y de cami\u00f3n?<\/h2>\n\n\n\n<p>En comparaci\u00f3n con <a href=\"https:\/\/www.chandlerrosslaw.com\/es\/guirnalda\/abogado-de-accidentes-de-coche\/\">accidentes automovil\u00edsticos est\u00e1ndar<\/a>, las reclamaciones por accidentes de cami\u00f3n suelen implicar a partes de fuera del estado, contratos complejos y coberturas de seguro que se solapan. Estos factores pueden crear retos significativos a la hora de intentar recuperar una indemnizaci\u00f3n.<\/p>\n\n\n\n<p>Muchos camiones comerciales que operan en Garland son propiedad de empresas con sede en otros lugares de Texas o incluso fuera del estado. Algunos conductores son contratistas independientes, mientras que otros trabajan para transportistas nacionales. Determinar qu\u00e9 entidad es legalmente responsable de la conducta del conductor no siempre es sencillo.<\/p>\n\n\n\n<p>Las empresas de transporte tambi\u00e9n pueden alquilar sus veh\u00edculos o subcontratar la carga, lo que crea capas adicionales de responsabilidad. En algunos casos, su abogado puede tener que emitir citaciones o presentar mociones para descubrir a las partes responsables. Otro reto proviene de las disputas sobre la cobertura del seguro. La mayor\u00eda de los camiones comerciales llevan m\u00e1s de una p\u00f3liza de seguro, incluyendo cobertura para:<\/p>\n\n\n\n<ul class=\"wp-block-list\">\n<li>El propio cami\u00f3n,<\/li>\n\n\n\n<li>El remolque (que puede ser propiedad de otra persona),<\/li>\n\n\n\n<li>La carga transportada, y<\/li>\n\n\n\n<li>La p\u00f3liza personal del conductor (si procede).<\/li>\n<\/ul>\n\n\n\n<p>Si hay varias aseguradoras implicadas, cada una de ellas puede intentar echar la culpa o negar la cobertura, retrasando su caso o reduciendo su indemnizaci\u00f3n. Su equipo jur\u00eddico debe saber interpretar las p\u00f3lizas de autom\u00f3viles comerciales y obligar a los transportistas adecuados a pagar lo que deben.<\/p>\n\n\n\n<h2 class=\"wp-block-heading\">P\u00f3ngase en contacto hoy mismo con nuestros abogados especializados en accidentes de cami\u00f3n Garland Ross<\/h2>\n\n\n\n<p>Adem\u00e1s, las leyes federales, como el Reglamento Federal de Seguridad de Autotransportes (FMCSR), se aplican a la mayor\u00eda de los camioneros que operan en rutas interestatales. Las violaciones de estas normas, como las pausas de descanso inadecuadas o la sobrecarga de la carga, pueden utilizarse para reforzar su caso.<\/p>\n\n\n\n<p>Los litigios por accidentes de cami\u00f3n exigen una actuaci\u00f3n r\u00e1pida, una investigaci\u00f3n detallada y un s\u00f3lido conocimiento tanto de la ley Texas como de la normativa federal. Si espera demasiado para actuar, pueden perderse o destruirse pruebas cr\u00edticas.<\/p>\n\n\n\n<p>Si usted o un ser querido ha resultado herido en un accidente de cami\u00f3n en Garland, no espere a buscar ayuda legal. Cuanto antes act\u00fae, m\u00e1s s\u00f3lido puede ser su caso. <a href=\"https:\/\/www.chandlerrosslaw.com\/es\/pongase-en-contacto-con\/\">Ofrecemos consultas gratuitas<\/a> y no cobramos honorarios a menos que ganemos una indemnizaci\u00f3n para usted. Llame hoy mismo a Chandler | Ross Injury Attorneys para hablar con un abogado especializado en accidentes de cami\u00f3n Garland que se tomar\u00e1 su caso en serio y luchar\u00e1 para responsabilizar a quien corresponda.<\/p>","protected":false},"excerpt":{"rendered":"<p>Abogado de accidentes de cami\u00f3n en Garland Respetados abogados de accidentes de cami\u00f3n en Garland, Texas exigen responsabilidades a las empresas de transporte negligentes Un accidente grave de cami\u00f3n puede trastocar todos los aspectos de su vida. Si result\u00f3 lesionado en una colisi\u00f3n con un veh\u00edculo comercial en Garland, Texas, es posible que tenga que enfrentarse a un tratamiento m\u00e9dico importante, tiempo fuera del trabajo y gastos crecientes.....<\/p>","protected":false},"author":1,"featured_media":18898,"parent":18013,"menu_order":0,"comment_status":"closed","ping_status":"closed","template":"","meta":{"_acf_changed":false,"footnotes":""},"class_list":["post-18893","page","type-page","status-publish","has-post-thumbnail","hentry"],"acf":[],"_links":{"self":[{"href":"https:\/\/www.chandlerrosslaw.com\/es\/wp-json\/wp\/v2\/pages\/18893","targetHints":{"allow":["GET"]}}],"collection":[{"href":"https:\/\/www.chandlerrosslaw.com\/es\/wp-json\/wp\/v2\/pages"}],"about":[{"href":"https:\/\/www.chandlerrosslaw.com\/es\/wp-json\/wp\/v2\/types\/page"}],"author":[{"embeddable":true,"href":"https:\/\/www.chandlerrosslaw.com\/es\/wp-json\/wp\/v2\/users\/1"}],"replies":[{"embeddable":true,"href":"https:\/\/www.chandlerrosslaw.com\/es\/wp-json\/wp\/v2\/comments?post=18893"}],"version-history":[{"count":6,"href":"https:\/\/www.chandlerrosslaw.com\/es\/wp-json\/wp\/v2\/pages\/18893\/revisions"}],"predecessor-version":[{"id":22226,"href":"https:\/\/www.chandlerrosslaw.com\/es\/wp-json\/wp\/v2\/pages\/18893\/revisions\/22226"}],"up":[{"embeddable":true,"href":"https:\/\/www.chandlerrosslaw.com\/es\/wp-json\/wp\/v2\/pages\/18013"}],"wp:featuredmedia":[{"embeddable":true,"href":"https:\/\/www.chandlerrosslaw.com\/es\/wp-json\/wp\/v2\/media\/18898"}],"wp:attachment":[{"href":"https:\/\/www.chandlerrosslaw.com\/es\/wp-json\/wp\/v2\/media?parent=18893"}],"curies":[{"name":"wp","href":"https:\/\/api.w.org\/{rel}","templated":true}]}}