{"id":18684,"date":"2025-08-14T19:53:08","date_gmt":"2025-08-14T19:53:08","guid":{"rendered":"https:\/\/www.chandlerrosslaw.com\/?page_id=18684"},"modified":"2025-08-14T20:25:02","modified_gmt":"2025-08-14T20:25:02","slug":"abogados-de-lesiones-cicatrizales-por-mordedura-de-perro","status":"publish","type":"page","link":"https:\/\/www.chandlerrosslaw.com\/es\/mordeduras-de-perro\/abogados-de-lesiones-cicatrizales-por-mordedura-de-perro\/","title":{"rendered":"Denton Abogados de lesiones por mordedura de perro: Cicatrices por mordedura de perro"},"content":{"rendered":"<h1 class=\"wp-block-heading\">Denton Abogados de lesiones por mordedura de perro: Cicatrices por mordedura de perro<\/h1>\n\n\n\n<h2 class=\"wp-block-heading\"><em>Representaci\u00f3n seria para lesiones graves<\/em><\/h2>\n\n\n\n<p>Aproximadamente 885.000 personas necesitan atenci\u00f3n m\u00e9dica por heridas de mordedura de perro cada a\u00f1o. A menudo, esta atenci\u00f3n m\u00e9dica incluye la reparaci\u00f3n de heridas abiertas causadas por los dientes de un perro que perforan o desgarran la piel. Muchas de estas heridas provocan cicatrices permanentes, incluso cuando son tratadas por un cirujano altamente cualificado.&nbsp;<\/p>\n\n\n\n<p>Las cicatrices de las mordeduras de perro pueden causar problemas persistentes de desfiguraci\u00f3n, dolor, p\u00e9rdida de sensibilidad e incluso limitaciones de movimiento en el lugar de la lesi\u00f3n. En un estudio, el 91% de los supervivientes de mordeduras de perro experimentaron cicatrices y el 31% declararon sufrir discapacidades como consecuencia de sus cicatrices.<\/p>\n\n\n\n<p>Si ha sufrido lesiones por mordedura de perro y tiene cicatrices como consecuencia, no espere. Hable con un <a href=\"https:\/\/www.chandlerrosslaw.com\/es\/mordeduras-de-perro\/\">abogado con experiencia en Denton sobre sus lesiones por mordedura de perro<\/a> hoy. El equipo de <a href=\"https:\/\/www.chandlerrosslaw.com\/es\/\">Chandler Ross PLLC<\/a> puede ayudar.&nbsp;<\/p>\n\n\n\n<h2 class=\"wp-block-heading\">Factores que aumentan el riesgo de cicatrices por mordeduras de perro<\/h2>\n\n\n\n<p>El primer factor que aumenta el riesgo de una cicatriz por mordedura de perro es la propia mordedura. Cualquier mordedura que rompa la piel es susceptible de causar una cicatriz. Los ni\u00f1os tambi\u00e9n son m\u00e1s propensos a sufrir cicatrices graves entre los 2 a\u00f1os y el final de la pubertad, ya que el cuerpo crece y cambia r\u00e1pidamente durante esta \u00e9poca.<\/p>\n\n\n\n<p>Otros factores que aumentan tanto el riesgo de cicatriz como la gravedad de las cicatrices son la gravedad de la herida, la presencia de infecci\u00f3n y la forma en que la mordedura es tratada por los equipos m\u00e9dicos.<\/p>\n\n\n\n<h3 class=\"wp-block-heading\">Gravedad de la herida<\/h3>\n\n\n\n<p>Las mordeduras de perro pueden ser dif\u00edciles de tratar porque el da\u00f1o superficial puede no coincidir con el subyacente. Por ejemplo, la piel puede mostrar s\u00f3lo unas peque\u00f1as marcas de pinchazos de los dientes del perro. Sin embargo, debajo, el tejido desgarrado, los vasos sangu\u00edneos y las terminaciones nerviosas aplastadas, las hemorragias internas y la infecci\u00f3n pueden causar estragos en el lugar.&nbsp;<\/p>\n\n\n\n<p>Estos factores subyacentes pueden dificultar que el organismo cure la piel sin dejar cicatrices. Los vasos sangu\u00edneos da\u00f1ados, por ejemplo, pueden ser incapaces de transportar suficiente sangre a la superficie de la piel para una cicatrizaci\u00f3n \u00f3ptima. A menudo, el resultado es un empeoramiento de las cicatrices.<\/p>\n\n\n\n<p>Las mordeduras de perro que producen un traumatismo superficial importante tambi\u00e9n pueden ser dif\u00edciles de reparar sin dejar cicatriz. Como los dientes de un perro desgarran la piel, los bordes de una herida abierta suelen ser desiguales. Estos bordes son m\u00e1s dif\u00edciles de igualar que dos bordes rectos, como los creados por un bistur\u00ed. Incluso un cirujano experto puede ser incapaz de igualar los bordes lo suficientemente bien como para evitar que queden cicatrices.&nbsp;<\/p>\n\n\n\n<h3 class=\"wp-block-heading\">Infecci\u00f3n<\/h3>\n\n\n\n<p>La infecci\u00f3n puede aumentar el riesgo de cicatrizaci\u00f3n. Los dientes de un perro pueden inyectar bacterias profundamente en los tejidos. Cuanto m\u00e1s tiempo deba luchar el organismo contra una infecci\u00f3n, incluso con antibi\u00f3ticos, menos recursos tendr\u00e1 el cuerpo para centrarse en reparar la piel. El resultado es un mayor riesgo de cicatrices.<\/p>\n\n\n\n<p>Tras una mordedura de perro, los equipos m\u00e9dicos se centran en tratar la infecci\u00f3n. Una infecci\u00f3n no controlada puede extenderse por todo el cuerpo, causando enfermedades graves o la muerte.&nbsp;<\/p>\n\n\n\n<p>En la actualidad, los investigadores m\u00e9dicos no se ponen de acuerdo sobre la mejor manera de tratar las infecciones posteriores a una mordedura de perro. Algunos investigadores creen que lo mejor es cerrar la herida de la mordedura de perro lo antes posible, mientras que otros prefieren dejar la herida abierta temporalmente para que los antibi\u00f3ticos puedan llegar m\u00e1s f\u00e1cilmente y eliminar las bacterias.&nbsp;<\/p>\n\n\n\n<p>Un estudio que comparaba las heridas por mordedura de perro abiertas y cerradas hall\u00f3 pocas diferencias en las tasas de infecci\u00f3n entre ambos m\u00e9todos. Sin embargo, el estudio descubri\u00f3 que las heridas por mordedura de perro que se cerraban de inmediato provocaban menos cicatrices en comparaci\u00f3n con las que se dejaban abiertas.<\/p>\n\n\n\n<h3 class=\"wp-block-heading\">C\u00f3mo tratan la mordedura los equipos m\u00e9dicos<\/h3>\n\n\n\n<p>El tratamiento necesario tras una mordedura de perro tambi\u00e9n puede afectar a la gravedad de las cicatrices de las mordeduras de perro. Un estudio de ni\u00f1os tratados por heridas de mordedura de perro descubri\u00f3 que las cicatrices eran m\u00e1s probables si la mordedura de perro era reparada por un m\u00e9dico del servicio de urgencias o un m\u00e9dico de atenci\u00f3n primaria. Las cicatrices eran ligeramente menos probables si un cirujano pl\u00e1stico cualificado realizaba la reparaci\u00f3n en un quir\u00f3fano.<\/p>\n\n\n\n<p>Muchas v\u00edctimas de mordeduras de perro no pueden elegir d\u00f3nde se repara su herida. Los equipos m\u00e9dicos toman la decisi\u00f3n en funci\u00f3n de la gravedad de la lesi\u00f3n y su localizaci\u00f3n en el cuerpo. Esperar a que un cirujano pl\u00e1stico y un quir\u00f3fano est\u00e9n disponibles puede exponer al paciente a un riesgo innecesario de infecci\u00f3n adicional, as\u00ed como empeorar el resultado general. Muchos profesionales m\u00e9dicos eligen d\u00f3nde reparar una lesi\u00f3n bas\u00e1ndose en la gravedad de la misma, que dicta las necesidades inmediatas del paciente.<\/p>\n\n\n\n<h2 class=\"wp-block-heading\"><strong>Los efectos a largo plazo de las cicatrices de las mordeduras de perro<\/strong><\/h2>\n\n\n\n<p>Las cicatrices de las mordeduras de perro conllevan repercusiones a largo plazo para muchos pacientes. En un estudio de 485 pacientes con mordeduras de perro, el 47% declar\u00f3 experimentar problemas continuos durante m\u00e1s de un a\u00f1o despu\u00e9s de que se produjera la mordedura.<\/p>\n\n\n\n<h3 class=\"wp-block-heading\">Desfiguraci\u00f3n<\/h3>\n\n\n\n<p>La cicatriz en s\u00ed era un importante problema continuo para muchos pacientes. Aproximadamente el 91% de los supervivientes de mordeduras de perro que tienen problemas m\u00e9dicos m\u00e1s de un a\u00f1o despu\u00e9s afirman tener problemas con las cicatrices. Estos problemas eran m\u00e1s probables cuando la mordedura se produc\u00eda en la cara o en las extremidades inferiores.<\/p>\n\n\n\n<p>De este 91%, casi una de cada tres (31%) afirma que el problema es algo m\u00e1s que tener una cicatriz. Describen sus cicatrices como \"incapacitantes\", citando problemas con el dolor o la sensibilidad y el movimiento. Aquellos con heridas por mordedura de perro en la cara tambi\u00e9n informaron de problemas sensoriales, como la vista, el olfato o el gusto. Los pacientes tambi\u00e9n informaron de angustia mental y emocional por <a href=\"https:\/\/www.chandlerrosslaw.com\/es\/mordeduras-de-perro\/abogado-de-lesiones-por-mordedura-de-perro\/\">desfiguraci\u00f3n<\/a>.\u00a0<\/p>\n\n\n\n<h3 class=\"wp-block-heading\">Problemas de dolor y sensibilidad<\/h3>\n\n\n\n<p>Las mordeduras de perro pueden causar da\u00f1os permanentes. Aunque la lesi\u00f3n superficial puede curarse, pueden producirse p\u00e9rdidas de tejido y da\u00f1os nerviosos bajo la piel. Quienes sufren mordeduras de perro pueden padecer dolor continuo, p\u00e9rdida de sensibilidad u otros s\u00edntomas en el lugar de la lesi\u00f3n. Una infecci\u00f3n introducida por una mordedura de perro tambi\u00e9n puede causar da\u00f1os en los nervios.<\/p>\n\n\n\n<p>La lesi\u00f3n nerviosa directa por mordedura de perro es relativamente rara, seg\u00fan un estudio. Sin embargo, cuando se produce, suele formar parte de una lesi\u00f3n mucho mayor y m\u00e1s grave. Estas lesiones pueden causar cicatrices importantes junto con dolor y problemas de sensibilidad en el lugar.<\/p>\n\n\n\n<h3 class=\"wp-block-heading\">Cuestiones de movimiento<\/h3>\n\n\n\n<p>El tejido cicatricial difiere de otros tejidos de la piel. A menudo es m\u00e1s duro y se mueve con rigidez. Cuando el tejido cicatricial conecta dos zonas que normalmente no est\u00e1n unidas, puede dificultar el movimiento, causando problemas de movilidad y dolor adicional.&nbsp;<\/p>\n\n\n\n<p>Algunas investigaciones muestran beneficios en el tratamiento de pacientes para movilizar el tejido cicatricial, liberar el movimiento y reducir el dolor. Sin embargo, el tejido cicatricial es una parte natural del proceso de curaci\u00f3n del organismo. A menudo no puede eliminarse por completo ni sustituirse por el tejido original. Es probable que algunos problemas de movimiento persistan incluso con tratamiento.&nbsp;<\/p>\n\n\n\n<h2 class=\"wp-block-heading\"><strong>Sus derechos legales tras el ataque de un perro<\/strong><\/h2>\n\n\n\n<p>La ley Texas permite a una persona herida solicitar una indemnizaci\u00f3n tras una mordedura de perro. Dado que se aplican ciertas normas y plazos, es importante que hable de su caso con un abogado experimentado.&nbsp;<\/p>\n\n\n\n<h3 class=\"wp-block-heading\">Texas Ley sobre mordeduras de perro<\/h3>\n\n\n\n<p>El Texas sigue una versi\u00f3n modificada de la regla de \"una mordedura\" para las demandas por mordedura de perro. Una persona herida puede <a href=\"https:\/\/www.chandlerrosslaw.com\/es\/blog\/quien-es-responsable-de-los-ataques-de-perros\/\">responsabilizar al due\u00f1o de un perro de los da\u00f1os<\/a> si:<\/p>\n\n\n\n<ul class=\"wp-block-list\">\n<li>El propietario sab\u00eda o deber\u00eda haber sabido que el perro era peligroso, o<\/li>\n\n\n\n<li>El propietario actu\u00f3 con negligencia al manejar al perro (tanto si sab\u00eda que el perro pod\u00eda morder como si no).&nbsp;<\/li>\n<\/ul>\n\n\n\n<p>Probando <a href=\"https:\/\/www.chandlerrosslaw.com\/es\/negligencia\/\">negligencia<\/a> puede ser todo un reto. En muchas demandas por mordedura de perro, la defensa del propietario es que la persona mordida caus\u00f3 o contribuy\u00f3 a sus propias lesiones, como por ejemplo al invadir el terreno o al provocar al perro. Para luchar por una indemnizaci\u00f3n, trabaje con un abogado experimentado que pueda investigar su caso y construir un argumento s\u00f3lido para la indemnizaci\u00f3n.&nbsp;<\/p>\n\n\n\n<h3 class=\"wp-block-heading\">Plazos para presentar una demanda por mordedura de perro Texas<\/h3>\n\n\n\n<p>Las demandas por mordeduras de perro son un tipo de <a href=\"https:\/\/www.chandlerrosslaw.com\/es\/danos-personales\/\">caso de lesiones personales<\/a>. Texas los tribunales conceden dos a\u00f1os para presentar una demanda por lesiones. Los dos a\u00f1os suelen empezar a correr en la fecha en que se produce la lesi\u00f3n. Una vez cerrado el plazo de dos a\u00f1os, el caso no puede presentarse ante los tribunales.<\/p>\n\n\n\n<p>En algunos casos se aplican ciertas excepciones. Por ejemplo, cuando un menor sufre una lesi\u00f3n por mordedura de perro, los dos a\u00f1os empiezan a contar cuando el menor cumple 18 a\u00f1os. Sin embargo, es mejor presentar cualquier caso de mordedura de perro con prontitud para preservar las pruebas y asegurar la indemnizaci\u00f3n necesaria.<\/p>\n\n\n\n<h3 class=\"wp-block-heading\">Indemnizaci\u00f3n por cicatrices de mordeduras de perro tras un ataque de perro Denton<\/h3>\n\n\n\n<p><a href=\"https:\/\/www.chandlerrosslaw.com\/es\/blog\/importante-acuerdo-para-una-victima-de-mordedura-de-perro\/\">Indemnizaciones por mordeduras de perro<\/a> pueden incluir tanto p\u00e9rdidas econ\u00f3micas como personales. Las facturas m\u00e9dicas, los salarios perdidos y las facturas m\u00e9dicas futuras suelen incluirse en las demandas por mordedura de perro. La compensaci\u00f3n por el dolor f\u00edsico y el sufrimiento de las cicatrices de las mordeduras de perro, as\u00ed como la angustia mental y emocional, tambi\u00e9n pueden estar disponibles.<\/p>\n\n\n\n<p>Cada caso es \u00fanico, y tambi\u00e9n lo es cada cuant\u00eda de indemnizaci\u00f3n. Hable con un abogado para conocer la indemnizaci\u00f3n disponible en su caso.&nbsp;<\/p>\n\n\n\n<h2 class=\"wp-block-heading\">Hable hoy mismo con un abogado experto en lesiones por mordedura de perro Denton<\/h2>\n\n\n\n<p>Las cicatrices son un resultado com\u00fan tras una mordedura de perro Denton. Para muchas personas, la cicatrizaci\u00f3n a\u00f1ade un insulto a la herida. No s\u00f3lo debe soportar el ataque en s\u00ed o los recuerdos a menudo traum\u00e1ticos de la experiencia, sino que tambi\u00e9n soporta un recordatorio duradero de que su vida ahora es diferente para siempre.<\/p>\n\n\n\n<p>No tiene que luchar solo por una indemnizaci\u00f3n. Si ha sufrido cicatrices importantes tras una mordedura de perro, hable con el equipo de Chandler Ross. Nuestros dedicados abogados de lesiones por mordedura de perro Denton representan a clientes de todo el Norte Texas en la lucha por una indemnizaci\u00f3n. Programe hoy mismo una evaluaci\u00f3n gratuita y confidencial de su caso con uno de nuestros abogados especializados en cicatrices por mordedura de perro Denton.<\/p>","protected":false},"excerpt":{"rendered":"<p>Denton Abogados de lesiones por mordedura de perro: Cicatrices por mordedura de perro Representaci\u00f3n seria para lesiones graves Aproximadamente 885.000 personas necesitan atenci\u00f3n m\u00e9dica por heridas de mordedura de perro cada a\u00f1o. A menudo, esta atenci\u00f3n m\u00e9dica incluye la reparaci\u00f3n de heridas abiertas causadas por los dientes de un perro que perforan o desgarran la piel. Muchas de estas heridas provocan cicatrices permanentes, incluso cuando son tratadas por...<\/p>","protected":false},"author":1,"featured_media":18691,"parent":7133,"menu_order":0,"comment_status":"closed","ping_status":"closed","template":"","meta":{"_acf_changed":false,"footnotes":""},"class_list":["post-18684","page","type-page","status-publish","has-post-thumbnail","hentry"],"acf":[],"_links":{"self":[{"href":"https:\/\/www.chandlerrosslaw.com\/es\/wp-json\/wp\/v2\/pages\/18684","targetHints":{"allow":["GET"]}}],"collection":[{"href":"https:\/\/www.chandlerrosslaw.com\/es\/wp-json\/wp\/v2\/pages"}],"about":[{"href":"https:\/\/www.chandlerrosslaw.com\/es\/wp-json\/wp\/v2\/types\/page"}],"author":[{"embeddable":true,"href":"https:\/\/www.chandlerrosslaw.com\/es\/wp-json\/wp\/v2\/users\/1"}],"replies":[{"embeddable":true,"href":"https:\/\/www.chandlerrosslaw.com\/es\/wp-json\/wp\/v2\/comments?post=18684"}],"version-history":[{"count":10,"href":"https:\/\/www.chandlerrosslaw.com\/es\/wp-json\/wp\/v2\/pages\/18684\/revisions"}],"predecessor-version":[{"id":18732,"href":"https:\/\/www.chandlerrosslaw.com\/es\/wp-json\/wp\/v2\/pages\/18684\/revisions\/18732"}],"up":[{"embeddable":true,"href":"https:\/\/www.chandlerrosslaw.com\/es\/wp-json\/wp\/v2\/pages\/7133"}],"wp:featuredmedia":[{"embeddable":true,"href":"https:\/\/www.chandlerrosslaw.com\/es\/wp-json\/wp\/v2\/media\/18691"}],"wp:attachment":[{"href":"https:\/\/www.chandlerrosslaw.com\/es\/wp-json\/wp\/v2\/media?parent=18684"}],"curies":[{"name":"wp","href":"https:\/\/api.w.org\/{rel}","templated":true}]}}