{"id":18614,"date":"2025-08-12T23:44:32","date_gmt":"2025-08-12T23:44:32","guid":{"rendered":"https:\/\/www.chandlerrosslaw.com\/?page_id=18614"},"modified":"2025-08-15T17:24:50","modified_gmt":"2025-08-15T17:24:50","slug":"sindrome-postconmocional-por-accidente-de-trafico","status":"publish","type":"page","link":"https:\/\/www.chandlerrosslaw.com\/es\/accidentes-de-trafico\/sindrome-postconmocional-por-accidente-de-trafico\/","title":{"rendered":"S\u00edndrome postconmocional por accidente de tr\u00e1fico"},"content":{"rendered":"<h1 class=\"wp-block-heading\" id=\"post-concussive-syndrome-from-a-car-accident\">S\u00edndrome postconmocional por accidente de tr\u00e1fico<\/h1>\n\n\n\n<p>Experimentar una&nbsp;<a href=\"https:\/\/www.chandlerrosslaw.com\/es\/dallas\/abogado-de-accidentes-de-coche-2\/\" target=\"_blank\" rel=\"noreferrer noopener\">accidente de coche<\/a>&nbsp;es estresante y abrumadora, pero para muchas v\u00edctimas, las secuelas perduran mucho despu\u00e9s de que se hayan despejado los restos del accidente. Una de las consecuencias m\u00e1s incomprendidas y que a menudo se pasa por alto es el s\u00edndrome postconmocional (SPC). Si vive en Dallas o Denton, Texas, y se ha visto implicado recientemente en un accidente de tr\u00e1fico, entender c\u00f3mo el PCS puede afectar a su vida es crucial tanto para su recuperaci\u00f3n como para sus derechos legales. Veamos m\u00e1s de cerca qu\u00e9 es el s\u00edndrome postconmocional, c\u00f3mo afecta a las v\u00edctimas de nuestra zona y por qu\u00e9 es tan importante buscar ayuda legal y m\u00e9dica.<\/p>\n\n\n\n<div class=\"wp-block-rank-math-toc-block\" id=\"rank-math-toc\"><h2>\u00cdndice<\/h2><nav><ul><li><a href=\"#understanding-post-concussive-syndrome-after-a-car-accident\">Comprender el s\u00edndrome postconmocional tras un accidente de tr\u00e1fico<\/a><\/li><li><a href=\"#symptoms-of-post-concussive-syndrome-to-watch-for\">S\u00edntomas del s\u00edndrome postconmocional a tener en cuenta<\/a><\/li><li><a href=\"#medical-treatments-and-recovery-for-pcs\">Tratamientos m\u00e9dicos y recuperaci\u00f3n para el PCS<\/a><\/li><li><a href=\"#legal-rights-and-compensation-for-pcs-in-texas\">Derechos legales e indemnizaci\u00f3n por PCS en Texas<\/a><\/li><li><a href=\"#why-choose-chandler-ross-for-your-post-concussive-syndrome-case\">\u00bfPor qu\u00e9 elegir Chandler Ross para su caso de s\u00edndrome postconmocional?<\/a><\/li><li><a href=\"#frequently-asked-questions-about-post-concussive-syndrome-after-a-car-accident\">Preguntas frecuentes sobre el s\u00edndrome postconmocional tras un accidente de tr\u00e1fico<\/a><\/li><\/ul><\/nav><\/div>\n\n\n\n<h2 class=\"wp-block-heading\" id=\"understanding-post-concussive-syndrome-after-a-car-accident\">Comprender el s\u00edndrome postconmocional tras un accidente de tr\u00e1fico<\/h2>\n\n\n\n<p>El s\u00edndrome postconmocional es un trastorno complejo que puede desarrollarse tras una conmoci\u00f3n cerebral, que a su vez es un tipo de lesi\u00f3n cerebral traum\u00e1tica leve (LCT) que suele producirse en los accidentes de tr\u00e1fico. Aunque las conmociones cerebrales pueden calificarse de \"leves\" en comparaci\u00f3n con otras lesiones cerebrales, los s\u00edntomas y el impacto en la vida cotidiana pueden ser cualquier cosa menos eso.<\/p>\n\n\n\n<p>Despu\u00e9s de un&nbsp;<a href=\"https:\/\/www.chandlerrosslaw.com\/es\/decatur\/abogados-de-accidentes-de-trafico\/\" target=\"_blank\" rel=\"noreferrer noopener\">accidente de coche<\/a>muchas v\u00edctimas se alejan creyendo que tienen suerte de tener s\u00f3lo un dolor de cabeza o algo de confusi\u00f3n. Sin embargo, los s\u00edntomas del PCS pueden aparecer d\u00edas o incluso semanas despu\u00e9s de la colisi\u00f3n inicial. Estos s\u00edntomas incluyen dolores de cabeza persistentes, mareos, problemas de memoria, dificultad para concentrarse, alteraciones del sue\u00f1o, cambios de humor e incluso sensibilidad al ruido o a la luz. A veces, estos problemas pueden durar meses o, en raras ocasiones, a\u00f1os.<\/p>\n\n\n\n<p>Considere lo siguiente: usted fue <a href=\"https:\/\/www.chandlerrosslaw.com\/es\/colision-trasera\/\">embestido por detr\u00e1s en un sem\u00e1foro en Denton<\/a>. Al principio, se sinti\u00f3 aturdido pero no le dio mucha importancia. Una semana despu\u00e9s, se da cuenta de que le cuesta realizar tareas sencillas en el trabajo, se siente constantemente fatigado y es brusco con sus seres queridos. Todos estos podr\u00edan ser signos de que est\u00e1 lidiando con el PCS, no s\u00f3lo con el \"estr\u00e9s\" de un accidente.<\/p>\n\n\n\n<h2 class=\"wp-block-heading\" id=\"symptoms-of-post-concussive-syndrome-to-watch-for\">S\u00edntomas del s\u00edndrome postconmocional a tener en cuenta<\/h2>\n\n\n\n<p>Reconocer a tiempo los s\u00edntomas del PCS puede marcar una gran diferencia en su recuperaci\u00f3n y en su reclamaci\u00f3n legal despu\u00e9s de un&nbsp;<a href=\"https:\/\/www.chandlerrosslaw.com\/es\/monticulo-de-flores\/abogado-de-accidentes-de-coche\/\" target=\"_blank\" rel=\"noreferrer noopener\">accidente de coche<\/a>. Los s\u00edntomas m\u00e1s comunes incluyen:<\/p>\n\n\n\n<ul class=\"wp-block-list\">\n<li><strong>Dificultades cognitivas:<\/strong>&nbsp;Dificultad para concentrarse, problemas para encontrar palabras, lapsus de memoria o dificultad para realizar varias tareas a la vez.<\/li>\n\n\n\n<li><strong>S\u00edntomas f\u00edsicos:<\/strong>&nbsp;Dolores de cabeza persistentes, mareos, sensibilidad a la luz o al ruido, n\u00e1useas y trastornos del sue\u00f1o.<\/li>\n\n\n\n<li><strong>Cambios emocionales:<\/strong>&nbsp;Depresi\u00f3n, ansiedad, irritabilidad e incluso cambios de personalidad.<\/li>\n\n\n\n<li><strong>Problemas de sue\u00f1o:<\/strong>&nbsp;Insomnio, dormir m\u00e1s de lo habitual o sentirse cansado a pesar de haber descansado toda la noche.<\/li>\n<\/ul>\n\n\n\n<p>Es f\u00e1cil descartar estos s\u00edntomas como estr\u00e9s laboral o envejecimiento, pero si empezaron despu\u00e9s de su&nbsp;<a href=\"https:\/\/www.chandlerrosslaw.com\/es\/fort-worth\/abogado-de-accidentes-de-coche-2\/\" target=\"_blank\" rel=\"noreferrer noopener\">accidente de coche<\/a>podr\u00edan estar directamente relacionados con una conmoci\u00f3n cerebral. Para los ocupados residentes de Dallas y Denton, estos efectos persistentes pueden perturbar el trabajo, la vida familiar y el bienestar general.<\/p>\n\n\n\n<p>La clave est\u00e1 en llevar un diario detallado de los s\u00edntomas, anotando cu\u00e1ndo empezaron los problemas, con qu\u00e9 frecuencia se producen y c\u00f3mo interfieren en sus actividades diarias. Este registro ser\u00e1 muy valioso tanto para su proveedor de atenci\u00f3n sanitaria como para su&nbsp;<a href=\"https:\/\/www.chandlerrosslaw.com\/es\/guirnalda\/abogado-de-accidentes-de-coche\/\" target=\"_blank\" rel=\"noreferrer noopener\">abogado de accidentes de auto<\/a>.<\/p>\n\n\n\n<h2 class=\"wp-block-heading\" id=\"medical-treatments-and-recovery-for-pcs\">Tratamientos m\u00e9dicos y recuperaci\u00f3n para el PCS<\/h2>\n\n\n\n<p>El s\u00edndrome postconmocional es altamente individualizado, por lo que no hay dos viajes de recuperaci\u00f3n iguales. Por lo general, el primer paso es una evaluaci\u00f3n m\u00e9dica exhaustiva. Si sospecha que padece el s\u00edndrome postconmocional despu\u00e9s de un&nbsp;<a href=\"https:\/\/www.chandlerrosslaw.com\/es\/olmo-pequeno\/abogado-de-accidentes-de-coche-2\/\" target=\"_blank\" rel=\"noreferrer noopener\">accidente de coche<\/a>, acuda a un m\u00e9dico que est\u00e9 familiarizado con las lesiones cerebrales y el cuidado de las conmociones cerebrales.<\/p>\n\n\n\n<p>El tratamiento suele centrarse en el control de los s\u00edntomas:<\/p>\n\n\n\n<ul class=\"wp-block-list\">\n<li><strong>Medicaci\u00f3n:<\/strong>&nbsp;Para dolores de cabeza, trastornos del sue\u00f1o o cambios de humor.<\/li>\n\n\n\n<li><strong>Terapia:<\/strong>&nbsp;La terapia cognitiva puede abordar los problemas de memoria y concentraci\u00f3n. El asesoramiento psicol\u00f3gico puede ayudar con la ansiedad, la depresi\u00f3n o los s\u00edntomas del TEPT.<\/li>\n\n\n\n<li><strong>Modificaciones del estilo de vida:<\/strong>&nbsp;Es posible que su m\u00e9dico le recomiende limitar el tiempo de pantalla, hacer descansos durante el d\u00eda y evitar la sobreestimulaci\u00f3n.<\/li>\n<\/ul>\n\n\n\n<p>Muchos residentes Dallas y Denton descubren que con paciencia, descanso y el apoyo adecuado, los s\u00edntomas mejoran gradualmente con el tiempo. Sin embargo, es importante no precipitarse en la vuelta al trabajo o a las rutinas diarias: presionarse demasiado pronto puede, de hecho, retrasar la recuperaci\u00f3n. Su equipo m\u00e9dico le orientar\u00e1 sobre cu\u00e1ndo es apropiado retomar la actividad f\u00edsica, la conducci\u00f3n o las responsabilidades laborales.<\/p>\n\n\n\n<p>Recuerde que un tratamiento y una documentaci\u00f3n adecuados no s\u00f3lo son importantes para su salud, sino que son cruciales para su&nbsp;<a href=\"https:\/\/www.chandlerrosslaw.com\/es\/plano\/abogado-de-accidentes-de-coche\/\" target=\"_blank\" rel=\"noreferrer noopener\">abogado de accidentes de coche<\/a>&nbsp;para construir una s\u00f3lida demanda de indemnizaci\u00f3n.<\/p>\n\n\n\n<h2 class=\"wp-block-heading\" id=\"legal-rights-and-compensation-for-pcs-in-texas\">Derechos legales e indemnizaci\u00f3n por PCS en Texas<\/h2>\n\n\n\n<p>La ley Texas otorga a las v\u00edctimas de accidentes el derecho a solicitar una indemnizaci\u00f3n por todas las p\u00e9rdidas resultantes de la negligencia de otra parte. Esto incluye los retos y gastos \u00fanicos asociados al s\u00edndrome post-conmocional.<\/p>\n\n\n\n<p>Si sufre de PCS despu\u00e9s de un&nbsp;<a href=\"https:\/\/www.chandlerrosslaw.com\/es\/dallas\/abogado-de-accidentes-de-coche-2\/\" target=\"_blank\" rel=\"noreferrer noopener\">accidente de coche<\/a>puede tener derecho a una indemnizaci\u00f3n por:<\/p>\n\n\n\n<ul class=\"wp-block-list\">\n<li><strong>Gastos m\u00e9dicos:<\/strong>&nbsp;Visitas al m\u00e9dico, terapia, medicamentos y cualquier tratamiento en curso para el s\u00edndrome de estr\u00e9s postraum\u00e1tico.<\/li>\n\n\n\n<li><strong>Salarios perdidos:<\/strong>&nbsp;Si los s\u00edntomas le impiden trabajar, puede solicitar una indemnizaci\u00f3n por los ingresos no percibidos y la disminuci\u00f3n de su potencial de ingresos.<\/li>\n\n\n\n<li><strong>Dolor y sufrimiento:<\/strong>&nbsp;Angustia f\u00edsica y emocional causada por sus s\u00edntomas.<\/li>\n\n\n\n<li><strong>P\u00e9rdida del disfrute de la vida:<\/strong>&nbsp;Si ya no puede participar en las actividades que antes le gustaban.<\/li>\n<\/ul>\n\n\n\n<p>El camino hacia la indemnizaci\u00f3n no siempre es sencillo. Las compa\u00f1\u00edas de seguros suelen restar importancia o denegar las reclamaciones por PCS, argumentando que los s\u00edntomas no est\u00e1n relacionados con el accidente o que son exagerados. Por eso trabajar con un abogado experimentado&nbsp;<a href=\"https:\/\/www.chandlerrosslaw.com\/es\/decatur\/abogados-de-accidentes-de-trafico\/\" target=\"_blank\" rel=\"noreferrer noopener\">abogado de accidentes de auto<\/a>&nbsp;que entienda los casos de lesiones cerebrales en Dallas y Denton es fundamental. Su abogado reunir\u00e1 historiales m\u00e9dicos, consultar\u00e1 con especialistas y abogar\u00e1 por su plena recuperaci\u00f3n.<\/p>\n\n\n\n<p>Adem\u00e1s, el Texas tiene un plazo de prescripci\u00f3n de dos a\u00f1os para las demandas por lesiones personales, por lo que es importante actuar con prontitud. Esperar demasiado podr\u00eda poner en peligro su derecho a una indemnizaci\u00f3n.<\/p>\n\n\n\n<h2 class=\"wp-block-heading\" id=\"why-choose-chandler-ross-for-your-post-concussive-syndrome-case\">\u00bfPor qu\u00e9 elegir Chandler Ross para su caso de s\u00edndrome postconmocional?<\/h2>\n\n\n\n<p>El <a href=\"https:\/\/www.chandlerrosslaw.com\/es\/accidentes-de-trafico\/\">los mejores abogados de accidentes de coche<\/a> de Chandler Ross han visto de primera mano lo abrumadoras que pueden ser las secuelas de un accidente de tr\u00e1fico para una v\u00edctima lesionada, pero usted no tiene por qu\u00e9 enfrentarse solo al PCS o al proceso legal. El equipo de Chandler Ross, Abogados de Lesiones, ha ayudado a innumerables residentes del Norte Texas a recuperarse tras sufrir lesiones graves en la cabeza. Nuestro enfoque es compasivo, minucioso y adaptado a sus circunstancias particulares.<\/p>\n\n\n\n<p>Nos tomamos el tiempo necesario para entender c\u00f3mo el PCS est\u00e1 afectando a su vida: en casa, en el trabajo y en sus relaciones. Al trabajar estrechamente con profesionales m\u00e9dicos familiarizados con las lesiones cerebrales traum\u00e1ticas, nos aseguramos de que su estado se diagnostique y documente adecuadamente, fortaleciendo su caso para obtener una indemnizaci\u00f3n justa. Nuestro dedicado equipo conoce las t\u00e1cticas que utilizan las compa\u00f1\u00edas de seguros y luchar\u00e1 por cada d\u00f3lar que se merezca, permiti\u00e9ndole centrarse en curarse.<\/p>\n\n\n\n<p>Si usted o un ser querido experimenta s\u00edntomas retardados tras un&nbsp;<a href=\"https:\/\/www.chandlerrosslaw.com\/es\/monticulo-de-flores\/abogado-de-accidentes-de-coche\/\" target=\"_blank\" rel=\"noreferrer noopener\">accidente de coche<\/a>&nbsp;en Dallas o Denton, no espere. P\u00f3ngase en contacto con Chandler Ross para una evaluaci\u00f3n gratuita y confidencial de su caso hoy mismo.<\/p>\n\n\n\n<hr class=\"wp-block-separator has-alpha-channel-opacity\"\/>\n\n\n\n<h2 class=\"wp-block-heading\" id=\"frequently-asked-questions-about-post-concussive-syndrome-after-a-car-accident\">Preguntas frecuentes sobre el s\u00edndrome postconmocional tras un accidente de tr\u00e1fico<\/h2>\n\n\n\n<p><strong>\u00bfCu\u00e1nto tiempo despu\u00e9s de un accidente de coche pueden aparecer los s\u00edntomas del s\u00edndrome postconmocional?<\/strong><br>Los s\u00edntomas pueden desarrollarse inmediatamente o retrasarse d\u00edas o incluso semanas. Es habitual que las personas se sientan \"bien\" despu\u00e9s de un accidente y s\u00f3lo m\u00e1s tarde noten problemas como dolores de cabeza, problemas de memoria o cambios de humor.<\/p>\n\n\n\n<p><strong>\u00bfNecesito un abogado si tengo un PCS tras un accidente de tr\u00e1fico en Texas?<\/strong><br>Aunque es posible gestionar algunas reclamaciones por su cuenta, los casos de PCS son complejos. Las compa\u00f1\u00edas de seguros suelen impugnar estas reclamaciones, por lo que trabajar con un experto&nbsp;<a href=\"https:\/\/www.chandlerrosslaw.com\/es\/plano\/abogado-de-accidentes-de-coche\/\" target=\"_blank\" rel=\"noreferrer noopener\">abogado de accidentes de coche<\/a>&nbsp;puede marcar una diferencia significativa en su resultado.<\/p>\n\n\n\n<p><strong>\u00bfQu\u00e9 indemnizaci\u00f3n puedo recibir por el s\u00edndrome postconmocional?<\/strong><br>La indemnizaci\u00f3n var\u00eda en funci\u00f3n de la gravedad de sus s\u00edntomas, el impacto en su vida, los gastos m\u00e9dicos, los salarios perdidos, etc. Un abogado le ayudar\u00e1 a calcular una cantidad justa basada en sus circunstancias espec\u00edficas.<\/p>\n\n\n\n<p><strong>\u00bfQu\u00e9 ocurre si mis s\u00edntomas de PCS no aparecen hasta semanas despu\u00e9s del accidente?<\/strong><br>Es habitual que los s\u00edntomas se retrasen. En cuanto note cambios en su salud, acuda al m\u00e9dico y notif\u00edqueselo a su abogado. Documentar la cronolog\u00eda de los s\u00edntomas es clave para relacionarlos con su&nbsp;<a href=\"https:\/\/www.chandlerrosslaw.com\/es\/fort-worth\/abogado-de-accidentes-de-coche-2\/\" target=\"_blank\" rel=\"noreferrer noopener\">accidente de coche<\/a>&nbsp;y apoyando su afirmaci\u00f3n.<\/p>\n\n\n\n<p>Para m\u00e1s informaci\u00f3n o ayuda inmediata, p\u00f3ngase en contacto con Chandler Ross, Abogados de Lesiones, y deje que nuestro equipo de expertos le gu\u00ede en cada paso de su recuperaci\u00f3n y de su viaje legal.<\/p>","protected":false},"excerpt":{"rendered":"<p>S\u00edndrome postconmocional por accidente de tr\u00e1fico Sufrir un accidente de tr\u00e1fico es estresante y abrumador, pero para muchas v\u00edctimas, las secuelas perduran mucho despu\u00e9s de que se hayan despejado los restos del accidente. Una de las consecuencias m\u00e1s incomprendidas y que a menudo se pasa por alto es el s\u00edndrome postconmocional (SPC). Si vive en Dallas o Denton, Texas, y ha sufrido recientemente un accidente de coche,...<\/p>","protected":false},"author":1,"featured_media":0,"parent":7489,"menu_order":0,"comment_status":"closed","ping_status":"closed","template":"","meta":{"_acf_changed":false,"footnotes":""},"class_list":["post-18614","page","type-page","status-publish","hentry"],"acf":[],"_links":{"self":[{"href":"https:\/\/www.chandlerrosslaw.com\/es\/wp-json\/wp\/v2\/pages\/18614","targetHints":{"allow":["GET"]}}],"collection":[{"href":"https:\/\/www.chandlerrosslaw.com\/es\/wp-json\/wp\/v2\/pages"}],"about":[{"href":"https:\/\/www.chandlerrosslaw.com\/es\/wp-json\/wp\/v2\/types\/page"}],"author":[{"embeddable":true,"href":"https:\/\/www.chandlerrosslaw.com\/es\/wp-json\/wp\/v2\/users\/1"}],"replies":[{"embeddable":true,"href":"https:\/\/www.chandlerrosslaw.com\/es\/wp-json\/wp\/v2\/comments?post=18614"}],"version-history":[{"count":7,"href":"https:\/\/www.chandlerrosslaw.com\/es\/wp-json\/wp\/v2\/pages\/18614\/revisions"}],"predecessor-version":[{"id":18763,"href":"https:\/\/www.chandlerrosslaw.com\/es\/wp-json\/wp\/v2\/pages\/18614\/revisions\/18763"}],"up":[{"embeddable":true,"href":"https:\/\/www.chandlerrosslaw.com\/es\/wp-json\/wp\/v2\/pages\/7489"}],"wp:attachment":[{"href":"https:\/\/www.chandlerrosslaw.com\/es\/wp-json\/wp\/v2\/media?parent=18614"}],"curies":[{"name":"wp","href":"https:\/\/api.w.org\/{rel}","templated":true}]}}