{"id":18593,"date":"2025-07-01T23:16:05","date_gmt":"2025-07-01T23:16:05","guid":{"rendered":"https:\/\/www.chandlerrosslaw.com\/?page_id=18593"},"modified":"2025-12-30T00:19:08","modified_gmt":"2025-12-30T00:19:08","slug":"abogado-de-accidentes-de-coche","status":"publish","type":"page","link":"https:\/\/www.chandlerrosslaw.com\/es\/plano\/abogado-de-accidentes-de-coche\/","title":{"rendered":"Plano Abogado de accidentes de tr\u00e1fico"},"content":{"rendered":"<h1 class=\"wp-block-heading\">Los mejores abogados de accidentes de tr\u00e1fico Plano luchan por su indemnizaci\u00f3n \u00edntegra<\/h1>\n\n\n\n<h2 class=\"wp-block-heading\"><em>\u00bfHerido en un accidente de tr\u00e1fico Plano? Deje que nuestros abogados especializados en accidentes de tr\u00e1fico le ayuden a recuperarse<\/em><\/h2>\n\n\n\n<p>Plano se encuentra entre las ciudades de m\u00e1s r\u00e1pido crecimiento de Texas. En el censo de 2020, figuraba entre las diez ciudades estadounidenses m\u00e1s pobladas. Los residentes de Plano disfrutan de f\u00e1cil acceso al metroplex de Dallas-Fort Worth y a los suburbios circundantes.<\/p>\n\n\n\n<p>Para desplazarse por el condado, muchos residentes de Plano conf\u00edan en sus veh\u00edculos. Sin embargo, cuando otros en la carretera no ponen el debido cuidado para evitar un accidente, su vida puede dar un vuelco en un instante.&nbsp;<\/p>\n\n\n\n<p>Si ha estado <a href=\"https:\/\/www.chandlerrosslaw.com\/es\/accidentes-de-trafico\/\">herido en un accidente<\/a>hable con un abogado especializado en accidentes de tr\u00e1fico Plano. El equipo de <a href=\"https:\/\/www.chandlerrosslaw.com\/es\/\">Chandler Ross PLLC<\/a> ofrece representaci\u00f3n a quienes sufren lesiones graves. Perm\u00edtanos representarle de forma justa mientras usted se centra en recuperarse de sus lesiones.&nbsp;&nbsp;<\/p>\n\n\n\n<h2 class=\"wp-block-heading\">Plano Estad\u00edsticas de accidentes de tr\u00e1fico: Comprender los riesgos en las carreteras locales<\/h2>\n\n\n\n<p>Seg\u00fan los datos recogidos por el Departamento de Transporte de Texas (TxDOT), en 2024 se produjeron m\u00e1s de 5.600 accidentes de tr\u00e1fico en Plano. Estos accidentes se cobraron 19 vidas y causaron m\u00e1s de 1.700 heridos, incluidos 76 heridos \"graves\" seg\u00fan la definici\u00f3n del TxDOT.<\/p>\n\n\n\n<p>Aproximadamente un tercio de todas las colisiones de veh\u00edculos del condado de Collin en 2024 se produjeron en el Plano. El condado de Collin registr\u00f3 15.348 colisiones de veh\u00edculos en 2024. Estas colisiones causaron 73 muertes, 319 heridos graves y aproximadamente 5.800 heridos adicionales. Tambi\u00e9n causaron millones de d\u00f3lares de costes en facturas m\u00e9dicas, salarios perdidos y reparaciones de veh\u00edculos.<\/p>\n\n\n\n<h2 class=\"wp-block-heading\">Lo que hay que saber sobre la presentaci\u00f3n de una demanda por accidente de tr\u00e1fico en Plano<\/h2>\n\n\n\n<p>\u00bfQu\u00e9 ocurre tras un accidente de tr\u00e1fico? \u00bfC\u00f3mo obtengo la indemnizaci\u00f3n que necesita mi familia? Estas son preguntas habituales tras un accidente de coche. Para responderlas, ayuda entender el <a href=\"https:\/\/www.chandlerrosslaw.com\/es\/blog\/como-gestionar-un-accidente-de-coche-en-texas\/\">fundamentos de las demandas por lesiones en accidentes de tr\u00e1fico Texas<\/a>. Conocer los aspectos b\u00e1sicos puede ayudarle a formular las preguntas adecuadas sobre su caso y a elegir un abogado cuyas respuestas entienda.<\/p>\n\n\n\n<h3 class=\"wp-block-heading\">C\u00f3mo demostrar la culpa tras un accidente de tr\u00e1fico<\/h3>\n\n\n\n<p>La mayor\u00eda de las reclamaciones por accidentes de tr\u00e1fico en Texas son <a href=\"https:\/\/www.chandlerrosslaw.com\/es\/negligencia\/\">\"reclamaciones por \"negligencia<\/a>. Las demandas por negligencia tratan de demostrar que otra persona tuvo la culpa de sus lesiones, normalmente porque ten\u00eda el deber de emplear un cuidado razonable para evitar el da\u00f1o, pero no lo hizo.&nbsp;<\/p>\n\n\n\n<p>Texas La ley obliga a todos los que circulan por las v\u00edas p\u00fablicas a tener un cuidado razonable para evitar accidentes. Cuando otro conductor no utiliza un cuidado razonable y usted resulta lesionado, una demanda por negligencia le permite reclamar una indemnizaci\u00f3n por sus acciones u omisiones.&nbsp;<\/p>\n\n\n\n<h3 class=\"wp-block-heading\">Texas Prescripci\u00f3n de los accidentes de tr\u00e1fico<\/h3>\n\n\n\n<p>Si resulta herido en un accidente de tr\u00e1fico Plano, tiene una <a href=\"https:\/\/www.chandlerrosslaw.com\/es\/blog\/comprender-la-prescripcion-de-los-accidentes-de-trafico\/\">plazo limitado<\/a> para presentar una demanda por lesiones personales. La ley de prescripci\u00f3n del Texas le da dos a\u00f1os a partir de la fecha del accidente para presentar su demanda. Si no la presenta en el plazo de dos a\u00f1os, no podr\u00e1 presentarla en absoluto.<\/p>\n\n\n\n<p>Un abogado puede ayudarle a calcular los plazos exactos en su caso. Un abogado tambi\u00e9n puede determinar si se aplica alguna de las excepciones legales al l\u00edmite de dos a\u00f1os.&nbsp;<\/p>\n\n\n\n<h3 class=\"wp-block-heading\">Indemnizaciones a las que puede optar<\/h3>\n\n\n\n<p>Despu\u00e9s de un accidente de coche, sus facturas pueden acumularse. Puede sufrir traumas por el accidente o por las lesiones, dolores y problemas m\u00e9dicos resultantes. Puede que eche de menos las aficiones que sus lesiones le impiden hacer.&nbsp;<\/p>\n\n\n\n<p>La indemnizaci\u00f3n en un accidente Plano puede hacer frente a estas p\u00e9rdidas. Las formas habituales de indemnizaci\u00f3n incluyen:&nbsp;<\/p>\n\n\n\n<ul class=\"wp-block-list\">\n<li>Facturas m\u00e9dicas, incluidos los gastos m\u00e9dicos futuros.<\/li>\n\n\n\n<li>Salarios perdidos, incluidos los futuros si no puede volver a trabajar.<\/li>\n\n\n\n<li>Da\u00f1os materiales, como los gastos de reparaci\u00f3n o sustituci\u00f3n del veh\u00edculo.<\/li>\n\n\n\n<li>Dolor y sufrimiento.<\/li>\n\n\n\n<li>P\u00e9rdida del disfrute de la vida.<\/li>\n\n\n\n<li>Angustia mental y emocional.&nbsp;<\/li>\n<\/ul>\n\n\n\n<p>Cada accidente causa lesiones y p\u00e9rdidas \u00fanicas. Para saber m\u00e1s sobre la indemnizaci\u00f3n disponible en su caso, hable hoy mismo con un abogado especializado en lesiones Plano.&nbsp;<\/p>\n\n\n\n<h2 class=\"wp-block-heading\">Causas comunes de accidentes de tr\u00e1fico en Plano<\/h2>\n\n\n\n<p>Cada accidente de tr\u00e1fico plantea hechos \u00fanicos, pero algunos escenarios espec\u00edficos son m\u00e1s comunes que otros, especialmente cuando un choque causa lesiones graves o mortales. En Plano, las intersecciones son un lugar habitual de accidentes graves. Los conductores ebrios o distra\u00eddos tienen estad\u00edsticamente m\u00e1s probabilidades de causar accidentes graves que los conductores sobrios y atentos. Los ciclistas, motociclistas y peatones se enfrentan a mayores riesgos de sufrir lesiones graves o morir en un accidente.&nbsp;<\/p>\n\n\n\n<h3 class=\"wp-block-heading\">Intersecciones peligrosas en Plano<\/h3>\n\n\n\n<p>Cuando dos calles se cruzan, los veh\u00edculos que no respetan las normas de tr\u00e1fico tienen m\u00e1s probabilidades de provocar un accidente. Texas se produjeron 1.050 muertes en 2024 debido a <a href=\"https:\/\/www.chandlerrosslaw.com\/es\/intersecciones-mas-peligrosas-del-norte-de-texas\/\">colisiones en las intersecciones<\/a>, seg\u00fan TxDOT.<\/p>\n\n\n\n<p>Las intersecciones plantean varios riesgos. El tr\u00e1fico debe obedecer las se\u00f1ales y letreros en las intersecciones. Los conductores deben vigilar de cerca a los ciclistas, peatones y motociclistas, que se vuelven m\u00e1s dif\u00edciles de ver en una intersecci\u00f3n. Un conductor distra\u00eddo, con exceso de velocidad o bajo los efectos del alcohol puede no circular con seguridad por una intersecci\u00f3n. Cuando esto sucede, otros en la carretera pueden pagar el precio.&nbsp;<\/p>\n\n\n\n<h3 class=\"wp-block-heading\">Accidentes por conducir bebido, drogado o distra\u00eddo<\/h3>\n\n\n\n<p>En 2024, 1.053 automovilistas Texas murieron en un <a href=\"https:\/\/www.chandlerrosslaw.com\/es\/accidente-por-conducir-ebrio\/\">accidente con conductor ebrio<\/a>. Muchos m\u00e1s resultaron heridos en estas colisiones. <a href=\"https:\/\/www.chandlerrosslaw.com\/es\/blog\/leyes-de-texas-sobre-conduccion-distraida\/\">La conducci\u00f3n distra\u00edda tambi\u00e9n se cobra vidas<\/a>. Otras 380 personas murieron en una colisi\u00f3n por conducci\u00f3n distra\u00edda en 2024. En el condado de Collin, ocho colisiones distintas por conducci\u00f3n distra\u00edda se cobraron un total de 11 vidas. La conducci\u00f3n distra\u00edda tambi\u00e9n caus\u00f3 m\u00e1s de mil heridos en accidentes de tr\u00e1fico.<\/p>\n\n\n\n<h3 class=\"wp-block-heading\">Accidentes de peatones y ciclistas en Plano<\/h3>\n\n\n\n<p>Ir en bicicleta o a pie es barato, bueno para el medio ambiente, favorece la salud en general y es divertido. Tambi\u00e9n son medios legales de desplazamiento en muchas carreteras del Plano, siempre que ciclistas y peatones respeten las leyes vigentes.<\/p>\n\n\n\n<p>En la pr\u00e1ctica, sin embargo, montar en bicicleta y caminar suponen un mayor riesgo de lesiones y muertes por accidentes de tr\u00e1fico. Los conductores de veh\u00edculos no suelen tener cuidado con las bicicletas o los peatones; cuando se produce un accidente, puede haber heridos graves o incluso la muerte. En 2024, el 97% de todos los accidentes de ciclistas y peatones causados <a href=\"https:\/\/www.chandlerrosslaw.com\/es\/accidente-de-bicicleta\/\">lesiones al ciclista<\/a> o <a href=\"https:\/\/www.chandlerrosslaw.com\/es\/accidente-de-peaton\/\">peat\u00f3n<\/a>.<\/p>\n\n\n\n<h3 class=\"wp-block-heading\">Colisiones de motocicletas y lesiones de los motoristas<\/h3>\n\n\n\n<p>En 2024, TxDOT registr\u00f3 585 muertes de conductores y pasajeros de motocicletas. Otros 2.532 motociclistas experimentaron <a href=\"https:\/\/www.chandlerrosslaw.com\/es\/plano\/abogados-de-accidentes-de-moto\/\">lesiones graves en colisiones de motocicletas<\/a> ese a\u00f1o. Las motocicletas son una alternativa popular a los veh\u00edculos de motor tradicionales. Normalmente, las motocicletas tienen el mismo derecho a utilizar las carreteras que los dem\u00e1s veh\u00edculos si respetan las leyes de circulaci\u00f3n. Sin embargo, cuando otros conductores no se fijan bien en las motocicletas, el resultado de un accidente puede ser la muerte o lesiones graves.<\/p>\n\n\n\n<h3 class=\"wp-block-heading\">C\u00f3mo tratar con el seguro de autom\u00f3vil tras un accidente de tr\u00e1fico Plano<\/h3>\n\n\n\n<p>Tras un accidente de tr\u00e1fico, p\u00f3ngase en contacto con su compa\u00f1\u00eda de seguros tan pronto como pueda. Si tiene los datos de contacto del otro conductor, p\u00f3ngase tambi\u00e9n en contacto con la compa\u00f1\u00eda de seguros.&nbsp;<\/p>\n\n\n\n<p>Texas los tribunales le dan dos a\u00f1os para presentar su demanda. Las compa\u00f1\u00edas de seguros, sin embargo, suelen darle mucho menos tiempo para presentar su reclamaci\u00f3n al seguro. Cuanto m\u00e1s espere, m\u00e1s probable ser\u00e1 que la aseguradora rechace su reclamaci\u00f3n y le impida reclamar las prestaciones que necesita.&nbsp;<\/p>\n\n\n\n<p>Comente s\u00f3lo los hechos cuando hable con una compa\u00f1\u00eda de seguros. Lim\u00edtese a lo que vio, oy\u00f3 o sinti\u00f3. Aunque sospeche que tuvo parte de culpa, no lo diga. Espere a que los hechos demuestren si su sensaci\u00f3n est\u00e1 justificada o no.&nbsp;<\/p>\n\n\n\n<p>Un <a href=\"https:\/\/www.chandlerrosslaw.com\/es\/sobre-nosotros\/\">abogado experto en accidentes de tr\u00e1fico Plano<\/a> puede ser un fuerte aliado a la hora de tratar con las compa\u00f1\u00edas de seguros. Su abogado puede comunicarse con las aseguradoras, reunir pruebas y hechos, completar el papeleo y negociar para obtener la indemnizaci\u00f3n completa y justa que necesita.&nbsp;<\/p>\n\n\n\n<h3 class=\"wp-block-heading\">Demandas por homicidio culposo tras accidentes mortales de tr\u00e1fico Plano<\/h3>\n\n\n\n<p>Muchas lesiones por accidente de tr\u00e1fico resultan mortales. La Administraci\u00f3n Nacional de Seguridad en el Transporte por Carretera (NHTSA) estima que los accidentes automovil\u00edsticos se encuentran entre las tres causas m\u00e1s comunes de muerte por lesiones no intencionadas.<\/p>\n\n\n\n<p>Los familiares supervivientes pueden presentar una <a href=\"https:\/\/www.chandlerrosslaw.com\/es\/muerte-por-negligencia\/\">demanda por muerte injusta<\/a> si un accidente de tr\u00e1fico Plano mata a un ser querido. En la demanda por homicidio culposo, los familiares supervivientes pueden solicitar una indemnizaci\u00f3n por los gastos relacionados con la muerte. Tambi\u00e9n pueden solicitar una indemnizaci\u00f3n por sus propias p\u00e9rdidas.&nbsp;<\/p>\n\n\n\n<p>Las p\u00e9rdidas comunes cubiertas por las demandas por homicidio culposo Plano incluyen:<\/p>\n\n\n\n<ul class=\"wp-block-list\">\n<li>Facturas m\u00e9dicas relacionadas con la lesi\u00f3n final de su ser querido,<\/li>\n\n\n\n<li>Salarios perdidos, ya que su ser querido ya no puede contribuir al hogar,<\/li>\n\n\n\n<li>El coste de reparar o sustituir un veh\u00edculo dom\u00e9stico o familiar da\u00f1ado,<\/li>\n\n\n\n<li>Indemnizaci\u00f3n por los dolores y sufrimientos conscientes que la persona fallecida padeci\u00f3 antes de morir,<\/li>\n\n\n\n<li>Indemnizaci\u00f3n a los familiares por la p\u00e9rdida del cuidado, compa\u00f1\u00eda y apoyo de su ser querido.<\/li>\n<\/ul>\n\n\n\n<p>Para saber m\u00e1s sobre c\u00f3mo presentar una demanda por muerte por negligencia, hable hoy mismo con un abogado experto en muerte por negligencia Plano.&nbsp;<\/p>\n\n\n\n<h3 class=\"wp-block-heading\">Procedimientos civiles vs. penales en accidentes de tr\u00e1fico Plano<\/h3>\n\n\n\n<p>Algunas infracciones de tr\u00e1fico son infracciones civiles. Otras son delitos. El derecho penal proh\u00edbe, por ejemplo, conducir bajo los efectos del alcohol. Por lo tanto, un conductor que cause un accidente estando ebrio puede enfrentarse a cargos penales. Del mismo modo, un conductor que comete un \"atropello con fuga\" puede ser acusado de un delito.<\/p>\n\n\n\n<p>Una causa penal no impide a una v\u00edctima presentar una demanda civil de indemnizaci\u00f3n. Cada caso sigue normas diferentes y busca un resultado distinto. Dado que los resultados de cada caso pueden afectar al otro, es aconsejable trabajar con un abogado que pueda proteger sus derechos de indemnizaci\u00f3n durante todo el proceso.&nbsp;<\/p>\n\n\n\n<h2 class=\"wp-block-heading\">Programe hoy mismo una consulta gratuita con un abogado experto en accidentes de tr\u00e1fico Plano<\/h2>\n\n\n\n<p>Nada trastorna tanto la vida de una familia como un grave accidente de coche. Lo que empez\u00f3 como un d\u00eda normal o un recado rutinario acaba con una vida cambiada para siempre. Ahora, tiene que lidiar con lesiones graves, lamentar sus p\u00e9rdidas, hacer frente a facturas m\u00e9dicas crecientes y preguntarse c\u00f3mo va a salir adelante.<\/p>\n\n\n\n<p>No tiene que hacerlo solo. En <a href=\"https:\/\/www.chandlerrosslaw.com\/es\/\">abogados expertos en accidentes de coche Plano en Chandler Ross PLLC<\/a> puede ayudar. <a href=\"https:\/\/www.chandlerrosslaw.com\/es\/pongase-en-contacto-con\/\">Contacte con nosotros<\/a> hoy mismo para programar una evaluaci\u00f3n confidencial y sin coste de su caso.<\/p>","protected":false},"excerpt":{"rendered":"<p>Los mejores abogados de accidentes de coche de Plano luchan por su plena indemnizaci\u00f3n \u00bfLesionado en un accidente de coche de Plano? Deje que nuestros abogados de accidentes de tr\u00e1fico le ayuden a recuperarse Plano se encuentra entre las ciudades de m\u00e1s r\u00e1pido crecimiento de Texas. En el censo de 2020, figuraba entre las diez ciudades m\u00e1s pobladas de EE.UU. Los residentes de Plano disfrutan de f\u00e1cil acceso al metroplex de Dallas-Fort Worth...<\/p>","protected":false},"author":1,"featured_media":18596,"parent":18017,"menu_order":0,"comment_status":"closed","ping_status":"closed","template":"","meta":{"_acf_changed":false,"footnotes":""},"class_list":["post-18593","page","type-page","status-publish","has-post-thumbnail","hentry"],"acf":[],"_links":{"self":[{"href":"https:\/\/www.chandlerrosslaw.com\/es\/wp-json\/wp\/v2\/pages\/18593","targetHints":{"allow":["GET"]}}],"collection":[{"href":"https:\/\/www.chandlerrosslaw.com\/es\/wp-json\/wp\/v2\/pages"}],"about":[{"href":"https:\/\/www.chandlerrosslaw.com\/es\/wp-json\/wp\/v2\/types\/page"}],"author":[{"embeddable":true,"href":"https:\/\/www.chandlerrosslaw.com\/es\/wp-json\/wp\/v2\/users\/1"}],"replies":[{"embeddable":true,"href":"https:\/\/www.chandlerrosslaw.com\/es\/wp-json\/wp\/v2\/comments?post=18593"}],"version-history":[{"count":4,"href":"https:\/\/www.chandlerrosslaw.com\/es\/wp-json\/wp\/v2\/pages\/18593\/revisions"}],"predecessor-version":[{"id":19031,"href":"https:\/\/www.chandlerrosslaw.com\/es\/wp-json\/wp\/v2\/pages\/18593\/revisions\/19031"}],"up":[{"embeddable":true,"href":"https:\/\/www.chandlerrosslaw.com\/es\/wp-json\/wp\/v2\/pages\/18017"}],"wp:featuredmedia":[{"embeddable":true,"href":"https:\/\/www.chandlerrosslaw.com\/es\/wp-json\/wp\/v2\/media\/18596"}],"wp:attachment":[{"href":"https:\/\/www.chandlerrosslaw.com\/es\/wp-json\/wp\/v2\/media?parent=18593"}],"curies":[{"name":"wp","href":"https:\/\/api.w.org\/{rel}","templated":true}]}}