{"id":18578,"date":"2025-07-01T22:14:31","date_gmt":"2025-07-01T22:14:31","guid":{"rendered":"https:\/\/www.chandlerrosslaw.com\/?page_id=18578"},"modified":"2025-07-01T22:14:34","modified_gmt":"2025-07-01T22:14:34","slug":"abogados-de-accidentes-de-trafico","status":"publish","type":"page","link":"https:\/\/www.chandlerrosslaw.com\/es\/decatur\/auto-accident-attorneys\/","title":{"rendered":"Abogados de accidentes de tr\u00e1fico en Decatur"},"content":{"rendered":"<h1 class=\"wp-block-heading\">Abogados de accidentes de tr\u00e1fico en Decatur<\/h1>\n\n\n\n<h2 class=\"wp-block-heading\"><em>Los abogados de accidentes de tr\u00e1fico de Decatur luchan por las v\u00edctimas de lesiones en el condado de Wise, TX<\/em><\/h2>\n\n\n\n<p><a href=\"https:\/\/www.chandlerrosslaw.com\/es\/accidentes-de-trafico\/\">Accidentes de tr\u00e1fico<\/a> son demasiado comunes en el Texas. El enlace de las carreteras U.S. 380 y U.S. 287 en Decatur es un lugar habitual de graves accidentes de tr\u00e1fico en el condado de Wise. Cuando los residentes del condado de Wise viajan dentro y a trav\u00e9s de Decatur para ir al trabajo, a la escuela y a otras actividades, deben tener un cuidado razonable para evitar accidentes de tr\u00e1fico. Cuando no se tiene un cuidado razonable, pueden producirse lesiones graves.<\/p>\n\n\n\n<p>Si ha resultado herido en un accidente de tr\u00e1fico en Decatur o sus alrededores, Texas, <a href=\"https:\/\/www.chandlerrosslaw.com\/es\/pongase-en-contacto-con\/\">hable con un abogado experto en accidentes de tr\u00e1fico del condado de Wise<\/a> inmediatamente. En <a href=\"https:\/\/www.chandlerrosslaw.com\/es\/\">equipo en Chandler Ross<\/a> est\u00e1 aqu\u00ed para guiarle en los siguientes pasos y luchar por la indemnizaci\u00f3n que se merece.\u00a0<\/p>\n\n\n\n<h2 class=\"wp-block-heading\">Carreteras m\u00e1s mort\u00edferas de Decatur: US 380, US 81\/287 y Farm Road 5<\/h2>\n\n\n\n<p>Las tasas de mortalidad por accidentes de tr\u00e1fico se han duplicado en el condado de Wise en s\u00f3lo dos a\u00f1os, aumentando hasta 35 muertes en 2024. Durante varios a\u00f1os, la carretera U.S. 81\/287 ha seguido siendo la m\u00e1s peligrosa del condado. En 2024, la 81\/287 fue escenario de diez colisiones que se cobraron un total de 16 vidas.&nbsp;<\/p>\n\n\n\n<p>Otras carreteras mortales en el condado de Wise incluyen la Farm Road 51, escenario de cinco colisiones mortales en 2024. Tres de estos choques mortales ocurrieron en Decatur, incluyendo uno cerca de Eagle Drive y otro al norte de la U.S. 380.<\/p>\n\n\n\n<p>En el condado de Wise tambi\u00e9n se produjeron 86 \"presuntos heridos graves\" en 60 colisiones distintas en 2024. Otras 335 personas sufrieron lesiones moderadas o leves en colisiones en el condado de Wise.&nbsp;<\/p>\n\n\n\n<p>Cuatro personas murieron en accidentes en Decatur en 2024. Al menos ocho personas sufrieron <a href=\"https:\/\/www.chandlerrosslaw.com\/es\/lesion-catastrofica\/\">lesiones graves por accidente de tr\u00e1fico<\/a>y otros 51 sufrieron heridas moderadas o leves, seg\u00fan TxDOT.<\/p>\n\n\n\n<p>Aunque TxDOT y los grupos locales est\u00e1n aplicando medidas de seguridad en las carreteras de Decatur y del condado de Wise, quienes las utilicen deben seguir teniendo cuidado de conducir con seguridad. Si ha resultado herido en un accidente, hable con un abogado con experiencia.&nbsp;<\/p>\n\n\n\n<h2 class=\"wp-block-heading\">Accidentes de motocicleta, bicicleta y peat\u00f3n en el condado de Wise<\/h2>\n\n\n\n<p>Los motoristas tambi\u00e9n se enfrentan a un riesgo significativo en las carreteras de Texas. En 2024, m\u00e1s de 2.500 motociclistas de Texas sufrieron sospechas de <a href=\"https:\/\/www.chandlerrosslaw.com\/es\/lesiones-en-motocicleta\/\">lesiones graves en accidentes de tr\u00e1fico<\/a>. Esta cifra incluye 2.357 conductores de motocicletas y 175 pasajeros. Los accidentes de motocicleta tambi\u00e9n se cobran vidas. En 2024, 585 conductores y pasajeros de motocicletas murieron en accidentes de tr\u00e1fico, incluidos 557 conductores y 28 pasajeros.<\/p>\n\n\n\n<p>Caminar y montar en bicicleta son formas populares de transporte por su bajo coste, respeto al medio ambiente y beneficios para la salud. Los ciclistas y los peatones comparten el derecho a utilizar las carreteras Texas si respetan las leyes de tr\u00e1fico, igual que los dem\u00e1s. Sin embargo, los conductores que no vigilan <a href=\"https:\/\/www.chandlerrosslaw.com\/es\/accidente-de-bicicleta\/\">ciclistas<\/a> y <a href=\"https:\/\/www.chandlerrosslaw.com\/es\/accidente-de-peaton\/\">peatones<\/a> pueden provocar colisiones mortales y lesiones graves.\u00a0<\/p>\n\n\n\n<p>En 2024, 78 ciclistas y 768 peatones murieron en las carreteras del Texas. Las lesiones graves afectaron a 1.880 peatones y ciclistas ese a\u00f1o; otros 3.863 sufrieron \"presuntas lesiones leves\". TxDOT registr\u00f3 otros 2.105 peatones y ciclistas como \"posiblemente heridos\" en colisiones.<\/p>\n\n\n\n<p>En el 97% de los accidentes de ciclistas y peatones, el ciclista o el peat\u00f3n sufre alg\u00fan tipo de lesi\u00f3n. Buscar una indemnizaci\u00f3n tras un accidente puede ayudar a estas personas lesionadas a recuperarse de los da\u00f1os sufridos.&nbsp;<\/p>\n\n\n\n<h2 class=\"wp-block-heading\">Tipos de accidentes de tr\u00e1fico graves en Decatur y c\u00f3mo se producen<\/h2>\n\n\n\n<p>Los accidentes de tr\u00e1fico graves pueden producirse de varias maneras. El Departamento de Transporte de Texas rastrea la informaci\u00f3n sobre los accidentes de tr\u00e1fico mortales y con heridos graves para comprender mejor c\u00f3mo se producen estas colisiones graves.&nbsp;<\/p>\n\n\n\n<p>Los datos de TxDOT revelan que en 2024:<\/p>\n\n\n\n<ul class=\"wp-block-list\">\n<li><strong>Los accidentes rurales fueron ligeramente m\u00e1s mortales que los urbanos. <\/strong>Algo m\u00e1s de la mitad (50,12%) de todas las muertes en carretera en Texas en 2024 se produjeron en zonas rurales. Estas colisiones se cobraron 2.080 vidas en 2024.<\/li>\n\n\n\n<li><strong>Las intersecciones fueron un lugar habitual de accidentes mortales y lesiones graves. <\/strong>En 2024, 1.050 personas murieron en <a href=\"https:\/\/www.chandlerrosslaw.com\/es\/intersecciones-mas-peligrosas-del-norte-de-texas\/\">colisiones en intersecciones Texas<\/a>.\u00a0<\/li>\n\n\n\n<li><strong>Los choques frontales fueron especialmente mortales. <\/strong>Los choques frontales se cobraron 617 vidas en 2024, la mayor cifra de todos los tipos de choque.<\/li>\n\n\n\n<li><strong>Mayo y octubre fueron los d\u00edas m\u00e1s mort\u00edferos en las carreteras Texas. <\/strong>El 24 de mayo y de nuevo el 27 de octubre, 27 personas murieron en colisiones de tr\u00e1fico. En conjunto, octubre registr\u00f3 el mayor n\u00famero de muertes por accidente de tr\u00e1fico, con 391 vidas perdidas.\u00a0<\/li>\n\n\n\n<li><strong>La conducci\u00f3n bajo los efectos del alcohol sigue siendo un problema grave y mortal. <\/strong>En 2023, 1.053 personas murieron en un <a href=\"https:\/\/www.chandlerrosslaw.com\/es\/accidente-por-conducir-ebrio\/\">accidente de tr\u00e1fico relacionado con la conducci\u00f3n bajo los efectos del alcohol<\/a>, o m\u00e1s del 25% de todos los fallecidos en accidente de tr\u00e1fico Texas ese a\u00f1o.\u00a0<\/li>\n\n\n\n<li><strong>La conducci\u00f3n distra\u00edda tambi\u00e9n se cobra vidas. <\/strong>En 2024, 380 personas murieron en un accidente en el que estaba implicado un conductor distra\u00eddo.\u00a0<\/li>\n<\/ul>\n\n\n\n<p>Otras situaciones tambi\u00e9n pueden provocar una colisi\u00f3n grave. Hable con un abogado experto en accidentes de tr\u00e1fico de Decatur para saber m\u00e1s.&nbsp;<\/p>\n\n\n\n<h2 class=\"wp-block-heading\">C\u00f3mo presentar una demanda por lesiones de auto en Texas: Lo que los conductores de Decatur necesitan saber<\/h2>\n\n\n\n<p>Cada reclamaci\u00f3n por lesiones se basa en hechos \u00fanicos. Su reclamaci\u00f3n no proceder\u00e1 exactamente igual que la de cualquier otra persona. Sin embargo, todas las reclamaciones por lesiones siguen unas reglas b\u00e1sicas. Cuando <a href=\"https:\/\/www.chandlerrosslaw.com\/es\/blog\/comprender-las-etapas-de-un-proceso-de-reclamacion-por-danos-personales\/\">conoce un poco estas normas<\/a>, podr\u00e1 hacer preguntas m\u00e1s informadas sobre su propio caso y comprender mejor las respuestas de su abogado.\u00a0<\/p>\n\n\n\n<h3 class=\"wp-block-heading\">Probar la negligencia<\/h3>\n\n\n\n<p>Una demanda por lesiones personales trata de demostrar que la negligencia de otra persona caus\u00f3 lesiones y que esa persona es responsable de indemnizarle por el da\u00f1o causado. Una demanda por accidente de tr\u00e1fico suele plantear cuatro preguntas:<\/p>\n\n\n\n<ul class=\"wp-block-list\">\n<li>\u00bfTen\u00eda otra parte el deber de emplear un cuidado razonable?<\/li>\n\n\n\n<li>\u00bfLa otra parte \"incumpli\u00f3\" o no cumpli\u00f3 con ese deber?<\/li>\n\n\n\n<li>\u00bfLa infracci\u00f3n caus\u00f3 lesiones?<\/li>\n\n\n\n<li>\u00bfSe pueden compensar las lesiones con da\u00f1os monetarios?<\/li>\n<\/ul>\n\n\n\n<p>En el Texas, toda persona que utilice la v\u00eda p\u00fablica tiene el deber de emplear un cuidado razonable para evitar lesiones. Este deber es amplio. Incluye tareas como respetar las leyes de tr\u00e1fico, prestar atenci\u00f3n a la carretera y conducir sobrio.&nbsp;<\/p>\n\n\n\n<p><a href=\"https:\/\/www.chandlerrosslaw.com\/es\/negligencia\/\">Establecer la negligencia<\/a> puede ser todo un reto. En muchas demandas por accidentes de coche, la otra parte puede argumentar que usted tuvo parte o toda la culpa de sus lesiones. Un abogado experto en accidentes de coche del condado de Wise puede ayudarle a luchar por la indemnizaci\u00f3n que necesita.\u00a0<\/p>\n\n\n\n<h3 class=\"wp-block-heading\">L\u00edmites temporales<\/h3>\n\n\n\n<p>Texas exige que las reclamaciones por da\u00f1os personales sean <a href=\"https:\/\/www.chandlerrosslaw.com\/es\/blog\/comprender-la-prescripcion-de-los-accidentes-de-trafico\/\">presentada en un plazo de dos a\u00f1os<\/a>. Los casos que no se presentan en el plazo de dos a\u00f1os suelen ser desestimados por los tribunales.\u00a0<\/p>\n\n\n\n<p>El periodo de dos a\u00f1os suele comenzar en la fecha del accidente. Sin embargo, como pueden aplicarse algunas excepciones, es importante que trabaje con un abogado para calcular el plazo exacto de presentaci\u00f3n en su caso.<\/p>\n\n\n\n<h3 class=\"wp-block-heading\">Compensaci\u00f3n<\/h3>\n\n\n\n<p>Un <a href=\"https:\/\/www.chandlerrosslaw.com\/es\/blog\/danos-punitivos-compensatorios-en-casos-de-lesiones-personales-en-texas\/\">un caso de accidente de tr\u00e1fico busca una indemnizaci\u00f3n<\/a> por los da\u00f1os sufridos en el accidente. La indemnizaci\u00f3n puede cubrir p\u00e9rdidas econ\u00f3micas como facturas m\u00e9dicas, salarios perdidos y reparaciones del coche. Puede cubrir p\u00e9rdidas futuras como futuras facturas m\u00e9dicas o futuros salarios perdidos si no puede volver a trabajar. La indemnizaci\u00f3n tambi\u00e9n puede cubrir p\u00e9rdidas no econ\u00f3micas como el dolor y el sufrimiento, cicatrices o desfiguraci\u00f3n y la p\u00e9rdida de aficiones u otras actividades de las que antes disfrutaba.\u00a0<\/p>\n\n\n\n<p>La indemnizaci\u00f3n var\u00eda de un caso a otro. Sus lesiones son \u00fanicas, y tambi\u00e9n lo es la vida que interrumpieron. Un abogado puede ayudarle a calcular sus p\u00e9rdidas y conseguir la indemnizaci\u00f3n que necesita.<\/p>\n\n\n\n<h2 class=\"wp-block-heading\">Accidentes de tr\u00e1fico con conductores ebrios o que se dan a la fuga en Decatur<\/h2>\n\n\n\n<p>Algunos accidentes de tr\u00e1fico no son s\u00f3lo accidentes. Tambi\u00e9n son delitos. Conducir bajo los efectos del alcohol, por ejemplo, est\u00e1 prohibido por la ley Texas. Tambi\u00e9n lo est\u00e1 causar una lesi\u00f3n y luego huir del lugar de la colisi\u00f3n, tambi\u00e9n llamado \"atropello y fuga\".\u00a0<\/p>\n\n\n\n<p>Si result\u00f3 herido o un ser querido falleci\u00f3 en un delito relacionado con la carretera, puede presentar una demanda por da\u00f1os personales para obtener una indemnizaci\u00f3n. Puede hacerlo incluso si ya hay un caso penal en curso. Dado que las demandas penales y por lesiones pueden afectarse mutuamente, hable con un abogado de lesiones personales de Decatur. Su abogado se asegurar\u00e1 de que su derecho a una indemnizaci\u00f3n est\u00e9 protegido mientras prosigue la causa penal. Su abogado tambi\u00e9n puede asegurarse de que su demanda de indemnizaci\u00f3n no obstaculice el trabajo del tribunal penal.\u00a0<\/p>\n\n\n\n<h2 class=\"wp-block-heading\">Muerte por negligencia tras un accidente de tr\u00e1fico en Decatur: Lo que las familias deben saber<\/h2>\n\n\n\n<p>Las muertes en las carreteras del condado de Wise est\u00e1n aumentando, pero en todo el Texas, las tasas generales de mortalidad de veh\u00edculos de motor disminuyeron en 2024, seg\u00fan TxDOT. Sin embargo, las tasas de muertes y lesiones graves siguen siendo altas, lo que supone un grave peaje para las familias del Texas. En 2024:<\/p>\n\n\n\n<ul class=\"wp-block-list\">\n<li><strong>Murieron 4.150 personas <\/strong>en accidentes de tr\u00e1fico Texas y<\/li>\n\n\n\n<li><strong>18.218 personas <\/strong>sufrieron lesiones graves en accidentes de tr\u00e1fico.\u00a0<\/li>\n<\/ul>\n\n\n\n<p>Al menos una persona muri\u00f3 en un accidente de tr\u00e1fico Texas cada d\u00eda en 2024.<br><br>Una persona herida en un accidente de tr\u00e1fico puede presentar una reclamaci\u00f3n por da\u00f1os personales. Sin embargo, cuando una persona fallece, los familiares supervivientes pueden presentar la reclamaci\u00f3n. Estas reclamaciones se denominan <a href=\"https:\/\/www.chandlerrosslaw.com\/es\/muerte-por-negligencia\/\">\"reclamaciones por \"homicidio culposo<\/a>.\u00a0<\/p>\n\n\n\n<p>En la pr\u00e1ctica, una demanda por homicidio culposo consta de dos partes. La \"acci\u00f3n de supervivencia\" busca una compensaci\u00f3n por las p\u00e9rdidas finales de la persona fallecida, como las \u00faltimas facturas m\u00e9dicas o el dolor y sufrimiento conscientes antes de la muerte. La demanda por \"homicidio culposo\" busca una compensaci\u00f3n por las p\u00e9rdidas de la familia de su ser querido fallecido.&nbsp;<\/p>\n\n\n\n<h2 class=\"wp-block-heading\">Hable hoy mismo con un abogado especializado en accidentes de tr\u00e1fico en Decatur, TX<\/h2>\n\n\n\n<p>La vida despu\u00e9s de una lesi\u00f3n grave en un accidente de tr\u00e1fico es dura. Usted lucha por recuperarse de lesiones graves. Puede que se pregunte c\u00f3mo va a pagar las facturas. Puede que le preocupe c\u00f3mo se recuperar\u00e1 o volver\u00e1 al trabajo, a sus aficiones y a otras actividades. Puede temer no ser capaz de mantener a su familia. O puede que llore la terrible y repentina p\u00e9rdida de un ser querido, sabiendo que su mundo nunca volver\u00e1 a ser el mismo.&nbsp;<\/p>\n\n\n\n<p>Si esto le resulta familiar, no est\u00e1 solo. En <a href=\"https:\/\/www.chandlerrosslaw.com\/es\/decatur\/abogados-de-lesiones-personales\/\">abogados expertos en accidentes de coche en Decatur Chandler Ross<\/a> puede ayudar. <a href=\"https:\/\/www.chandlerrosslaw.com\/es\/pongase-en-contacto-con\/\">Contacte con nosotros<\/a> hoy mismo para programar una consulta gratuita con un <a href=\"https:\/\/www.chandlerrosslaw.com\/es\/sobre-nosotros\/\">abogado experto<\/a>.<\/p>","protected":false},"excerpt":{"rendered":"<p>Abogados de accidentes de coche en Decatur Los abogados de accidentes de coche en Decatur luchan por las v\u00edctimas de lesiones en el condado de Wise, TX Los accidentes de coche son demasiado comunes en Texas. El intercambiador de las carreteras U.S. 380 y U.S. 287 en Decatur es un lugar com\u00fan de graves accidentes automovil\u00edsticos en el condado de Wise. Como los residentes del condado de Wise viajan en y a trav\u00e9s de Decatur para trabajar,...<\/p>","protected":false},"author":1,"featured_media":18585,"parent":18567,"menu_order":0,"comment_status":"closed","ping_status":"closed","template":"","meta":{"_acf_changed":false,"footnotes":""},"class_list":["post-18578","page","type-page","status-publish","has-post-thumbnail","hentry"],"acf":[],"_links":{"self":[{"href":"https:\/\/www.chandlerrosslaw.com\/es\/wp-json\/wp\/v2\/pages\/18578","targetHints":{"allow":["GET"]}}],"collection":[{"href":"https:\/\/www.chandlerrosslaw.com\/es\/wp-json\/wp\/v2\/pages"}],"about":[{"href":"https:\/\/www.chandlerrosslaw.com\/es\/wp-json\/wp\/v2\/types\/page"}],"author":[{"embeddable":true,"href":"https:\/\/www.chandlerrosslaw.com\/es\/wp-json\/wp\/v2\/users\/1"}],"replies":[{"embeddable":true,"href":"https:\/\/www.chandlerrosslaw.com\/es\/wp-json\/wp\/v2\/comments?post=18578"}],"version-history":[{"count":6,"href":"https:\/\/www.chandlerrosslaw.com\/es\/wp-json\/wp\/v2\/pages\/18578\/revisions"}],"predecessor-version":[{"id":18586,"href":"https:\/\/www.chandlerrosslaw.com\/es\/wp-json\/wp\/v2\/pages\/18578\/revisions\/18586"}],"up":[{"embeddable":true,"href":"https:\/\/www.chandlerrosslaw.com\/es\/wp-json\/wp\/v2\/pages\/18567"}],"wp:featuredmedia":[{"embeddable":true,"href":"https:\/\/www.chandlerrosslaw.com\/es\/wp-json\/wp\/v2\/media\/18585"}],"wp:attachment":[{"href":"https:\/\/www.chandlerrosslaw.com\/es\/wp-json\/wp\/v2\/media?parent=18578"}],"curies":[{"name":"wp","href":"https:\/\/api.w.org\/{rel}","templated":true}]}}