{"id":18569,"date":"2025-07-01T21:58:31","date_gmt":"2025-07-01T21:58:31","guid":{"rendered":"https:\/\/www.chandlerrosslaw.com\/?page_id=18569"},"modified":"2025-08-19T00:08:05","modified_gmt":"2025-08-19T00:08:05","slug":"abogados-de-lesiones-personales","status":"publish","type":"page","link":"https:\/\/www.chandlerrosslaw.com\/es\/decatur\/abogados-de-lesiones-personales\/","title":{"rendered":"Abogados de lesiones personales en Decatur"},"content":{"rendered":"<h1 class=\"wp-block-heading\">Abogados de lesiones personales en Decatur<\/h1>\n\n\n\n<h2 class=\"wp-block-heading\"><em>Representaci\u00f3n personal y profesional de abogados dedicados a lesiones personales en Decatur, Texas<\/em><\/h2>\n\n\n\n<p>Como sede del condado de Wise, Decatur, Texas es una comunidad peque\u00f1a pero bulliciosa. Situada en el cruce de la US 380 y la US 287, Decatur ve mucho tr\u00e1fico ya que los residentes y los visitantes se desplazan para trabajar, <a href=\"https:\/\/www.chandlerrosslaw.com\/es\/blog\/seguridad-en-la-vuelta-al-cole-en-dallas-y-el-condado-de-denton-lo-que-los-conductores-deben-saber\/\">escuela<\/a>y el ocio.\u00a0<\/p>\n\n\n\n<p>Todas estas actividades hacen de Decatur un lugar interesante. Sin embargo, tambi\u00e9n aumentan el riesgo de <a href=\"https:\/\/www.chandlerrosslaw.com\/es\/danos-personales\/\">accidente con lesiones personales graves<\/a>. Si ha resultado herido en un accidente en Decatur, <a href=\"https:\/\/www.chandlerrosslaw.com\/es\/pongase-en-contacto-con\/\">hable con un abogado experto en lesiones personales de Decatur, Texas<\/a> hoy. En <a href=\"https:\/\/www.chandlerrosslaw.com\/es\/sobre-nosotros\/\">equipo en Chandler Ross<\/a> puede ayudarle a luchar por la indemnizaci\u00f3n que necesita.&nbsp;<\/p>\n\n\n\n<h2 class=\"wp-block-heading\">Demandas comunes por lesiones personales en Decatur y el condado de Wise<\/h2>\n\n\n\n<p>Las lesiones son la causa m\u00e1s com\u00fan de muerte entre los residentes de Texas menores de 45 a\u00f1os, seg\u00fan el Departamento Estatal de Servicios de Salud de Texas (DSHS). De media, 58 personas en Texas mueren diariamente por lesiones.&nbsp;<\/p>\n\n\n\n<p>Las demandas por lesiones personales implican todas ellas una lesi\u00f3n grave. Estas lesiones, sin embargo, pueden ocurrir en muchas situaciones diferentes. Entre las causas m\u00e1s comunes de lesiones graves en el condado de Wise se encuentran los accidentes de tr\u00e1fico, las condiciones peligrosas en las empresas y los problemas relacionados con el trabajo.&nbsp;<\/p>\n\n\n\n<h3 class=\"wp-block-heading\">Accidentes de coche y cami\u00f3n<\/h3>\n\n\n\n<p><a href=\"https:\/\/www.chandlerrosslaw.com\/es\/accidentes-de-trafico\/\">Miles de accidentes de tr\u00e1fico<\/a> ocurren en Texas cada a\u00f1o, muchos en el condado de Wise. En 2024, 26 accidentes en el condado de Wise provocaron un total de 35 muertes. Este total de muertes duplica la tasa de 2022, lo que indica riesgos significativos en las carreteras del condado de Wise.&nbsp;<\/p>\n\n\n\n<p><a href=\"https:\/\/www.chandlerrosslaw.com\/es\/lesion-catastrofica\/\">Lesiones graves<\/a> tambi\u00e9n fueron frecuentes. En 2024, 86 personas sufrieron \"presuntas lesiones graves\" en un accidente en el condado de Wise.&nbsp;<\/p>\n\n\n\n<p>En Decatur en 2024, cuatro personas murieron y al menos ocho sufrieron heridas graves en colisiones de veh\u00edculos. Otras 61 personas sufrieron lesiones \"leves\" o \"posibles\".<\/p>\n\n\n\n<p>La US 81\/287 sigue siendo la carretera m\u00e1s mort\u00edfera del condado de Wise. En 2024, 16 personas murieron en accidentes en la US 81\/287. Aunque el Departamento de Transporte de Texas (TxDOT) tiene planes para mejorar varias intersecciones, la seguridad sigue siendo un problema importante en la 81\/287 y la US 380.<\/p>\n\n\n\n<h3 class=\"wp-block-heading\">Accidentes de bicicletas, peatones y motocicletas<\/h3>\n\n\n\n<p>Los conductores y los pasajeros de los veh\u00edculos no son los \u00fanicos que se enfrentan a importantes riesgos en las carreteras del \u00e1rea de Decatur. <a href=\"https:\/\/www.chandlerrosslaw.com\/es\/lesiones-en-motocicleta\/\">Motociclistas<\/a>, <a href=\"https:\/\/www.chandlerrosslaw.com\/es\/accidente-de-bicicleta\/\">ciclistas<\/a>y <a href=\"https:\/\/www.chandlerrosslaw.com\/es\/accidente-de-peaton\/\">peatones<\/a> tambi\u00e9n pueden resultar gravemente heridos.<\/p>\n\n\n\n<p>Los datos de TxDOT revelan que en 2024, 557 conductores de motocicletas y 28 pasajeros murieron en colisiones de motocicletas en Texas. Otros 2.532 motoristas y pasajeros de motocicletas sufrieron heridas graves.<\/p>\n\n\n\n<p>En 2024, el Texas registr\u00f3 8.825 colisiones en carretera en las que se vieron implicados un ciclista, un peat\u00f3n o ambos. Estas colisiones produjeron 846 muertes y 1.880 presuntos heridos graves. La mayor\u00eda de estas muertes y lesiones se infligieron a peatones. El 97% de todas las colisiones implicaron alg\u00fan tipo de lesi\u00f3n para el peat\u00f3n o el ciclista.&nbsp;<\/p>\n\n\n\n<h3 class=\"wp-block-heading\">Responsabilidad de los locales<\/h3>\n\n\n\n<p>En Texas, un negocio tiene la obligaci\u00f3n legal de mantener sus instalaciones razonablemente seguras para los visitantes. Cuando una condici\u00f3n no puede arreglarse inmediatamente, el negocio debe advertir a sus visitantes. Si alguna vez ha visto un cartel de \"suelo mojado\" en un supermercado, habr\u00e1 visto un ejemplo de un negocio que intenta advertir a los visitantes sobre una condici\u00f3n potencialmente peligrosa.&nbsp;<\/p>\n\n\n\n<p>Cuando un negocio no mantiene sus instalaciones razonablemente seguras y no advierte a los visitantes, una persona lesionada puede solicitar una indemnizaci\u00f3n por los da\u00f1os causados. Las condiciones peligrosas m\u00e1s comunes en los negocios de Decatur incluyen:<\/p>\n\n\n\n<ul class=\"wp-block-list\">\n<li>Agua, escombros y otras sustancias en los suelos que pueden causar un <a href=\"https:\/\/www.chandlerrosslaw.com\/es\/resbalones-caidas\/\">resbal\u00f3n, tropiezo o ca\u00edda<\/a>,<\/li>\n\n\n\n<li>Suelos rotos y desiguales, moquetas o alfombrillas rasgadas,<\/li>\n\n\n\n<li>Barandillas y pasamanos rotos o ausentes,<\/li>\n\n\n\n<li>Defectos peligrosos en muebles y otras instalaciones,&nbsp;<\/li>\n\n\n\n<li>Iluminaci\u00f3n rota,<\/li>\n\n\n\n<li><a href=\"https:\/\/www.chandlerrosslaw.com\/es\/seguridad-inadecuada\/\">Falta de guardias de seguridad<\/a> y otros elementos de protecci\u00f3n.<\/li>\n<\/ul>\n\n\n\n<p>Tambi\u00e9n pueden darse otras condiciones peligrosas. Si se lesiona en un negocio de Decatur, hable con un abogado experimentado.&nbsp;<\/p>\n\n\n\n<h3 class=\"wp-block-heading\">Lesiones laborales<\/h3>\n\n\n\n<p>Muchos residentes de Decatur pasan gran parte de su tiempo de vigilia en el trabajo. <a href=\"https:\/\/www.chandlerrosslaw.com\/es\/lesion-laboral\/\">Lesiones laborales<\/a> son, por tanto, un hecho com\u00fan en Decatur y en todo el Texas.&nbsp;<\/p>\n\n\n\n<p>En 2023, 564 trabajadores de Texas sufrieron una lesi\u00f3n mortal en el trabajo. Las causas m\u00e1s comunes de las muertes en el lugar de trabajo incluyeron:<\/p>\n\n\n\n<ul class=\"wp-block-list\">\n<li><strong>Incidentes de transporte: <\/strong>Los accidentes de veh\u00edculos causaron 246 muertes de trabajadores en 2023.<\/li>\n\n\n\n<li><strong>Explosiones e incendios: <\/strong>11 personas murieron a causa de una explosi\u00f3n o un incendio en el trabajo en 2023.<\/li>\n\n\n\n<li><strong>Resbalones, tropiezos y ca\u00eddas: <\/strong>92 personas murieron en un accidente de resbal\u00f3n o ca\u00edda en el trabajo en 2023.&nbsp;<\/li>\n\n\n\n<li><strong>Exposici\u00f3n a sustancias y entornos nocivos: <\/strong>Los productos qu\u00edmicos t\u00f3xicos, las temperaturas extremas y otras exposiciones similares se cobraron la vida de 57 trabajadores en 2023.&nbsp;<\/li>\n\n\n\n<li><strong>Incidentes de contacto: <\/strong>Ser golpeado o quedar atrapado en equipos o materiales caus\u00f3 la muerte de 86 trabajadores en 2023.&nbsp;<\/li>\n<\/ul>\n\n\n\n<p>Los accidentes laborales tambi\u00e9n pueden causar lesiones graves. En 2023, Texas trabajadores sufrieron lesiones no mortales a una tasa de 1,8 lesiones por cada 100 trabajadores a tiempo completo.<\/p>\n\n\n\n<p>Los empleados lesionados pueden solicitar ayuda a trav\u00e9s de la compensaci\u00f3n de los trabajadores. Tambi\u00e9n puede haber otras formas de indemnizaci\u00f3n disponibles. Hable con un abogado experimentado para saber m\u00e1s.<\/p>\n\n\n\n<h2 class=\"wp-block-heading\">Muerte por negligencia: Cuando una lesi\u00f3n se cobra una vida<\/h2>\n\n\n\n<p>Una persona lesionada puede presentar una demanda por lesiones personales para reclamar da\u00f1os y perjuicios. Pero cuando la persona lesionada ha fallecido a causa de sus lesiones, no puede presentar su propia reclamaci\u00f3n. En su lugar, los familiares supervivientes deben presentar una reclamaci\u00f3n por las lesiones de la persona fallecida y por sus propias p\u00e9rdidas. A grandes rasgos, estas reclamaciones se denominan <a href=\"https:\/\/www.chandlerrosslaw.com\/es\/muerte-por-negligencia\/\">\"reclamaciones por \"homicidio culposo<\/a>.<\/p>\n\n\n\n<p>Establecer una demanda por homicidio culposo puede ser un reto, especialmente cuando ya est\u00e1 sufriendo la p\u00e9rdida de su ser querido. Sin embargo, estas reclamaciones pueden proporcionar un apoyo esencial a su familia. Tambi\u00e9n pueden ayudarle a responsabilizar a una parte negligente de sus actos.&nbsp;<\/p>\n\n\n\n<h2 class=\"wp-block-heading\">Decatur, Texas Conceptos b\u00e1sicos sobre lesiones personales<\/h2>\n\n\n\n<p>Cada demanda por lesiones personales implica hechos \u00fanicos. Sin embargo, todos estos casos deben seguir ciertas reglas. <a href=\"https:\/\/www.chandlerrosslaw.com\/es\/blog\/comprender-las-etapas-de-un-proceso-de-reclamacion-por-danos-personales\/\">Comprender estas normas<\/a> puede ayudarle a navegar por su reclamaci\u00f3n y a comunicarse con su abogado de lesiones personales de Decatur.<\/p>\n\n\n\n<h3 class=\"wp-block-heading\">\u00bfQu\u00e9 es una demanda por da\u00f1os personales?<\/h3>\n\n\n\n<p>Una demanda por lesiones personales suele buscar da\u00f1os monetarios por lesiones causadas por la negligencia de otra persona. Para probar una demanda por lesiones personales, la persona lesionada debe demostrar que:<\/p>\n\n\n\n<ul class=\"wp-block-list\">\n<li>La otra parte ten\u00eda el deber de emplear un cuidado razonable para evitar el da\u00f1o,<\/li>\n\n\n\n<li>La otra parte \"incumpli\u00f3\", o no cumpli\u00f3, ese deber,<\/li>\n\n\n\n<li>El incumplimiento caus\u00f3 un da\u00f1o previsible a la persona perjudicada, y<\/li>\n\n\n\n<li>Ese da\u00f1o puede abordarse a trav\u00e9s de da\u00f1os monetarios.&nbsp;<\/li>\n<\/ul>\n\n\n\n<p>Para luchar contra una demanda por lesiones personales, la otra parte puede alegar que no ten\u00eda ninguna obligaci\u00f3n, que no incumpli\u00f3 ninguna obligaci\u00f3n, que usted no result\u00f3 lesionado o que usted fue parcial o totalmente culpable de sus lesiones. Tener \u00e9xito en una demanda por lesiones personales requiere no s\u00f3lo que pruebe su caso, sino tambi\u00e9n que demuestre que estos contraargumentos no son aplicables. Un abogado con experiencia puede ayudarle a navegar por este proceso.&nbsp;<\/p>\n\n\n\n<h3 class=\"wp-block-heading\">\u00bfDe cu\u00e1nto tiempo dispongo para presentar una demanda por lesiones personales?<\/h3>\n\n\n\n<p>En el Texas, la mayor\u00eda de los casos de lesiones personales deben presentarse en un plazo de dos a\u00f1os a partir de la fecha de la lesi\u00f3n. Un caso no presentado a tiempo probablemente ser\u00e1 desestimado por el tribunal.&nbsp;<\/p>\n\n\n\n<p>Normalmente, el periodo de dos a\u00f1os comienza a partir de la fecha en que se lesion\u00f3. Sin embargo, hay varios factores que pueden influir en cu\u00e1ndo empieza este periodo y c\u00f3mo transcurre. Hable con un abogado experimentado. Un abogado puede calcular exactamente cu\u00e1ndo vence el plazo y ayudarle a presentar la demanda antes de que llegue esa fecha.&nbsp;<\/p>\n\n\n\n<h3 class=\"wp-block-heading\">\u00bfQu\u00e9 da\u00f1os puedo recuperar en una demanda por lesiones personales?<\/h3>\n\n\n\n<p>Una demanda por lesiones personales busca una indemnizaci\u00f3n en dinero como compensaci\u00f3n por el da\u00f1o que ha sufrido. Los da\u00f1os suelen incluir <a href=\"https:\/\/www.chandlerrosslaw.com\/es\/blog\/danos-punitivos-compensatorios-en-casos-de-lesiones-personales-en-texas\/\">p\u00e9rdidas financieras y p\u00e9rdidas no financieras<\/a>.&nbsp;<\/p>\n\n\n\n<p>Los da\u00f1os m\u00e1s comunes incluidos en las demandas por da\u00f1os personales Texas incluyen:<\/p>\n\n\n\n<ul class=\"wp-block-list\">\n<li><strong>Facturas m\u00e9dicas: <\/strong>La indemnizaci\u00f3n por facturas m\u00e9dicas incluye tanto las facturas en las que ya ha incurrido como los costes de la futura atenci\u00f3n m\u00e9dica que pueda necesitar.<\/li>\n\n\n\n<li><strong>Salarios perdidos: <\/strong>La indemnizaci\u00f3n por salarios perdidos puede cubrir tanto los salarios que ya ha perdido por faltar al trabajo como el dinero que dejar\u00e1 de ganar si sus lesiones le impiden volver a trabajar.<\/li>\n\n\n\n<li><strong>Da\u00f1os materiales: <\/strong>El coste de reparar o reemplazar la propiedad da\u00f1ada, como un veh\u00edculo siniestrado, tambi\u00e9n puede incluirse en una reclamaci\u00f3n por da\u00f1os personales.&nbsp;<\/li>\n\n\n\n<li><strong>Dolor y sufrimiento: <\/strong>Una demanda por lesiones personales puede compensarle por el dolor y el sufrimiento conscientes, la p\u00e9rdida del disfrute de la vida y otras p\u00e9rdidas no econ\u00f3micas.<\/li>\n<\/ul>\n\n\n\n<p>Los familiares en una demanda por homicidio culposo tambi\u00e9n pueden solicitar gastos funerarios y de entierro, as\u00ed como una indemnizaci\u00f3n por la p\u00e9rdida de su ser querido. Hable con un abogado sobre sus p\u00e9rdidas y sobre c\u00f3mo establecer que se le debe una indemnizaci\u00f3n.&nbsp;<\/p>\n\n\n\n<h3 class=\"wp-block-heading\">\u00bfY si tambi\u00e9n hay un caso penal en curso?<\/h3>\n\n\n\n<p>Algunas situaciones de lesiones personales dan lugar a cargos penales. Un ejemplo com\u00fan es el de un conductor ebrio que hiere a otra persona en la carretera. El conductor ebrio puede enfrentarse a cargos de DUI en un tribunal penal.&nbsp;<\/p>\n\n\n\n<p>Si ha resultado herido en una situaci\u00f3n as\u00ed, puede solicitar una indemnizaci\u00f3n en una demanda por da\u00f1os personales, aunque tambi\u00e9n se hayan presentado cargos penales. Es poco probable que un caso penal le compense plenamente por sus p\u00e9rdidas.&nbsp;<\/p>\n\n\n\n<p>Sin embargo, el resultado de un proceso penal puede afectar a su caso civil. Del mismo modo, el resultado de un caso civil puede afectar a un caso penal. Por esta raz\u00f3n, lo mejor es hablar con un abogado experto en lesiones personales de Decatur si necesita pedir una indemnizaci\u00f3n tras haber sido v\u00edctima de un delito.&nbsp;<\/p>\n\n\n\n<h2 class=\"wp-block-heading\">P\u00f3ngase en contacto con nuestros abogados de lesiones personales de Decatur hoy mismo<\/h2>\n\n\n\n<p>Si ha sufrido lesiones en un accidente en Decatur, Texas, no espere. Hable de inmediato con un abogado experto en lesiones personales de Decatur.&nbsp;<\/p>\n\n\n\n<p>El equipo de <a href=\"https:\/\/www.chandlerrosslaw.com\/es\/\">Chandler Ross<\/a> ha ganado m\u00faltiples distinciones por su destacada labor representando a personas lesionadas en el Condado de Wise y en todo el Norte Texas. Estamos aqu\u00ed para proporcionarle la representaci\u00f3n profesional y centrada que necesita despu\u00e9s de una lesi\u00f3n grave. <a href=\"https:\/\/www.chandlerrosslaw.com\/es\/pongase-en-contacto-con\/\">Contacte con nosotros<\/a> hoy mismo para programar una evaluaci\u00f3n gratuita y confidencial de su caso.<\/p>","protected":false},"excerpt":{"rendered":"<p>Abogados de lesiones personales en Decatur Representaci\u00f3n personal y profesional de abogados dedicados a lesiones personales en Decatur, Texas Como cabecera del condado de Wise, Decatur, Texas es una comunidad peque\u00f1a pero bulliciosa. Situada en el cruce de la US 380 y la US 287, Decatur ve mucho tr\u00e1fico ya que los residentes y los visitantes se desplazan para ir al trabajo, a la escuela y de recreo.  Todos...<\/p>","protected":false},"author":1,"featured_media":17437,"parent":18567,"menu_order":0,"comment_status":"closed","ping_status":"closed","template":"","meta":{"_acf_changed":false,"footnotes":""},"class_list":["post-18569","page","type-page","status-publish","has-post-thumbnail","hentry"],"acf":[],"_links":{"self":[{"href":"https:\/\/www.chandlerrosslaw.com\/es\/wp-json\/wp\/v2\/pages\/18569","targetHints":{"allow":["GET"]}}],"collection":[{"href":"https:\/\/www.chandlerrosslaw.com\/es\/wp-json\/wp\/v2\/pages"}],"about":[{"href":"https:\/\/www.chandlerrosslaw.com\/es\/wp-json\/wp\/v2\/types\/page"}],"author":[{"embeddable":true,"href":"https:\/\/www.chandlerrosslaw.com\/es\/wp-json\/wp\/v2\/users\/1"}],"replies":[{"embeddable":true,"href":"https:\/\/www.chandlerrosslaw.com\/es\/wp-json\/wp\/v2\/comments?post=18569"}],"version-history":[{"count":9,"href":"https:\/\/www.chandlerrosslaw.com\/es\/wp-json\/wp\/v2\/pages\/18569\/revisions"}],"predecessor-version":[{"id":18777,"href":"https:\/\/www.chandlerrosslaw.com\/es\/wp-json\/wp\/v2\/pages\/18569\/revisions\/18777"}],"up":[{"embeddable":true,"href":"https:\/\/www.chandlerrosslaw.com\/es\/wp-json\/wp\/v2\/pages\/18567"}],"wp:featuredmedia":[{"embeddable":true,"href":"https:\/\/www.chandlerrosslaw.com\/es\/wp-json\/wp\/v2\/media\/17437"}],"wp:attachment":[{"href":"https:\/\/www.chandlerrosslaw.com\/es\/wp-json\/wp\/v2\/media?parent=18569"}],"curies":[{"name":"wp","href":"https:\/\/api.w.org\/{rel}","templated":true}]}}