{"id":18484,"date":"2025-06-04T00:08:12","date_gmt":"2025-06-04T00:08:12","guid":{"rendered":"https:\/\/www.chandlerrosslaw.com\/?page_id=18484"},"modified":"2026-04-08T23:13:57","modified_gmt":"2026-04-08T23:13:57","slug":"abogados-especializados-en-negligencias-medicas","status":"publish","type":"page","link":"https:\/\/www.chandlerrosslaw.com\/es\/southlake\/medical-malpractice-attorneys\/","title":{"rendered":"Abogados de negligencia m\u00e9dica en Southlake"},"content":{"rendered":"<h1 class=\"wp-block-heading\">Abogados de negligencia m\u00e9dica en Southlake<\/h1>\n\n\n\n<h2 class=\"wp-block-heading\"><em>Las lesiones graves requieren una representaci\u00f3n legal seria. El equipo de Chandler Ross puede ayudarle.<\/em><\/h2>\n\n\n\n<p><a href=\"https:\/\/www.chandlerrosslaw.com\/es\/negligencia-medica\/\">Lesiones por negligencia m\u00e9dica<\/a> puede resultar especialmente dif\u00edcil. Usted acudi\u00f3 al m\u00e9dico porque ten\u00eda un problema. Confi\u00f3 en que el personal m\u00e9dico mejorar\u00eda su estado. En cambio, ahora se ve obligado a lidiar con las consecuencias de que no le hayan prestado la atenci\u00f3n necesaria.&nbsp;<\/p>\n\n\n\n<p>No tiene que luchar solo. El <a href=\"https:\/\/www.chandlerrosslaw.com\/es\/\">abogados expertos en negligencias m\u00e9dicas de Southlake en Chandler Ross<\/a> puede ayudar.<\/p>\n\n\n\n<h2 class=\"wp-block-heading\">Texas Los hospitales y las tasas de lesiones evitables<\/h2>\n\n\n\n<p>La negligencia m\u00e9dica se produce cuando el personal m\u00e9dico no cumple la norma de atenci\u00f3n que el personal responsable y formado proporcionar\u00eda normalmente en esa situaci\u00f3n.&nbsp;<\/p>\n\n\n\n<p>En Texas, los hospitales y centros quir\u00fargicos deben notificar los acontecimientos adversos evitables, o EAP, al Departamento de Servicios Estatales de Salud. Los PAE son errores m\u00e9dicos que podr\u00edan prevenirse. Aunque no todos los EAP provocan lesiones, muchos s\u00ed lo hacen. Los residentes de Texas pueden buscar los informes de los hospitales en el sitio web del DSHS.<\/p>\n\n\n\n<p>En 2022, el 11,05 por ciento de los hospitales Texas ten\u00edan tasas \"mucho m\u00e1s altas de lo esperado\" de complicaciones m\u00e9dicas evitables. Otro 11,32 por ciento ten\u00eda tasas \"m\u00e1s altas de lo esperado\", mientras que el 18,33 por ciento ten\u00eda tasas que eran \"m\u00e1s o menos como se esperaba\". El resto, es decir, el 59,3 por ciento de los hospitales Texas, tuvieron tasas de complicaciones evitables inferiores o muy inferiores a lo esperado.&nbsp;<\/p>\n\n\n\n<h2 class=\"wp-block-heading\">Errores m\u00e9dicos comunes que causan lesiones<\/h2>\n\n\n\n<p><a href=\"https:\/\/www.chandlerrosslaw.com\/es\/muerte-por-negligencia\/\">Los errores m\u00e9dicos son una causa com\u00fan de muerte<\/a> y lesiones en Estados Unidos. Un estudio de 2017 estim\u00f3 que los errores m\u00e9dicos pueden estar relacionados con hasta 251.000 muertes anuales en EE.UU.<\/p>\n\n\n\n<p>Algunos errores m\u00e9dicos son m\u00e1s comunes que otros. Las cuatro categor\u00edas m\u00e1s comunes de errores m\u00e9dicos incluyen los errores de diagn\u00f3stico, los errores quir\u00fargicos, los errores de medicaci\u00f3n y los errores de comunicaci\u00f3n entre el personal m\u00e9dico.&nbsp;<\/p>\n\n\n\n<h3 class=\"wp-block-heading\">Errores de diagn\u00f3stico<\/h3>\n\n\n\n<p>Los errores de diagn\u00f3stico son una forma com\u00fan de error m\u00e9dico. Estos errores pueden derivarse de una negligencia m\u00e9dica. Los errores de diagn\u00f3stico incluyen no diagnosticar una afecci\u00f3n, diagnosticar a un paciente una afecci\u00f3n equivocada o un retraso evitable en el diagn\u00f3stico de una afecci\u00f3n.&nbsp;<\/p>\n\n\n\n<p>Los errores de diagn\u00f3stico pueden agravar los problemas existentes. Un paciente cuya afecci\u00f3n no se diagnostica con precisi\u00f3n puede descubrir que su estado empeora. Algunas afecciones m\u00e9dicas, como ciertos c\u00e1nceres, pueden volverse intratables si no se diagnostican a tiempo.&nbsp;<\/p>\n\n\n\n<p>Cuando se produce un diagn\u00f3stico err\u00f3neo, un paciente puede recibir tratamiento para una afecci\u00f3n que no padece. Este tratamiento podr\u00eda causar problemas m\u00e9dicos adicionales, mientras que el problema original empeora.&nbsp;<\/p>\n\n\n\n<p>Un estudio sobre diagn\u00f3sticos fallidos o retrasados entre lactantes descubri\u00f3 que las lesiones cerebrales, las infecciones, las hemorragias incontroladas, la neumon\u00eda y la apendicitis eran los diagn\u00f3sticos que con m\u00e1s frecuencia se pasaban por alto. Otro estudio de adultos en atenci\u00f3n ambulatoria descubri\u00f3 que alrededor del 5,08% experimentaban errores de diagn\u00f3stico cada a\u00f1o; aproximadamente la mitad de ellos pueden causar da\u00f1os.<\/p>\n\n\n\n<h3 class=\"wp-block-heading\">Errores quir\u00fargicos<\/h3>\n\n\n\n<p>Los errores quir\u00fargicos se producen durante una intervenci\u00f3n. Incluyen operar una parte del cuerpo equivocada, dejar herramientas u objetos dentro del cuerpo o fallos del equipo de anestesia a la hora de controlar adecuadamente las constantes vitales del paciente.&nbsp;<\/p>\n\n\n\n<p>En un estudio, las cirug\u00edas err\u00f3neas m\u00e1s frecuentes fueron las de columna (22,1 por ciento), las de articulaciones (14,7 por ciento) y las de m\u00fasculos y tendones (11,8 por ciento). En el 45,6 por ciento de los casos estudiados, los pacientes necesitaron cirug\u00eda adicional. El dolor, la p\u00e9rdida de movilidad, el empeoramiento de las lesiones y las cicatrices fueron los efectos m\u00e1s frecuentes. Se produjo la muerte en el 7,4 por ciento de los casos de cirug\u00eda in situ err\u00f3nea estudiados.<\/p>\n\n\n\n<h3 class=\"wp-block-heading\">Errores de medicaci\u00f3n<\/h3>\n\n\n\n<p>Los errores de medicaci\u00f3n se producen cuando los profesionales sanitarios prescriben, dispensan o administran a un paciente el tipo, la dosis o el horario de medicaci\u00f3n equivocados. Por ejemplo, un m\u00e9dico puede recetar la medicaci\u00f3n equivocada; la farmacia puede rellenar la receta de forma incorrecta; o una enfermera u otro miembro del personal puede administrar la medicaci\u00f3n en la dosis equivocada, a la hora equivocada o al paciente equivocado.&nbsp;<\/p>\n\n\n\n<p>Los errores de medicaci\u00f3n pueden causar problemas graves. Los pacientes pueden recibir un medicamento al que son al\u00e9rgicos. Pueden recibir demasiada o muy poca cantidad de un medicamento necesario. Un error de medicaci\u00f3n puede provocar una interacci\u00f3n peligrosa con otros medicamentos que est\u00e9 tomando el paciente.&nbsp;<\/p>\n\n\n\n<p>Las tasas de muertes por envenenamiento no intencionado por drogas en Texas han aumentado en los \u00faltimos a\u00f1os. El DSHS de Texas estima que 5.094 personas murieron en Texas en 2023 por intoxicaci\u00f3n no intencionada por medicamentos, lo que supone un aumento del 3,3% respecto al a\u00f1o anterior. Esta cifra incluye tanto a los pacientes que sufrieron errores mortales de medicaci\u00f3n como a las personas que sufrieron sobredosis de sustancias fuera de un entorno m\u00e9dico.&nbsp;<\/p>\n\n\n\n<h3 class=\"wp-block-heading\">Gr\u00e1ficos y errores de comunicaci\u00f3n<\/h3>\n\n\n\n<p>Los profesionales sanitarios trabajan en equipo. Todos los miembros del equipo deben comunicarse eficazmente con los dem\u00e1s. A menudo, el centro de esta comunicaci\u00f3n es el historial del paciente.<\/p>\n\n\n\n<p>El historial m\u00e9dico de un paciente contiene informaci\u00f3n esencial sobre su salud. Puede incluir informaci\u00f3n sobre la cantidad, el tipo, la dosis y el horario de administraci\u00f3n de la medicaci\u00f3n, por ejemplo. Tambi\u00e9n puede incluir las alergias a la medicaci\u00f3n de un paciente. Cuando la informaci\u00f3n se introduce de forma inexacta o el personal no se comunica eficazmente, pueden producirse lesiones graves.&nbsp;<\/p>\n\n\n\n<p>Un estudio de 23.000 demandas por negligencia m\u00e9dica en todo el pa\u00eds descubri\u00f3 que m\u00e1s de 7.000, o un tercio del total, se deb\u00edan a fallos de comunicaci\u00f3n. Estos fallos estaban relacionados con casi 2.000 muertes evitables y miles de lesiones.&nbsp;<\/p>\n\n\n\n<p>Tambi\u00e9n pueden producirse otros errores m\u00e9dicos. No supervisar adecuadamente a un paciente puede provocar una ca\u00edda evitable, por ejemplo. La violencia en hospitales y entornos m\u00e9dicos tambi\u00e9n va en aumento, y afecta tanto al personal m\u00e9dico como a los pacientes.<\/p>\n\n\n\n<p>Estos da\u00f1os pueden ser duraderos. Un estudio revel\u00f3 que los da\u00f1os derivados de una negligencia m\u00e9dica pueden perdurar durante a\u00f1os despu\u00e9s de que se produzca la lesi\u00f3n.<\/p>\n\n\n\n<h2 class=\"wp-block-heading\">\u00bfC\u00f3mo se determina la culpa en un caso de negligencia m\u00e9dica en Southlake?<\/h2>\n\n\n\n<p>Para ser objeto de una demanda por negligencia m\u00e9dica que prospere, un error m\u00e9dico debe representar un incumplimiento de la \"norma de atenci\u00f3n\" aplicable. La norma de atenci\u00f3n es la atenci\u00f3n que un proveedor m\u00e9dico razonablemente prudente, con la formaci\u00f3n y la experiencia adecuadas, habr\u00eda prestado en la misma situaci\u00f3n.&nbsp;<\/p>\n\n\n\n<p>Demostrar un incumplimiento de la norma de atenci\u00f3n m\u00e9dica puede ser todo un reto. La ciencia m\u00e9dica puede ser compleja. A menudo, las partes necesitan la ayuda de testigos expertos para comprender los hechos en un caso concreto. Su abogado experto en lesiones m\u00e9dicas de Southlake puede ayudarle a ponerse en contacto con expertos cualificados para comprender lo sucedido y construir un caso de indemnizaci\u00f3n.&nbsp;<\/p>\n\n\n\n<h2 class=\"wp-block-heading\">Fundamentos de la Ley de Negligencia M\u00e9dica en Southlake, TX<\/h2>\n\n\n\n<p>Todas las demandas por lesiones en el Texas siguen las leyes estatales aplicables. Estas reclamaciones tambi\u00e9n se atienen a las normas y procedimientos del tribunal para reclamaciones civiles.&nbsp;<\/p>\n\n\n\n<p>Las demandas por negligencia m\u00e9dica, sin embargo, siguen reglas ligeramente diferentes. <a href=\"https:\/\/statutes.capitol.texas.gov\/docs\/cp\/htm\/cp.74.htm\" target=\"_blank\" rel=\"noreferrer noopener\">T\u00edtulo 4, Cap\u00edtulo 74 del Texas C\u00f3digo de Pr\u00e1cticas y Recursos Civiles<\/a> enumera las normas espec\u00edficas que se aplican en las demandas por negligencia m\u00e9dica.&nbsp;<\/p>\n\n\n\n<p>Seguir estas normas es esencial. Los casos que no las sigan pueden ser desestimados en los tribunales. Sin embargo, cumplir sus requisitos puede ser todo un reto. En este caso, su abogado especializado en negligencias m\u00e9dicas de Southlake es esencial. Su abogado se asegurar\u00e1 de que su caso siga las normas, para que sus necesidades puedan ser escuchadas.&nbsp;<\/p>\n\n\n\n<h3 class=\"wp-block-heading\">Plazos para presentar demandas por negligencia m\u00e9dica en Southlake<\/h3>\n\n\n\n<p>El Texas impone plazos a la presentaci\u00f3n de muchos tipos de demandas por lesiones. Las demandas por negligencia m\u00e9dica en el Texas est\u00e1n sujetas a un l\u00edmite de tiempo de dos a\u00f1os. Este plazo tambi\u00e9n se conoce como \"estatuto de limitaciones\".&nbsp;<\/p>\n\n\n\n<p>Determinar c\u00f3mo se aplica el plazo de dos a\u00f1os puede ser todo un reto. Es especialmente dif\u00edcil si su lesi\u00f3n o enfermedad tard\u00f3 alg\u00fan tiempo en desarrollarse despu\u00e9s de la negligencia m\u00e9dica que la caus\u00f3.&nbsp;<\/p>\n\n\n\n<p>Se aplica una excepci\u00f3n para <a href=\"https:\/\/www.chandlerrosslaw.com\/es\/lesiones-cerebrales-infantiles\/\">ni\u00f1os menores de 12 a\u00f1os que sufren lesiones m\u00e9dicas<\/a>. Estos pacientes tienen hasta su decimocuarto cumplea\u00f1os para presentar una demanda. Sin embargo, ninguna demanda por negligencia m\u00e9dica puede presentarse m\u00e1s de diez a\u00f1os despu\u00e9s de la fecha de la lesi\u00f3n.<\/p>\n\n\n\n<h3 class=\"wp-block-heading\">Notificaci\u00f3n de una demanda por negligencia m\u00e9dica<\/h3>\n\n\n\n<p>Una diferencia clave entre las demandas por negligencia m\u00e9dica Texas y otras <a href=\"https:\/\/www.chandlerrosslaw.com\/es\/southlake\/abogados-de-danos-personales\/\">reclamaciones por da\u00f1os personales<\/a> es el requisito de notificaci\u00f3n.\u00a0<\/p>\n\n\n\n<p>En el Texas, una persona que presenta una demanda por negligencia m\u00e9dica (tambi\u00e9n conocida como \"demanda por responsabilidad sanitaria\") debe enviar una notificaci\u00f3n por escrito de la demanda a los proveedores que piensa nombrar en el caso. Esta notificaci\u00f3n debe enviarse al menos sesenta d\u00edas antes de la presentaci\u00f3n de la demanda. Debe incluir un formulario cumplimentado autorizando la divulgaci\u00f3n de informaci\u00f3n sanitaria.&nbsp;<\/p>\n\n\n\n<p>El requisito de notificaci\u00f3n afecta a c\u00f3mo se aplica la ley de prescripci\u00f3n en el caso. Su abogado puede asegurarse de que toda esta documentaci\u00f3n se presenta correctamente.&nbsp;<\/p>\n\n\n\n<h2 class=\"wp-block-heading\">\u00bfQu\u00e9 tipos de indemnizaci\u00f3n puedo obtener por mi demanda por negligencia m\u00e9dica en Southlake?<\/h2>\n\n\n\n<p>El Texas tambi\u00e9n tiene normas que se aplican a las indemnizaciones en las demandas por negligencia m\u00e9dica. Por ejemplo, el Texas \"pone topes\" o limita los da\u00f1os no econ\u00f3micos en los casos de negligencia m\u00e9dica.&nbsp;<\/p>\n\n\n\n<p>La indemnizaci\u00f3n en cualquier caso de lesiones puede encuadrarse en dos grandes categor\u00edas: da\u00f1os econ\u00f3micos y no econ\u00f3micos.&nbsp;<\/p>\n\n\n\n<p><strong>Econ\u00f3mico <\/strong>Los da\u00f1os econ\u00f3micos se refieren a las p\u00e9rdidas financieras. Las facturas m\u00e9dicas, los salarios perdidos y los costes de reparaci\u00f3n de la propiedad son ejemplos comunes de da\u00f1os econ\u00f3micos. Esta categor\u00eda tambi\u00e9n incluye los gastos m\u00e9dicos futuros o los salarios perdidos en el futuro. Una persona que necesite cuidados m\u00e9dicos continuos por sus lesiones o que no pueda volver a trabajar puede tener derecho a da\u00f1os econ\u00f3micos por estas p\u00e9rdidas \"futuras\".&nbsp;<\/p>\n\n\n\n<p><strong>No econ\u00f3mico <\/strong>Los da\u00f1os no son p\u00e9rdidas econ\u00f3micas. A menudo incluyen dolor y sufrimiento f\u00edsico consciente, angustia mental o emocional, o la p\u00e9rdida de la capacidad de participar en aficiones, tareas dom\u00e9sticas y otras actividades vitales de las que antes disfrutaba.&nbsp;<\/p>\n\n\n\n<p>El Texas no limita los da\u00f1os econ\u00f3micos en las demandas por negligencia m\u00e9dica. Una persona lesionada puede recuperar el valor total de sus gastos m\u00e9dicos, salarios perdidos y p\u00e9rdidas econ\u00f3micas similares.<\/p>\n\n\n\n<p>Sin embargo, la ley estatal s\u00ed limita los da\u00f1os no econ\u00f3micos. Estos da\u00f1os tienen un tope de entre $250.000 y $500.000 en la mayor\u00eda de los casos. D\u00f3nde se sit\u00faa el tope en un caso concreto depende de lo ocurrido y de qui\u00e9n haya sido declarado responsable de las lesiones. Los casos con resultado de muerte limitan los da\u00f1os no econ\u00f3micos a $500.000.&nbsp;<\/p>\n\n\n\n<p>Navegar por las normas de indemnizaci\u00f3n del Texas puede ser todo un reto. Un abogado especializado en negligencias m\u00e9dicas de Southlake puede ayudarle.&nbsp;<\/p>\n\n\n\n<h2 class=\"wp-block-heading\">Hable hoy mismo con un abogado experimentado en negligencias m\u00e9dicas de Southlake<\/h2>\n\n\n\n<p>Los errores m\u00e9dicos son evitables. Cuando los m\u00e9dicos o el personal del hospital no evitan el da\u00f1o, un <a href=\"https:\/\/www.chandlerrosslaw.com\/es\/lesion-catastrofica\/\">persona herida<\/a> pueden solicitar una indemnizaci\u00f3n por los da\u00f1os sufridos.&nbsp;<\/p>\n\n\n\n<p>P\u00f3ngase en contacto hoy mismo con un abogado especializado en negligencias m\u00e9dicas de Southlake. En <a href=\"https:\/\/www.chandlerrosslaw.com\/es\/sobre-nosotros\/\">abogados en Chandler Ross<\/a> tienen experiencia ayudando a personas lesionadas en Southlake y en todo el Norte Texas. Investigaremos su caso y trabajaremos para conseguir la indemnizaci\u00f3n completa y justa que necesita. Para saber m\u00e1s, <a href=\"https:\/\/www.chandlerrosslaw.com\/es\/pongase-en-contacto-con\/\">p\u00f3ngase en contacto con nosotros<\/a>.<\/p>","protected":false},"excerpt":{"rendered":"<p>Abogados de negligencia m\u00e9dica en Southlake Las lesiones graves requieren una representaci\u00f3n legal seria. El equipo de Chandler Ross puede ayudarle. Las lesiones por negligencia m\u00e9dica pueden ser particularmente dif\u00edciles. Usted busc\u00f3 atenci\u00f3n m\u00e9dica porque ten\u00eda un problema. Confi\u00f3 en que el personal m\u00e9dico mejorar\u00eda su estado. En lugar de ello, est\u00e1 luchando contra las consecuencias de que no le proporcionaran esa atenci\u00f3n.  Usted...<\/p>","protected":false},"author":1,"featured_media":18488,"parent":18482,"menu_order":0,"comment_status":"closed","ping_status":"closed","template":"","meta":{"_acf_changed":false,"footnotes":""},"class_list":["post-18484","page","type-page","status-publish","has-post-thumbnail","hentry"],"acf":[],"_links":{"self":[{"href":"https:\/\/www.chandlerrosslaw.com\/es\/wp-json\/wp\/v2\/pages\/18484","targetHints":{"allow":["GET"]}}],"collection":[{"href":"https:\/\/www.chandlerrosslaw.com\/es\/wp-json\/wp\/v2\/pages"}],"about":[{"href":"https:\/\/www.chandlerrosslaw.com\/es\/wp-json\/wp\/v2\/types\/page"}],"author":[{"embeddable":true,"href":"https:\/\/www.chandlerrosslaw.com\/es\/wp-json\/wp\/v2\/users\/1"}],"replies":[{"embeddable":true,"href":"https:\/\/www.chandlerrosslaw.com\/es\/wp-json\/wp\/v2\/comments?post=18484"}],"version-history":[{"count":6,"href":"https:\/\/www.chandlerrosslaw.com\/es\/wp-json\/wp\/v2\/pages\/18484\/revisions"}],"predecessor-version":[{"id":19482,"href":"https:\/\/www.chandlerrosslaw.com\/es\/wp-json\/wp\/v2\/pages\/18484\/revisions\/19482"}],"up":[{"embeddable":true,"href":"https:\/\/www.chandlerrosslaw.com\/es\/wp-json\/wp\/v2\/pages\/18482"}],"wp:featuredmedia":[{"embeddable":true,"href":"https:\/\/www.chandlerrosslaw.com\/es\/wp-json\/wp\/v2\/media\/18488"}],"wp:attachment":[{"href":"https:\/\/www.chandlerrosslaw.com\/es\/wp-json\/wp\/v2\/media?parent=18484"}],"curies":[{"name":"wp","href":"https:\/\/api.w.org\/{rel}","templated":true}]}}