{"id":18448,"date":"2025-06-03T22:44:40","date_gmt":"2025-06-03T22:44:40","guid":{"rendered":"https:\/\/www.chandlerrosslaw.com\/?page_id=18448"},"modified":"2026-04-23T20:51:46","modified_gmt":"2026-04-23T20:51:46","slug":"abogado-de-accidentes-de-coche-2","status":"publish","type":"page","link":"https:\/\/www.chandlerrosslaw.com\/es\/fort-worth\/car-accident-attorney\/","title":{"rendered":"Abogado de accidentes de tr\u00e1fico en Fort Worth"},"content":{"rendered":"<h1 class=\"wp-block-heading\">Abogado de accidentes de tr\u00e1fico en Fort Worth<\/h1>\n\n\n\n<p>Un accidente de coche puede trastocar su vida en cuesti\u00f3n de segundos. Si result\u00f3 herido en un accidente automovil\u00edstico en Fort Worth, sus facturas m\u00e9dicas, los salarios perdidos y las disputas con el seguro pueden sentirse ya abrumadoras. No tiene por qu\u00e9 lidiar con todo esto usted solo. A <a href=\"https:\/\/www.chandlerrosslaw.com\/es\/accidentes-de-trafico\/\">Abogado de accidentes de coche en Fort Worth en Chandler Ross PLLC<\/a> puede ayudarle a luchar por la indemnizaci\u00f3n que merece mientras usted se centra en curarse.<\/p>\n\n\n\n<p>Con m\u00e1s de 40 a\u00f1os de experiencia combinada, <a href=\"https:\/\/www.chandlerrosslaw.com\/es\/\">Chandler Ross, Abogados de lesiones<\/a>entiende las carreteras locales, las compa\u00f1\u00edas de seguros y lo que hace falta para <a href=\"https:\/\/www.chandlerrosslaw.com\/es\/negligencia\/\">responsabilizar a los conductores negligentes en el condado de Tarrant<\/a>. Cuando se ponga en contacto con el bufete, recibir\u00e1 un apoyo jur\u00eddico estrat\u00e9gico y atento, respaldado por un profundo conocimiento local y una defensa probada en juicios. Contacte con nuestro despacho en <a href=\"tel:1-940-800-2500\">(940) 800-2500<\/a> para hablar con un <a href=\"https:\/\/www.chandlerrosslaw.com\/es\/sobre-nosotros\/\">abogado con experiencia en accidentes de tr\u00e1fico en Fort Worth en nuestro equipo<\/a>.&nbsp;<\/p>\n\n\n\n<h2 class=\"wp-block-heading\">\u00bfQu\u00e9 tan comunes son los choques automovil\u00edsticos en Fort Worth, TX?<\/h2>\n\n\n\n<p>Los accidentes de coche siguen siendo un problema frecuente y grave en Fort Worth y el condado de Tarrant. Seg\u00fan el Departamento de Transporte de Texas, 4.150 personas murieron en accidentes de tr\u00e1fico en 2024, y el coste econ\u00f3mico estimado super\u00f3 los $56.900 millones en todo el estado. El condado de Tarrant se encuentra entre los cinco primeros del Texas en cuanto a colisiones totales.<\/p>\n\n\n\n<p>En Fort Worth espec\u00edficamente, los datos recientes destacan los principales factores que contribuyen a las colisiones graves:<\/p>\n\n\n\n<ul class=\"wp-block-list\">\n<li>Falta de control de la velocidad (355);<\/li>\n\n\n\n<li>Falta de atenci\u00f3n del conductor (257);<\/li>\n\n\n\n<li>No circular por un solo carril (166);<\/li>\n\n\n\n<li>Velocidad insegura (155);<\/li>\n\n\n\n<li>Intoxicaci\u00f3n por alcohol (116); y<\/li>\n\n\n\n<li>No ceder el paso (114).&nbsp;<\/li>\n<\/ul>\n\n\n\n<p>Los viernes son especialmente peligrosos, ya que s\u00f3lo en el condado de Tarrant se producen m\u00e1s de 51.000 colisiones ese d\u00eda. Aunque octubre registra el mayor n\u00famero de colisiones en todo el estado, la mayor\u00eda <a href=\"https:\/\/www.chandlerrosslaw.com\/es\/muerte-por-negligencia\/\">accidentes mortales en el condado de Tarrant<\/a> ocurrir\u00e1 en enero.<\/p>\n\n\n\n<p>Estas cifras reflejan algo m\u00e1s que tendencias. Representan vidas que fueron alteradas permanentemente en un momento.<\/p>\n\n\n\n<h2 class=\"wp-block-heading\">\u00bfCu\u00e1les son las normas de culpabilidad de Fort Worth en los casos de accidente de tr\u00e1fico?<\/h2>\n\n\n\n<p>En Texas, la culpa decide qui\u00e9n paga tras un accidente de coche. Fort Worth sigue el <a href=\"https:\/\/www.chandlerrosslaw.com\/es\/blog\/entender-la-regla-soriano-en-texas\/\">la norma de negligencia comparativa modificada del estado<\/a>. Si usted fue responsable en menos de un 51%, a\u00fan puede recuperar los da\u00f1os. La cantidad que reciba se reducir\u00e1 en funci\u00f3n del porcentaje de culpa que comparta. Por ejemplo, si se determina que usted tuvo un 20 por ciento de culpa, su indemnizaci\u00f3n se reducir\u00e1 en ese porcentaje.<\/p>\n\n\n\n<p>Las compa\u00f1\u00edas de seguros utilizan las normas de culpa del Texas para reducir los pagos siempre que sea posible. Si dice algo que pueda tergiversarse para demostrar una culpa parcial, aunque sea por accidente, puede afectar a su caso. Por eso es tan importante documentar la escena y sus lesiones de inmediato.&nbsp;<\/p>\n\n\n\n<p>En Fort Worth, donde la congesti\u00f3n y el dise\u00f1o de las carreteras a menudo complican los escenarios de los choques, la recopilaci\u00f3n temprana de pruebas ayuda a controlar la narraci\u00f3n desde el principio. P\u00f3ngase en contacto con nuestro equipo hoy mismo para discutir sus opciones. Es tan sencillo como llamarnos al <a href=\"tel:1-940-800-2500\">(940) 800-2500<\/a>.&nbsp;<\/p>\n\n\n\n<h2 class=\"wp-block-heading\">Tipos m\u00e1s comunes de accidentes de tr\u00e1fico en Fort Worth<\/h2>\n\n\n\n<p>Cada accidente de coche es diferente, pero surgen patrones cuando se observa c\u00f3mo y d\u00f3nde ocurren la mayor\u00eda de los accidentes en Fort Worth. Estos patrones no son s\u00f3lo estad\u00edsticas. Muestran los choques que resultan en lesiones, reclamaciones de seguros impugnadas y acciones legales.<\/p>\n\n\n\n<h3 class=\"wp-block-heading\">Colisiones de coches con giro a la izquierda en Fort Worth<\/h3>\n\n\n\n<p>Los accidentes que implican giros a la izquierda se encuentran entre los tipos de colisiones m\u00e1s controvertidos y peligrosos de la ciudad. Suelen ocurrir cuando un conductor gira cruzando el tr\u00e1fico en intersecciones sin una flecha verde protegida. Cruces muy transitados como el de la avenida McCart en el bulevar Altamesa y el del bulevar Camp Bowie en la calle Horne son testigos de repetidos incidentes en los que falla el juicio o se realizan maniobras precipitadas. A menudo se discute la culpabilidad, sobre todo cuando ambos conductores afirman que ten\u00edan preferencia de paso.<\/p>\n\n\n\n<h3 class=\"wp-block-heading\">Accidentes entre coches y peatones en Fort Worth, TX<\/h3>\n\n\n\n<p>Con una poblaci\u00f3n cada vez mayor y una infraestructura peatonal limitada, Fort Worth ha experimentado un aumento del <a href=\"https:\/\/www.chandlerrosslaw.com\/es\/accidente-de-peaton\/\">accidentes con personas a pie<\/a>. Los pasos de peatones sin se\u00f1ales y los largos tramos de carretera sin aceras contribuyen al problema. Estos <a href=\"https:\/\/www.chandlerrosslaw.com\/es\/blog\/seguridad-en-la-vuelta-al-cole-en-dallas-y-el-condado-de-denton-lo-que-los-conductores-deben-saber\/\">los accidentes suelen producirse en zonas escolares<\/a>, cerca de las paradas de autob\u00fas, o a lo largo de carreteras como la avenida East Lancaster, donde el tr\u00e1fico peatonal se encuentra con coches que circulan a gran velocidad. Las lesiones suelen ser graves y, dependiendo de las condiciones de la calzada, la responsabilidad puede ser compartida entre los conductores y los organismos locales.<\/p>\n\n\n\n<h3 class=\"wp-block-heading\">Accidentes de tr\u00e1fico a alta velocidad en Fort Worth<\/h3>\n\n\n\n<p>El exceso de velocidad sigue siendo uno de los principales factores de colisiones graves en todo el condado de Tarrant. Carreteras como la interestatal 20 y la Chisholm Trail Parkway son lugares habituales de choques a alta velocidad que provocan <a href=\"https:\/\/www.chandlerrosslaw.com\/es\/lesion-catastrofica\/\">lesi\u00f3n catastr\u00f3fica<\/a>. La velocidad aumenta la fuerza del impacto y reduce el tiempo de reacci\u00f3n, lo que hace m\u00e1s dif\u00edcil evitar colisiones provocadas por frenazos bruscos, cambios de carril o restos en la carretera.<\/p>\n\n\n\n<h3 class=\"wp-block-heading\">Accidentes por conducir ebrio o drogado en Fort Worth<\/h3>\n\n\n\n<p><a href=\"https:\/\/www.chandlerrosslaw.com\/es\/accidente-por-conducir-ebrio\/\">Colisiones causadas por conductores ebrios <\/a>siguen produci\u00e9ndose en todo Fort Worth, especialmente los fines de semana y cerca de los distritos de ocio. La calle West Seventh, la avenida Magnolia y la zona de Stockyards registran accidentes de tr\u00e1fico a altas horas de la noche en los que se ven implicados conductores que pueden estar bajo los efectos del alcohol o las drogas. En estos casos, la responsabilidad suele estar clara, pero las v\u00edctimas siguen enfrent\u00e1ndose a un largo proceso para recuperar la indemnizaci\u00f3n debido a los retrasos del seguro y a posibles investigaciones penales.<\/p>\n\n\n\n<h3 class=\"wp-block-heading\">Colisiones por alcance en Fort Worth<\/h3>\n\n\n\n<p>Aunque a menudo se considera menor, <a href=\"https:\/\/www.chandlerrosslaw.com\/es\/colision-trasera\/\">choques por alcance<\/a> pueden provocar lesiones duraderas, especialmente cuando implican un impacto repentino a velocidad moderada. Suelen ocurrir cerca de las salidas de las autopistas, en las arterias de la ciudad en hora punta y en el tr\u00e1fico de parada y arranque de carreteras como North Tarrant Parkway y Western Center Boulevard. El latigazo cervical, el dolor de espalda y los traumatismos craneoencef\u00e1licos son consecuencias habituales, aunque los da\u00f1os materiales parezcan m\u00ednimos.<\/p>\n\n\n\n<h3 class=\"wp-block-heading\">Choques por no ceder el paso en Fort Worth<\/h3>\n\n\n\n<p>Las intersecciones sin una se\u00f1alizaci\u00f3n clara o un trazado complejo producen con frecuencia colisiones en las que un conductor no cede el paso. Lugares como Beach Street en Basswood Boulevard o Sycamore School Road cerca de Crowley Road son conocidos por sus estrechos \u00e1ngulos de giro y sus cortos carriles de incorporaci\u00f3n, que aumentan las posibilidades de que los conductores interpreten mal la velocidad o la direcci\u00f3n de otro veh\u00edculo.<\/p>\n\n\n\n<p>Cada uno de estos tipos de choque presenta desaf\u00edos legales. Probar la culpa, identificar todos los factores contribuyentes y documentar el alcance total del da\u00f1o son esenciales para construir una s\u00f3lida demanda por lesiones personales en Fort Worth.<\/p>\n\n\n\n<h2 class=\"wp-block-heading\">Tipos de lesiones registradas en los accidentes de Fort Worth<\/h2>\n\n\n\n<p>No todas las lesiones son evidentes en el lugar de los hechos. La adrenalina enmascara el dolor y algunas afecciones se desarrollan con el tiempo. Sin embargo, los hospitales locales como Texas Health Fort Worth y JPS Health Network ven a menudo lesiones de tejidos blandos, conmociones cerebrales y traumatismos de la columna vertebral tras colisiones de veh\u00edculos.<\/p>\n\n\n\n<p>Entre las afecciones m\u00e1s frecuentes en las demandas por accidentes de tr\u00e1fico en Fort Worth se encuentran:<\/p>\n\n\n\n<ul class=\"wp-block-list\">\n<li><strong><a href=\"https:\/\/www.chandlerrosslaw.com\/es\/fracturas-lesiones-de-tejidos-blandos\/\">Distensi\u00f3n cervical y latigazo cervical<\/a><\/strong> de colisiones por alcance en carreteras de superficie;<\/li>\n\n\n\n<li><strong><a href=\"https:\/\/www.chandlerrosslaw.com\/es\/lesion-de-espalda-cuello\/\">Da\u00f1os en la zona lumbar<\/a><\/strong>, especialmente en colisiones laterales o en forma de T;<\/li>\n\n\n\n<li><strong><a href=\"https:\/\/www.chandlerrosslaw.com\/es\/lesion-cerebral-traumatica\/\">Lesiones en la cabeza<\/a><\/strong> causados por los choques a alta velocidad en autopistas como la I-30 y la I-35W;<\/li>\n\n\n\n<li><strong>Laceraciones faciales <\/strong>y las fracturas se producen cuando los airbags se despliegan incorrectamente o fallan los cinturones de seguridad; y&nbsp;<\/li>\n\n\n\n<li><strong>Fracturas de mu\u00f1eca y brazo<\/strong> causada por el apuntalamiento antes del impacto.<\/li>\n<\/ul>\n\n\n\n<p>Los historiales m\u00e9dicos de la sala de urgencias por s\u00ed solos no siempre captan el alcance total de una lesi\u00f3n relacionada con un accidente. Los cuidados de seguimiento, los estudios de imagen y los registros de fisioterapia ayudan a hacer un seguimiento de los efectos a largo plazo, principalmente cuando la lesi\u00f3n afecta a su capacidad para trabajar o llevar a cabo las rutinas diarias.<\/p>\n\n\n\n<h2 class=\"wp-block-heading\">C\u00f3mo pueden responder los peritos de seguros a las reclamaciones por accidentes de tr\u00e1fico en Fort Worth<\/h2>\n\n\n\n<p>Una vez que se notifica un accidente, las compa\u00f1\u00edas de seguros act\u00faan con rapidez para proteger sus intereses financieros. Los peritos pueden parecer \u00fatiles en un principio, pero sus preguntas est\u00e1n dise\u00f1adas para encontrar incoherencias o admisiones que reduzcan la responsabilidad. A menudo solicitan declaraciones grabadas antes de que la v\u00edctima haya visto a un m\u00e9dico o hablado con un abogado.<\/p>\n\n\n\n<p>En los siniestros de Fort Worth, los peritos suelen argumentar que las lesiones eran preexistentes o exageradas. Cuando los choques ocurren en intersecciones, pueden asignar la culpa a ambos conductores y sugerir una divisi\u00f3n 50-50 para evitar el pago total. En los choques por alcance, pueden alegar que el conductor principal se detuvo de repente y sin motivo.<\/p>\n\n\n\n<p>La documentaci\u00f3n marca la diferencia. La copia del informe del accidente, las grabaciones de las c\u00e1maras de tr\u00e1fico de los cruces de la ciudad y las r\u00e1pidas evaluaciones m\u00e9dicas pueden evitar que el perito controle la historia.&nbsp;<\/p>\n\n\n\n<h2 class=\"wp-block-heading\">7 pasos a seguir tras un accidente de coche en Fort Worth<\/h2>\n\n\n\n<p>Lo que haga en los minutos, horas y d\u00edas siguientes a un accidente de tr\u00e1fico puede condicionar el resultado de su reclamaci\u00f3n. La acci\u00f3n m\u00e1s crucial es proteger su salud. Eso significa hacerse revisar por un m\u00e9dico aunque se sienta bien. Algunas lesiones no se manifiestan inmediatamente, y esperar puede hacer m\u00e1s dif\u00edcil relacionar su estado con el accidente m\u00e1s adelante.<\/p>\n\n\n\n<p>He aqu\u00ed algunas medidas clave que debe tomar inmediatamente despu\u00e9s de una colisi\u00f3n:<\/p>\n\n\n\n<ol class=\"wp-block-list\">\n<li>Llame al 911 y espere a que acuda la polic\u00eda. Aseg\u00farese de que el agente elabore un informe del accidente;<\/li>\n\n\n\n<li>Tome fotos y v\u00eddeos de la escena, los veh\u00edculos, las se\u00f1ales de tr\u00e1fico y las condiciones meteorol\u00f3gicas;<\/li>\n\n\n\n<li>Intercambie informaci\u00f3n de contacto y del seguro con el otro conductor;<\/li>\n\n\n\n<li>Consiga los nombres y n\u00fameros de los testigos que haya cerca;<\/li>\n\n\n\n<li>Acuda a un centro de atenci\u00f3n urgente o a un hospital lo antes posible para que le eval\u00faen; y<\/li>\n\n\n\n<li>Siga todas las instrucciones de tratamiento recomendadas y acuda a todas las citas de seguimiento.<\/li>\n\n\n\n<li><a href=\"https:\/\/www.chandlerrosslaw.com\/es\/pongase-en-contacto-con\/\">P\u00f3ngase en contacto con un abogado de lesiones personales de primera categor\u00eda de Chandler Ross Abogados de lesiones<\/a>.&nbsp;<\/li>\n<\/ol>\n\n\n\n<p>En Fort Worth, algunas intersecciones tienen c\u00e1maras operadas por el Departamento de Transporte y Obras P\u00fablicas de la ciudad. Si su accidente ocurri\u00f3 en una intersecci\u00f3n importante o cerca del centro de la ciudad, es posible que pueda solicitar estas im\u00e1genes. Su proveedor m\u00e9dico tambi\u00e9n debe saber que usted estuvo implicado en un accidente de tr\u00e1fico, para que puedan documentar adecuadamente la causa.&nbsp;<\/p>\n\n\n\n<h2 class=\"wp-block-heading\">Carreteras populares y condiciones que contribuyen a los accidentes de coche en Fort Worth<\/h2>\n\n\n\n<p>Los conductores de Fort Worth est\u00e1n familiarizados con las partes de la ciudad donde se producen accidentes repetidamente. <a href=\"https:\/\/www.chandlerrosslaw.com\/es\/blog\/un-estudio-revela-una-congestion-de-trafico-record-en-dallas-fort-worth-como-aumenta-su-riesgo-de-accidente\/\">La Loop 820 experimenta un tr\u00e1fico intenso casi todos los d\u00edas<\/a>, y esa congesti\u00f3n provoca frecuentes colisiones laterales y por alcance durante los desplazamientos matutinos y vespertinos. El este de Lancaster conlleva sus peligros, ya que combina un denso tr\u00e1fico peatonal, paradas impredecibles y veh\u00edculos que giran constantemente. La I-35W, especialmente cerca del corredor del centro, se atasca a menudo con coches que zigzaguean entre carriles, lo que provoca frenazos bruscos y aumenta el riesgo de colisiones graves.<\/p>\n\n\n\n<p>Muchas carreteras de los barrios antiguos de Fort Worth siguen dependiendo de sem\u00c3\u00a1foros anticuados y carecen de iluminaci\u00c3\u00b3n adecuada. Estas condiciones limitan la visibilidad y obligan a los conductores a tomar decisiones r\u00e1pidas con escaso aviso. El Instituto de Transporte A&amp;M de Texas ha observado que las ciudades del norte de Texas se enfrentan a problemas generalizados de retraso en la sincronizaci\u00f3n de las se\u00f1ales y a la ausencia de fases de giro a la izquierda protegidas. Estos defectos de dise\u00f1o hacen que <a href=\"https:\/\/www.chandlerrosslaw.com\/es\/intersecciones-mas-peligrosas-del-norte-de-texas\/\">intersecciones con mucho tr\u00e1fico m\u00e1s peligrosas<\/a> durante las horas punta.<\/p>\n\n\n\n<p>Los baches, las obras en las carreteras y los desv\u00edos poco claros tambi\u00e9n contribuyen a los accidentes locales. Aunque los proyectos de repavimentaci\u00f3n son habituales en toda la ciudad, el <a href=\"https:\/\/www.chandlerrosslaw.com\/es\/fort-worth\/abogados-especializados-en-lesiones-laborales\/\">zonas de obras<\/a> en ocasiones generan riesgos temporales. La falta de se\u00f1alizaci\u00f3n, los cambios de carril confusos y el agua estancada cerca de las obras de construcci\u00f3n hacen que conducir sea m\u00e1s peligroso, especialmente en zonas en r\u00e1pido desarrollo o tras las tormentas.<\/p>\n\n\n\n<p>Cuando se investiga un accidente, a menudo es importante considerar si el dise\u00f1o o el mantenimiento de la carretera contribuyeron al siniestro. Estas condiciones locales pueden ser cr\u00edticas a la hora de determinar la culpabilidad o identificar los factores contribuyentes en un accidente grave.<\/p>\n\n\n\n<h2 class=\"wp-block-heading\">Qu\u00e9 ocurre cuando en un accidente de tr\u00e1fico est\u00e1 implicado un conductor sin seguro o con seguro insuficiente<\/h2>\n\n\n\n<p>Texas ley obliga a todo conductor a llevar <a href=\"https:\/\/www.chandlerrosslaw.com\/es\/blog\/como-funciona-el-sistema-de-seguros-de-automoviles-de-texas\/\">seguro de responsabilidad civil<\/a>. A\u00fan as\u00ed, muchos conductores de Fort Worth no respetan las normas. Si el otro conductor de su accidente no ten\u00eda seguro o ten\u00eda una p\u00f3liza demasiado peque\u00f1a para cubrir sus p\u00e9rdidas, puede que tenga que presentar una reclamaci\u00f3n bajo su propia cobertura de motorista sin seguro o con seguro insuficiente.<\/p>\n\n\n\n<p>Estas reclamaciones requieren un tratamiento cuidadoso. Como en un caso normal, seguir\u00e1 necesitando demostrar la culpa y documentar sus da\u00f1os. Su proveedor de seguros puede encontrar tanta resistencia como cualquier otro. El lenguaje de la p\u00f3liza importa y se aplican los plazos, especialmente cuando se acumula la cobertura de varias p\u00f3lizas.<\/p>\n\n\n\n<p>En Fort Worth, estas reclamaciones son m\u00e1s frecuentes en los accidentes en los que el conductor se da a la fuga, huye del lugar y nunca es identificado. En esos casos, su cobertura UM se convierte en la \u00fanica opci\u00f3n. Informar a tiempo es fundamental. Si espera demasiado, la aseguradora puede argumentar que sus lesiones proceden de otra fuente o que usted no cumpli\u00f3 con los requisitos de notificaci\u00f3n.<\/p>\n\n\n\n<h2 class=\"wp-block-heading\">Comience el proceso de recuperaci\u00f3n con un abogado especializado en accidentes de tr\u00e1fico de Fort Worth en el que pueda confiar<\/h2>\n\n\n\n<p>Si ha resultado herido en un accidente en cualquier lugar de Fort Worth o de la zona del condado de Tarrant, es importante que d\u00e9 el siguiente paso con confianza. <a href=\"https:\/\/www.chandlerrosslaw.com\/es\/\">Chandler Ross PLLC<\/a> ha ayudado a personas y familias de todo el Texas a reclamar indemnizaciones por facturas m\u00e9dicas, p\u00e9rdida de ingresos y cuidados a largo plazo. El bufete sabe c\u00f3mo enfrentarse a las t\u00e1cticas agresivas de las aseguradoras, las reclamaciones complejas y el estr\u00e9s que sigue a un accidente grave. Para saber c\u00f3mo Chandler Ross, Abogados de Lesiones, puede ayudarle con su caso, llame al <a href=\"tel:+19403403020\">(940) 800-2500<\/a> hoy mismo. Tambi\u00e9n puede concertar una consulta <a href=\"https:\/\/www.chandlerrosslaw.com\/es\/pongase-en-contacto-con\/\">rellenar una solicitud en l\u00ednea<\/a>.<\/p>","protected":false},"excerpt":{"rendered":"<p>Abogado de accidentes de tr\u00e1fico en Fort Worth Un accidente de tr\u00e1fico puede trastocar su vida en cuesti\u00f3n de segundos. Si result\u00f3 herido en un accidente automovil\u00edstico en Fort Worth, las facturas m\u00e9dicas, los salarios perdidos y las disputas con el seguro pueden sentirse ya abrumadoras. Usted no tiene que lidiar con todo esto solo. Un abogado de accidentes de coche en Fort Worth...<\/p>","protected":false},"author":1,"featured_media":17307,"parent":17966,"menu_order":0,"comment_status":"closed","ping_status":"closed","template":"","meta":{"_acf_changed":false,"footnotes":""},"class_list":["post-18448","page","type-page","status-publish","has-post-thumbnail","hentry"],"acf":[],"_links":{"self":[{"href":"https:\/\/www.chandlerrosslaw.com\/es\/wp-json\/wp\/v2\/pages\/18448","targetHints":{"allow":["GET"]}}],"collection":[{"href":"https:\/\/www.chandlerrosslaw.com\/es\/wp-json\/wp\/v2\/pages"}],"about":[{"href":"https:\/\/www.chandlerrosslaw.com\/es\/wp-json\/wp\/v2\/types\/page"}],"author":[{"embeddable":true,"href":"https:\/\/www.chandlerrosslaw.com\/es\/wp-json\/wp\/v2\/users\/1"}],"replies":[{"embeddable":true,"href":"https:\/\/www.chandlerrosslaw.com\/es\/wp-json\/wp\/v2\/comments?post=18448"}],"version-history":[{"count":9,"href":"https:\/\/www.chandlerrosslaw.com\/es\/wp-json\/wp\/v2\/pages\/18448\/revisions"}],"predecessor-version":[{"id":21072,"href":"https:\/\/www.chandlerrosslaw.com\/es\/wp-json\/wp\/v2\/pages\/18448\/revisions\/21072"}],"up":[{"embeddable":true,"href":"https:\/\/www.chandlerrosslaw.com\/es\/wp-json\/wp\/v2\/pages\/17966"}],"wp:featuredmedia":[{"embeddable":true,"href":"https:\/\/www.chandlerrosslaw.com\/es\/wp-json\/wp\/v2\/media\/17307"}],"wp:attachment":[{"href":"https:\/\/www.chandlerrosslaw.com\/es\/wp-json\/wp\/v2\/media?parent=18448"}],"curies":[{"name":"wp","href":"https:\/\/api.w.org\/{rel}","templated":true}]}}