{"id":18407,"date":"2025-05-23T19:53:55","date_gmt":"2025-05-23T19:53:55","guid":{"rendered":"https:\/\/www.chandlerrosslaw.com\/?page_id=18407"},"modified":"2025-05-23T19:53:57","modified_gmt":"2025-05-23T19:53:57","slug":"abogados-de-lesiones-personales","status":"publish","type":"page","link":"https:\/\/www.chandlerrosslaw.com\/es\/highland-village\/personal-injury-attorneys\/","title":{"rendered":"Abogados de lesiones personales de Highland Village"},"content":{"rendered":"<h1 class=\"wp-block-heading\">Abogados de lesiones personales de Highland Village<\/h1>\n\n\n\n<p>Despu\u00e9s de un accidente, es f\u00e1cil sentir que todo est\u00e1 fuera de su control. Las facturas m\u00e9dicas empiezan a acumularse, el trabajo se hace imposible y las compa\u00f1\u00edas de seguros no siempre juegan limpio. Si ha sufrido lesiones debido a un accidente de coche, mordedura de perro u otro tipo de lesi\u00f3n personal en Highland Village, estamos aqu\u00ed para ayudarle.<\/p>\n\n\n\n<p>En <a href=\"https:\/\/www.chandlerrosslaw.com\/es\/\">Chandler Ross Abogados de lesiones<\/a>entendemos lo estresantes que pueden ser las secuelas de un accidente. Por eso <a href=\"https:\/\/www.chandlerrosslaw.com\/es\/sobre-nosotros\/\">nuestro equipo de abogados de lesiones personales de Highland Village<\/a> se dedica a asegurarse de que usted recupere la indemnizaci\u00f3n que merece. Con una orientaci\u00f3n atenta y personalizada, puede centrarse en seguir adelante con confianza mientras nosotros nos encargamos de los aspectos legales de su demanda por lesiones personales.<\/p>\n\n\n\n<h2 class=\"wp-block-heading\">C\u00f3mo se producen los accidentes en Highland Village<\/h2>\n\n\n\n<p>Las demandas por lesiones personales en Highland Village surgen de diversos incidentes, entre ellos <a href=\"https:\/\/www.chandlerrosslaw.com\/es\/accidentes-de-trafico\/\">coche<\/a> y <a href=\"https:\/\/www.chandlerrosslaw.com\/es\/accidente-de-un-camion-de-18-ruedas\/\">accidentes de cami\u00f3n<\/a>, ca\u00eddas en tiendas o restaurantes, mordeduras de perro y <a href=\"https:\/\/www.chandlerrosslaw.com\/es\/accidentes-por-maltrato-en-residencias-de-ancianos\/\">lesiones en residencias de ancianos<\/a> o <a href=\"https:\/\/www.chandlerrosslaw.com\/es\/lesion-laboral\/\">lugares de trabajo<\/a>. Estos accidentes suelen ser el resultado de que otra persona no act\u00fae con un cuidado razonable. Un ejemplo ser\u00eda resbalar en un suelo mojado en una tienda de comestibles porque el personal no coloc\u00f3 una se\u00f1al de advertencia, o que un coche sea atropellado por un conductor distra\u00eddo en la carretera FM 407.<br><\/p>\n\n\n\n<p>Aunque Highland Village es m\u00e1s peque\u00f1a que las ciudades cercanas de <a href=\"https:\/\/www.chandlerrosslaw.com\/es\/condado-de-denton\/abogados-de-lesiones-personales\/\">Condado de Denton<\/a>, cuenta con una pr\u00f3spera poblaci\u00f3n de 16.200 habitantes, y siguen produci\u00e9ndose accidentes con regularidad en toda la zona. La proximidad a la I-35E y a v\u00edas principales como Highland Village Road presenta el riesgo de accidentes de veh\u00edculos. En 2024, el cuerpo de bomberos de Highland Village recibi\u00f3 1.049 llamadas por incidentes de rescate y EMS, que inclu\u00edan accidentes de veh\u00edculos. <\/p>\n\n\n\n<p>Las tiendas, restaurantes y lugares de ocio alrededor de The Shops at Highland Village y a lo largo de Justin Road presentan varios <a href=\"https:\/\/www.chandlerrosslaw.com\/es\/resbalones-caidas\/\">riesgos de resbalones y ca\u00eddas<\/a>. Una iluminaci\u00f3n deficiente, suelos mojados o una seguridad inadecuada pueden dar lugar a ca\u00eddas que provoquen lesiones.<\/p>\n\n\n\n<p><a href=\"https:\/\/www.chandlerrosslaw.com\/es\/mordeduras-de-perro\/\">Mordeduras de perro<\/a> son un gran problema en Texas. En 2023, el estado registr\u00f3 411 incidentes de mordeduras de perro, ocupando el segundo lugar en la clasificaci\u00f3n del Servicio Postal de EE.UU. de estados con m\u00e1s ataques a carteros. Los espacios abiertos como Doubletree Ranch y Unity Park son hermosos pero pueden ser escenarios de lesiones por mordeduras de perro o accidentes de bicicleta. Aunque Highland Village tiene un fuerte sentido de comunidad, las residencias de ancianos y los centros de vida asistida de la zona no son inmunes a los fallos en la atenci\u00f3n que provocan lesiones a los residentes.<\/p>\n\n\n\n<h2 class=\"wp-block-heading\">Tipos de lesiones tras un accidente en Highland Village<\/h2>\n\n\n\n<p>La gama de lesiones que sufren las personas en los casos de lesiones personales en Highland Village puede variar mucho, desde molestias leves hasta afecciones a largo plazo que alteran la vida. Incluso las lesiones que parecen leves al principio pueden volverse graves con el tiempo, sobre todo si no se tratan. Lo que es importante reconocer es c\u00f3mo los diferentes tipos de lesiones pueden afectar a la salud, la vida cotidiana y la estabilidad financiera de una persona. Aunque no se trata de una lista exhaustiva, he aqu\u00ed algunas lesiones comunes que pueden sufrir las v\u00edctimas de accidentes:<\/p>\n\n\n\n<ul class=\"wp-block-list\">\n<li><strong><a href=\"https:\/\/www.chandlerrosslaw.com\/es\/lesion-cerebral-traumatica\/\">Traumatismos craneoencef\u00e1licos (TCE)<\/a>:<\/strong> Las LCT pueden ser consecuencia de accidentes de tr\u00e1fico, ca\u00eddas o golpes con un objeto. Los s\u00edntomas abarcan desde dolores de cabeza y p\u00e9rdida de memoria hasta trastornos cognitivos, cambios de humor e incluso discapacidad permanente. M\u00e1s de 144.000 residentes de Texas sufren LCT cada a\u00f1o, y alrededor del 2% de la poblaci\u00f3n del estado vive con una discapacidad relacionada con una LCT.<\/li>\n\n\n\n<li><strong><a href=\"https:\/\/www.chandlerrosslaw.com\/es\/lesion-de-espalda-cuello\/\">Lesiones de espalda y cuello<\/a>: <\/strong>Estas lesiones suelen producirse en accidentes de coche o resbalones y ca\u00eddas. Incluyen hernias discales, latigazo cervical, lesiones de la m\u00e9dula espinal y fracturas de v\u00e9rtebras. Algunos casos implican dolor cr\u00f3nico, movilidad restringida o incluso varios niveles de par\u00e1lisis, dependiendo de la gravedad de la lesi\u00f3n.<\/li>\n\n\n\n<li><strong><a href=\"https:\/\/www.chandlerrosslaw.com\/es\/fracturas-lesiones-de-tejidos-blandos\/\">Lesiones de tejidos blandos<\/a>: <\/strong>Entre ellas se incluyen los esguinces, las distensiones y las contusiones profundas. Aunque no aparezcan en una radiograf\u00eda, pueden ser dolorosas y debilitantes. Las lesiones de tejidos blandos suelen limitar el movimiento y requieren fisioterapia.\u00a0<\/li>\n\n\n\n<li><strong><a href=\"https:\/\/www.chandlerrosslaw.com\/es\/fracturas-lesiones-de-tejidos-blandos\/\">Fracturas y huesos rotos<\/a>: <\/strong>Ya sea una pierna rota por una ca\u00edda en una tienda o un brazo fracturado por un accidente de bicicleta, los huesos rotos son dolorosos y pueden tardar semanas o meses en curarse. Las v\u00edctimas suelen necesitar cirug\u00eda y fisioterapia. Entre los adultos mayores, una de cada cinco ca\u00eddas acaba en fractura, traumatismo craneoencef\u00e1lico u otra lesi\u00f3n grave.<\/li>\n\n\n\n<li><strong>Laceraciones y cortes: <\/strong>Los cortes profundos pueden da\u00f1ar nervios, tendones o m\u00fasculos, provocando infecciones o problemas de movimiento y sensibilidad a largo plazo. A veces, dejan cicatrices permanentes o requieren procedimientos cosm\u00e9ticos para reparar el da\u00f1o. Las mordeduras de perro pueden causar cortes y heridas punzantes que requieren un tratamiento r\u00e1pido.<\/li>\n\n\n\n<li><strong><a href=\"https:\/\/www.chandlerrosslaw.com\/es\/lesion-por-quemadura\/\">Quemaduras<\/a>: <\/strong>Las quemaduras pueden producirse en incendios, exposici\u00f3n a sustancias qu\u00edmicas o accidentes el\u00e9ctricos. Se clasifican por grados, siendo las quemaduras de tercer grado las m\u00e1s graves. Estas lesiones pueden provocar complicaciones graves como infecciones, cicatrices, desfiguraci\u00f3n y da\u00f1os en los nervios. La recuperaci\u00f3n puede implicar injertos de piel y un tratamiento a largo plazo.<\/li>\n<\/ul>\n\n\n\n<p>Incluso las lesiones que no requieren hospitalizaci\u00f3n inmediata pueden perturbar su vida. Puede faltar al trabajo, luchar con las tareas cotidianas o enfrentarse a facturas m\u00e9dicas cada vez m\u00e1s elevadas. En muchos casos de lesiones personales, el peaje emocional y mental es tan grave como las lesiones f\u00edsicas. Las v\u00edctimas pueden sufrir trastorno de estr\u00e9s postraum\u00e1tico, ansiedad, depresi\u00f3n o trastornos del sue\u00f1o. En Chandler Ross Injury Attorneys, creemos que cualquier indemnizaci\u00f3n que obtenga en una demanda por lesiones personales debe reconocer tambi\u00e9n las lesiones no tangibles que le caus\u00f3 su accidente, adem\u00e1s de las lesiones f\u00edsicas.<\/p>\n\n\n\n<h2 class=\"wp-block-heading\">Indemnizaci\u00f3n en un caso de lesiones personales<\/h2>\n\n\n\n<p>Cuando ha sufrido una lesi\u00f3n personal, puede tener derecho a varios tipos de indemnizaci\u00f3n, conocidos como da\u00f1os econ\u00f3micos y da\u00f1os no econ\u00f3micos. Esto incluye, pero no se limita a:<\/p>\n\n\n\n<ul class=\"wp-block-list\">\n<li>Gastos m\u00e9dicos<\/li>\n\n\n\n<li>Salarios perdidos y lucro cesante futuro<\/li>\n\n\n\n<li>Da\u00f1os materiales<\/li>\n\n\n\n<li>Angustia emocional<\/li>\n\n\n\n<li>P\u00e9rdida del disfrute de la vida<\/li>\n\n\n\n<li>Da\u00f1os punitivos en algunos casos<\/li>\n<\/ul>\n\n\n\n<p>Los da\u00f1os econ\u00f3micos, como los gastos m\u00e9dicos y los salarios perdidos, suelen ser f\u00e1ciles de calcular. Sin embargo, valorar los da\u00f1os no econ\u00f3micos como el dolor y el sufrimiento es m\u00e1s dif\u00edcil. Un abogado de lesiones personales de Highland Village puede ayudarle a identificar todas las posibles v\u00edas de indemnizaci\u00f3n tras un accidente. Trabajamos incansablemente para asegurarnos de que se tengan en cuenta todos los aspectos de su sufrimiento, desde las lesiones f\u00edsicas hasta la angustia emocional.<\/p>\n\n\n\n<h2 class=\"wp-block-heading\">La importancia de actuar a tiempo<\/h2>\n\n\n\n<p>El tiempo es esencial en los casos de lesiones personales. Texas ley impone un estatuto de limitaciones, lo que significa que usted tiene una ventana limitada para presentar una demanda. En la mayor\u00eda de las situaciones, dispone de dos a\u00f1os para emprender acciones legales. Ese reloj suele comenzar en la fecha del accidente, pero ciertos factores pueden afectar a este plazo.<\/p>\n\n\n\n<p>Esperar demasiado puede significar que el tiempo se agote y pierda la oportunidad de cobrar una indemnizaci\u00f3n. La demora tambi\u00e9n puede provocar el desvanecimiento de los recuerdos o la p\u00e9rdida de pruebas, lo que puede debilitar su reclamaci\u00f3n. <a href=\"https:\/\/www.chandlerrosslaw.com\/es\/pongase-en-contacto-con\/\">Ponerse en contacto con un abogado de lesiones personales de Highland Village<\/a> lo antes posible tras una lesi\u00f3n puede aumentar significativamente sus posibilidades de obtener un resultado satisfactorio.<\/p>\n\n\n\n<p>En Chandler Ross Injury Attorneys, nuestros abogados especializados en lesiones personales de Highland Village comprenden la urgencia de este tipo de reclamaciones. Actuar con prontitud puede marcar la diferencia en su caso. Nos permite preservar pruebas cr\u00edticas y testimonios de testigos, que pueden ser fundamentales para demostrar la responsabilidad y obtener una indemnizaci\u00f3n.<\/p>\n\n\n\n<h2 class=\"wp-block-heading\">Qu\u00e9 esperar de su abogado de lesiones personales de Highland Village<\/h2>\n\n\n\n<p><a href=\"https:\/\/www.chandlerrosslaw.com\/es\/\">Chandler Ross Abogados de lesiones<\/a> aporta d\u00e9cadas de experiencia jur\u00eddica combinada y un profundo conocimiento del sistema legal Texas a cada demanda por lesiones personales. Creemos en la comunicaci\u00f3n honesta con nuestros clientes, la preparaci\u00f3n minuciosa y la defensa agresiva desde el primer d\u00eda.\u00a0<\/p>\n\n\n\n<p><a href=\"https:\/\/www.chandlerrosslaw.com\/es\/sobre-nosotros\/\">Nuestros abogados<\/a> permanecen disponibles 24 horas al d\u00eda, 7 d\u00edas a la semana, para responder a las preguntas y proporcionar actualizaciones en cada etapa. Nos enorgullecemos de ofrecer un servicio excepcional a cada cliente que representamos, tom\u00e1ndonos el tiempo necesario para comprender su situaci\u00f3n particular. Nuestro bufete ha representado con \u00e9xito a clientes en una amplia gama de casos, desde lesiones leves hasta sucesos catastr\u00f3ficos.<\/p>\n\n\n\n<p>En Chandler Ross Injury Attorneys, contratar a un abogado de lesiones personales no tiene ning\u00fan coste por adelantado. Eso significa que usted no paga nada a menos que ganemos su caso. Tambi\u00e9n ofrecemos un <a href=\"https:\/\/www.chandlerrosslaw.com\/es\/pongase-en-contacto-con\/\">evaluaci\u00f3n gratuita del caso<\/a> para ayudarle a comprender sus opciones.<\/p>\n\n\n\n<h2 class=\"wp-block-heading\">Preguntas frecuentes sobre lesiones personales en Highland Village<\/h2>\n\n\n\n<h3 class=\"wp-block-heading\">\u00bfQu\u00e9 debo hacer inmediatamente despu\u00e9s de un accidente?<\/h3>\n\n\n\n<p>Ante todo, busque atenci\u00f3n m\u00e9dica para sus lesiones. Acudir a un m\u00e9dico le asegura recibir un tratamiento adecuado a la vez que crea documentaci\u00f3n m\u00e9dica que puede ser crucial para su reclamaci\u00f3n por lesiones personales en el futuro. A continuaci\u00f3n, re\u00fana todas las pruebas posibles, como fotos del lugar del accidente y datos de contacto de cualquier testigo.<\/p>\n\n\n\n<p>Dependiendo del tipo de accidente en el que se haya visto involucrado, inf\u00f3rmelo a las autoridades competentes, como la polic\u00eda, la direcci\u00f3n del supermercado, las autoridades competentes en materia de animales o su empleador. Por \u00faltimo, p\u00f3ngase en contacto con un abogado cualificado especializado en lesiones personales que pueda asesorarle sobre los pasos a seguir.<\/p>\n\n\n\n<h3 class=\"wp-block-heading\">\u00bfCu\u00e1nto durar\u00e1 mi caso de lesiones personales?<\/h3>\n\n\n\n<p>La duraci\u00f3n de un caso de lesiones personales var\u00eda mucho en funci\u00f3n de las particularidades de la situaci\u00f3n. Algunos casos se resuelven en pocos meses, mientras que otros pueden durar a\u00f1os, sobre todo si van a juicio. Su abogado de lesiones personales de Highland Village le proporcionar\u00e1 un calendario m\u00e1s espec\u00edfico en funci\u00f3n de los detalles de su caso.<\/p>\n\n\n\n<h3 class=\"wp-block-heading\">\u00bfPuedo presentar una demanda si tuve parte de culpa en el accidente?<\/h3>\n\n\n\n<p>S\u00ed, bajo <a href=\"https:\/\/www.chandlerrosslaw.com\/es\/negligencia\/\">La regla de la negligencia comparativa de Texas<\/a>, a\u00fan puede presentar una reclamaci\u00f3n si tiene parte de la culpa. Sin embargo, su indemnizaci\u00f3n se ver\u00e1 reducida por el porcentaje de su culpa. Si se le considera responsable en m\u00e1s de un 50%, es posible que no pueda recuperar ninguna indemnizaci\u00f3n.<\/p>\n\n\n\n<h2 class=\"wp-block-heading\">P\u00f3ngase en contacto hoy mismo con los abogados de lesiones personales de Highland Village Chandler Ross<\/h2>\n\n\n\n<p>Si se ha lesionado en Highland Village, no espere para averiguar si tiene un caso. Cuanto antes hable con un abogado de lesiones personales, m\u00e1s podremos ayudarle. Llame hoy mismo a Chandler Ross Abogados de lesiones al <a href=\"tel:1-940-800-2500\">(940) 800-2500<\/a> para una evaluaci\u00f3n gratuita de su caso. Puede esperar de nosotros que trabajemos duro y le ofrezcamos resultados. Usted no paga a menos que recuperemos una indemnizaci\u00f3n para usted.<\/p>","protected":false},"excerpt":{"rendered":"<p>Abogados de lesiones personales en Highland Village Despu\u00e9s de un accidente, es f\u00e1cil sentir que todo est\u00e1 fuera de su control. Las facturas m\u00e9dicas empiezan a acumularse, el trabajo se hace imposible y las compa\u00f1\u00edas de seguros no siempre juegan limpio. Si ha sufrido lesiones debido a un accidente de coche, mordedura de perro u otro tipo de lesi\u00f3n personal en Highland...<\/p>","protected":false},"author":1,"featured_media":17437,"parent":18395,"menu_order":0,"comment_status":"closed","ping_status":"closed","template":"","meta":{"_acf_changed":false,"footnotes":""},"class_list":["post-18407","page","type-page","status-publish","has-post-thumbnail","hentry"],"acf":[],"_links":{"self":[{"href":"https:\/\/www.chandlerrosslaw.com\/es\/wp-json\/wp\/v2\/pages\/18407","targetHints":{"allow":["GET"]}}],"collection":[{"href":"https:\/\/www.chandlerrosslaw.com\/es\/wp-json\/wp\/v2\/pages"}],"about":[{"href":"https:\/\/www.chandlerrosslaw.com\/es\/wp-json\/wp\/v2\/types\/page"}],"author":[{"embeddable":true,"href":"https:\/\/www.chandlerrosslaw.com\/es\/wp-json\/wp\/v2\/users\/1"}],"replies":[{"embeddable":true,"href":"https:\/\/www.chandlerrosslaw.com\/es\/wp-json\/wp\/v2\/comments?post=18407"}],"version-history":[{"count":7,"href":"https:\/\/www.chandlerrosslaw.com\/es\/wp-json\/wp\/v2\/pages\/18407\/revisions"}],"predecessor-version":[{"id":18414,"href":"https:\/\/www.chandlerrosslaw.com\/es\/wp-json\/wp\/v2\/pages\/18407\/revisions\/18414"}],"up":[{"embeddable":true,"href":"https:\/\/www.chandlerrosslaw.com\/es\/wp-json\/wp\/v2\/pages\/18395"}],"wp:featuredmedia":[{"embeddable":true,"href":"https:\/\/www.chandlerrosslaw.com\/es\/wp-json\/wp\/v2\/media\/17437"}],"wp:attachment":[{"href":"https:\/\/www.chandlerrosslaw.com\/es\/wp-json\/wp\/v2\/media?parent=18407"}],"curies":[{"name":"wp","href":"https:\/\/api.w.org\/{rel}","templated":true}]}}