{"id":18388,"date":"2025-05-23T19:23:08","date_gmt":"2025-05-23T19:23:08","guid":{"rendered":"https:\/\/www.chandlerrosslaw.com\/?page_id=18388"},"modified":"2025-05-23T19:23:10","modified_gmt":"2025-05-23T19:23:10","slug":"abogados-de-danos-personales","status":"publish","type":"page","link":"https:\/\/www.chandlerrosslaw.com\/es\/the-colony\/personal-injury-lawyers\/","title":{"rendered":"The Colony Abogados de lesiones personales"},"content":{"rendered":"<h1 class=\"wp-block-heading\">The Colony Abogados de lesiones personales<\/h1>\n\n\n\n<p>Un accidente puede poner su mundo patas arriba en un momento, causando dolor, preocupaci\u00f3n y costes inesperados. Si usted o un ser querido ha resultado herido en un The Colony, puede tener derecho a una indemnizaci\u00f3n por sus p\u00e9rdidas. En <a href=\"https:\/\/www.chandlerrosslaw.com\/es\/\">abogados de lesiones personales en Chandler Ross PLLC<\/a> est\u00e1n aqu\u00ed para ayudarle a lo largo del proceso legal y asegurarse de que recibe la indemnizaci\u00f3n que se merece.<\/p>\n\n\n\n<p>La situaci\u00f3n que se desencadena tras un accidente es ca\u00f3tica. Los gastos m\u00e9dicos empiezan a acumularse y los salarios perdidos por faltar al trabajo hacen que la carga financiera sea m\u00e1s dif\u00edcil de soportar. Las compa\u00f1\u00edas de seguros pueden meterle prisa para que llegue a un acuerdo por menos dinero del que necesita para cubrir sus gastos. Es posible que no sea consciente de la cantidad total de indemnizaci\u00f3n a la que tiene derecho sin la ayuda de un profesional del derecho. Obtener la <a href=\"https:\/\/www.chandlerrosslaw.com\/es\/sobre-nosotros\/\">el abogado adecuado a su lado<\/a> puede marcar la diferencia a la hora de hacer valer sus derechos y conseguir el dinero que necesita para seguir adelante.<\/p>\n\n\n\n<h2 class=\"wp-block-heading\">C\u00f3mo pueden ocurrir los accidentes en The Colony<\/h2>\n\n\n\n<p>The Colony es una ciudad pr\u00f3spera situada en <a href=\"https:\/\/www.chandlerrosslaw.com\/es\/condado-de-denton\/abogados-de-lesiones-personales\/\">Condado de Denton<\/a> con una poblaci\u00f3n de unos 45.939 habitantes. Ha recibido el sobrenombre de la Ciudad junto al Lago, con 23 millas de costa a lo largo del lago Lewisville.<\/p>\n\n\n\n<p>Las colisiones de coches, camiones y motocicletas se producen con mayor frecuencia en las carreteras principales, como la autopista 121, tambi\u00e9n conocida como Sam Rayburn Tollway. En 2023, se produjeron 677 colisiones de veh\u00edculos en The Colony. Del total de accidentes, al menos 259 se saldaron con heridos. La intersecci\u00f3n de Main Street y North Colony Boulevard es una zona en la que los veh\u00edculos tienden a colisionar con frecuencia debido al elevado volumen de tr\u00e1fico y a la congesti\u00f3n.<\/p>\n\n\n\n<p>Grandscape es uno de los mayores centros de ocio y compras del Norte Texas y acoge a miles de visitantes cada d\u00eda. Dado el gran n\u00famero de personas, pueden producirse accidentes como resbalones y ca\u00eddas o colisiones en los aparcamientos cuando no se est\u00e1 preparado para ello. Asimismo, Austin Ranch, una popular urbanizaci\u00f3n de uso mixto con apartamentos, restaurantes y oficinas, es una fuente potencial de accidentes peatonales, accidentes laborales y mordeduras de perro. Las grandes tiendas minoristas como Nebraska Furniture Mart y The Colony Marketplace reciben muchos visitantes. Lugares como las tiendas y las aceras son lugares donde pueden producirse lesiones personales.<\/p>\n\n\n\n<p>The Colony cuenta con algunas atracciones, como Fritz's Adventure y el parque acu\u00e1tico Hawaiian Waters, que tiene toboganes y otras atracciones acu\u00e1ticas. Aunque son divertidas tanto para adultos como para ni\u00f1os, tambi\u00e9n pueden causar accidentes. Entre 2022 y 2024, la ciudad tuvo aproximadamente 17 incidentes en parques de atracciones con heridos.<\/p>\n\n\n\n<h2 class=\"wp-block-heading\">Tipos de casos de lesiones personales<\/h2>\n\n\n\n<p><a href=\"https:\/\/www.chandlerrosslaw.com\/es\/danos-personales\/\">Da\u00f1os personales<\/a> puede producirse cuando una persona resulta herida por el descuido de otra. <a href=\"https:\/\/www.chandlerrosslaw.com\/es\/accidentes-de-trafico\/\">Accidentes de veh\u00edculos<\/a> se encuentran entre los tipos de casos m\u00e1s frecuentes, incluidos los coches, los todoterrenos,\u00a0<a href=\"https:\/\/www.chandlerrosslaw.com\/es\/accidente-de-un-camion-de-18-ruedas\/\">camiones<\/a>y <a href=\"https:\/\/www.chandlerrosslaw.com\/es\/lesiones-en-motocicleta\/\">motocicletas<\/a>. La mayor\u00eda de estos incidentes est\u00e1n causados por los siguientes comportamientos: conducci\u00f3n distra\u00edda, <a href=\"https:\/\/www.chandlerrosslaw.com\/es\/accidente-por-conducir-ebrio\/\">conducir bajo los efectos del alcohol<\/a>o el exceso de velocidad. En 2023, el Departamento de Transporte de Texas enumer\u00f3 el no controlar la velocidad como una de las principales causas de 135.737 accidentes en todo el estado. Las principales causas de accidentes fueron la falta de atenci\u00f3n del conductor, con 83.726, y cambiar de carril cuando no era seguro, con 49.410.<\/p>\n\n\n\n<p>Adem\u00e1s, <a href=\"https:\/\/www.chandlerrosslaw.com\/es\/accidente-de-peaton\/\">peatones<\/a> y <a href=\"https:\/\/www.chandlerrosslaw.com\/es\/accidente-de-bicicleta\/\">ciclistas<\/a> son los que corren m\u00e1s riesgo, especialmente en los cruces o aparcamientos donde los conductores pueden no ceder el paso. En 2023 se produjeron 5.921 accidentes de peatones en Texas.<\/p>\n\n\n\n<p>Adem\u00e1s de los incidentes relacionados con el tr\u00e1fico, los residentes de The Colony pueden resultar heridos en <a href=\"https:\/\/www.chandlerrosslaw.com\/es\/resbalones-caidas\/\">accidentes por resbalones y ca\u00eddas<\/a> que se producen por el estado inseguro de una propiedad ajena. Un suelo mojado, un desorden en el pasillo del supermercado, una acera agrietada o una iluminaci\u00f3n deficiente pueden provocar ca\u00eddas y lesiones importantes. <a href=\"https:\/\/www.chandlerrosslaw.com\/es\/lesion-laboral\/\">Accidentes laborales<\/a> tambi\u00e9n son un problema, ya que afectan a empleados de diferentes sectores, entre ellos <a href=\"https:\/\/www.chandlerrosslaw.com\/es\/lesiones-en-obras-de-construccion\/\">construcci\u00f3n<\/a> y el comercio minorista. Puede ser un d\u00eda de trabajo normal y convertirse en catastr\u00f3fico si no se toman medidas de seguridad.<\/p>\n\n\n\n<p>Las lesiones personales pueden derivarse de <a href=\"https:\/\/www.chandlerrosslaw.com\/es\/mordeduras-de-perro\/\">ataques de perros<\/a>cuando un propietario no ha mantenido a su mascota bajo control y, como consecuencia, una persona sufre lesiones graves. Las lesiones personales son una desgracia que puede afectar a cualquier persona de cualquier edad. Los accidentes pueden ocurrir incluso a <a href=\"https:\/\/www.chandlerrosslaw.com\/es\/accidentes-por-maltrato-en-residencias-de-ancianos\/\">residencias de ancianos<\/a> o <a href=\"https:\/\/www.chandlerrosslaw.com\/es\/accidentes-en-guarderias\/\">guarder\u00edas<\/a>.<\/p>\n\n\n\n<p>En el peor de los casos, las familias pueden perder a un miembro por la negligencia de otra parte y presentar una demanda de <a href=\"https:\/\/www.chandlerrosslaw.com\/es\/muerte-por-negligencia\/\">muerte por negligencia<\/a>. Desde el a\u00f1o 2000, las lesiones han sido la primera causa de muerte en Texas para las personas de entre 1 y 44 a\u00f1os. Las lesiones tambi\u00e9n pueden estar causadas <a href=\"https:\/\/www.chandlerrosslaw.com\/es\/negligencia\/\">negligencia<\/a> de una parte hacia otra. Cada una de estas situaciones es bastante complicada desde el punto de vista jur\u00eddico, por lo que usted <a href=\"https:\/\/www.chandlerrosslaw.com\/es\/pongase-en-contacto-con\/\">necesita tener un abogado de lesiones personales de su lado<\/a>.<\/p>\n\n\n\n<h2 class=\"wp-block-heading\">Lesiones comunes en casos de lesiones personales The Colony<\/h2>\n\n\n\n<p>Las lesiones personales pueden tener distintos niveles de intensidad, desde una ligera molestia hasta un problema grave. Cualquier cantidad de dinero que se conceda por una reclamaci\u00f3n por lesiones personales en The Colony debe reflejar el impacto que la lesi\u00f3n ha tenido en la capacidad de una persona para moverse, realizar actividades cotidianas y, en general, gozar de buena salud. Algunas lesiones pueden tratarse f\u00e1cilmente con tiempo y tratamiento, mientras que otras requieren una amplia atenci\u00f3n m\u00e9dica y pueden tener un proceso de recuperaci\u00f3n m\u00e1s largo.&nbsp;<\/p>\n\n\n\n<p>Entre las lesiones m\u00e1s comunes se incluyen las siguientes:<\/p>\n\n\n\n<ul class=\"wp-block-list\">\n<li><strong><a href=\"https:\/\/www.chandlerrosslaw.com\/es\/lesion-cerebral-traumatica\/\">Lesiones cerebrales traum\u00e1ticas (LCT)<\/a>: <\/strong>Esto puede causar p\u00e9rdida de memoria, deterioro cognitivo o discapacidad a largo plazo. M\u00e1s de 144.000 tejanos sufren una LCT cada a\u00f1o, seg\u00fan la Asociaci\u00f3n Americana de Lesiones Cerebrales. De ellos, 5.700 sufren una discapacidad permanente.<\/li>\n\n\n\n<li><strong><a href=\"https:\/\/www.chandlerrosslaw.com\/es\/lesion-de-espalda-cuello\/\">Lesiones de espalda, cuello y m\u00e9dula espinal<\/a>:<\/strong> Las lesiones de la columna vertebral pueden provocar dolor constante, p\u00e9rdida de funciones o incluso par\u00e1lisis completa. Este es uno de los tipos m\u00e1s comunes de lesiones cervicales que se producen en los accidentes de tr\u00e1fico.<\/li>\n\n\n\n<li><strong><a href=\"https:\/\/www.chandlerrosslaw.com\/es\/fracturas-lesiones-de-tejidos-blandos\/\">Huesos rotos<\/a>: <\/strong>Una fractura, que puede producirse en cualquier parte del cuerpo, suele requerir cirug\u00eda, fisioterapia y una larga recuperaci\u00f3n.<\/li>\n\n\n\n<li><strong><a href=\"https:\/\/www.chandlerrosslaw.com\/es\/lesion-por-quemadura\/\">Quemaduras<\/a>: <\/strong>Ya sea por fuego, por sustancias qu\u00edmicas o por un producto, las quemaduras son atroces y pueden desfigurar. Las consecuencias suelen ser nefastas.<\/li>\n\n\n\n<li><strong><a href=\"https:\/\/www.chandlerrosslaw.com\/es\/fracturas-lesiones-de-tejidos-blandos\/\">Lesiones de tejidos blandos<\/a>: <\/strong>Los esguinces, las distensiones y los latigazos cervicales pueden provocar molestias persistentes y p\u00e9rdida de flexibilidad.<\/li>\n\n\n\n<li><strong>Lesiones internas:<\/strong> Si no se trata inmediatamente, los da\u00f1os en los \u00f3rganos o las hemorragias internas pueden ser peligrosos.<\/li>\n<\/ul>\n\n\n\n<h2 class=\"wp-block-heading\">Tipos de indemnizaci\u00f3n por da\u00f1os personales The Colony<\/h2>\n\n\n\n<p>Cuando se produce un accidente en The Colony debido a la negligencia de otra persona, la v\u00edctima puede tener derecho a una indemnizaci\u00f3n. Los gastos sanitarios suelen ser la mayor parte de una reclamaci\u00f3n e incluyen los gastos asociados a la hospitalizaci\u00f3n, las visitas al m\u00e9dico, las intervenciones quir\u00fargicas, la rehabilitaci\u00f3n f\u00edsica y cualquier cuidado continuo que pueda ser necesario para la recuperaci\u00f3n del paciente.<\/p>\n\n\n\n<p>Los salarios perdidos tambi\u00e9n son un factor importante, ya que muchas v\u00edctimas de accidentes no pueden trabajar durante un periodo prolongado mientras se curan. En algunos casos, la lesi\u00f3n puede impedir que la persona trabaje el resto de su vida.<\/p>\n\n\n\n<p>Adem\u00e1s de las p\u00e9rdidas econ\u00f3micas, la indemnizaci\u00f3n tambi\u00e9n puede incluir da\u00f1os no pecuniarios como el dolor y el sufrimiento. El accidente puede causar mucho dolor y angustia al paciente, lo que puede afectar a su salud. Si el veh\u00edculo de la v\u00edctima o cualquier otra propiedad result\u00f3 da\u00f1ada durante el accidente, la v\u00edctima puede tener derecho al coste de las reparaciones o a la sustituci\u00f3n de la propiedad.<\/p>\n\n\n\n<p>En <a href=\"https:\/\/www.chandlerrosslaw.com\/es\/\">Chandler Ross PLLC<\/a>, nos esforzamos por conseguir la mejor indemnizaci\u00f3n por las lesiones sufridas. Esto puede incluir tanto da\u00f1os econ\u00f3micos como no econ\u00f3micos. Para las familias que han perdido a sus seres queridos a causa de un accidente, tambi\u00e9n se pueden presentar demandas por homicidio culposo, que pueden ser muy \u00fatiles para cubrir los gastos del funeral y el lucro cesante del fallecido. Cada caso es \u00fanico, por eso lo mejor es <a href=\"https:\/\/www.chandlerrosslaw.com\/es\/pongase-en-contacto-con\/\">p\u00f3ngase en contacto con uno de nuestros abogados de lesiones personales The Colony<\/a> para discutir los siguientes pasos a seguir.<\/p>\n\n\n\n<h2 class=\"wp-block-heading\">Plazo para presentar una demanda por lesiones personales en The Colony, Texas<\/h2>\n\n\n\n<p>Texas ley tiene un plazo muy limitado dentro del cual deben presentarse las demandas por lesiones personales. Normalmente, las personas disponen de dos a\u00f1os a partir de la fecha del accidente para presentar una demanda. No actuar dentro de este plazo puede significar que a uno se le niegue la oportunidad de solicitar una indemnizaci\u00f3n. No obstante, puede haber razones espec\u00edficas por las que el plazo pueda ampliarse o reducirse, por lo que es esencial acudir a un abogado lo antes posible.&nbsp;<\/p>\n\n\n\n<p>Un abogado experto en lesiones personales en The Colony puede ayudarle con su caso y garantizar que todos los documentos se presenten a tiempo. No deber\u00eda gestionar su reclamaci\u00f3n por lesiones personales usted solo porque tratar con compa\u00f1\u00edas de seguros que ponen los beneficios por encima de su proceso de curaci\u00f3n puede ser muy dif\u00edcil. Un abogado especializado en lesiones personales aporta una experiencia jur\u00eddica crucial a su situaci\u00f3n que le ayuda a comprenderla correctamente.<\/p>\n\n\n\n<p>Las compa\u00f1\u00edas de seguros emplean m\u00e9todos espec\u00edficos para reducir los importes de los pagos, como hacer valoraciones de las lesiones que favorezcan a su bando y asignar la culpa a los asegurados. La representaci\u00f3n legal es crucial porque, sin ella, las personas pueden convertirse f\u00e1cilmente en v\u00edctimas de trampas de las aseguradoras que pueden privarles de su justa indemnizaci\u00f3n.<\/p>\n\n\n\n<p>Un abogado experimentado en lesiones personales trabajar\u00e1 con historiales m\u00e9dicos, declaraciones de testigos e informes de accidentes para crear pruebas s\u00f3lidas para su caso. Un abogado tambi\u00e9n negociar\u00e1 con las compa\u00f1\u00edas de seguros, asegur\u00e1ndose de que usted reciba un acuerdo justo que refleje el alcance total de sus da\u00f1os.&nbsp;<\/p>\n\n\n\n<h2 class=\"wp-block-heading\">P\u00f3ngase en contacto con Chandler Ross PLLC hoy mismo para una consulta gratuita<\/h2>\n\n\n\n<p>Las personas que sufrieron lesiones en la zona de Colony, Texas, deben buscar asistencia jur\u00eddica inmediatamente. <a href=\"https:\/\/www.chandlerrosslaw.com\/es\/\">Chandler Ross Abogados de lesiones<\/a> es un bufete de abogados que protege agresivamente a las personas que sufren lesiones. Nuestro bufete ofrece <a href=\"https:\/\/www.chandlerrosslaw.com\/es\/pongase-en-contacto-con\/\">evaluaciones gratuitas de casos<\/a> mientras operamos sobre la base de honorarios de contingencia, lo que significa que no tendr\u00e1 que pagar por su caso a menos que logremos una victoria.<\/p>\n\n\n\n<p>P\u00f3ngase en contacto con nuestros abogados especializados en lesiones personales The Colony en <a href=\"tel:1-940-800-2500\">(940) 800-2500<\/a> para programar una consulta gratuita sobre su caso y descubrir nuestro plan para obtener la indemnizaci\u00f3n adecuada.<\/p>","protected":false},"excerpt":{"rendered":"<p>The Colony Abogados de lesiones personales Un accidente puede poner su mundo patas arriba en un momento, causando dolor, preocupaci\u00f3n y costes inesperados. Si usted o un ser querido ha resultado herido en The Colony, puede tener derecho a una indemnizaci\u00f3n por sus p\u00e9rdidas. Los abogados de lesiones personales de Chandler Ross PLLC est\u00e1n aqu\u00ed para ayudarle...<\/p>","protected":false},"author":1,"featured_media":17437,"parent":18386,"menu_order":0,"comment_status":"closed","ping_status":"closed","template":"","meta":{"_acf_changed":false,"footnotes":""},"class_list":["post-18388","page","type-page","status-publish","has-post-thumbnail","hentry"],"acf":[],"_links":{"self":[{"href":"https:\/\/www.chandlerrosslaw.com\/es\/wp-json\/wp\/v2\/pages\/18388","targetHints":{"allow":["GET"]}}],"collection":[{"href":"https:\/\/www.chandlerrosslaw.com\/es\/wp-json\/wp\/v2\/pages"}],"about":[{"href":"https:\/\/www.chandlerrosslaw.com\/es\/wp-json\/wp\/v2\/types\/page"}],"author":[{"embeddable":true,"href":"https:\/\/www.chandlerrosslaw.com\/es\/wp-json\/wp\/v2\/users\/1"}],"replies":[{"embeddable":true,"href":"https:\/\/www.chandlerrosslaw.com\/es\/wp-json\/wp\/v2\/comments?post=18388"}],"version-history":[{"count":4,"href":"https:\/\/www.chandlerrosslaw.com\/es\/wp-json\/wp\/v2\/pages\/18388\/revisions"}],"predecessor-version":[{"id":18392,"href":"https:\/\/www.chandlerrosslaw.com\/es\/wp-json\/wp\/v2\/pages\/18388\/revisions\/18392"}],"up":[{"embeddable":true,"href":"https:\/\/www.chandlerrosslaw.com\/es\/wp-json\/wp\/v2\/pages\/18386"}],"wp:featuredmedia":[{"embeddable":true,"href":"https:\/\/www.chandlerrosslaw.com\/es\/wp-json\/wp\/v2\/media\/17437"}],"wp:attachment":[{"href":"https:\/\/www.chandlerrosslaw.com\/es\/wp-json\/wp\/v2\/media?parent=18388"}],"curies":[{"name":"wp","href":"https:\/\/api.w.org\/{rel}","templated":true}]}}