{"id":18375,"date":"2025-05-22T23:57:02","date_gmt":"2025-05-22T23:57:02","guid":{"rendered":"https:\/\/www.chandlerrosslaw.com\/?page_id=18375"},"modified":"2026-02-04T00:45:06","modified_gmt":"2026-02-04T00:45:06","slug":"abogados-de-lesiones-personales","status":"publish","type":"page","link":"https:\/\/www.chandlerrosslaw.com\/es\/denton-county\/personal-injury-attorneys\/","title":{"rendered":"Denton Abogados de lesiones personales del condado"},"content":{"rendered":"<h1 class=\"wp-block-heading\">Denton Abogados de lesiones personales del condado<\/h1>\n\n\n\n<p>Los accidentes de la vida pueden crear un caos instant\u00e1neo que le deje lidiando con da\u00f1os f\u00edsicos a la vez que se enfrenta tanto a angustia emocional como a dificultades monetarias. Tiene derecho a obtener una reparaci\u00f3n financiera completa por sus lesiones y los gastos asociados. Cuando vive en el condado de Denton, necesita <a href=\"https:\/\/www.chandlerrosslaw.com\/es\/danos-personales\/\">representaci\u00f3n de confianza de abogados especializados en lesiones personales<\/a> para gestionar sus accidentes porque el condado permanece en constante actividad. El equipo de&nbsp;<a href=\"https:\/\/www.chandlerrosslaw.com\/es\/\">Chandler Ross PLLC<\/a> le ofrece orientaci\u00f3n cualificada para ayudarle a gestionar los accidentes gracias a su dedicaci\u00f3n a un servicio de calidad.<\/p>\n\n\n\n<h2 class=\"wp-block-heading\">Comprender las demandas por da\u00f1os personales en el condado de Denton<\/h2>\n\n\n\n<p>Tras los accidentes surgen una gran variedad de preguntas, como por ejemplo \u00bfQui\u00e9n tiene la culpa? \u00bfQu\u00e9 arreglo requerir\u00e1 el pago de las facturas m\u00e9dicas? \u00bfY los salarios perdidos? Sus preguntas v\u00e1lidas necesitan respuesta para proteger sus derechos y obtener al mismo tiempo una indemnizaci\u00f3n adecuada.<\/p>\n\n\n\n<p>En el condado de Denton, las demandas por lesiones personales se derivan de diferentes situaciones, entre ellas <a href=\"https:\/\/www.chandlerrosslaw.com\/es\/accidentes-de-trafico\/\">colisiones de veh\u00edculos de motor<\/a>, <a href=\"https:\/\/www.chandlerrosslaw.com\/es\/mordeduras-de-perro\/\">ataques de mascotas<\/a>, <a href=\"https:\/\/www.chandlerrosslaw.com\/es\/seguridad-inadecuada\/\">percances en la construcci\u00f3n<\/a>, <a href=\"https:\/\/www.chandlerrosslaw.com\/es\/accidentes-por-maltrato-en-residencias-de-ancianos\/\">incidentes en residencias de ancianos<\/a>y <a href=\"https:\/\/www.chandlerrosslaw.com\/es\/condado-de-denton\/abogados-especializados-en-lesiones-laborales\/\">accidentes laborales<\/a>. La v\u00edctima sufre lesiones personales como resultado de las acciones descuidadas de otra persona. Una persona podr\u00eda sufrir un accidente en una tienda por el estado peligroso del suelo cuando los propietarios descuidan sus responsabilidades de mantenimiento o sufrir una colisi\u00f3n automovil\u00edstica porque un conductor utiliza su smartphone.<\/p>\n\n\n\n<p>La ley permite a las v\u00edctimas de acciones negligentes que provocan da\u00f1os personales exigir una indemnizaci\u00f3n a trav\u00e9s de una demanda por lesiones personales. Cada caso concreto requiere un tratamiento especial basado en sus hechos y participantes \u00fanicos. <a href=\"https:\/\/www.chandlerrosslaw.com\/es\/sobre-nosotros\/\">Nuestros abogados de lesiones personales del condado de Denton<\/a> guiarle a trav\u00e9s del proceso legal Texas para tramitar su reclamaci\u00f3n con eficacia y eficiencia.<\/p>\n\n\n\n<p>Chandler Ross PLLC proporciona a sus clientes una evaluaci\u00f3n completa de sus necesidades particulares al tiempo que obtiene pruebas cruciales para apoyar sus casos. El bufete trabaja para obtener el acuerdo m\u00e1s alto posible a trav\u00e9s de una total transparencia durante todo el proceso. Nuestra representaci\u00f3n legal permanece centrada en el cliente a lo largo de cada etapa de su caso.<\/p>\n\n\n\n<h2 class=\"wp-block-heading\">Lugares comunes de accidentes en el condado de Denton<\/h2>\n\n\n\n<p>Denton es la ciudad m\u00e1s grande del condado de Denton, con 169 843 habitantes registrados. La posibilidad de que se produzcan accidentes con lesiones personales existe en todas partes, desde las carreteras hasta los establecimientos comerciales. La autopista I-35E y la Loop 288, junto con University Drive, sufren accidentes de tr\u00e1fico con regularidad. El n\u00famero de accidentes en el condado de Denton alcanz\u00f3 los 12 177 durante 2023. Las estad\u00edsticas muestran que se produjeron lesiones en 1,666 accidentes y muertes en 52 casos.<\/p>\n\n\n\n<p>Las zonas con mucho tr\u00e1fico ponen en peligro a los peatones y ciclistas. El n\u00famero de <a href=\"https:\/\/www.chandlerrosslaw.com\/es\/accidente-de-peaton\/\">accidentes de peatones<\/a> a trav\u00e9s de Texas alcanz\u00f3 los 5.921 durante 2023.<\/p>\n\n\n\n<p>El <a href=\"https:\/\/www.chandlerrosslaw.com\/es\/intersecciones-mas-peligrosas-del-norte-de-texas\/\">combinaci\u00f3n de autopistas e intersecciones muy transitadas<\/a> causa la mayor\u00eda de los accidentes de veh\u00edculos en el condado de Denton, pero diversos lugares de la regi\u00f3n generan peligros que pueden provocar lesiones graves. La mayor\u00eda de los casos de lesiones personales en el condado de Denton ocurren en lugares corrientes donde los residentes residen y realizan sus compras y actividades sociales.<\/p>\n\n\n\n<p>Los centros comerciales Golden Triangle Mall, Denton Crossing y Rayzor Ranch Marketplace atraen a muchos visitantes que pueden sufrir resbalones y ca\u00eddas debido a suelos mojados y superficies irregulares. <a href=\"https:\/\/www.chandlerrosslaw.com\/es\/resbalones-caidas\/\">Resbalones y ca\u00eddas<\/a> se encuentran entre las principales causas de lesiones personales derivadas de accidentes. Las estad\u00edsticas muestran que el 15% de las muertes en el lugar de trabajo Texas se derivan de accidentes con ca\u00eddas.<\/p>\n\n\n\n<p>Los restaurantes, bares y locales de ocio situados en la plaza Denton experimentan diversos incidentes, como peligros de tropiezos y reclamaciones relacionadas con la seguridad. North Lakes Park y South Lakes Park sirven como lugares de <a href=\"https:\/\/www.chandlerrosslaw.com\/es\/mordeduras-de-perro\/\">incidentes de mordeduras de perro<\/a>. Seg\u00fan el Servicio Postal de EE.UU., Texas se clasific\u00f3 como el estado con m\u00e1s mordeduras de perro del pa\u00eds en 2023. Durante ese a\u00f1o Texas registr\u00f3 411 incidentes de mordeduras de perro en el estado.<\/p>\n\n\n\n<h2 class=\"wp-block-heading\">Tipos de lesiones<\/h2>\n\n\n\n<p>La variedad de lesiones resultantes de accidentes personales oscila entre da\u00f1os m\u00ednimos y graves debilitantes. El alcance de una lesi\u00f3n tiende a aumentar en funci\u00f3n del tipo de accidente, la fuerza del impacto y las condiciones de salud. Algunos ejemplos de lesiones que pueden surgir en casos de lesiones personales incluyen:<\/p>\n\n\n\n<ul class=\"wp-block-list\">\n<li><a href=\"https:\/\/www.chandlerrosslaw.com\/es\/lesion-cerebral-traumatica\/\">Lesiones cerebrales traum\u00e1ticas<\/a><\/li>\n\n\n\n<li><a href=\"https:\/\/www.chandlerrosslaw.com\/es\/lesion-de-espalda-cuello\/\">Lesiones de espalda y cuello<\/a><\/li>\n\n\n\n<li><a href=\"https:\/\/www.chandlerrosslaw.com\/es\/lesion-por-quemadura\/\">Quemaduras<\/a><\/li>\n\n\n\n<li><a href=\"https:\/\/www.chandlerrosslaw.com\/es\/fracturas-lesiones-de-tejidos-blandos\/\">Fracturas y lesiones de tejidos blandos<\/a><\/li>\n\n\n\n<li>Cortes y laceraciones<\/li>\n\n\n\n<li>Lesiones internas<\/li>\n<\/ul>\n\n\n\n<p>Las peque\u00f1as lesiones suelen crear diversas complicaciones que conllevan gastos m\u00e9dicos continuos al tiempo que alteran las rutinas diarias. Si <a href=\"https:\/\/www.chandlerrosslaw.com\/es\/negligencia\/\">negligencia<\/a> caus\u00f3 su lesi\u00f3n, nuestros abogados de lesiones personales del condado de Denton pueden ayudarle a recibir pagos m\u00e9dicos por su p\u00e9rdida salarial y sufrimiento.<\/p>\n\n\n\n<h2 class=\"wp-block-heading\">C\u00f3mo su abogado de lesiones personales desempe\u00f1a un papel vital en su proceso de recuperaci\u00f3n<\/h2>\n\n\n\n<p>El proceso de recuperaci\u00f3n de un accidente implica algo m\u00e1s que lesiones f\u00edsicas; requiere tanto bienestar emocional como financiero. El camino hacia la recuperaci\u00f3n requiere la ayuda profesional de un abogado especializado en lesiones personales que proporcione asesoramiento jur\u00eddico durante todo el proceso.<\/p>\n\n\n\n<p><a href=\"https:\/\/www.chandlerrosslaw.com\/es\/sobre-nosotros\/\">Los abogados de lesiones personales de nuestro bufete del condado de Denton<\/a> entienden c\u00f3mo afectan los accidentes a las personas. Nuestro equipo se esfuerza por simplificar el proceso legal para que usted pueda concentrarse en su recuperaci\u00f3n. Desde la gesti\u00f3n de toda la correspondencia con los proveedores de seguros hasta la gesti\u00f3n de los expedientes y el cumplimiento de los plazos, Chandler Ross PLLC gestiona el proceso integral que conduce al acuerdo o a la indemnizaci\u00f3n judicial que usted se merece. La representaci\u00f3n legal que le proporcionamos se traduce en una indemnizaci\u00f3n que incluye los gastos sanitarios actuales, las necesidades m\u00e9dicas futuras, la p\u00e9rdida de ingresos y el malestar psicol\u00f3gico.<\/p>\n\n\n\n<p>Nuestro equipo entre bastidores sigue protegiendo sus derechos legales y su seguridad futura mientras usted trabaja para restablecer su salud y estabilidad. Chandler Ross PLLC es el equipo con el que puede contar para obtener los mejores resultados.<\/p>\n\n\n\n<h2 class=\"wp-block-heading\">3 pasos a seguir tras un accidente en el condado de Denton<\/h2>\n\n\n\n<p>Las secuelas de un accidente pueden producir confusi\u00f3n entre las personas que lo sufren. Conocer los procedimientos adecuados defender\u00e1 sus derechos a la vez que crear\u00e1 una base s\u00f3lida para su demanda por lesiones personales.<\/p>\n\n\n\n<ol class=\"wp-block-list\">\n<li>D\u00e9 prioridad a su salud. Tan pronto como sea posible, busque ayuda m\u00e9dica independientemente de la gravedad aparente de sus lesiones. El m\u00e9dico le har\u00e1 una evaluaci\u00f3n precisa, aunque algunas afecciones no aparezcan inmediatamente.<\/li>\n\n\n\n<li>Acumule toda la informaci\u00f3n que pueda. Grabe la escena desde distintos \u00e1ngulos y obtenga informaci\u00f3n de contacto de los testigos mientras documenta cada detalle del accidente. Esta informaci\u00f3n recopilada se convierte en una prueba vital para demostrar su demanda por lesiones personales.<\/li>\n\n\n\n<li>Notif\u00edquelo a las autoridades competentes al tiempo que cumplimenta el informe policial necesario. Su documentaci\u00f3n oficial sirve como prueba esencial que apoya su reclamaci\u00f3n. P\u00f3ngase en contacto con un abogado de lesiones personales del condado de Denton lo antes posible. Su abogado necesitar\u00e1 reunir pruebas y entrevistar a testigos antes de que los detalles se desvanezcan mientras prepara su caso legal.<\/li>\n<\/ol>\n\n\n\n<p>Recuerde que el tiempo es esencial. La ley Texas impone un plazo de prescripci\u00f3n a las demandas por lesiones personales. Actuar con rapidez le ayudar\u00e1 a mantener su derecho a recibir una indemnizaci\u00f3n. <a href=\"https:\/\/www.chandlerrosslaw.com\/es\/\">Chandler Ross PLLC<\/a> le proporciona una representaci\u00f3n legal de calidad para que pueda iniciar estos pasos con la seguridad de que cuenta con ayuda profesional de su lado.<\/p>\n\n\n\n<h2 class=\"wp-block-heading\">Qu\u00e9 esperar de su abogado de lesiones personales del condado de Denton<\/h2>\n\n\n\n<p>La experiencia resulta esencial cuando se trata de intrincadas demandas por lesiones personales. Sus derechos legales reciben la m\u00e1xima protecci\u00f3n cuando cuenta con un abogado con amplia experiencia en el cambiante entorno legal. Nuestro bufete de lesiones personales lleva funcionando m\u00e1s de cuatro d\u00e9cadas, y prestamos servicios excepcionales a nuestros clientes. Nuestro equipo mantiene una comunicaci\u00f3n abierta mediante una disponibilidad y capacidad de respuesta frecuentes para que usted se mantenga al d\u00eda sobre su caso.<\/p>\n\n\n\n<p>Su caso recibe una evaluaci\u00f3n completa durante su primera reuni\u00f3n con nosotros. Durante nuestra conversaci\u00f3n, expondremos sus objetivos y preocupaciones antes de explicarle la verdad sobre el potencial de su reclamaci\u00f3n y describirle nuestra estrategia prevista para obtener una indemnizaci\u00f3n.<\/p>\n\n\n\n<p>Nuestros abogados de lesiones personales del condado de Denton trabajan incansablemente para desarrollar un caso s\u00f3lido que represente sus necesidades. Nuestro equipo recopila pruebas minuciosas a la vez que busca la opini\u00f3n de expertos cuando es necesario. Nuestro equipo legal en Chandler Ross PLLC mantiene tanto la tenacidad como la meticulosa atenci\u00f3n a los detalles durante las negociaciones para llegar a un acuerdo y la preparaci\u00f3n del juicio.<\/p>\n\n\n\n<h2 class=\"wp-block-heading\">Preguntas frecuentes sobre lesiones personales en el condado de Denton<\/h2>\n\n\n\n<h3 class=\"wp-block-heading\">\u00bfQu\u00e9 debe hacer si una compa\u00f1\u00eda de seguros se pone en contacto con usted despu\u00e9s de un accidente?<\/h3>\n\n\n\n<p>Cuando una compa\u00f1\u00eda de seguros se ponga en contacto con usted tras un accidente, permanezca atento a su respuesta. Aunque la compa\u00f1\u00eda se presente con un comportamiento amistoso, su objetivo principal sigue siendo minimizar los importes de los pagos. Antes de hacer ninguna declaraci\u00f3n a las compa\u00f1\u00edas de seguros, debe pedir consejo a un abogado de lesiones personales del condado de Denton. Nuestro equipo dirigir\u00e1 sus acciones al tiempo que salvaguardar\u00e1 sus derechos durante todo el proceso.<\/p>\n\n\n\n<h3 class=\"wp-block-heading\">\u00bfDe cu\u00e1nto tiempo dispongo para presentar una demanda por da\u00f1os personales en el condado de Denton?<\/h3>\n\n\n\n<p>La ley Texas establece un plazo de dos a\u00f1os para que comiencen las reclamaciones por da\u00f1os personales tras un accidente documentado. Su situaci\u00f3n espec\u00edfica podr\u00eda tener excepciones adicionales que podr\u00edan aplicarse a su caso. <a href=\"https:\/\/www.chandlerrosslaw.com\/es\/pongase-en-contacto-con\/\">Ponerse en contacto con un abogado de lesiones personales del condado de Denton<\/a> le ayuda inmediatamente a cumplir todos los plazos necesarios al tiempo que protege su derecho a recibir una indemnizaci\u00f3n.<\/p>\n\n\n\n<h3 class=\"wp-block-heading\">\u00bfTengo fondos suficientes para contratar a un abogado para mi caso de lesiones personales?<\/h3>\n\n\n\n<p>Denton-based Chandler Ross PLLC reconoce c\u00f3mo los accidentes pueden crear dificultades financieras para nuestros clientes. Nuestro bufete de abogados opera sobre la base de honorarios condicionales, lo que significa que los clientes no necesitan pagar por nuestros servicios hasta que reciban un acuerdo o una victoria en el juicio. Nuestros clientes acceden a excelentes servicios jur\u00eddicos sin necesidad de pagar honorarios iniciales, ya que los problemas financieros no bloquear\u00e1n su camino hacia la justicia. Tambi\u00e9n ofrecemos una evaluaci\u00f3n gratuita del caso.<\/p>\n\n\n\n<h2 class=\"wp-block-heading\">P\u00f3ngase en contacto hoy mismo con nuestros abogados de lesiones personales del condado de Denton en Chandler Ross PLLC<\/h2>\n\n\n\n<p>Las personas que han sufrido lesiones por accidentes no deben demorarse en informarse sobre las demandas por da\u00f1os personales que puedan generar indemnizaciones. <a href=\"https:\/\/maps.app.goo.gl\/2KwnXzL8zacLurdn6\" target=\"_blank\" rel=\"noreferrer noopener\">Nuestro bufete de abogados opera desde Denton<\/a> y presta servicios en todo el Norte Texas. Contacte con nosotros en <a href=\"tel:1-940-800-2500\">(940) 800-2500<\/a> para concertar la evaluaci\u00f3n gratuita de su caso y descubrir c\u00f3mo puede ayudarle nuestro bufete. La mayor\u00eda de los clientes pagan sus gastos por lesiones personales s\u00f3lo cuando obtienen un acuerdo o una victoria en los tribunales.<\/p>","protected":false},"excerpt":{"rendered":"<p>Denton Abogados de lesiones personales en el condado Los accidentes de la vida pueden crear un caos instant\u00e1neo que le deje lidiando con da\u00f1os f\u00edsicos a la vez que se enfrenta tanto a angustia emocional como a dificultades monetarias. Tiene derecho a obtener una reparaci\u00f3n econ\u00f3mica completa por sus lesiones y los gastos asociados. Cuando vive en el condado de Denton, necesita una representaci\u00f3n de confianza por parte de...<\/p>","protected":false},"author":1,"featured_media":17437,"parent":18369,"menu_order":0,"comment_status":"closed","ping_status":"closed","template":"","meta":{"_acf_changed":false,"footnotes":""},"class_list":["post-18375","page","type-page","status-publish","has-post-thumbnail","hentry"],"acf":[],"_links":{"self":[{"href":"https:\/\/www.chandlerrosslaw.com\/es\/wp-json\/wp\/v2\/pages\/18375","targetHints":{"allow":["GET"]}}],"collection":[{"href":"https:\/\/www.chandlerrosslaw.com\/es\/wp-json\/wp\/v2\/pages"}],"about":[{"href":"https:\/\/www.chandlerrosslaw.com\/es\/wp-json\/wp\/v2\/types\/page"}],"author":[{"embeddable":true,"href":"https:\/\/www.chandlerrosslaw.com\/es\/wp-json\/wp\/v2\/users\/1"}],"replies":[{"embeddable":true,"href":"https:\/\/www.chandlerrosslaw.com\/es\/wp-json\/wp\/v2\/comments?post=18375"}],"version-history":[{"count":4,"href":"https:\/\/www.chandlerrosslaw.com\/es\/wp-json\/wp\/v2\/pages\/18375\/revisions"}],"predecessor-version":[{"id":19108,"href":"https:\/\/www.chandlerrosslaw.com\/es\/wp-json\/wp\/v2\/pages\/18375\/revisions\/19108"}],"up":[{"embeddable":true,"href":"https:\/\/www.chandlerrosslaw.com\/es\/wp-json\/wp\/v2\/pages\/18369"}],"wp:featuredmedia":[{"embeddable":true,"href":"https:\/\/www.chandlerrosslaw.com\/es\/wp-json\/wp\/v2\/media\/17437"}],"wp:attachment":[{"href":"https:\/\/www.chandlerrosslaw.com\/es\/wp-json\/wp\/v2\/media?parent=18375"}],"curies":[{"name":"wp","href":"https:\/\/api.w.org\/{rel}","templated":true}]}}