{"id":18080,"date":"2025-05-22T21:16:37","date_gmt":"2025-05-22T21:16:37","guid":{"rendered":"https:\/\/www.chandlerrosslaw.com\/?page_id=18080"},"modified":"2025-05-23T00:01:16","modified_gmt":"2025-05-23T00:01:16","slug":"danos-personales","status":"publish","type":"page","link":"https:\/\/www.chandlerrosslaw.com\/es\/personal-injury\/","title":{"rendered":"Lesiones personales"},"content":{"rendered":"<h1 class=\"wp-block-heading\">Denton Abogados de lesiones personales<\/h1>\n\n\n\n<h2 class=\"wp-block-heading\"><em>Abogados experimentados en lesiones personales luchan para proteger a sus clientes en todo el condado de Denton y el norte de Texas<\/em><\/h2>\n\n\n\n<p>Denton es <a href=\"https:\/\/www.chandlerrosslaw.com\/es\/condado-de-denton\/abogados-de-lesiones-personales\/\">Condado de Denton<\/a>'s la ciudad m\u00e1s grande - y a menudo la m\u00e1s concurrida. Con una poblaci\u00f3n cercana a los 170.000 habitantes en 2025, Denton est\u00e1 creciendo r\u00e1pidamente. La ciudad es un centro de negocios y viajes, con trabajadores, estudiantes y otros visitantes que se desplazan diariamente.\u00a0<\/p>\n\n\n\n<p>Con tanta actividad, el Denton tambi\u00e9n puede ser escenario de lesiones graves. Los accidentes de coche, las lesiones en el trabajo, los resbalones y ca\u00eddas en un negocio u otro edificio, y otros escenarios pueden causar da\u00f1os graves.&nbsp;<\/p>\n\n\n\n<p>Si ha resultado herido en Denton o en una localidad cercana del norte de Texas, <a href=\"https:\/\/www.chandlerrosslaw.com\/es\/pongase-en-contacto-con\/\">hable con un abogado con experiencia<\/a> lo antes posible. El equipo de <a href=\"https:\/\/www.chandlerrosslaw.com\/es\/\">Chandler Ross<\/a> puede ayudar.&nbsp;<\/p>\n\n\n\n<h2 class=\"wp-block-heading\">Estad\u00edsticas de lesiones personales en Denton<\/h2>\n\n\n\n<p>Las lesiones graves pueden producirse en Denton de muchas maneras. Los accidentes de coche, los accidentes por resbalones y ca\u00eddas, las lesiones en el trabajo, las mordeduras de perro y otros escenarios pueden causar lesiones potencialmente mortales con consecuencias permanentes. En algunos casos, estas lesiones resultan mortales.<\/p>\n\n\n\n<p>Una persona lesionada puede solicitar una indemnizaci\u00f3n por sus lesiones si \u00e9stas fueron causadas por la negligencia de otra persona o empresa. <a href=\"https:\/\/www.chandlerrosslaw.com\/es\/negligencia\/\">Negligencia<\/a> se produce cuando alguien con el deber de emplear un cuidado razonable para evitar un da\u00f1o no lo hace. Este incumplimiento se denomina \"violaci\u00f3n\" del deber de emplear un cuidado razonable.&nbsp;<\/p>\n\n\n\n<p>La negligencia, la imprudencia o el mal comportamiento intencionado pueden causar lesiones de muchas maneras diferentes. Entre las situaciones habituales de lesiones personales se incluyen los accidentes de coche, los resbalones y ca\u00eddas, los accidentes laborales y los <a href=\"https:\/\/www.chandlerrosslaw.com\/es\/mordeduras-de-perro\/\">mordeduras de perro<\/a>. Cuando una lesi\u00f3n se cobra una vida, los familiares supervivientes tambi\u00e9n pueden presentar una demanda por homicidio culposo.&nbsp;<\/p>\n\n\n\n<h3 class=\"wp-block-heading\">Accidentes de tr\u00e1fico<\/h3>\n\n\n\n<p>En 2023, el Departamento de Transporte de Texas (TXDOT) registr\u00f3 4.283 muertes en las carreteras de Texas. Otras 18.752 personas sufrieron heridas graves en accidentes de tr\u00e1fico en Texas. Cinco de los accidentes de coche ocurridos en 2023 se cobraron seis o m\u00e1s vidas cada uno.&nbsp;<\/p>\n\n\n\n<p><a href=\"https:\/\/www.chandlerrosslaw.com\/es\/accidentes-de-trafico\/\">Accidentes de tr\u00e1fico<\/a> pueden causar lesiones graves y la muerte tambi\u00e9n a las personas que se encuentran fuera de los veh\u00edculos. En 2023:<\/p>\n\n\n\n<ul class=\"wp-block-list\">\n<li><a href=\"https:\/\/www.chandlerrosslaw.com\/es\/accidente-de-peaton\/\">807 peatones murieron en colisiones de veh\u00edculos<\/a>,<\/li>\n\n\n\n<li><a href=\"https:\/\/www.chandlerrosslaw.com\/es\/lesiones-en-motocicleta\/\">599 motociclistas murieron en accidentes de tr\u00e1fico<\/a>y<\/li>\n\n\n\n<li><a href=\"https:\/\/www.chandlerrosslaw.com\/es\/accidente-de-bicicleta\/\">105 ciclistas murieron en una colisi\u00f3n con un veh\u00edculo<\/a>.<\/li>\n<\/ul>\n\n\n\n<p>Entre las causas m\u00e1s comunes de los accidentes de tr\u00e1fico se incluye conducir demasiado r\u00e1pido para las condiciones, <a href=\"https:\/\/www.chandlerrosslaw.com\/es\/accidente-por-conducir-ebrio\/\">conducci\u00f3n bajo los efectos del alcohol y las drogas<\/a>y la conducci\u00f3n distra\u00edda.<\/p>\n\n\n\n<p>En 2022, el TXDOT registr\u00f3 319 \"presuntas lesiones graves\" sufridas en colisiones de veh\u00edculos en el condado de Denton. Las lesiones graves incluyen lesiones incapacitantes como da\u00f1os cerebrales y en la m\u00e9dula espinal, fracturas m\u00faltiples de huesos y da\u00f1os en \u00f3rganos. TXDOT tambi\u00e9n registr\u00f3 1.187 \"presuntas lesiones leves\" en accidentes de tr\u00e1fico. Estas lesiones, aunque no son incapacitantes, pueden causar problemas persistentes de dolor, movimiento y otras funciones b\u00e1sicas.&nbsp;<\/p>\n\n\n\n<h3 class=\"wp-block-heading\">Lesiones laborales<\/h3>\n\n\n\n<p>En 2023, 564 personas murieron en el trabajo en Texas, seg\u00fan la Oficina de Estad\u00edsticas Laborales (BLS). Las principales causas de lesiones mortales en el lugar de trabajo fueron:<\/p>\n\n\n\n<ul class=\"wp-block-list\">\n<li>Incidentes de transporte, como accidentes de coche: 246 muertes<\/li>\n\n\n\n<li>Resbalones, tropiezos y ca\u00eddas en el trabajo: 92 muertes<\/li>\n\n\n\n<li>Incidentes de contacto, como ser golpeado por equipos o materiales en movimiento: 86 muertes<\/li>\n\n\n\n<li>Violencia infligida por otros en el lugar de trabajo: 71 muertes<\/li>\n\n\n\n<li>Exposici\u00f3n a sustancias o entornos nocivos como productos qu\u00edmicos o temperaturas extremas: 57 muertes<\/li>\n\n\n\n<li><a href=\"https:\/\/www.chandlerrosslaw.com\/es\/lesion-por-quemadura\/\">Explosiones e incendios<\/a>: 11 muertes<\/li>\n<\/ul>\n\n\n\n<p>Los centros de trabajo de Texas experimentaron lesiones y enfermedades no mortales en una tasa inferior a la media de EE.UU. en 2023, seg\u00fan el Departamento de Seguros de Texas. Sin embargo, miles de trabajadores siguieron sufriendo lesiones y enfermedades profesionales en el trabajo en 2023.<\/p>\n\n\n\n<h3 class=\"wp-block-heading\">Resbalones y ca\u00eddas&nbsp;<\/h3>\n\n\n\n<p><a href=\"https:\/\/www.chandlerrosslaw.com\/es\/resbalones-caidas\/\">Accidentes por resbalones y ca\u00eddas<\/a> pueden causar da\u00f1os graves. Son una de las principales causas de muerte en los lugares de trabajo Texas cada a\u00f1o. Alrededor del 15% de todas las muertes relacionadas con el trabajo en 2020 fueron consecuencia de un resbal\u00f3n, tropiezo o ca\u00edda.<\/p>\n\n\n\n<p>Alrededor de 8,9 millones de personas acuden cada a\u00f1o a urgencias en todo el pa\u00eds por lesiones relacionadas con resbalones y ca\u00eddas, seg\u00fan el Departamento de Seguros de Texas. Las ca\u00eddas son la causa m\u00e1s com\u00fan de las visitas a urgencias, seg\u00fan el Instituto Nacional de Seguridad en los Suelos (NFSI).<\/p>\n\n\n\n<p>Texas Los negocios tienen la obligaci\u00f3n de hacer que sus locales sean razonablemente seguros para los visitantes. Si un peligro no puede solucionarse de inmediato, el negocio debe advertir a los visitantes, por ejemplo colocando una se\u00f1al de \"suelo mojado\" en una zona reci\u00e9n fregada. Las causas m\u00e1s comunes de las ca\u00eddas incluyen:<\/p>\n\n\n\n<ul class=\"wp-block-list\">\n<li>Derrames, escombros y otros desechos en los suelos,<\/li>\n\n\n\n<li>Suelos rotos,<\/li>\n\n\n\n<li>Escalones desiguales o suelo irregular,<\/li>\n\n\n\n<li>Pasamanos rotos o ausentes,<\/li>\n\n\n\n<li>Pelda\u00f1os y escaleras desgastados o faltantes,<\/li>\n\n\n\n<li>Iluminaci\u00f3n rota o que funciona mal.&nbsp;<\/li>\n<\/ul>\n\n\n\n<p>Estas ca\u00eddas son evitables. Si ha resultado herido en un accidente por resbal\u00f3n y ca\u00edda, hable con un abogado experimentado.&nbsp;<\/p>\n\n\n\n<h3 class=\"wp-block-heading\">Muerte por negligencia<\/h3>\n\n\n\n<p>En 2021, 13 accidentes de tr\u00e1fico en el condado de Denton se cobraron un total de 15 vidas, seg\u00fan el TXDOT. Adem\u00e1s, 20 personas perdieron la vida en accidentes de tr\u00e1fico en la ciudad de Denton, una cifra r\u00e9cord de muertes por accidentes de tr\u00e1fico para la ciudad, seg\u00fan el Denton Record-Chronicle. En 2022, el \u00edndice de v\u00edctimas mortales se elev\u00f3 a 49 colisiones, que se cobraron 51 vidas en total.&nbsp;<\/p>\n\n\n\n<p>Las ca\u00eddas son una causa frecuente de muerte en el lugar de trabajo. Otros accidentes tambi\u00e9n pueden provocar lesiones mortales.<\/p>\n\n\n\n<p>Una persona cuyas lesiones son mortales no puede presentar su propia demanda de indemnizaci\u00f3n. En su lugar, los familiares supervivientes pueden interponer una <a href=\"https:\/\/www.chandlerrosslaw.com\/es\/muerte-por-negligencia\/\">demanda por muerte injusta<\/a>. La demanda por homicidio culposo busca una indemnizaci\u00f3n por las lesiones de la persona fallecida. Tambi\u00e9n busca compensar a la familia por sus propias p\u00e9rdidas tras la muerte de un ser querido.&nbsp;<\/p>\n\n\n\n<h2 class=\"wp-block-heading\">Tipos comunes de lesiones graves por accidente<\/h2>\n\n\n\n<p>Cualquier accidente puede provocar lesiones graves. Los tipos m\u00e1s comunes de lesiones graves por accidente incluyen:<\/p>\n\n\n\n<ul class=\"wp-block-list\">\n<li>Lesiones en la cabeza,<\/li>\n\n\n\n<li><a href=\"https:\/\/www.chandlerrosslaw.com\/es\/lesion-cerebral-traumatica\/\">Da\u00f1os en el cerebro<\/a> y la m\u00e9dula espinal, incluidas las conmociones cerebrales, la compresi\u00f3n de la m\u00e9dula espinal o su seccionamiento,<\/li>\n\n\n\n<li><a href=\"https:\/\/www.chandlerrosslaw.com\/es\/lesion-de-espalda-cuello\/\">Lesiones de espalda o cuello<\/a>,<\/li>\n\n\n\n<li>Huesos rotos y otras lesiones en brazos y piernas,<\/li>\n\n\n\n<li><a href=\"https:\/\/www.chandlerrosslaw.com\/es\/fracturas-lesiones-de-tejidos-blandos\/\">Lesiones de tejidos blandos<\/a>, como tendones desgarrados y hernias discales,<\/li>\n\n\n\n<li>Lesiones internas, como da\u00f1os en los \u00f3rganos y hemorragias internas,&nbsp;<\/li>\n\n\n\n<li>Amputaci\u00f3n de miembros, dedos de las manos o de los pies,<\/li>\n\n\n\n<li>Cicatrices y desfiguraci\u00f3n.<\/li>\n<\/ul>\n\n\n\n<p>El trauma psicol\u00f3gico tambi\u00e9n puede producirse por el estr\u00e9s de soportar un acontecimiento que ponga en peligro la vida. Los traumatismos psicol\u00f3gicos tambi\u00e9n requieren tratamiento para ayudar a los pacientes a recuperarse.&nbsp;<\/p>\n\n\n\n<h2 class=\"wp-block-heading\">Interponer una demanda por da\u00f1os personales en Denton<\/h2>\n\n\n\n<p>A <a href=\"https:\/\/www.chandlerrosslaw.com\/es\/blog\/buscando-compensacion-por-danos-personales-en-denton-tx\/\">reclamaci\u00f3n por da\u00f1os personales<\/a> busca una indemnizaci\u00f3n por las p\u00e9rdidas que usted sufre como consecuencia de la negligencia de otra persona. La ley Texas establece ciertas normas y l\u00edmites para estas reclamaciones.&nbsp;<\/p>\n\n\n\n<p>A continuaci\u00f3n, analizamos algunas directrices clave. Para entender c\u00f3mo se aplican estas normas en su caso, <a href=\"https:\/\/www.chandlerrosslaw.com\/es\/pongase-en-contacto-con\/\">hable con un abogado experto en lesiones personales Denton<\/a>. Los hechos de cada caso son \u00fanicos y afectan a la forma de proceder.&nbsp;<\/p>\n\n\n\n<h3 class=\"wp-block-heading\">Plazos en los casos de lesiones personales Denton<\/h3>\n\n\n\n<p>La ley Texas establece plazos para presentar demandas por lesiones personales ante los tribunales del estado. Una persona lesionada o la familia de la persona fallecida dispone de dos a\u00f1os para presentar una demanda. Normalmente, este plazo de dos a\u00f1os se abre el d\u00eda en que se produce la lesi\u00f3n.&nbsp;<\/p>\n\n\n\n<p>Existen algunas excepciones al plazo de dos a\u00f1os. Estas excepciones se aplican en circunstancias muy limitadas. Hable con un abogado lo antes posible para asegurarse de que presenta una reclamaci\u00f3n antes de que expire su oportunidad.&nbsp;<\/p>\n\n\n\n<p>Si cree que el plazo de dos a\u00f1os ya ha pasado, pida ayuda a un abogado. Un <a href=\"https:\/\/www.chandlerrosslaw.com\/es\/sobre-nosotros\/\">abogado con experiencia<\/a> puede confirmarle si a\u00fan tiene la posibilidad de presentar una demanda. Si no es as\u00ed, un abogado puede ayudarle a identificar las opciones que le quedan.&nbsp;<\/p>\n\n\n\n<h3 class=\"wp-block-heading\">Indemnizaci\u00f3n en casos de lesiones personales Denton<\/h3>\n\n\n\n<p>Un caso de lesiones personales busca compensaci\u00f3n por las p\u00e9rdidas que ha sufrido en un accidente. El caso busca compensaci\u00f3n de la persona o empresa cuya negligencia caus\u00f3 sus lesiones.&nbsp;<\/p>\n\n\n\n<p>Las indemnizaciones suelen dividirse en dos grandes categor\u00edas: da\u00f1os econ\u00f3micos y no econ\u00f3micos.<\/p>\n\n\n\n<p>Los da\u00f1os econ\u00f3micos suelen calcularse a partir de registros financieros, como facturas, recibos y recibos. Entre las p\u00e9rdidas econ\u00f3micas habituales que se indemnizan en una demanda por lesiones personales Denton se incluyen:<\/p>\n\n\n\n<ul class=\"wp-block-list\">\n<li>Facturas m\u00e9dicas, incluyendo tanto las facturas que ya ha recibido como las futuras facturas por los cuidados que necesitar\u00e1 en lo que le queda de vida,<\/li>\n\n\n\n<li>Salarios perdidos, incluidos los salarios que perdi\u00f3 durante la recuperaci\u00f3n de sus lesiones y los salarios que perder\u00e1 si sus lesiones le impiden o limitan su capacidad para trabajar en el futuro,<\/li>\n\n\n\n<li>Da\u00f1os materiales, como el coste de reparar o sustituir un veh\u00edculo da\u00f1ado u otros objetos.<\/li>\n<\/ul>\n\n\n\n<p>Los da\u00f1os no econ\u00f3micos no suelen venir con una factura o recibo adjunto. Sin embargo, son p\u00e9rdidas reales que pueden compensarse en una demanda por lesiones personales. Los da\u00f1os no econ\u00f3micos m\u00e1s comunes incluyen:<\/p>\n\n\n\n<ul class=\"wp-block-list\">\n<li>El dolor y el sufrimiento que padeci\u00f3 por el accidente y sus lesiones,&nbsp;<\/li>\n\n\n\n<li>P\u00e9rdida del disfrute de la vida, si sus lesiones le impiden hacer cosas que antes disfrutaba como dedicarse a sus aficiones o cuidar de su familia y su hogar,<\/li>\n\n\n\n<li>Indemnizaci\u00f3n por angustia mental y emocional, que puede derivarse de situaciones como cicatrices y desfiguraci\u00f3n o estr\u00e9s postraum\u00e1tico.<\/li>\n<\/ul>\n\n\n\n<p>En un caso de homicidio culposo, los familiares supervivientes pueden solicitar una indemnizaci\u00f3n por los gastos funerarios y de entierro. Tambi\u00e9n pueden solicitar una indemnizaci\u00f3n por sus propias p\u00e9rdidas relacionadas con la muerte repentina de su ser querido.&nbsp;<\/p>\n\n\n\n<p>En algunos casos tambi\u00e9n existen otros tipos de indemnizaci\u00f3n. Hable con un abogado sobre su situaci\u00f3n, sus p\u00e9rdidas y qu\u00e9 compensaci\u00f3n podr\u00eda estar disponible para usted.<\/p>\n\n\n\n<h2 class=\"wp-block-heading\">Hable hoy mismo con un abogado especializado en lesiones personales Denton<\/h2>\n\n\n\n<p>Una lesi\u00f3n grave pone su vida patas arriba. Perder a un ser querido en un accidente repentino es a\u00fan m\u00e1s duro. Es posible que le preocupe c\u00f3mo superar\u00e1 los pr\u00f3ximos d\u00edas o semanas, por no hablar de c\u00f3mo luchar\u00e1 para conseguir una indemnizaci\u00f3n tras esta tragedia.<\/p>\n\n\n\n<p>Si esto le resulta familiar, no est\u00e1 solo. En <a href=\"https:\/\/www.chandlerrosslaw.com\/es\/\">abogados expertos en lesiones personales Denton en Chandler Ross<\/a> puede ayudarle. Tenemos experiencia en ayudar a las personas a conseguir una indemnizaci\u00f3n tras una lesi\u00f3n grave o un accidente mortal. Para saber m\u00e1s, <a href=\"https:\/\/www.chandlerrosslaw.com\/es\/pongase-en-contacto-con\/\">contacte con nuestra oficina<\/a> hoy mismo para programar una <a href=\"https:\/\/www.chandlerrosslaw.com\/es\/blog\/que-pasa-si-no-puedo-permitirme-un-abogado-para-un-caso-de-danos-personales\/\">evaluaci\u00f3n gratuita y confidencial de su caso<\/a>.<\/p>","protected":false},"excerpt":{"rendered":"<p>Abogados de lesiones personales en Denton Abogados experimentados en lesiones personales luchan para proteger a sus clientes en todo el condado de Denton y el norte de Texas Denton es la ciudad m\u00e1s grande del condado de Denton - y a menudo la m\u00e1s concurrida. Con una poblaci\u00f3n cercana a los 170.000 habitantes en 2025, Denton est\u00e1 creciendo r\u00e1pidamente. La ciudad es un centro de negocios y viajes, con trabajadores, estudiantes y otros visitantes...<\/p>","protected":false},"author":1,"featured_media":17437,"parent":0,"menu_order":0,"comment_status":"closed","ping_status":"closed","template":"","meta":{"_acf_changed":false,"footnotes":""},"class_list":["post-18080","page","type-page","status-publish","has-post-thumbnail","hentry"],"acf":[],"_links":{"self":[{"href":"https:\/\/www.chandlerrosslaw.com\/es\/wp-json\/wp\/v2\/pages\/18080","targetHints":{"allow":["GET"]}}],"collection":[{"href":"https:\/\/www.chandlerrosslaw.com\/es\/wp-json\/wp\/v2\/pages"}],"about":[{"href":"https:\/\/www.chandlerrosslaw.com\/es\/wp-json\/wp\/v2\/types\/page"}],"author":[{"embeddable":true,"href":"https:\/\/www.chandlerrosslaw.com\/es\/wp-json\/wp\/v2\/users\/1"}],"replies":[{"embeddable":true,"href":"https:\/\/www.chandlerrosslaw.com\/es\/wp-json\/wp\/v2\/comments?post=18080"}],"version-history":[{"count":7,"href":"https:\/\/www.chandlerrosslaw.com\/es\/wp-json\/wp\/v2\/pages\/18080\/revisions"}],"predecessor-version":[{"id":18851,"href":"https:\/\/www.chandlerrosslaw.com\/es\/wp-json\/wp\/v2\/pages\/18080\/revisions\/18851"}],"wp:featuredmedia":[{"embeddable":true,"href":"https:\/\/www.chandlerrosslaw.com\/es\/wp-json\/wp\/v2\/media\/17437"}],"wp:attachment":[{"href":"https:\/\/www.chandlerrosslaw.com\/es\/wp-json\/wp\/v2\/media?parent=18080"}],"curies":[{"name":"wp","href":"https:\/\/api.w.org\/{rel}","templated":true}]}}