{"id":18039,"date":"2025-05-08T22:22:23","date_gmt":"2025-05-08T22:22:23","guid":{"rendered":"https:\/\/www.chandlerrosslaw.com\/?page_id=18039"},"modified":"2026-04-23T20:58:18","modified_gmt":"2026-04-23T20:58:18","slug":"abogado-de-mordeduras-de-perro","status":"publish","type":"page","link":"https:\/\/www.chandlerrosslaw.com\/es\/irving\/dog-bite-lawyer\/","title":{"rendered":"Irving Abogado de mordeduras de perro"},"content":{"rendered":"<h1 class=\"wp-block-heading\">Irving Abogado de mordeduras de perro<\/h1>\n\n\n\n<p>Casi 68 millones de hogares estadounidenses poseen al menos un perro, una cifra que sigue aumentando cada a\u00f1o. Aunque los perros ofrecen compa\u00f1\u00eda y alegr\u00eda, incluso la mascota familiar m\u00e1s querida puede a veces arremeter sin previo aviso.<\/p>\n\n\n\n<p>Las mordeduras de perro pueden ocurrir en cualquier lugar, desde tranquilas calles residenciales a concurridas zonas comerciales llenas de gente y mascotas. Cuando un <a href=\"https:\/\/www.chandlerrosslaw.com\/es\/dallas\/abogado-de-mordeduras-de-perro\/\">ataques de perros<\/a>, el impacto f\u00edsico y emocional puede durar mucho tiempo despu\u00e9s de que las heridas hayan cicatrizado. En <a href=\"https:\/\/www.chandlerrosslaw.com\/es\/\">Chandler Ross<\/a>, ayudamos a las v\u00edctimas de mordeduras de perro en Irving, Texas, a comprender sus derechos, exigir responsabilidades a los propietarios negligentes y reclamar una indemnizaci\u00f3n por las lesiones sufridas.<\/p>\n\n\n\n<h2 class=\"wp-block-heading\">\u00bfD\u00f3nde se producen las mordeduras de perro en Irving?<\/h2>\n\n\n\n<p>Las mordeduras de perro pueden tener lugar en casi cualquier parte de Irving. El parque para perros Irving de Cimarron Trail es uno de los favoritos de los due\u00f1os de mascotas locales, pero la actividad sin correa puede provocar a veces agresiones inesperadas entre perros o hacia los visitantes.<\/p>\n\n\n\n<p>Los parques p\u00fablicos como Victoria Park y Heritage Park tambi\u00e9n son lugares habituales de incidentes relacionados con perros, sobre todo los fines de semana, cuando familias y corredores comparten el mismo espacio. En el centro urbano de Las Colinas, la gente pasea con frecuencia a sus mascotas por el paseo del lago Carolyn, donde el intenso tr\u00e1fico peatonal y los estrechos senderos pueden provocar encuentros tensos.<\/p>\n\n\n\n<p>Otras zonas muy concurridas, como la Toyota Music Factory y Campion Trail, atraen tanto a residentes como a visitantes, a veces acompa\u00f1ados de sus mascotas. Incluso en los barrios tranquilos cercanos a Northgate Drive, Belt Line Road y Valley Ranch Parkway, <a href=\"https:\/\/www.chandlerrosslaw.com\/es\/irving\/abogados-especializados-en-lesiones-laborales-2\/\">repartidores<\/a> y es posible que los ni\u00f1os se encuentren en ocasiones con perros que no est\u00e1n debidamente controlados. Los ni\u00f1os son especialmente vulnerables, ya que representan casi el 50 % de todas las v\u00edctimas de mordeduras de perro.<\/p>\n\n\n\n<p>Los datos anuales del Servicio Postal de EE.UU. muestran hasta qu\u00e9 punto son un problema las mordeduras de perro en el Texas. En 2024, cinco de las ciudades del estado figuraban en una lista de 38 ciudades con el mayor n\u00famero de incidentes de mordeduras de perro. En Texas se produjeron 438 mordeduras de perro ese a\u00f1o, el segundo estado con m\u00e1s mordeduras de perro despu\u00e9s de California.<\/p>\n\n\n\n<p>Las mordeduras de perro tambi\u00e9n pueden producirse dentro y en los alrededores de tiendas de art\u00edculos para mascotas y peluquer\u00edas, como los locales de PetSmart en W Airport Fwy y Walton Blvd, y Pet Supplies Plus en N MacArthur Blvd. Cuando los propietarios de perros no respetan las leyes sobre correas o no reconocen los signos de agresi\u00f3n, aumenta el riesgo de sufrir da\u00f1os. No importa d\u00f3nde le hayan mordido, nuestros abogados especializados en mordeduras de perro del Irving est\u00e1n aqu\u00ed para guiarle en cada paso de su caso.<\/p>\n\n\n\n<h2 class=\"wp-block-heading\">Tipos de lesiones por mordedura de perro<\/h2>\n\n\n\n<p>Las mordeduras de perro pueden causar desde peque\u00f1os pinchazos o magulladuras hasta heridas graves que necesitan tratamiento m\u00e9dico inmediato. La rabia y las infecciones son preocupaciones importantes, ya que entre el 2% y el 25% de las mordeduras de perro se infectan. Tras una mordedura de perro, tratar la herida de inmediato ayuda a reducir el riesgo de infecci\u00f3n.<\/p>\n\n\n\n<p>Empiece por lavar la zona con agua tibia y jab\u00f3n suave. Aplique un antis\u00e9ptico y luego cubra la herida con un vendaje limpio. Si la mordedura es profunda, sangra abundantemente o muestra signos de infecci\u00f3n como enrojecimiento o hinchaz\u00f3n, acuda al m\u00e9dico de inmediato. Incluso las mordeduras aparentemente menores deben ser evaluadas por un m\u00e9dico, ya que puede ser necesario administrar antibi\u00f3ticos o una vacuna contra el t\u00e9tanos o la rabia.<\/p>\n\n\n\n<p>Las lesiones m\u00e1s comunes por mordeduras de perro incluyen:<\/p>\n\n\n\n<ul class=\"wp-block-list\">\n<li>Heridas punzantes que pueden penetrar en el tejido profundo: Pueden parecer peque\u00f1as pero pueden causar da\u00f1os en el tejido profundo o infectarse si no se tratan.<\/li>\n\n\n\n<li>Laceraciones o desgarros de la piel que requieran puntos de sutura: Los casos m\u00e1s graves pueden necesitar <a href=\"https:\/\/www.chandlerrosslaw.com\/es\/mordeduras-de-perro\/reconstruccion-facial-tras-una-mordedura-de-perro\/\">cirug\u00eda reconstructiva<\/a>.<\/li>\n\n\n\n<li>Da\u00f1os en nervios, tendones o m\u00fasculos: Especialmente frecuente cuando se lesionan las manos, los brazos o las piernas.<\/li>\n\n\n\n<li><a href=\"https:\/\/www.chandlerrosslaw.com\/es\/mordeduras-de-perro\/abogados-de-lesiones-cicatrizales-por-mordedura-de-perro\/\">Cicatrizaci\u00f3n<\/a> o <a href=\"https:\/\/www.chandlerrosslaw.com\/es\/mordeduras-de-perro\/abogado-de-lesiones-por-mordedura-de-perro\/\">desfiguraci\u00f3n permanente<\/a>: Las v\u00edctimas pueden experimentar efectos a largo plazo que repercuten en la vida diaria y en la confianza en s\u00ed mismas.<\/li>\n\n\n\n<li>Infecciones que requieren antibi\u00f3ticos u hospitalizaci\u00f3n: Las bacterias presentes en la boca del perro, como la pasteurella, el estafilococo y el estreptococo, pueden provocar complicaciones graves.<\/li>\n\n\n\n<li>Trauma emocional, ansiedad o estr\u00e9s postraum\u00e1tico: Las v\u00edctimas de mordeduras de perro pueden sufrir efectos psicol\u00f3gicos. Los ni\u00f1os son especialmente vulnerables y pueden necesitar asesoramiento o terapia para recuperarse emocionalmente.<\/li>\n<\/ul>\n\n\n\n<p>Una atenci\u00f3n m\u00e9dica r\u00e1pida es crucial. No s\u00f3lo ayuda a la recuperaci\u00f3n, sino que tambi\u00e9n proporciona documentaci\u00f3n que refuerza una reclamaci\u00f3n legal. Las fotos de las lesiones y los historiales de tratamiento sirven como pruebas valiosas a la hora de reclamar una indemnizaci\u00f3n por una mordedura de perro Irving.<\/p>\n\n\n\n<h2 class=\"wp-block-heading\">Responsabilidad por mordeduras de perro en Texas<\/h2>\n\n\n\n<p>Texas no existe una ley espec\u00edfica que cubra todas las demandas por mordeduras de perro. En la mayor\u00eda de los casos, la v\u00edctima tiene que demostrar que el due\u00f1o sab\u00eda que el perro era peligroso o no tom\u00f3 medidas razonables para evitar un ataque. Esto suele llamarse la \u201cregla de la mordedura \u00fanica\u201d. Si un perro ha mordido a alguien antes o ha mostrado claros signos de agresividad, y el due\u00f1o lo sab\u00eda, \u00e9ste puede ser considerado estrictamente responsable de cualquier da\u00f1o que cause el perro.<\/p>\n\n\n\n<p>Incluso si un perro no tiene antecedentes de mordeduras, las v\u00edctimas pueden tener una reclamaci\u00f3n v\u00e1lida en virtud de <a href=\"https:\/\/www.chandlerrosslaw.com\/es\/negligencia\/\">negligencia general<\/a>. Por ejemplo, si el propietario ignor\u00f3 las leyes sobre correas, permiti\u00f3 que el perro vagara libremente o no asegur\u00f3 adecuadamente al animal, esas acciones pueden respaldar una demanda por negligencia.<\/p>\n\n\n\n<p>Irving hace cumplir las ordenanzas municipales que exigen que los perros vayan atados en las zonas p\u00fablicas y bien sujetos en las propiedades privadas. Cuando los propietarios ignoran la normativa local, esas acciones pueden fundamentar una demanda por negligencia si alguien resulta herido.<\/p>\n\n\n\n<p>Irving Servicios para Animales, situado en 4140 Valley View Lane, investiga las mordeduras de perro, hace cumplir las leyes de control de animales y supervisa las cuarentenas cuando es necesario. El departamento tambi\u00e9n se coordina con las autoridades locales de salud p\u00fablica para controlar los casos de rabia y promover la seguridad de la comunidad.<\/p>\n\n\n\n<h2 class=\"wp-block-heading\">Indemnizaci\u00f3n en una demanda por mordedura de perro<\/h2>\n\n\n\n<p>Las mordeduras de perro suelen acarrear costosas facturas m\u00e9dicas. Dependiendo de la gravedad de las lesiones, puede ser necesaria una baja laboral para recuperarse. Cualquier indemnizaci\u00f3n que reciba en una demanda por mordedura de perro debe tener en cuenta tanto las p\u00e9rdidas tangibles como intangibles que haya sufrido, conocidas como da\u00f1os econ\u00f3micos y no econ\u00f3micos.<\/p>\n\n\n\n<ul class=\"wp-block-list\">\n<li>Gastos m\u00e9dicos, incluidos los tratamientos de urgencia y hospitalarios<\/li>\n\n\n\n<li>Atenci\u00f3n m\u00e9dica de seguimiento y rehabilitaci\u00f3n<\/li>\n\n\n\n<li>P\u00e9rdida de salario o reducci\u00f3n de la capacidad de ganancia<\/li>\n\n\n\n<li>Dolor y sufrimiento<\/li>\n\n\n\n<li>Angustia emocional<\/li>\n\n\n\n<li>Cicatrices y desfiguraci\u00f3n<\/li>\n<\/ul>\n\n\n\n<p>Aunque no es posible conocer de inmediato el valor exacto de una reclamaci\u00f3n, Chandler Ross puede ayudarle a comprender qu\u00e9 tipos de da\u00f1os pueden aplicarse a su caso. Nuestro equipo siempre trabajar\u00e1 para <a href=\"https:\/\/www.chandlerrosslaw.com\/es\/blog\/importante-acuerdo-para-una-victima-de-mordedura-de-perro\/\">recuperar la indemnizaci\u00f3n m\u00e1xima disponible<\/a> por su lesi\u00f3n por mordedura de perro.<\/p>\n\n\n\n<h2 class=\"wp-block-heading\">Su gu\u00eda sobre qu\u00e9 hacer tras una mordedura de perro en Irving<\/h2>\n\n\n\n<p>Verse implicado en un ataque de perro Irving suele ser una experiencia abrumadora y dolorosa en la que puede resultar dif\u00edcil pensar con claridad. Sin embargo, los pasos que d\u00e9 justo despu\u00e9s de una mordedura de perro pueden marcar una gran diferencia tanto en su recuperaci\u00f3n como en su reclamaci\u00f3n legal.<\/p>\n\n\n\n<ul class=\"wp-block-list\">\n<li>Obtenga atenci\u00f3n m\u00e9dica inmediatamente: Incluso las peque\u00f1as heridas punzantes pueden infectarse u ocultar da\u00f1os m\u00e1s profundos en los tejidos.<\/li>\n\n\n\n<li>Informe del incidente: Notif\u00edquelo a los Servicios para Animales de Irving o al Departamento de Polic\u00eda de Irving para asegurarse de que el perro puede ser puesto en cuarentena y sometido a un control antirr\u00e1bico.<\/li>\n\n\n\n<li>Identifique al perro y a su propietario: recopile nombres, direcciones e informaci\u00f3n sobre vacunaci\u00f3n si es posible.<\/li>\n\n\n\n<li>Docum\u00e9ntelo todo: Haga fotos de sus heridas, del lugar de la mordedura y de cualquier prenda desgarrada o ensangrentada.<\/li>\n\n\n\n<li>Re\u00fana informaci\u00f3n de testigos: Cualquier persona que haya visto el ataque o haya interactuado con el due\u00f1o del perro puede ayudar a apoyar su reclamaci\u00f3n.<\/li>\n\n\n\n<li>P\u00f3ngase en contacto con un abogado: Hablar pronto con un abogado especializado en mordeduras de perro Irving ayuda a proteger sus derechos y garantiza que se conserven las pruebas fundamentales.<\/li>\n<\/ul>\n\n\n\n<h2 class=\"wp-block-heading\">Plazos para presentar una reclamaci\u00f3n<\/h2>\n\n\n\n<p>La ley Texas trata las mordeduras de perro como <a href=\"https:\/\/www.chandlerrosslaw.com\/es\/danos-personales\/\">reclamaciones por da\u00f1os personales<\/a>. En el Texas, las v\u00edctimas de mordeduras de perro disponen de dos a\u00f1os a partir de la fecha de la lesi\u00f3n para presentar una demanda. No presentarla en ese plazo puede suponer la p\u00e9rdida del derecho a solicitar una indemnizaci\u00f3n.<\/p>\n\n\n\n<p>Aunque dos a\u00f1os puedan parecer mucho tiempo, las pruebas pueden desaparecer r\u00e1pidamente. Los testigos se mudan, las fotos se pierden y las grabaciones de vigilancia pueden borrarse en cuesti\u00f3n de d\u00edas. Cuanto antes se ponga en contacto con un abogado especializado en mordeduras de perro Irving, m\u00e1s s\u00f3lido ser\u00e1 su caso.<\/p>\n\n\n\n<h2 class=\"wp-block-heading\">Qu\u00e9 esperar del Chandler Ross<\/h2>\n\n\n\n<p>Cuando se pone en contacto con Chandler Ross, nuestro equipo toma medidas inmediatas para proteger sus derechos y reunir las pruebas necesarias para respaldar su reclamaci\u00f3n. Trabajamos directamente con agentes de control de animales, testigos y profesionales m\u00e9dicos para documentar c\u00f3mo ocurri\u00f3 el incidente y c\u00f3mo ha afectado a su salud y a sus finanzas.<\/p>\n\n\n\n<p>Nuestros abogados especializados en mordeduras de perro Irving calculan el coste total de sus lesiones, incluidas las necesidades futuras de tratamiento. Nos encargamos de toda la comunicaci\u00f3n con las compa\u00f1\u00edas de seguros en su nombre. Si la aseguradora se niega a ofrecerle un acuerdo justo, Chandler Ross est\u00e1 preparado para llevar su caso a los tribunales y abogar por usted ante un juez o un jurado.<\/p>\n\n\n\n<p>A lo largo de todo el proceso legal, nos aseguramos de que usted est\u00e9 informado, apoyado y nunca presionado para que acepte menos de lo que se merece. Cada caso se trata con el mismo cuidado y compromiso que esperar\u00edamos para nuestras propias familias. Chandler Ross est\u00e1 aqu\u00ed para ayudarle a recuperarse, tanto financiera como emocionalmente, tras una mordedura de perro en Irving.<\/p>\n\n\n\n<h2 class=\"wp-block-heading\">P\u00f3ngase en contacto con los abogados especializados en mordeduras de perro Irving Chandler Ross<\/h2>\n\n\n\n<p>Si ha sufrido una mordedura de perro en Irving, no tiene por qu\u00e9 ocuparse de las secuelas usted solo. Las facturas m\u00e9dicas, el papeleo del seguro y la incertidumbre sobre sus derechos pueden resultar abrumadores. Chandler Ross le ayudar\u00e1 a entender sus opciones y a buscar justicia.<\/p>\n\n\n\n<p>Nuestros abogados especializados en mordeduras de perro Irving est\u00e1n listos para revisar su situaci\u00f3n. Con nuestra orientaci\u00f3n legal y m\u00e1s de 40 a\u00f1os de experiencia, puede avanzar con confianza en la recuperaci\u00f3n de una indemnizaci\u00f3n por sus lesiones. P\u00f3ngase en contacto con nosotros hoy mismo para una consulta gratuita y sin compromiso.<\/p>\n\n\n\n<h2 class=\"wp-block-heading\">Preguntas frecuentes sobre mordeduras de perro en Irving, Texas<\/h2>\n\n\n\n<h3 class=\"wp-block-heading\">\u00bfSer\u00e1 sacrificado el perro si presento una reclamaci\u00f3n?<\/h3>\n\n\n\n<p>La presentaci\u00f3n de una demanda por s\u00ed sola no da lugar a la eutanasia. S\u00f3lo los casos de riesgo grave continuado o de rabia confirmada pueden conducir a ese resultado. Si un perro es etiquetado como \"perro peligroso\", ser\u00e1 el propietario quien decida si desea aplicarle la eutanasia o no. Estas situaciones son poco frecuentes.&nbsp;<\/p>\n\n\n<div id=\"rank-math-faq\" class=\"rank-math-block\">\n<div class=\"rank-math-list\">\n<div id=\"faq-question-1761686744867\" class=\"rank-math-list-item\">\n<h3 class=\"rank-math-question\">\u00bfPuedo demandar si el perro nunca ha mordido a nadie antes?<\/h3>\n<div class=\"rank-math-answer\">\n\n<p>S\u00ed. Puede recuperar una indemnizaci\u00f3n si la negligencia del propietario contribuy\u00f3 al ataque, como dejar que el perro vagara sin correa o ignorar tendencias peligrosas. Especialmente si el due\u00f1o sab\u00eda c\u00f3mo reacciona normalmente su perro y fue negligente, entonces puede tener un caso v\u00e1lido de mordedura de perro. Lo mejor es <a href=\"https:\/\/www.chandlerrosslaw.com\/es\/pongase-en-contacto-con\/\">discuta los detalles con un abogado especializado en mordeduras de perro Irving<\/a> para entender sus opciones legales y los siguientes pasos a dar.\u00a0<\/p>\n\n<\/div>\n<\/div>\n<\/div>\n<\/div>\n\n\n<h3 class=\"wp-block-heading\">\u00bfDe cu\u00e1nto tiempo dispongo para presentar una demanda por lesiones por mordedura de perro en Texas?<\/h3>\n\n\n\n<p>Tiene <strong>dos a\u00f1os<\/strong> a partir de la fecha del siniestro para presentar una demanda en virtud del plazo de prescripci\u00f3n de Texas'.<\/p>\n\n\n\n<h3 class=\"wp-block-heading\">\u00bfY si la mordedura de perro ocurri\u00f3 en casa de un amigo?<\/h3>\n\n\n\n<p>A\u00fan puede presentar una reclamaci\u00f3n por da\u00f1os personales. Su seguro de propietario o de inquilino <strong>p\u00f3liza de seguro<\/strong> suele cubrir los da\u00f1os. Aunque no quiera denunciar un incidente dado que conoce al perro de esa persona, lo mejor es buscar atenci\u00f3n m\u00e9dica y luchar por la indemnizaci\u00f3n que merece. Recuperarse de una mordedura de perro puede ser emocionalmente desalentador y econ\u00f3micamente gravoso con el tiempo. Trabajaremos con usted y nos anticiparemos a lo que pueda necesitar para futuras facturas m\u00e9dicas.<\/p>","protected":false},"excerpt":{"rendered":"<p>Irving Abogado de mordeduras de perro Casi 68 millones de hogares estadounidenses poseen al menos un perro, una cifra que sigue aumentando cada a\u00f1o. Aunque los perros ofrecen compa\u00f1\u00eda y alegr\u00eda, incluso la mascota familiar m\u00e1s querida puede a veces arremeter sin previo aviso. Las mordeduras de perro pueden ocurrir en cualquier lugar, desde tranquilas calles residenciales hasta concurridas zonas comerciales llenas de...<\/p>","protected":false},"author":1,"featured_media":18044,"parent":18019,"menu_order":0,"comment_status":"closed","ping_status":"closed","template":"","meta":{"_acf_changed":false,"footnotes":""},"class_list":["post-18039","page","type-page","status-publish","has-post-thumbnail","hentry"],"acf":[],"_links":{"self":[{"href":"https:\/\/www.chandlerrosslaw.com\/es\/wp-json\/wp\/v2\/pages\/18039","targetHints":{"allow":["GET"]}}],"collection":[{"href":"https:\/\/www.chandlerrosslaw.com\/es\/wp-json\/wp\/v2\/pages"}],"about":[{"href":"https:\/\/www.chandlerrosslaw.com\/es\/wp-json\/wp\/v2\/types\/page"}],"author":[{"embeddable":true,"href":"https:\/\/www.chandlerrosslaw.com\/es\/wp-json\/wp\/v2\/users\/1"}],"replies":[{"embeddable":true,"href":"https:\/\/www.chandlerrosslaw.com\/es\/wp-json\/wp\/v2\/comments?post=18039"}],"version-history":[{"count":9,"href":"https:\/\/www.chandlerrosslaw.com\/es\/wp-json\/wp\/v2\/pages\/18039\/revisions"}],"predecessor-version":[{"id":21080,"href":"https:\/\/www.chandlerrosslaw.com\/es\/wp-json\/wp\/v2\/pages\/18039\/revisions\/21080"}],"up":[{"embeddable":true,"href":"https:\/\/www.chandlerrosslaw.com\/es\/wp-json\/wp\/v2\/pages\/18019"}],"wp:featuredmedia":[{"embeddable":true,"href":"https:\/\/www.chandlerrosslaw.com\/es\/wp-json\/wp\/v2\/media\/18044"}],"wp:attachment":[{"href":"https:\/\/www.chandlerrosslaw.com\/es\/wp-json\/wp\/v2\/media?parent=18039"}],"curies":[{"name":"wp","href":"https:\/\/api.w.org\/{rel}","templated":true}]}}