{"id":18023,"date":"2025-05-08T21:18:17","date_gmt":"2025-05-08T21:18:17","guid":{"rendered":"https:\/\/www.chandlerrosslaw.com\/?page_id=18023"},"modified":"2025-12-29T23:47:26","modified_gmt":"2025-12-29T23:47:26","slug":"abogado-de-mordeduras-de-perro","status":"publish","type":"page","link":"https:\/\/www.chandlerrosslaw.com\/es\/garland\/dog-bite-lawyer\/","title":{"rendered":"Garland Abogado de mordeduras de perro"},"content":{"rendered":"<h1 class=\"wp-block-heading\">Garland Abogado de mordeduras de perro<\/h1>\n\n\n\n<p>A <a href=\"https:\/\/www.chandlerrosslaw.com\/es\/mordeduras-de-perro\/\">mordedura de perro<\/a> pueden trastocar un d\u00eda normal en cuesti\u00f3n de segundos. En Garland y en todo el norte de Texas, la gente puede encontrarse con perros por todas partes, desde los senderos del bosque de Spring Creek hasta Central Park y el parque para perros Wagging Tail. Aunque la mayor\u00eda de los encuentros con perros son amistosos, un perro asustado puede dejarle cortes profundos, cicatrices, desfiguraci\u00f3n, ansiedad y cuantiosas facturas m\u00e9dicas que no ten\u00eda previstas.\u00a0<\/p>\n\n\n\n<p>Si esto le ha ocurrido a usted o a su hijo recientemente, <a href=\"https:\/\/www.chandlerrosslaw.com\/es\/\">Chandler Ross Abogados de lesiones<\/a> puede intervenir en su nombre para reunir las pruebas que necesita, tratar con la aseguradora de la casa o del inquilino del due\u00f1o del perro y presionar para conseguir una indemnizaci\u00f3n justa mientras usted se centra en curarse. P\u00f3ngase en contacto con nosotros hoy mismo para saber m\u00e1s sobre sus opciones legales tras una mordedura de perro en el Norte Texas.<\/p>\n\n\n\n<h2 class=\"wp-block-heading\">Ataque de perros en parques, negocios o residencias del norte Texas<\/h2>\n\n\n\n<p>Los ataques de perros que implican una mordedura grave en Garland no s\u00f3lo se producen en parques recreativos y aceras locales, sino tambi\u00e9n en <a href=\"https:\/\/www.chandlerrosslaw.com\/es\/seguridad-inadecuada\/\">residencias y locales comerciales<\/a>. Si resulta herido en casa de un vecino, en el complejo de apartamentos de un amigo o en una tienda local, el propietario o el gerente de la propiedad pueden compartir la responsabilidad, especialmente si sab\u00edan que hab\u00eda un perro peligroso y no tomaron ninguna medida.\u00a0<\/p>\n\n\n\n<p>Muchas comunidades de apartamentos exigen a los inquilinos que informen de los comportamientos agresivos y que sigan las normas sobre la correa y la contenci\u00f3n. Cuando esas pol\u00edticas existen pero se ignoran o no se hacen cumplir, la direcci\u00f3n puede ser responsable junto con el propietario del perro.<\/p>\n\n\n\n<p>Las empresas que manipulan animales de compa\u00f1\u00eda tambi\u00e9n tienen obligaciones. Los peluqueros y las residencias de animales deben formar al personal, separar a los animales conocidos como agresivos y utilizar sistemas de sujeci\u00f3n adecuados durante la admisi\u00f3n, el aseo y la recogida. Si un negocio se salta esos pasos o permite que se produzcan situaciones de riesgo, puede ser considerado responsable de las lesiones que se produzcan.<\/p>\n\n\n\n<h2 class=\"wp-block-heading\">C\u00f3mo los mejores abogados de lesiones Chandler Ross preparan una demanda eficaz por lesiones causadas por un perro en el norte de Texas<\/h2>\n\n\n\n<p>Una investigaci\u00f3n exhaustiva puede ayudar a construir una <a href=\"https:\/\/www.chandlerrosslaw.com\/es\/danos-personales\/\">reclamaci\u00f3n por da\u00f1os personales m\u00e1s s\u00f3lida por mordedura de perro en el Norte Texas<\/a>. Un equipo jur\u00eddico fuerte y experimentado suele tomarse el tiempo necesario para reunir pruebas de m\u00faltiples fuentes y documentar cada paso del proceso.<\/p>\n\n\n\n<ul class=\"wp-block-list\">\n<li><strong>Recoger los informes de control de animales<\/strong> y registros veterinarios que describan el historial del perro y su estado de vacunaci\u00f3n.<\/li>\n\n\n\n<li><strong>Entrevistar a testigos<\/strong> y obtenga cualquier grabaci\u00f3n disponible de c\u00e1maras de seguridad o timbres.<\/li>\n\n\n\n<li><strong>Inspeccione la escena<\/strong> en busca de peligros, puertas rotas o infracciones de las normas locales sobre correas y contenci\u00f3n.<\/li>\n\n\n\n<li><strong>Revisar los protocolos de la empresa o de las instalaciones<\/strong> para la seguridad de las mascotas, la formaci\u00f3n del personal y la respuesta a incidentes.<\/li>\n<\/ul>\n\n\n\n<p>Juntos, estos pasos pueden ayudar a crear un registro claro de lo sucedido, identificar a todas las partes responsables y apoyar una recuperaci\u00f3n total de sus p\u00e9rdidas. Buscar atenci\u00f3n m\u00e9dica es esencial cuando se trata de reclamaciones por lesiones personales; inicie este proceso desde el principio si est\u00e1 considerando contratar a un abogado local especializado en reclamaciones por lesiones del Norte Texas. Si cree que tiene entre manos un caso de ataque de perro y necesita ayuda <a href=\"https:\/\/www.chandlerrosslaw.com\/es\/lesion-catastrofica\/\">reclamar una indemnizaci\u00f3n por lesiones graves<\/a>, p\u00f3ngase en contacto con nuestro despacho hoy mismo. Un miembro de nuestro equipo se pondr\u00e1 en contacto con usted para discutir los pr\u00f3ximos pasos para una consulta.\u00a0<\/p>\n\n\n\n<h2 class=\"wp-block-heading\">Pasos m\u00e9dicos y documentaci\u00f3n: Proteger su salud y su caso<\/h2>\n\n\n\n<p>La atenci\u00f3n m\u00e9dica inmediata es la prioridad tras cualquier mordedura de perro, por leve que parezca la herida. El Garland alberga varios centros de atenci\u00f3n urgente y hospitales, como el Baylor Scott &amp; White Medical Center - Lake Pointe y el City Hospital at White Rock, donde se pueden evaluar y tratar adecuadamente las heridas. Los profesionales m\u00e9dicos limpiar\u00e1n la mordedura, comprobar\u00e1n si hay signos de infecci\u00f3n y recomendar\u00e1n tratamientos como antibi\u00f3ticos, vacunas antirr\u00e1bicas o antitet\u00e1nicas si fuera necesario.<\/p>\n\n\n\n<p>Documentar sus lesiones y su tratamiento es esencial para su reclamaci\u00f3n. Conserve todos los registros, incluyendo:<\/p>\n\n\n\n<ul class=\"wp-block-list\">\n<li>Informes y facturas m\u00e9dicas.<\/li>\n\n\n\n<li>Fotograf\u00edas de las lesiones antes y despu\u00e9s del tratamiento.<\/li>\n\n\n\n<li>Recibos de medicamentos, terapia, suministros m\u00e9dicos y gastos de viaje.<\/li>\n\n\n\n<li>Notas escritas sobre su dolor, s\u00edntomas, faltas al trabajo e impacto en su vida diaria.<\/li>\n<\/ul>\n\n\n\n<p>Unos registros bien conservados reforzar\u00e1n su caso y ayudar\u00e1n a su abogado a conseguir una indemnizaci\u00f3n completa por sus p\u00e9rdidas.<\/p>\n\n\n\n<h2 class=\"wp-block-heading\">Mordeduras de perro en Garland: \u00bfC\u00f3mo se producen?<\/h2>\n\n\n\n<p>Garland, Texas, ofrece una gran variedad de servicios que admiten mascotas, como zonas verdes y aceras en los barrios, as\u00ed como parques para perros como el Wagging Tail Dog Park y tiendas de mascotas como PetSmart en la avenida North Garland o Pappy's Pet Lodge. Las mordeduras de perro pueden ocurrir en cualquier lugar: durante un paseo por Duck Creek Trail, mientras visita el patio trasero de un amigo o incluso en una peluquer\u00eda canina local como Pawlished Pets.<\/p>\n\n\n\n<p>Muchas mordeduras se producen cuando los perros est\u00e1n sin correa, mal sujetos o sin supervisi\u00f3n. En algunos casos, un perro puede tener un historial de comportamiento agresivo que el propietario no ha abordado. La ley Texas exige a los propietarios de mascotas que respeten las normas b\u00e1sicas de seguridad, como seguir las normas sobre correas en lugares p\u00fablicos, utilizar vallas adecuadas en casa y buscar adiestramiento profesional si su perro muestra un comportamiento agresivo.<\/p>\n\n\n\n<p>Si se produce una mordedura de perro en un espacio p\u00fablico en Texas del Norte, como Garland, o en un negocio como una peluquer\u00eda, es crucial determinar qui\u00e9n era el responsable de supervisar al animal y qu\u00e9 medidas de seguridad hab\u00eda. Los abogados especializados en lesiones de Chandler Ross trabajan con las autoridades locales, los testigos y el personal de las instalaciones para reunir los hechos y determinar la responsabilidad.<\/p>\n\n\n\n<h2 class=\"wp-block-heading\">El peaje oculto de las mordeduras de perro en el Norte Texas y Garland<\/h2>\n\n\n\n<p>Las mordeduras de perro pueden trastocar la vida en Garland en m\u00e1s de un sentido. Las heridas suelen ser m\u00e1s profundas de lo que parecen, con:<\/p>\n\n\n\n<ul class=\"wp-block-list\">\n<li>Tejidos desgarrados, da\u00f1os en los nervios, fracturas y <a href=\"https:\/\/www.chandlerrosslaw.com\/es\/mordeduras-de-perro\/abogados-de-lesiones-cicatrizales-por-mordedura-de-perro\/\">cicatrizaci\u00f3n<\/a> que pueden necesitar puntos de sutura, pruebas de imagen o cirug\u00eda.\u00a0<\/li>\n\n\n\n<li>Los ni\u00f1os mordidos cerca de lugares como los senderos del bosque de Spring Creek, Central Park o el cintur\u00f3n verde de Duck Creek tambi\u00e9n pueden sufrir pesadillas, ansiedad por separaci\u00f3n o un miedo duradero a los animales.\u00a0<\/li>\n\n\n\n<li>Casi una de cada cinco heridas por mordedura se infecta, lo que puede convertir una breve visita a urgencias en semanas de cuidados y citas de seguimiento.<\/li>\n\n\n\n<li>Las secuelas tambi\u00e9n pueden afectar al presupuesto familiar. El tiempo ausente del trabajo, los copagos, las recetas, los suministros para el cuidado de heridas y las facturas de asesoramiento se acumulan r\u00e1pidamente.\u00a0<\/li>\n<\/ul>\n\n\n\n<p>Despu\u00e9s de denunciar el incidente a los Servicios para Animales Garland y recibir tratamiento m\u00e9dico, los Abogados de Lesiones Chandler Ross pueden ayudarle a reunir pruebas, documentar todos los gastos y reclamar una indemnizaci\u00f3n para que pueda centrarse en curarse y recuperar su vida.<\/p>\n\n\n\n<h2 class=\"wp-block-heading\">Texas Leyes sobre mordeduras de perro y c\u00f3mo funciona la responsabilidad civil en Garland, TX<\/h2>\n\n\n\n<p>Texas no tiene un estatuto espec\u00edfico relativo a las mordeduras de perro. En su lugar, los tribunales aplican la regla de la mordedura \u00fanica. <a href=\"https:\/\/www.chandlerrosslaw.com\/es\/blog\/quien-es-responsable-de-los-ataques-de-perros\/\">Un propietario puede ser considerado responsable<\/a> si sab\u00edan o deber\u00edan haber sabido que el perro era peligroso, o si actuaron con negligencia al controlar al animal.\u00a0<\/p>\n\n\n\n<p>Permitir que un perro vague por Central Park o ignorar las normas sobre correas en el cintur\u00f3n verde de Duck Creek puede equivaler a negligencia cuando se produce una mordedura. No es necesario que demuestre una mordedura anterior si existen pruebas s\u00f3lidas de que el propietario no supervis\u00f3 o sujet\u00f3 al perro.&nbsp;<\/p>\n\n\n\n<p>Las demandas por negligencia en el Norte Texas tambi\u00e9n pueden presentarse contra propietarios, caseros o empresas de cuidado de mascotas cuando no abordan los riesgos conocidos o no toman medidas de seguridad razonables que podr\u00edan haber evitado el ataque.<\/p>\n\n\n\n<h2 class=\"wp-block-heading\">C\u00f3mo ayudan los abogados especializados en lesiones Chandler Ross a las v\u00edctimas de mordeduras de perro Garland<\/h2>\n\n\n\n<p>Chandler Ross Los abogados especializados en lesiones se comprometen a ayudar a las v\u00edctimas y a sus familias a recibir la <a href=\"https:\/\/www.chandlerrosslaw.com\/es\/blog\/importante-acuerdo-para-una-victima-de-mordedura-de-perro\/\">compensaci\u00f3n que merecen<\/a>. Nuestro equipo jur\u00eddico lo har\u00e1:<\/p>\n\n\n\n<ul class=\"wp-block-list\">\n<li>Escucharemos su historia y responderemos a sus preguntas en una consulta gratuita.<\/li>\n\n\n\n<li>Gestionar la comunicaci\u00f3n con las compa\u00f1\u00edas de seguros en su nombre.<\/li>\n\n\n\n<li>Investigue a fondo todos los aspectos del siniestro para obtener la m\u00e1xima indemnizaci\u00f3n.<\/li>\n\n\n\n<li>Negociar por sus gastos m\u00e9dicos, salarios perdidos, dolor y sufrimiento, angustia emocional y cualquier coste relacionado con cicatrices permanentes o incapacidad.<\/li>\n\n\n\n<li>Presentar una demanda y representarle ante los tribunales cuando sea necesario.<\/li>\n<\/ul>\n\n\n\n<p>La mayor\u00eda de las reclamaciones por mordeduras de perro se pagan a trav\u00e9s del seguro, no directamente por el propietario del perro, por lo que no debe preocuparse por las dificultades econ\u00f3micas de un amigo o vecino.<\/p>\n\n\n\n<h2 class=\"wp-block-heading\">Preguntas frecuentes<\/h2>\n\n\n\n<h3 class=\"wp-block-heading\">\u00bfLa presentaci\u00f3n de una reclamaci\u00f3n provocar\u00e1 la eutanasia del perro?<\/h3>\n\n\n\n<p>Tras una mordedura en el Garland, los Servicios para Animales suelen ordenar un periodo de cuarentena y observaci\u00f3n. La eutanasia es poco frecuente y suele considerarse s\u00f3lo cuando el perro tiene un historial documentado de comportamiento peligroso y sigue suponiendo un riesgo para el p\u00fablico.<\/p>\n\n\n\n<h3 class=\"wp-block-heading\">\u00bfQu\u00e9 indemnizaci\u00f3n puedo esperar tras una mordedura de perro en Garland?<\/h3>\n\n\n\n<p>La indemnizaci\u00f3n puede incluir gastos m\u00e9dicos, salarios perdidos, dolor y sufrimiento, angustia emocional, <a href=\"https:\/\/www.chandlerrosslaw.com\/es\/mordeduras-de-perro\/abogado-de-lesiones-por-mordedura-de-perro\/\">desfiguraci\u00f3n<\/a>, y terapia continua o asesoramiento si es necesario.<\/p>\n\n\n\n<h3 class=\"wp-block-heading\">\u00bfQui\u00e9n puede ser considerado responsable si me muerden en un negocio o parque Garland?<\/h3>\n\n\n\n<p>En la mayor\u00eda de los casos, el propietario del perro es el principal responsable, pero la responsabilidad tambi\u00e9n puede extenderse al operador de una instalaci\u00f3n, al administrador de la propiedad o al anfitri\u00f3n del evento cuando su negligencia contribuya al ataque.<\/p>\n\n\n\n<h3 class=\"wp-block-heading\">\u00bfDebo ponerme en contacto con un abogado aunque mis lesiones parezcan leves?<\/h3>\n\n\n\n<p>S\u00ed. Algunas lesiones y efectos psicol\u00f3gicos pueden desarrollarse con el tiempo. Una orientaci\u00f3n jur\u00eddica temprana garantiza la protecci\u00f3n de sus derechos y que su reclamaci\u00f3n se tramite correctamente desde el principio.<\/p>\n\n\n\n<h2 class=\"wp-block-heading\">P\u00f3ngase en contacto hoy mismo con nuestros abogados especializados en mordeduras de perro Garland \u00a1para una consulta gratuita!<\/h2>\n\n\n\n<p>Sufrir una mordedura de perro puede ser abrumador, pero hay ayuda disponible. P\u00f3ngase en contacto con los abogados especializados en lesiones Chandler Ross en <a href=\"tel:1-940-800-2500\">(940) 800-2500<\/a> para una evaluaci\u00f3n gratuita de su caso. Nuestro experimentado equipo le guiar\u00e1 a trav\u00e9s del proceso de recuperaci\u00f3n, responder\u00e1 a todas sus preguntas y luchar\u00e1 por la justicia y la indemnizaci\u00f3n que se merece. D\u00e9 el primer paso hacia la curaci\u00f3n y la tranquilidad de esp\u00edritu <a href=\"https:\/\/www.chandlerrosslaw.com\/es\/pongase-en-contacto-con\/\">contacte con nosotros hoy mismo<\/a>.<\/p>","protected":false},"excerpt":{"rendered":"<p>Garland Abogado de mordeduras de perro Una mordedura de perro puede trastocar un d\u00eda normal en cuesti\u00f3n de segundos. En Garland y en todo el norte de Texas, la gente puede encontrarse con perros en todas partes, desde los senderos del bosque de Spring Creek hasta Central Park y el parque para perros Wagging Tail. Aunque la mayor\u00eda de los encuentros con perros son amistosos, un perro asustado puede dejarle con cortes profundos,...<\/p>","protected":false},"author":1,"featured_media":18026,"parent":18013,"menu_order":0,"comment_status":"closed","ping_status":"closed","template":"","meta":{"_acf_changed":false,"footnotes":""},"class_list":["post-18023","page","type-page","status-publish","has-post-thumbnail","hentry"],"acf":[],"_links":{"self":[{"href":"https:\/\/www.chandlerrosslaw.com\/es\/wp-json\/wp\/v2\/pages\/18023","targetHints":{"allow":["GET"]}}],"collection":[{"href":"https:\/\/www.chandlerrosslaw.com\/es\/wp-json\/wp\/v2\/pages"}],"about":[{"href":"https:\/\/www.chandlerrosslaw.com\/es\/wp-json\/wp\/v2\/types\/page"}],"author":[{"embeddable":true,"href":"https:\/\/www.chandlerrosslaw.com\/es\/wp-json\/wp\/v2\/users\/1"}],"replies":[{"embeddable":true,"href":"https:\/\/www.chandlerrosslaw.com\/es\/wp-json\/wp\/v2\/comments?post=18023"}],"version-history":[{"count":8,"href":"https:\/\/www.chandlerrosslaw.com\/es\/wp-json\/wp\/v2\/pages\/18023\/revisions"}],"predecessor-version":[{"id":19024,"href":"https:\/\/www.chandlerrosslaw.com\/es\/wp-json\/wp\/v2\/pages\/18023\/revisions\/19024"}],"up":[{"embeddable":true,"href":"https:\/\/www.chandlerrosslaw.com\/es\/wp-json\/wp\/v2\/pages\/18013"}],"wp:featuredmedia":[{"embeddable":true,"href":"https:\/\/www.chandlerrosslaw.com\/es\/wp-json\/wp\/v2\/media\/18026"}],"wp:attachment":[{"href":"https:\/\/www.chandlerrosslaw.com\/es\/wp-json\/wp\/v2\/media?parent=18023"}],"curies":[{"name":"wp","href":"https:\/\/api.w.org\/{rel}","templated":true}]}}