{"id":17526,"date":"2025-02-04T16:29:37","date_gmt":"2025-02-04T16:29:37","guid":{"rendered":"https:\/\/www.chandlerrosslaw.com\/?page_id=17526"},"modified":"2026-02-25T00:40:34","modified_gmt":"2026-02-25T00:40:34","slug":"declaracion-de-accesibilidad","status":"publish","type":"page","link":"https:\/\/www.chandlerrosslaw.com\/es\/accessibility-statement\/","title":{"rendered":"Declaraci\u00f3n de accesibilidad para www.chandlerrosslaw.com"},"content":{"rendered":"<p>EqualWeb se compromete a promover la accesibilidad digital para las personas con discapacidad. Mejoramos continuamente la experiencia del usuario para todos y aplicamos las normas de accesibilidad WCAG 2.1 pertinentes.<\/p>\n\n\n\n<h2 class=\"wp-block-heading\">Estado de conformidad<\/h2>\n\n\n\n<p>Este sitio web llev\u00f3 a cabo un proceso para implementar una herramienta de accesibilidad autom\u00e1tica para ajustarse lo m\u00e1ximo posible a las normas establecidas por las WCAG 2.1 (<a href=\"https:\/\/www.w3.org\/TR\/WCAG21\/\" target=\"_blank\" rel=\"noreferrer noopener\">Pautas de Accesibilidad al Contenido en la Web 2.1<\/a>) en el nivel AA.<\/p>\n\n\n\n<h2 class=\"wp-block-heading\">Medidas adoptadas para hacer este sitio web m\u00e1s accesible<\/h2>\n\n\n\n<p>La herramienta de accesibilidad autom\u00e1tica de Equalweb aplica las siguientes medidas a los sitios web en los que est\u00e1 instalada:<\/p>\n\n\n\n<ul class=\"wp-block-list\">\n<li>Activar la navegaci\u00f3n por teclado<\/li>\n\n\n\n<li>Fuentes - Capacidad para aumentar y disminuir la fuente del sitio, ajustar, alinear, etc'<\/li>\n\n\n\n<li>Cambie el contraste de color en funci\u00f3n del fondo oscuro.<\/li>\n\n\n\n<li>Cambie el contraste de color en funci\u00f3n de un fondo claro.<\/li>\n\n\n\n<li>Cambie los colores del sitio.<\/li>\n\n\n\n<li>Opci\u00f3n a juego y monocroma para dalt\u00f3nicos.<\/li>\n\n\n\n<li>Cambie el tipo de letra para facilitar la lectura.<\/li>\n\n\n\n<li>Aumente el cursor y cambie su color a blanco o negro.<\/li>\n\n\n\n<li>Aumente la visualizaci\u00f3n a 200%.<\/li>\n\n\n\n<li>Resalte los enlaces del sitio.<\/li>\n\n\n\n<li>Resaltar cabeceras en el sitio.<\/li>\n\n\n\n<li>Mostrar una descripci\u00f3n alternativa de las im\u00e1genes.<\/li>\n\n\n\n<li>Aumenta el contenido elegido por el cursor, mostrado en un tooltip.<\/li>\n\n\n\n<li>Describir palabras mediante la selecci\u00f3n con el rat\u00f3n.<\/li>\n\n\n\n<li>Muestra el contenido del sitio en una nueva ventana de forma clara y legible.<\/li>\n\n\n\n<li>Permite a los usuarios escribir contenidos utilizando el rat\u00f3n.<\/li>\n\n\n\n<li>Detiene el parpadeo y la intermitencia de los elementos m\u00f3viles<\/li>\n<\/ul>\n\n\n\n<h2 class=\"wp-block-heading\">Compatibilidad con navegadores y tecnolog\u00eda de asistencia<\/h2>\n\n\n\n<p>El objetivo de nuestra misi\u00f3n es poder dar soporte a la mayor variedad posible de navegadores y tecnolog\u00edas de asistencia. Por ello, hemos invertido esfuerzos en dar soporte a los sistemas m\u00e1s populares y con mayor cuota de mercado, como Safari, Chrome, Edge, Internet Explorer, Firefox y Opera. Tambi\u00e9n hemos abordado las tecnolog\u00edas de asistencia JAWS y NVDA para Windows y MAC.<\/p>\n\n\n\n<h2 class=\"wp-block-heading\">Especificaciones t\u00e9cnicas<\/h2>\n\n\n\n<p>La accesibilidad de este sitio web depende de las siguientes tecnolog\u00edas para funcionar con la combinaci\u00f3n concreta de navegador web y cualquier tecnolog\u00eda de asistencia o complemento instalado en su ordenador:<\/p>\n\n\n\n<ul class=\"wp-block-list\">\n<li>HTML<\/li>\n\n\n\n<li>WAI-ARIA<\/li>\n\n\n\n<li>CSS<\/li>\n\n\n\n<li>JavaScript<\/li>\n<\/ul>\n\n\n\n<p>Estas tecnolog\u00edas se basan en la conformidad con las normas de accesibilidad utilizadas.<\/p>\n\n\n\n<h2 class=\"wp-block-heading\">Notas, comentarios y opiniones:<\/h2>\n\n\n\n<p>A pesar de nuestros esfuerzos por hacer que este sitio web sea accesible para el mayor n\u00famero de personas posible, es posible que algunas p\u00e1ginas o secciones de este sitio web a\u00fan no sean totalmente accesibles, por diversas razones. Estamos dedicados a seguir mejorando las caracter\u00edsticas de accesibilidad y la interfaz de nuestro producto.<\/p>\n\n\n\n<p>Si ha encontrado alg\u00fan fallo relacionado con la accesibilidad o un error en este sitio web, o si desea sugerir una mejora o una nueva funci\u00f3n, no dude en ponerse en contacto con nosotros. Chandler Ross se compromete a garantizar la accesibilidad digital para las personas con discapacidad. Mejoramos continuamente la experiencia del usuario para todos y aplicamos las normas de accesibilidad pertinentes. Si tiene dificultades para acceder a cualquier contenido de este sitio web, p\u00f3ngase en contacto con nosotros en el (940) 800-2500 para que podamos ayudarle directamente y resolver el problema con prontitud. Agradecemos cualquier comentario sobre c\u00f3mo mejorar la accesibilidad de nuestro sitio.\u201d<\/p>","protected":false},"excerpt":{"rendered":"<p>EqualWeb se compromete a promover la accesibilidad digital para las personas con discapacidad. Mejoramos continuamente la experiencia del usuario para todos y aplicamos las normas de accesibilidad WCAG 2.1 pertinentes. Estado de conformidad Este sitio web llev\u00f3 a cabo un proceso de implementaci\u00f3n de una herramienta de accesibilidad autom\u00e1tica para ajustarse lo m\u00e1ximo posible a las normas establecidas por la WCAG 2.1....<\/p>","protected":false},"author":1,"featured_media":0,"parent":0,"menu_order":0,"comment_status":"closed","ping_status":"closed","template":"","meta":{"_acf_changed":false,"footnotes":""},"class_list":["post-17526","page","type-page","status-publish","hentry"],"acf":[],"_links":{"self":[{"href":"https:\/\/www.chandlerrosslaw.com\/es\/wp-json\/wp\/v2\/pages\/17526","targetHints":{"allow":["GET"]}}],"collection":[{"href":"https:\/\/www.chandlerrosslaw.com\/es\/wp-json\/wp\/v2\/pages"}],"about":[{"href":"https:\/\/www.chandlerrosslaw.com\/es\/wp-json\/wp\/v2\/types\/page"}],"author":[{"embeddable":true,"href":"https:\/\/www.chandlerrosslaw.com\/es\/wp-json\/wp\/v2\/users\/1"}],"replies":[{"embeddable":true,"href":"https:\/\/www.chandlerrosslaw.com\/es\/wp-json\/wp\/v2\/comments?post=17526"}],"version-history":[{"count":5,"href":"https:\/\/www.chandlerrosslaw.com\/es\/wp-json\/wp\/v2\/pages\/17526\/revisions"}],"predecessor-version":[{"id":19136,"href":"https:\/\/www.chandlerrosslaw.com\/es\/wp-json\/wp\/v2\/pages\/17526\/revisions\/19136"}],"wp:attachment":[{"href":"https:\/\/www.chandlerrosslaw.com\/es\/wp-json\/wp\/v2\/media?parent=17526"}],"curies":[{"name":"wp","href":"https:\/\/api.w.org\/{rel}","templated":true}]}}