{"id":15134,"date":"2023-08-28T03:23:14","date_gmt":"2023-08-28T03:23:14","guid":{"rendered":"https:\/\/www.chandlerrosslaw.com\/?page_id=15134"},"modified":"2026-03-20T19:34:49","modified_gmt":"2026-03-20T19:34:49","slug":"lesiones-en-obras-de-construccion","status":"publish","type":"page","link":"https:\/\/www.chandlerrosslaw.com\/es\/lesiones-en-obras-de-construccion\/","title":{"rendered":"Lesiones en obras de construcci\u00f3n"},"content":{"rendered":"<h1 class=\"wp-block-heading\">Denton Abogados de lesiones en obras de construcci\u00f3n<\/h1>\n\n\n\n<div style=\"height:20px\" aria-hidden=\"true\" class=\"wp-block-spacer\"><\/div>\n\n\n\n<p>Bienvenido a Chandler Ross Abogados de lesiones, su socio legal de confianza en Denton, Texas, especializado en la tramitaci\u00f3n de casos de lesiones en obras de construcci\u00f3n. Con nuestra amplia experiencia e inquebrantable dedicaci\u00f3n, hemos representado con \u00e9xito a numerosos clientes que han sufrido lesiones en obras de construcci\u00f3n. Nuestra <a href=\"https:\/\/www.chandlerrosslaw.com\/es\/danos-personales\/\">equipo cualificado de abogados especializados en lesiones personales<\/a> est\u00e1 aqu\u00ed para guiarle a trav\u00e9s de las complejidades de las reclamaciones por lesiones en obras de construcci\u00f3n, asegur\u00e1ndose de que reciba la indemnizaci\u00f3n que se merece.<\/p>\n\n\n\n<p><strong>Comprender las lesiones en obras de construcci\u00f3n<\/strong><\/p>\n\n\n\n<p>Las obras de construcci\u00f3n son entornos din\u00e1micos en los que se realizan multitud de tareas simult\u00e1neamente. Por desgracia, debido a los riesgos inherentes que conllevan, los accidentes pueden ocurrir y ocurren. Estos accidentes pueden provocar lesiones graves que tienen consecuencias f\u00edsicas, emocionales y financieras duraderas para las v\u00edctimas y sus familias. Entre las lesiones habituales en las obras de construcci\u00f3n se incluyen:<\/p>\n\n\n\n<ol class=\"wp-block-list\">\n<li><strong>Ca\u00eddas:<\/strong> Las ca\u00eddas desde alturas, andamios, escaleras o plataformas no aseguradas se encuentran entre las causas m\u00e1s frecuentes de lesiones en obras de construcci\u00f3n. Estos accidentes pueden provocar fracturas \u00f3seas, lesiones medulares y lesiones cerebrales traum\u00e1ticas.<\/li>\n\n\n\n<li><strong>Electrocuciones:<\/strong> En las obras de construcci\u00f3n suele haber diversos equipos y cableados el\u00e9ctricos. El contacto accidental con cables con corriente puede provocar electrocuciones, con graves quemaduras e incluso la muerte.<\/li>\n\n\n\n<li><strong>Golpeado por objetos:<\/strong> Los trabajadores pueden ser golpeados por maquinaria pesada, ca\u00edda de escombros o herramientas, caus\u00e1ndoles fracturas, lesiones internas o conmociones cerebrales.<\/li>\n\n\n\n<li><strong>Atrapado entre objetos:<\/strong> Unas medidas de seguridad inadecuadas pueden provocar que los trabajadores queden atrapados o atrapados entre la maquinaria, las paredes o las estructuras que se derrumban, causando lesiones por aplastamiento y amputaciones.<\/li>\n\n\n\n<li><strong>Aver\u00edas del equipo:<\/strong> Los equipos y la maquinaria de construcci\u00f3n defectuosos pueden funcionar mal y provocar accidentes que causen lesiones graves.<\/li>\n\n\n\n<li><strong>Exposici\u00f3n t\u00f3xica:<\/strong> Las obras de construcci\u00f3n pueden exponer a los trabajadores a sustancias y productos qu\u00edmicos peligrosos, provocando problemas respiratorios, afecciones cut\u00e1neas y otros problemas de salud a largo plazo.<\/li>\n<\/ol>\n\n\n\n<p><strong>La importancia de la representaci\u00f3n legal<\/strong><\/p>\n\n\n\n<p>Si usted o un ser querido ha sufrido una lesi\u00f3n en una obra de construcci\u00f3n, es crucial que busque la representaci\u00f3n legal de abogados expertos en lesiones personales como nosotros en Chandler Ross Abogados de Lesiones. Conocemos los entresijos de los accidentes en obras de construcci\u00f3n y las complejidades jur\u00eddicas que entra\u00f1an estos casos.<\/p>\n\n\n\n<p><strong>Por qu\u00e9 elegir Chandler Ross Abogados de lesiones<\/strong><\/p>\n\n\n\n<ol class=\"wp-block-list\">\n<li><strong>Historial probado:<\/strong> Nuestros abogados tienen un historial probado de obtener indemnizaciones sustanciales para clientes que han sufrido lesiones en obras de construcci\u00f3n. Entendemos los matices de la ley de lesiones personales y utilizamos nuestra experiencia para construir casos s\u00f3lidos para nuestros clientes.<\/li>\n\n\n\n<li><strong>Investigaciones en profundidad:<\/strong> Llevamos a cabo investigaciones minuciosas para reunir pruebas, entrevistar a testigos y reconstruir la escena del accidente. Nuestro meticuloso enfoque garantiza que se tengan en cuenta todos los detalles a la hora de construir un caso.<\/li>\n\n\n\n<li><strong>Red de Testigos Expertos:<\/strong> A lo largo de los a\u00f1os, hemos establecido una red de peritos, incluidos expertos en seguridad en obras de construcci\u00f3n, profesionales m\u00e9dicos y economistas. Estos expertos aportan una visi\u00f3n inestimable que refuerza las reclamaciones de nuestros clientes.<\/li>\n\n\n\n<li><strong>Atenci\u00f3n personalizada:<\/strong> Creemos en ofrecer una atenci\u00f3n personalizada a cada cliente. Su caso es \u00fanico y adaptamos nuestras estrategias legales a sus circunstancias y necesidades espec\u00edficas.<\/li>\n\n\n\n<li><strong>Habilidades de negociaci\u00f3n:<\/strong> Aunque nos esforzamos por llegar a acuerdos amistosos, somos negociadores formidables que no dudar\u00e1n en llevar su caso a los tribunales si es necesario. Nuestro objetivo es conseguir la m\u00e1xima indemnizaci\u00f3n posible.<\/li>\n\n\n\n<li><strong>Apoyo compasivo:<\/strong> Comprendemos la carga emocional que las lesiones en obras de construcci\u00f3n pueden suponer para las v\u00edctimas y sus familias. Nuestro equipo ofrece apoyo compasivo durante todo el proceso legal, asegur\u00e1ndose de que usted est\u00e9 informado y capacitado en cada paso del camino.<\/li>\n<\/ol>\n\n\n\n<p><strong>En busca de una indemnizaci\u00f3n por lesiones en obras de construcci\u00f3n<\/strong><\/p>\n\n\n\n<p>Las v\u00edctimas de lesiones en obras de construcci\u00f3n pueden tener derecho a una indemnizaci\u00f3n por diversos da\u00f1os, entre ellos:<\/p>\n\n\n\n<ol class=\"wp-block-list\">\n<li><strong>Gastos m\u00e9dicos:<\/strong> Cobertura de facturas m\u00e9dicas, cirug\u00edas, rehabilitaci\u00f3n y cuidados m\u00e9dicos continuos relacionados con la lesi\u00f3n.<\/li>\n\n\n\n<li><strong>Salarios perdidos:<\/strong> Indemnizaci\u00f3n por los ingresos perdidos debido al tiempo de baja laboral durante la recuperaci\u00f3n.<\/li>\n\n\n\n<li><strong>Dolor y sufrimiento:<\/strong> Da\u00f1os y perjuicios para hacer frente al dolor f\u00edsico, la angustia emocional y el impacto general de la lesi\u00f3n en la calidad de vida de la v\u00edctima.<\/li>\n\n\n\n<li><strong>Discapacidad y minusval\u00eda:<\/strong> Indemnizaci\u00f3n por las discapacidades o minusval\u00edas permanentes resultantes de la lesi\u00f3n.<\/li>\n\n\n\n<li><strong>Muerte por negligencia:<\/strong> En el caso de que se produjera una <a href=\"https:\/\/www.chandlerrosslaw.com\/es\/blog\/los-cuatro-peligros-mortales-de-la-osha-siguen-cobrandose-vidas-en-las-obras-de-construccion-de-texas\/\">accidente mortal en una obra<\/a>, los familiares sobrevivientes pueden presentar demandas por homicidio culposo para solicitar una indemnizaci\u00f3n por su p\u00e9rdida.<\/li>\n<\/ol>\n\n\n\n<p><strong>Emprender acciones legales: Prescripci\u00f3n<\/strong><\/p>\n\n\n\n<p>Es importante tener en cuenta que existe un plazo limitado, conocido como ley de prescripci\u00f3n, dentro del cual puede presentar una reclamaci\u00f3n por lesiones en obras de construcci\u00f3n. En el Texas, este plazo suele ser de dos a\u00f1os a partir de la fecha de la lesi\u00f3n. Por lo tanto, es crucial emprender r\u00e1pidamente acciones legales para garantizar la protecci\u00f3n de sus derechos.<\/p>\n\n\n\n<p><strong>P\u00f3ngase en contacto con nosotros para una consulta gratuita<\/strong><\/p>\n\n\n\n<p>Si usted o un ser querido ha resultado herido en un accidente en una obra de construcci\u00f3n, no dude en ponerse en contacto con nosotros para una consulta gratuita. Nuestros experimentados abogados de lesiones personales de Chandler Ross Injury Attorneys est\u00e1n aqu\u00ed para escuchar su historia, evaluar su caso y proporcionarle la orientaci\u00f3n que necesita para tomar decisiones informadas.<\/p>\n\n\n\n<p>Recuerde, no tiene que navegar solo por las complejidades de las reclamaciones por lesiones en obras de construcci\u00f3n. Estamos aqu\u00ed para proporcionarle el apoyo legal que se merece. P\u00f3ngase en contacto con nosotros hoy mismo para programar su consulta gratuita y dar el primer paso para conseguir la indemnizaci\u00f3n que necesita y merece.<\/p>\n\n\n\n<p>Con oficinas en los condados de Denton, Tarrant y Dallas, estamos posicionados para proporcionar la representaci\u00f3n m\u00e1s eficaz y altamente cualificada posible. No espere y no se comprometa: p\u00f3ngase en contacto con nosotros hoy mismo para ver c\u00f3mo podemos ayudarle. En la mayor\u00eda de los casos, usted no paga nada a menos que gane. <a href=\"https:\/\/www.chandlerrosslaw.com\/es\/pongase-en-contacto-con\/\">Contacte con nosotros<\/a> \u00a1ahora al (940) 800-2500 para programar la evaluaci\u00f3n y consulta gratuita de su caso de lesiones personales!<\/p>","protected":false},"excerpt":{"rendered":"<p>Denton Abogados de lesiones en obras de construcci\u00f3n Bienvenido a Chandler Ross Abogados de lesiones, su socio legal de confianza en Denton, Texas, especializado en la tramitaci\u00f3n de casos de lesiones en obras de construcci\u00f3n. Con nuestra amplia experiencia y dedicaci\u00f3n inquebrantable, hemos representado con \u00e9xito a numerosos clientes que han sufrido lesiones en obras de construcci\u00f3n. Nuestro cualificado equipo de abogados especializados en lesiones personales est\u00e1 aqu\u00ed para...<\/p>","protected":false},"author":1,"featured_media":17448,"parent":0,"menu_order":0,"comment_status":"closed","ping_status":"closed","template":"","meta":{"_acf_changed":false,"footnotes":""},"class_list":["post-15134","page","type-page","status-publish","has-post-thumbnail","hentry"],"acf":[],"_links":{"self":[{"href":"https:\/\/www.chandlerrosslaw.com\/es\/wp-json\/wp\/v2\/pages\/15134","targetHints":{"allow":["GET"]}}],"collection":[{"href":"https:\/\/www.chandlerrosslaw.com\/es\/wp-json\/wp\/v2\/pages"}],"about":[{"href":"https:\/\/www.chandlerrosslaw.com\/es\/wp-json\/wp\/v2\/types\/page"}],"author":[{"embeddable":true,"href":"https:\/\/www.chandlerrosslaw.com\/es\/wp-json\/wp\/v2\/users\/1"}],"replies":[{"embeddable":true,"href":"https:\/\/www.chandlerrosslaw.com\/es\/wp-json\/wp\/v2\/comments?post=15134"}],"version-history":[{"count":5,"href":"https:\/\/www.chandlerrosslaw.com\/es\/wp-json\/wp\/v2\/pages\/15134\/revisions"}],"predecessor-version":[{"id":19418,"href":"https:\/\/www.chandlerrosslaw.com\/es\/wp-json\/wp\/v2\/pages\/15134\/revisions\/19418"}],"wp:featuredmedia":[{"embeddable":true,"href":"https:\/\/www.chandlerrosslaw.com\/es\/wp-json\/wp\/v2\/media\/17448"}],"wp:attachment":[{"href":"https:\/\/www.chandlerrosslaw.com\/es\/wp-json\/wp\/v2\/media?parent=15134"}],"curies":[{"name":"wp","href":"https:\/\/api.w.org\/{rel}","templated":true}]}}