{"id":15133,"date":"2023-08-28T03:31:33","date_gmt":"2023-08-28T03:31:33","guid":{"rendered":"https:\/\/www.chandlerrosslaw.com\/?page_id=15133"},"modified":"2025-05-22T21:23:05","modified_gmt":"2025-05-22T21:23:05","slug":"bar-discoteca-lesiones","status":"publish","type":"page","link":"https:\/\/www.chandlerrosslaw.com\/es\/bar-nightclub-injuries\/","title":{"rendered":"Lesiones en bares y discotecas"},"content":{"rendered":"<h1 class=\"wp-block-heading\">Denton, Texas Abogados de lesiones en bares y clubes nocturnos<\/h1>\n\n\n\n<div style=\"height:20px\" aria-hidden=\"true\" class=\"wp-block-spacer\"><\/div>\n\n\n\n<p>Bienvenido a Chandler Ross Abogados de lesiones, su socio legal de confianza en Denton, Texas. Si se ha visto involucrado en un desafortunado incidente en un bar o discoteca que le ha provocado lesiones, merece justicia y una compensaci\u00f3n justa por su sufrimiento. Nuestro <a href=\"https:\/\/www.chandlerrosslaw.com\/es\/danos-personales\/\">equipo experimentado de abogados especializados en lesiones personales<\/a> est\u00e1 aqu\u00ed para proporcionarle orientaci\u00f3n y representaci\u00f3n legal experta. Con un historial probado de abogar con \u00e9xito por nuestros clientes, estamos dedicados a ayudarle a navegar por el complejo panorama legal y asegurar la compensaci\u00f3n que se merece.<\/p>\n\n\n\n<p><strong>Comprender las lesiones en bares y clubes nocturnos<\/strong><\/p>\n\n\n\n<p>Los bares y los clubes nocturnos son lugares sociales populares donde la gente se re\u00fane para desconectar, celebrar y pasarlo bien. Sin embargo, la combinaci\u00f3n de consumo de alcohol, grandes multitudes y ambientes poco iluminados puede provocar accidentes y lesiones. Entre los escenarios habituales que pueden provocar lesiones se incluyen:<\/p>\n\n\n\n<ol class=\"wp-block-list\">\n<li><strong>Resbalones y ca\u00eddas:<\/strong> Las bebidas derramadas, los suelos mojados y los locales mal mantenidos pueden provocar accidentes por resbalones y ca\u00eddas que provocan fracturas, esguinces y lesiones en la cabeza.<\/li>\n\n\n\n<li><strong>Asaltos y peleas:<\/strong> Los altercados pueden intensificarse r\u00e1pidamente en el ambiente de alta energ\u00eda de los bares y clubes nocturnos, provocando lesiones f\u00edsicas y traumas emocionales.<\/li>\n\n\n\n<li><strong>Seguridad negligente:<\/strong> Unas medidas de seguridad inadecuadas pueden exponer a los clientes a riesgos como peleas, agresiones e incluso robos.<\/li>\n\n\n\n<li><strong>Incidentes relacionados con la intoxicaci\u00f3n:<\/strong> Servir alcohol en exceso a los clientes puede contribuir a que se produzcan accidentes, entre ellos <a href=\"https:\/\/www.chandlerrosslaw.com\/es\/accidente-por-conducir-ebrio\/\">incidentes de conducci\u00f3n bajo los efectos del alcohol<\/a> despu\u00e9s de abandonar el establecimiento.<\/li>\n\n\n\n<li><strong>Mobiliario o instalaciones inseguras:<\/strong> Los taburetes que funcionan mal, las mesas inestables y los muebles en mal estado pueden causar lesiones graves.<\/li>\n<\/ol>\n\n\n\n<p><strong>Sus derechos y recursos legales<\/strong><\/p>\n\n\n\n<p>Si ha resultado herido en un bar o club nocturno, tiene derecho a solicitar una indemnizaci\u00f3n por sus da\u00f1os. Sin embargo, navegar por el proceso legal puede ser desalentador, especialmente cuando se trata de establecimientos poderosos y sus compa\u00f1\u00edas de seguros. Aqu\u00ed es donde intervienen los Abogados de Lesiones de Chandler Ross. Nuestro dedicado equipo est\u00e1 bien versado en la ley de lesiones personales Texas y tiene un profundo conocimiento de las complejidades asociadas a los casos de lesiones en bares y clubes nocturnos.<\/p>\n\n\n\n<p><strong>C\u00f3mo pueden ayudarle los abogados especializados en lesiones Chandler Ross<\/strong><\/p>\n\n\n\n<ol class=\"wp-block-list\">\n<li><strong>Investigaci\u00f3n minuciosa:<\/strong> Nuestro equipo llevar\u00e1 a cabo una investigaci\u00f3n exhaustiva de las circunstancias que rodearon su lesi\u00f3n. Esto incluye reunir pruebas, revisar las grabaciones de seguridad y entrevistar a los testigos.<\/li>\n\n\n\n<li><strong>Construir un caso s\u00f3lido:<\/strong> Trabajaremos sin descanso para construir un caso s\u00f3lido que demuestre la responsabilidad del establecimiento, ya sea por negligencia, seguridad inadecuada u otros factores.<\/li>\n\n\n\n<li><strong>Negociaci\u00f3n:<\/strong> Nuestros h\u00e1biles negociadores se enfrentar\u00e1n a las compa\u00f1\u00edas de seguros y a la parte contraria para buscar un acuerdo justo que cubra sus gastos m\u00e9dicos, salarios perdidos, dolor y sufrimiento, y mucho m\u00e1s.<\/li>\n\n\n\n<li><strong>Litigios:<\/strong> Si es necesario, estamos preparados para llevar su caso ante los tribunales y luchar por sus derechos ante un juez y un jurado. Nuestra experiencia en los tribunales nos da una ventaja a la hora de ofrecer argumentos convincentes y presentar las pruebas con eficacia.<\/li>\n\n\n\n<li><strong>Apoyo compasivo:<\/strong> Comprendemos el peaje f\u00edsico, emocional y financiero que pueden suponer las lesiones. Nuestro equipo se compromete a proporcionarle un apoyo compasivo durante todo el proceso legal, asegur\u00e1ndose de que est\u00e9 bien informado y confiado en cada paso.<\/li>\n<\/ol>\n\n\n\n<p><strong>La importancia de la representaci\u00f3n legal<\/strong><\/p>\n\n\n\n<p>Intentar llevar un caso de lesiones en un bar o club nocturno por su cuenta puede resultar abrumador y conducir a resultados desfavorables. Las compa\u00f1\u00edas de seguros pueden intentar restar importancia a sus lesiones o desviar la culpa, lo que puede comprometer sus posibilidades de recibir una indemnizaci\u00f3n justa. Con Chandler Ross Abogados de lesiones de su lado, puede nivelar el terreno de juego y asegurarse de que sus derechos est\u00e1n protegidos.<\/p>\n\n\n\n<p><strong>P\u00f3ngase en contacto hoy mismo con los abogados especializados en lesiones Chandler Ross<\/strong><\/p>\n\n\n\n<p>Si usted o un ser querido ha sufrido lesiones en un incidente en un bar o club nocturno, no espere a buscar ayuda legal. El tiempo es esencial cuando se trata de reunir pruebas y construir un caso s\u00f3lido. P\u00f3ngase en contacto con Chandler Ross Abogados de Lesiones hoy mismo para una consulta gratuita. Nuestro equipo est\u00e1 listo para escuchar su historia, responder a sus preguntas y proporcionarle la orientaci\u00f3n que necesita para tomar decisiones informadas sobre sus opciones legales.<\/p>\n\n\n\n<p>Con oficinas en los condados de Denton, Tarrant y Dallas, estamos posicionados para proporcionar la representaci\u00f3n m\u00e1s eficaz y altamente cualificada posible. No espere y no se comprometa: p\u00f3ngase en contacto con nosotros hoy mismo para ver c\u00f3mo podemos ayudarle. En la mayor\u00eda de los casos, usted no paga nada a menos que gane. <a href=\"https:\/\/www.chandlerrosslaw.com\/es\/pongase-en-contacto-con\/\">Contacte con nosotros<\/a> \u00a1ahora al (940) 800-2500 para programar la evaluaci\u00f3n y consulta gratuita de su caso de lesiones personales!<\/p>","protected":false},"excerpt":{"rendered":"<p>Denton, Texas Abogados de lesiones en bares y clubes nocturnos Bienvenido a Chandler Ross Abogados de lesiones, su socio legal de confianza en Denton, Texas. Si se ha visto involucrado en un desafortunado incidente en un bar o club nocturno que le ha provocado lesiones, merece justicia y una compensaci\u00f3n justa por su sufrimiento. Nuestro experimentado equipo de abogados especializados en lesiones personales est\u00e1 aqu\u00ed...<\/p>","protected":false},"author":1,"featured_media":17420,"parent":0,"menu_order":0,"comment_status":"closed","ping_status":"closed","template":"","meta":{"_acf_changed":false,"footnotes":""},"class_list":["post-15133","page","type-page","status-publish","has-post-thumbnail","hentry"],"acf":[],"_links":{"self":[{"href":"https:\/\/www.chandlerrosslaw.com\/es\/wp-json\/wp\/v2\/pages\/15133","targetHints":{"allow":["GET"]}}],"collection":[{"href":"https:\/\/www.chandlerrosslaw.com\/es\/wp-json\/wp\/v2\/pages"}],"about":[{"href":"https:\/\/www.chandlerrosslaw.com\/es\/wp-json\/wp\/v2\/types\/page"}],"author":[{"embeddable":true,"href":"https:\/\/www.chandlerrosslaw.com\/es\/wp-json\/wp\/v2\/users\/1"}],"replies":[{"embeddable":true,"href":"https:\/\/www.chandlerrosslaw.com\/es\/wp-json\/wp\/v2\/comments?post=15133"}],"version-history":[{"count":4,"href":"https:\/\/www.chandlerrosslaw.com\/es\/wp-json\/wp\/v2\/pages\/15133\/revisions"}],"predecessor-version":[{"id":18109,"href":"https:\/\/www.chandlerrosslaw.com\/es\/wp-json\/wp\/v2\/pages\/15133\/revisions\/18109"}],"wp:featuredmedia":[{"embeddable":true,"href":"https:\/\/www.chandlerrosslaw.com\/es\/wp-json\/wp\/v2\/media\/17420"}],"wp:attachment":[{"href":"https:\/\/www.chandlerrosslaw.com\/es\/wp-json\/wp\/v2\/media?parent=15133"}],"curies":[{"name":"wp","href":"https:\/\/api.w.org\/{rel}","templated":true}]}}