{"id":15132,"date":"2023-08-28T03:38:41","date_gmt":"2023-08-28T03:38:41","guid":{"rendered":"https:\/\/www.chandlerrosslaw.com\/?page_id=15132"},"modified":"2025-05-22T21:37:51","modified_gmt":"2025-05-22T21:37:51","slug":"lesiones-en-parques-de-trampolines","status":"publish","type":"page","link":"https:\/\/www.chandlerrosslaw.com\/es\/lesiones-en-parques-de-trampolines\/","title":{"rendered":"Lesiones en parques de trampolines"},"content":{"rendered":"<h1 class=\"wp-block-heading\">Denton, Texas Abogados de lesiones en parques de trampolines<\/h1>\n\n\n\n<div style=\"height:20px\" aria-hidden=\"true\" class=\"wp-block-spacer\"><\/div>\n\n\n\n<p>Comprendemos la euforia y la diversi\u00f3n que ofrecen los parques de camas el\u00e1sticas, pero tambi\u00e9n reconocemos los riesgos que entra\u00f1an. Las lesiones en los parques de trampolines han ido en aumento, y si usted o sus seres queridos han sido v\u00edctimas desafortunadas, estamos aqu\u00ed para luchar por sus derechos y ayudarle a buscar la compensaci\u00f3n que merece.<\/p>\n\n\n\n<p><strong>La emoci\u00f3n y los riesgos de los parques de trampolines<\/strong><\/p>\n\n\n\n<p>Los parques de trampolines se han hecho cada vez m\u00e1s populares en los \u00faltimos a\u00f1os, atrayendo a ni\u00f1os y adultos por igual con sus actividades llenas de adrenalina. Aunque estos parques proporcionan entretenimiento y una forma \u00fanica de ejercicio, tambi\u00e9n conllevan riesgos inherentes. La combinaci\u00f3n de rebotes, volteretas y acrobacias puede provocar lesiones graves, desde esguinces y fracturas hasta lesiones m\u00e1s graves en la m\u00e9dula espinal y la cabeza.<\/p>\n\n\n\n<p>En Chandler Ross Abogados de lesiones, hemos sido testigos de los estragos f\u00edsicos, emocionales y financieros que las lesiones en los parques de trampolines pueden causar en las v\u00edctimas y sus familias. Nuestra misi\u00f3n es proporcionar un apoyo legal inquebrantable a quienes han sufrido a causa de negligencias o medidas de seguridad inadecuadas en los parques de camas el\u00e1sticas.<\/p>\n\n\n\n<p><strong>Lesiones comunes en los parques de trampolines<\/strong><\/p>\n\n\n\n<p>Las lesiones en los parques de trampolines pueden adoptar diversas formas, cada una con su propio conjunto de desaf\u00edos. Algunas lesiones comunes incluyen:<\/p>\n\n\n\n<ol class=\"wp-block-list\">\n<li><strong>Esguinces y fracturas:<\/strong> Los aterrizajes torpes o las colisiones con otros saltadores pueden provocar dolorosos esguinces e incluso fracturas \u00f3seas. Estas lesiones pueden acarrear importantes gastos m\u00e9dicos y una rehabilitaci\u00f3n a largo plazo.<\/li>\n\n\n\n<li><strong>Lesiones medulares:<\/strong> Las maniobras de alta energ\u00eda que se realizan en los trampolines ponen a las personas en riesgo de sufrir lesiones medulares, que pueden tener consecuencias que alteren su vida. Estas lesiones pueden requerir cuidados m\u00e9dicos continuos, equipos de adaptaci\u00f3n y modificaciones en los espacios vitales.<\/li>\n\n\n\n<li><strong>Lesiones craneales y cerebrales:<\/strong> Las colisiones o ca\u00eddas sobre la superficie del trampol\u00edn pueden provocar lesiones en la cabeza, incluidas las conmociones cerebrales. Estas lesiones requieren atenci\u00f3n m\u00e9dica inmediata y pueden tener repercusiones cognitivas y emocionales.<\/li>\n\n\n\n<li><strong>Lesiones de tejidos blandos:<\/strong> Los sobreesfuerzos y los movimientos repetitivos pueden provocar distensiones y lesiones en los tejidos blandos, causando dolor y limitando las actividades diarias.<\/li>\n\n\n\n<li><strong>Muerte por negligencia:<\/strong> En casos tr\u00e1gicos, las lesiones en un parque de camas el\u00e1sticas pueden ser mortales. Si ha perdido a un ser querido debido a una negligencia en un parque de camas el\u00e1sticas, nuestros compasivos abogados pueden ayudarle a presentar una demanda por homicidio culposo.<\/li>\n<\/ol>\n\n\n\n<p><strong>Determinaci\u00f3n de la responsabilidad en lesiones en parques de trampolines<\/strong><\/p>\n\n\n\n<p>Uno de los aspectos clave en los casos de lesiones en parques de camas el\u00e1sticas es determinar la responsabilidad. Los operadores de parques de camas el\u00e1sticas tienen la responsabilidad de mantener un entorno seguro para sus visitantes. Esto incluye inspeccionar regularmente el equipo, garantizar una formaci\u00f3n adecuada del personal y aplicar medidas de seguridad eficaces.<\/p>\n\n\n\n<p>Nuestra <a href=\"https:\/\/www.chandlerrosslaw.com\/es\/danos-personales\/\">abogados expertos en lesiones personales<\/a> son expertos en investigar accidentes en parques de camas el\u00e1sticas para establecer responsabilidades. Colaboramos con expertos del sector para descubrir cualquier negligencia, mantenimiento inadecuado o protocolos de seguridad insuficientes que puedan haber contribuido a su lesi\u00f3n.<\/p>\n\n\n\n<p><strong>C\u00f3mo podemos ayudarle<\/strong><\/p>\n\n\n\n<p>Cuando elige a Chandler Ross Abogados de Lesiones para llevar su caso de lesiones en un parque de trampolines, est\u00e1 eligiendo a un equipo que se dedica a su bienestar y a la justicia. He aqu\u00ed c\u00f3mo podemos ayudarle:<\/p>\n\n\n\n<ol class=\"wp-block-list\">\n<li><strong>Evaluaci\u00f3n minuciosa del caso:<\/strong> Comenzamos escuchando su historia y recopilando todos los detalles relevantes. Nuestros expertos jur\u00eddicos eval\u00faan la solidez de su caso y le asesoran sobre la mejor forma de proceder.<\/li>\n\n\n\n<li><strong>Investigaci\u00f3n exhaustiva:<\/strong> Nuestro equipo no deja piedra sin remover. Llevamos a cabo una investigaci\u00f3n detallada para recopilar pruebas, entrevistamos a testigos y consultamos a expertos que puedan aportar informaci\u00f3n sobre los aspectos t\u00e9cnicos de su caso.<\/li>\n\n\n\n<li><strong>Negociaci\u00f3n h\u00e1bil:<\/strong> En muchos casos, podemos llegar a un acuerdo favorable mediante la negociaci\u00f3n. Nuestros experimentados negociadores se esfuerzan por conseguir la indemnizaci\u00f3n que usted merece sin necesidad de un largo juicio.<\/li>\n\n\n\n<li><strong>Litigios agresivos:<\/strong> Si no se puede llegar a un acuerdo justo, estamos preparados para llevar su caso ante los tribunales. Nuestros abogados probados en juicios son h\u00e1biles litigantes que defender\u00e1n apasionadamente sus derechos ante un juez y un jurado.<\/li>\n\n\n\n<li><strong>Maximizar la compensaci\u00f3n:<\/strong> Comprendemos la tensi\u00f3n financiera que pueden causar las lesiones en un parque de camas el\u00e1sticas. Nuestro objetivo es ayudarle a conseguir una indemnizaci\u00f3n por las facturas m\u00e9dicas, los salarios perdidos, el dolor y el sufrimiento, los gastos de rehabilitaci\u00f3n y mucho m\u00e1s.<\/li>\n<\/ol>\n\n\n\n<p><strong>P\u00f3ngase en contacto con nosotros para una consulta gratuita<\/strong><\/p>\n\n\n\n<p>Si usted o un ser querido ha sufrido una lesi\u00f3n en un parque de trampolines, no dude en ponerse en contacto con Chandler Ross Abogados de lesiones para una consulta gratuita. Nuestro compasivo equipo legal est\u00e1 aqu\u00ed para proporcionarle la orientaci\u00f3n y el apoyo que necesita durante este dif\u00edcil momento. Trabajamos con honorarios condicionales, lo que significa que usted no nos paga a menos que ganemos su caso.<\/p>\n\n\n\n<p>Las lesiones en un parque de trampolines pueden ser f\u00edsica, emocional y financieramente devastadoras. Chandler Ross Injury Attorneys se compromete a ser su aliado en la b\u00fasqueda de justicia y una indemnizaci\u00f3n justa. Con nuestra experiencia, dedicaci\u00f3n y probada trayectoria, estamos preparados para estar a su lado y luchar por sus derechos. P\u00f3ngase en contacto con nosotros hoy mismo para programar su consulta gratuita y dar el primer paso hacia un futuro mejor.<\/p>\n\n\n\n<p>Con oficinas en los condados de Denton, Tarrant y Dallas, estamos posicionados para proporcionar la representaci\u00f3n m\u00e1s eficaz y altamente cualificada posible. No espere y no se comprometa: p\u00f3ngase en contacto con nosotros hoy mismo para ver c\u00f3mo podemos ayudarle. En la mayor\u00eda de los casos, usted no paga nada a menos que gane. <a href=\"https:\/\/www.chandlerrosslaw.com\/es\/pongase-en-contacto-con\/\">Contacte con nosotros<\/a> \u00a1ahora al (940) 800-2500 para programar la evaluaci\u00f3n y consulta gratuita de su caso de lesiones personales!<\/p>","protected":false},"excerpt":{"rendered":"<p>Denton, Texas Abogados de lesiones en parques de trampolines Comprendemos el regocijo y la diversi\u00f3n que ofrecen los parques de trampolines, pero tambi\u00e9n reconocemos los riesgos que entra\u00f1an. Las lesiones en los parques de camas el\u00e1sticas han ido en aumento, y si usted o sus seres queridos han sido v\u00edctimas desafortunadas, estamos aqu\u00ed para luchar por sus derechos y ayudarle a buscar...<\/p>","protected":false},"author":1,"featured_media":17539,"parent":0,"menu_order":0,"comment_status":"closed","ping_status":"closed","template":"","meta":{"_acf_changed":false,"footnotes":""},"class_list":["post-15132","page","type-page","status-publish","has-post-thumbnail","hentry"],"acf":[],"_links":{"self":[{"href":"https:\/\/www.chandlerrosslaw.com\/es\/wp-json\/wp\/v2\/pages\/15132","targetHints":{"allow":["GET"]}}],"collection":[{"href":"https:\/\/www.chandlerrosslaw.com\/es\/wp-json\/wp\/v2\/pages"}],"about":[{"href":"https:\/\/www.chandlerrosslaw.com\/es\/wp-json\/wp\/v2\/types\/page"}],"author":[{"embeddable":true,"href":"https:\/\/www.chandlerrosslaw.com\/es\/wp-json\/wp\/v2\/users\/1"}],"replies":[{"embeddable":true,"href":"https:\/\/www.chandlerrosslaw.com\/es\/wp-json\/wp\/v2\/comments?post=15132"}],"version-history":[{"count":4,"href":"https:\/\/www.chandlerrosslaw.com\/es\/wp-json\/wp\/v2\/pages\/15132\/revisions"}],"predecessor-version":[{"id":18165,"href":"https:\/\/www.chandlerrosslaw.com\/es\/wp-json\/wp\/v2\/pages\/15132\/revisions\/18165"}],"wp:featuredmedia":[{"embeddable":true,"href":"https:\/\/www.chandlerrosslaw.com\/es\/wp-json\/wp\/v2\/media\/17539"}],"wp:attachment":[{"href":"https:\/\/www.chandlerrosslaw.com\/es\/wp-json\/wp\/v2\/media?parent=15132"}],"curies":[{"name":"wp","href":"https:\/\/api.w.org\/{rel}","templated":true}]}}