{"id":15129,"date":"2023-08-28T03:58:28","date_gmt":"2023-08-28T03:58:28","guid":{"rendered":"https:\/\/www.chandlerrosslaw.com\/?page_id=15129"},"modified":"2025-05-22T21:36:39","modified_gmt":"2025-05-22T21:36:39","slug":"accidentes-por-maltrato-en-residencias-de-ancianos","status":"publish","type":"page","link":"https:\/\/www.chandlerrosslaw.com\/es\/nursing-home-abuse-accidents\/","title":{"rendered":"Abusos y accidentes en residencias de ancianos"},"content":{"rendered":"<h1 class=\"wp-block-heading\">Denton, Texas Abogados especializados en abusos y accidentes en residencias de ancianos<\/h1>\n\n\n\n<div style=\"height:20px\" aria-hidden=\"true\" class=\"wp-block-spacer\"><\/div>\n\n\n\n<p>A medida que nuestros seres queridos envejecen, su cuidado y bienestar pasan a ser primordiales. A las residencias de ancianos se les conf\u00eda la tarea de proporcionar un entorno seguro y acogedor a las personas mayores que requieren cuidados especializados. Sin embargo, los casos de abusos y accidentes en residencias de ancianos se han convertido en una angustiosa realidad. Estos incidentes pueden provocar da\u00f1os f\u00edsicos, emocionales y psicol\u00f3gicos, dejando a las familias devastadas y en busca de respuestas.<\/p>\n\n\n\n<p>El maltrato en residencias de ancianos puede adoptar diversas formas, entre ellas:<\/p>\n\n\n\n<ol class=\"wp-block-list\">\n<li><strong>Maltrato f\u00edsico<\/strong>: Uso injustificado de la fuerza que causa lesiones, dolor o deterioro.<\/li>\n\n\n\n<li><strong>Abuso emocional<\/strong>: Da\u00f1o psicol\u00f3gico mediante amenazas, intimidaci\u00f3n o humillaci\u00f3n.<\/li>\n\n\n\n<li><strong>Negligencia<\/strong>: No proporcionar los cuidados adecuados, lo que provoca lesiones o el deterioro de la salud.<\/li>\n\n\n\n<li><strong>Explotaci\u00f3n financiera<\/strong>: Uso no autorizado de los fondos o bienes de un residente.<\/li>\n\n\n\n<li><strong>Negligencia m\u00e9dica<\/strong>: Atenci\u00f3n m\u00e9dica deficiente que provoca da\u00f1os o el empeoramiento de las condiciones de salud.<\/li>\n\n\n\n<li><strong>Abuso sexual<\/strong>: Contacto sexual no consentido, a menudo facilitado por la manipulaci\u00f3n o la coacci\u00f3n.<\/li>\n<\/ol>\n\n\n\n<p>Los accidentes en residencias de ancianos tambi\u00e9n pueden deberse a negligencias en el mantenimiento de un entorno seguro, como resbalones y ca\u00eddas, errores de medicaci\u00f3n, supervisi\u00f3n inadecuada o equipos defectuosos. En estas angustiosas situaciones, nuestro equipo se dedica a descubrir la verdad y a buscar justicia en nombre de sus seres queridos.<\/p>\n\n\n\n<p><strong>Defensa legal compasiva<\/strong><\/p>\n\n\n\n<p>En Chandler Ross Abogados de Lesiones, entendemos las complejidades emocionales y legales involucradas en los casos de abuso y accidentes en asilos de ancianos. Nuestra misi\u00f3n no es s\u00f3lo asegurar la compensaci\u00f3n que sus seres queridos merecen, sino tambi\u00e9n aportar un sentido de cierre y justicia a su sufrimiento. Nuestro enfoque se centra en:<\/p>\n\n\n\n<ol class=\"wp-block-list\">\n<li><strong>Investigaci\u00f3n minuciosa<\/strong>: Recopilamos meticulosamente pruebas, incluidos historiales m\u00e9dicos, informes de instalaciones y testimonios de testigos, para construir un caso s\u00f3lido.<\/li>\n\n\n\n<li><strong>Colaboraci\u00f3n de expertos<\/strong>: Colaboramos con expertos m\u00e9dicos, terapeutas e investigadores para comprender el alcance del da\u00f1o y su impacto en el bienestar de su ser querido.<\/li>\n\n\n\n<li><strong>Atenci\u00f3n personalizada<\/strong>: Tratamos cada caso con la singularidad que merece, ofreciendo un apoyo compasivo y una comunicaci\u00f3n clara a lo largo de todo el proceso legal.<\/li>\n\n\n\n<li><strong>Habilidades de negociaci\u00f3n<\/strong>: Nuestros h\u00e1biles negociadores trabajan incansablemente para conseguir acuerdos que cubran los gastos m\u00e9dicos, el dolor y el sufrimiento, la angustia emocional y mucho m\u00e1s.<\/li>\n\n\n\n<li><strong>Excelencia en los juicios<\/strong>: Si no se puede llegar a un acuerdo justo, estamos preparados para llevar su caso a juicio, aprovechando nuestra experiencia procesal para luchar por la justicia en la sala del tribunal.<\/li>\n<\/ol>\n\n\n\n<p><strong>En busca de una indemnizaci\u00f3n para sus seres queridos<\/strong><\/p>\n\n\n\n<p>Cuando los residentes de una residencia de ancianos son v\u00edctimas de abusos o accidentes, tienen derecho a una indemnizaci\u00f3n por los da\u00f1os sufridos. La indemnizaci\u00f3n puede cubrir:<\/p>\n\n\n\n<ol class=\"wp-block-list\">\n<li><strong>Gastos m\u00e9dicos<\/strong>: Costes relacionados con las lesiones, el tratamiento m\u00e9dico, la terapia y la rehabilitaci\u00f3n.<\/li>\n\n\n\n<li><strong>Dolor y sufrimiento<\/strong>: Dolor f\u00edsico, angustia emocional y disminuci\u00f3n de la calidad de vida.<\/li>\n\n\n\n<li><strong>Muerte por negligencia<\/strong>: Si el siniestro provoc\u00f3 la muerte prematura de su ser querido, puede solicitar una indemnizaci\u00f3n a trav\u00e9s de una demanda por homicidio culposo.<\/li>\n\n\n\n<li><strong>Da\u00f1os punitivos<\/strong>: En casos de negligencia extrema o da\u00f1o intencionado, pueden concederse da\u00f1os punitivos para castigar al infractor y prevenir futuras malas conductas.<\/li>\n<\/ol>\n\n\n\n<p><strong>Capacitarle a trav\u00e9s del conocimiento<\/strong><\/p>\n\n\n\n<p>En Chandler Ross Abogados de Lesiones, creemos que el conocimiento es poder. Nuestro blog es un valioso recurso para comprender las normas de las residencias de ancianos, los signos de maltrato, las medidas de prevenci\u00f3n y los derechos legales. Estamos comprometidos no s\u00f3lo a representar a nuestros clientes, sino tambi\u00e9n a educar a las familias para prevenir futuros incidentes.<\/p>\n\n\n\n<p><strong>P\u00f3ngase en contacto con nosotros para una consulta gratuita<\/strong><\/p>\n\n\n\n<p>Si su ser querido ha sufrido abusos en una residencia de ancianos o un accidente, es crucial actuar con prontitud. Se aplican los plazos de prescripci\u00f3n, as\u00ed que no demore la b\u00fasqueda de asistencia jur\u00eddica. P\u00f3ngase en contacto con Chandler Ross Abogados de Lesiones para una consulta gratuita, donde escucharemos su historia, evaluaremos la situaci\u00f3n y le orientaremos sobre el mejor curso de acci\u00f3n.<\/p>\n\n\n\n<p>Juntos, podemos responsabilizar a las partes negligentes, buscar justicia y garantizar la seguridad y el bienestar de sus seres queridos. Nuestro equipo compasivo y capacitado est\u00e1 aqu\u00ed para permanecer a su lado en cada paso del camino.<\/p>\n\n\n\n<p>Con oficinas en los condados de Denton, Tarrant y Dallas, estamos posicionados para proporcionar la representaci\u00f3n m\u00e1s eficaz y altamente cualificada posible. No espere y no se comprometa: p\u00f3ngase en contacto con nosotros hoy mismo para ver c\u00f3mo podemos ayudarle. En la mayor\u00eda de los casos, usted no paga nada a menos que gane. <a href=\"https:\/\/www.chandlerrosslaw.com\/es\/pongase-en-contacto-con\/\">Contacte con nosotros<\/a> ahora al (940) 800-2500 para programar su <a href=\"https:\/\/www.chandlerrosslaw.com\/es\/danos-personales\/\">evaluaci\u00f3n gratuita de casos de lesiones personales<\/a> \u00a1y consulta!<\/p>","protected":false},"excerpt":{"rendered":"<p>Denton, Texas Abogados especializados en abusos y accidentes en residencias de ancianos A medida que nuestros seres queridos envejecen, su cuidado y bienestar se convierten en algo primordial. A las residencias de ancianos se les conf\u00eda la tarea de proporcionar un entorno seguro y acogedor a las personas mayores que requieren cuidados especializados. Sin embargo, los casos de abusos y accidentes en residencias de ancianos se han convertido en una angustiosa realidad. Estos incidentes pueden dar lugar a...<\/p>","protected":false},"author":1,"featured_media":17496,"parent":0,"menu_order":0,"comment_status":"closed","ping_status":"closed","template":"","meta":{"_acf_changed":false,"footnotes":""},"class_list":["post-15129","page","type-page","status-publish","has-post-thumbnail","hentry"],"acf":[],"_links":{"self":[{"href":"https:\/\/www.chandlerrosslaw.com\/es\/wp-json\/wp\/v2\/pages\/15129","targetHints":{"allow":["GET"]}}],"collection":[{"href":"https:\/\/www.chandlerrosslaw.com\/es\/wp-json\/wp\/v2\/pages"}],"about":[{"href":"https:\/\/www.chandlerrosslaw.com\/es\/wp-json\/wp\/v2\/types\/page"}],"author":[{"embeddable":true,"href":"https:\/\/www.chandlerrosslaw.com\/es\/wp-json\/wp\/v2\/users\/1"}],"replies":[{"embeddable":true,"href":"https:\/\/www.chandlerrosslaw.com\/es\/wp-json\/wp\/v2\/comments?post=15129"}],"version-history":[{"count":3,"href":"https:\/\/www.chandlerrosslaw.com\/es\/wp-json\/wp\/v2\/pages\/15129\/revisions"}],"predecessor-version":[{"id":18148,"href":"https:\/\/www.chandlerrosslaw.com\/es\/wp-json\/wp\/v2\/pages\/15129\/revisions\/18148"}],"wp:featuredmedia":[{"embeddable":true,"href":"https:\/\/www.chandlerrosslaw.com\/es\/wp-json\/wp\/v2\/media\/17496"}],"wp:attachment":[{"href":"https:\/\/www.chandlerrosslaw.com\/es\/wp-json\/wp\/v2\/media?parent=15129"}],"curies":[{"name":"wp","href":"https:\/\/api.w.org\/{rel}","templated":true}]}}