{"id":15116,"date":"2023-08-25T17:01:11","date_gmt":"2023-08-25T17:01:11","guid":{"rendered":"https:\/\/www.chandlerrosslaw.com\/?page_id=15116"},"modified":"2025-05-22T21:22:40","modified_gmt":"2025-05-22T21:22:40","slug":"accidentes-de-motocross-con-atv","status":"publish","type":"page","link":"https:\/\/www.chandlerrosslaw.com\/es\/atv-motocross-accidents\/","title":{"rendered":"Accidentes de ATV\/Motocross"},"content":{"rendered":"<h1 class=\"wp-block-heading\">Denton, Texas Abogados de accidentes de ATV\/Motocross<\/h1>\n\n\n\n<div style=\"height:20px\" aria-hidden=\"true\" class=\"wp-block-spacer\"><\/div>\n\n\n\n<p>Bienvenido a Chandler Ross Abogados de Lesiones, su socio legal de confianza en Denton, Texas, dedicado a ayudarle a navegar por las complejidades de los casos de accidentes de ATV y motocross. Si usted o un ser querido se ha visto involucrado en un incidente de este tipo, nuestro experimentado equipo legal est\u00e1 aqu\u00ed para proporcionarle orientaci\u00f3n y representaci\u00f3n expertas. Con un historial probado de asegurar una compensaci\u00f3n justa para nuestros clientes, estamos comprometidos a asegurar que sus derechos sean protegidos y que se haga justicia.<\/p>\n\n\n\n<p><strong>Comprender los accidentes de ATV\/Motocross<\/strong><\/p>\n\n\n\n<p>Los ATV (veh\u00edculos todo terreno) y los veh\u00edculos de motocross son opciones recreativas populares para muchos buscadores de emociones. Aunque ofrecen emoci\u00f3n y aventura al aire libre, estos veh\u00edculos tambi\u00e9n conllevan riesgos inherentes. Los accidentes con ATV y veh\u00edculos de motocross pueden provocar lesiones graves, desde fracturas \u00f3seas y traumatismos craneoencef\u00e1licos hasta lesiones medulares e incluso muertes.<\/p>\n\n\n\n<p>Las causas de los accidentes de ATV y motocross son diversas y pueden incluir:<\/p>\n\n\n\n<ol class=\"wp-block-list\">\n<li><strong>Error del operador:<\/strong> El manejo inexperto o imprudente del veh\u00edculo, como la velocidad excesiva, los giros bruscos o las maniobras repentinas, pueden provocar accidentes.<\/li>\n\n\n\n<li><strong>Aver\u00eda del equipo:<\/strong> Las piezas defectuosas o los equipos defectuosos pueden provocar la p\u00e9rdida de control y accidentes.<\/li>\n\n\n\n<li><strong>Mantenimiento deficiente:<\/strong> Descuidar el mantenimiento adecuado puede provocar fallos en los frenos, reventones de neum\u00e1ticos y otros problemas mec\u00e1nicos.<\/li>\n\n\n\n<li><strong>Factores medioambientales:<\/strong> Los terrenos irregulares, los obst\u00e1culos y las condiciones meteorol\u00f3gicas adversas pueden contribuir a que se produzcan accidentes.<\/li>\n\n\n\n<li><strong>Colisiones:<\/strong> La colisi\u00f3n con otros veh\u00edculos, peatones u objetos inm\u00f3viles es una causa com\u00fan de accidentes.<\/li>\n<\/ol>\n\n\n\n<p><strong>En busca de una indemnizaci\u00f3n por sus lesiones<\/strong><\/p>\n\n\n\n<p>Si ha resultado herido en un accidente de quad o motocross debido a la negligencia de otra persona o al mal funcionamiento del veh\u00edculo, puede tener derecho a una indemnizaci\u00f3n. Nuestro <a href=\"https:\/\/www.chandlerrosslaw.com\/es\/danos-personales\/\">equipo de abogados expertos en lesiones personales<\/a> evaluar\u00e1 diligentemente las circunstancias que rodearon su accidente, reunir\u00e1 pruebas y construir\u00e1 un caso s\u00f3lido para establecer la responsabilidad.<\/p>\n\n\n\n<p>Las indemnizaciones en casos de accidentes de ATV y motocross pueden cubrir:<\/p>\n\n\n\n<ol class=\"wp-block-list\">\n<li><strong>Gastos m\u00e9dicos:<\/strong> Esto incluye las facturas m\u00e9dicas actuales y futuras, hospitalizaci\u00f3n, cirug\u00edas, medicaci\u00f3n y costes de rehabilitaci\u00f3n.<\/li>\n\n\n\n<li><strong>Salarios perdidos:<\/strong> Si sus lesiones le impiden trabajar, puede tener derecho a una indemnizaci\u00f3n por los salarios perdidos y los posibles ingresos futuros.<\/li>\n\n\n\n<li><strong>Dolor y sufrimiento:<\/strong> El dolor f\u00edsico, la angustia emocional y el impacto general en su calidad de vida se tienen en cuenta a la hora de determinar la indemnizaci\u00f3n.<\/li>\n\n\n\n<li><strong>Da\u00f1os materiales:<\/strong> Indemnizaci\u00f3n por la reparaci\u00f3n o sustituci\u00f3n de su veh\u00edculo o cualquier otra propiedad da\u00f1ada en el accidente.<\/li>\n\n\n\n<li><strong>Muerte por negligencia:<\/strong> En los casos tr\u00e1gicos en los que un ser querido ha perdido la vida en un accidente de quad o motocross, podemos presentar una demanda por homicidio culposo en nombre de su familia.<\/li>\n<\/ol>\n\n\n\n<p><strong>Por qu\u00e9 elegir Chandler Ross Abogados de lesiones<\/strong><\/p>\n\n\n\n<p>1. <strong>Experiencia que importa<\/strong><\/p>\n\n\n\n<p>Nuestro equipo jur\u00eddico cuenta con a\u00f1os de experiencia en la tramitaci\u00f3n de casos de lesiones personales, incluidos los accidentes de ATV y motocross. Tenemos un profundo conocimiento de las leyes Texas relacionadas con estos accidentes y de los matices que implica la b\u00fasqueda de una indemnizaci\u00f3n.<\/p>\n\n\n\n<p>2. <strong>Historial probado<\/strong><\/p>\n\n\n\n<p>Estamos orgullosos de nuestro historial de obtener resultados favorables para nuestros clientes. Nuestro historial de acuerdos exitosos y victorias en los tribunales habla de nuestro compromiso de impartir justicia.<\/p>\n\n\n\n<p>3. <strong>Enfoque compasivo y personalizado<\/strong><\/p>\n\n\n\n<p>En Chandler Ross Injury Attorneys, usted no es s\u00f3lo un n\u00famero de caso. Tratamos a cada cliente con el cuidado, el respeto y la atenci\u00f3n individual que se merece. Su bienestar es nuestra m\u00e1xima prioridad.<\/p>\n\n\n\n<p>4. <strong>Representaci\u00f3n agresiva<\/strong><\/p>\n\n\n\n<p>No nos asusta enfrentarnos a compa\u00f1\u00edas de seguros, fabricantes o partes negligentes. Nuestro enfoque agresivo garantiza la protecci\u00f3n de sus derechos y luchamos por la m\u00e1xima indemnizaci\u00f3n que se merece.<\/p>\n\n\n\n<p>5. <strong>Consulta gratuita<\/strong><\/p>\n\n\n\n<p>Entendemos que puede tener preguntas y preocupaciones sobre su caso. Por eso le ofrecemos una consulta inicial gratuita. Es una oportunidad para que comprendamos su situaci\u00f3n y le proporcionemos un asesoramiento jur\u00eddico a su medida.<\/p>\n\n\n\n<p>El proceso legal<\/p>\n\n\n\n<p>Nuestro enfoque de los casos de accidentes de ATV y motocross implica un proceso sistem\u00e1tico dise\u00f1ado para maximizar sus posibilidades de recibir una indemnizaci\u00f3n justa.<\/p>\n\n\n\n<ol class=\"wp-block-list\">\n<li><strong>Consulta:<\/strong> Empezamos por conocer los detalles de su accidente y sus lesiones. Esta conversaci\u00f3n inicial nos ayuda a evaluar la solidez de su caso.<\/li>\n\n\n\n<li><strong>Investigaci\u00f3n:<\/strong> Reunimos pruebas como informes de accidentes, historiales m\u00e9dicos, declaraciones de testigos y opiniones de expertos para construir una base s\u00f3lida para su reclamaci\u00f3n.<\/li>\n\n\n\n<li><strong>Negociaci\u00f3n:<\/strong> Nos comprometemos con las partes contrarias, incluidas las compa\u00f1\u00edas de seguros, para negociar un acuerdo justo que cubra sus da\u00f1os.<\/li>\n\n\n\n<li><strong>Litigios:<\/strong> Si es necesario, estamos preparados para llevar su caso ante los tribunales. Nuestros expertos litigantes presentar\u00e1n su caso con eficacia y defender\u00e1n sus derechos ante un juez y un jurado.<\/li>\n<\/ol>\n\n\n\n<p>Contacte con nosotros hoy mismo<\/p>\n\n\n\n<p>Si usted o un ser querido ha resultado herido en un accidente de ATV o motocross, no espere para buscar la indemnizaci\u00f3n que se merece. Los abogados especializados en lesiones de Chandler Ross est\u00e1n aqu\u00ed para guiarle a trav\u00e9s del proceso legal, defender sus derechos y luchar por el mejor resultado posible.<\/p>\n\n\n\n<p>P\u00f3ngase en contacto con nosotros hoy mismo para programar su consulta gratuita. Recuerde, no tiene que enfrentarse a este reto solo - estamos aqu\u00ed para ayudarle en cada paso del camino. Su camino hacia la recuperaci\u00f3n comienza aqu\u00ed.<\/p>\n\n\n\n<p>Con oficinas en los condados de Denton, Tarrant y Dallas, estamos posicionados para proporcionar la representaci\u00f3n m\u00e1s eficaz y altamente cualificada posible. No espere y no se comprometa: p\u00f3ngase en contacto con nosotros hoy mismo para ver c\u00f3mo podemos ayudarle. En la mayor\u00eda de los casos, usted no paga nada a menos que gane. <a href=\"https:\/\/www.chandlerrosslaw.com\/es\/pongase-en-contacto-con\/\">Contacte con nosotros<\/a> \u00a1ahora al (940) 800-2500 para programar la evaluaci\u00f3n y consulta gratuita de su caso de lesiones personales!<\/p>","protected":false},"excerpt":{"rendered":"<p>Denton, Texas Abogados de accidentes de ATV\/Motocross Bienvenido a Chandler Ross Abogados de lesiones, su socio legal de confianza en Denton, Texas, dedicado a ayudarle a navegar por las complejidades de los casos de accidentes de ATV y motocross. Si usted o un ser querido se ha visto involucrado en un incidente de este tipo, nuestro experimentado equipo legal est\u00e1 aqu\u00ed para proporcionarle...<\/p>","protected":false},"author":1,"featured_media":17407,"parent":0,"menu_order":0,"comment_status":"closed","ping_status":"closed","template":"","meta":{"_acf_changed":false,"footnotes":""},"class_list":["post-15116","page","type-page","status-publish","has-post-thumbnail","hentry"],"acf":[],"_links":{"self":[{"href":"https:\/\/www.chandlerrosslaw.com\/es\/wp-json\/wp\/v2\/pages\/15116","targetHints":{"allow":["GET"]}}],"collection":[{"href":"https:\/\/www.chandlerrosslaw.com\/es\/wp-json\/wp\/v2\/pages"}],"about":[{"href":"https:\/\/www.chandlerrosslaw.com\/es\/wp-json\/wp\/v2\/types\/page"}],"author":[{"embeddable":true,"href":"https:\/\/www.chandlerrosslaw.com\/es\/wp-json\/wp\/v2\/users\/1"}],"replies":[{"embeddable":true,"href":"https:\/\/www.chandlerrosslaw.com\/es\/wp-json\/wp\/v2\/comments?post=15116"}],"version-history":[{"count":3,"href":"https:\/\/www.chandlerrosslaw.com\/es\/wp-json\/wp\/v2\/pages\/15116\/revisions"}],"predecessor-version":[{"id":18102,"href":"https:\/\/www.chandlerrosslaw.com\/es\/wp-json\/wp\/v2\/pages\/15116\/revisions\/18102"}],"wp:featuredmedia":[{"embeddable":true,"href":"https:\/\/www.chandlerrosslaw.com\/es\/wp-json\/wp\/v2\/media\/17407"}],"wp:attachment":[{"href":"https:\/\/www.chandlerrosslaw.com\/es\/wp-json\/wp\/v2\/media?parent=15116"}],"curies":[{"name":"wp","href":"https:\/\/api.w.org\/{rel}","templated":true}]}}