{"id":15091,"date":"2023-08-25T16:13:03","date_gmt":"2023-08-25T16:13:03","guid":{"rendered":"https:\/\/www.chandlerrosslaw.com\/?page_id=15091"},"modified":"2025-05-22T21:37:18","modified_gmt":"2025-05-22T21:37:18","slug":"accidentes-de-limusinas-en-vehiculos-privados","status":"publish","type":"page","link":"https:\/\/www.chandlerrosslaw.com\/es\/accidentes-de-limusinas-en-vehiculos-privados\/","title":{"rendered":"Accidentes de veh\u00edculos particulares\/limusinas"},"content":{"rendered":"<h1 class=\"wp-block-heading\">Denton, Texas Abogados de accidentes de veh\u00edculos particulares\/limosinas<\/h1>\n\n\n\n<div style=\"height:20px\" aria-hidden=\"true\" class=\"wp-block-spacer\"><\/div>\n\n\n\n<p>Bienvenido a Chandler Ross Abogados de Lesiones, su socio legal de confianza en Denton, Texas, proporcionando representaci\u00f3n legal de primera clase para accidentes de veh\u00edculos privados y limusinas. Con a\u00f1os de experiencia, nuestros <a href=\"https:\/\/www.chandlerrosslaw.com\/es\/danos-personales\/\">equipo de abogados expertos en lesiones personales<\/a> se dedica a ayudar a las v\u00edctimas de accidentes a buscar justicia y una indemnizaci\u00f3n justa. Si usted o sus seres queridos se han visto implicados en un accidente de veh\u00edculo privado o limusina, nuestra experiencia y compromiso est\u00e1n aqu\u00ed para apoyarle en cada paso del camino.<\/p>\n\n\n\n<p><strong>Comprender los accidentes de veh\u00edculos privados y limusinas<\/strong><\/p>\n\n\n\n<p>Los accidentes de veh\u00edculos privados y limusinas pueden tener graves consecuencias f\u00edsicas, emocionales y econ\u00f3micas. Estos accidentes pueden producirse debido a diversos factores, como la negligencia del conductor, las condiciones de la carretera, el clima y los fallos mec\u00e1nicos. Independientemente de la causa, si usted o alguien que conoce ha sufrido lesiones en un accidente de este tipo, es esencial asegurarse una representaci\u00f3n legal competente para proteger sus derechos y conseguir la indemnizaci\u00f3n que merece.<\/p>\n\n\n\n<p><strong>\u00bfPor qu\u00e9 elegir a los abogados especializados en lesiones Chandler Ross?<\/strong><\/p>\n\n\n\n<p>En Chandler Ross Injury Attorneys, nos distinguimos del resto por nuestra inigualable dedicaci\u00f3n a nuestros clientes y nuestro probado historial de \u00e9xitos. He aqu\u00ed por qu\u00e9 deber\u00eda elegirnos para que le representemos en su caso de accidente de veh\u00edculo privado o limusina:<\/p>\n\n\n\n<ol class=\"wp-block-list\">\n<li><strong>Experiencia:<\/strong> Nuestro equipo de abogados expertos en lesiones personales ha llevado numerosos casos de accidentes de veh\u00edculos privados y limusinas. Poseemos un profundo conocimiento tanto de los aspectos jur\u00eddicos como pr\u00e1cticos de estos casos, lo que nos permite ofrecer estrategias eficaces adaptadas a su situaci\u00f3n espec\u00edfica.<\/li>\n\n\n\n<li><strong>Experiencia:<\/strong> Los casos de accidentes de veh\u00edculos privados y limusinas suelen implicar complejas cuestiones legales y de seguros. Nuestra experiencia en este campo nos permite navegar por estas complejidades y negociar con las compa\u00f1\u00edas de seguros en su nombre, asegur\u00e1ndonos de que recibe la m\u00e1xima indemnizaci\u00f3n que se merece.<\/li>\n\n\n\n<li><strong>Enfoque centrado en el cliente:<\/strong> Priorizamos el bienestar de nuestros clientes por encima de todo. Nuestro compasivo equipo se toma el tiempo necesario para comprender sus circunstancias particulares, responder a sus preguntas y abordar sus preocupaciones. Creemos en la comunicaci\u00f3n abierta y transparente, manteni\u00e9ndole informado sobre cada aspecto de su caso.<\/li>\n\n\n\n<li><strong>Representaci\u00f3n agresiva:<\/strong> Aunque abordamos cada caso con empat\u00eda, somos fieros defensores de los derechos de nuestros clientes. No nos asusta enfrentarnos a grandes compa\u00f1\u00edas de seguros u otras partes para conseguir la indemnizaci\u00f3n que necesita para recuperarse f\u00edsica, emocional y econ\u00f3micamente.<\/li>\n\n\n\n<li><strong>Resultados probados:<\/strong> Nuestro impresionante historial de acuerdos y veredictos exitosos habla por s\u00ed solo. Hemos ayudado a numerosas v\u00edctimas de accidentes a reconstruir sus vidas tras sucesos traum\u00e1ticos, y estamos dispuestos a hacer lo mismo por usted.<\/li>\n<\/ol>\n\n\n\n<p><strong>Nuestros servicios<\/strong><\/p>\n\n\n\n<p>Nuestros servicios jur\u00eddicos integrales abarcan una amplia gama de aspectos relacionados con los accidentes de veh\u00edculos privados y limusinas, entre otros:<\/p>\n\n\n\n<ol class=\"wp-block-list\">\n<li><strong>Investigaci\u00f3n minuciosa:<\/strong> Nuestro equipo lleva a cabo una meticulosa investigaci\u00f3n del accidente, recopilando pruebas como informes del accidente, declaraciones de testigos y opiniones de expertos. Esta informaci\u00f3n constituye la base de su caso.<\/li>\n\n\n\n<li><strong>Determinaci\u00f3n de la responsabilidad:<\/strong> Identificar a las partes responsables es crucial para buscar una indemnizaci\u00f3n. Ya se trate de un conductor negligente, de un componente defectuoso del veh\u00edculo o de una entidad gubernamental responsable del mantenimiento de las carreteras, no dejamos piedra sin remover para determinar la responsabilidad.<\/li>\n\n\n\n<li><strong>Documentaci\u00f3n m\u00e9dica:<\/strong> Trabajamos en estrecha colaboraci\u00f3n con profesionales m\u00e9dicos para asegurarnos de que sus lesiones queden minuciosamente documentadas. Esta documentaci\u00f3n sirve como prueba crucial para evaluar el alcance de sus da\u00f1os y la indemnizaci\u00f3n que merece.<\/li>\n\n\n\n<li><strong>Negociaciones:<\/strong> Nuestros h\u00e1biles negociadores se enfrentan a las compa\u00f1\u00edas de seguros para conseguir un acuerdo justo. No aceptaremos menos de lo que usted se merece por derecho y estamos preparados para ir a juicio si es necesario.<\/li>\n\n\n\n<li><strong>Maximizar la compensaci\u00f3n:<\/strong> Entendemos que sus lesiones pueden tener consecuencias de gran alcance. Trabajamos incansablemente para calcular el alcance total de sus da\u00f1os, cubriendo los gastos m\u00e9dicos, los salarios perdidos, el dolor y el sufrimiento, y mucho m\u00e1s.<\/li>\n\n\n\n<li><strong>Orientaci\u00f3n jur\u00eddica:<\/strong> Navegar por el sistema legal puede ser abrumador, especialmente mientras se recupera de un accidente. Nuestro equipo legal le gu\u00eda a trav\u00e9s de cada paso, asegur\u00e1ndose de que entiende sus opciones y toma decisiones informadas.<\/li>\n<\/ol>\n\n\n\n<p><strong>P\u00f3ngase en contacto hoy mismo con los abogados especializados en lesiones Chandler Ross<\/strong><\/p>\n\n\n\n<p>Si usted o sus seres queridos se han visto implicados en un accidente de veh\u00edculo privado o limusina en Denton, Texas, no tarde en buscar representaci\u00f3n legal. El tiempo es esencial en estos casos, y cuanto antes act\u00fae, m\u00e1s s\u00f3lido puede ser su caso. P\u00f3ngase en contacto hoy mismo con los abogados especializados en lesiones Chandler Ross para una consulta gratuita y sin compromiso. Deje que nuestra experiencia, pericia y dedicaci\u00f3n trabajen para usted mientras luchamos por la justicia y la indemnizaci\u00f3n que se merece.<\/p>\n\n\n\n<p>Recuerde que no est\u00e1 solo en este viaje. Chandler Ross Injury Attorneys est\u00e1 aqu\u00ed para proporcionarle el apoyo legal que necesita para seguir adelante y reconstruirse tras un accidente de veh\u00edculo privado o limusina. Su recuperaci\u00f3n y sus derechos son nuestras prioridades.<\/p>\n\n\n\n<p>P\u00f3ngase en contacto con nuestro equipo de abogados de accidentes del Norte Texas en Chandler Ross Law. Con oficinas en los condados de Denton, Tarrant y Dallas, estamos posicionados para proporcionar la representaci\u00f3n m\u00e1s eficaz y altamente cualificada posible. No espere y no se comprometa: p\u00f3ngase en contacto con nosotros hoy mismo para ver c\u00f3mo podemos ayudarle. En la mayor\u00eda de los casos, usted no paga nada a menos que gane. <a href=\"https:\/\/www.chandlerrosslaw.com\/es\/pongase-en-contacto-con\/\">Contacte con nosotros<\/a> \u00a1ahora al (940) 800-2500 para programar la evaluaci\u00f3n y consulta gratuita de su caso de lesiones personales!<\/p>\n\n\n\n<p><\/p>","protected":false},"excerpt":{"rendered":"<p>Denton, Texas Abogados de Accidentes de Veh\u00edculos Privados\/Limosinas Bienvenido a Chandler Ross Abogados de Lesiones, su socio legal de confianza en Denton, Texas, que le ofrece una representaci\u00f3n legal de primera en accidentes de veh\u00edculos privados y limusinas. Con a\u00f1os de experiencia, nuestro equipo de abogados expertos en lesiones personales se dedica a ayudar a las v\u00edctimas de accidentes a buscar justicia y una compensaci\u00f3n justa. Si usted o su...<\/p>","protected":false},"author":1,"featured_media":17534,"parent":0,"menu_order":0,"comment_status":"closed","ping_status":"closed","template":"","meta":{"_acf_changed":false,"footnotes":""},"class_list":["post-15091","page","type-page","status-publish","has-post-thumbnail","hentry"],"acf":[],"_links":{"self":[{"href":"https:\/\/www.chandlerrosslaw.com\/es\/wp-json\/wp\/v2\/pages\/15091","targetHints":{"allow":["GET"]}}],"collection":[{"href":"https:\/\/www.chandlerrosslaw.com\/es\/wp-json\/wp\/v2\/pages"}],"about":[{"href":"https:\/\/www.chandlerrosslaw.com\/es\/wp-json\/wp\/v2\/types\/page"}],"author":[{"embeddable":true,"href":"https:\/\/www.chandlerrosslaw.com\/es\/wp-json\/wp\/v2\/users\/1"}],"replies":[{"embeddable":true,"href":"https:\/\/www.chandlerrosslaw.com\/es\/wp-json\/wp\/v2\/comments?post=15091"}],"version-history":[{"count":3,"href":"https:\/\/www.chandlerrosslaw.com\/es\/wp-json\/wp\/v2\/pages\/15091\/revisions"}],"predecessor-version":[{"id":18162,"href":"https:\/\/www.chandlerrosslaw.com\/es\/wp-json\/wp\/v2\/pages\/15091\/revisions\/18162"}],"wp:featuredmedia":[{"embeddable":true,"href":"https:\/\/www.chandlerrosslaw.com\/es\/wp-json\/wp\/v2\/media\/17534"}],"wp:attachment":[{"href":"https:\/\/www.chandlerrosslaw.com\/es\/wp-json\/wp\/v2\/media?parent=15091"}],"curies":[{"name":"wp","href":"https:\/\/api.w.org\/{rel}","templated":true}]}}