{"id":15088,"date":"2023-08-25T16:33:19","date_gmt":"2023-08-25T16:33:19","guid":{"rendered":"https:\/\/www.chandlerrosslaw.com\/?page_id=15088"},"modified":"2025-12-31T22:26:17","modified_gmt":"2025-12-31T22:26:17","slug":"accidentes-de-camiones-fedex-ups","status":"publish","type":"page","link":"https:\/\/www.chandlerrosslaw.com\/es\/fedex-ups-truck-accidents\/","title":{"rendered":"Accidentes de camiones de FedEx y UPS"},"content":{"rendered":"<h1 class=\"wp-block-heading\">Denton, Texas Abogados de accidentes de camiones FedEx y UPS<\/h1>\n\n\n\n<div style=\"height:20px\" aria-hidden=\"true\" class=\"wp-block-spacer\"><\/div>\n\n\n\n<p>Bienvenido a Chandler Ross Abogados de lesiones, su socio legal de confianza en Denton, Texas. Nuestro <a href=\"https:\/\/www.chandlerrosslaw.com\/es\/danos-personales\/\">equipo experimentado de abogados especializados en lesiones personales<\/a> se dedica a ayudar a las v\u00edctimas de <a href=\"https:\/\/www.chandlerrosslaw.com\/es\/dallas\/abogados-de-accidentes-de-camion\/abogados-de-lesiones-en-camiones-comerciales-de-fedex\/\">FedEx<\/a> y <a href=\"https:\/\/www.chandlerrosslaw.com\/es\/dallas\/abogados-de-accidentes-de-camion\/ups-abogados-de-lesiones-en-camiones-comerciales\/\">Accidentes de camiones de UPS<\/a> reciban la indemnizaci\u00f3n que merecen. Con un profundo conocimiento de las complejidades que rodean los casos de accidentes de cami\u00f3n, nos comprometemos a luchar por sus derechos y a garantizar una resoluci\u00f3n justa.<\/p>\n\n\n\n<p><strong>Comprender los accidentes de camiones de FedEx y UPS:<\/strong> FedEx y UPS son gigantes en el sector de la entrega de paquetes y operan miles de camiones en todo el pa\u00eds. Aunque estas empresas dan prioridad a la seguridad, a\u00fan pueden producirse accidentes con sus veh\u00edculos debido a diversos factores como el cansancio del conductor, un mantenimiento inadecuado, condiciones meteorol\u00f3gicas adversas y otros. Estos accidentes suelen provocar lesiones graves, da\u00f1os materiales y traumas emocionales a las v\u00edctimas.<\/p>\n\n\n\n<p><strong>Por qu\u00e9 necesita un abogado especializado:<\/strong> Manejar casos de accidentes de camiones de FedEx y UPS requiere un enfoque especializado. Nuestros experimentados abogados poseen un profundo conocimiento de las intrincadas leyes y reglamentos que rigen el transporte comercial por cami\u00f3n, lo que nos hace estar bien equipados para navegar por las complejidades de su caso. Entendemos los retos \u00fanicos que presentan estos casos y trabajaremos incansablemente para construir una estrategia legal s\u00f3lida adaptada a su situaci\u00f3n.<\/p>\n\n\n\n<p><strong>Nuestro enfoque:<\/strong><\/p>\n\n\n\n<ol class=\"wp-block-list\">\n<li><strong>Investigaci\u00f3n minuciosa:<\/strong> Comenzamos realizando una investigaci\u00f3n exhaustiva del accidente. Esto incluye la recogida de pruebas en el lugar del accidente, la obtenci\u00f3n de los registros de la compa\u00f1\u00eda de camiones, el an\u00e1lisis de los registros del conductor y la consulta a expertos en reconstrucci\u00f3n de accidentes si es necesario.<\/li>\n\n\n\n<li><strong>Determinaci\u00f3n de la responsabilidad:<\/strong> Identificar a las partes responsables es crucial. Nuestro equipo determinar\u00e1 si la negligencia del camionero, la empresa de transporte, el personal de mantenimiento u otros factores contribuyeron al accidente.<\/li>\n\n\n\n<li><strong>C\u00e1lculo de da\u00f1os y perjuicios:<\/strong> Las lesiones derivadas de accidentes de cami\u00f3n pueden ser graves y ocasionar gastos m\u00e9dicos, p\u00e9rdida de salarios, dolor y sufrimiento, y mucho m\u00e1s. Trabajamos con profesionales m\u00e9dicos, economistas y otros expertos para evaluar con precisi\u00f3n el alcance total de sus da\u00f1os.<\/li>\n\n\n\n<li><strong>Negociaci\u00f3n y litigios:<\/strong> Nuestro objetivo es conseguir un acuerdo justo sin necesidad de juicio. Sin embargo, si las negociaciones no producen la indemnizaci\u00f3n que usted merece, estamos plenamente preparados para litigar su caso ante los tribunales.<\/li>\n<\/ol>\n\n\n\n<p><strong>Maximizar la compensaci\u00f3n:<\/strong> Nuestro principal objetivo es asegurarnos de que reciba la m\u00e1xima indemnizaci\u00f3n posible. Esto puede cubrir:<\/p>\n\n\n\n<ul class=\"wp-block-list\">\n<li>Gastos m\u00e9dicos (actuales y futuros)<\/li>\n\n\n\n<li>P\u00e9rdida de salario y de capacidad de ganancia<\/li>\n\n\n\n<li>Dolor y sufrimiento<\/li>\n\n\n\n<li>Angustia emocional<\/li>\n\n\n\n<li>Da\u00f1os materiales<\/li>\n\n\n\n<li>Da\u00f1os punitivos (si procede)<\/li>\n<\/ul>\n\n\n\n<p><strong>Por qu\u00e9 elegir Chandler Ross Abogados de lesiones:<\/strong><\/p>\n\n\n\n<ol class=\"wp-block-list\">\n<li><strong>Historial probado:<\/strong> Tenemos un historial de manejar con \u00e9xito casos complejos de lesiones personales, incluyendo accidentes de camiones de FedEx y UPS.<\/li>\n\n\n\n<li><strong>Experiencia:<\/strong> Nuestros abogados se especializan en casos de accidentes de cami\u00f3n y poseen un profundo conocimiento de las leyes y reglamentos espec\u00edficos de <a href=\"https:\/\/www.chandlerrosslaw.com\/es\/blog\/que-es-un-vehiculo-de-motor-comercial\/\">transporte comercial<\/a>.<\/li>\n\n\n\n<li><strong>Enfoque centrado en el cliente:<\/strong> Damos prioridad a su bienestar. Nuestro equipo proporciona un apoyo compasivo a la vez que persigue agresivamente la compensaci\u00f3n que usted merece.<\/li>\n\n\n\n<li><strong>Ingenioso:<\/strong> Tenemos acceso a una red de expertos que pueden aportar valiosas ideas sobre su caso, reforzando su demanda.<\/li>\n\n\n\n<li><strong>Orientado a los resultados:<\/strong> Nuestro objetivo es lograr el mejor resultado posible para usted. Ya sea mediante la negociaci\u00f3n o el litigio, nos dedicamos a garantizar sus derechos.<\/li>\n<\/ol>\n\n\n\n<p>Si usted o un ser querido ha sufrido un accidente con un cami\u00f3n de FedEx o UPS, no dude en ponerse en contacto con Chandler Ross Abogados de Lesiones. Nuestra consulta inicial es gratuita y trabajamos con honorarios condicionales, lo que significa que usted no paga a menos que ganemos su caso. P\u00f3ngase en contacto con nosotros hoy mismo para programar su consulta y dar el primer paso para conseguir la indemnizaci\u00f3n que se merece.<\/p>\n\n\n\n<p>Con oficinas en Denton, Tarrant y <a href=\"https:\/\/www.chandlerrosslaw.com\/es\/dallas\/abogados-de-accidentes-de-camion\/\">Condados Dallas<\/a>, estamos en condiciones de proporcionarle la representaci\u00f3n m\u00e1s eficaz y altamente cualificada posible. No espere y no se comprometa: p\u00f3ngase en contacto con nosotros hoy mismo para ver c\u00f3mo podemos ayudarle. En la mayor\u00eda de los casos, usted no paga nada a menos que gane. <a href=\"https:\/\/www.chandlerrosslaw.com\/es\/pongase-en-contacto-con\/\">Contacte con nosotros<\/a> \u00a1ahora al (940) 800-2500 para programar la evaluaci\u00f3n y consulta gratuita de su caso de lesiones personales!<\/p>","protected":false},"excerpt":{"rendered":"<p>Denton, Texas Abogados de accidentes de camiones de FedEx y UPS Bienvenido a Chandler Ross Abogados de lesiones, su socio legal de confianza en Denton, Texas. Nuestro experimentado equipo de abogados de lesiones personales se dedica a ayudar a las v\u00edctimas de accidentes de camiones de FedEx y UPS a recibir la indemnizaci\u00f3n que merecen. Con un profundo conocimiento de las complejidades que rodean los casos de accidentes de cami\u00f3n,...<\/p>","protected":false},"author":1,"featured_media":17483,"parent":0,"menu_order":0,"comment_status":"closed","ping_status":"closed","template":"","meta":{"_acf_changed":false,"footnotes":""},"class_list":["post-15088","page","type-page","status-publish","has-post-thumbnail","hentry"],"acf":[],"_links":{"self":[{"href":"https:\/\/www.chandlerrosslaw.com\/es\/wp-json\/wp\/v2\/pages\/15088","targetHints":{"allow":["GET"]}}],"collection":[{"href":"https:\/\/www.chandlerrosslaw.com\/es\/wp-json\/wp\/v2\/pages"}],"about":[{"href":"https:\/\/www.chandlerrosslaw.com\/es\/wp-json\/wp\/v2\/types\/page"}],"author":[{"embeddable":true,"href":"https:\/\/www.chandlerrosslaw.com\/es\/wp-json\/wp\/v2\/users\/1"}],"replies":[{"embeddable":true,"href":"https:\/\/www.chandlerrosslaw.com\/es\/wp-json\/wp\/v2\/comments?post=15088"}],"version-history":[{"count":6,"href":"https:\/\/www.chandlerrosslaw.com\/es\/wp-json\/wp\/v2\/pages\/15088\/revisions"}],"predecessor-version":[{"id":19074,"href":"https:\/\/www.chandlerrosslaw.com\/es\/wp-json\/wp\/v2\/pages\/15088\/revisions\/19074"}],"wp:featuredmedia":[{"embeddable":true,"href":"https:\/\/www.chandlerrosslaw.com\/es\/wp-json\/wp\/v2\/media\/17483"}],"wp:attachment":[{"href":"https:\/\/www.chandlerrosslaw.com\/es\/wp-json\/wp\/v2\/media?parent=15088"}],"curies":[{"name":"wp","href":"https:\/\/api.w.org\/{rel}","templated":true}]}}