{"id":15086,"date":"2023-08-28T04:03:54","date_gmt":"2023-08-28T04:03:54","guid":{"rendered":"https:\/\/www.chandlerrosslaw.com\/?page_id=15086"},"modified":"2025-05-22T21:32:29","modified_gmt":"2025-05-22T21:32:29","slug":"accidentes-en-guarderias","status":"publish","type":"page","link":"https:\/\/www.chandlerrosslaw.com\/es\/daycare-abuse-accidents\/","title":{"rendered":"Abusos y accidentes en guarder\u00edas"},"content":{"rendered":"<h1 class=\"wp-block-heading\">Denton, Texas Abogados de abusos y accidentes en guarder\u00edas<\/h1>\n\n\n\n<div style=\"height:20px\" aria-hidden=\"true\" class=\"wp-block-spacer\"><\/div>\n\n\n\n<p>Cuando usted conf\u00eda a su hijo a una guarder\u00eda, espera que lo cuiden, atiendan y protejan en un entorno seguro. Por desgracia, no todas las guarder\u00edas cumplen estas normas, lo que da lugar a casos de abusos y accidentes en guarder\u00edas que pueden dejar a su hijo traumatizado y lesionado. En Chandler Ross Abogados de lesiones, comprendemos la angustia emocional y las complejidades legales a las que se enfrentan los padres en tales situaciones. Nuestro experimentado equipo legal se dedica a luchar por los derechos de su hijo y a buscar justicia en su nombre.<\/p>\n\n\n\n<p><strong>Comprender los abusos y accidentes en guarder\u00edas<\/strong><\/p>\n\n\n\n<p>Los abusos y accidentes en guarder\u00edas abarcan una amplia gama de incidentes que pueden producirse en un entorno de guarder\u00eda. Estos incidentes pueden incluir:<\/p>\n\n\n\n<ol class=\"wp-block-list\">\n<li><strong>Maltrato f\u00edsico<\/strong>: El maltrato f\u00edsico implica un da\u00f1o intencionado, como golpes, bofetadas o un trato brusco por parte del personal de la guarder\u00eda o de otros ni\u00f1os.<\/li>\n\n\n\n<li><strong>Abuso emocional<\/strong>: El abuso emocional incluye la intimidaci\u00f3n verbal, la humillaci\u00f3n o cualquier comportamiento que da\u00f1e el bienestar emocional de un ni\u00f1o.<\/li>\n\n\n\n<li><strong>Negligencia<\/strong>: La negligencia en las guarder\u00edas puede provocar accidentes como resbalones y ca\u00eddas, una supervisi\u00f3n inadecuada, un cuidado incorrecto o no mantener un entorno seguro.<\/li>\n\n\n\n<li><strong>Abuso sexual<\/strong>: De forma inquietante, en las guarder\u00edas pueden producirse abusos sexuales. Los ni\u00f1os pueden ser objeto de tocamientos inapropiados o comportamientos expl\u00edcitos por parte del personal o de otros ni\u00f1os.<\/li>\n\n\n\n<li><strong>Locales inseguros<\/strong>: Las condiciones peligrosas dentro de las instalaciones de la guarder\u00eda pueden provocar accidentes como tropiezos, ca\u00eddas, atragantamientos o incluso intoxicaciones debidas a objetos o sustancias inseguras al alcance del ni\u00f1o.<\/li>\n<\/ol>\n\n\n\n<p><strong>Proteger los derechos de su hijo<\/strong><\/p>\n\n\n\n<p>En Chandler Ross Abogados de Lesiones, nos comprometemos a responsabilizar a las guarder\u00edas negligentes de sus actos. Nuestro equipo legal trabaja diligentemente para:<\/p>\n\n\n\n<ol class=\"wp-block-list\">\n<li><strong>Investigue a fondo<\/strong>: Llevamos a cabo investigaciones exhaustivas para reunir pruebas, incluyendo testimonios de testigos, grabaciones de vigilancia y opiniones de expertos, para construir un caso s\u00f3lido.<\/li>\n\n\n\n<li><strong>Establecer la responsabilidad<\/strong>: Nuestros abogados identifican a las partes responsables, ya sea el personal de la guarder\u00eda, la direcci\u00f3n o el propio centro, y determinan el alcance de su negligencia.<\/li>\n\n\n\n<li><strong>Exija una compensaci\u00f3n justa<\/strong>: Perseguimos agresivamente una indemnizaci\u00f3n por gastos m\u00e9dicos, trauma emocional, dolor y sufrimiento, y cualquier otro da\u00f1o que su hijo haya sufrido debido a abusos o accidentes en guarder\u00edas.<\/li>\n\n\n\n<li><strong>Negociar o litigar<\/strong>: Aunque nuestro objetivo es negociar un acuerdo justo fuera de los tribunales, estamos preparados para llevar su caso a juicio si es necesario para garantizar que su hijo reciba la justicia que se merece.<\/li>\n<\/ol>\n\n\n\n<p><strong>\u00bfPor qu\u00e9 elegir a los abogados especializados en lesiones Chandler Ross?<\/strong><\/p>\n\n\n\n<ol class=\"wp-block-list\">\n<li><strong>Experiencia demostrada<\/strong>: Nuestro equipo jur\u00eddico tiene un historial de \u00e9xito en la gesti\u00f3n de <a href=\"https:\/\/www.chandlerrosslaw.com\/es\/danos-personales\/\">casos de lesiones personales<\/a>, incluyendo abusos en guarder\u00edas y accidentes, asegurando resultados favorables para nuestros clientes.<\/li>\n\n\n\n<li><strong>Enfoque compasivo<\/strong>: Comprendemos la naturaleza sensible de estos casos y proporcionamos un apoyo compasivo tanto a los padres como a los hijos a lo largo de todo el proceso legal.<\/li>\n\n\n\n<li><strong>Amplios recursos<\/strong>: Nuestro bufete tiene acceso a los mejores investigadores, peritos m\u00e9dicos y otros profesionales que pueden reforzar su caso.<\/li>\n\n\n\n<li><strong>Atenci\u00f3n personalizada<\/strong>: Cada caso es \u00fanico. Proporcionamos una atenci\u00f3n personalizada, adaptando nuestras estrategias a las circunstancias espec\u00edficas de la situaci\u00f3n de su hijo.<\/li>\n\n\n\n<li><strong>Sin honorarios a menos que ganemos<\/strong>: Trabajamos con honorarios condicionales, lo que significa que usted s\u00f3lo paga si conseguimos una indemnizaci\u00f3n para su hijo.<\/li>\n<\/ol>\n\n\n\n<p><strong>Sensibilizar y prevenir futuros incidentes<\/strong><\/p>\n\n\n\n<p>M\u00e1s all\u00e1 de la representaci\u00f3n legal, Chandler Ross Injury Attorneys se dedica a concienciar sobre la seguridad en las guarder\u00edas. Creemos que los padres informados pueden tomar mejores decisiones a la hora de elegir una guarder\u00eda para sus hijos. Nuestro blog y nuestros recursos abarcan temas como los signos de maltrato en las guarder\u00edas, las preguntas que debe hacer al visitar una guarder\u00eda y los pasos que debe dar si sospecha de maltrato o negligencia.<\/p>\n\n\n\n<p><strong>Contacte con nosotros hoy mismo<\/strong><\/p>\n\n\n\n<p>Si su hijo ha sufrido abusos en una guarder\u00eda o un accidente en Denton, Texas, no dude en ponerse en contacto con Chandler Ross Abogados de lesiones. Nuestro experimentado equipo est\u00e1 dispuesto a ofrecerle una consulta gratuita para hablar de su caso. Perm\u00edtanos ayudarle a proteger los derechos de su hijo, buscar justicia y garantizar un futuro m\u00e1s seguro para todos los ni\u00f1os en las guarder\u00edas.<\/p>\n\n\n\n<p>Recuerde que no est\u00e1 solo en esta lucha. P\u00f3ngase en contacto con nosotros hoy mismo para programar su consulta. El bienestar y los derechos de su hijo son nuestra prioridad.<\/p>\n\n\n\n<p>Con oficinas en los condados de Denton, Tarrant y Dallas, estamos posicionados para proporcionar la representaci\u00f3n m\u00e1s eficaz y altamente cualificada posible. No espere y no se comprometa: p\u00f3ngase en contacto con nosotros hoy mismo para ver c\u00f3mo podemos ayudarle. En la mayor\u00eda de los casos, usted no paga nada a menos que gane. <a href=\"https:\/\/www.chandlerrosslaw.com\/es\/pongase-en-contacto-con\/\">Contacte con nosotros<\/a> \u00a1ahora al (940) 800-2500 para programar la evaluaci\u00f3n y consulta gratuita de su caso de lesiones personales!<\/p>","protected":false},"excerpt":{"rendered":"<p>Denton, Texas Abogados de abusos y accidentes en guarder\u00edas Cuando usted conf\u00eda a su hijo a una guarder\u00eda, espera que lo cuiden, atiendan y protejan en un entorno seguro. Por desgracia, no todas las guarder\u00edas cumplen estas normas, lo que da lugar a casos de abusos y accidentes en guarder\u00edas que pueden dejar a su hijo traumatizado y lesionado. En...<\/p>","protected":false},"author":1,"featured_media":17468,"parent":0,"menu_order":0,"comment_status":"closed","ping_status":"closed","template":"","meta":{"_acf_changed":false,"footnotes":""},"class_list":["post-15086","page","type-page","status-publish","has-post-thumbnail","hentry"],"acf":[],"_links":{"self":[{"href":"https:\/\/www.chandlerrosslaw.com\/es\/wp-json\/wp\/v2\/pages\/15086","targetHints":{"allow":["GET"]}}],"collection":[{"href":"https:\/\/www.chandlerrosslaw.com\/es\/wp-json\/wp\/v2\/pages"}],"about":[{"href":"https:\/\/www.chandlerrosslaw.com\/es\/wp-json\/wp\/v2\/types\/page"}],"author":[{"embeddable":true,"href":"https:\/\/www.chandlerrosslaw.com\/es\/wp-json\/wp\/v2\/users\/1"}],"replies":[{"embeddable":true,"href":"https:\/\/www.chandlerrosslaw.com\/es\/wp-json\/wp\/v2\/comments?post=15086"}],"version-history":[{"count":3,"href":"https:\/\/www.chandlerrosslaw.com\/es\/wp-json\/wp\/v2\/pages\/15086\/revisions"}],"predecessor-version":[{"id":18117,"href":"https:\/\/www.chandlerrosslaw.com\/es\/wp-json\/wp\/v2\/pages\/15086\/revisions\/18117"}],"wp:featuredmedia":[{"embeddable":true,"href":"https:\/\/www.chandlerrosslaw.com\/es\/wp-json\/wp\/v2\/media\/17468"}],"wp:attachment":[{"href":"https:\/\/www.chandlerrosslaw.com\/es\/wp-json\/wp\/v2\/media?parent=15086"}],"curies":[{"name":"wp","href":"https:\/\/api.w.org\/{rel}","templated":true}]}}