{"id":14510,"date":"2023-05-30T03:20:45","date_gmt":"2023-05-30T03:20:45","guid":{"rendered":"https:\/\/www.chandlerrosslaw.com\/?page_id=14510"},"modified":"2026-04-08T23:12:42","modified_gmt":"2026-04-08T23:12:42","slug":"lesiones-cerebrales-infantiles","status":"publish","type":"page","link":"https:\/\/www.chandlerrosslaw.com\/es\/child-brain-injuries\/","title":{"rendered":"Lesiones cerebrales infantiles"},"content":{"rendered":"<h1 class=\"wp-block-heading\">Denton Abogado de lesiones cerebrales infantiles<\/h1>\n\n\n\n<p>Las lesiones cerebrales infantiles pueden tener un impacto profundo y duradero en las vidas tanto de los ni\u00f1os afectados como de sus familias. Si su hijo ha sufrido una lesi\u00f3n cerebral debido a la negligencia o mala acci\u00f3n de otra persona, es crucial que comprenda sus derechos legales y busque la justicia y la compensaci\u00f3n que su familia merece. En Chandler Ross Abogados de lesiones, nos dedicamos a proporcionar una representaci\u00f3n legal compasiva y eficaz a las familias en Denton, Texas, y las \u00e1reas circundantes, que se enfrentan a los desaf\u00edos de las lesiones cerebrales infantiles. Con nuestra experiencia y compromiso, nos esforzamos por ayudarle a navegar por el proceso legal y obtener la compensaci\u00f3n necesaria para apoyar la recuperaci\u00f3n de su hijo y su bienestar futuro.<\/p>\n\n\n\n<p><strong>Comprender las lesiones cerebrales infantiles:<\/strong><\/p>\n\n\n\n<p>Las lesiones cerebrales infantiles se producen cuando un ni\u00f1o sufre da\u00f1os en el cerebro debido a un acontecimiento traum\u00e1tico o <a href=\"https:\/\/www.chandlerrosslaw.com\/es\/negligencia-medica\/\">negligencia m\u00e9dica<\/a>. Estas lesiones pueden provocar deficiencias f\u00edsicas, cognitivas, emocionales y conductuales que pueden requerir cuidados y apoyo a largo plazo. Las causas comunes de las lesiones cerebrales infantiles incluyen:<\/p>\n\n\n\n<ol class=\"wp-block-list\">\n<li><strong>Lesiones al nacer:<\/strong> Las negligencias m\u00e9dicas durante el embarazo, el parto o el alumbramiento pueden provocar lesiones cerebrales en los beb\u00e9s. La falta de ox\u00edgeno, el uso inadecuado de los instrumentos de parto o no reconocer y responder al sufrimiento fetal pueden contribuir a las lesiones cerebrales relacionadas con el parto.<\/li>\n\n\n\n<li><strong>Accidentes de tr\u00e1fico:<\/strong> Los accidentes de coche, ya sea como pasajero o peat\u00f3n, son una de las principales causas de lesiones cerebrales infantiles. La fuerza del impacto, incluso a velocidades relativamente bajas, puede provocar lesiones cerebrales traum\u00e1ticas (TBI) debido a la naturaleza vulnerable del cerebro en desarrollo de un ni\u00f1o.<\/li>\n\n\n\n<li><strong>Ca\u00eddas:<\/strong> Las ca\u00eddas son una causa frecuente de lesiones cerebrales infantiles, especialmente entre los ni\u00f1os peque\u00f1os. Las ca\u00eddas desde alturas, por escaleras o en parques infantiles pueden provocar traumatismos craneoencef\u00e1licos graves.<\/li>\n\n\n\n<li><strong><a href=\"https:\/\/www.chandlerrosslaw.com\/es\/lesiones-en-parques-de-trampolines\/\" data-type=\"page\" data-id=\"15132\">Actividades deportivas y recreativas<\/a>:<\/strong> La participaci\u00f3n en actividades deportivas y recreativas expone a los ni\u00f1os al riesgo de sufrir lesiones cerebrales. Los deportes de contacto como el f\u00fatbol, el hockey y el f\u00fatbol, as\u00ed como actividades como el ciclismo, el monopat\u00edn y el trampol\u00edn, pueden provocar lesiones en la cabeza.<\/li>\n\n\n\n<li><strong>Maltrato f\u00edsico:<\/strong> Lamentablemente, las lesiones cerebrales infantiles tambi\u00e9n pueden estar causadas por da\u00f1os intencionados o abusos. El s\u00edndrome del beb\u00e9 zarandeado, por ejemplo, puede provocar graves da\u00f1os cerebrales y secuelas a largo plazo.<\/li>\n<\/ol>\n\n\n\n<p>Si su hijo ha sufrido una lesi\u00f3n cerebral, es esencial que consulte a un abogado experto en lesiones personales especializado en lesiones cerebrales infantiles. En Chandler Ross Injury Attorneys, conocemos a fondo las complejidades legales que entra\u00f1an estos casos y el impacto que pueden tener en las familias. Nuestros expertos abogados trabajar\u00e1n sin descanso para:<\/p>\n\n\n\n<ol class=\"wp-block-list\">\n<li><strong>Investigue el incidente:<\/strong> Llevaremos a cabo una investigaci\u00f3n exhaustiva para reunir pruebas, entrevistar a testigos y consultar con expertos m\u00e9dicos para determinar la responsabilidad y establecer un caso s\u00f3lido.<\/li>\n\n\n\n<li><strong>Eval\u00fae los da\u00f1os:<\/strong> Las lesiones cerebrales pueden dar lugar a una amplia gama de da\u00f1os y perjuicios, incluidos gastos m\u00e9dicos, costes de rehabilitaci\u00f3n, cuidados y terapia continuos, dolor y sufrimiento, y reducci\u00f3n de la calidad de vida. Nuestros abogados evaluar\u00e1n cuidadosamente el alcance de las lesiones de su hijo y su impacto a largo plazo para asegurarse de que recibe la indemnizaci\u00f3n que merece.<\/li>\n\n\n\n<li><strong>Negociar con <a href=\"https:\/\/www.chandlerrosslaw.com\/es\/blog\/el-seguro-de-automovil-cubre-las-reclamaciones-por-danos-personales\/\" data-type=\"post\" data-id=\"11680\">compa\u00f1\u00edas de seguros<\/a>:<\/strong> Tratar con las compa\u00f1\u00edas de seguros puede resultar abrumador, especialmente en momentos tan emocionalmente dif\u00edciles. Nuestros abogados tienen una amplia experiencia negociando con compa\u00f1\u00edas de seguros y proteger\u00e1n sus derechos e intereses durante todo el proceso.<\/li>\n\n\n\n<li><strong>Litigue cuando sea necesario:<\/strong> Aunque nos esforzamos por alcanzar un acuerdo justo mediante la negociaci\u00f3n, estamos totalmente preparados para llevar su caso ante los tribunales si es necesario. Nuestros abogados son litigantes experimentados que defender\u00e1n con pasi\u00f3n los derechos de su hijo en la sala del tribunal.<\/li>\n<\/ol>\n\n\n\n<p><strong>Ventajas de contratar a abogados especializados en lesiones Chandler Ross:<\/strong><\/p>\n\n\n\n<ol class=\"wp-block-list\">\n<li><strong>Experiencia y conocimientos:<\/strong> Nuestra empresa est\u00e1 especializada en <a href=\"https:\/\/www.chandlerrosslaw.com\/es\/danos-personales\/\">casos de lesiones personales<\/a>incluyendo lesiones cerebrales infantiles. Con a\u00f1os de experiencia, hemos desarrollado un profundo conocimiento de las complejidades m\u00e9dicas y legales implicadas, lo que nos permite proporcionar una representaci\u00f3n legal excepcional adaptada a su caso espec\u00edfico.<\/li>\n\n\n\n<li><strong>Enfoque compasivo:<\/strong> Comprendemos la carga emocional que las lesiones cerebrales infantiles pueden suponer para las familias. Nuestros abogados abordan cada caso con compasi\u00f3n, proporcionando apoyo y orientaci\u00f3n para ayudarle a navegar por el proceso legal al tiempo que priorizan el bienestar de su hijo.<\/li>\n\n\n\n<li><strong>Estrategias jur\u00eddicas personalizadas:<\/strong> Cada caso de lesi\u00f3n cerebral infantil es \u00fanico, y reconocemos la importancia de desarrollar una estrategia legal personalizada. Nuestros abogados evaluar\u00e1n cuidadosamente los detalles de su caso, consultar\u00e1n con expertos m\u00e9dicos y colaborar\u00e1n con usted para construir un argumento s\u00f3lido y convincente en su favor.<\/li>\n\n\n\n<li><strong>Fuerte defensa:<\/strong> Nos comprometemos a luchar por los derechos de los ni\u00f1os que han sufrido lesiones cerebrales. Nuestros abogados abogar\u00e1n incansablemente por su hijo, asegur\u00e1ndose de que se escuche su voz y se protejan sus mejores intereses.<\/li>\n\n\n\n<li><strong>Amplios recursos:<\/strong> En Chandler Ross Abogados especialistas en lesiones, tenemos acceso a una amplia red de recursos y expertos en diversos campos relacionados con las lesiones cerebrales infantiles. Colaboramos con profesionales m\u00e9dicos, terapeutas y especialistas para evaluar a fondo el impacto de la lesi\u00f3n en la vida de su hijo y calcular el alcance total de los da\u00f1os.<\/li>\n\n\n\n<li><strong>Trayectoria probada:<\/strong> Nuestro bufete tiene un historial probado de \u00e9xito en la tramitaci\u00f3n de casos de lesiones personales, incluidas las lesiones cerebrales infantiles. Hemos conseguido acuerdos y veredictos sustanciales en nombre de nuestros clientes, proporcion\u00e1ndoles el apoyo financiero que necesitan para cuidar de sus hijos lesionados.<\/li>\n\n\n\n<li><strong>Enfoque centrado en el cliente:<\/strong> El bienestar de su familia es nuestra m\u00e1xima prioridad. Le mantendremos informado durante todo el proceso legal, le proporcionaremos actualizaciones puntuales sobre su caso y responderemos a cualquier pregunta o preocupaci\u00f3n que pueda tener. Nuestros abogados se dedican a ofrecer un servicio excepcional al cliente y a garantizar que se sienta apoyado y capacitado.<\/li>\n<\/ol>\n\n\n\n<p><strong>Lesiones cerebrales infantiles comunes en Texas:<\/strong><\/p>\n\n\n\n<p>Las lesiones cerebrales infantiles pueden producirse en diversas situaciones, y es fundamental conocer los tipos m\u00e1s comunes de lesiones cerebrales que pueden sufrir los ni\u00f1os en Texas. Estas lesiones pueden ser consecuencia de accidentes, <a href=\"https:\/\/www.chandlerrosslaw.com\/es\/southlake\/abogados-especializados-en-negligencias-medicas\/\">negligencia m\u00e9dica<\/a>, o por un acto intencional. A continuaci\u00f3n se enumeran algunas de las lesiones cerebrales infantiles m\u00e1s comunes en Texas:<\/p>\n\n\n\n<ol class=\"wp-block-list\">\n<li><strong>Lesi\u00f3n cerebral traum\u00e1tica (LCT):<\/strong> Las lesiones cerebrales traum\u00e1ticas se producen cuando el cerebro de un ni\u00f1o sufre un traumatismo debido a un golpe repentino o una sacudida en la cabeza. Las LCT pueden ir desde conmociones cerebrales leves a lesiones graves que causan da\u00f1os a largo plazo. En Texas, entre las causas m\u00e1s comunes de las LCT en ni\u00f1os se incluyen los accidentes de coche, las ca\u00eddas, los incidentes relacionados con el deporte y el maltrato f\u00edsico.<\/li>\n\n\n\n<li><strong>Encefalopat\u00eda hip\u00f3xico-isqu\u00e9mica (HIE):<\/strong> La HIE es un tipo de lesi\u00f3n cerebral que se produce cuando hay una falta de ox\u00edgeno en el cerebro, lo que provoca da\u00f1os. Esto puede ocurrir durante el proceso del parto debido a una negligencia m\u00e9dica, como el retraso de una ces\u00e1rea o la falta de vigilancia del sufrimiento fetal. La HIE puede provocar trastornos cognitivos, d\u00e9ficits motores y retrasos en el desarrollo.<\/li>\n\n\n\n<li><strong>S\u00edndrome del beb\u00e9 sacudido (SBS):<\/strong> Lamentablemente, en el Texas se dan casos de da\u00f1os intencionados a beb\u00e9s que provocan lesiones cerebrales. El s\u00edndrome del ni\u00f1o zarandeado es una forma grave de maltrato infantil que consiste en zarandear con fuerza a un beb\u00e9, lo que provoca da\u00f1os cerebrales. El SBS puede causar lesiones cerebrales permanentes, problemas de visi\u00f3n, convulsiones y discapacidades del desarrollo.<\/li>\n\n\n\n<li><strong>Las conmociones cerebrales:<\/strong> Las conmociones cerebrales son una forma com\u00fan de lesi\u00f3n cerebral traum\u00e1tica leve y pueden producirse durante actividades deportivas, ca\u00eddas o accidentes. En el Texas, los ni\u00f1os que participan en deportes de contacto como el f\u00fatbol americano, el f\u00fatbol y el hockey corren un riesgo especial. Reconocer los signos y s\u00edntomas de una conmoci\u00f3n cerebral y buscar la atenci\u00f3n m\u00e9dica adecuada es crucial para la recuperaci\u00f3n del ni\u00f1o.<\/li>\n\n\n\n<li><strong>Lesiones penetrantes en la cabeza:<\/strong> Aunque menos frecuentes, las lesiones penetrantes en la cabeza pueden producirse en accidentes con objetos punzantes o armas de fuego. Estas lesiones implican que un objeto extra\u00f1o penetra en el cr\u00e1neo y da\u00f1a el cerebro. Las lesiones penetrantes en la cabeza requieren atenci\u00f3n m\u00e9dica inmediata y a menudo provocan complicaciones y discapacidades a largo plazo.<\/li>\n<\/ol>\n\n\n\n<p><strong>Apoyo jur\u00eddico para las lesiones cerebrales infantiles en Texas:<\/strong><\/p>\n\n\n\n<p>Si su hijo ha sufrido una lesi\u00f3n cerebral en Texas, es esencial buscar apoyo legal para proteger sus derechos y conseguir una indemnizaci\u00f3n. Chandler Ross Injury Attorneys se especializa en la tramitaci\u00f3n de casos de lesiones cerebrales infantiles en Texas y comprende los aspectos legales \u00fanicos que ello implica. Nuestros experimentados abogados evaluar\u00e1n las circunstancias que rodean la lesi\u00f3n de su hijo, reunir\u00e1n pruebas y abogar\u00e1n en su nombre.<\/p>\n\n\n\n<p>Trabajaremos con diligencia para que las partes responsables rindan cuentas, ya sea un conductor negligente, un profesional sanitario o un individuo que haya causado da\u00f1os intencionados. Nuestro objetivo es conseguir la indemnizaci\u00f3n que su hijo merece para cubrir los gastos m\u00e9dicos, los cuidados continuados, la terapia, el dolor y el sufrimiento, y otros da\u00f1os.<\/p>\n\n\n\n<p><strong>P\u00f3ngase en contacto hoy mismo con los abogados especializados en lesiones Chandler Ross<\/strong><\/p>\n\n\n\n<p>Las lesiones cerebrales infantiles pueden tener consecuencias devastadoras tanto para el ni\u00f1o como para su familia. Si su hijo ha sufrido una lesi\u00f3n cerebral debido a una negligencia o una mala acci\u00f3n, Chandler Ross Injury Attorneys est\u00e1 aqu\u00ed para ayudarle. Nuestros abogados expertos en lesiones personales se dedican a buscar justicia y a conseguir la indemnizaci\u00f3n que su hijo merece. Estaremos a su lado, proporcion\u00e1ndole un apoyo compasivo y una defensa implacable en cada paso del camino. P\u00f3ngase en contacto con nosotros hoy mismo para una consulta confidencial y d\u00e9 el primer paso para asegurar un futuro mejor para su hijo.<\/p>\n\n\n\n<p><strong>Con una oficina en Denton que presta servicios a los residentes de North Texas, Chandler | Ross, PLLC y nuestros abogados especializados en lesiones personales est\u00e1n perfectamente posicionados para ofrecer la representaci\u00f3n m\u00e1s eficaz y cualificada posible. Somos un bufete de abogados local, dedicado a brindar a cada uno de nuestros clientes la mejor representaci\u00f3n posible.   Si aceptamos su caso, es por una raz\u00f3n, y se lo demostraremos. No espere y no se conforme con menos. Cont\u00e1ctenos hoy mismo para una evaluaci\u00f3n gratuita de su caso. En la mayor\u00eda de los casos, usted no paga nada a menos que obtenga una indemnizaci\u00f3n.\u00a0\u00a0<\/strong><a href=\"https:\/\/www.chandlerrosslaw.com\/es\/pongase-en-contacto-con\/\"><strong>P\u00f3ngase en contacto con nosotros<\/strong><\/a><strong>.\u00a0<\/strong><\/p>","protected":false},"excerpt":{"rendered":"<p>Denton Abogado de lesiones cerebrales infantiles Las lesiones cerebrales infantiles pueden tener un impacto profundo y duradero en la vida tanto de los ni\u00f1os afectados como de sus familias. Si su hijo ha sufrido una lesi\u00f3n cerebral debido a la negligencia o mala acci\u00f3n de otra persona, es crucial que comprenda sus derechos legales y busque la justicia y la compensaci\u00f3n...<\/p>","protected":false},"author":1,"featured_media":17440,"parent":0,"menu_order":0,"comment_status":"closed","ping_status":"closed","template":"","meta":{"_acf_changed":false,"footnotes":""},"class_list":["post-14510","page","type-page","status-publish","has-post-thumbnail","hentry"],"acf":[],"_links":{"self":[{"href":"https:\/\/www.chandlerrosslaw.com\/es\/wp-json\/wp\/v2\/pages\/14510","targetHints":{"allow":["GET"]}}],"collection":[{"href":"https:\/\/www.chandlerrosslaw.com\/es\/wp-json\/wp\/v2\/pages"}],"about":[{"href":"https:\/\/www.chandlerrosslaw.com\/es\/wp-json\/wp\/v2\/types\/page"}],"author":[{"embeddable":true,"href":"https:\/\/www.chandlerrosslaw.com\/es\/wp-json\/wp\/v2\/users\/1"}],"replies":[{"embeddable":true,"href":"https:\/\/www.chandlerrosslaw.com\/es\/wp-json\/wp\/v2\/comments?post=14510"}],"version-history":[{"count":9,"href":"https:\/\/www.chandlerrosslaw.com\/es\/wp-json\/wp\/v2\/pages\/14510\/revisions"}],"predecessor-version":[{"id":19478,"href":"https:\/\/www.chandlerrosslaw.com\/es\/wp-json\/wp\/v2\/pages\/14510\/revisions\/19478"}],"wp:featuredmedia":[{"embeddable":true,"href":"https:\/\/www.chandlerrosslaw.com\/es\/wp-json\/wp\/v2\/media\/17440"}],"wp:attachment":[{"href":"https:\/\/www.chandlerrosslaw.com\/es\/wp-json\/wp\/v2\/media?parent=14510"}],"curies":[{"name":"wp","href":"https:\/\/api.w.org\/{rel}","templated":true}]}}