{"id":14462,"date":"2023-05-30T02:57:12","date_gmt":"2023-05-30T02:57:12","guid":{"rendered":"https:\/\/www.chandlerrosslaw.com\/?page_id=14462"},"modified":"2026-04-08T23:14:14","modified_gmt":"2026-04-08T23:14:14","slug":"lesion-cerebral-traumatica","status":"publish","type":"page","link":"https:\/\/www.chandlerrosslaw.com\/es\/traumatic-brain-injury\/","title":{"rendered":"Da\u00f1o cerebral traum\u00e1tico"},"content":{"rendered":"<h1 class=\"wp-block-heading\">Denton Lesiones cerebrales traum\u00e1ticas<\/h1>\n\n\n\n<div style=\"height:20px\" aria-hidden=\"true\" class=\"wp-block-spacer\"><\/div>\n\n\n\n<p><strong>Lesi\u00f3n cerebral traum\u00e1tica: En busca de una indemnizaci\u00f3n para su recuperaci\u00f3n<\/strong><\/p>\n\n\n\n<p>Chandler Ross Abogados de lesiones es su <a href=\"https:\/\/www.chandlerrosslaw.com\/es\/danos-personales\/\">bufete de abogados de confianza especializado en lesiones personales en Denton, Texas<\/a>. Nuestro experimentado equipo de abogados se dedica a ayudar a las personas que han sufrido lesiones cerebrales traum\u00e1ticas (LCT) a obtener la indemnizaci\u00f3n que merecen. Si usted o un ser querido ha sufrido una LCT debido a la negligencia o mala conducta de otra persona, estamos aqu\u00ed para luchar por sus derechos y guiarle a trav\u00e9s del proceso legal.<\/p>\n\n\n\n<p><strong>\u00bfQu\u00e9 es una lesi\u00f3n cerebral traum\u00e1tica (LCT)?<\/strong><\/p>\n\n\n\n<p>El traumatismo craneoencef\u00e1lico, com\u00fanmente conocido como LCT, es una lesi\u00f3n grave del cerebro causada por un impacto repentino o una sacudida violenta en la cabeza. Puede producirse en diversas situaciones, como accidentes de coche, incidentes en el lugar de trabajo, resbalones y ca\u00eddas, actividades relacionadas con el deporte y actos de violencia. Las LCT pueden ir desde conmociones cerebrales leves hasta da\u00f1os cerebrales graves que alteran la vida.<\/p>\n\n\n\n<p><strong>Las consecuencias de una lesi\u00f3n cerebral traum\u00e1tica<\/strong><\/p>\n\n\n\n<p>Las LCT pueden tener profundas consecuencias f\u00edsicas, cognitivas y emocionales que pueden afectar significativamente a su vida. La gravedad de la lesi\u00f3n y sus efectos a largo plazo pueden variar ampliamente, dando lugar a retos como:<\/p>\n\n\n\n<p><strong>Deficiencias f\u00edsicas:<\/strong> Una LCT puede provocar deficiencias f\u00edsicas, como dificultades de coordinaci\u00f3n, par\u00e1lisis, p\u00e9rdida de sensibilidad y dolor cr\u00f3nico. Estas limitaciones f\u00edsicas pueden requerir tratamiento m\u00e9dico continuo, rehabilitaci\u00f3n y cuidados a largo plazo.<\/p>\n\n\n\n<p><strong>D\u00e9ficits cognitivos:<\/strong> Muchas personas con LCT experimentan d\u00e9ficits cognitivos, como p\u00e9rdida de memoria, dificultad para concentrarse, alteraci\u00f3n del juicio y reducci\u00f3n de la capacidad para resolver problemas. Estos retos pueden afectar a su capacidad para trabajar, proseguir su educaci\u00f3n y participar en las actividades cotidianas.<\/p>\n\n\n\n<p><strong>Cambios emocionales y de comportamiento:<\/strong> Las LCT tambi\u00e9n pueden provocar cambios emocionales y de comportamiento, como cambios de humor, depresi\u00f3n, ansiedad y aumento de la agresividad. Estos cambios pueden tensar las relaciones personales y dificultar el mantenimiento de una vida plena y estable.<\/p>\n\n\n\n<p><strong>En busca de una indemnizaci\u00f3n por lesi\u00f3n cerebral traum\u00e1tica<\/strong><\/p>\n\n\n\n<p>Si usted o un ser querido ha sufrido una LCT debido a la negligencia o a las acciones intencionadas de otra parte, puede tener derecho a solicitar una indemnizaci\u00f3n por sus da\u00f1os. Es crucial consultar con un abogado experto en lesiones personales especializado en casos de lesiones cerebrales traum\u00e1ticas para asegurarse de que recibe la indemnizaci\u00f3n completa que merece.<\/p>\n\n\n\n<p>En Chandler Ross Abogados de Lesiones, nuestro equipo entiende las complejidades de los casos de LCT y los retos \u00fanicos que presentan. Nos comprometemos a proporcionar una representaci\u00f3n legal personalizada a cada cliente, adaptada a sus necesidades espec\u00edficas. Nuestro enfoque integral incluye:<\/p>\n\n\n\n<p><strong>Investigaci\u00f3n minuciosa:<\/strong> Llevamos a cabo una investigaci\u00f3n detallada de las circunstancias que rodearon su LCT para reunir pruebas, identificar a las partes responsables y construir un caso s\u00f3lido en su nombre.<\/p>\n\n\n\n<p><strong>Consulta de expertos:<\/strong> Trabajamos en estrecha colaboraci\u00f3n con profesionales m\u00e9dicos, especialistas en rehabilitaci\u00f3n y planificadores de cuidados vitales para evaluar el alcance total de sus lesiones y determinar el tratamiento m\u00e9dico necesario, los cuidados continuos y el apoyo que pueda necesitar.<\/p>\n\n\n\n<p><strong>C\u00e1lculo preciso de los da\u00f1os:<\/strong> Nuestros abogados tienen una amplia experiencia en el c\u00e1lculo de da\u00f1os y perjuicios en casos de lesiones cerebrales traum\u00e1ticas. Tenemos en cuenta los gastos m\u00e9dicos, los salarios perdidos, la disminuci\u00f3n de la capacidad de ganancia, el dolor y el sufrimiento, la angustia emocional y cualquier otro factor aplicable para asegurarnos de que recibe una indemnizaci\u00f3n justa.<\/p>\n\n\n\n<p><strong>Negociaci\u00f3n y litigios:<\/strong> Somos h\u00e1biles negociadores y nos esforzaremos por alcanzar un acuerdo favorable con la parte culpable y su compa\u00f1\u00eda de seguros. Si es necesario, estamos preparados para llevar su caso ante los tribunales y luchar en\u00e9rgicamente en su nombre.<\/p>\n\n\n\n<p><strong>\u00bfPor qu\u00e9 elegir a los abogados especializados en lesiones Chandler Ross?<\/strong><\/p>\n\n\n\n<p>Nuestro bufete tiene un historial probado de representar con \u00e9xito a clientes en casos de lesiones cerebrales traum\u00e1ticas. Tenemos los conocimientos, las habilidades y los recursos para manejar incluso los retos legales m\u00e1s complejos.<\/p>\n\n\n\n<p><strong>Enfoque compasivo centrado en el cliente:<\/strong> Entendemos el peaje f\u00edsico, emocional y financiero que una LCT puede tener sobre usted y su familia. Nuestros abogados proporcionan un apoyo compasivo y personalizado a lo largo de todo el proceso legal, gui\u00e1ndole paso a paso.<\/p>\n\n\n\n<p><strong>Defensa agresiva:<\/strong> Nos dedicamos a proteger sus derechos y a luchar por la indemnizaci\u00f3n que se merece. Nuestros abogados son h\u00e1biles litigantes que defender\u00e1n agresivamente sus mejores intereses, tanto dentro como fuera de la sala del tribunal.<\/p>\n\n\n\n<p><strong>Preparaci\u00f3n minuciosa del caso:<\/strong> No dejamos piedra sin remover al preparar su caso. Nuestro equipo re\u00fane pruebas meticulosamente, consulta con expertos y se anticipa a cualquier reto que pueda surgir. Este nivel de preparaci\u00f3n refuerza nuestra posici\u00f3n durante las negociaciones y el juicio.<\/p>\n\n\n\n<p><strong>Comunicaci\u00f3n centrada en el cliente:<\/strong> Creemos en una comunicaci\u00f3n abierta y transparente con nuestros clientes. Nuestros abogados est\u00e1n f\u00e1cilmente disponibles para responder a sus preguntas, proporcionarle actualizaciones y guiarle a trav\u00e9s del proceso legal. Puede confiar en que siempre mantendremos sus mejores intereses en primer plano.<\/p>\n\n\n\n<p><strong>Resultados probados:<\/strong> Nuestro bufete tiene un historial de conseguir acuerdos y veredictos sustanciales para nuestros clientes. Tenemos las habilidades y la determinaci\u00f3n para perseguir la m\u00e1xima compensaci\u00f3n posible por su lesi\u00f3n cerebral traum\u00e1tica.<\/p>\n\n\n\n<p><strong>El da\u00f1o cerebral traum\u00e1tico y el proceso legal<\/strong><\/p>\n\n\n\n<p>Navegar por el proceso legal tras una lesi\u00f3n cerebral traum\u00e1tica puede ser abrumador, especialmente cuando est\u00e1 centrado en su recuperaci\u00f3n. He aqu\u00ed los pasos generales que hay que dar para solicitar una indemnizaci\u00f3n por su LCT:<\/p>\n\n\n\n<p><strong>Consulta:<\/strong> El primer paso es programar una consulta con nuestros abogados expertos en lesiones personales. Durante esta reuni\u00f3n inicial, escucharemos su historia, recopilaremos detalles sobre el incidente que le caus\u00f3 la LCT y evaluaremos la viabilidad de su caso.<\/p>\n\n\n\n<p><strong>Investigaci\u00f3n:<\/strong> Si determinamos que tiene una reclamaci\u00f3n v\u00e1lida, nuestro equipo llevar\u00e1 a cabo una investigaci\u00f3n exhaustiva de las circunstancias que rodearon su lesi\u00f3n. Esto puede implicar la revisi\u00f3n de historiales m\u00e9dicos, informes de accidentes, declaraciones de testigos y cualquier otra prueba relevante.<\/p>\n\n\n\n<p><strong>Construyendo su caso:<\/strong> Bas\u00e1ndonos en la informaci\u00f3n recopilada durante la investigaci\u00f3n, construiremos un caso s\u00f3lido en su nombre. Esto incluye identificar a las partes responsables de su LCT, establecer la negligencia o mala conducta y determinar el alcance total de sus da\u00f1os.<\/p>\n\n\n\n<p><strong>Demanda y negociaci\u00f3n:<\/strong> Prepararemos una carta de demanda en la que expondremos sus lesiones, los da\u00f1os sufridos y la indemnizaci\u00f3n que solicita. Negociaremos con la parte culpable o su compa\u00f1\u00eda de seguros, con el objetivo de alcanzar un acuerdo justo que cubra sus necesidades actuales y futuras.<\/p>\n\n\n\n<p><strong>Litigio, si es necesario:<\/strong> Si no se puede llegar a un acuerdo justo mediante negociaciones, estamos preparados para llevar su caso ante los tribunales. Nuestros h\u00e1biles abogados litigantes presentar\u00e1n su caso ante un juez y un jurado, abogando por sus derechos y luchando por la indemnizaci\u00f3n que merece.<\/p>\n\n\n\n<p><strong>Compensaci\u00f3n y recuperaci\u00f3n:<\/strong> Si su caso prospera, es posible que se le conceda una indemnizaci\u00f3n por su lesi\u00f3n cerebral traum\u00e1tica. Esta indemnizaci\u00f3n puede ayudarle a cubrir los gastos m\u00e9dicos, los costes de rehabilitaci\u00f3n, los salarios perdidos, el dolor y el sufrimiento, y otros da\u00f1os derivados de su LCT.<\/p>\n\n\n\n<p>Recuerde que el proceso legal puede variar en funci\u00f3n de las particularidades de su caso. Nuestros dedicados abogados le guiar\u00e1n a trav\u00e9s de cada paso, proporcion\u00e1ndole experiencia legal y apoyo para ayudarle a conseguir el mejor resultado posible.<\/p>\n\n\n\n<p><strong>Lesi\u00f3n cerebral traum\u00e1tica: Busque una indemnizaci\u00f3n y recupere su vida<\/strong><\/p>\n\n\n\n<p>Bienvenido a Chandler Ross Injury Attorneys, el principal bufete de abogados de lesiones personales al servicio de Denton, Texas. Nuestro equipo de abogados altamente cualificados se dedica a ayudar a las personas que han sufrido lesiones cerebrales traum\u00e1ticas (LCT) a recuperar la indemnizaci\u00f3n que merecen. Entendemos el impacto devastador que una LCT puede tener en su vida y estamos comprometidos a luchar por sus derechos, proporcionando orientaci\u00f3n legal experta y asegurando el mejor resultado posible para su caso.<\/p>\n\n\n\n<p><strong>Comprender la lesi\u00f3n cerebral traum\u00e1tica (LCT)<\/strong><\/p>\n\n\n\n<p>Una lesi\u00f3n cerebral traum\u00e1tica se produce cuando una fuerza externa causa da\u00f1os importantes en el cerebro. Las LCT pueden ser el resultado de diversos incidentes, entre ellos:<\/p>\n\n\n\n<p><strong>Accidentes de tr\u00e1fico:<\/strong> <a href=\"https:\/\/www.chandlerrosslaw.com\/es\/blog\/las-lesiones-internas-mas-comunes-en-los-accidentes-de-trafico\/\">Accidentes de tr\u00e1fico<\/a>Los accidentes de camiones, motocicletas y peatones son causas frecuentes de LCT. Incluso una colisi\u00f3n aparentemente menor puede provocar lesiones cerebrales graves.<\/p>\n\n\n\n<p><strong>Resbalones y ca\u00eddas:<\/strong> Las ca\u00eddas son una de las principales causas de traumatismo craneoencef\u00e1lico, especialmente entre los adultos mayores. Peligros como suelos mojados, superficies irregulares y medidas de seguridad inadecuadas pueden provocar traumatismos craneoencef\u00e1licos graves.<\/p>\n\n\n\n<p><strong>Accidentes laborales:<\/strong> Los accidentes en obras de construcci\u00f3n, las ca\u00eddas desde alturas y los incidentes con maquinaria pesada u objetos que caen pueden provocar lesiones cerebrales traum\u00e1ticas. Los empresarios tienen la responsabilidad de proporcionar un entorno de trabajo seguro y, si no lo hacen, pueden ser considerados responsables de las lesiones resultantes.<\/p>\n\n\n\n<p><strong>Deportes y actividades recreativas:<\/strong> Los deportes de contacto como el f\u00fatbol americano, el f\u00fatbol y el boxeo suponen un riesgo de sufrir una LCT. Adem\u00e1s, actividades como el ciclismo, el esqu\u00ed y la equitaci\u00f3n pueden provocar traumatismos craneoencef\u00e1licos si no se toman las precauciones de seguridad adecuadas.<\/p>\n\n\n\n<p><strong>El impacto de las lesiones cerebrales traum\u00e1ticas<\/strong><\/p>\n\n\n\n<p>Una lesi\u00f3n cerebral traum\u00e1tica puede tener consecuencias que alteren la vida tanto de la persona lesionada como de sus seres queridos. Los efectos de una LCT pueden manifestarse de diversas maneras, entre ellas:<\/p>\n\n\n\n<p><strong>Desaf\u00edos f\u00edsicos:<\/strong> Las LCT pueden causar impedimentos f\u00edsicos como problemas de movilidad, dolor cr\u00f3nico, convulsiones y problemas sensoriales. La rehabilitaci\u00f3n, el tratamiento m\u00e9dico continuado y los dispositivos de asistencia pueden ser necesarios para gestionar estos retos.<\/p>\n\n\n\n<p><strong>Deficiencias cognitivas:<\/strong> La p\u00e9rdida de memoria, la dificultad para concentrarse, el deterioro del juicio y la reducci\u00f3n de la capacidad para resolver problemas son d\u00e9ficits cognitivos comunes asociados a las LCT. Estas deficiencias pueden afectar a la capacidad para trabajar, estudiar y realizar las tareas cotidianas de forma independiente.<\/p>\n\n\n\n<p><strong>Cambios emocionales y de comportamiento:<\/strong> Los cambios de humor, la depresi\u00f3n, la ansiedad, la agresividad y los cambios de personalidad se observan a menudo en individuos con LCT. Estos cambios emocionales y de comportamiento pueden tensar las relaciones y dificultar el mantenimiento del empleo y de una vida social satisfactoria.<\/p>\n\n\n\n<p><strong>Cargas financieras:<\/strong> Los costes asociados al tratamiento y la gesti\u00f3n de una LCT pueden ser significativos. Las facturas m\u00e9dicas, los gastos de rehabilitaci\u00f3n, los dispositivos de asistencia y la p\u00e9rdida de ingresos debida a la discapacidad pueden suponer una enorme carga financiera para la persona y su familia.<\/p>\n\n\n\n<p><strong>En busca de una indemnizaci\u00f3n por lesi\u00f3n cerebral traum\u00e1tica<\/strong><\/p>\n\n\n\n<p>Si ha sufrido una lesi\u00f3n cerebral traum\u00e1tica debido a la negligencia, imprudencia o acciones intencionadas de otra parte, es crucial emprender acciones legales para conseguir la indemnizaci\u00f3n que merece. Nuestros experimentados abogados especializados en lesiones personales del bufete Chandler Ross Injury Attorneys conocen bien los casos de lesiones cerebrales traum\u00e1ticas y pueden guiarle a trav\u00e9s del proceso legal con pericia y compasi\u00f3n.<\/p>\n\n\n\n<p><strong>P\u00f3ngase en contacto hoy mismo con los abogados especializados en lesiones Chandler Ross<\/strong><\/p>\n\n\n\n<p>Si usted o un ser querido ha sufrido una lesi\u00f3n cerebral traum\u00e1tica debido a la negligencia o mala conducta de otra persona, no espere para buscar representaci\u00f3n legal. Cuanto antes se ponga en contacto con Chandler Ross Abogados de lesiones, antes podremos empezar a trabajar en su caso y a luchar por la indemnizaci\u00f3n que se merece.<\/p>\n\n\n\n<p>Nuestro equipo de abogados expertos en lesiones personales conoce a fondo los casos de lesiones cerebrales traum\u00e1ticas y el impacto que pueden tener en su vida. Estamos aqu\u00ed para proporcionarle la orientaci\u00f3n, el apoyo y la defensa agresiva que necesita durante este dif\u00edcil momento.<\/p>\n\n\n\n<p>D\u00e9 el primer paso hacia la justicia y la recuperaci\u00f3n programando una consulta con nuestro experimentado equipo. P\u00f3ngase en contacto con nosotros hoy mismo para hablar de su caso de lesi\u00f3n cerebral traum\u00e1tica y saber c\u00f3mo podemos ayudarle.<\/p>\n\n\n\n<p><strong>Con una oficina en Denton que presta servicios a los residentes de North Texas, Chandler | Ross, PLLC y nuestros abogados especializados en lesiones personales est\u00e1n perfectamente posicionados para ofrecer la representaci\u00f3n m\u00e1s eficaz y cualificada posible. Somos un bufete de abogados local, dedicado a brindar a cada uno de nuestros clientes la mejor representaci\u00f3n posible.   Si aceptamos su caso, es por una raz\u00f3n, y se lo demostraremos. No espere y no se conforme con menos. Cont\u00e1ctenos hoy mismo para una evaluaci\u00f3n gratuita de su caso. En la mayor\u00eda de los casos, usted no paga nada a menos que obtenga una indemnizaci\u00f3n.\u00a0\u00a0<\/strong><a href=\"https:\/\/www.chandlerrosslaw.com\/es\/pongase-en-contacto-con\/\"><strong>P\u00f3ngase en contacto con nosotros<\/strong><\/a><strong>.\u00a0 (940) 800-2500<\/strong><\/p>","protected":false},"excerpt":{"rendered":"<p>Lesiones cerebrales traum\u00e1ticas Denton Lesiones cerebrales traum\u00e1ticas: En busca de compensaci\u00f3n para su recuperaci\u00f3n Chandler Ross Injury Attorneys es su bufete de abogados de confianza especializado en lesiones personales en Denton, Texas. Nuestro experimentado equipo de abogados se dedica a ayudar a las personas que han sufrido lesiones cerebrales traum\u00e1ticas (LCT) a obtener la indemnizaci\u00f3n que merecen. Si usted o un ser querido...<\/p>","protected":false},"author":1,"featured_media":17533,"parent":0,"menu_order":0,"comment_status":"closed","ping_status":"closed","template":"","meta":{"_acf_changed":false,"footnotes":""},"class_list":["post-14462","page","type-page","status-publish","has-post-thumbnail","hentry"],"acf":[],"_links":{"self":[{"href":"https:\/\/www.chandlerrosslaw.com\/es\/wp-json\/wp\/v2\/pages\/14462","targetHints":{"allow":["GET"]}}],"collection":[{"href":"https:\/\/www.chandlerrosslaw.com\/es\/wp-json\/wp\/v2\/pages"}],"about":[{"href":"https:\/\/www.chandlerrosslaw.com\/es\/wp-json\/wp\/v2\/types\/page"}],"author":[{"embeddable":true,"href":"https:\/\/www.chandlerrosslaw.com\/es\/wp-json\/wp\/v2\/users\/1"}],"replies":[{"embeddable":true,"href":"https:\/\/www.chandlerrosslaw.com\/es\/wp-json\/wp\/v2\/comments?post=14462"}],"version-history":[{"count":4,"href":"https:\/\/www.chandlerrosslaw.com\/es\/wp-json\/wp\/v2\/pages\/14462\/revisions"}],"predecessor-version":[{"id":19483,"href":"https:\/\/www.chandlerrosslaw.com\/es\/wp-json\/wp\/v2\/pages\/14462\/revisions\/19483"}],"wp:featuredmedia":[{"embeddable":true,"href":"https:\/\/www.chandlerrosslaw.com\/es\/wp-json\/wp\/v2\/media\/17533"}],"wp:attachment":[{"href":"https:\/\/www.chandlerrosslaw.com\/es\/wp-json\/wp\/v2\/media?parent=14462"}],"curies":[{"name":"wp","href":"https:\/\/api.w.org\/{rel}","templated":true}]}}