{"id":14437,"date":"2023-05-30T02:50:25","date_gmt":"2023-05-30T02:50:25","guid":{"rendered":"https:\/\/www.chandlerrosslaw.com\/?page_id=14437"},"modified":"2026-04-08T23:12:24","modified_gmt":"2026-04-08T23:12:24","slug":"lesion-catastrofica","status":"publish","type":"page","link":"https:\/\/www.chandlerrosslaw.com\/es\/catastrophic-injury\/","title":{"rendered":"Lesiones catastr\u00f3ficas"},"content":{"rendered":"<h1 class=\"wp-block-heading\">Denton Abogado de lesiones catastr\u00f3ficas<\/h1>\n\n\n\n<p>En <a href=\"https:\/\/www.chandlerrosslaw.com\/es\/\">Chandler Ross Abogados de lesiones<\/a>entendemos el impacto devastador que las lesiones catastr\u00f3ficas pueden tener en las personas y sus familias. Si usted o un ser querido ha sufrido una lesi\u00f3n catastr\u00f3fica debido a la negligencia o a las acciones il\u00edcitas de otra parte, nuestra <a href=\"https:\/\/www.chandlerrosslaw.com\/es\/danos-personales\/\">equipo experimentado de abogados especializados en lesiones personales<\/a> est\u00e1 aqu\u00ed para ayudarle. Con nuestros amplios conocimientos y experiencia en casos de lesiones catastr\u00f3ficas, nos dedicamos a luchar por los derechos de nuestros clientes y a ayudarles a obtener la indemnizaci\u00f3n que merecen.<\/p>\n\n\n\n<p><strong>\u00bfQu\u00e9 es una lesi\u00f3n catastr\u00f3fica?<\/strong><\/p>\n\n\n\n<p>Una lesi\u00f3n catastr\u00f3fica es una lesi\u00f3n grave y a menudo que altera la vida y provoca una discapacidad a largo plazo o permanente, mermando la capacidad de la v\u00edctima para realizar sus actividades cotidianas y afectando a su calidad de vida.  Las lesiones catastr\u00f3ficas pueden producirse en diversas situaciones en todo el estado de Texas, y las v\u00edctimas se enfrentan a importantes retos en su camino hacia la recuperaci\u00f3n. Si usted o un ser querido ha sufrido una lesi\u00f3n catastr\u00f3fica en Texas, Chandler Ross Injury Attorneys est\u00e1 aqu\u00ed para proporcionarle una representaci\u00f3n legal dedicada. Tenemos una amplia experiencia en la tramitaci\u00f3n de casos de lesiones catastr\u00f3ficas espec\u00edficas de Texas, y comprendemos las leyes y reglamentos \u00fanicos que rigen estos casos en el estado. Estas lesiones pueden producirse en diversas circunstancias, entre otras:<\/p>\n\n\n\n<ol class=\"wp-block-list\">\n<li><strong>Accidentes de tr\u00e1fico:<\/strong> Las colisiones a alta velocidad, los accidentes de camiones, los choques de motocicletas y otros tipos de accidentes en la carretera pueden provocar lesiones catastr\u00f3ficas como lesiones medulares, lesiones cerebrales traum\u00e1ticas, p\u00e9rdida de miembros y quemaduras graves.<\/li>\n\n\n\n<li><strong>Accidentes laborales:<\/strong> Los accidentes en obras de construcci\u00f3n, los percances industriales y otros incidentes en el lugar de trabajo pueden provocar lesiones catastr\u00f3ficas, como lesiones medulares, amputaciones, fracturas graves y lesiones cerebrales traum\u00e1ticas.<\/li>\n\n\n\n<li><strong><a href=\"https:\/\/www.chandlerrosslaw.com\/es\/negligencia-medica\/\">Negligencia m\u00e9dica<\/a>:<\/strong> Los errores quir\u00fargicos, los diagn\u00f3sticos err\u00f3neos, las lesiones en el parto y otras formas de negligencia m\u00e9dica pueden causar lesiones catastr\u00f3ficas que tienen consecuencias a largo plazo para la v\u00edctima y su familia.<\/li>\n\n\n\n<li><strong>Responsabilidad por productos defectuosos:<\/strong> Los productos defectuosos, incluida la maquinaria defectuosa, los f\u00e1rmacos peligrosos y los dispositivos m\u00e9dicos defectuosos, pueden causar lesiones catastr\u00f3ficas cuando funcionan mal o no funcionan seg\u00fan lo previsto.<\/li>\n\n\n\n<li><strong>Responsabilidad de los locales:<\/strong> Los resbalones y las ca\u00eddas, los accidentes en obras de construcci\u00f3n y otros incidentes que se producen en la propiedad de otra persona pueden provocar lesiones catastr\u00f3ficas como lesiones cerebrales traum\u00e1ticas, lesiones medulares y par\u00e1lisis.<\/li>\n<\/ol>\n\n\n\n<p><strong>\u00bfC\u00f3mo puede ayudar un abogado especializado en lesiones catastr\u00f3ficas?<\/strong><\/p>\n\n\n\n<p>Navegar por las complejidades legales de una reclamaci\u00f3n por lesiones catastr\u00f3ficas requiere la experiencia de un abogado experto en lesiones personales. Cuando elige a Chandler Ross Injury Attorneys para que le represente, puede esperar lo siguiente:<\/p>\n\n\n\n<ol class=\"wp-block-list\">\n<li><strong>Investigaci\u00f3n minuciosa:<\/strong> Nuestro equipo jur\u00eddico llevar\u00e1 a cabo una investigaci\u00f3n detallada de las circunstancias que rodearon su lesi\u00f3n catastr\u00f3fica, reuniendo pruebas, entrevistando a testigos y consultando con expertos cuando sea necesario. Este enfoque integral garantiza que no quede piedra sin remover en la construcci\u00f3n de un caso s\u00f3lido en su nombre.<\/li>\n\n\n\n<li><strong>Determinaci\u00f3n de la responsabilidad:<\/strong> Identificar a la parte o partes responsables es crucial en un caso de lesiones catastr\u00f3ficas. Analizaremos los hechos y las pruebas para determinar qui\u00e9n debe responder de sus lesiones. Puede tratarse de conductores negligentes, empresarios, fabricantes, profesionales m\u00e9dicos o propietarios.<\/li>\n\n\n\n<li><strong>Colaboraci\u00f3n pericial:<\/strong> En casos complejos de lesiones catastr\u00f3ficas, los testigos expertos pueden aportar valiosos conocimientos y testimonios. Trabajamos con una red de profesionales de confianza, incluidos peritos m\u00e9dicos, especialistas en reconstrucci\u00f3n de accidentes, expertos en rehabilitaci\u00f3n profesional y economistas, para reforzar su caso y demostrar el alcance total de sus da\u00f1os.<\/li>\n\n\n\n<li><strong>C\u00e1lculo de da\u00f1os y perjuicios:<\/strong> Las lesiones catastr\u00f3ficas suelen acarrear importantes da\u00f1os econ\u00f3micos y no econ\u00f3micos. Nuestros abogados evaluar\u00e1n meticulosamente el impacto financiero de su lesi\u00f3n, teniendo en cuenta los gastos m\u00e9dicos, la rehabilitaci\u00f3n en curso, los salarios perdidos, la disminuci\u00f3n de la capacidad de ganancia, el dolor y el sufrimiento, y otros factores relevantes. Esta evaluaci\u00f3n exhaustiva nos ayuda a buscar la m\u00e1xima indemnizaci\u00f3n en su nombre.<\/li>\n\n\n\n<li><strong>Negociaci\u00f3n agresiva o litigio:<\/strong> Entendemos que los casos de lesiones catastr\u00f3ficas pueden ser complejos, y las compa\u00f1\u00edas de seguros pueden intentar minimizar el valor de su reclamaci\u00f3n. Nuestros abogados son h\u00e1biles negociadores que defender\u00e1n ferozmente sus derechos durante las negociaciones del acuerdo. Si no se puede llegar a un acuerdo justo, estamos totalmente preparados para llevar su caso a juicio y luchar por sus intereses en la sala del tribunal.<\/li>\n<\/ol>\n\n\n\n<p><strong>\u00bfPor qu\u00e9 elegir a los abogados especializados en lesiones Chandler Ross?<\/strong><\/p>\n\n\n\n<p>Cuando usted se asocia con Chandler Ross Abogados de Lesiones, usted obtiene acceso a un equipo de abogados de lesiones personales altamente experimentados que se dedican a servir a los residentes de Denton, Texas. He aqu\u00ed por qu\u00e9 deber\u00eda elegirnos para llevar su caso de lesiones catastr\u00f3ficas:<\/p>\n\n\n\n<ul class=\"wp-block-list\">\n<li><strong>Amplia experiencia:<\/strong> Nuestro bufete tiene un historial probado de \u00e9xito en la tramitaci\u00f3n de casos de lesiones catastr\u00f3ficas. Hemos representado a numerosos clientes en Denton, Texas, y tenemos un profundo conocimiento del panorama jur\u00eddico local. Con a\u00f1os de experiencia en derecho de lesiones personales, poseemos los conocimientos y habilidades necesarios para navegar por complejos procedimientos legales y luchar por el mejor resultado posible para nuestros clientes.<\/li>\n\n\n\n<li><strong>Enfoque compasivo:<\/strong> Entendemos el peaje f\u00edsico, emocional y financiero que las lesiones catastr\u00f3ficas pueden tener en los individuos y sus familias. En Chandler Ross Abogados de Lesiones, adoptamos un enfoque compasivo y personalizado para cada caso. Damos prioridad a la comunicaci\u00f3n abierta, escuchamos activamente las necesidades de nuestros clientes y proporcionamos un apoyo inquebrantable durante todo el proceso legal.<\/li>\n\n\n\n<li><strong>Resultados probados:<\/strong> Nuestro bufete tiene un historial de conseguir acuerdos y veredictos sustanciales para nuestros clientes. Preparamos meticulosamente cada caso y aprovechamos nuestras habilidades de negociaci\u00f3n y litigaci\u00f3n para conseguir la m\u00e1xima indemnizaci\u00f3n disponible. Nuestro objetivo principal es ayudarle a recuperar los recursos financieros necesarios para cubrir los gastos m\u00e9dicos, los costes de rehabilitaci\u00f3n, los salarios perdidos y otros da\u00f1os derivados de su lesi\u00f3n catastr\u00f3fica.<\/li>\n\n\n\n<li><strong>Representaci\u00f3n centrada en el cliente:<\/strong> Creemos que lo primero son los intereses de nuestros clientes. Su bienestar y sus mejores intereses est\u00e1n al frente de cada decisi\u00f3n que tomamos. Nuestros abogados trabajar\u00e1n incansablemente para proteger sus derechos, proporcionarle una atenci\u00f3n personalizada y mantenerle informado sobre el progreso de su caso. Puede confiar en que le proporcionaremos una orientaci\u00f3n transparente y honesta a lo largo de todo el proceso legal.<\/li>\n\n\n\n<li><strong>Recursos exhaustivos:<\/strong> Nuestro bufete tiene acceso a una amplia gama de recursos necesarios para construir un caso s\u00f3lido de lesiones catastr\u00f3ficas. Desde la colaboraci\u00f3n con expertos m\u00e9dicos hasta la utilizaci\u00f3n de tecnolog\u00eda punta para la presentaci\u00f3n del caso, no dejamos piedra sin remover en nuestra b\u00fasqueda de justicia. Nuestro compromiso de mantenernos actualizados con las \u00faltimas estrategias legales y los avances de la industria nos permite ofrecer una representaci\u00f3n eficaz a nuestros clientes.<\/li>\n\n\n\n<li><strong>Estrategias jur\u00eddicas personalizadas:<\/strong> Cada caso de lesi\u00f3n catastr\u00f3fica es \u00fanico, y reconocemos la importancia de adaptar nuestro enfoque a sus circunstancias espec\u00edficas. Nuestros abogados llevar\u00e1n a cabo un an\u00e1lisis detallado de su caso, considerando todos los factores relevantes, y desarrollar\u00e1n una estrategia legal personalizada dise\u00f1ada para lograr el mejor resultado posible. No nos asusta pensar con originalidad y explorar soluciones innovadoras para reforzar su caso.<\/li>\n\n\n\n<li><strong>S\u00f3lida reputaci\u00f3n:<\/strong> Chandler Ross Injury Attorneys se ha ganado una s\u00f3lida reputaci\u00f3n dentro de la comunidad legal y entre nuestros clientes. Somos conocidos por nuestra profesionalidad, integridad y dedicaci\u00f3n para lograr justicia para nuestros clientes. La reputaci\u00f3n de nuestro bufete a menudo nos precede, lo que puede influir positivamente en el resultado de las negociaciones y los litigios.<\/li>\n<\/ul>\n\n\n\n<p><strong>P\u00f3ngase en contacto hoy mismo con los abogados especializados en lesiones Chandler Ross<\/strong><\/p>\n\n\n\n<p>Si usted o un ser querido ha sufrido una lesi\u00f3n catastr\u00f3fica en Denton, Texas, no espere a buscar representaci\u00f3n legal. Cuanto antes se ponga en contacto con nuestros abogados expertos en lesiones personales, mejor posicionado estar\u00e1 para proteger sus derechos y conseguir la indemnizaci\u00f3n que se merece. Ofrecemos una consulta inicial gratuita para discutir su caso, responder a sus preguntas y proporcionarle una comprensi\u00f3n clara de sus opciones legales. Recuerde que trabajamos con honorarios condicionales, lo que significa que usted no paga honorarios por adelantado y que nosotros s\u00f3lo cobramos si ganamos su caso.<\/p>\n\n\n\n<p>D\u00e9 el primer paso para obtener la justicia y la indemnizaci\u00f3n que se merece. P\u00f3ngase en contacto con Chandler Ross Abogados de Lesiones hoy mismo para programar su consulta.<\/p>\n\n\n\n<p>Con una oficina en Denton que presta servicios a los residentes de North Texas, Chandler | Ross, PLLC y nuestros abogados especializados en lesiones personales est\u00e1n perfectamente posicionados para ofrecer la representaci\u00f3n m\u00e1s eficaz y cualificada posible. Somos un bufete de abogados local, dedicado a brindar a cada uno de nuestros clientes la mejor representaci\u00f3n posible.   Si aceptamos su caso, es por una raz\u00f3n, y se lo demostraremos. No espere y no se conforme con menos. Cont\u00e1ctenos hoy mismo para una evaluaci\u00f3n gratuita de su caso. En la mayor\u00eda de los casos, usted no paga nada a menos que obtenga una indemnizaci\u00f3n.\u00a0\u00a0<a href=\"https:\/\/www.chandlerrosslaw.com\/es\/pongase-en-contacto-con\/\">P\u00f3ngase en contacto con nosotros<\/a>.\u00a0 (940) 800-2500<\/p>","protected":false},"excerpt":{"rendered":"<p>Denton Abogado de lesiones catastr\u00f3ficas En Chandler Ross Abogados de lesiones, entendemos el impacto devastador que las lesiones catastr\u00f3ficas pueden tener en las personas y sus familias. Si usted o un ser querido ha sufrido una lesi\u00f3n catastr\u00f3fica debido a la negligencia o a las acciones il\u00edcitas de otra parte, nuestro experimentado equipo de abogados de lesiones personales est\u00e1 aqu\u00ed para...<\/p>","protected":false},"author":1,"featured_media":17437,"parent":0,"menu_order":0,"comment_status":"closed","ping_status":"closed","template":"","meta":{"_acf_changed":false,"footnotes":""},"class_list":["post-14437","page","type-page","status-publish","has-post-thumbnail","hentry"],"acf":[],"_links":{"self":[{"href":"https:\/\/www.chandlerrosslaw.com\/es\/wp-json\/wp\/v2\/pages\/14437","targetHints":{"allow":["GET"]}}],"collection":[{"href":"https:\/\/www.chandlerrosslaw.com\/es\/wp-json\/wp\/v2\/pages"}],"about":[{"href":"https:\/\/www.chandlerrosslaw.com\/es\/wp-json\/wp\/v2\/types\/page"}],"author":[{"embeddable":true,"href":"https:\/\/www.chandlerrosslaw.com\/es\/wp-json\/wp\/v2\/users\/1"}],"replies":[{"embeddable":true,"href":"https:\/\/www.chandlerrosslaw.com\/es\/wp-json\/wp\/v2\/comments?post=14437"}],"version-history":[{"count":7,"href":"https:\/\/www.chandlerrosslaw.com\/es\/wp-json\/wp\/v2\/pages\/14437\/revisions"}],"predecessor-version":[{"id":19477,"href":"https:\/\/www.chandlerrosslaw.com\/es\/wp-json\/wp\/v2\/pages\/14437\/revisions\/19477"}],"wp:featuredmedia":[{"embeddable":true,"href":"https:\/\/www.chandlerrosslaw.com\/es\/wp-json\/wp\/v2\/media\/17437"}],"wp:attachment":[{"href":"https:\/\/www.chandlerrosslaw.com\/es\/wp-json\/wp\/v2\/media?parent=14437"}],"curies":[{"name":"wp","href":"https:\/\/api.w.org\/{rel}","templated":true}]}}